{"id":101,"date":"2025-04-24T10:37:45","date_gmt":"2025-04-24T02:37:45","guid":{"rendered":"https:\/\/baolongtaisteel.com\/?post_type=product&#038;p=101"},"modified":"2025-04-28T14:44:15","modified_gmt":"2025-04-28T06:44:15","slug":"bobina-de-cobre","status":"publish","type":"product","link":"https:\/\/baolongtaisteel.com\/es\/product\/bobina-de-cobre\/","title":{"rendered":"Bobina de cobre"},"content":{"rendered":"<h2>Tabla de detalles del producto:<\/h2>\n<table class=\"tg\" style=\"border-collapse: collapse; border-spacing: 0;\">\n<thead>\n<tr>\n<th style=\"background-color: #9b9b9b; color: #ffffff; font-family: Arial, sans-serif; font-size: 14px; font-weight: bold; overflow: hidden; padding: 10px 5px; text-align: center; vertical-align: middle; word-break: normal; border: 1px solid black;\"><span style=\"font-weight: 600;\">Art\u00edculo<\/span><\/th>\n<th style=\"background-color: #9b9b9b; color: #ffffff; font-family: Arial, sans-serif; font-size: 14px; font-weight: bold; overflow: hidden; padding: 10px 5px; text-align: left; vertical-align: middle; word-break: normal; border: 1px solid black;\"><span style=\"font-weight: 600;\">Detalles<\/span><\/th>\n<\/tr>\n<\/thead>\n<tbody>\n<tr>\n<td style=\"background-color: #fff; font-family: Arial, sans-serif; font-size: 14px; overflow: hidden; padding: 10px 5px; text-align: center; vertical-align: middle; word-break: normal; border: 1px solid black;\"><span style=\"font-weight: 400; color: var(--md-box-samantha-normal-text-color);\">Modelo NO.<\/span><\/td>\n<td style=\"background-color: #fff; font-family: Arial, sans-serif; font-size: 14px; overflow: hidden; padding: 10px 5px; text-align: left; vertical-align: middle; word-break: normal; border: 1px solid black;\"><span style=\"font-weight: 400; color: var(--md-box-samantha-normal-text-color);\">T1, T2, T3, TU1, TU2, C11000, C11100, C10200, C12200<\/span><\/td>\n<\/tr>\n<tr>\n<td style=\"background-color: #efefef; font-family: Arial, sans-serif; font-size: 14px; overflow: hidden; padding: 10px 5px; text-align: center; vertical-align: middle; word-break: normal; border: 1px solid black;\"><span style=\"font-weight: 400; color: var(--md-box-samantha-normal-text-color);\">Forma<\/span><\/td>\n<td style=\"background-color: #efefef; font-family: Arial, sans-serif; font-size: 14px; overflow: hidden; padding: 10px 5px; text-align: left; vertical-align: middle; word-break: normal; border: 1px solid black;\"><span style=\"font-weight: 400; color: var(--md-box-samantha-normal-text-color);\">Bobina<\/span><\/td>\n<\/tr>\n<tr>\n<td style=\"background-color: #fff; font-family: Arial, sans-serif; font-size: 14px; overflow: hidden; padding: 10px 5px; text-align: center; vertical-align: middle; word-break: normal; border: 1px solid black;\"><span style=\"font-weight: 400; color: var(--md-box-samantha-normal-text-color);\">Tratamiento de superficies<\/span><\/td>\n<td style=\"background-color: #fff; font-family: Arial, sans-serif; font-size: 14px; overflow: hidden; padding: 10px 5px; text-align: left; vertical-align: middle; word-break: normal; border: 1px solid black;\"><span style=\"font-weight: 400; color: var(--md-box-samantha-normal-text-color);\">Tratamiento de oxidaci\u00f3n<\/span><\/td>\n<\/tr>\n<tr>\n<td style=\"background-color: #efefef; font-family: Arial, sans-serif; font-size: 14px; overflow: hidden; padding: 10px 5px; text-align: center; vertical-align: middle; word-break: normal; border: 1px solid black;\"><span style=\"font-weight: 400; color: var(--md-box-samantha-normal-text-color);\">Nombre<\/span><\/td>\n<td style=\"background-color: #efefef; font-family: Arial, sans-serif; font-size: 14px; overflow: hidden; padding: 10px 5px; text-align: left; vertical-align: middle; word-break: normal; border: 1px solid black;\"><span style=\"font-weight: 400; color: var(--md-box-samantha-normal-text-color);\">L\u00e1mina\/placa\/bobina de cobre<\/span><\/td>\n<\/tr>\n<tr>\n<td style=\"background-color: #fff; font-family: Arial, sans-serif; font-size: 14px; overflow: hidden; padding: 10px 5px; text-align: center; vertical-align: middle; word-break: normal; border: 1px solid black;\"><span style=\"font-weight: 400; color: var(--md-box-samantha-normal-text-color);\">Cobre puro<\/span><\/td>\n<td style=\"background-color: #fff; font-family: Arial, sans-serif; font-size: 14px; overflow: hidden; padding: 10px 5px; text-align: left; vertical-align: middle; word-break: normal; border: 1px solid black;\"><span style=\"font-weight: 400; color: var(--md-box-samantha-normal-text-color);\">T1, T2, T3, C11000, C11100, C11300, C11400, C11500, C1100<\/span><\/td>\n<\/tr>\n<tr>\n<td style=\"background-color: #efefef; font-family: Arial, sans-serif; font-size: 14px; overflow: hidden; padding: 10px 5px; text-align: center; vertical-align: middle; word-break: normal; border: 1px solid black;\"><span style=\"font-weight: 400; color: var(--md-box-samantha-normal-text-color);\">Cobre libre de ox\u00edgeno<\/span><\/td>\n<td style=\"background-color: #efefef; font-family: Arial, sans-serif; font-size: 14px; overflow: hidden; padding: 10px 5px; text-align: left; vertical-align: middle; word-break: normal; border: 1px solid black;\"><span style=\"font-weight: 400; color: var(--md-box-samantha-normal-text-color);\">Tu1, Tu2, C10200, C1020<\/span><\/td>\n<\/tr>\n<tr>\n<td style=\"background-color: #fff; font-family: Arial, sans-serif; font-size: 14px; overflow: hidden; padding: 10px 5px; text-align: center; vertical-align: middle; word-break: normal; border: 1px solid black;\"><span style=\"font-weight: 400; color: var(--md-box-samantha-normal-text-color);\">Lat\u00f3n<\/span><\/td>\n<td style=\"background-color: #fff; font-family: Arial, sans-serif; font-size: 14px; overflow: hidden; padding: 10px 5px; text-align: left; vertical-align: middle; word-break: normal; border: 1px solid black;\"><span style=\"font-weight: 400; color: var(--md-box-samantha-normal-text-color);\">C21000, C22000, C23000, C24000, C26000, C26000, C27000 (La informaci\u00f3n despu\u00e9s de C aqu\u00ed est\u00e1 incompleta)<\/span><\/td>\n<\/tr>\n<tr>\n<td style=\"background-color: #efefef; font-family: Arial, sans-serif; font-size: 14px; overflow: hidden; padding: 10px 5px; text-align: center; vertical-align: middle; word-break: normal; border: 1px solid black;\"><span style=\"font-weight: 400; color: var(--md-box-samantha-normal-text-color);\">Espesor<\/span><\/td>\n<td style=\"background-color: #efefef; font-family: Arial, sans-serif; font-size: 14px; overflow: hidden; padding: 10px 5px; text-align: left; vertical-align: middle; word-break: normal; border: 1px solid black;\"><span style=\"font-weight: 400; color: var(--md-box-samantha-normal-text-color);\">Laminado en fr\u00edo: 0,2 mm \u2013 15 mm. Laminado en caliente: 4 mm \u2013 50 mm. Personalizable.<\/span><\/td>\n<\/tr>\n<tr>\n<td style=\"background-color: #fff; font-family: Arial, sans-serif; font-size: 14px; overflow: hidden; padding: 10px 5px; text-align: center; vertical-align: middle; word-break: normal; border: 1px solid black;\"><span style=\"font-weight: 400; color: var(--md-box-samantha-normal-text-color);\">Ancho<\/span><\/td>\n<td style=\"background-color: #fff; font-family: Arial, sans-serif; font-size: 14px; overflow: hidden; padding: 10px 5px; text-align: left; vertical-align: middle; word-break: normal; border: 1px solid black;\"><span style=\"font-weight: 400; color: var(--md-box-samantha-normal-text-color);\">10 \u2013 2500 mm, personalizable.<\/span><\/td>\n<\/tr>\n<tr>\n<td style=\"background-color: #efefef; font-family: Arial, sans-serif; font-size: 14px; overflow: hidden; padding: 10px 5px; text-align: center; vertical-align: middle; word-break: normal; border: 1px solid black;\"><span style=\"font-weight: 400; color: var(--md-box-samantha-normal-text-color);\">Longitud<\/span><\/td>\n<td style=\"background-color: #efefef; font-family: Arial, sans-serif; font-size: 14px; overflow: hidden; padding: 10px 5px; text-align: left; vertical-align: middle; word-break: normal; border: 1px solid black;\"><span style=\"font-weight: 400; color: var(--md-box-samantha-normal-text-color);\">1000 \u2013 6000 mm, personalizable.<\/span><\/td>\n<\/tr>\n<tr>\n<td style=\"background-color: #fff; font-family: Arial, sans-serif; font-size: 14px; overflow: hidden; padding: 10px 5px; text-align: center; vertical-align: middle; word-break: normal; border: 1px solid black;\"><span style=\"font-weight: 400; color: var(--md-box-samantha-normal-text-color);\">M\u00e9todo de fabricaci\u00f3n<\/span><\/td>\n<td style=\"background-color: #fff; font-family: Arial, sans-serif; font-size: 14px; overflow: hidden; padding: 10px 5px; text-align: left; vertical-align: middle; word-break: normal; border: 1px solid black;\"><span style=\"font-weight: 400; color: var(--md-box-samantha-normal-text-color);\">Laminado en fr\u00edo, laminado en caliente<\/span><\/td>\n<\/tr>\n<tr>\n<td style=\"background-color: #efefef; font-family: Arial, sans-serif; font-size: 14px; overflow: hidden; padding: 10px 5px; text-align: center; vertical-align: middle; word-break: normal; border: 1px solid black;\"><span style=\"font-weight: 400; color: var(--md-box-samantha-normal-text-color);\">Superficie<\/span><\/td>\n<td style=\"background-color: #efefef; font-family: Arial, sans-serif; font-size: 14px; overflow: hidden; padding: 10px 5px; text-align: left; vertical-align: middle; word-break: normal; border: 1px solid black;\"><span style=\"font-weight: 400; color: var(--md-box-samantha-normal-text-color);\">Pulido brillante<\/span><\/td>\n<\/tr>\n<tr>\n<td style=\"background-color: #fff; font-family: Arial, sans-serif; font-size: 14px; overflow: hidden; padding: 10px 5px; text-align: center; vertical-align: middle; word-break: normal; border: 1px solid black;\"><span style=\"font-weight: 400; color: var(--md-box-samantha-normal-text-color);\">Servicio de procesamiento<\/span><\/td>\n<td style=\"background-color: #fff; font-family: Arial, sans-serif; font-size: 14px; overflow: hidden; padding: 10px 5px; text-align: left; vertical-align: middle; word-break: normal; border: 1px solid black;\"><span style=\"font-weight: 400; color: var(--md-box-samantha-normal-text-color);\">Doblado, soldadura, desbobinado, corte, punzonado<\/span><\/td>\n<\/tr>\n<tr>\n<td style=\"background-color: #efefef; font-family: Arial, sans-serif; font-size: 14px; overflow: hidden; padding: 10px 5px; text-align: center; vertical-align: middle; word-break: normal; border: 1px solid black;\"><span style=\"font-weight: 400; color: var(--md-box-samantha-normal-text-color);\">El tiempo de entrega<\/span><\/td>\n<td style=\"background-color: #efefef; font-family: Arial, sans-serif; font-size: 14px; overflow: hidden; padding: 10px 5px; text-align: left; vertical-align: middle; word-break: normal; border: 1px solid black;\"><span style=\"font-weight: 400; color: var(--md-box-samantha-normal-text-color);\">En stock: 1 \u2013 3 d\u00edas, Fuera de stock: 10 \u2013 15 d\u00edas<\/span><\/td>\n<\/tr>\n<tr>\n<td style=\"background-color: #fff; font-family: Arial, sans-serif; font-size: 14px; overflow: hidden; padding: 10px 5px; text-align: center; vertical-align: middle; word-break: normal; border: 1px solid black;\"><span style=\"font-weight: 400; color: var(--md-box-samantha-normal-text-color);\">Muestra gratis<\/span><\/td>\n<td style=\"background-color: #fff; font-family: Arial, sans-serif; font-size: 14px; overflow: hidden; padding: 10px 5px; text-align: left; vertical-align: middle; word-break: normal; border: 1px solid black;\"><span style=\"font-weight: 400; color: var(--md-box-samantha-normal-text-color);\">Disponible<\/span><\/td>\n<\/tr>\n<tr>\n<td style=\"background-color: #efefef; font-family: Arial, sans-serif; font-size: 14px; overflow: hidden; padding: 10px 5px; text-align: center; vertical-align: middle; word-break: normal; border: 1px solid black;\"><span style=\"font-weight: 400; color: var(--md-box-samantha-normal-text-color);\">Tipo<\/span><\/td>\n<td style=\"background-color: #efefef; font-family: Arial, sans-serif; font-size: 14px; overflow: hidden; padding: 10px 5px; text-align: left; vertical-align: middle; word-break: normal; border: 1px solid black;\"><span style=\"font-weight: 400; color: var(--md-box-samantha-normal-text-color);\">Tiras de cobre<\/span><\/td>\n<\/tr>\n<tr>\n<td style=\"background-color: #fff; font-family: Arial, sans-serif; font-size: 14px; overflow: hidden; padding: 10px 5px; text-align: center; vertical-align: middle; word-break: normal; border: 1px solid black;\"><span style=\"font-weight: 400; color: var(--md-box-samantha-normal-text-color);\">Solicitud<\/span><\/td>\n<td style=\"background-color: #fff; font-family: Arial, sans-serif; font-size: 14px; overflow: hidden; padding: 10px 5px; text-align: left; vertical-align: middle; word-break: normal; border: 1px solid black;\"><span style=\"font-weight: 400; color: var(--md-box-samantha-normal-text-color);\">Calentador de agua, aire acondicionado o relacionado con el petr\u00f3leo (El original \u201cCalentador de agua, aire acondicionado o relacionado con el petr\u00f3leo C\u201d tiene informaci\u00f3n incompleta)<\/span><\/td>\n<\/tr>\n<tr>\n<td style=\"background-color: #efefef; font-family: Arial, sans-serif; font-size: 14px; overflow: hidden; padding: 10px 5px; text-align: center; vertical-align: middle; word-break: normal; border: 1px solid black;\"><span style=\"font-weight: 400; color: var(--md-box-samantha-normal-text-color);\">Paquete de transporte<\/span><\/td>\n<td style=\"background-color: #efefef; font-family: Arial, sans-serif; font-size: 14px; overflow: hidden; padding: 10px 5px; text-align: left; vertical-align: middle; word-break: normal; border: 1px solid black;\"><span style=\"font-weight: 400; color: var(--md-box-samantha-normal-text-color);\">Embalaje mar\u00edtimo con pal\u00e9 de madera<\/span><\/td>\n<\/tr>\n<tr>\n<td style=\"background-color: #fff; font-family: Arial, sans-serif; font-size: 14px; overflow: hidden; padding: 10px 5px; text-align: center; vertical-align: middle; word-break: normal; border: 1px solid black;\"><span style=\"font-weight: 400; color: var(--md-box-samantha-normal-text-color);\">Especificaci\u00f3n<\/span><\/td>\n<td style=\"background-color: #fff; font-family: Arial, sans-serif; font-size: 14px; overflow: hidden; padding: 10px 5px; text-align: left; vertical-align: middle; word-break: normal; border: 1px solid black;\"><span style=\"font-weight: 400; color: var(--md-box-samantha-normal-text-color);\">10 \u2013 1500 mm, personalizable.<\/span><\/td>\n<\/tr>\n<tr>\n<td style=\"background-color: #efefef; font-family: Arial, sans-serif; font-size: 14px; overflow: hidden; padding: 10px 5px; text-align: center; vertical-align: middle; word-break: normal; border: 1px solid black;\"><span style=\"font-weight: 400; color: var(--md-box-samantha-normal-text-color);\">Origen<\/span><\/td>\n<td style=\"background-color: #efefef; font-family: Arial, sans-serif; font-size: 14px; overflow: hidden; padding: 10px 5px; text-align: left; vertical-align: middle; word-break: normal; border: 1px solid black;\"><span style=\"font-weight: 400; color: var(--md-box-samantha-normal-text-color);\">Porcelana<\/span><\/td>\n<\/tr>\n<tr>\n<td style=\"background-color: #fff; font-family: Arial, sans-serif; font-size: 14px; overflow: hidden; padding: 10px 5px; text-align: center; vertical-align: middle; word-break: normal; border: 1px solid black;\"><span style=\"font-weight: 400; color: var(--md-box-samantha-normal-text-color);\">Capacidad de producci\u00f3n<\/span><\/td>\n<td style=\"background-color: #fff; font-family: Arial, sans-serif; font-size: 14px; overflow: hidden; padding: 10px 5px; text-align: left; vertical-align: middle; word-break: normal; border: 1px solid black;\"><span style=\"font-weight: 400; color: var(--md-box-samantha-normal-text-color);\">1000 toneladas\/mes<\/span><\/td>\n<\/tr>\n<\/tbody>\n<\/table>\n<h2><strong>Propiedades f\u00edsicas y qu\u00edmicas:<\/strong><\/h2>\n<h3><strong>Propiedades f\u00edsicas<\/strong><\/h3>\n<h4><strong data-spm-anchor-id=\"a2ty_o01.29997173.0.i44.1a70c921yaavsG\">Apariencia:<\/strong><\/h4>\n<p>Las bobinas de cobre suelen presentar un color met\u00e1lico marr\u00f3n rojizo con una superficie lisa y brillante. Se pueden lograr diferentes efectos superficiales mediante diversos tratamientos, como pulido, lacado u oxidaci\u00f3n para crear un acabado antiguo.<\/p>\n<p><strong>Densidad:<\/strong><\/p>\n<p>La densidad del cobre es de aproximadamente 8,96 g\/cm\u00b3, significativamente mayor que la del acero inoxidable. Esta alta densidad contribuye a su excelente relaci\u00f3n peso-resistencia.<\/p>\n<p><strong>Punto de fusi\u00f3n:<\/strong><\/p>\n<p>El punto de fusi\u00f3n del cobre es relativamente alto, alrededor de 1083 \u00b0C. Esto le permite mantener la estabilidad en entornos de alta temperatura, haci\u00e9ndolo adecuado para aplicaciones que implican exposici\u00f3n al calor.<\/p>\n<p><strong>Coeficiente de expansi\u00f3n t\u00e9rmica:<\/strong><\/p>\n<p>El cobre tiene un coeficiente de expansi\u00f3n t\u00e9rmica moderado, de aproximadamente 16,5 \u00d7 10\u207b\u2076\/\u2103 a temperatura ambiente. Esta propiedad garantiza cambios dimensionales m\u00ednimos al exponerse a temperaturas variables, lo que proporciona una buena estabilidad estructural.<\/p>\n<p><strong>Conductividad t\u00e9rmica:<\/strong><\/p>\n<p>El cobre presenta una excelente conductividad t\u00e9rmica, con un coeficiente de aproximadamente 401 W\/(m\u00b7K). Esto lo convierte en uno de los mejores conductores de calor entre los metales, ideal para intercambiadores de calor, sistemas de refrigeraci\u00f3n y otras aplicaciones t\u00e9rmicas.<\/p>\n<p><strong>Conductividad el\u00e9ctrica:<\/strong><\/p>\n<p>El cobre es reconocido por su excelente conductividad el\u00e9ctrica, de aproximadamente 5,96 \u00d7 10\u2077 S\/m, superada solo por la plata. Esta propiedad lo hace indispensable en cableado el\u00e9ctrico, transformadores y otros componentes electr\u00f3nicos.<\/p>\n<h3><strong>Propiedades qu\u00edmicas<\/strong><\/h3>\n<p><strong>Resistencia a la corrosi\u00f3n:<\/strong><\/p>\n<p>El cobre posee una buena resistencia a la corrosi\u00f3n gracias a la formaci\u00f3n de una capa protectora de \u00f3xido en su superficie. Esta capa previene la oxidaci\u00f3n y degradaci\u00f3n, permiti\u00e9ndole soportar la exposici\u00f3n a las condiciones atmosf\u00e9ricas, al agua y a ciertos productos qu\u00edmicos. Sin embargo, en ambientes altamente \u00e1cidos o con amoniaco, su resistencia a la corrosi\u00f3n puede verse comprometida.<\/p>\n<p><strong>Antioxidaci\u00f3n:<\/strong><\/p>\n<p>El cobre forma una capa de \u00f3xido estable (\u00f3xido c\u00faprico u \u00f3xido cuproso) al exponerse al aire, lo que protege al metal subyacente de una mayor oxidaci\u00f3n. Esta propiedad garantiza su longevidad incluso en exteriores o en ambientes de alta temperatura.<\/p>\n<p><strong>Estabilidad qu\u00edmica:<\/strong><\/p>\n<p>En general, el cobre presenta una alta estabilidad qu\u00edmica y no reacciona f\u00e1cilmente con sustancias qu\u00edmicas comunes. Sin embargo, puede corroerse en presencia de \u00e1cidos fuertes (p. ej., \u00e1cido sulf\u00farico) o \u00e1lcalis, as\u00ed como en entornos con amon\u00edaco o iones cloruro.<\/p>\n<p><strong>Pasivaci\u00f3n:<\/strong><\/p>\n<p>A diferencia del acero inoxidable, el cobre no requiere tratamientos de pasivaci\u00f3n. Su capa de \u00f3xido natural proporciona suficiente protecci\u00f3n contra la corrosi\u00f3n. En aplicaciones espec\u00edficas, se pueden aplicar recubrimientos o lacas adicionales para aumentar su durabilidad.<\/p>\n<h2><strong>Solicitud:<\/strong><\/h2>\n<p data-spm-anchor-id=\"a2ty_o01.29997173.0.i43.1a70c921yaavsG\">Las bobinas de cobre se utilizan ampliamente en diversas industrias debido a su excepcional conductividad t\u00e9rmica y el\u00e9ctrica, resistencia a la corrosi\u00f3n y conformabilidad. En la industria el\u00e9ctrica, se emplean para fabricar cables, transformadores y motores, garantizando una transmisi\u00f3n eficiente de energ\u00eda. En sistemas de climatizaci\u00f3n (HVAC), las bobinas de cobre se emplean en intercambiadores de calor, condensadores y evaporadores debido a su excelente rendimiento t\u00e9rmico. En la construcci\u00f3n, se utilizan para fontaner\u00eda, techado y elementos decorativos, combinando funcionalidad y est\u00e9tica. Adem\u00e1s, en las industrias automotriz y electr\u00f3nica, las bobinas de cobre son parte integral de componentes como radiadores, electroimanes y circuitos impresos, adapt\u00e1ndose a la perfecci\u00f3n a requisitos de ingenier\u00eda complejos.<\/p>","protected":false},"excerpt":{"rendered":"<h4 class=\"elementor-heading-title elementor-size-default\" style=\"text-align: center; padding-bottom: 30px;\">Bobina de cobre<\/h4>\n<div>La bobina de cobre es un material met\u00e1lico en forma de espiral o disco, hecho de cobre de alta pureza, con excelente conductividad el\u00e9ctrica y t\u00e9rmica, y resistencia a la corrosi\u00f3n. Su superficie suele ser de color marr\u00f3n rojizo, lisa y brillante, y puede tratarse con diferentes procesos para lograr una variedad de apariencias. Se utiliza ampliamente en los sectores de la electricidad, la refrigeraci\u00f3n, la climatizaci\u00f3n (HVAC), la construcci\u00f3n y la automoci\u00f3n, como en cableado, intercambiadores de calor, condensadores y sistemas de tuber\u00edas. Con buena ductilidad, estabilidad y propiedades antioxidantes, la bobina de cobre ofrece un excelente rendimiento en entornos de alta temperatura o humedad, y es un material indispensable e importante en los sectores industrial y civil.<\/div>\n<div>\n<hr class=\"dongte456custom-line\" \/>\n<\/div>\n<div style=\"padding-bottom: 5px;\">Categor\u00eda: Bobina de cobre<\/div>\n<div>Palabra clave: Bobina de cobre<\/div>\n<div>\n<hr \/>\n<\/div>\n<p><img decoding=\"async\" class=\"alignnone wp-image-257\" src=\"https:\/\/baolongtaisteel.com\/wp-content\/uploads\/2025\/04\/\u7535\u8bdd\u56fe\u6807.jpg\" alt=\"\" width=\"48\" height=\"50\" \/>\u00a0 WhatsApp:<a href=\"https:\/\/api.whatsapp.com\/send?phone=8613963585512\" target=\"_blank\" rel=\"noopener\">\u00a0+8613963585512 <\/a><\/p>\n<div>\n<hr \/>\n<\/div>\n<p><img decoding=\"async\" class=\"alignnone wp-image-258\" src=\"https:\/\/baolongtaisteel.com\/wp-content\/uploads\/2025\/04\/\u90ae\u7bb1\u56fe\u6807.jpg\" alt=\"\" width=\"48\" height=\"55\" \/>\u00a0\u00a0Correo electr\u00f3nico : <a href=\"rachel@sdxhjmetal.com\" target=\"_blank\" rel=\"noopener\">\u00a0rachel@sdxhjmetal.com<\/a><\/p>\n<div>\n<hr \/>\n<\/div>\n<h3><\/h3>\n<div class=\"productaddbutton-container\">\n<div class=\"productaddbutton-wrapper\"><a class=\"productaddbutton\" href=\"https:\/\/baolongtaisteel.com\/index.php\/product\/\">Lista de productos<\/a><\/div>\n<div class=\"productaddbutton-wrapper\"><a class=\"productaddbutton\" href=\"#formSectiondongte\">Cont\u00e1ctanos<\/a><\/div>\n<\/div>\n<div><\/div>","protected":false},"featured_media":520,"comment_status":"open","ping_status":"closed","template":"","meta":[],"product_brand":[],"product_cat":[20],"product_tag":[],"class_list":{"0":"post-101","1":"product","2":"type-product","3":"status-publish","4":"has-post-thumbnail","6":"product_cat-copper","8":"first","9":"instock","10":"shipping-taxable","11":"product-type-simple"},"_links":{"self":[{"href":"https:\/\/baolongtaisteel.com\/es\/wp-json\/wp\/v2\/product\/101","targetHints":{"allow":["GET"]}}],"collection":[{"href":"https:\/\/baolongtaisteel.com\/es\/wp-json\/wp\/v2\/product"}],"about":[{"href":"https:\/\/baolongtaisteel.com\/es\/wp-json\/wp\/v2\/types\/product"}],"replies":[{"embeddable":true,"href":"https:\/\/baolongtaisteel.com\/es\/wp-json\/wp\/v2\/comments?post=101"}],"wp:featuredmedia":[{"embeddable":true,"href":"https:\/\/baolongtaisteel.com\/es\/wp-json\/wp\/v2\/media\/520"}],"wp:attachment":[{"href":"https:\/\/baolongtaisteel.com\/es\/wp-json\/wp\/v2\/media?parent=101"}],"wp:term":[{"taxonomy":"product_brand","embeddable":true,"href":"https:\/\/baolongtaisteel.com\/es\/wp-json\/wp\/v2\/product_brand?post=101"},{"taxonomy":"product_cat","embeddable":true,"href":"https:\/\/baolongtaisteel.com\/es\/wp-json\/wp\/v2\/product_cat?post=101"},{"taxonomy":"product_tag","embeddable":true,"href":"https:\/\/baolongtaisteel.com\/es\/wp-json\/wp\/v2\/product_tag?post=101"}],"curies":[{"name":"wp","href":"https:\/\/api.w.org\/{rel}","templated":true}]}}