{"id":108,"date":"2025-04-25T11:23:20","date_gmt":"2025-04-25T03:23:20","guid":{"rendered":"https:\/\/baolongtaisteel.com\/?post_type=product&#038;p=108"},"modified":"2025-04-25T11:23:20","modified_gmt":"2025-04-25T03:23:20","slug":"placa-de-acero-inoxidable-304","status":"publish","type":"product","link":"https:\/\/baolongtaisteel.com\/es\/product\/placa-de-acero-inoxidable-304\/","title":{"rendered":"placa de acero inoxidable 304"},"content":{"rendered":"<h2>Tabla de detalles del producto:<\/h2>\n<table class=\"tg\" style=\"border-collapse: collapse; border-spacing: 0;\">\n<thead>\n<tr>\n<th style=\"background-color: #9b9b9b; color: #ffffff; font-family: Arial, sans-serif; font-size: 14px; font-weight: bold; overflow: hidden; padding: 10px 5px; text-align: center; vertical-align: middle; word-break: normal; border: 1px solid black;\"><span style=\"font-weight: 600;\">Art\u00edculo<\/span><\/th>\n<th style=\"background-color: #9b9b9b; color: #ffffff; font-family: Arial, sans-serif; font-size: 14px; font-weight: bold; overflow: hidden; padding: 10px 5px; text-align: left; vertical-align: middle; word-break: normal; border: 1px solid black;\"><span style=\"font-weight: 600;\">Detalles<\/span><\/th>\n<\/tr>\n<\/thead>\n<tbody>\n<tr>\n<td style=\"background-color: #fff; font-family: Arial, sans-serif; font-size: 14px; overflow: hidden; padding: 10px 5px; text-align: center; vertical-align: middle; word-break: normal; border: 1px solid black;\"><span style=\"font-weight: 400; color: var(--md-box-samantha-normal-text-color);\">Nombre del producto<\/span><\/td>\n<td style=\"background-color: #fff; font-family: Arial, sans-serif; font-size: 14px; overflow: hidden; padding: 10px 5px; text-align: left; vertical-align: middle; word-break: normal; border: 1px solid black;\"><span style=\"font-weight: 400; color: var(--md-box-samantha-normal-text-color);\">Chapa de acero inoxidable 304<\/span><\/td>\n<\/tr>\n<tr>\n<td style=\"background-color: #efefef; font-family: Arial, sans-serif; font-size: 14px; overflow: hidden; padding: 10px 5px; text-align: center; vertical-align: middle; word-break: normal; border: 1px solid black;\"><span style=\"font-weight: 400; color: var(--md-box-samantha-normal-text-color);\">Longitud<\/span><\/td>\n<td style=\"background-color: #efefef; font-family: Arial, sans-serif; font-size: 14px; overflow: hidden; padding: 10px 5px; text-align: left; vertical-align: middle; word-break: normal; border: 1px solid black;\"><span style=\"font-weight: 400; color: var(--md-box-samantha-normal-text-color);\">Seg\u00fan sea necesario<\/span><\/td>\n<\/tr>\n<tr>\n<td style=\"background-color: #fff; font-family: Arial, sans-serif; font-size: 14px; overflow: hidden; padding: 10px 5px; text-align: center; vertical-align: middle; word-break: normal; border: 1px solid black;\"><span style=\"font-weight: 400; color: var(--md-box-samantha-normal-text-color);\">Ancho<\/span><\/td>\n<td style=\"background-color: #fff; font-family: Arial, sans-serif; font-size: 14px; overflow: hidden; padding: 10px 5px; text-align: left; vertical-align: middle; word-break: normal; border: 1px solid black;\"><span style=\"font-weight: 400; color: var(--md-box-samantha-normal-text-color);\">3 mm \u2013 2500 mm o seg\u00fan sea necesario<\/span><\/td>\n<\/tr>\n<tr>\n<td style=\"background-color: #efefef; font-family: Arial, sans-serif; font-size: 14px; overflow: hidden; padding: 10px 5px; text-align: center; vertical-align: middle; word-break: normal; border: 1px solid black;\"><span style=\"font-weight: 400; color: var(--md-box-samantha-normal-text-color);\">Espesor<\/span><\/td>\n<td style=\"background-color: #efefef; font-family: Arial, sans-serif; font-size: 14px; overflow: hidden; padding: 10px 5px; text-align: left; vertical-align: middle; word-break: normal; border: 1px solid black;\"><span style=\"font-weight: 400; color: var(--md-box-samantha-normal-text-color);\">0,3 mm \u2013 300 mm o seg\u00fan sea necesario<\/span><\/td>\n<\/tr>\n<tr>\n<td style=\"background-color: #fff; font-family: Arial, sans-serif; font-size: 14px; overflow: hidden; padding: 10px 5px; text-align: center; vertical-align: middle; word-break: normal; border: 1px solid black;\"><span style=\"font-weight: 400; color: var(--md-box-samantha-normal-text-color);\">Est\u00e1ndar<\/span><\/td>\n<td style=\"background-color: #fff; font-family: Arial, sans-serif; font-size: 14px; overflow: hidden; padding: 10px 5px; text-align: left; vertical-align: middle; word-break: normal; border: 1px solid black;\"><span style=\"font-weight: 400; color: var(--md-box-samantha-normal-text-color);\">AISI, ASTM, DIN, JIS, GB, JIS, SUS, EN, etc.<\/span><\/td>\n<\/tr>\n<tr>\n<td style=\"background-color: #efefef; font-family: Arial, sans-serif; font-size: 14px; overflow: hidden; padding: 10px 5px; text-align: center; vertical-align: middle; word-break: normal; border: 1px solid black;\"><span style=\"font-weight: 400; color: var(--md-box-samantha-normal-text-color);\">T\u00e9cnica<\/span><\/td>\n<td style=\"background-color: #efefef; font-family: Arial, sans-serif; font-size: 14px; overflow: hidden; padding: 10px 5px; text-align: left; vertical-align: middle; word-break: normal; border: 1px solid black;\"><span style=\"font-weight: 400; color: var(--md-box-samantha-normal-text-color);\">Laminado en caliente<\/span><\/td>\n<\/tr>\n<tr>\n<td style=\"background-color: #fff; font-family: Arial, sans-serif; font-size: 14px; overflow: hidden; padding: 10px 5px; text-align: center; vertical-align: middle; word-break: normal; border: 1px solid black;\"><span style=\"font-weight: 400; color: var(--md-box-samantha-normal-text-color);\">Superficie<\/span><\/td>\n<td style=\"background-color: #fff; font-family: Arial, sans-serif; font-size: 14px; overflow: hidden; padding: 10px 5px; text-align: left; vertical-align: middle; word-break: normal; border: 1px solid black;\"><span style=\"font-weight: 400; color: var(--md-box-samantha-normal-text-color);\">N.\u00b0 1 o seg\u00fan el requisito del cliente<\/span><\/td>\n<\/tr>\n<tr>\n<td style=\"background-color: #efefef; font-family: Arial, sans-serif; font-size: 14px; overflow: hidden; padding: 10px 5px; text-align: center; vertical-align: middle; word-break: normal; border: 1px solid black;\"><span style=\"font-weight: 400; color: var(--md-box-samantha-normal-text-color);\">Material<\/span><\/td>\n<td style=\"background-color: #efefef; font-family: Arial, sans-serif; font-size: 14px; overflow: hidden; padding: 10px 5px; text-align: left; vertical-align: middle; word-break: normal; border: 1px solid black;\"><span style=\"font-weight: 400; color: var(--md-box-samantha-normal-text-color);\">201, 202, 301, 302, 303, 304, 304L, 304H, 310S, 316, 316L, 317L, 321, 310S, 309S, 410, 410S, 420, 430, 431, 440A, 904L<\/span><\/td>\n<\/tr>\n<tr>\n<td style=\"background-color: #fff; font-family: Arial, sans-serif; font-size: 14px; overflow: hidden; padding: 10px 5px; text-align: center; vertical-align: middle; word-break: normal; border: 1px solid black;\"><span style=\"font-weight: 400; color: var(--md-box-samantha-normal-text-color);\">Solicitud<\/span><\/td>\n<td style=\"background-color: #fff; font-family: Arial, sans-serif; font-size: 14px; overflow: hidden; padding: 10px 5px; text-align: left; vertical-align: middle; word-break: normal; border: 1px solid black;\"><span style=\"font-weight: 400; color: var(--md-box-samantha-normal-text-color);\">Se utiliza ampliamente en aplicaciones de alta temperatura, dispositivos m\u00e9dicos, materiales de construcci\u00f3n, qu\u00edmica, industria alimentaria, agricultura y componentes navales. Tambi\u00e9n se aplica a envases de alimentos y bebidas, utensilios de cocina, trenes, aeronaves, cintas transportadoras, veh\u00edculos, pernos, tuercas, resortes y pantallas.<\/span><\/td>\n<\/tr>\n<tr>\n<td style=\"background-color: #efefef; font-family: Arial, sans-serif; font-size: 14px; overflow: hidden; padding: 10px 5px; text-align: center; vertical-align: middle; word-break: normal; border: 1px solid black;\"><span style=\"font-weight: 400; color: var(--md-box-samantha-normal-text-color);\">Cantidad m\u00ednima de pedido<\/span><\/td>\n<td style=\"background-color: #efefef; font-family: Arial, sans-serif; font-size: 14px; overflow: hidden; padding: 10px 5px; text-align: left; vertical-align: middle; word-break: normal; border: 1px solid black;\"><span style=\"font-weight: 400; color: var(--md-box-samantha-normal-text-color);\">1 tonelada. Se aceptan pedidos de muestra.<\/span><\/td>\n<\/tr>\n<tr>\n<td style=\"background-color: #fff; font-family: Arial, sans-serif; font-size: 14px; overflow: hidden; padding: 10px 5px; text-align: center; vertical-align: middle; word-break: normal; border: 1px solid black;\"><span style=\"font-weight: 400; color: var(--md-box-samantha-normal-text-color);\">Embalaje de exportaci\u00f3n<\/span><\/td>\n<td style=\"background-color: #fff; font-family: Arial, sans-serif; font-size: 14px; overflow: hidden; padding: 10px 5px; text-align: left; vertical-align: middle; word-break: normal; border: 1px solid black;\"><span style=\"font-weight: 400; color: var(--md-box-samantha-normal-text-color);\">Embalado con papel impermeable y flejes de acero. Embalaje est\u00e1ndar para exportaci\u00f3n mar\u00edtima. Apto para todo tipo de transporte o seg\u00fan las necesidades.<\/span><\/td>\n<\/tr>\n<tr>\n<td style=\"background-color: #efefef; font-family: Arial, sans-serif; font-size: 14px; overflow: hidden; padding: 10px 5px; text-align: center; vertical-align: middle; word-break: normal; border: 1px solid black;\"><span style=\"font-weight: 400; color: var(--md-box-samantha-normal-text-color);\">Embalaje<\/span><\/td>\n<td style=\"background-color: #efefef; font-family: Arial, sans-serif; font-size: 14px; overflow: hidden; padding: 10px 5px; text-align: left; vertical-align: middle; word-break: normal; border: 1px solid black;\"><span style=\"font-weight: 400; color: var(--md-box-samantha-normal-text-color);\">Embalaje de exportaci\u00f3n est\u00e1ndar para l\u00e1minas de acero inoxidable:<\/span><br \/>\n<span style=\"font-weight: 400; color: var(--md-box-samantha-normal-text-color);\">1. Pulido de superficies<\/span><br \/>\n<span style=\"font-weight: 400; color: var(--md-box-samantha-normal-text-color);\">2. Paquete combinado<\/span><br \/>\n<span style=\"font-weight: 400; color: var(--md-box-samantha-normal-text-color);\">3. Caja de madera, paquete de paleta de madera<\/span><br \/>\n<span style=\"font-weight: 400; color: var(--md-box-samantha-normal-text-color);\">4. Contenedor o granel<\/span><br \/>\n<span style=\"font-weight: 400; color: var(--md-box-samantha-normal-text-color);\">5. Embalaje especial seg\u00fan solicitud del cliente.<\/span><\/td>\n<\/tr>\n<\/tbody>\n<\/table>\n<p><img fetchpriority=\"high\" decoding=\"async\" class=\"alignnone size-full wp-image-154\" src=\"https:\/\/baolongtaisteel.com\/wp-content\/uploads\/2025\/04\/\u4e0d\u9508\u94a2\u677f-5_\u55e8\u683c\u5f0f\u538b\u7f29\u526f\u672c_\u7ed3\u679c-1.webp\" alt=\"\" width=\"1920\" height=\"1200\" srcset=\"https:\/\/baolongtaisteel.com\/wp-content\/uploads\/2025\/04\/\u4e0d\u9508\u94a2\u677f-5_\u55e8\u683c\u5f0f\u538b\u7f29\u526f\u672c_\u7ed3\u679c-1.webp 1920w, https:\/\/baolongtaisteel.com\/wp-content\/uploads\/2025\/04\/\u4e0d\u9508\u94a2\u677f-5_\u55e8\u683c\u5f0f\u538b\u7f29\u526f\u672c_\u7ed3\u679c-1-600x375.webp 600w, https:\/\/baolongtaisteel.com\/wp-content\/uploads\/2025\/04\/\u4e0d\u9508\u94a2\u677f-5_\u55e8\u683c\u5f0f\u538b\u7f29\u526f\u672c_\u7ed3\u679c-1-300x188.webp 300w, https:\/\/baolongtaisteel.com\/wp-content\/uploads\/2025\/04\/\u4e0d\u9508\u94a2\u677f-5_\u55e8\u683c\u5f0f\u538b\u7f29\u526f\u672c_\u7ed3\u679c-1-1024x640.webp 1024w, https:\/\/baolongtaisteel.com\/wp-content\/uploads\/2025\/04\/\u4e0d\u9508\u94a2\u677f-5_\u55e8\u683c\u5f0f\u538b\u7f29\u526f\u672c_\u7ed3\u679c-1-768x480.webp 768w, https:\/\/baolongtaisteel.com\/wp-content\/uploads\/2025\/04\/\u4e0d\u9508\u94a2\u677f-5_\u55e8\u683c\u5f0f\u538b\u7f29\u526f\u672c_\u7ed3\u679c-1-1536x960.webp 1536w\" sizes=\"(max-width: 1920px) 100vw, 1920px\" \/><\/p>\n<h2><strong data-spm-anchor-id=\"a2ty_o01.29997173.0.i81.1a70c921yaavsG\">Propiedades f\u00edsicas y qu\u00edmicas:<\/strong><\/h2>\n<h3><strong>Propiedades f\u00edsicas<\/strong><\/h3>\n<h4><strong>Apariencia:<\/strong><\/h4>\n<p>Suele presentar un color blanco plateado met\u00e1lico, con una superficie lisa y un alto brillo. Se pueden obtener diferentes efectos superficiales mediante distintos tratamientos, como el pulido espejo, el cepillado, etc. Las placas de acero inoxidable 304 se utilizan a menudo en aplicaciones donde se valora su est\u00e9tica y resistencia a la corrosi\u00f3n.<\/p>\n<p><strong>Densidad:<\/strong><\/p>\n<p>La densidad suele ser de unos 7,93 g\/cm\u00b3. Por ejemplo, la densidad de la placa de acero inoxidable 304 es de aproximadamente 7,93 g\/cm\u00b3, ligeramente superior a la del acero al carbono com\u00fan.<\/p>\n<p><strong>Punto de fusi\u00f3n:<\/strong><\/p>\n<p>Su punto de fusi\u00f3n es relativamente alto, generalmente entre 1400 y 1450 \u00b0C. Esto le confiere una buena estabilidad en entornos de alta temperatura.<\/p>\n<p><strong>Coeficiente de expansi\u00f3n t\u00e9rmica:<\/strong><\/p>\n<p>El coeficiente de expansi\u00f3n t\u00e9rmica es relativamente bajo. En el rango de temperatura ambiente a 100 \u00b0C, el coeficiente de expansi\u00f3n t\u00e9rmica del acero inoxidable 304 es de aproximadamente 17,2 \u00d7 10\u207b\u2076\/\u2103. Esta caracter\u00edstica le permite mantener una buena estabilidad dimensional en entornos con grandes cambios de temperatura.<\/p>\n<p><strong>Conductividad t\u00e9rmica:<\/strong><\/p>\n<p>La conductividad t\u00e9rmica es pobre y su coeficiente de conductividad t\u00e9rmica es de aproximadamente 16 \u2013 27 W\/(m\u30fbK), que es mucho m\u00e1s bajo que el del cobre, el aluminio y otros metales, por lo que tiene cierto rendimiento de aislamiento t\u00e9rmico.<\/p>\n<p><strong>Conductividad el\u00e9ctrica:<\/strong><\/p>\n<p>Tiene cierta conductividad el\u00e9ctrica, pero es relativamente baja. La conductividad del acero inoxidable 304 es de aproximadamente 1,4 \u00d7 10\u2076 S\/m, que equivale tan solo a un 41 TP3T de la conductividad del cobre.<\/p>\n<h3><strong><img decoding=\"async\" class=\"alignnone size-full wp-image-155\" src=\"https:\/\/baolongtaisteel.com\/wp-content\/uploads\/2025\/04\/\u4e0d\u9508\u94a2\u677f-6_\u55e8\u683c\u5f0f\u538b\u7f29\u526f\u672c_\u7ed3\u679c-1.webp\" alt=\"\" width=\"1920\" height=\"1200\" srcset=\"https:\/\/baolongtaisteel.com\/wp-content\/uploads\/2025\/04\/\u4e0d\u9508\u94a2\u677f-6_\u55e8\u683c\u5f0f\u538b\u7f29\u526f\u672c_\u7ed3\u679c-1.webp 1920w, https:\/\/baolongtaisteel.com\/wp-content\/uploads\/2025\/04\/\u4e0d\u9508\u94a2\u677f-6_\u55e8\u683c\u5f0f\u538b\u7f29\u526f\u672c_\u7ed3\u679c-1-600x375.webp 600w, https:\/\/baolongtaisteel.com\/wp-content\/uploads\/2025\/04\/\u4e0d\u9508\u94a2\u677f-6_\u55e8\u683c\u5f0f\u538b\u7f29\u526f\u672c_\u7ed3\u679c-1-300x188.webp 300w, https:\/\/baolongtaisteel.com\/wp-content\/uploads\/2025\/04\/\u4e0d\u9508\u94a2\u677f-6_\u55e8\u683c\u5f0f\u538b\u7f29\u526f\u672c_\u7ed3\u679c-1-1024x640.webp 1024w, https:\/\/baolongtaisteel.com\/wp-content\/uploads\/2025\/04\/\u4e0d\u9508\u94a2\u677f-6_\u55e8\u683c\u5f0f\u538b\u7f29\u526f\u672c_\u7ed3\u679c-1-768x480.webp 768w, https:\/\/baolongtaisteel.com\/wp-content\/uploads\/2025\/04\/\u4e0d\u9508\u94a2\u677f-6_\u55e8\u683c\u5f0f\u538b\u7f29\u526f\u672c_\u7ed3\u679c-1-1536x960.webp 1536w\" sizes=\"(max-width: 1920px) 100vw, 1920px\" \/>Propiedades qu\u00edmicas<\/strong><\/h3>\n<p><strong>Resistencia a la corrosi\u00f3n:<\/strong><\/p>\n<p>Esta es una de las propiedades qu\u00edmicas m\u00e1s importantes de las placas de acero inoxidable 304. Gracias a la formaci\u00f3n de una densa pel\u00edcula de pasivaci\u00f3n en su superficie, esta pel\u00edcula impide el contacto del ox\u00edgeno, el agua, etc., con la matriz met\u00e1lica, previniendo as\u00ed eficazmente la corrosi\u00f3n. Por ejemplo, el acero inoxidable 304 presenta una buena resistencia a la corrosi\u00f3n en entornos como la atm\u00f3sfera, el agua, \u00e1cidos y \u00e1lcalis d\u00e9biles. Se utiliza ampliamente en diversos entornos que requieren resistencia a la oxidaci\u00f3n y a la exposici\u00f3n a sustancias qu\u00edmicas.<\/p>\n<p><strong>Antioxidaci\u00f3n:<\/strong><\/p>\n<p>Las placas de acero inoxidable 304 ofrecen buena resistencia a la oxidaci\u00f3n tanto a temperatura ambiente como a temperaturas superiores. Por ejemplo, soportan altas temperaturas en entornos de alta temperatura sin oxidarse f\u00e1cilmente y pueden utilizarse en aplicaciones como intercambiadores de calor y componentes de hornos.<\/p>\n<p><strong>Estabilidad qu\u00edmica:<\/strong><\/p>\n<p>En medios qu\u00edmicos generales, las placas de acero inoxidable 304 presentan una alta estabilidad qu\u00edmica y no reaccionan f\u00e1cilmente con sustancias qu\u00edmicas comunes. Sin embargo, en ciertos medios altamente corrosivos, como el \u00e1cido n\u00edtrico concentrado, el \u00e1cido fluorh\u00eddrico, etc., la resistencia a la corrosi\u00f3n de las placas de acero inoxidable 304 puede verse afectada.<\/p>\n<p><strong>Pasivaci\u00f3n:<\/strong><\/p>\n<p>Tras la exposici\u00f3n al aire o tras el tratamiento de pasivaci\u00f3n de la placa de acero inoxidable 304, se forma una pel\u00edcula de pasivaci\u00f3n en la superficie. Esta pel\u00edcula puede mejorar la resistencia a la corrosi\u00f3n y a la oxidaci\u00f3n del acero inoxidable. El tratamiento de pasivaci\u00f3n suele consistir en sumergir la placa de acero inoxidable en una soluci\u00f3n que contiene un oxidante, como \u00e1cido n\u00edtrico, dicromato de potasio, etc., para promover la formaci\u00f3n y reparaci\u00f3n de la pel\u00edcula de pasivaci\u00f3n.<\/p>\n<h2><strong><img decoding=\"async\" class=\"alignnone size-full wp-image-156\" src=\"https:\/\/baolongtaisteel.com\/wp-content\/uploads\/2025\/04\/\u4e0d\u9508\u94a2\u677f-7_\u55e8\u683c\u5f0f\u538b\u7f29\u526f\u672c_\u7ed3\u679c-1.webp\" alt=\"\" width=\"1920\" height=\"1200\" srcset=\"https:\/\/baolongtaisteel.com\/wp-content\/uploads\/2025\/04\/\u4e0d\u9508\u94a2\u677f-7_\u55e8\u683c\u5f0f\u538b\u7f29\u526f\u672c_\u7ed3\u679c-1.webp 1920w, https:\/\/baolongtaisteel.com\/wp-content\/uploads\/2025\/04\/\u4e0d\u9508\u94a2\u677f-7_\u55e8\u683c\u5f0f\u538b\u7f29\u526f\u672c_\u7ed3\u679c-1-600x375.webp 600w, https:\/\/baolongtaisteel.com\/wp-content\/uploads\/2025\/04\/\u4e0d\u9508\u94a2\u677f-7_\u55e8\u683c\u5f0f\u538b\u7f29\u526f\u672c_\u7ed3\u679c-1-300x188.webp 300w, https:\/\/baolongtaisteel.com\/wp-content\/uploads\/2025\/04\/\u4e0d\u9508\u94a2\u677f-7_\u55e8\u683c\u5f0f\u538b\u7f29\u526f\u672c_\u7ed3\u679c-1-1024x640.webp 1024w, https:\/\/baolongtaisteel.com\/wp-content\/uploads\/2025\/04\/\u4e0d\u9508\u94a2\u677f-7_\u55e8\u683c\u5f0f\u538b\u7f29\u526f\u672c_\u7ed3\u679c-1-768x480.webp 768w, https:\/\/baolongtaisteel.com\/wp-content\/uploads\/2025\/04\/\u4e0d\u9508\u94a2\u677f-7_\u55e8\u683c\u5f0f\u538b\u7f29\u526f\u672c_\u7ed3\u679c-1-1536x960.webp 1536w\" sizes=\"(max-width: 1920px) 100vw, 1920px\" \/>Solicitud:<\/strong><\/h2>\n<p data-spm-anchor-id=\"a2ty_o01.29997173.0.i80.1a70c921yaavsG\">Las placas de acero inoxidable 304 se utilizan ampliamente en diversos campos gracias a su excelente resistencia a la corrosi\u00f3n, alta resistencia y buen rendimiento de procesamiento. En el sector de dispositivos m\u00e9dicos, se emplean para la fabricaci\u00f3n de instrumental quir\u00fargico, implantes, etc., y su esterilidad y biocompatibilidad garantizan la seguridad. En la industria de la decoraci\u00f3n de edificios, se emplean a menudo para encimeras, paneles de pared, pasamanos y esculturas art\u00edsticas, combinando belleza y durabilidad. En la fabricaci\u00f3n mec\u00e1nica, se pueden procesar en componentes clave como piezas de maquinaria y soportes estructurales para garantizar el funcionamiento estable de los equipos. En la industria alimentaria, las placas de acero inoxidable 304 se utilizan para construir maquinaria, contenedores y superficies de trabajo que cumplen con estrictos est\u00e1ndares de higiene. Adem\u00e1s, en los sectores de equipos qu\u00edmicos, electrodom\u00e9sticos, etc., las placas de acero inoxidable 304 tambi\u00e9n son indispensables. Se utilizan para la fabricaci\u00f3n de reactores, tanques de almacenamiento, carcasas de equipos electr\u00f3nicos, etc., y se adaptan a entornos de trabajo complejos.<\/p>","protected":false},"excerpt":{"rendered":"<h4 class=\"elementor-heading-title elementor-size-default\" style=\"text-align: center; padding-bottom: 30px;\">placa de acero inoxidable 304<\/h4>\n<div>La placa de acero inoxidable 304 es un acero inoxidable austen\u00edtico ampliamente utilizado con excelente resistencia a la corrosi\u00f3n y a altas temperaturas, y f\u00e1cil procesamiento. Su densidad es de aproximadamente 7,93 g\/cm\u00b3, su superficie es lisa y brillante, y se pueden lograr diversos efectos decorativos mediante pulido, trefilado y otros procesos. La placa de acero inoxidable 304 se comporta bien en la atm\u00f3sfera, el agua y entornos \u00e1cidos y alcalinos d\u00e9biles. Es adecuada para la decoraci\u00f3n arquitect\u00f3nica, equipos m\u00e9dicos, equipos de procesamiento de alimentos y la industria qu\u00edmica. Cumple con altos est\u00e1ndares de higiene y resistencia a la corrosi\u00f3n, y posee caracter\u00edsticas est\u00e9ticas y duraderas. Es un material ideal para los sectores industrial y civil.<\/div>\n<div>\n<hr class=\"dongte456custom-line\" \/>\n<\/div>\n<div style=\"padding-bottom: 5px;\">Categor\u00eda: Placa de acero inoxidable 304<\/div>\n<div>Palabra clave: placa de acero inoxidable 304<\/div>\n<div>\n<hr \/>\n<\/div>\n<p><img loading=\"lazy\" decoding=\"async\" class=\"alignnone wp-image-257\" src=\"https:\/\/baolongtaisteel.com\/wp-content\/uploads\/2025\/04\/\u7535\u8bdd\u56fe\u6807.jpg\" alt=\"\" width=\"48\" height=\"50\" \/>\u00a0 WhatsApp:<a href=\"https:\/\/api.whatsapp.com\/send?phone=8613963585512\" target=\"_blank\" rel=\"noopener\">\u00a0+8613963585512 <\/a><\/p>\n<div>\n<hr \/>\n<\/div>\n<p><img loading=\"lazy\" decoding=\"async\" class=\"alignnone wp-image-258\" src=\"https:\/\/baolongtaisteel.com\/wp-content\/uploads\/2025\/04\/\u90ae\u7bb1\u56fe\u6807.jpg\" alt=\"\" width=\"48\" height=\"55\" \/>\u00a0\u00a0Correo electr\u00f3nico : <a href=\"rachel@sdxhjmetal.com\" target=\"_blank\" rel=\"noopener\">\u00a0rachel@sdxhjmetal.com<\/a><\/p>\n<div>\n<hr \/>\n<\/div>\n<h3><\/h3>\n<div class=\"productaddbutton-container\">\n<div class=\"productaddbutton-wrapper\"><a class=\"productaddbutton\" href=\"https:\/\/baolongtaisteel.com\/index.php\/product\/\">Lista de productos<\/a><\/div>\n<div class=\"productaddbutton-wrapper\"><a class=\"productaddbutton\" href=\"#formSectiondongte\">Cont\u00e1ctanos<\/a><\/div>\n<\/div>\n<div><\/div>","protected":false},"featured_media":165,"comment_status":"open","ping_status":"closed","template":"","meta":[],"product_brand":[],"product_cat":[16],"product_tag":[],"class_list":{"0":"post-108","1":"product","2":"type-product","3":"status-publish","4":"has-post-thumbnail","6":"product_cat-stainless-steel","8":"first","9":"instock","10":"shipping-taxable","11":"product-type-simple"},"_links":{"self":[{"href":"https:\/\/baolongtaisteel.com\/es\/wp-json\/wp\/v2\/product\/108","targetHints":{"allow":["GET"]}}],"collection":[{"href":"https:\/\/baolongtaisteel.com\/es\/wp-json\/wp\/v2\/product"}],"about":[{"href":"https:\/\/baolongtaisteel.com\/es\/wp-json\/wp\/v2\/types\/product"}],"replies":[{"embeddable":true,"href":"https:\/\/baolongtaisteel.com\/es\/wp-json\/wp\/v2\/comments?post=108"}],"wp:featuredmedia":[{"embeddable":true,"href":"https:\/\/baolongtaisteel.com\/es\/wp-json\/wp\/v2\/media\/165"}],"wp:attachment":[{"href":"https:\/\/baolongtaisteel.com\/es\/wp-json\/wp\/v2\/media?parent=108"}],"wp:term":[{"taxonomy":"product_brand","embeddable":true,"href":"https:\/\/baolongtaisteel.com\/es\/wp-json\/wp\/v2\/product_brand?post=108"},{"taxonomy":"product_cat","embeddable":true,"href":"https:\/\/baolongtaisteel.com\/es\/wp-json\/wp\/v2\/product_cat?post=108"},{"taxonomy":"product_tag","embeddable":true,"href":"https:\/\/baolongtaisteel.com\/es\/wp-json\/wp\/v2\/product_tag?post=108"}],"curies":[{"name":"wp","href":"https:\/\/api.w.org\/{rel}","templated":true}]}}