{"id":112,"date":"2025-04-25T11:51:46","date_gmt":"2025-04-25T03:51:46","guid":{"rendered":"https:\/\/baolongtaisteel.com\/?post_type=product&#038;p=112"},"modified":"2025-04-25T13:33:50","modified_gmt":"2025-04-25T05:33:50","slug":"bobina-de-acero-inoxidable-304","status":"publish","type":"product","link":"https:\/\/baolongtaisteel.com\/es\/product\/bobina-de-acero-inoxidable-304\/","title":{"rendered":"Bobina de acero inoxidable 304"},"content":{"rendered":"<h2>Tabla de detalles del producto:<\/h2>\n<table class=\"tg\" style=\"border-collapse: collapse; border-spacing: 0;\">\n<thead>\n<tr>\n<th style=\"background-color: #9b9b9b; color: #ffffff; font-family: Arial, sans-serif; font-size: 14px; font-weight: bold; overflow: hidden; padding: 10px 5px; text-align: center; vertical-align: middle; word-break: normal; border: 1px solid black;\"><span style=\"font-weight: 600;\">Art\u00edculo<\/span><\/th>\n<th style=\"background-color: #9b9b9b; color: #ffffff; font-family: Arial, sans-serif; font-size: 14px; font-weight: bold; overflow: hidden; padding: 10px 5px; text-align: left; vertical-align: middle; word-break: normal; border: 1px solid black;\"><span style=\"font-weight: 600;\">Detalles<\/span><\/th>\n<\/tr>\n<\/thead>\n<tbody>\n<tr>\n<td style=\"background-color: #fff; font-family: Arial, sans-serif; font-size: 14px; overflow: hidden; padding: 10px 5px; text-align: center; vertical-align: middle; word-break: normal; border: 1px solid black;\"><span style=\"font-weight: 400; color: var(--md-box-samantha-normal-text-color);\">Modelo NO.<\/span><\/td>\n<td style=\"background-color: #fff; font-family: Arial, sans-serif; font-size: 14px; overflow: hidden; padding: 10px 5px; text-align: left; vertical-align: middle; word-break: normal; border: 1px solid black;\"><span style=\"font-weight: 400; color: var(--md-box-samantha-normal-text-color);\">201, 304, 316, 321, 309S, 310S, 430<\/span><\/td>\n<\/tr>\n<tr>\n<td style=\"background-color: #efefef; font-family: Arial, sans-serif; font-size: 14px; overflow: hidden; padding: 10px 5px; text-align: center; vertical-align: middle; word-break: normal; border: 1px solid black;\"><span style=\"font-weight: 400; color: var(--md-box-samantha-normal-text-color);\">Calificaci\u00f3n<\/span><\/td>\n<td style=\"background-color: #efefef; font-family: Arial, sans-serif; font-size: 14px; overflow: hidden; padding: 10px 5px; text-align: left; vertical-align: middle; word-break: normal; border: 1px solid black;\"><span style=\"font-weight: 400; color: var(--md-box-samantha-normal-text-color);\">Serie 300<\/span><\/td>\n<\/tr>\n<tr>\n<td style=\"background-color: #fff; font-family: Arial, sans-serif; font-size: 14px; overflow: hidden; padding: 10px 5px; text-align: center; vertical-align: middle; word-break: normal; border: 1px solid black;\"><span style=\"font-weight: 400; color: var(--md-box-samantha-normal-text-color);\">Proceso de dar un t\u00edtulo<\/span><\/td>\n<td style=\"background-color: #fff; font-family: Arial, sans-serif; font-size: 14px; overflow: hidden; padding: 10px 5px; text-align: left; vertical-align: middle; word-break: normal; border: 1px solid black;\"><span style=\"font-weight: 400; color: var(--md-box-samantha-normal-text-color);\">ISO, RoHS, IBR, AISI, ASTM, GB, EN, DIN, JIS<\/span><\/td>\n<\/tr>\n<tr>\n<td style=\"background-color: #efefef; font-family: Arial, sans-serif; font-size: 14px; overflow: hidden; padding: 10px 5px; text-align: center; vertical-align: middle; word-break: normal; border: 1px solid black;\"><span style=\"font-weight: 400; color: var(--md-box-samantha-normal-text-color);\">Forma<\/span><\/td>\n<td style=\"background-color: #efefef; font-family: Arial, sans-serif; font-size: 14px; overflow: hidden; padding: 10px 5px; text-align: left; vertical-align: middle; word-break: normal; border: 1px solid black;\"><span style=\"font-weight: 400; color: var(--md-box-samantha-normal-text-color);\">Departamento<\/span><\/td>\n<\/tr>\n<tr>\n<td style=\"background-color: #fff; font-family: Arial, sans-serif; font-size: 14px; overflow: hidden; padding: 10px 5px; text-align: center; vertical-align: middle; word-break: normal; border: 1px solid black;\"><span style=\"font-weight: 400; color: var(--md-box-samantha-normal-text-color);\">T\u00e9cnica<\/span><\/td>\n<td style=\"background-color: #fff; font-family: Arial, sans-serif; font-size: 14px; overflow: hidden; padding: 10px 5px; text-align: left; vertical-align: middle; word-break: normal; border: 1px solid black;\"><span style=\"font-weight: 400; color: var(--md-box-samantha-normal-text-color);\">Laminado en fr\u00edo<\/span><\/td>\n<\/tr>\n<tr>\n<td style=\"background-color: #efefef; font-family: Arial, sans-serif; font-size: 14px; overflow: hidden; padding: 10px 5px; text-align: center; vertical-align: middle; word-break: normal; border: 1px solid black;\"><span style=\"font-weight: 400; color: var(--md-box-samantha-normal-text-color);\">Nombre del producto<\/span><\/td>\n<td style=\"background-color: #efefef; font-family: Arial, sans-serif; font-size: 14px; overflow: hidden; padding: 10px 5px; text-align: left; vertical-align: middle; word-break: normal; border: 1px solid black;\"><span style=\"font-weight: 400; color: var(--md-box-samantha-normal-text-color);\">Bobina de acero inoxidable<\/span><\/td>\n<\/tr>\n<tr>\n<td style=\"background-color: #fff; font-family: Arial, sans-serif; font-size: 14px; overflow: hidden; padding: 10px 5px; text-align: center; vertical-align: middle; word-break: normal; border: 1px solid black;\"><span style=\"font-weight: 400; color: var(--md-box-samantha-normal-text-color);\">Superficie<\/span><\/td>\n<td style=\"background-color: #fff; font-family: Arial, sans-serif; font-size: 14px; overflow: hidden; padding: 10px 5px; text-align: left; vertical-align: middle; word-break: normal; border: 1px solid black;\"><span style=\"font-weight: 400; color: var(--md-box-samantha-normal-text-color);\">N.\u00b0 1, Ba, 2B, N.\u00b0 4, Hl, Sb, Repujado<\/span><\/td>\n<\/tr>\n<tr>\n<td style=\"background-color: #efefef; font-family: Arial, sans-serif; font-size: 14px; overflow: hidden; padding: 10px 5px; text-align: center; vertical-align: middle; word-break: normal; border: 1px solid black;\"><span style=\"font-weight: 400; color: var(--md-box-samantha-normal-text-color);\">Embalaje de exportaci\u00f3n<\/span><\/td>\n<td style=\"background-color: #efefef; font-family: Arial, sans-serif; font-size: 14px; overflow: hidden; padding: 10px 5px; text-align: left; vertical-align: middle; word-break: normal; border: 1px solid black;\"><span style=\"font-weight: 400; color: var(--md-box-samantha-normal-text-color);\">Embalaje est\u00e1ndar apto para el mar<\/span><\/td>\n<\/tr>\n<tr>\n<td style=\"background-color: #fff; font-family: Arial, sans-serif; font-size: 14px; overflow: hidden; padding: 10px 5px; text-align: center; vertical-align: middle; word-break: normal; border: 1px solid black;\"><span style=\"font-weight: 400; color: var(--md-box-samantha-normal-text-color);\">Especificaciones personalizadas<\/span><\/td>\n<td style=\"background-color: #fff; font-family: Arial, sans-serif; font-size: 14px; overflow: hidden; padding: 10px 5px; text-align: left; vertical-align: middle; word-break: normal; border: 1px solid black;\"><span style=\"font-weight: 400; color: var(--md-box-samantha-normal-text-color);\">Seg\u00fan los requisitos del cliente<\/span><\/td>\n<\/tr>\n<tr>\n<td style=\"background-color: #efefef; font-family: Arial, sans-serif; font-size: 14px; overflow: hidden; padding: 10px 5px; text-align: center; vertical-align: middle; word-break: normal; border: 1px solid black;\"><span style=\"font-weight: 400; color: var(--md-box-samantha-normal-text-color);\">Muestra<\/span><\/td>\n<td style=\"background-color: #efefef; font-family: Arial, sans-serif; font-size: 14px; overflow: hidden; padding: 10px 5px; text-align: left; vertical-align: middle; word-break: normal; border: 1px solid black;\"><span style=\"font-weight: 400; color: var(--md-box-samantha-normal-text-color);\">Disponible<\/span><\/td>\n<\/tr>\n<tr>\n<td style=\"background-color: #fff; font-family: Arial, sans-serif; font-size: 14px; overflow: hidden; padding: 10px 5px; text-align: center; vertical-align: middle; word-break: normal; border: 1px solid black;\"><span style=\"font-weight: 400; color: var(--md-box-samantha-normal-text-color);\">El tiempo de entrega<\/span><\/td>\n<td style=\"background-color: #fff; font-family: Arial, sans-serif; font-size: 14px; overflow: hidden; padding: 10px 5px; text-align: left; vertical-align: middle; word-break: normal; border: 1px solid black;\"><span style=\"font-weight: 400; color: var(--md-box-samantha-normal-text-color);\">7-15 d\u00edas<\/span><\/td>\n<\/tr>\n<tr>\n<td style=\"background-color: #efefef; font-family: Arial, sans-serif; font-size: 14px; overflow: hidden; padding: 10px 5px; text-align: center; vertical-align: middle; word-break: normal; border: 1px solid black;\"><span style=\"font-weight: 400; color: var(--md-box-samantha-normal-text-color);\">Embalaje de transporte<\/span><\/td>\n<td style=\"background-color: #efefef; font-family: Arial, sans-serif; font-size: 14px; overflow: hidden; padding: 10px 5px; text-align: left; vertical-align: middle; word-break: normal; border: 1px solid black;\"><span style=\"font-weight: 400; color: var(--md-box-samantha-normal-text-color);\">Embalaje est\u00e1ndar apto para el mar<\/span><\/td>\n<\/tr>\n<tr>\n<td style=\"background-color: #fff; font-family: Arial, sans-serif; font-size: 14px; overflow: hidden; padding: 10px 5px; text-align: center; vertical-align: middle; word-break: normal; border: 1px solid black;\"><span style=\"font-weight: 400; color: var(--md-box-samantha-normal-text-color);\">Especificaci\u00f3n<\/span><\/td>\n<td style=\"background-color: #fff; font-family: Arial, sans-serif; font-size: 14px; overflow: hidden; padding: 10px 5px; text-align: left; vertical-align: middle; word-break: normal; border: 1px solid black;\"><span style=\"font-weight: 400; color: var(--md-box-samantha-normal-text-color);\">Personalizado<\/span><\/td>\n<\/tr>\n<tr>\n<td style=\"background-color: #efefef; font-family: Arial, sans-serif; font-size: 14px; overflow: hidden; padding: 10px 5px; text-align: center; vertical-align: middle; word-break: normal; border: 1px solid black;\"><span style=\"font-weight: 400; color: var(--md-box-samantha-normal-text-color);\">Origen<\/span><\/td>\n<td style=\"background-color: #efefef; font-family: Arial, sans-serif; font-size: 14px; overflow: hidden; padding: 10px 5px; text-align: left; vertical-align: middle; word-break: normal; border: 1px solid black;\"><span style=\"font-weight: 400; color: var(--md-box-samantha-normal-text-color);\">Porcelana<\/span><\/td>\n<\/tr>\n<tr>\n<td style=\"background-color: #fff; font-family: Arial, sans-serif; font-size: 14px; overflow: hidden; padding: 10px 5px; text-align: center; vertical-align: middle; word-break: normal; border: 1px solid black;\"><span style=\"font-weight: 400; color: var(--md-box-samantha-normal-text-color);\">Capacidad de producci\u00f3n<\/span><\/td>\n<td style=\"background-color: #fff; font-family: Arial, sans-serif; font-size: 14px; overflow: hidden; padding: 10px 5px; text-align: left; vertical-align: middle; word-break: normal; border: 1px solid black;\"><span style=\"font-weight: 400; color: var(--md-box-samantha-normal-text-color);\">100000 toneladas por mes<\/span><\/td>\n<\/tr>\n<\/tbody>\n<\/table>\n<p>&nbsp;<\/p>\n<h2><strong>\u00a0\u00a0<img fetchpriority=\"high\" decoding=\"async\" class=\"alignnone size-full wp-image-212\" src=\"https:\/\/baolongtaisteel.com\/wp-content\/uploads\/2025\/04\/542bc58cfa39cb28e94e0004ed5bd45d_\u55e8\u683c\u5f0f\u538b\u7f29\u526f\u672c_\u7ed3\u679c.webp\" alt=\"\" width=\"1920\" height=\"1200\" srcset=\"https:\/\/baolongtaisteel.com\/wp-content\/uploads\/2025\/04\/542bc58cfa39cb28e94e0004ed5bd45d_\u55e8\u683c\u5f0f\u538b\u7f29\u526f\u672c_\u7ed3\u679c.webp 1920w, https:\/\/baolongtaisteel.com\/wp-content\/uploads\/2025\/04\/542bc58cfa39cb28e94e0004ed5bd45d_\u55e8\u683c\u5f0f\u538b\u7f29\u526f\u672c_\u7ed3\u679c-600x375.webp 600w, https:\/\/baolongtaisteel.com\/wp-content\/uploads\/2025\/04\/542bc58cfa39cb28e94e0004ed5bd45d_\u55e8\u683c\u5f0f\u538b\u7f29\u526f\u672c_\u7ed3\u679c-300x188.webp 300w, https:\/\/baolongtaisteel.com\/wp-content\/uploads\/2025\/04\/542bc58cfa39cb28e94e0004ed5bd45d_\u55e8\u683c\u5f0f\u538b\u7f29\u526f\u672c_\u7ed3\u679c-1024x640.webp 1024w, https:\/\/baolongtaisteel.com\/wp-content\/uploads\/2025\/04\/542bc58cfa39cb28e94e0004ed5bd45d_\u55e8\u683c\u5f0f\u538b\u7f29\u526f\u672c_\u7ed3\u679c-768x480.webp 768w, https:\/\/baolongtaisteel.com\/wp-content\/uploads\/2025\/04\/542bc58cfa39cb28e94e0004ed5bd45d_\u55e8\u683c\u5f0f\u538b\u7f29\u526f\u672c_\u7ed3\u679c-1536x960.webp 1536w\" sizes=\"(max-width: 1920px) 100vw, 1920px\" \/>Propiedades f\u00edsicas y qu\u00edmicas:<\/strong><\/h2>\n<h4><strong>Propiedades f\u00edsicas<\/strong><\/h4>\n<p><strong>Apariencia:<\/strong><\/p>\n<p>Suele presentar un color blanco plateado met\u00e1lico, con una superficie lisa y un alto brillo. Se pueden obtener diferentes efectos superficiales mediante distintos tratamientos, como el pulido espejo, el cepillado, etc. Las bobinas de acero inoxidable 304 se utilizan a menudo en aplicaciones donde se valora mucho su est\u00e9tica y resistencia a la corrosi\u00f3n.<\/p>\n<p><strong>Densidad:<\/strong><\/p>\n<p>La densidad suele ser de unos 7,93 g\/cm\u00b3, ligeramente superior a la del acero al carbono convencional. Esto hace que las bobinas de acero inoxidable 304 sean adecuadas para aplicaciones estructurales ligeras pero resistentes.<\/p>\n<p><strong>Punto de fusi\u00f3n:<\/strong><\/p>\n<p>El punto de fusi\u00f3n es relativamente alto, generalmente entre 1400 y 1450 \u00b0C. Esta caracter\u00edstica garantiza que las bobinas de acero inoxidable 304 mantengan una excelente estabilidad en entornos de alta temperatura.<\/p>\n<p><strong>Coeficiente de expansi\u00f3n t\u00e9rmica:<\/strong><\/p>\n<p>El coeficiente de expansi\u00f3n t\u00e9rmica es relativamente bajo. En el rango de temperatura ambiente a 100 \u00b0C, el coeficiente de expansi\u00f3n t\u00e9rmica del acero inoxidable 304 es de aproximadamente 17,2 \u00d7 10\u207b\u2076\/\u2103. Esta caracter\u00edstica permite que las bobinas de acero inoxidable 304 mantengan una buena estabilidad dimensional en entornos con fluctuaciones de temperatura significativas.<\/p>\n<p><strong>Conductividad t\u00e9rmica:<\/strong><\/p>\n<p>La conductividad t\u00e9rmica es baja, con un coeficiente de conductividad t\u00e9rmica de aproximadamente 16-27 W\/(m\u00b7K), mucho menor que el del cobre, el aluminio y otros metales. Por ello, las bobinas de acero inoxidable 304 presentan ciertas propiedades de aislamiento t\u00e9rmico.<\/p>\n<p><strong>Conductividad el\u00e9ctrica:<\/strong><\/p>\n<p>Tiene cierta conductividad el\u00e9ctrica, pero es relativamente baja. La conductividad del acero inoxidable 304 es de aproximadamente 1,4 \u00d7 10\u2076 S\/m, que equivale tan solo a un 41 TP3T de la conductividad del cobre.<\/p>\n<h2><strong><img decoding=\"async\" class=\"alignnone size-full wp-image-211\" src=\"https:\/\/baolongtaisteel.com\/wp-content\/uploads\/2025\/04\/99b469998067fb696525d755c6f35361_\u55e8\u683c\u5f0f\u538b\u7f29\u526f\u672c_\u7ed3\u679c.webp\" alt=\"\" width=\"1920\" height=\"1200\" srcset=\"https:\/\/baolongtaisteel.com\/wp-content\/uploads\/2025\/04\/99b469998067fb696525d755c6f35361_\u55e8\u683c\u5f0f\u538b\u7f29\u526f\u672c_\u7ed3\u679c.webp 1920w, https:\/\/baolongtaisteel.com\/wp-content\/uploads\/2025\/04\/99b469998067fb696525d755c6f35361_\u55e8\u683c\u5f0f\u538b\u7f29\u526f\u672c_\u7ed3\u679c-600x375.webp 600w, https:\/\/baolongtaisteel.com\/wp-content\/uploads\/2025\/04\/99b469998067fb696525d755c6f35361_\u55e8\u683c\u5f0f\u538b\u7f29\u526f\u672c_\u7ed3\u679c-300x188.webp 300w, https:\/\/baolongtaisteel.com\/wp-content\/uploads\/2025\/04\/99b469998067fb696525d755c6f35361_\u55e8\u683c\u5f0f\u538b\u7f29\u526f\u672c_\u7ed3\u679c-1024x640.webp 1024w, https:\/\/baolongtaisteel.com\/wp-content\/uploads\/2025\/04\/99b469998067fb696525d755c6f35361_\u55e8\u683c\u5f0f\u538b\u7f29\u526f\u672c_\u7ed3\u679c-768x480.webp 768w, https:\/\/baolongtaisteel.com\/wp-content\/uploads\/2025\/04\/99b469998067fb696525d755c6f35361_\u55e8\u683c\u5f0f\u538b\u7f29\u526f\u672c_\u7ed3\u679c-1536x960.webp 1536w\" sizes=\"(max-width: 1920px) 100vw, 1920px\" \/><\/strong><\/h2>\n<h2><strong>Propiedades qu\u00edmicas<\/strong><\/h2>\n<p><strong>Resistencia a la corrosi\u00f3n:<\/strong><\/p>\n<p>Esta es una de las propiedades qu\u00edmicas m\u00e1s importantes de las bobinas de acero inoxidable 304. Se forma una densa pel\u00edcula de pasivaci\u00f3n en su superficie, impidiendo que el ox\u00edgeno, el agua y otros agentes corrosivos entren en contacto con la matriz met\u00e1lica, previniendo as\u00ed eficazmente la corrosi\u00f3n. Por ejemplo, el acero inoxidable 304 presenta una excelente resistencia a la corrosi\u00f3n en entornos como la atm\u00f3sfera, el agua y \u00e1cidos y \u00e1lcalis d\u00e9biles. Se utiliza ampliamente en aplicaciones que requieren resistencia a la oxidaci\u00f3n y a los da\u00f1os qu\u00edmicos.<\/p>\n<p><strong>Antioxidaci\u00f3n:<\/strong><\/p>\n<p>Las bobinas de acero inoxidable 304 ofrecen una buena resistencia a la oxidaci\u00f3n tanto a temperatura ambiente como a temperaturas m\u00e1s altas. Esto las hace aptas para entornos expuestos al calor o a condiciones adversas sin sufrir una degradaci\u00f3n significativa.<\/p>\n<p><strong>Estabilidad qu\u00edmica:<\/strong><\/p>\n<p>En medios qu\u00edmicos generales, las bobinas de acero inoxidable 304 presentan una alta estabilidad qu\u00edmica y no son propensas a reaccionar qu\u00edmicamente con sustancias qu\u00edmicas comunes. Sin embargo, en algunos medios altamente corrosivos, como el \u00e1cido n\u00edtrico concentrado o el \u00e1cido fluorh\u00eddrico, la resistencia a la corrosi\u00f3n del acero inoxidable 304 puede verse afectada.<\/p>\n<p><strong>Pasivaci\u00f3n:<\/strong><\/p>\n<p>Tras la exposici\u00f3n al aire o el tratamiento de pasivaci\u00f3n, se forma una pel\u00edcula pasivante en la superficie de las bobinas de acero inoxidable 304. Esta pel\u00edcula mejora la resistencia a la corrosi\u00f3n y a la oxidaci\u00f3n del material. El tratamiento de pasivaci\u00f3n suele implicar la inmersi\u00f3n de la bobina de acero inoxidable en una soluci\u00f3n que contiene un oxidante, como \u00e1cido n\u00edtrico o dicromato de potasio, para promover la formaci\u00f3n y reparaci\u00f3n de la pel\u00edcula pasivante.<\/p>\n<h2><strong><img decoding=\"async\" class=\"alignnone size-full wp-image-210\" src=\"https:\/\/baolongtaisteel.com\/wp-content\/uploads\/2025\/04\/5d3337bb3b87753c145819f18be4bd44_\u55e8\u683c\u5f0f\u538b\u7f29\u526f\u672c_\u7ed3\u679c.webp\" alt=\"\" width=\"1920\" height=\"1200\" srcset=\"https:\/\/baolongtaisteel.com\/wp-content\/uploads\/2025\/04\/5d3337bb3b87753c145819f18be4bd44_\u55e8\u683c\u5f0f\u538b\u7f29\u526f\u672c_\u7ed3\u679c.webp 1920w, https:\/\/baolongtaisteel.com\/wp-content\/uploads\/2025\/04\/5d3337bb3b87753c145819f18be4bd44_\u55e8\u683c\u5f0f\u538b\u7f29\u526f\u672c_\u7ed3\u679c-600x375.webp 600w, https:\/\/baolongtaisteel.com\/wp-content\/uploads\/2025\/04\/5d3337bb3b87753c145819f18be4bd44_\u55e8\u683c\u5f0f\u538b\u7f29\u526f\u672c_\u7ed3\u679c-300x188.webp 300w, https:\/\/baolongtaisteel.com\/wp-content\/uploads\/2025\/04\/5d3337bb3b87753c145819f18be4bd44_\u55e8\u683c\u5f0f\u538b\u7f29\u526f\u672c_\u7ed3\u679c-1024x640.webp 1024w, https:\/\/baolongtaisteel.com\/wp-content\/uploads\/2025\/04\/5d3337bb3b87753c145819f18be4bd44_\u55e8\u683c\u5f0f\u538b\u7f29\u526f\u672c_\u7ed3\u679c-768x480.webp 768w, https:\/\/baolongtaisteel.com\/wp-content\/uploads\/2025\/04\/5d3337bb3b87753c145819f18be4bd44_\u55e8\u683c\u5f0f\u538b\u7f29\u526f\u672c_\u7ed3\u679c-1536x960.webp 1536w\" sizes=\"(max-width: 1920px) 100vw, 1920px\" \/><\/strong><\/h2>\n<h2><strong>Solicitud:<\/strong><\/h2>\n<p data-spm-anchor-id=\"a2ty_o01.29997173.0.i111.1a70c921yaavsG\">Las bobinas de acero inoxidable 304 se utilizan ampliamente en diversos campos gracias a su excelente resistencia a la corrosi\u00f3n, alta resistencia y buen rendimiento de procesamiento. En la industria alimentaria, se emplean para fabricar maquinaria, contenedores y sistemas de transporte, cumpliendo con estrictas normas de higiene. En la construcci\u00f3n, se emplean para techos, revestimientos de paredes y fines decorativos gracias a su atractivo est\u00e9tico y durabilidad. En la industria automotriz, se utilizan para producir componentes que requieren resistencia a la corrosi\u00f3n y a las altas temperaturas. Adem\u00e1s, en los sectores de equipos qu\u00edmicos, electr\u00f3nica y electrodom\u00e9sticos, las bobinas de acero inoxidable 304 son indispensables. Se utilizan para fabricar reactores, v\u00e1lvulas, carcasas de dispositivos electr\u00f3nicos, entre otros, adapt\u00e1ndose a entornos de trabajo complejos.<\/p>\n<p>&nbsp;<\/p>","protected":false},"excerpt":{"rendered":"<h4 class=\"elementor-heading-title elementor-size-default\" style=\"text-align: center; padding-bottom: 30px;\">Bobina de acero inoxidable 304<\/h4>\n<div>La bobina de acero inoxidable 304 es un material de alto rendimiento ampliamente utilizado, con excelente resistencia a la corrosi\u00f3n y a altas temperaturas, y un excelente rendimiento de procesamiento. Su superficie es lisa y presenta un brillo met\u00e1lico blanco plateado, y puede lograr diversos efectos mediante pulido, trefilado y otros procesos. Su densidad es de aproximadamente 7,93 g\/cm\u00b3, su punto de fusi\u00f3n alcanza los 1400-1450 \u00b0C y presenta buena resistencia a la oxidaci\u00f3n y estabilidad qu\u00edmica. La bobina de acero inoxidable 304 se utiliza ampliamente en equipos de procesamiento de alimentos, decoraci\u00f3n de edificios, contenedores de productos qu\u00edmicos y dispositivos electr\u00f3nicos, cumpliendo con altos est\u00e1ndares de higiene y requisitos ambientales complejos, y es un material importante en los sectores industrial y civil.<\/div>\n<div>\n<hr class=\"dongte456custom-line\" \/>\n<\/div>\n<div style=\"padding-bottom: 5px;\">Categor\u00eda: Bobina de acero inoxidable 304<\/div>\n<div>Palabra clave: bobina de acero inoxidable 304<\/div>\n<div>\n<hr \/>\n<\/div>\n<p><img loading=\"lazy\" decoding=\"async\" class=\"alignnone wp-image-257\" src=\"https:\/\/baolongtaisteel.com\/wp-content\/uploads\/2025\/04\/\u7535\u8bdd\u56fe\u6807.jpg\" alt=\"\" width=\"48\" height=\"50\" \/>\u00a0 WhatsApp:<a href=\"https:\/\/api.whatsapp.com\/send?phone=8613963585512\" target=\"_blank\" rel=\"noopener\">\u00a0+8613963585512 <\/a><\/p>\n<div>\n<hr \/>\n<\/div>\n<p><img loading=\"lazy\" decoding=\"async\" class=\"alignnone wp-image-258\" src=\"https:\/\/baolongtaisteel.com\/wp-content\/uploads\/2025\/04\/\u90ae\u7bb1\u56fe\u6807.jpg\" alt=\"\" width=\"48\" height=\"55\" \/>\u00a0\u00a0Correo electr\u00f3nico : <a href=\"rachel@sdxhjmetal.com\" target=\"_blank\" rel=\"noopener\">\u00a0rachel@sdxhjmetal.com<\/a><\/p>\n<div>\n<hr \/>\n<\/div>\n<h3><\/h3>\n<div class=\"productaddbutton-container\">\n<div class=\"productaddbutton-wrapper\"><a class=\"productaddbutton\" href=\"https:\/\/baolongtaisteel.com\/index.php\/product\/\">Lista de productos<\/a><\/div>\n<div class=\"productaddbutton-wrapper\"><a class=\"productaddbutton\" href=\"#formSectiondongte\">Cont\u00e1ctanos<\/a><\/div>\n<\/div>\n<div><\/div>","protected":false},"featured_media":195,"comment_status":"open","ping_status":"closed","template":"","meta":[],"product_brand":[],"product_cat":[16],"product_tag":[],"class_list":{"0":"post-112","1":"product","2":"type-product","3":"status-publish","4":"has-post-thumbnail","6":"product_cat-stainless-steel","8":"first","9":"instock","10":"shipping-taxable","11":"product-type-simple"},"_links":{"self":[{"href":"https:\/\/baolongtaisteel.com\/es\/wp-json\/wp\/v2\/product\/112","targetHints":{"allow":["GET"]}}],"collection":[{"href":"https:\/\/baolongtaisteel.com\/es\/wp-json\/wp\/v2\/product"}],"about":[{"href":"https:\/\/baolongtaisteel.com\/es\/wp-json\/wp\/v2\/types\/product"}],"replies":[{"embeddable":true,"href":"https:\/\/baolongtaisteel.com\/es\/wp-json\/wp\/v2\/comments?post=112"}],"wp:featuredmedia":[{"embeddable":true,"href":"https:\/\/baolongtaisteel.com\/es\/wp-json\/wp\/v2\/media\/195"}],"wp:attachment":[{"href":"https:\/\/baolongtaisteel.com\/es\/wp-json\/wp\/v2\/media?parent=112"}],"wp:term":[{"taxonomy":"product_brand","embeddable":true,"href":"https:\/\/baolongtaisteel.com\/es\/wp-json\/wp\/v2\/product_brand?post=112"},{"taxonomy":"product_cat","embeddable":true,"href":"https:\/\/baolongtaisteel.com\/es\/wp-json\/wp\/v2\/product_cat?post=112"},{"taxonomy":"product_tag","embeddable":true,"href":"https:\/\/baolongtaisteel.com\/es\/wp-json\/wp\/v2\/product_tag?post=112"}],"curies":[{"name":"wp","href":"https:\/\/api.w.org\/{rel}","templated":true}]}}