{"id":113,"date":"2025-04-24T14:51:59","date_gmt":"2025-04-24T06:51:59","guid":{"rendered":"https:\/\/baolongtaisteel.com\/?post_type=product&#038;p=113"},"modified":"2025-04-25T13:37:31","modified_gmt":"2025-04-25T05:37:31","slug":"bobina-de-acero-inoxidable-316l","status":"publish","type":"product","link":"https:\/\/baolongtaisteel.com\/es\/product\/bobina-de-acero-inoxidable-316l\/","title":{"rendered":"Bobina de acero inoxidable 316L"},"content":{"rendered":"<h2>\u00a0 Tabla de detalles del producto:<\/h2>\n<table class=\"tg\" style=\"border-collapse: collapse; border-spacing: 0;\">\n<thead>\n<tr>\n<th style=\"background-color: #9b9b9b; color: #ffffff; font-family: Arial, sans-serif; font-size: 14px; font-weight: bold; overflow: hidden; padding: 10px 5px; text-align: center; vertical-align: middle; word-break: normal; border: 1px solid black;\"><span style=\"font-weight: 600;\">Art\u00edculo<\/span><\/th>\n<th style=\"background-color: #9b9b9b; color: #ffffff; font-family: Arial, sans-serif; font-size: 14px; font-weight: bold; overflow: hidden; padding: 10px 5px; text-align: left; vertical-align: middle; word-break: normal; border: 1px solid black;\"><span style=\"font-weight: 600;\">Detalles<\/span><\/th>\n<\/tr>\n<\/thead>\n<tbody>\n<tr>\n<td style=\"background-color: #fff; font-family: Arial, sans-serif; font-size: 14px; overflow: hidden; padding: 10px 5px; text-align: center; vertical-align: middle; word-break: normal; border: 1px solid black;\"><span style=\"font-weight: 400; color: var(--md-box-samantha-normal-text-color);\">Modelo NO.<\/span><\/td>\n<td style=\"background-color: #fff; font-family: Arial, sans-serif; font-size: 14px; overflow: hidden; padding: 10px 5px; text-align: left; vertical-align: middle; word-break: normal; border: 1px solid black;\"><span style=\"font-weight: 400; color: var(--md-box-samantha-normal-text-color);\">201, 304, 316, 321, 309S, 310S, 430<\/span><\/td>\n<\/tr>\n<tr>\n<td style=\"background-color: #efefef; font-family: Arial, sans-serif; font-size: 14px; overflow: hidden; padding: 10px 5px; text-align: center; vertical-align: middle; word-break: normal; border: 1px solid black;\"><span style=\"font-weight: 400; color: var(--md-box-samantha-normal-text-color);\">Calificaci\u00f3n<\/span><\/td>\n<td style=\"background-color: #efefef; font-family: Arial, sans-serif; font-size: 14px; overflow: hidden; padding: 10px 5px; text-align: left; vertical-align: middle; word-break: normal; border: 1px solid black;\"><span style=\"font-weight: 400; color: var(--md-box-samantha-normal-text-color);\">Serie 300<\/span><\/td>\n<\/tr>\n<tr>\n<td style=\"background-color: #fff; font-family: Arial, sans-serif; font-size: 14px; overflow: hidden; padding: 10px 5px; text-align: center; vertical-align: middle; word-break: normal; border: 1px solid black;\"><span style=\"font-weight: 400; color: var(--md-box-samantha-normal-text-color);\">Proceso de dar un t\u00edtulo<\/span><\/td>\n<td style=\"background-color: #fff; font-family: Arial, sans-serif; font-size: 14px; overflow: hidden; padding: 10px 5px; text-align: left; vertical-align: middle; word-break: normal; border: 1px solid black;\"><span style=\"font-weight: 400; color: var(--md-box-samantha-normal-text-color);\">ISO, RoHS, IBR, AISI, ASTM, GB, EN, DIN, JIS<\/span><\/td>\n<\/tr>\n<tr>\n<td style=\"background-color: #efefef; font-family: Arial, sans-serif; font-size: 14px; overflow: hidden; padding: 10px 5px; text-align: center; vertical-align: middle; word-break: normal; border: 1px solid black;\"><span style=\"font-weight: 400; color: var(--md-box-samantha-normal-text-color);\">Forma<\/span><\/td>\n<td style=\"background-color: #efefef; font-family: Arial, sans-serif; font-size: 14px; overflow: hidden; padding: 10px 5px; text-align: left; vertical-align: middle; word-break: normal; border: 1px solid black;\"><span style=\"font-weight: 400; color: var(--md-box-samantha-normal-text-color);\">Departamento<\/span><\/td>\n<\/tr>\n<tr>\n<td style=\"background-color: #fff; font-family: Arial, sans-serif; font-size: 14px; overflow: hidden; padding: 10px 5px; text-align: center; vertical-align: middle; word-break: normal; border: 1px solid black;\"><span style=\"font-weight: 400; color: var(--md-box-samantha-normal-text-color);\">T\u00e9cnica<\/span><\/td>\n<td style=\"background-color: #fff; font-family: Arial, sans-serif; font-size: 14px; overflow: hidden; padding: 10px 5px; text-align: left; vertical-align: middle; word-break: normal; border: 1px solid black;\"><span style=\"font-weight: 400; color: var(--md-box-samantha-normal-text-color);\">Laminado en fr\u00edo<\/span><\/td>\n<\/tr>\n<tr>\n<td style=\"background-color: #efefef; font-family: Arial, sans-serif; font-size: 14px; overflow: hidden; padding: 10px 5px; text-align: center; vertical-align: middle; word-break: normal; border: 1px solid black;\"><span style=\"font-weight: 400; color: var(--md-box-samantha-normal-text-color);\">Nombre del producto<\/span><\/td>\n<td style=\"background-color: #efefef; font-family: Arial, sans-serif; font-size: 14px; overflow: hidden; padding: 10px 5px; text-align: left; vertical-align: middle; word-break: normal; border: 1px solid black;\"><span style=\"font-weight: 400; color: var(--md-box-samantha-normal-text-color);\">Bobina de acero inoxidable<\/span><\/td>\n<\/tr>\n<tr>\n<td style=\"background-color: #fff; font-family: Arial, sans-serif; font-size: 14px; overflow: hidden; padding: 10px 5px; text-align: center; vertical-align: middle; word-break: normal; border: 1px solid black;\"><span style=\"font-weight: 400; color: var(--md-box-samantha-normal-text-color);\">Superficie<\/span><\/td>\n<td style=\"background-color: #fff; font-family: Arial, sans-serif; font-size: 14px; overflow: hidden; padding: 10px 5px; text-align: left; vertical-align: middle; word-break: normal; border: 1px solid black;\"><span style=\"font-weight: 400; color: var(--md-box-samantha-normal-text-color);\">N.\u00b0 1, Ba, 2B, N.\u00b0 4, Hl, Sb, Repujado<\/span><\/td>\n<\/tr>\n<tr>\n<td style=\"background-color: #efefef; font-family: Arial, sans-serif; font-size: 14px; overflow: hidden; padding: 10px 5px; text-align: center; vertical-align: middle; word-break: normal; border: 1px solid black;\"><span style=\"font-weight: 400; color: var(--md-box-samantha-normal-text-color);\">Embalaje de exportaci\u00f3n<\/span><\/td>\n<td style=\"background-color: #efefef; font-family: Arial, sans-serif; font-size: 14px; overflow: hidden; padding: 10px 5px; text-align: left; vertical-align: middle; word-break: normal; border: 1px solid black;\"><span style=\"font-weight: 400; color: var(--md-box-samantha-normal-text-color);\">Embalaje est\u00e1ndar apto para el mar<\/span><\/td>\n<\/tr>\n<tr>\n<td style=\"background-color: #fff; font-family: Arial, sans-serif; font-size: 14px; overflow: hidden; padding: 10px 5px; text-align: center; vertical-align: middle; word-break: normal; border: 1px solid black;\"><span style=\"font-weight: 400; color: var(--md-box-samantha-normal-text-color);\">Especificaciones personalizadas<\/span><\/td>\n<td style=\"background-color: #fff; font-family: Arial, sans-serif; font-size: 14px; overflow: hidden; padding: 10px 5px; text-align: left; vertical-align: middle; word-break: normal; border: 1px solid black;\"><span style=\"font-weight: 400; color: var(--md-box-samantha-normal-text-color);\">Seg\u00fan los requisitos del cliente<\/span><\/td>\n<\/tr>\n<tr>\n<td style=\"background-color: #efefef; font-family: Arial, sans-serif; font-size: 14px; overflow: hidden; padding: 10px 5px; text-align: center; vertical-align: middle; word-break: normal; border: 1px solid black;\"><span style=\"font-weight: 400; color: var(--md-box-samantha-normal-text-color);\">Muestra<\/span><\/td>\n<td style=\"background-color: #efefef; font-family: Arial, sans-serif; font-size: 14px; overflow: hidden; padding: 10px 5px; text-align: left; vertical-align: middle; word-break: normal; border: 1px solid black;\"><span style=\"font-weight: 400; color: var(--md-box-samantha-normal-text-color);\">Disponible<\/span><\/td>\n<\/tr>\n<tr>\n<td style=\"background-color: #fff; font-family: Arial, sans-serif; font-size: 14px; overflow: hidden; padding: 10px 5px; text-align: center; vertical-align: middle; word-break: normal; border: 1px solid black;\"><span style=\"font-weight: 400; color: var(--md-box-samantha-normal-text-color);\">El tiempo de entrega<\/span><\/td>\n<td style=\"background-color: #fff; font-family: Arial, sans-serif; font-size: 14px; overflow: hidden; padding: 10px 5px; text-align: left; vertical-align: middle; word-break: normal; border: 1px solid black;\"><span style=\"font-weight: 400; color: var(--md-box-samantha-normal-text-color);\">7-15 d\u00edas<\/span><\/td>\n<\/tr>\n<tr>\n<td style=\"background-color: #efefef; font-family: Arial, sans-serif; font-size: 14px; overflow: hidden; padding: 10px 5px; text-align: center; vertical-align: middle; word-break: normal; border: 1px solid black;\"><span style=\"font-weight: 400; color: var(--md-box-samantha-normal-text-color);\">Embalaje de transporte<\/span><\/td>\n<td style=\"background-color: #efefef; font-family: Arial, sans-serif; font-size: 14px; overflow: hidden; padding: 10px 5px; text-align: left; vertical-align: middle; word-break: normal; border: 1px solid black;\"><span style=\"font-weight: 400; color: var(--md-box-samantha-normal-text-color);\">Embalaje est\u00e1ndar apto para el mar<\/span><\/td>\n<\/tr>\n<tr>\n<td style=\"background-color: #fff; font-family: Arial, sans-serif; font-size: 14px; overflow: hidden; padding: 10px 5px; text-align: center; vertical-align: middle; word-break: normal; border: 1px solid black;\"><span style=\"font-weight: 400; color: var(--md-box-samantha-normal-text-color);\">Especificaci\u00f3n<\/span><\/td>\n<td style=\"background-color: #fff; font-family: Arial, sans-serif; font-size: 14px; overflow: hidden; padding: 10px 5px; text-align: left; vertical-align: middle; word-break: normal; border: 1px solid black;\"><span style=\"font-weight: 400; color: var(--md-box-samantha-normal-text-color);\">Personalizado<\/span><\/td>\n<\/tr>\n<tr>\n<td style=\"background-color: #efefef; font-family: Arial, sans-serif; font-size: 14px; overflow: hidden; padding: 10px 5px; text-align: center; vertical-align: middle; word-break: normal; border: 1px solid black;\"><span style=\"font-weight: 400; color: var(--md-box-samantha-normal-text-color);\">Origen<\/span><\/td>\n<td style=\"background-color: #efefef; font-family: Arial, sans-serif; font-size: 14px; overflow: hidden; padding: 10px 5px; text-align: left; vertical-align: middle; word-break: normal; border: 1px solid black;\"><span style=\"font-weight: 400; color: var(--md-box-samantha-normal-text-color);\">Porcelana<\/span><\/td>\n<\/tr>\n<tr>\n<td style=\"background-color: #fff; font-family: Arial, sans-serif; font-size: 14px; overflow: hidden; padding: 10px 5px; text-align: center; vertical-align: middle; word-break: normal; border: 1px solid black;\"><span style=\"font-weight: 400; color: var(--md-box-samantha-normal-text-color);\">Capacidad de producci\u00f3n<\/span><\/td>\n<td style=\"background-color: #fff; font-family: Arial, sans-serif; font-size: 14px; overflow: hidden; padding: 10px 5px; text-align: left; vertical-align: middle; word-break: normal; border: 1px solid black;\"><span style=\"font-weight: 400; color: var(--md-box-samantha-normal-text-color);\">100000 toneladas por mes<\/span><\/td>\n<\/tr>\n<\/tbody>\n<\/table>\n<p>&nbsp;<\/p>\n<h2><img fetchpriority=\"high\" decoding=\"async\" class=\"alignnone size-full wp-image-215\" src=\"https:\/\/baolongtaisteel.com\/wp-content\/uploads\/2025\/04\/d0187cd1ce4a459bb3acc30bc94fa202_\u55e8\u683c\u5f0f\u538b\u7f29\u526f\u672c_\u7ed3\u679c.webp\" alt=\"\" width=\"1918\" height=\"798\" srcset=\"https:\/\/baolongtaisteel.com\/wp-content\/uploads\/2025\/04\/d0187cd1ce4a459bb3acc30bc94fa202_\u55e8\u683c\u5f0f\u538b\u7f29\u526f\u672c_\u7ed3\u679c.webp 1918w, https:\/\/baolongtaisteel.com\/wp-content\/uploads\/2025\/04\/d0187cd1ce4a459bb3acc30bc94fa202_\u55e8\u683c\u5f0f\u538b\u7f29\u526f\u672c_\u7ed3\u679c-600x250.webp 600w, https:\/\/baolongtaisteel.com\/wp-content\/uploads\/2025\/04\/d0187cd1ce4a459bb3acc30bc94fa202_\u55e8\u683c\u5f0f\u538b\u7f29\u526f\u672c_\u7ed3\u679c-300x125.webp 300w, https:\/\/baolongtaisteel.com\/wp-content\/uploads\/2025\/04\/d0187cd1ce4a459bb3acc30bc94fa202_\u55e8\u683c\u5f0f\u538b\u7f29\u526f\u672c_\u7ed3\u679c-1024x426.webp 1024w, https:\/\/baolongtaisteel.com\/wp-content\/uploads\/2025\/04\/d0187cd1ce4a459bb3acc30bc94fa202_\u55e8\u683c\u5f0f\u538b\u7f29\u526f\u672c_\u7ed3\u679c-768x320.webp 768w, https:\/\/baolongtaisteel.com\/wp-content\/uploads\/2025\/04\/d0187cd1ce4a459bb3acc30bc94fa202_\u55e8\u683c\u5f0f\u538b\u7f29\u526f\u672c_\u7ed3\u679c-1536x639.webp 1536w\" sizes=\"(max-width: 1918px) 100vw, 1918px\" \/><\/h2>\n<h2 data-spm-anchor-id=\"a2ty_o01.29997173.0.i118.1a70c921yaavsG\"><strong>Propiedades f\u00edsicas y qu\u00edmicas:<\/strong><\/h2>\n<h3 data-spm-anchor-id=\"a2ty_o01.29997173.0.i118.1a70c921yaavsG\"><strong>Propiedades f\u00edsicas<\/strong><\/h3>\n<p data-spm-anchor-id=\"a2ty_o01.29997173.0.i118.1a70c921yaavsG\"><strong>Apariencia:<\/strong><\/p>\n<p>Suele presentar un color blanco plateado met\u00e1lico, con una superficie lisa y un alto brillo. Se pueden obtener diferentes efectos superficiales mediante distintos tratamientos, como el pulido espejo, el cepillado, etc. Las bobinas de acero inoxidable 316L se utilizan a menudo en aplicaciones donde la est\u00e9tica, la resistencia a la corrosi\u00f3n y la higiene son cruciales.<\/p>\n<p><strong>Densidad:<\/strong><\/p>\n<p>La densidad suele rondar los 7,98 g\/cm\u00b3. Por ejemplo, la densidad de una bobina de acero inoxidable 316L es de aproximadamente 7,98 g\/cm\u00b3, ligeramente superior a la del acero al carbono com\u00fan y comparable a la de otros aceros inoxidables austen\u00edticos como el 304.<\/p>\n<p><strong>Punto de fusi\u00f3n:<\/strong><\/p>\n<p>El punto de fusi\u00f3n es relativamente alto, generalmente entre 1375 y 1450 \u00b0C. Por ejemplo, el punto de fusi\u00f3n del acero inoxidable 316L es de aproximadamente 1399 a 1440 \u00b0C, lo que lo hace adecuado para entornos de alta temperatura manteniendo su estabilidad.<\/p>\n<p><strong>Coeficiente de expansi\u00f3n t\u00e9rmica:<\/strong><\/p>\n<p>El coeficiente de expansi\u00f3n t\u00e9rmica es relativamente bajo. En el rango de temperatura ambiente a 100 \u00b0C, el coeficiente de expansi\u00f3n t\u00e9rmica del acero inoxidable 316L es de aproximadamente 15,9 \u00d7 10\u207b\u2076\/\u2103. Esta caracter\u00edstica le permite mantener una buena estabilidad dimensional incluso en entornos con fluctuaciones de temperatura significativas.<\/p>\n<p><strong>Conductividad t\u00e9rmica:<\/strong><\/p>\n<p>Su conductividad t\u00e9rmica es baja, con un coeficiente de conductividad t\u00e9rmica de aproximadamente 16,2 W\/(m\u00b7K), muy inferior al del cobre, el aluminio y otros metales. Esta propiedad le confiere ciertas caracter\u00edsticas de aislamiento t\u00e9rmico, lo que lo hace adecuado para aplicaciones industriales espec\u00edficas.<\/p>\n<p><strong>Conductividad el\u00e9ctrica:<\/strong><\/p>\n<p>Tiene cierta conductividad el\u00e9ctrica, pero es relativamente baja. La conductividad del acero inoxidable 316L es de aproximadamente 1,3 \u00d7 10\u2076 S\/m, lo que equivale a tan solo 3,81 TP\u00b3T de la conductividad del cobre. Esto limita su uso en aplicaciones de alta conductividad, pero garantiza su idoneidad para entornos resistentes a la corrosi\u00f3n.<\/p>\n<h2><img decoding=\"async\" class=\"alignnone size-full wp-image-213\" src=\"https:\/\/baolongtaisteel.com\/wp-content\/uploads\/2025\/04\/b595455fafbf260a8dedbc5fdc7ee51c_\u55e8\u683c\u5f0f\u538b\u7f29\u526f\u672c_\u7ed3\u679c.webp\" alt=\"\" width=\"1918\" height=\"798\" srcset=\"https:\/\/baolongtaisteel.com\/wp-content\/uploads\/2025\/04\/b595455fafbf260a8dedbc5fdc7ee51c_\u55e8\u683c\u5f0f\u538b\u7f29\u526f\u672c_\u7ed3\u679c.webp 1918w, https:\/\/baolongtaisteel.com\/wp-content\/uploads\/2025\/04\/b595455fafbf260a8dedbc5fdc7ee51c_\u55e8\u683c\u5f0f\u538b\u7f29\u526f\u672c_\u7ed3\u679c-600x250.webp 600w, https:\/\/baolongtaisteel.com\/wp-content\/uploads\/2025\/04\/b595455fafbf260a8dedbc5fdc7ee51c_\u55e8\u683c\u5f0f\u538b\u7f29\u526f\u672c_\u7ed3\u679c-300x125.webp 300w, https:\/\/baolongtaisteel.com\/wp-content\/uploads\/2025\/04\/b595455fafbf260a8dedbc5fdc7ee51c_\u55e8\u683c\u5f0f\u538b\u7f29\u526f\u672c_\u7ed3\u679c-1024x426.webp 1024w, https:\/\/baolongtaisteel.com\/wp-content\/uploads\/2025\/04\/b595455fafbf260a8dedbc5fdc7ee51c_\u55e8\u683c\u5f0f\u538b\u7f29\u526f\u672c_\u7ed3\u679c-768x320.webp 768w, https:\/\/baolongtaisteel.com\/wp-content\/uploads\/2025\/04\/b595455fafbf260a8dedbc5fdc7ee51c_\u55e8\u683c\u5f0f\u538b\u7f29\u526f\u672c_\u7ed3\u679c-1536x639.webp 1536w\" sizes=\"(max-width: 1918px) 100vw, 1918px\" \/><\/h2>\n<h3><strong>Propiedades qu\u00edmicas<\/strong><\/h3>\n<p><strong>Resistencia a la corrosi\u00f3n:<\/strong><\/p>\n<p>Esta es una de las propiedades qu\u00edmicas m\u00e1s importantes de las bobinas de acero inoxidable 316L. Gracias a su bajo contenido de carbono (menos de 0,031 TP3T), forma una densa pel\u00edcula de pasivaci\u00f3n en su superficie que impide el contacto del ox\u00edgeno, el agua y otros agentes corrosivos con la matriz met\u00e1lica. Presenta una excelente resistencia a la corrosi\u00f3n por picaduras y grietas, especialmente en entornos con alto contenido de cloruros. Por ejemplo, el acero inoxidable 316L es altamente resistente a la corrosi\u00f3n en entornos marinos, plantas de procesamiento qu\u00edmico y zonas expuestas a cloruros.<\/p>\n<p><strong>Antioxidaci\u00f3n:<\/strong><\/p>\n<p>Las bobinas de acero inoxidable 316L ofrecen buena resistencia a la oxidaci\u00f3n tanto a temperatura ambiente como a temperaturas elevadas. Soportan una exposici\u00f3n prolongada a altas temperaturas sin una oxidaci\u00f3n significativa, lo que las hace ideales para aplicaciones en intercambiadores de calor, componentes de hornos y sistemas de escape.<\/p>\n<p><strong>Estabilidad qu\u00edmica:<\/strong><\/p>\n<p>En entornos qu\u00edmicos generales, las bobinas de acero inoxidable 316L presentan una alta estabilidad qu\u00edmica y no son propensas a reaccionar con sustancias qu\u00edmicas comunes. Sin embargo, en ciertos medios altamente corrosivos, como el \u00e1cido clorh\u00eddrico o el \u00e1cido sulf\u00farico en altas concentraciones, su resistencia a la corrosi\u00f3n puede verse comprometida. La selecci\u00f3n adecuada del grado del material es esencial para estos entornos.<\/p>\n<p><strong>Pasivaci\u00f3n:<\/strong><\/p>\n<p>Tras la exposici\u00f3n al aire o tras el tratamiento de pasivaci\u00f3n, se forma una densa pel\u00edcula de pasivaci\u00f3n sobre la superficie de las bobinas de acero inoxidable 316L. Esta pel\u00edcula de pasivaci\u00f3n mejora la resistencia a la corrosi\u00f3n y a la oxidaci\u00f3n. El tratamiento de pasivaci\u00f3n suele implicar la inmersi\u00f3n de la bobina de acero inoxidable en una soluci\u00f3n que contiene un oxidante, como \u00e1cido n\u00edtrico o \u00e1cido c\u00edtrico, para promover la formaci\u00f3n y reparaci\u00f3n de la capa protectora.<\/p>\n<h2><img decoding=\"async\" class=\"alignnone size-full wp-image-214\" src=\"https:\/\/baolongtaisteel.com\/wp-content\/uploads\/2025\/04\/bce43220172ffa3885c6d1015add1ec4_\u55e8\u683c\u5f0f\u538b\u7f29\u526f\u672c_\u7ed3\u679c.webp\" alt=\"\" width=\"1918\" height=\"798\" srcset=\"https:\/\/baolongtaisteel.com\/wp-content\/uploads\/2025\/04\/bce43220172ffa3885c6d1015add1ec4_\u55e8\u683c\u5f0f\u538b\u7f29\u526f\u672c_\u7ed3\u679c.webp 1918w, https:\/\/baolongtaisteel.com\/wp-content\/uploads\/2025\/04\/bce43220172ffa3885c6d1015add1ec4_\u55e8\u683c\u5f0f\u538b\u7f29\u526f\u672c_\u7ed3\u679c-600x250.webp 600w, https:\/\/baolongtaisteel.com\/wp-content\/uploads\/2025\/04\/bce43220172ffa3885c6d1015add1ec4_\u55e8\u683c\u5f0f\u538b\u7f29\u526f\u672c_\u7ed3\u679c-300x125.webp 300w, https:\/\/baolongtaisteel.com\/wp-content\/uploads\/2025\/04\/bce43220172ffa3885c6d1015add1ec4_\u55e8\u683c\u5f0f\u538b\u7f29\u526f\u672c_\u7ed3\u679c-1024x426.webp 1024w, https:\/\/baolongtaisteel.com\/wp-content\/uploads\/2025\/04\/bce43220172ffa3885c6d1015add1ec4_\u55e8\u683c\u5f0f\u538b\u7f29\u526f\u672c_\u7ed3\u679c-768x320.webp 768w, https:\/\/baolongtaisteel.com\/wp-content\/uploads\/2025\/04\/bce43220172ffa3885c6d1015add1ec4_\u55e8\u683c\u5f0f\u538b\u7f29\u526f\u672c_\u7ed3\u679c-1536x639.webp 1536w\" sizes=\"(max-width: 1918px) 100vw, 1918px\" \/><\/h2>\n<h2><strong>Solicitud:<\/strong><\/h2>\n<p data-spm-anchor-id=\"a2ty_o01.29997173.0.i117.1a70c921yaavsG\">Las bobinas de acero inoxidable 316L se utilizan ampliamente en diversos campos gracias a su excelente resistencia a la corrosi\u00f3n, alta resistencia mec\u00e1nica y buena conformabilidad. En la industria m\u00e9dica, se emplean para fabricar instrumental quir\u00fargico, implantes y equipos farmac\u00e9uticos, garantizando la biocompatibilidad y la esterilidad. En la industria alimentaria, se emplean para producir superficies higi\u00e9nicas, tanques de almacenamiento y sistemas de transporte, cumpliendo con estrictas normas de higiene. En entornos marinos, se emplean en la construcci\u00f3n naval, plataformas marinas y plantas de desalinizaci\u00f3n de agua de mar gracias a su resistencia a la corrosi\u00f3n inducida por cloruros. Adem\u00e1s, en las industrias qu\u00edmica y petroqu\u00edmica, las bobinas de acero inoxidable 316L son indispensables para la fabricaci\u00f3n de reactores, intercambiadores de calor, v\u00e1lvulas y tuber\u00edas. Su capacidad de adaptarse a condiciones de trabajo complejas las convierte en la opci\u00f3n preferida en diversas industrias.<\/p>","protected":false},"excerpt":{"rendered":"<h4 class=\"elementor-heading-title elementor-size-default\" style=\"text-align: center; padding-bottom: 30px;\">Bobina de acero inoxidable 316L<\/h4>\n<div>La bobina de acero inoxidable 316L es un acero inoxidable austen\u00edtico bajo en carbono con excelente resistencia a la corrosi\u00f3n, a altas temperaturas y a la erosi\u00f3n por cloruros. Su superficie es lisa y se puede pulir o cepillar seg\u00fan sea necesario, lo que la hace est\u00e9tica e higi\u00e9nica. Se utiliza ampliamente en la industria qu\u00edmica, la ingenier\u00eda naval, el procesamiento de alimentos, los equipos m\u00e9dicos y otros campos, siendo especialmente adecuada para entornos altamente corrosivos. Su bajo contenido de carbono (inferior a 0,031 TP3T) mejora el rendimiento de la soldadura y la resistencia a la corrosi\u00f3n intergranular, lo que la convierte en la opci\u00f3n ideal para entornos industriales hostiles.<\/div>\n<div>\n<hr class=\"dongte456custom-line\" \/>\n<\/div>\n<div style=\"padding-bottom: 5px;\">Categor\u00eda: Bobina de acero inoxidable 316L<\/div>\n<div>Palabra clave: bobina de acero inoxidable 316L<\/div>\n<div>\n<hr \/>\n<\/div>\n<p><img loading=\"lazy\" decoding=\"async\" class=\"alignnone wp-image-257\" src=\"https:\/\/baolongtaisteel.com\/wp-content\/uploads\/2025\/04\/\u7535\u8bdd\u56fe\u6807.jpg\" alt=\"\" width=\"48\" height=\"50\" \/>\u00a0 WhatsApp:<a href=\"https:\/\/api.whatsapp.com\/send?phone=8613963585512\" target=\"_blank\" rel=\"noopener\">\u00a0+8613963585512 <\/a><\/p>\n<div>\n<hr \/>\n<\/div>\n<p><img loading=\"lazy\" decoding=\"async\" class=\"alignnone wp-image-258\" src=\"https:\/\/baolongtaisteel.com\/wp-content\/uploads\/2025\/04\/\u90ae\u7bb1\u56fe\u6807.jpg\" alt=\"\" width=\"48\" height=\"55\" \/>\u00a0\u00a0Correo electr\u00f3nico : <a href=\"rachel@sdxhjmetal.com\" target=\"_blank\" rel=\"noopener\">\u00a0rachel@sdxhjmetal.com<\/a><\/p>\n<div>\n<hr \/>\n<\/div>\n<h3><\/h3>\n<div class=\"productaddbutton-container\">\n<div class=\"productaddbutton-wrapper\"><a class=\"productaddbutton\" href=\"https:\/\/baolongtaisteel.com\/index.php\/product\/\">Lista de productos<\/a><\/div>\n<div class=\"productaddbutton-wrapper\"><a class=\"productaddbutton\" href=\"#formSectiondongte\">Cont\u00e1ctanos<\/a><\/div>\n<\/div>\n<div><\/div>","protected":false},"featured_media":204,"comment_status":"open","ping_status":"closed","template":"","meta":[],"product_brand":[],"product_cat":[16],"product_tag":[],"class_list":{"0":"post-113","1":"product","2":"type-product","3":"status-publish","4":"has-post-thumbnail","6":"product_cat-stainless-steel","8":"first","9":"instock","10":"shipping-taxable","11":"product-type-simple"},"_links":{"self":[{"href":"https:\/\/baolongtaisteel.com\/es\/wp-json\/wp\/v2\/product\/113","targetHints":{"allow":["GET"]}}],"collection":[{"href":"https:\/\/baolongtaisteel.com\/es\/wp-json\/wp\/v2\/product"}],"about":[{"href":"https:\/\/baolongtaisteel.com\/es\/wp-json\/wp\/v2\/types\/product"}],"replies":[{"embeddable":true,"href":"https:\/\/baolongtaisteel.com\/es\/wp-json\/wp\/v2\/comments?post=113"}],"wp:featuredmedia":[{"embeddable":true,"href":"https:\/\/baolongtaisteel.com\/es\/wp-json\/wp\/v2\/media\/204"}],"wp:attachment":[{"href":"https:\/\/baolongtaisteel.com\/es\/wp-json\/wp\/v2\/media?parent=113"}],"wp:term":[{"taxonomy":"product_brand","embeddable":true,"href":"https:\/\/baolongtaisteel.com\/es\/wp-json\/wp\/v2\/product_brand?post=113"},{"taxonomy":"product_cat","embeddable":true,"href":"https:\/\/baolongtaisteel.com\/es\/wp-json\/wp\/v2\/product_cat?post=113"},{"taxonomy":"product_tag","embeddable":true,"href":"https:\/\/baolongtaisteel.com\/es\/wp-json\/wp\/v2\/product_tag?post=113"}],"curies":[{"name":"wp","href":"https:\/\/api.w.org\/{rel}","templated":true}]}}