{"id":114,"date":"2025-04-25T16:08:03","date_gmt":"2025-04-25T08:08:03","guid":{"rendered":"https:\/\/baolongtaisteel.com\/?post_type=product&#038;p=114"},"modified":"2025-04-25T16:08:03","modified_gmt":"2025-04-25T08:08:03","slug":"acero-inoxidable-acero-plano","status":"publish","type":"product","link":"https:\/\/baolongtaisteel.com\/es\/product\/acero-inoxidable-acero-plano\/","title":{"rendered":"Acero plano de acero inoxidable"},"content":{"rendered":"<h2 data-spm-anchor-id=\"a2ty_o01.29997173.0.i130.1a70c921yaavsG\">\u00a0<img fetchpriority=\"high\" decoding=\"async\" class=\"alignnone size-full wp-image-233\" src=\"https:\/\/baolongtaisteel.com\/wp-content\/uploads\/2025\/04\/499563dcac6e597ba757f7becc9bf222_\u55e8\u683c\u5f0f\u538b\u7f29\u526f\u672c_\u7ed3\u679c.webp\" alt=\"\" width=\"1920\" height=\"1200\" srcset=\"https:\/\/baolongtaisteel.com\/wp-content\/uploads\/2025\/04\/499563dcac6e597ba757f7becc9bf222_\u55e8\u683c\u5f0f\u538b\u7f29\u526f\u672c_\u7ed3\u679c.webp 1920w, https:\/\/baolongtaisteel.com\/wp-content\/uploads\/2025\/04\/499563dcac6e597ba757f7becc9bf222_\u55e8\u683c\u5f0f\u538b\u7f29\u526f\u672c_\u7ed3\u679c-600x375.webp 600w, https:\/\/baolongtaisteel.com\/wp-content\/uploads\/2025\/04\/499563dcac6e597ba757f7becc9bf222_\u55e8\u683c\u5f0f\u538b\u7f29\u526f\u672c_\u7ed3\u679c-300x188.webp 300w, https:\/\/baolongtaisteel.com\/wp-content\/uploads\/2025\/04\/499563dcac6e597ba757f7becc9bf222_\u55e8\u683c\u5f0f\u538b\u7f29\u526f\u672c_\u7ed3\u679c-1024x640.webp 1024w, https:\/\/baolongtaisteel.com\/wp-content\/uploads\/2025\/04\/499563dcac6e597ba757f7becc9bf222_\u55e8\u683c\u5f0f\u538b\u7f29\u526f\u672c_\u7ed3\u679c-768x480.webp 768w, https:\/\/baolongtaisteel.com\/wp-content\/uploads\/2025\/04\/499563dcac6e597ba757f7becc9bf222_\u55e8\u683c\u5f0f\u538b\u7f29\u526f\u672c_\u7ed3\u679c-1536x960.webp 1536w\" sizes=\"(max-width: 1920px) 100vw, 1920px\" \/> Tabla de detalles del producto:<\/h2>\n<table class=\"tg\" style=\"border-collapse: collapse; border-spacing: 0;\">\n<thead>\n<tr>\n<th style=\"background-color: #9b9b9b; color: #ffffff; font-family: Arial, sans-serif; font-size: 14px; font-weight: bold; overflow: hidden; padding: 10px 5px; text-align: left; vertical-align: middle; word-break: normal; border: 1px solid black;\"><span style=\"font-weight: 600;\">Art\u00edculo<\/span><\/th>\n<th style=\"background-color: #9b9b9b; color: #ffffff; font-family: Arial, sans-serif; font-size: 14px; font-weight: bold; overflow: hidden; padding: 10px 5px; text-align: left; vertical-align: middle; word-break: normal; border: 1px solid black;\"><span style=\"font-weight: 600;\">Detalles<\/span><\/th>\n<\/tr>\n<\/thead>\n<tbody>\n<tr>\n<td style=\"background-color: #fff; font-family: Arial, sans-serif; font-size: 14px; overflow: hidden; padding: 10px 5px; text-align: left; vertical-align: middle; word-break: normal; border: 1px solid black;\"><span style=\"font-weight: 400; color: var(--md-box-samantha-normal-text-color);\">Modelo NO.<\/span><\/td>\n<td style=\"background-color: #fff; font-family: Arial, sans-serif; font-size: 14px; overflow: hidden; padding: 10px 5px; text-align: left; vertical-align: middle; word-break: normal; border: 1px solid black;\"><span style=\"font-weight: 400; color: var(--md-box-samantha-normal-text-color);\">304, 316, 316L, 201, 410<\/span><\/td>\n<\/tr>\n<tr>\n<td style=\"background-color: #efefef; font-family: Arial, sans-serif; font-size: 14px; overflow: hidden; padding: 10px 5px; text-align: left; vertical-align: middle; word-break: normal; border: 1px solid black;\"><span style=\"font-weight: 400; color: var(--md-box-samantha-normal-text-color);\">Proceso de dar un t\u00edtulo<\/span><\/td>\n<td style=\"background-color: #efefef; font-family: Arial, sans-serif; font-size: 14px; overflow: hidden; padding: 10px 5px; text-align: left; vertical-align: middle; word-break: normal; border: 1px solid black;\"><span style=\"font-weight: 400; color: var(--md-box-samantha-normal-text-color);\">ISO, RoHS, ABS<\/span><\/td>\n<\/tr>\n<tr>\n<td style=\"background-color: #fff; font-family: Arial, sans-serif; font-size: 14px; overflow: hidden; padding: 10px 5px; text-align: left; vertical-align: middle; word-break: normal; border: 1px solid black;\"><span style=\"font-weight: 400; color: var(--md-box-samantha-normal-text-color);\">Superficie<\/span><\/td>\n<td style=\"background-color: #fff; font-family: Arial, sans-serif; font-size: 14px; overflow: hidden; padding: 10px 5px; text-align: left; vertical-align: middle; word-break: normal; border: 1px solid black;\"><span style=\"font-weight: 400; color: var(--md-box-samantha-normal-text-color);\">2B\/Ba<\/span><\/td>\n<\/tr>\n<tr>\n<td style=\"background-color: #efefef; font-family: Arial, sans-serif; font-size: 14px; overflow: hidden; padding: 10px 5px; text-align: left; vertical-align: middle; word-break: normal; border: 1px solid black;\"><span style=\"font-weight: 400; color: var(--md-box-samantha-normal-text-color);\">Longitud<\/span><\/td>\n<td style=\"background-color: #efefef; font-family: Arial, sans-serif; font-size: 14px; overflow: hidden; padding: 10px 5px; text-align: left; vertical-align: middle; word-break: normal; border: 1px solid black;\"><span style=\"font-weight: 400; color: var(--md-box-samantha-normal-text-color);\">5-12 meses<\/span><\/td>\n<\/tr>\n<tr>\n<td style=\"background-color: #fff; font-family: Arial, sans-serif; font-size: 14px; overflow: hidden; padding: 10px 5px; text-align: left; vertical-align: middle; word-break: normal; border: 1px solid black;\"><span style=\"font-weight: 400; color: var(--md-box-samantha-normal-text-color);\">El tiempo de entrega<\/span><\/td>\n<td style=\"background-color: #fff; font-family: Arial, sans-serif; font-size: 14px; overflow: hidden; padding: 10px 5px; text-align: left; vertical-align: middle; word-break: normal; border: 1px solid black;\"><span style=\"font-weight: 400; color: var(--md-box-samantha-normal-text-color);\">7-10 d\u00edas laborables<\/span><\/td>\n<\/tr>\n<tr>\n<td style=\"background-color: #efefef; font-family: Arial, sans-serif; font-size: 14px; overflow: hidden; padding: 10px 5px; text-align: left; vertical-align: middle; word-break: normal; border: 1px solid black;\"><span style=\"font-weight: 400; color: var(--md-box-samantha-normal-text-color);\">Cantidad m\u00ednima de pedido<\/span><\/td>\n<td style=\"background-color: #efefef; font-family: Arial, sans-serif; font-size: 14px; overflow: hidden; padding: 10px 5px; text-align: left; vertical-align: middle; word-break: normal; border: 1px solid black;\"><span style=\"font-weight: 400; color: var(--md-box-samantha-normal-text-color);\">1 tonelada<\/span><\/td>\n<\/tr>\n<tr>\n<td style=\"background-color: #fff; font-family: Arial, sans-serif; font-size: 14px; overflow: hidden; padding: 10px 5px; text-align: left; vertical-align: middle; word-break: normal; border: 1px solid black;\"><span style=\"font-weight: 400; color: var(--md-box-samantha-normal-text-color);\">Paquete de transporte<\/span><\/td>\n<td style=\"background-color: #fff; font-family: Arial, sans-serif; font-size: 14px; overflow: hidden; padding: 10px 5px; text-align: left; vertical-align: middle; word-break: normal; border: 1px solid black;\"><span style=\"font-weight: 400; color: var(--md-box-samantha-normal-text-color);\">Embalaje est\u00e1ndar para transporte mar\u00edtimo<\/span><\/td>\n<\/tr>\n<tr>\n<td style=\"background-color: #efefef; font-family: Arial, sans-serif; font-size: 14px; overflow: hidden; padding: 10px 5px; text-align: left; vertical-align: middle; word-break: normal; border: 1px solid black;\"><span style=\"font-weight: 400; color: var(--md-box-samantha-normal-text-color);\">Especificaci\u00f3n<\/span><\/td>\n<td style=\"background-color: #efefef; font-family: Arial, sans-serif; font-size: 14px; overflow: hidden; padding: 10px 5px; text-align: left; vertical-align: middle; word-break: normal; border: 1px solid black;\"><span style=\"font-weight: 400; color: var(--md-box-samantha-normal-text-color);\">Personalizable<\/span><\/td>\n<\/tr>\n<tr>\n<td style=\"background-color: #fff; font-family: Arial, sans-serif; font-size: 14px; overflow: hidden; padding: 10px 5px; text-align: left; vertical-align: middle; word-break: normal; border: 1px solid black;\"><span style=\"font-weight: 400; color: var(--md-box-samantha-normal-text-color);\">Origen<\/span><\/td>\n<td style=\"background-color: #fff; font-family: Arial, sans-serif; font-size: 14px; overflow: hidden; padding: 10px 5px; text-align: left; vertical-align: middle; word-break: normal; border: 1px solid black;\"><span style=\"font-weight: 400; color: var(--md-box-samantha-normal-text-color);\">Porcelana<\/span><\/td>\n<\/tr>\n<tr>\n<td style=\"background-color: #efefef; font-family: Arial, sans-serif; font-size: 14px; overflow: hidden; padding: 10px 5px; text-align: left; vertical-align: middle; word-break: normal; border: 1px solid black;\"><span style=\"font-weight: 400; color: var(--md-box-samantha-normal-text-color);\">Capacidad de producci\u00f3n<\/span><\/td>\n<td style=\"background-color: #efefef; font-family: Arial, sans-serif; font-size: 14px; overflow: hidden; padding: 10px 5px; text-align: left; vertical-align: middle; word-break: normal; border: 1px solid black;\"><span style=\"font-weight: 400; color: var(--md-box-samantha-normal-text-color);\">20000 toneladas por a\u00f1o<\/span><\/td>\n<\/tr>\n<\/tbody>\n<\/table>\n<h2 data-spm-anchor-id=\"a2ty_o01.29997173.0.i130.1a70c921yaavsG\"><img decoding=\"async\" class=\"alignnone size-full wp-image-232\" src=\"https:\/\/baolongtaisteel.com\/wp-content\/uploads\/2025\/04\/40badda15399ce57d09ec5469bc9d870_\u55e8\u683c\u5f0f\u538b\u7f29\u526f\u672c_\u7ed3\u679c.webp\" alt=\"\" width=\"1920\" height=\"1200\" srcset=\"https:\/\/baolongtaisteel.com\/wp-content\/uploads\/2025\/04\/40badda15399ce57d09ec5469bc9d870_\u55e8\u683c\u5f0f\u538b\u7f29\u526f\u672c_\u7ed3\u679c.webp 1920w, https:\/\/baolongtaisteel.com\/wp-content\/uploads\/2025\/04\/40badda15399ce57d09ec5469bc9d870_\u55e8\u683c\u5f0f\u538b\u7f29\u526f\u672c_\u7ed3\u679c-600x375.webp 600w, https:\/\/baolongtaisteel.com\/wp-content\/uploads\/2025\/04\/40badda15399ce57d09ec5469bc9d870_\u55e8\u683c\u5f0f\u538b\u7f29\u526f\u672c_\u7ed3\u679c-300x188.webp 300w, https:\/\/baolongtaisteel.com\/wp-content\/uploads\/2025\/04\/40badda15399ce57d09ec5469bc9d870_\u55e8\u683c\u5f0f\u538b\u7f29\u526f\u672c_\u7ed3\u679c-1024x640.webp 1024w, https:\/\/baolongtaisteel.com\/wp-content\/uploads\/2025\/04\/40badda15399ce57d09ec5469bc9d870_\u55e8\u683c\u5f0f\u538b\u7f29\u526f\u672c_\u7ed3\u679c-768x480.webp 768w, https:\/\/baolongtaisteel.com\/wp-content\/uploads\/2025\/04\/40badda15399ce57d09ec5469bc9d870_\u55e8\u683c\u5f0f\u538b\u7f29\u526f\u672c_\u7ed3\u679c-1536x960.webp 1536w\" sizes=\"(max-width: 1920px) 100vw, 1920px\" \/><\/h2>\n<h2>Propiedades f\u00edsicas y qu\u00edmicas:<\/h2>\n<h3><strong>Propiedades f\u00edsicas<\/strong><\/h3>\n<p><strong>Apariencia:<\/strong><\/p>\n<p>Suele presentar un color blanco plateado met\u00e1lico, con una superficie lisa y un alto brillo. Se pueden obtener diferentes efectos superficiales mediante distintos tratamientos, como el pulido espejo, el cepillado, etc. Las barras planas de acero inoxidable son muy apreciadas por su atractivo est\u00e9tico y resistencia a la corrosi\u00f3n, lo que las hace ideales tanto para aplicaciones funcionales como decorativas.<\/p>\n<p><strong>Densidad:<\/strong><\/p>\n<p>La densidad suele estar entre 7,93 y 8,00 g\/cm\u00b3. Por ejemplo, la densidad de la barra plana de acero inoxidable 304, com\u00fanmente utilizada, es de aproximadamente 7,93 g\/cm\u00b3, y la de la barra plana de acero inoxidable 316 es de aproximadamente 7,98 g\/cm\u00b3, ligeramente superior a la del acero al carbono com\u00fan.<\/p>\n<p><strong>Punto de fusi\u00f3n:<\/strong><\/p>\n<p>El punto de fusi\u00f3n es relativamente alto, generalmente entre 1398 y 1454 \u00b0C. Por ejemplo, el punto de fusi\u00f3n del acero inoxidable 304 es de aproximadamente 1400 a 1450 \u00b0C, lo que le confiere una buena estabilidad en entornos de alta temperatura.<\/p>\n<p><strong>Coeficiente de expansi\u00f3n t\u00e9rmica:<\/strong><\/p>\n<p>El coeficiente de expansi\u00f3n t\u00e9rmica es relativamente bajo. En el rango de temperatura ambiente a 100 \u00b0C, el coeficiente de expansi\u00f3n t\u00e9rmica del acero inoxidable 304 es de aproximadamente 17,2 \u00d7 10\u207b\u2076\/\u2103. Esta caracter\u00edstica le permite mantener una buena estabilidad dimensional en entornos con grandes cambios de temperatura.<\/p>\n<p><strong>Conductividad t\u00e9rmica:<\/strong><\/p>\n<p>La conductividad t\u00e9rmica es pobre y su coeficiente de conductividad t\u00e9rmica es de aproximadamente 16 \u2013 27 W\/(m\u30fbK), que es mucho m\u00e1s bajo que el del cobre, aluminio y otros metales, por lo que tiene cierto rendimiento de aislamiento t\u00e9rmico.<\/p>\n<p><strong>Conductividad el\u00e9ctrica:<\/strong><\/p>\n<p>Tiene cierta conductividad el\u00e9ctrica, pero es relativamente baja. La conductividad del acero inoxidable 304 es de aproximadamente 1,4 \u00d7 10\u2076 S\/m, que equivale tan solo a un 41 TP3T de la conductividad del cobre.<\/p>\n<h2 data-spm-anchor-id=\"a2ty_o01.29997173.0.i130.1a70c921yaavsG\"><img decoding=\"async\" class=\"alignnone size-full wp-image-234\" src=\"https:\/\/baolongtaisteel.com\/wp-content\/uploads\/2025\/04\/6b945bf5526c01ff9b13f48f86f02e78_\u55e8\u683c\u5f0f\u538b\u7f29\u526f\u672c_\u7ed3\u679c.webp\" alt=\"\" width=\"1920\" height=\"1200\" srcset=\"https:\/\/baolongtaisteel.com\/wp-content\/uploads\/2025\/04\/6b945bf5526c01ff9b13f48f86f02e78_\u55e8\u683c\u5f0f\u538b\u7f29\u526f\u672c_\u7ed3\u679c.webp 1920w, https:\/\/baolongtaisteel.com\/wp-content\/uploads\/2025\/04\/6b945bf5526c01ff9b13f48f86f02e78_\u55e8\u683c\u5f0f\u538b\u7f29\u526f\u672c_\u7ed3\u679c-600x375.webp 600w, https:\/\/baolongtaisteel.com\/wp-content\/uploads\/2025\/04\/6b945bf5526c01ff9b13f48f86f02e78_\u55e8\u683c\u5f0f\u538b\u7f29\u526f\u672c_\u7ed3\u679c-300x188.webp 300w, https:\/\/baolongtaisteel.com\/wp-content\/uploads\/2025\/04\/6b945bf5526c01ff9b13f48f86f02e78_\u55e8\u683c\u5f0f\u538b\u7f29\u526f\u672c_\u7ed3\u679c-1024x640.webp 1024w, https:\/\/baolongtaisteel.com\/wp-content\/uploads\/2025\/04\/6b945bf5526c01ff9b13f48f86f02e78_\u55e8\u683c\u5f0f\u538b\u7f29\u526f\u672c_\u7ed3\u679c-768x480.webp 768w, https:\/\/baolongtaisteel.com\/wp-content\/uploads\/2025\/04\/6b945bf5526c01ff9b13f48f86f02e78_\u55e8\u683c\u5f0f\u538b\u7f29\u526f\u672c_\u7ed3\u679c-1536x960.webp 1536w\" sizes=\"(max-width: 1920px) 100vw, 1920px\" \/><\/h2>\n<h2><strong>Propiedades qu\u00edmicas<\/strong><\/h2>\n<p><strong>Resistencia a la corrosi\u00f3n:<\/strong><\/p>\n<p>Esta es una de las propiedades qu\u00edmicas m\u00e1s importantes de las barras planas de acero inoxidable. Gracias a la formaci\u00f3n de una densa pel\u00edcula de pasivaci\u00f3n en su superficie, esta pel\u00edcula impide el contacto del ox\u00edgeno, el agua, etc., con la matriz met\u00e1lica, previniendo as\u00ed eficazmente la corrosi\u00f3n. Por ejemplo, el acero inoxidable 304 presenta una buena resistencia a la corrosi\u00f3n en entornos como la atm\u00f3sfera, el agua, \u00e1cidos y \u00e1lcalis d\u00e9biles; el acero inoxidable 316 contiene molibdeno, que es m\u00e1s resistente a la corrosi\u00f3n por iones cloruro y se utiliza a menudo en entornos marinos o qu\u00edmicos expuestos a iones cloruro.<\/p>\n<p><strong>Antioxidaci\u00f3n:<\/strong><\/p>\n<p>Las barras planas de acero inoxidable ofrecen buena resistencia a la oxidaci\u00f3n tanto a temperatura ambiente como a temperaturas m\u00e1s altas. Por ejemplo, las barras planas de acero inoxidable 310S pueden soportar altas temperaturas en entornos de alta temperatura sin oxidarse f\u00e1cilmente, y pueden utilizarse en componentes de hornos de alta temperatura y en otras ocasiones.<\/p>\n<p><strong>Estabilidad qu\u00edmica:<\/strong><\/p>\n<p>En medios qu\u00edmicos generales, las barras planas de acero inoxidable presentan una alta estabilidad qu\u00edmica y no reaccionan f\u00e1cilmente con sustancias qu\u00edmicas comunes. Sin embargo, en ciertos medios altamente corrosivos, como el \u00e1cido n\u00edtrico concentrado, el \u00e1cido fluorh\u00eddrico, etc., la resistencia a la corrosi\u00f3n de las barras planas de acero inoxidable puede verse afectada.<\/p>\n<p><strong>Pasivaci\u00f3n:<\/strong><\/p>\n<p>Tras la exposici\u00f3n al aire o tras el tratamiento de pasivaci\u00f3n, la barra plana de acero inoxidable forma una pel\u00edcula de pasivaci\u00f3n en su superficie. Esta pel\u00edcula puede mejorar la resistencia a la corrosi\u00f3n y a la oxidaci\u00f3n del acero inoxidable. El tratamiento de pasivaci\u00f3n suele consistir en sumergir la barra plana de acero inoxidable en una soluci\u00f3n que contiene un oxidante, como \u00e1cido n\u00edtrico, dicromato de potasio, etc., para promover la formaci\u00f3n y reparaci\u00f3n de la pel\u00edcula de pasivaci\u00f3n.<\/p>\n<h2><strong>Solicitud:<\/strong><\/h2>\n<p data-spm-anchor-id=\"a2ty_o01.29997173.0.i129.1a70c921yaavsG\">Las barras planas de acero inoxidable se utilizan ampliamente en diversos campos gracias a su excelente resistencia a la corrosi\u00f3n, alta resistencia y buen rendimiento de procesamiento. En el sector de dispositivos m\u00e9dicos, se emplean para fabricar instrumental quir\u00fargico, implantes, etc., y su esterilidad y biocompatibilidad garantizan la seguridad. En la industria de la decoraci\u00f3n de edificios, se emplean a menudo para crear barandillas, pasamanos, marcos y esculturas art\u00edsticas, combinando belleza y durabilidad. En la fabricaci\u00f3n mec\u00e1nica, se pueden procesar en componentes clave como bastidores de m\u00e1quinas, estructuras de soporte y soportes para garantizar el funcionamiento estable de los equipos. En la industria alimentaria, las barras planas de acero inoxidable se utilizan para construir bastidores de maquinaria, sistemas de transporte y estanter\u00edas de almacenamiento, cumpliendo con estrictas normas de higiene. Adem\u00e1s, en los sectores de equipos qu\u00edmicos, electrodom\u00e9sticos, etc., las barras planas de acero inoxidable tambi\u00e9n son indispensables. Se utilizan para fabricar soportes estructurales para reactores, marcos para v\u00e1lvulas y carcasas para equipos electr\u00f3nicos, adapt\u00e1ndose bien a entornos de trabajo complejos.<\/p>\n<p>&nbsp;<\/p>","protected":false},"excerpt":{"rendered":"<h4 class=\"elementor-heading-title elementor-size-default\" style=\"text-align: center; padding-bottom: 30px;\">Acero plano de acero inoxidable<\/h4>\n<div>Las barras planas de acero inoxidable son perfiles de acero inoxidable con secci\u00f3n transversal rectangular. Presentan una excelente resistencia a la corrosi\u00f3n, alta resistencia y un buen rendimiento de procesamiento. Su superficie es lisa y se puede procesar mediante pulido, trefilado, etc., combinando est\u00e9tica y practicidad. Se utilizan ampliamente en campos como estructuras de construcci\u00f3n, equipos mec\u00e1nicos, equipos qu\u00edmicos, procesamiento de alimentos y proyectos de decoraci\u00f3n, siendo especialmente adecuadas para entornos h\u00famedos o corrosivos. Las barras planas de acero inoxidable se pueden personalizar en espesor y ancho seg\u00fan los requisitos para satisfacer diversas necesidades industriales y son un material indispensable e importante en la industria moderna y los proyectos de construcci\u00f3n.<\/div>\n<div>\n<hr class=\"dongte456custom-line\" \/>\n<\/div>\n<div style=\"padding-bottom: 5px;\">Categor\u00eda: Acero inoxidable plano<\/div>\n<div>Palabra clave: Acero inoxidable, acero plano<\/div>\n<div>\n<hr \/>\n<\/div>\n<p><img loading=\"lazy\" decoding=\"async\" class=\"alignnone wp-image-257\" src=\"https:\/\/baolongtaisteel.com\/wp-content\/uploads\/2025\/04\/\u7535\u8bdd\u56fe\u6807.jpg\" alt=\"\" width=\"48\" height=\"50\" \/>\u00a0 WhatsApp:<a href=\"https:\/\/api.whatsapp.com\/send?phone=8613963585512\" target=\"_blank\" rel=\"noopener\">\u00a0+8613963585512 <\/a><\/p>\n<div>\n<hr \/>\n<\/div>\n<p><img loading=\"lazy\" decoding=\"async\" class=\"alignnone wp-image-258\" src=\"https:\/\/baolongtaisteel.com\/wp-content\/uploads\/2025\/04\/\u90ae\u7bb1\u56fe\u6807.jpg\" alt=\"\" width=\"48\" height=\"55\" \/>\u00a0\u00a0Correo electr\u00f3nico : <a href=\"rachel@sdxhjmetal.com\" target=\"_blank\" rel=\"noopener\">\u00a0rachel@sdxhjmetal.com<\/a><\/p>\n<div>\n<hr \/>\n<\/div>\n<h3><\/h3>\n<div class=\"productaddbutton-container\">\n<div class=\"productaddbutton-wrapper\"><a class=\"productaddbutton\" href=\"https:\/\/baolongtaisteel.com\/index.php\/product\/\">Lista de productos<\/a><\/div>\n<div class=\"productaddbutton-wrapper\"><a class=\"productaddbutton\" href=\"#formSectiondongte\">Cont\u00e1ctanos<\/a><\/div>\n<\/div>\n<div><\/div>","protected":false},"featured_media":235,"comment_status":"open","ping_status":"closed","template":"","meta":[],"product_brand":[],"product_cat":[16],"product_tag":[],"class_list":{"0":"post-114","1":"product","2":"type-product","3":"status-publish","4":"has-post-thumbnail","6":"product_cat-stainless-steel","8":"first","9":"instock","10":"shipping-taxable","11":"product-type-simple"},"_links":{"self":[{"href":"https:\/\/baolongtaisteel.com\/es\/wp-json\/wp\/v2\/product\/114","targetHints":{"allow":["GET"]}}],"collection":[{"href":"https:\/\/baolongtaisteel.com\/es\/wp-json\/wp\/v2\/product"}],"about":[{"href":"https:\/\/baolongtaisteel.com\/es\/wp-json\/wp\/v2\/types\/product"}],"replies":[{"embeddable":true,"href":"https:\/\/baolongtaisteel.com\/es\/wp-json\/wp\/v2\/comments?post=114"}],"wp:featuredmedia":[{"embeddable":true,"href":"https:\/\/baolongtaisteel.com\/es\/wp-json\/wp\/v2\/media\/235"}],"wp:attachment":[{"href":"https:\/\/baolongtaisteel.com\/es\/wp-json\/wp\/v2\/media?parent=114"}],"wp:term":[{"taxonomy":"product_brand","embeddable":true,"href":"https:\/\/baolongtaisteel.com\/es\/wp-json\/wp\/v2\/product_brand?post=114"},{"taxonomy":"product_cat","embeddable":true,"href":"https:\/\/baolongtaisteel.com\/es\/wp-json\/wp\/v2\/product_cat?post=114"},{"taxonomy":"product_tag","embeddable":true,"href":"https:\/\/baolongtaisteel.com\/es\/wp-json\/wp\/v2\/product_tag?post=114"}],"curies":[{"name":"wp","href":"https:\/\/api.w.org\/{rel}","templated":true}]}}