{"id":119,"date":"2025-04-27T15:04:58","date_gmt":"2025-04-27T07:04:58","guid":{"rendered":"https:\/\/baolongtaisteel.com\/?post_type=product&#038;p=119"},"modified":"2025-04-27T15:20:09","modified_gmt":"2025-04-27T07:20:09","slug":"tubo-de-acero-al-carbono-astm-a106","status":"publish","type":"product","link":"https:\/\/baolongtaisteel.com\/es\/product\/tubo-de-acero-al-carbono-astm-a106\/","title":{"rendered":"Tubo de acero al carbono ASTM A106"},"content":{"rendered":"<h2 data-spm-anchor-id=\"a2ty_o01.29997173.0.i153.1a70c921yaavsG\">Tabla de detalles del producto:<\/h2>\n<table class=\"tg\" style=\"border-collapse: collapse; border-spacing: 0;\">\n<thead>\n<tr>\n<th style=\"background-color: #9b9b9b; color: #ffffff; font-family: Arial, sans-serif; font-size: 14px; font-weight: bold; overflow: hidden; padding: 10px 5px; text-align: center; vertical-align: middle; word-break: normal; border: 1px solid black;\"><span style=\"font-weight: 600;\">Art\u00edculo<\/span><\/th>\n<th style=\"background-color: #9b9b9b; color: #ffffff; font-family: Arial, sans-serif; font-size: 14px; font-weight: bold; overflow: hidden; padding: 10px 5px; text-align: left; vertical-align: middle; word-break: normal; border: 1px solid black;\"><span style=\"font-weight: 600;\">Detalles<\/span><\/th>\n<\/tr>\n<\/thead>\n<tbody>\n<tr>\n<td style=\"background-color: #fff; font-family: Arial, sans-serif; font-size: 14px; overflow: hidden; padding: 10px 5px; text-align: center; vertical-align: middle; word-break: normal; border: 1px solid black;\"><span style=\"font-weight: 400; color: var(--md-box-samantha-normal-text-color);\">Modelo NO.<\/span><\/td>\n<td style=\"background-color: #fff; font-family: Arial, sans-serif; font-size: 14px; overflow: hidden; padding: 10px 5px; text-align: left; vertical-align: middle; word-break: normal; border: 1px solid black;\"><span style=\"font-weight: 400; color: var(--md-box-samantha-normal-text-color);\">Tubo de acero al carbono sin costura ASTM A106 Gr. B<\/span><\/td>\n<\/tr>\n<tr>\n<td style=\"background-color: #efefef; font-family: Arial, sans-serif; font-size: 14px; overflow: hidden; padding: 10px 5px; text-align: center; vertical-align: middle; word-break: normal; border: 1px solid black;\"><span style=\"font-weight: 400; color: var(--md-box-samantha-normal-text-color);\">Longitud de la tuber\u00eda<\/span><\/td>\n<td style=\"background-color: #efefef; font-family: Arial, sans-serif; font-size: 14px; overflow: hidden; padding: 10px 5px; text-align: left; vertical-align: middle; word-break: normal; border: 1px solid black;\"><span style=\"font-weight: 400; color: var(--md-box-samantha-normal-text-color);\">1 \u2013 12 m o seg\u00fan sea necesario<\/span><\/td>\n<\/tr>\n<tr>\n<td style=\"background-color: #fff; font-family: Arial, sans-serif; font-size: 14px; overflow: hidden; padding: 10px 5px; text-align: center; vertical-align: middle; word-break: normal; border: 1px solid black;\"><span style=\"font-weight: 400; color: var(--md-box-samantha-normal-text-color);\">Acabado de la superficie<\/span><\/td>\n<td style=\"background-color: #fff; font-family: Arial, sans-serif; font-size: 14px; overflow: hidden; padding: 10px 5px; text-align: left; vertical-align: middle; word-break: normal; border: 1px solid black;\"><span style=\"font-weight: 400; color: var(--md-box-samantha-normal-text-color);\">Negro o pintado<\/span><\/td>\n<\/tr>\n<tr>\n<td style=\"background-color: #efefef; font-family: Arial, sans-serif; font-size: 14px; overflow: hidden; padding: 10px 5px; text-align: center; vertical-align: middle; word-break: normal; border: 1px solid black;\"><span style=\"font-weight: 400; color: var(--md-box-samantha-normal-text-color);\">Nombre del producto<\/span><\/td>\n<td style=\"background-color: #efefef; font-family: Arial, sans-serif; font-size: 14px; overflow: hidden; padding: 10px 5px; text-align: left; vertical-align: middle; word-break: normal; border: 1px solid black;\"><span style=\"font-weight: 400; color: var(--md-box-samantha-normal-text-color);\">Tubo de acero al carbono sin costura<\/span><\/td>\n<\/tr>\n<tr>\n<td style=\"background-color: #fff; font-family: Arial, sans-serif; font-size: 14px; overflow: hidden; padding: 10px 5px; text-align: center; vertical-align: middle; word-break: normal; border: 1px solid black;\"><span style=\"font-weight: 400; color: var(--md-box-samantha-normal-text-color);\">Grado del material<\/span><\/td>\n<td style=\"background-color: #fff; font-family: Arial, sans-serif; font-size: 14px; overflow: hidden; padding: 10px 5px; text-align: left; vertical-align: middle; word-break: normal; border: 1px solid black;\"><span style=\"font-weight: 400; color: var(--md-box-samantha-normal-text-color);\">ASTM A106 Grb<\/span><\/td>\n<\/tr>\n<tr>\n<td style=\"background-color: #efefef; font-family: Arial, sans-serif; font-size: 14px; overflow: hidden; padding: 10px 5px; text-align: center; vertical-align: middle; word-break: normal; border: 1px solid black;\"><span style=\"font-weight: 400; color: var(--md-box-samantha-normal-text-color);\">Tipo<\/span><\/td>\n<td style=\"background-color: #efefef; font-family: Arial, sans-serif; font-size: 14px; overflow: hidden; padding: 10px 5px; text-align: left; vertical-align: middle; word-break: normal; border: 1px solid black;\"><span style=\"font-weight: 400; color: var(--md-box-samantha-normal-text-color);\">Laminado en caliente<\/span><\/td>\n<\/tr>\n<tr>\n<td style=\"background-color: #fff; font-family: Arial, sans-serif; font-size: 14px; overflow: hidden; padding: 10px 5px; text-align: center; vertical-align: middle; word-break: normal; border: 1px solid black;\"><span style=\"font-weight: 400; color: var(--md-box-samantha-normal-text-color);\">Finaliza<\/span><\/td>\n<td style=\"background-color: #fff; font-family: Arial, sans-serif; font-size: 14px; overflow: hidden; padding: 10px 5px; text-align: left; vertical-align: middle; word-break: normal; border: 1px solid black;\"><span style=\"font-weight: 400; color: var(--md-box-samantha-normal-text-color);\">Liso, biselado, corte cuadrado<\/span><\/td>\n<\/tr>\n<tr>\n<td style=\"background-color: #efefef; font-family: Arial, sans-serif; font-size: 14px; overflow: hidden; padding: 10px 5px; text-align: center; vertical-align: middle; word-break: normal; border: 1px solid black;\"><span style=\"font-weight: 400; color: var(--md-box-samantha-normal-text-color);\">Superficie<\/span><\/td>\n<td style=\"background-color: #efefef; font-family: Arial, sans-serif; font-size: 14px; overflow: hidden; padding: 10px 5px; text-align: left; vertical-align: middle; word-break: normal; border: 1px solid black;\"><span style=\"font-weight: 400; color: var(--md-box-samantha-normal-text-color);\">Negro, brillante, galvanizado, pintado<\/span><\/td>\n<\/tr>\n<tr>\n<td style=\"background-color: #fff; font-family: Arial, sans-serif; font-size: 14px; overflow: hidden; padding: 10px 5px; text-align: center; vertical-align: middle; word-break: normal; border: 1px solid black;\"><span style=\"font-weight: 400; color: var(--md-box-samantha-normal-text-color);\">El tiempo de entrega<\/span><\/td>\n<td style=\"background-color: #fff; font-family: Arial, sans-serif; font-size: 14px; overflow: hidden; padding: 10px 5px; text-align: left; vertical-align: middle; word-break: normal; border: 1px solid black;\"><span style=\"font-weight: 400; color: var(--md-box-samantha-normal-text-color);\">15 \u2013 21 d\u00edas<\/span><\/td>\n<\/tr>\n<tr>\n<td style=\"background-color: #efefef; font-family: Arial, sans-serif; font-size: 14px; overflow: hidden; padding: 10px 5px; text-align: center; vertical-align: middle; word-break: normal; border: 1px solid black;\"><span style=\"font-weight: 400; color: var(--md-box-samantha-normal-text-color);\">Longitud<\/span><\/td>\n<td style=\"background-color: #efefef; font-family: Arial, sans-serif; font-size: 14px; overflow: hidden; padding: 10px 5px; text-align: left; vertical-align: middle; word-break: normal; border: 1px solid black;\"><span style=\"font-weight: 400; color: var(--md-box-samantha-normal-text-color);\">6 metros<\/span><\/td>\n<\/tr>\n<tr>\n<td style=\"background-color: #fff; font-family: Arial, sans-serif; font-size: 14px; overflow: hidden; padding: 10px 5px; text-align: center; vertical-align: middle; word-break: normal; border: 1px solid black;\"><span style=\"font-weight: 400; color: var(--md-box-samantha-normal-text-color);\">Material<\/span><\/td>\n<td style=\"background-color: #fff; font-family: Arial, sans-serif; font-size: 14px; overflow: hidden; padding: 10px 5px; text-align: left; vertical-align: middle; word-break: normal; border: 1px solid black;\"><span style=\"font-weight: 400; color: var(--md-box-samantha-normal-text-color);\">10#, 20#, 45#, 16 minutos<\/span><\/td>\n<\/tr>\n<tr>\n<td style=\"background-color: #efefef; font-family: Arial, sans-serif; font-size: 14px; overflow: hidden; padding: 10px 5px; text-align: center; vertical-align: middle; word-break: normal; border: 1px solid black;\"><span style=\"font-weight: 400; color: var(--md-box-samantha-normal-text-color);\">Tecnolog\u00eda<\/span><\/td>\n<td style=\"background-color: #efefef; font-family: Arial, sans-serif; font-size: 14px; overflow: hidden; padding: 10px 5px; text-align: left; vertical-align: middle; word-break: normal; border: 1px solid black;\"><span style=\"font-weight: 400; color: var(--md-box-samantha-normal-text-color);\">Laminado en caliente sin costura<\/span><\/td>\n<\/tr>\n<tr>\n<td style=\"background-color: #fff; font-family: Arial, sans-serif; font-size: 14px; overflow: hidden; padding: 10px 5px; text-align: center; vertical-align: middle; word-break: normal; border: 1px solid black;\"><span style=\"font-weight: 400; color: var(--md-box-samantha-normal-text-color);\">Espesor de la pared<\/span><\/td>\n<td style=\"background-color: #fff; font-family: Arial, sans-serif; font-size: 14px; overflow: hidden; padding: 10px 5px; text-align: left; vertical-align: middle; word-break: normal; border: 1px solid black;\"><span style=\"font-weight: 400; color: var(--md-box-samantha-normal-text-color);\">6 mm \u2013 70 mm<\/span><\/td>\n<\/tr>\n<tr>\n<td style=\"background-color: #efefef; font-family: Arial, sans-serif; font-size: 14px; overflow: hidden; padding: 10px 5px; text-align: center; vertical-align: middle; word-break: normal; border: 1px solid black;\"><span style=\"font-weight: 400; color: var(--md-box-samantha-normal-text-color);\">Paquete de transporte<\/span><\/td>\n<td style=\"background-color: #efefef; font-family: Arial, sans-serif; font-size: 14px; overflow: hidden; padding: 10px 5px; text-align: left; vertical-align: middle; word-break: normal; border: 1px solid black;\"><span style=\"font-weight: 400; color: var(--md-box-samantha-normal-text-color);\">Paquete est\u00e1ndar apto para navegar<\/span><\/td>\n<\/tr>\n<tr>\n<td style=\"background-color: #fff; font-family: Arial, sans-serif; font-size: 14px; overflow: hidden; padding: 10px 5px; text-align: center; vertical-align: middle; word-break: normal; border: 1px solid black;\"><span style=\"font-weight: 400; color: var(--md-box-samantha-normal-text-color);\">Especificaci\u00f3n<\/span><\/td>\n<td style=\"background-color: #fff; font-family: Arial, sans-serif; font-size: 14px; overflow: hidden; padding: 10px 5px; text-align: left; vertical-align: middle; word-break: normal; border: 1px solid black;\"><span style=\"font-weight: 400; color: var(--md-box-samantha-normal-text-color);\">DN40 \u2013 500<\/span><\/td>\n<\/tr>\n<tr>\n<td style=\"background-color: #efefef; font-family: Arial, sans-serif; font-size: 14px; overflow: hidden; padding: 10px 5px; text-align: center; vertical-align: middle; word-break: normal; border: 1px solid black;\"><span style=\"font-weight: 400; color: var(--md-box-samantha-normal-text-color);\">Origen<\/span><\/td>\n<td style=\"background-color: #efefef; font-family: Arial, sans-serif; font-size: 14px; overflow: hidden; padding: 10px 5px; text-align: left; vertical-align: middle; word-break: normal; border: 1px solid black;\"><span style=\"font-weight: 400; color: var(--md-box-samantha-normal-text-color);\">Porcelana<\/span><\/td>\n<\/tr>\n<tr>\n<td style=\"background-color: #fff; font-family: Arial, sans-serif; font-size: 14px; overflow: hidden; padding: 10px 5px; text-align: center; vertical-align: middle; word-break: normal; border: 1px solid black;\"><span style=\"font-weight: 400; color: var(--md-box-samantha-normal-text-color);\">Capacidad de producci\u00f3n<\/span><\/td>\n<td style=\"background-color: #fff; font-family: Arial, sans-serif; font-size: 14px; overflow: hidden; padding: 10px 5px; text-align: left; vertical-align: middle; word-break: normal; border: 1px solid black;\"><span style=\"font-weight: 400; color: var(--md-box-samantha-normal-text-color);\">50.000 toneladas al a\u00f1o<\/span><\/td>\n<\/tr>\n<\/tbody>\n<\/table>\n<h2><strong><img fetchpriority=\"high\" decoding=\"async\" class=\"alignnone size-full wp-image-308\" src=\"https:\/\/baolongtaisteel.com\/wp-content\/uploads\/2025\/04\/171c0756c04f400fdfe4c1a90eb5960c_\u55e8\u683c\u5f0f\u538b\u7f29\u526f\u672c_\u7ed3\u679c.webp\" alt=\"\" width=\"1917\" height=\"706\" srcset=\"https:\/\/baolongtaisteel.com\/wp-content\/uploads\/2025\/04\/171c0756c04f400fdfe4c1a90eb5960c_\u55e8\u683c\u5f0f\u538b\u7f29\u526f\u672c_\u7ed3\u679c.webp 1917w, https:\/\/baolongtaisteel.com\/wp-content\/uploads\/2025\/04\/171c0756c04f400fdfe4c1a90eb5960c_\u55e8\u683c\u5f0f\u538b\u7f29\u526f\u672c_\u7ed3\u679c-600x221.webp 600w, https:\/\/baolongtaisteel.com\/wp-content\/uploads\/2025\/04\/171c0756c04f400fdfe4c1a90eb5960c_\u55e8\u683c\u5f0f\u538b\u7f29\u526f\u672c_\u7ed3\u679c-300x110.webp 300w, https:\/\/baolongtaisteel.com\/wp-content\/uploads\/2025\/04\/171c0756c04f400fdfe4c1a90eb5960c_\u55e8\u683c\u5f0f\u538b\u7f29\u526f\u672c_\u7ed3\u679c-1024x377.webp 1024w, https:\/\/baolongtaisteel.com\/wp-content\/uploads\/2025\/04\/171c0756c04f400fdfe4c1a90eb5960c_\u55e8\u683c\u5f0f\u538b\u7f29\u526f\u672c_\u7ed3\u679c-768x283.webp 768w, https:\/\/baolongtaisteel.com\/wp-content\/uploads\/2025\/04\/171c0756c04f400fdfe4c1a90eb5960c_\u55e8\u683c\u5f0f\u538b\u7f29\u526f\u672c_\u7ed3\u679c-1536x566.webp 1536w\" sizes=\"(max-width: 1917px) 100vw, 1917px\" \/> \u00a0Propiedades f\u00edsicas y qu\u00edmicas:<\/strong><\/h2>\n<h3><strong>Propiedades f\u00edsicas<\/strong><\/h3>\n<h4><strong>Apariencia:<\/strong><\/h4>\n<p>Las tuber\u00edas de acero al carbono ASTM A106 suelen tener una apariencia gris o negra met\u00e1lica, con un acabado superficial liso. La superficie puede tratarse de diversas maneras, como galvanizado, pintura o recubrimiento, para mejorar la resistencia a la corrosi\u00f3n y la est\u00e9tica.<\/p>\n<p><strong>Densidad:<\/strong><\/p>\n<p>La densidad del acero al carbono ASTM A106 es de aproximadamente 7,85 g\/cm\u00b3, ligeramente superior a la del acero inoxidable. Esto lo convierte en un material denso y robusto, ideal para aplicaciones de alta presi\u00f3n.<\/p>\n<p><strong>Punto de fusi\u00f3n:<\/strong><\/p>\n<p>El punto de fusi\u00f3n del acero al carbono es relativamente alto, generalmente entre 1425 y 1540 \u00b0C. Este alto punto de fusi\u00f3n garantiza que las tuber\u00edas ASTM A106 mantengan su integridad estructural en entornos de alta temperatura, lo que las hace ideales para su uso en centrales el\u00e9ctricas y refiner\u00edas.<\/p>\n<h2><strong><img decoding=\"async\" class=\"wp-image-303 alignleft\" src=\"https:\/\/baolongtaisteel.com\/wp-content\/uploads\/2025\/04\/1\u9875\u9762\u7f29\u7565\u56fe_0006_\u56fe\u5c42-1_\u55e8\u683c\u5f0f\u538b\u7f29\u526f\u672c_\u7ed3\u679c.webp\" alt=\"\" width=\"669\" height=\"446\" srcset=\"https:\/\/baolongtaisteel.com\/wp-content\/uploads\/2025\/04\/1\u9875\u9762\u7f29\u7565\u56fe_0006_\u56fe\u5c42-1_\u55e8\u683c\u5f0f\u538b\u7f29\u526f\u672c_\u7ed3\u679c.webp 1920w, https:\/\/baolongtaisteel.com\/wp-content\/uploads\/2025\/04\/1\u9875\u9762\u7f29\u7565\u56fe_0006_\u56fe\u5c42-1_\u55e8\u683c\u5f0f\u538b\u7f29\u526f\u672c_\u7ed3\u679c-600x400.webp 600w, https:\/\/baolongtaisteel.com\/wp-content\/uploads\/2025\/04\/1\u9875\u9762\u7f29\u7565\u56fe_0006_\u56fe\u5c42-1_\u55e8\u683c\u5f0f\u538b\u7f29\u526f\u672c_\u7ed3\u679c-300x200.webp 300w, https:\/\/baolongtaisteel.com\/wp-content\/uploads\/2025\/04\/1\u9875\u9762\u7f29\u7565\u56fe_0006_\u56fe\u5c42-1_\u55e8\u683c\u5f0f\u538b\u7f29\u526f\u672c_\u7ed3\u679c-1024x683.webp 1024w, https:\/\/baolongtaisteel.com\/wp-content\/uploads\/2025\/04\/1\u9875\u9762\u7f29\u7565\u56fe_0006_\u56fe\u5c42-1_\u55e8\u683c\u5f0f\u538b\u7f29\u526f\u672c_\u7ed3\u679c-768x512.webp 768w, https:\/\/baolongtaisteel.com\/wp-content\/uploads\/2025\/04\/1\u9875\u9762\u7f29\u7565\u56fe_0006_\u56fe\u5c42-1_\u55e8\u683c\u5f0f\u538b\u7f29\u526f\u672c_\u7ed3\u679c-1536x1024.webp 1536w\" sizes=\"(max-width: 669px) 100vw, 669px\" \/><\/strong><\/h2>\n<p><strong>Coeficiente de expansi\u00f3n t\u00e9rmica:<\/strong><\/p>\n<p>El coeficiente de expansi\u00f3n t\u00e9rmica del acero al carbono ASTM A106 es de aproximadamente 12\u00d710\u207b\u2076\/\u2103 a temperatura ambiente. Este valor relativamente bajo permite que la tuber\u00eda mantenga su estabilidad dimensional incluso bajo fluctuaciones significativas de temperatura.<\/p>\n<p><strong>Conductividad t\u00e9rmica:<\/strong><\/p>\n<p>El acero al carbono tiene una conductividad t\u00e9rmica moderada, con un coeficiente de aproximadamente 50-55 W\/(m\u00b7K). Este coeficiente es superior al del acero inoxidable, pero inferior al de metales como el cobre o el aluminio, lo que lo hace adecuado para aplicaciones de transferencia de calor, a la vez que ofrece propiedades aislantes.<\/p>\n<p><strong>Conductividad el\u00e9ctrica:<\/strong><\/p>\n<p>El acero al carbono ASTM A106 tiene una conductividad el\u00e9ctrica relativamente baja en comparaci\u00f3n con metales como el cobre. Su conductividad es de aproximadamente 1,0 \u00d7 10\u2076 S\/m, lo que equivale aproximadamente a 2% de la conductividad del cobre.<\/p>\n<h3><strong>Propiedades qu\u00edmicas<\/strong><\/h3>\n<p><strong>Resistencia a la corrosi\u00f3n:<\/strong><\/p>\n<p>Las tuber\u00edas de acero al carbono ASTM A106 presentan una resistencia moderada a la corrosi\u00f3n gracias a su contenido de carbono. Sin embargo, son propensas a oxidarse en ambientes h\u00famedos o corrosivos, a menos que est\u00e9n adecuadamente recubiertas o galvanizadas. Para mejorar la resistencia a la corrosi\u00f3n, se pueden aplicar tratamientos adicionales, como recubrimientos ep\u00f3xicos o revestimientos externos.<\/p>\n<p><strong>Antioxidaci\u00f3n:<\/strong><\/p>\n<p>A altas temperaturas, las tuber\u00edas ASTM A106 presentan una buena resistencia a la oxidaci\u00f3n, especialmente cuando se utilizan en entornos controlados como calderas o intercambiadores de calor. El material puede soportar una exposici\u00f3n prolongada a temperaturas elevadas sin una degradaci\u00f3n significativa.<\/p>\n<p><strong>Estabilidad qu\u00edmica:<\/strong><\/p>\n<p>Las tuber\u00edas de acero al carbono ASTM A106 presentan una alta estabilidad qu\u00edmica en medios generales, como agua, vapor y productos qu\u00edmicos suaves. Sin embargo, pueden reaccionar con \u00e1cidos fuertes, \u00e1lcalis o agentes corrosivos, lo que puede provocar picaduras o corrosi\u00f3n bajo tensi\u00f3n. La selecci\u00f3n adecuada de recubrimientos o revestimientos es esencial para entornos con productos qu\u00edmicos agresivos.<\/p>\n<p><strong>Pasivaci\u00f3n:<\/strong><\/p>\n<p>A diferencia del acero inoxidable, el acero al carbono ASTM A106 no forma naturalmente una capa de \u00f3xido pasiva. Para mejorar su resistencia a la corrosi\u00f3n, se suelen utilizar tratamientos superficiales como la galvanizaci\u00f3n, la pintura o la aplicaci\u00f3n de recubrimientos protectores. Estos tratamientos ayudan a prevenir el contacto directo entre el acero y los elementos corrosivos.<\/p>\n<h2><strong><img decoding=\"async\" class=\"alignnone size-full wp-image-309\" src=\"https:\/\/baolongtaisteel.com\/wp-content\/uploads\/2025\/04\/a6bcd433ee19e5846a4caf8c40b0925b_\u55e8\u683c\u5f0f\u538b\u7f29\u526f\u672c_\u7ed3\u679c.webp\" alt=\"\" width=\"1920\" height=\"1444\" srcset=\"https:\/\/baolongtaisteel.com\/wp-content\/uploads\/2025\/04\/a6bcd433ee19e5846a4caf8c40b0925b_\u55e8\u683c\u5f0f\u538b\u7f29\u526f\u672c_\u7ed3\u679c.webp 1920w, https:\/\/baolongtaisteel.com\/wp-content\/uploads\/2025\/04\/a6bcd433ee19e5846a4caf8c40b0925b_\u55e8\u683c\u5f0f\u538b\u7f29\u526f\u672c_\u7ed3\u679c-600x451.webp 600w, https:\/\/baolongtaisteel.com\/wp-content\/uploads\/2025\/04\/a6bcd433ee19e5846a4caf8c40b0925b_\u55e8\u683c\u5f0f\u538b\u7f29\u526f\u672c_\u7ed3\u679c-300x226.webp 300w, https:\/\/baolongtaisteel.com\/wp-content\/uploads\/2025\/04\/a6bcd433ee19e5846a4caf8c40b0925b_\u55e8\u683c\u5f0f\u538b\u7f29\u526f\u672c_\u7ed3\u679c-1024x770.webp 1024w, https:\/\/baolongtaisteel.com\/wp-content\/uploads\/2025\/04\/a6bcd433ee19e5846a4caf8c40b0925b_\u55e8\u683c\u5f0f\u538b\u7f29\u526f\u672c_\u7ed3\u679c-768x578.webp 768w, https:\/\/baolongtaisteel.com\/wp-content\/uploads\/2025\/04\/a6bcd433ee19e5846a4caf8c40b0925b_\u55e8\u683c\u5f0f\u538b\u7f29\u526f\u672c_\u7ed3\u679c-1536x1155.webp 1536w\" sizes=\"(max-width: 1920px) 100vw, 1920px\" \/><\/strong><\/h2>\n<h2><strong>Solicitud:<\/strong><\/h2>\n<p data-spm-anchor-id=\"a2ty_o01.29997173.0.i152.1a70c921yaavsG\">Las tuber\u00edas de acero al carbono ASTM A106 se utilizan ampliamente en industrias que requieren alta resistencia y durabilidad. En el sector del petr\u00f3leo y el gas, se emplean para transportar fluidos y gases en condiciones de alta presi\u00f3n y temperatura. En la generaci\u00f3n de energ\u00eda, se emplean en calderas, sobrecalentadores y l\u00edneas de vapor debido a su capacidad para soportar temperaturas extremas. En la construcci\u00f3n, sirven como componentes estructurales y tuber\u00edas para sistemas de agua y alcantarillado. Adem\u00e1s, se emplean en plantas de procesamiento qu\u00edmico, refiner\u00edas e instalaciones de fabricaci\u00f3n, donde es fundamental un rendimiento fiable en entornos exigentes.<\/p>\n<h2><\/h2>\n<h2><\/h2>","protected":false},"excerpt":{"rendered":"<h4 class=\"elementor-heading-title elementor-size-default\" style=\"text-align: center; padding-bottom: 30px;\">Tubo de acero al carbono ASTM A106<\/h4>\n<div>La tuber\u00eda de acero al carbono ASTM A106 es una tuber\u00eda sin costura, ampliamente utilizada para el transporte de fluidos y aplicaciones estructurales en entornos de alta temperatura y alta presi\u00f3n. Est\u00e1 hecha de acero al carbono, que ofrece alta resistencia, buena trabajabilidad y resistencia al calor, lo que la hace adecuada para las industrias del petr\u00f3leo, gas natural, qu\u00edmica y energ\u00e9tica. Entre las especificaciones comunes se encuentra el grado Gr.B, que soporta condiciones extremas de temperatura y presi\u00f3n. Su resistencia a la corrosi\u00f3n se puede mejorar mediante galvanizado o recubrimiento. Es una opci\u00f3n confiable para sistemas de tuber\u00edas industriales y cumple con los m\u00e1s altos est\u00e1ndares de ingenier\u00eda.<\/div>\n<div>\n<hr class=\"dongte456custom-line\" \/>\n<\/div>\n<div style=\"padding-bottom: 5px;\">Categor\u00eda: Tuber\u00eda de acero al carbono ASTM A106<\/div>\n<div>Palabra clave: Tuber\u00eda de acero al carbono ASTM A106<\/div>\n<div>\n<hr \/>\n<\/div>\n<p><img loading=\"lazy\" decoding=\"async\" class=\"alignnone wp-image-257\" src=\"https:\/\/baolongtaisteel.com\/wp-content\/uploads\/2025\/04\/\u7535\u8bdd\u56fe\u6807.jpg\" alt=\"\" width=\"48\" height=\"50\" \/>\u00a0 WhatsApp:<a href=\"https:\/\/api.whatsapp.com\/send?phone=8613963585512\" target=\"_blank\" rel=\"noopener\">\u00a0+8613963585512 <\/a><\/p>\n<div>\n<hr \/>\n<\/div>\n<p><img loading=\"lazy\" decoding=\"async\" class=\"alignnone wp-image-258\" src=\"https:\/\/baolongtaisteel.com\/wp-content\/uploads\/2025\/04\/\u90ae\u7bb1\u56fe\u6807.jpg\" alt=\"\" width=\"48\" height=\"55\" \/>\u00a0\u00a0Correo electr\u00f3nico : <a href=\"rachel@sdxhjmetal.com\" target=\"_blank\" rel=\"noopener\">\u00a0rachel@sdxhjmetal.com<\/a><\/p>\n<div>\n<hr \/>\n<\/div>\n<h3><\/h3>\n<div class=\"productaddbutton-container\">\n<div class=\"productaddbutton-wrapper\"><a class=\"productaddbutton\" href=\"https:\/\/baolongtaisteel.com\/index.php\/product\/\">Lista de productos<\/a><\/div>\n<div class=\"productaddbutton-wrapper\"><a class=\"productaddbutton\" href=\"#formSectiondongte\">Cont\u00e1ctanos<\/a><\/div>\n<\/div>\n<div><\/div>","protected":false},"featured_media":300,"comment_status":"open","ping_status":"closed","template":"","meta":[],"product_brand":[],"product_cat":[17],"product_tag":[],"class_list":{"0":"post-119","1":"product","2":"type-product","3":"status-publish","4":"has-post-thumbnail","6":"product_cat-carbon-steel","8":"first","9":"instock","10":"shipping-taxable","11":"product-type-simple"},"_links":{"self":[{"href":"https:\/\/baolongtaisteel.com\/es\/wp-json\/wp\/v2\/product\/119","targetHints":{"allow":["GET"]}}],"collection":[{"href":"https:\/\/baolongtaisteel.com\/es\/wp-json\/wp\/v2\/product"}],"about":[{"href":"https:\/\/baolongtaisteel.com\/es\/wp-json\/wp\/v2\/types\/product"}],"replies":[{"embeddable":true,"href":"https:\/\/baolongtaisteel.com\/es\/wp-json\/wp\/v2\/comments?post=119"}],"wp:featuredmedia":[{"embeddable":true,"href":"https:\/\/baolongtaisteel.com\/es\/wp-json\/wp\/v2\/media\/300"}],"wp:attachment":[{"href":"https:\/\/baolongtaisteel.com\/es\/wp-json\/wp\/v2\/media?parent=119"}],"wp:term":[{"taxonomy":"product_brand","embeddable":true,"href":"https:\/\/baolongtaisteel.com\/es\/wp-json\/wp\/v2\/product_brand?post=119"},{"taxonomy":"product_cat","embeddable":true,"href":"https:\/\/baolongtaisteel.com\/es\/wp-json\/wp\/v2\/product_cat?post=119"},{"taxonomy":"product_tag","embeddable":true,"href":"https:\/\/baolongtaisteel.com\/es\/wp-json\/wp\/v2\/product_tag?post=119"}],"curies":[{"name":"wp","href":"https:\/\/api.w.org\/{rel}","templated":true}]}}