{"id":120,"date":"2025-04-27T15:04:52","date_gmt":"2025-04-27T07:04:52","guid":{"rendered":"https:\/\/baolongtaisteel.com\/?post_type=product&#038;p=120"},"modified":"2025-04-27T15:26:57","modified_gmt":"2025-04-27T07:26:57","slug":"tubo-de-acero-al-carbono-astm-q335","status":"publish","type":"product","link":"https:\/\/baolongtaisteel.com\/es\/product\/tubo-de-acero-al-carbono-astm-q335\/","title":{"rendered":"Tubo de acero al carbono ASTM Q335"},"content":{"rendered":"<h2>Tabla de detalles del producto:<\/h2>\n<table class=\"tg\" style=\"border-collapse: collapse; border-spacing: 0;\">\n<thead>\n<tr>\n<th style=\"background-color: #9b9b9b; color: #ffffff; font-family: Arial, sans-serif; font-size: 14px; font-weight: bold; overflow: hidden; padding: 10px 5px; text-align: center; vertical-align: middle; word-break: normal; border: 1px solid black;\"><span style=\"font-weight: 600;\">Art\u00edculo<\/span><\/th>\n<th style=\"background-color: #9b9b9b; color: #ffffff; font-family: Arial, sans-serif; font-size: 14px; font-weight: bold; overflow: hidden; padding: 10px 5px; text-align: left; vertical-align: middle; word-break: normal; border: 1px solid black;\"><span style=\"font-weight: 600;\">Detalles<\/span><\/th>\n<\/tr>\n<\/thead>\n<tbody>\n<tr>\n<td style=\"background-color: #fff; font-family: Arial, sans-serif; font-size: 14px; overflow: hidden; padding: 10px 5px; text-align: center; vertical-align: middle; word-break: normal; border: 1px solid black;\"><span style=\"font-weight: 400; color: var(--md-box-samantha-normal-text-color);\">Modelo NO.<\/span><\/td>\n<td style=\"background-color: #fff; font-family: Arial, sans-serif; font-size: 14px; overflow: hidden; padding: 10px 5px; text-align: left; vertical-align: middle; word-break: normal; border: 1px solid black;\"><span style=\"font-weight: 400; color: var(--md-box-samantha-normal-text-color);\">Tubo de acero al carbono sin costura ASTM A106 Gr. B<\/span><\/td>\n<\/tr>\n<tr>\n<td style=\"background-color: #efefef; font-family: Arial, sans-serif; font-size: 14px; overflow: hidden; padding: 10px 5px; text-align: center; vertical-align: middle; word-break: normal; border: 1px solid black;\"><span style=\"font-weight: 400; color: var(--md-box-samantha-normal-text-color);\">Longitud de la tuber\u00eda<\/span><\/td>\n<td style=\"background-color: #efefef; font-family: Arial, sans-serif; font-size: 14px; overflow: hidden; padding: 10px 5px; text-align: left; vertical-align: middle; word-break: normal; border: 1px solid black;\"><span style=\"font-weight: 400; color: var(--md-box-samantha-normal-text-color);\">1 \u2013 12 m o seg\u00fan sea necesario<\/span><\/td>\n<\/tr>\n<tr>\n<td style=\"background-color: #fff; font-family: Arial, sans-serif; font-size: 14px; overflow: hidden; padding: 10px 5px; text-align: center; vertical-align: middle; word-break: normal; border: 1px solid black;\"><span style=\"font-weight: 400; color: var(--md-box-samantha-normal-text-color);\">Acabado de la superficie<\/span><\/td>\n<td style=\"background-color: #fff; font-family: Arial, sans-serif; font-size: 14px; overflow: hidden; padding: 10px 5px; text-align: left; vertical-align: middle; word-break: normal; border: 1px solid black;\"><span style=\"font-weight: 400; color: var(--md-box-samantha-normal-text-color);\">Negro o pintado<\/span><\/td>\n<\/tr>\n<tr>\n<td style=\"background-color: #efefef; font-family: Arial, sans-serif; font-size: 14px; overflow: hidden; padding: 10px 5px; text-align: center; vertical-align: middle; word-break: normal; border: 1px solid black;\"><span style=\"font-weight: 400; color: var(--md-box-samantha-normal-text-color);\">Nombre del producto<\/span><\/td>\n<td style=\"background-color: #efefef; font-family: Arial, sans-serif; font-size: 14px; overflow: hidden; padding: 10px 5px; text-align: left; vertical-align: middle; word-break: normal; border: 1px solid black;\"><span style=\"font-weight: 400; color: var(--md-box-samantha-normal-text-color);\">Tubo de acero al carbono sin costura<\/span><\/td>\n<\/tr>\n<tr>\n<td style=\"background-color: #fff; font-family: Arial, sans-serif; font-size: 14px; overflow: hidden; padding: 10px 5px; text-align: center; vertical-align: middle; word-break: normal; border: 1px solid black;\"><span style=\"font-weight: 400; color: var(--md-box-samantha-normal-text-color);\">Grado del material<\/span><\/td>\n<td style=\"background-color: #fff; font-family: Arial, sans-serif; font-size: 14px; overflow: hidden; padding: 10px 5px; text-align: left; vertical-align: middle; word-break: normal; border: 1px solid black;\"><span style=\"font-weight: 400; color: var(--md-box-samantha-normal-text-color);\">ASTM A106 Grb<\/span><\/td>\n<\/tr>\n<tr>\n<td style=\"background-color: #efefef; font-family: Arial, sans-serif; font-size: 14px; overflow: hidden; padding: 10px 5px; text-align: center; vertical-align: middle; word-break: normal; border: 1px solid black;\"><span style=\"font-weight: 400; color: var(--md-box-samantha-normal-text-color);\">Tipo<\/span><\/td>\n<td style=\"background-color: #efefef; font-family: Arial, sans-serif; font-size: 14px; overflow: hidden; padding: 10px 5px; text-align: left; vertical-align: middle; word-break: normal; border: 1px solid black;\"><span style=\"font-weight: 400; color: var(--md-box-samantha-normal-text-color);\">Laminado en caliente<\/span><\/td>\n<\/tr>\n<tr>\n<td style=\"background-color: #fff; font-family: Arial, sans-serif; font-size: 14px; overflow: hidden; padding: 10px 5px; text-align: center; vertical-align: middle; word-break: normal; border: 1px solid black;\"><span style=\"font-weight: 400; color: var(--md-box-samantha-normal-text-color);\">Finaliza<\/span><\/td>\n<td style=\"background-color: #fff; font-family: Arial, sans-serif; font-size: 14px; overflow: hidden; padding: 10px 5px; text-align: left; vertical-align: middle; word-break: normal; border: 1px solid black;\"><span style=\"font-weight: 400; color: var(--md-box-samantha-normal-text-color);\">Liso, biselado, corte cuadrado<\/span><\/td>\n<\/tr>\n<tr>\n<td style=\"background-color: #efefef; font-family: Arial, sans-serif; font-size: 14px; overflow: hidden; padding: 10px 5px; text-align: center; vertical-align: middle; word-break: normal; border: 1px solid black;\"><span style=\"font-weight: 400; color: var(--md-box-samantha-normal-text-color);\">Superficie<\/span><\/td>\n<td style=\"background-color: #efefef; font-family: Arial, sans-serif; font-size: 14px; overflow: hidden; padding: 10px 5px; text-align: left; vertical-align: middle; word-break: normal; border: 1px solid black;\"><span style=\"font-weight: 400; color: var(--md-box-samantha-normal-text-color);\">Negro, brillante, galvanizado, pintado<\/span><\/td>\n<\/tr>\n<tr>\n<td style=\"background-color: #fff; font-family: Arial, sans-serif; font-size: 14px; overflow: hidden; padding: 10px 5px; text-align: center; vertical-align: middle; word-break: normal; border: 1px solid black;\"><span style=\"font-weight: 400; color: var(--md-box-samantha-normal-text-color);\">El tiempo de entrega<\/span><\/td>\n<td style=\"background-color: #fff; font-family: Arial, sans-serif; font-size: 14px; overflow: hidden; padding: 10px 5px; text-align: left; vertical-align: middle; word-break: normal; border: 1px solid black;\"><span style=\"font-weight: 400; color: var(--md-box-samantha-normal-text-color);\">15 \u2013 21 d\u00edas<\/span><\/td>\n<\/tr>\n<tr>\n<td style=\"background-color: #efefef; font-family: Arial, sans-serif; font-size: 14px; overflow: hidden; padding: 10px 5px; text-align: center; vertical-align: middle; word-break: normal; border: 1px solid black;\"><span style=\"font-weight: 400; color: var(--md-box-samantha-normal-text-color);\">Longitud<\/span><\/td>\n<td style=\"background-color: #efefef; font-family: Arial, sans-serif; font-size: 14px; overflow: hidden; padding: 10px 5px; text-align: left; vertical-align: middle; word-break: normal; border: 1px solid black;\"><span style=\"font-weight: 400; color: var(--md-box-samantha-normal-text-color);\">6 metros<\/span><\/td>\n<\/tr>\n<tr>\n<td style=\"background-color: #fff; font-family: Arial, sans-serif; font-size: 14px; overflow: hidden; padding: 10px 5px; text-align: center; vertical-align: middle; word-break: normal; border: 1px solid black;\"><span style=\"font-weight: 400; color: var(--md-box-samantha-normal-text-color);\">Material<\/span><\/td>\n<td style=\"background-color: #fff; font-family: Arial, sans-serif; font-size: 14px; overflow: hidden; padding: 10px 5px; text-align: left; vertical-align: middle; word-break: normal; border: 1px solid black;\"><span style=\"font-weight: 400; color: var(--md-box-samantha-normal-text-color);\">10#, 20#, 45#, 16 minutos<\/span><\/td>\n<\/tr>\n<tr>\n<td style=\"background-color: #efefef; font-family: Arial, sans-serif; font-size: 14px; overflow: hidden; padding: 10px 5px; text-align: center; vertical-align: middle; word-break: normal; border: 1px solid black;\"><span style=\"font-weight: 400; color: var(--md-box-samantha-normal-text-color);\">Tecnolog\u00eda<\/span><\/td>\n<td style=\"background-color: #efefef; font-family: Arial, sans-serif; font-size: 14px; overflow: hidden; padding: 10px 5px; text-align: left; vertical-align: middle; word-break: normal; border: 1px solid black;\"><span style=\"font-weight: 400; color: var(--md-box-samantha-normal-text-color);\">Laminado en caliente sin costura<\/span><\/td>\n<\/tr>\n<tr>\n<td style=\"background-color: #fff; font-family: Arial, sans-serif; font-size: 14px; overflow: hidden; padding: 10px 5px; text-align: center; vertical-align: middle; word-break: normal; border: 1px solid black;\"><span style=\"font-weight: 400; color: var(--md-box-samantha-normal-text-color);\">Espesor de la pared<\/span><\/td>\n<td style=\"background-color: #fff; font-family: Arial, sans-serif; font-size: 14px; overflow: hidden; padding: 10px 5px; text-align: left; vertical-align: middle; word-break: normal; border: 1px solid black;\"><span style=\"font-weight: 400; color: var(--md-box-samantha-normal-text-color);\">6 mm \u2013 70 mm<\/span><\/td>\n<\/tr>\n<tr>\n<td style=\"background-color: #efefef; font-family: Arial, sans-serif; font-size: 14px; overflow: hidden; padding: 10px 5px; text-align: center; vertical-align: middle; word-break: normal; border: 1px solid black;\"><span style=\"font-weight: 400; color: var(--md-box-samantha-normal-text-color);\">Paquete de transporte<\/span><\/td>\n<td style=\"background-color: #efefef; font-family: Arial, sans-serif; font-size: 14px; overflow: hidden; padding: 10px 5px; text-align: left; vertical-align: middle; word-break: normal; border: 1px solid black;\"><span style=\"font-weight: 400; color: var(--md-box-samantha-normal-text-color);\">Paquete est\u00e1ndar apto para navegar<\/span><\/td>\n<\/tr>\n<tr>\n<td style=\"background-color: #fff; font-family: Arial, sans-serif; font-size: 14px; overflow: hidden; padding: 10px 5px; text-align: center; vertical-align: middle; word-break: normal; border: 1px solid black;\"><span style=\"font-weight: 400; color: var(--md-box-samantha-normal-text-color);\">Especificaci\u00f3n<\/span><\/td>\n<td style=\"background-color: #fff; font-family: Arial, sans-serif; font-size: 14px; overflow: hidden; padding: 10px 5px; text-align: left; vertical-align: middle; word-break: normal; border: 1px solid black;\"><span style=\"font-weight: 400; color: var(--md-box-samantha-normal-text-color);\">DN40 \u2013 500<\/span><\/td>\n<\/tr>\n<tr>\n<td style=\"background-color: #efefef; font-family: Arial, sans-serif; font-size: 14px; overflow: hidden; padding: 10px 5px; text-align: center; vertical-align: middle; word-break: normal; border: 1px solid black;\"><span style=\"font-weight: 400; color: var(--md-box-samantha-normal-text-color);\">Origen<\/span><\/td>\n<td style=\"background-color: #efefef; font-family: Arial, sans-serif; font-size: 14px; overflow: hidden; padding: 10px 5px; text-align: left; vertical-align: middle; word-break: normal; border: 1px solid black;\"><span style=\"font-weight: 400; color: var(--md-box-samantha-normal-text-color);\">Porcelana<\/span><\/td>\n<\/tr>\n<tr>\n<td style=\"background-color: #fff; font-family: Arial, sans-serif; font-size: 14px; overflow: hidden; padding: 10px 5px; text-align: center; vertical-align: middle; word-break: normal; border: 1px solid black;\"><span style=\"font-weight: 400; color: var(--md-box-samantha-normal-text-color);\">Capacidad de producci\u00f3n<\/span><\/td>\n<td style=\"background-color: #fff; font-family: Arial, sans-serif; font-size: 14px; overflow: hidden; padding: 10px 5px; text-align: left; vertical-align: middle; word-break: normal; border: 1px solid black;\"><span style=\"font-weight: 400; color: var(--md-box-samantha-normal-text-color);\">50.000 toneladas al a\u00f1o<\/span><\/td>\n<\/tr>\n<\/tbody>\n<\/table>\n<h2><img fetchpriority=\"high\" decoding=\"async\" class=\"alignnone size-full wp-image-310\" src=\"https:\/\/baolongtaisteel.com\/wp-content\/uploads\/2025\/04\/49cf310812fc3edd856fde046a69a10e_\u55e8\u683c\u5f0f\u538b\u7f29\u526f\u672c_\u7ed3\u679c.webp\" alt=\"\" width=\"1919\" height=\"1432\" srcset=\"https:\/\/baolongtaisteel.com\/wp-content\/uploads\/2025\/04\/49cf310812fc3edd856fde046a69a10e_\u55e8\u683c\u5f0f\u538b\u7f29\u526f\u672c_\u7ed3\u679c.webp 1919w, https:\/\/baolongtaisteel.com\/wp-content\/uploads\/2025\/04\/49cf310812fc3edd856fde046a69a10e_\u55e8\u683c\u5f0f\u538b\u7f29\u526f\u672c_\u7ed3\u679c-600x448.webp 600w, https:\/\/baolongtaisteel.com\/wp-content\/uploads\/2025\/04\/49cf310812fc3edd856fde046a69a10e_\u55e8\u683c\u5f0f\u538b\u7f29\u526f\u672c_\u7ed3\u679c-300x224.webp 300w, https:\/\/baolongtaisteel.com\/wp-content\/uploads\/2025\/04\/49cf310812fc3edd856fde046a69a10e_\u55e8\u683c\u5f0f\u538b\u7f29\u526f\u672c_\u7ed3\u679c-1024x764.webp 1024w, https:\/\/baolongtaisteel.com\/wp-content\/uploads\/2025\/04\/49cf310812fc3edd856fde046a69a10e_\u55e8\u683c\u5f0f\u538b\u7f29\u526f\u672c_\u7ed3\u679c-768x573.webp 768w, https:\/\/baolongtaisteel.com\/wp-content\/uploads\/2025\/04\/49cf310812fc3edd856fde046a69a10e_\u55e8\u683c\u5f0f\u538b\u7f29\u526f\u672c_\u7ed3\u679c-1536x1146.webp 1536w\" sizes=\"(max-width: 1919px) 100vw, 1919px\" \/><\/h2>\n<h2 data-spm-anchor-id=\"a2ty_o01.29997173.0.i159.1a70c921yaavsG\">Propiedades f\u00edsicas y qu\u00edmicas<\/h2>\n<h3><strong>Propiedades f\u00edsicas<\/strong><\/h3>\n<p><strong>Apariencia:<\/strong><\/p>\n<p>Suele presentar un color gris met\u00e1lico o negro, con una superficie lisa tras el procesamiento. Se pueden lograr diferentes acabados superficiales mediante tratamientos como galvanizado, pintura o recubrimiento para mejorar la resistencia a la corrosi\u00f3n y el atractivo est\u00e9tico.<\/p>\n<p><strong>Densidad:<\/strong><\/p>\n<p>La densidad es de aproximadamente 7,85 g\/cm\u00b3, la t\u00edpica del acero al carbono. Esto lo hace ligeramente m\u00e1s denso que el acero inoxidable, pero a\u00fan m\u00e1s ligero que muchos otros metales estructurales.<\/p>\n<p><strong>Punto de fusi\u00f3n:<\/strong><\/p>\n<p>El punto de fusi\u00f3n es relativamente alto, generalmente entre 1425 y 1540 \u00b0C. Esta caracter\u00edstica garantiza que las tuber\u00edas de acero al carbono ASTM Q335 mantengan una buena estabilidad en entornos de alta temperatura, lo que las hace adecuadas para aplicaciones que implican calor y presi\u00f3n.<\/p>\n<p><strong>Coeficiente de expansi\u00f3n t\u00e9rmica:<\/strong><\/p>\n<p>El coeficiente de expansi\u00f3n t\u00e9rmica es moderado, aproximadamente 11,7 \u00d7 10\u207b\u2076\/\u2103 a temperatura ambiente. Esto permite que el material mantenga su estabilidad dimensional incluso en entornos con fluctuaciones de temperatura significativas.<\/p>\n<p><strong>Conductividad t\u00e9rmica:<\/strong><\/p>\n<p>La conductividad t\u00e9rmica es relativamente alta, de aproximadamente 50-60 W\/(m\u00b7K), significativamente superior a la del acero inoxidable. Esto hace que las tuber\u00edas de acero al carbono ASTM Q335 sean eficaces para aplicaciones de transferencia de calor.<\/p>\n<p><strong>Conductividad el\u00e9ctrica:<\/strong><\/p>\n<p>Tiene una conductividad el\u00e9ctrica moderada, con una resistividad de aproximadamente 1,43 \u00d7 10\u207b\u2077 \u03a9\u00b7m. Si bien no es tan conductivo como el cobre o el aluminio, es adecuado para ciertas aplicaciones estructurales y de puesta a tierra.<\/p>\n<p><strong>Propiedades qu\u00edmicas<\/strong><\/p>\n<p><strong>Resistencia a la corrosi\u00f3n:<\/strong><\/p>\n<p>Las tuber\u00edas de acero al carbono ASTM Q335 tienen una resistencia a la corrosi\u00f3n limitada en comparaci\u00f3n con el acero inoxidable. Sin embargo, pueden protegerse mediante tratamientos superficiales como el galvanizado o la aplicaci\u00f3n de recubrimientos protectores. Sin tratamiento, son propensas a oxidarse al exponerse a la humedad o a ambientes corrosivos.<\/p>\n<p><strong>Resistencia a la oxidaci\u00f3n:<\/strong><\/p>\n<p>El acero al carbono presenta una resistencia moderada a la oxidaci\u00f3n a temperatura ambiente. A temperaturas m\u00e1s altas, puede formar incrustaciones u oxidarse a menos que se proteja con recubrimientos o se utilice en entornos controlados.<\/p>\n<p><strong>Estabilidad qu\u00edmica:<\/strong><\/p>\n<p>En entornos qu\u00edmicos generales, el acero al carbono ASTM Q335 presenta una estabilidad qu\u00edmica moderada. No es resistente a \u00e1cidos fuertes (p. ej., \u00e1cido clorh\u00eddrico o sulf\u00farico) ni a \u00e1lcalis. Para entornos qu\u00edmicos agresivos, se requieren medidas de protecci\u00f3n adicionales, como recubrimientos o revestimientos.<\/p>\n<p><strong>Pasivaci\u00f3n:<\/strong><\/p>\n<p>A diferencia del acero inoxidable, el acero al carbono ASTM Q335 no forma naturalmente una capa de pasivaci\u00f3n. En su lugar, se somete a tratamientos externos como galvanizado, pintura o recubrimientos ep\u00f3xicos para proporcionar una barrera contra la corrosi\u00f3n y mejorar su durabilidad.<\/p>\n<h2><strong><img decoding=\"async\" class=\"alignnone size-full wp-image-316\" src=\"https:\/\/baolongtaisteel.com\/wp-content\/uploads\/2025\/04\/594c9293770ea0a5d84b95f2f2b05c5b_\u55e8\u683c\u5f0f\u538b\u7f29\u526f\u672c_\u7ed3\u679c.webp\" alt=\"\" width=\"1919\" height=\"2203\" srcset=\"https:\/\/baolongtaisteel.com\/wp-content\/uploads\/2025\/04\/594c9293770ea0a5d84b95f2f2b05c5b_\u55e8\u683c\u5f0f\u538b\u7f29\u526f\u672c_\u7ed3\u679c.webp 1919w, https:\/\/baolongtaisteel.com\/wp-content\/uploads\/2025\/04\/594c9293770ea0a5d84b95f2f2b05c5b_\u55e8\u683c\u5f0f\u538b\u7f29\u526f\u672c_\u7ed3\u679c-600x689.webp 600w, https:\/\/baolongtaisteel.com\/wp-content\/uploads\/2025\/04\/594c9293770ea0a5d84b95f2f2b05c5b_\u55e8\u683c\u5f0f\u538b\u7f29\u526f\u672c_\u7ed3\u679c-261x300.webp 261w, https:\/\/baolongtaisteel.com\/wp-content\/uploads\/2025\/04\/594c9293770ea0a5d84b95f2f2b05c5b_\u55e8\u683c\u5f0f\u538b\u7f29\u526f\u672c_\u7ed3\u679c-892x1024.webp 892w, https:\/\/baolongtaisteel.com\/wp-content\/uploads\/2025\/04\/594c9293770ea0a5d84b95f2f2b05c5b_\u55e8\u683c\u5f0f\u538b\u7f29\u526f\u672c_\u7ed3\u679c-768x882.webp 768w, https:\/\/baolongtaisteel.com\/wp-content\/uploads\/2025\/04\/594c9293770ea0a5d84b95f2f2b05c5b_\u55e8\u683c\u5f0f\u538b\u7f29\u526f\u672c_\u7ed3\u679c-1338x1536.webp 1338w, https:\/\/baolongtaisteel.com\/wp-content\/uploads\/2025\/04\/594c9293770ea0a5d84b95f2f2b05c5b_\u55e8\u683c\u5f0f\u538b\u7f29\u526f\u672c_\u7ed3\u679c-1784x2048.webp 1784w\" sizes=\"(max-width: 1919px) 100vw, 1919px\" \/>Solicitud:<\/strong><\/h2>\n<p data-spm-anchor-id=\"a2ty_o01.29997173.0.i158.1a70c921yaavsG\">Las tuber\u00edas de acero al carbono ASTM Q335 son ampliamente utilizadas debido a sus excelentes propiedades mec\u00e1nicas, asequibilidad y versatilidad. En la industria de la construcci\u00f3n, se emplean para estructuras, andamios y tuber\u00edas. En el sector del petr\u00f3leo y el gas, sirven como tuber\u00edas de transmisi\u00f3n para fluidos no corrosivos. En ingenier\u00eda mec\u00e1nica, se emplean para fabricar componentes como ejes, engranajes y soportes. Adem\u00e1s, se emplean com\u00fanmente en sistemas de suministro de agua, sistemas de calefacci\u00f3n y redes de tuber\u00edas industriales. Su capacidad para soportar altas presiones y temperaturas las hace indispensables en diversas aplicaciones industriales.<\/p>\n<p>&nbsp;<\/p>","protected":false},"excerpt":{"rendered":"<h4 class=\"elementor-heading-title elementor-size-default\" style=\"text-align: center; padding-bottom: 30px;\">Tubo de acero al carbono ASTM Q335<\/h4>\n<div>La tuber\u00eda de acero al carbono ASTM Q335 es un tipo de tuber\u00eda de acero soldada o sin costura, fabricada con acero al carbono de alta calidad. Presenta excelentes propiedades mec\u00e1nicas, incluyendo alta resistencia, tenacidad y resistencia a la deformaci\u00f3n. Con una densidad aproximada de 7,85 g\/cm\u00b3 y un punto de fusi\u00f3n de entre 1425 y 1540 \u00b0C, ofrece un buen rendimiento en condiciones de alta presi\u00f3n y temperatura. Si bien su resistencia a la corrosi\u00f3n es limitada en comparaci\u00f3n con el acero inoxidable, tratamientos superficiales como el galvanizado o los recubrimientos pueden mejorar su durabilidad. Ampliamente utilizada en construcci\u00f3n, oleoductos y gasoductos, sistemas de suministro de agua y aplicaciones industriales, es apreciada por su asequibilidad, versatilidad y fiabilidad en entornos exigentes.<\/div>\n<div>\n<hr class=\"dongte456custom-line\" \/>\n<\/div>\n<div style=\"padding-bottom: 5px;\">Categor\u00eda: Tuber\u00eda de acero al carbono ASTM Q335<\/div>\n<div>Palabra clave: Tuber\u00eda de acero al carbono ASTM Q335<\/div>\n<div>\n<hr \/>\n<\/div>\n<p><img decoding=\"async\" class=\"alignnone wp-image-257\" src=\"https:\/\/baolongtaisteel.com\/wp-content\/uploads\/2025\/04\/\u7535\u8bdd\u56fe\u6807.jpg\" alt=\"\" width=\"48\" height=\"50\" \/>\u00a0 WhatsApp:<a href=\"https:\/\/api.whatsapp.com\/send?phone=8613963585512\" target=\"_blank\" rel=\"noopener\">\u00a0+8613963585512 <\/a><\/p>\n<div>\n<hr \/>\n<\/div>\n<p><img loading=\"lazy\" decoding=\"async\" class=\"alignnone wp-image-258\" src=\"https:\/\/baolongtaisteel.com\/wp-content\/uploads\/2025\/04\/\u90ae\u7bb1\u56fe\u6807.jpg\" alt=\"\" width=\"48\" height=\"55\" \/>\u00a0\u00a0Correo electr\u00f3nico : <a href=\"rachel@sdxhjmetal.com\" target=\"_blank\" rel=\"noopener\">\u00a0rachel@sdxhjmetal.com<\/a><\/p>\n<div>\n<hr \/>\n<\/div>\n<h3><\/h3>\n<div class=\"productaddbutton-container\">\n<div class=\"productaddbutton-wrapper\"><a class=\"productaddbutton\" href=\"https:\/\/baolongtaisteel.com\/index.php\/product\/\">Lista de productos<\/a><\/div>\n<div class=\"productaddbutton-wrapper\"><a class=\"productaddbutton\" href=\"#formSectiondongte\">Cont\u00e1ctanos<\/a><\/div>\n<\/div>\n<div><\/div>","protected":false},"featured_media":314,"comment_status":"open","ping_status":"closed","template":"","meta":[],"product_brand":[],"product_cat":[17],"product_tag":[],"class_list":{"0":"post-120","1":"product","2":"type-product","3":"status-publish","4":"has-post-thumbnail","6":"product_cat-carbon-steel","8":"first","9":"instock","10":"shipping-taxable","11":"product-type-simple"},"_links":{"self":[{"href":"https:\/\/baolongtaisteel.com\/es\/wp-json\/wp\/v2\/product\/120","targetHints":{"allow":["GET"]}}],"collection":[{"href":"https:\/\/baolongtaisteel.com\/es\/wp-json\/wp\/v2\/product"}],"about":[{"href":"https:\/\/baolongtaisteel.com\/es\/wp-json\/wp\/v2\/types\/product"}],"replies":[{"embeddable":true,"href":"https:\/\/baolongtaisteel.com\/es\/wp-json\/wp\/v2\/comments?post=120"}],"wp:featuredmedia":[{"embeddable":true,"href":"https:\/\/baolongtaisteel.com\/es\/wp-json\/wp\/v2\/media\/314"}],"wp:attachment":[{"href":"https:\/\/baolongtaisteel.com\/es\/wp-json\/wp\/v2\/media?parent=120"}],"wp:term":[{"taxonomy":"product_brand","embeddable":true,"href":"https:\/\/baolongtaisteel.com\/es\/wp-json\/wp\/v2\/product_brand?post=120"},{"taxonomy":"product_cat","embeddable":true,"href":"https:\/\/baolongtaisteel.com\/es\/wp-json\/wp\/v2\/product_cat?post=120"},{"taxonomy":"product_tag","embeddable":true,"href":"https:\/\/baolongtaisteel.com\/es\/wp-json\/wp\/v2\/product_tag?post=120"}],"curies":[{"name":"wp","href":"https:\/\/api.w.org\/{rel}","templated":true}]}}