{"id":74,"date":"2025-04-25T11:54:32","date_gmt":"2025-04-25T03:54:32","guid":{"rendered":"https:\/\/baolongtaisteel.com\/?post_type=product&#038;p=74"},"modified":"2025-04-25T13:32:12","modified_gmt":"2025-04-25T05:32:12","slug":"bobina-de-acero-inoxidable","status":"publish","type":"product","link":"https:\/\/baolongtaisteel.com\/es\/product\/bobina-de-acero-inoxidable\/","title":{"rendered":"Bobina de acero inoxidable"},"content":{"rendered":"<h2>\u00a0\u00a0Tabla de detalles del producto:<\/h2>\n<table class=\"tg\" style=\"border-collapse: collapse; border-spacing: 0;\">\n<thead>\n<tr>\n<th style=\"background-color: #9b9b9b; color: #fff; font-family: Arial, sans-serif; font-size: 14px; font-weight: bold; overflow: hidden; padding: 10px 5px; text-align: center; vertical-align: top; word-break: normal; border: 1px solid black;\"><span style=\"font-weight: 600;\">Art\u00edculo<\/span><\/th>\n<th style=\"background-color: #9b9b9b; color: #fff; font-family: Arial, sans-serif; font-size: 14px; font-weight: bold; overflow: hidden; padding: 10px 5px; text-align: left; vertical-align: top; word-break: normal; border: 1px solid black;\"><span style=\"font-weight: 600;\">Detalles<\/span><\/th>\n<\/tr>\n<\/thead>\n<tbody>\n<tr>\n<td style=\"background-color: #fff; font-family: Arial, sans-serif; font-size: 14px; overflow: hidden; padding: 10px 5px; text-align: center; vertical-align: top; word-break: normal; border: 1px solid black;\"><span style=\"font-weight: 400; color: var(--md-box-samantha-normal-text-color);\">Nombre del producto<\/span><\/td>\n<td style=\"background-color: #fff; font-family: Arial, sans-serif; font-size: 14px; overflow: hidden; padding: 10px 5px; text-align: left; vertical-align: top; word-break: normal; border: 1px solid black;\"><span style=\"font-weight: 400; color: var(--md-box-samantha-normal-text-color);\">Bobina de acero inoxidable<\/span><\/td>\n<\/tr>\n<tr>\n<td style=\"background-color: #efefef; font-family: Arial, sans-serif; font-size: 14px; overflow: hidden; padding: 10px 5px; text-align: center; vertical-align: top; word-break: normal; border: 1px solid black;\"><span style=\"font-weight: 400; color: var(--md-box-samantha-normal-text-color);\">Tipos de materiales<\/span><\/td>\n<td style=\"background-color: #efefef; font-family: Arial, sans-serif; font-size: 14px; overflow: hidden; padding: 10px 5px; text-align: left; vertical-align: top; word-break: normal; border: 1px solid black;\"><span style=\"font-weight: 400; color: var(--md-box-samantha-normal-text-color);\">Aceros inoxidables austen\u00edticos (como 304, 304L, 316, 316L), aceros inoxidables ferr\u00edticos (como 430), aceros inoxidables martens\u00edticos (como 410), aceros inoxidables d\u00faplex (como 2205)<\/span><\/td>\n<\/tr>\n<tr>\n<td style=\"background-color: #fff; font-family: Arial, sans-serif; font-size: 14px; overflow: hidden; padding: 10px 5px; text-align: center; vertical-align: top; word-break: normal; border: 1px solid black;\"><span style=\"font-weight: 400; color: var(--md-box-samantha-normal-text-color);\">Presupuesto<\/span><\/td>\n<td style=\"background-color: #fff; font-family: Arial, sans-serif; font-size: 14px; overflow: hidden; padding: 10px 5px; text-align: left; vertical-align: top; word-break: normal; border: 1px solid black;\"><span style=\"font-weight: 400; color: var(--md-box-samantha-normal-text-color);\">\u2013 Espesor: 0,1 mm \u2013 12 mm<\/span><br \/>\n<span style=\"font-weight: 400; color: var(--md-box-samantha-normal-text-color);\">\u2013 Ancho: 600mm \u2013 2000mm<\/span><br \/>\n<span style=\"font-weight: 400; color: var(--md-box-samantha-normal-text-color);\">\u2013 Di\u00e1metro interior: 508 mm (convencional), 610 mm<\/span><br \/>\n<span style=\"font-weight: 400; color: var(--md-box-samantha-normal-text-color);\">\u2013 Di\u00e1metro exterior: Determinado por el peso y el espesor de la bobina, normalmente \u2264 2500 mm<\/span><\/td>\n<\/tr>\n<tr>\n<td style=\"background-color: #efefef; font-family: Arial, sans-serif; font-size: 14px; overflow: hidden; padding: 10px 5px; text-align: center; vertical-align: top; word-break: normal; border: 1px solid black;\"><span style=\"font-weight: 400; color: var(--md-box-samantha-normal-text-color);\">Tratamientos de superficies<\/span><\/td>\n<td style=\"background-color: #efefef; font-family: Arial, sans-serif; font-size: 14px; overflow: hidden; padding: 10px 5px; text-align: left; vertical-align: top; word-break: normal; border: 1px solid black;\"><span style=\"font-weight: 400; color: var(--md-box-samantha-normal-text-color);\">Superficie 2B (laminado en fr\u00edo brillante), superficie BA (recocido brillante), No.4 (acabado satinado), HL (acabado fino), pulido espejo; tratamiento de pasivaci\u00f3n, recubrimiento de aceite para prevenir la oxidaci\u00f3n<\/span><\/td>\n<\/tr>\n<tr>\n<td style=\"background-color: #fff; font-family: Arial, sans-serif; font-size: 14px; overflow: hidden; padding: 10px 5px; text-align: center; vertical-align: top; word-break: normal; border: 1px solid black;\"><span style=\"font-weight: 400; color: var(--md-box-samantha-normal-text-color);\">Normas<\/span><\/td>\n<td style=\"background-color: #fff; font-family: Arial, sans-serif; font-size: 14px; overflow: hidden; padding: 10px 5px; text-align: left; vertical-align: top; word-break: normal; border: 1px solid black;\"><span style=\"font-weight: 400; color: var(--md-box-samantha-normal-text-color);\">ASTM A240, ASTM A666, GB\/T 3280, JIS G4305, DIN 17456, EN 10088-2<\/span><\/td>\n<\/tr>\n<tr>\n<td style=\"background-color: #efefef; font-family: Arial, sans-serif; font-size: 14px; overflow: hidden; padding: 10px 5px; text-align: center; vertical-align: top; word-break: normal; border: 1px solid black;\"><span style=\"font-weight: 400; color: var(--md-box-samantha-normal-text-color);\">Propiedades mec\u00e1nicas<\/span><\/td>\n<td style=\"background-color: #efefef; font-family: Arial, sans-serif; font-size: 14px; overflow: hidden; padding: 10px 5px; text-align: left; vertical-align: top; word-break: normal; border: 1px solid black;\"><span style=\"font-weight: 400; color: var(--md-box-samantha-normal-text-color);\">\u2013 Resistencia a la tracci\u00f3n: 520 \u2013 1450 MPa (var\u00eda seg\u00fan el grado del acero)<\/span><br \/>\n<span style=\"font-weight: 400; color: var(--md-box-samantha-normal-text-color);\">\u2013 L\u00edmite el\u00e1stico: 205 \u2013 1035 MPa<\/span><br \/>\n<span style=\"font-weight: 400; color: var(--md-box-samantha-normal-text-color);\">\u2013 Alargamiento: \u2265 35% (para algunos grados de acero)<\/span><\/td>\n<\/tr>\n<tr>\n<td style=\"background-color: #fff; font-family: Arial, sans-serif; font-size: 14px; overflow: hidden; padding: 10px 5px; text-align: center; vertical-align: top; word-break: normal; border: 1px solid black;\"><span style=\"font-weight: 400; color: var(--md-box-samantha-normal-text-color);\">Resistencia a la corrosi\u00f3n<\/span><\/td>\n<td style=\"background-color: #fff; font-family: Arial, sans-serif; font-size: 14px; overflow: hidden; padding: 10px 5px; text-align: left; vertical-align: top; word-break: normal; border: 1px solid black;\"><span style=\"font-weight: 400; color: var(--md-box-samantha-normal-text-color);\">Contenido de cromo \u2265 12%, que forma una pel\u00edcula densa de \u00f3xido de Cr\u2082O\u2083 en la superficie, resistente a la corrosi\u00f3n atmosf\u00e9rica, del agua y de \u00e1cidos d\u00e9biles; los grados de acero que contienen molibdeno (como el 316L) tienen una resistencia excepcional a la corrosi\u00f3n por iones de cloruro.<\/span><\/td>\n<\/tr>\n<tr>\n<td style=\"background-color: #efefef; font-family: Arial, sans-serif; font-size: 14px; overflow: hidden; padding: 10px 5px; text-align: center; vertical-align: top; word-break: normal; border: 1px solid black;\"><span style=\"font-weight: 400; color: var(--md-box-samantha-normal-text-color);\">Aplicaciones t\u00edpicas<\/span><\/td>\n<td style=\"background-color: #efefef; font-family: Arial, sans-serif; font-size: 14px; overflow: hidden; padding: 10px 5px; text-align: left; vertical-align: top; word-break: normal; border: 1px solid black;\"><span style=\"font-weight: 400; color: var(--md-box-samantha-normal-text-color);\">\u2013 Decoraci\u00f3n arquitect\u00f3nica: Paneles de muro cortina, techos, paneles de ascensor<\/span><br \/>\n<span style=\"font-weight: 400; color: var(--md-box-samantha-normal-text-color);\">\u2013 Fabricaci\u00f3n de electrodom\u00e9sticos: Paneles de refrigeradores, tambores interiores de lavadoras, carcasas de aires acondicionados.<\/span><br \/>\n<span style=\"font-weight: 400; color: var(--md-box-samantha-normal-text-color);\">\u2013 Equipos alimentarios: Tanques de almacenamiento, cintas transportadoras<\/span><br \/>\n<span style=\"font-weight: 400; color: var(--md-box-samantha-normal-text-color);\">\u2013 Industria qu\u00edmica: Revestimientos de reactores, tuber\u00edas<\/span><br \/>\n<span style=\"font-weight: 400; color: var(--md-box-samantha-normal-text-color);\">\u2013 Fabricaci\u00f3n de autom\u00f3viles: Sistemas de escape, piezas estructurales de la carrocer\u00eda del veh\u00edculo<\/span><\/td>\n<\/tr>\n<tr>\n<td style=\"background-color: #fff; font-family: Arial, sans-serif; font-size: 14px; overflow: hidden; padding: 10px 5px; text-align: center; vertical-align: top; word-break: normal; border: 1px solid black;\"><span style=\"font-weight: 400; color: var(--md-box-samantha-normal-text-color);\">T\u00e9cnicas de procesamiento<\/span><\/td>\n<td style=\"background-color: #fff; font-family: Arial, sans-serif; font-size: 14px; overflow: hidden; padding: 10px 5px; text-align: left; vertical-align: top; word-break: normal; border: 1px solid black;\"><span style=\"font-weight: 400; color: var(--md-box-samantha-normal-text-color);\">Laminado en fr\u00edo (alta precisi\u00f3n, especificaciones delgadas), laminado en caliente (especificaciones gruesas, bajo costo), corte longitudinal (ancho personalizado), corte a medida (cortado en placas planas), procesamiento de conformado (estampado, doblado)<\/span><\/td>\n<\/tr>\n<tr>\n<td style=\"background-color: #efefef; font-family: Arial, sans-serif; font-size: 14px; overflow: hidden; padding: 10px 5px; text-align: center; vertical-align: top; word-break: normal; border: 1px solid black;\"><span style=\"font-weight: 400; color: var(--md-box-samantha-normal-text-color);\">Embalaje<\/span><\/td>\n<td style=\"background-color: #efefef; font-family: Arial, sans-serif; font-size: 14px; overflow: hidden; padding: 10px 5px; text-align: left; vertical-align: top; word-break: normal; border: 1px solid black;\"><span style=\"font-weight: 400; color: var(--md-box-samantha-normal-text-color);\">Envuelto con papel a prueba de humedad + pel\u00edcula pl\u00e1stica y protegido por protectores de esquinas de acero en los bordes; Embalaje horizontal o vertical, adecuado para transporte mar\u00edtimo y terrestre.<\/span><\/td>\n<\/tr>\n<tr>\n<td style=\"background-color: #fff; font-family: Arial, sans-serif; font-size: 14px; overflow: hidden; padding: 10px 5px; text-align: center; vertical-align: top; word-break: normal; border: 1px solid black;\"><span style=\"font-weight: 400; color: var(--md-box-samantha-normal-text-color);\">El tiempo de entrega<\/span><\/td>\n<td style=\"background-color: #fff; font-family: Arial, sans-serif; font-size: 14px; overflow: hidden; padding: 10px 5px; text-align: left; vertical-align: top; word-break: normal; border: 1px solid black;\"><span style=\"font-weight: 400; color: var(--md-box-samantha-normal-text-color);\">Especificaciones regulares: 5 \u2013 10 d\u00edas h\u00e1biles; Especificaciones personalizadas: 15 \u2013 30 d\u00edas h\u00e1biles<\/span><\/td>\n<\/tr>\n<tr>\n<td style=\"background-color: #efefef; font-family: Arial, sans-serif; font-size: 14px; overflow: hidden; padding: 10px 5px; text-align: center; vertical-align: top; word-break: normal; border: 1px solid black;\"><span style=\"font-weight: 400; color: var(--md-box-samantha-normal-text-color);\">Certificaciones de calidad<\/span><\/td>\n<td style=\"background-color: #efefef; font-family: Arial, sans-serif; font-size: 14px; overflow: hidden; padding: 10px 5px; text-align: left; vertical-align: top; word-break: normal; border: 1px solid black;\"><span style=\"font-weight: 400; color: var(--md-box-samantha-normal-text-color);\">Certificaci\u00f3n del Sistema de Gesti\u00f3n de Calidad ISO 9001, Informe de Inspecci\u00f3n SGS, Certificaci\u00f3n Ambiental RoHS<\/span><\/td>\n<\/tr>\n<\/tbody>\n<\/table>\n<h2>F\u00edsica p<\/h2>\n<h2><img fetchpriority=\"high\" decoding=\"async\" class=\"alignnone size-full wp-image-209\" src=\"https:\/\/baolongtaisteel.com\/wp-content\/uploads\/2025\/04\/1bca4a722b9d51f680d18b9fd1bf4ce1_\u55e8\u683c\u5f0f\u538b\u7f29\u526f\u672c_\u7ed3\u679c.webp\" alt=\"\" width=\"1920\" height=\"1200\" srcset=\"https:\/\/baolongtaisteel.com\/wp-content\/uploads\/2025\/04\/1bca4a722b9d51f680d18b9fd1bf4ce1_\u55e8\u683c\u5f0f\u538b\u7f29\u526f\u672c_\u7ed3\u679c.webp 1920w, https:\/\/baolongtaisteel.com\/wp-content\/uploads\/2025\/04\/1bca4a722b9d51f680d18b9fd1bf4ce1_\u55e8\u683c\u5f0f\u538b\u7f29\u526f\u672c_\u7ed3\u679c-600x375.webp 600w, https:\/\/baolongtaisteel.com\/wp-content\/uploads\/2025\/04\/1bca4a722b9d51f680d18b9fd1bf4ce1_\u55e8\u683c\u5f0f\u538b\u7f29\u526f\u672c_\u7ed3\u679c-300x188.webp 300w, https:\/\/baolongtaisteel.com\/wp-content\/uploads\/2025\/04\/1bca4a722b9d51f680d18b9fd1bf4ce1_\u55e8\u683c\u5f0f\u538b\u7f29\u526f\u672c_\u7ed3\u679c-1024x640.webp 1024w, https:\/\/baolongtaisteel.com\/wp-content\/uploads\/2025\/04\/1bca4a722b9d51f680d18b9fd1bf4ce1_\u55e8\u683c\u5f0f\u538b\u7f29\u526f\u672c_\u7ed3\u679c-768x480.webp 768w, https:\/\/baolongtaisteel.com\/wp-content\/uploads\/2025\/04\/1bca4a722b9d51f680d18b9fd1bf4ce1_\u55e8\u683c\u5f0f\u538b\u7f29\u526f\u672c_\u7ed3\u679c-1536x960.webp 1536w\" sizes=\"(max-width: 1920px) 100vw, 1920px\" \/><\/h2>\n<h2>Propiedades y propiedades qu\u00edmicas:<\/h2>\n<h3>Propiedades f\u00edsicas<\/h3>\n<h4>Apariencia:<\/h4>\n<p>Generalmente presenta un brillo met\u00e1lico y una superficie lisa. Su apariencia var\u00eda seg\u00fan los diferentes tratamientos superficiales, como la superficie 2B, la superficie BA, la superficie esmerilada, la superficie de espejo, etc.<\/p>\n<h4>Densidad:<\/h4>\n<p>Var\u00eda ligeramente debido a la composici\u00f3n espec\u00edfica del acero inoxidable, generalmente entre 7,93-8,03 g\/cm3, por ejemplo, la densidad del acero inoxidable 304 es de aproximadamente 7,93 g\/cm3 y la densidad del acero inoxidable 316 es de aproximadamente 7,98 g\/cm3.<br \/>\nPunto de fusi\u00f3n: El punto de fusi\u00f3n de las bobinas de acero inoxidable es relativamente alto, generalmente alrededor de 1398-1454 \u2103, y los puntos de fusi\u00f3n de los diferentes tipos de acero inoxidable variar\u00e1n.<\/p>\n<h4>Coeficiente de expansi\u00f3n t\u00e9rmica:<\/h4>\n<p>En el rango de temperatura ambiente a 100 \u2103, el coeficiente de expansi\u00f3n lineal promedio es de aproximadamente 16,0-18,5 \u00d7 10\u207b\u2076\/\u2103, y el coeficiente de expansi\u00f3n t\u00e9rmica aumentar\u00e1 ligeramente con el aumento de la temperatura.<\/p>\n<h4>Conductividad t\u00e9rmica:<\/h4>\n<p>La conductividad t\u00e9rmica es relativamente pobre y su conductividad t\u00e9rmica est\u00e1 entre 16,3 y 21,5 W\/(m\u00b7K), que es solo alrededor de 1\/3 de la del acero al carbono.<\/p>\n<h4>Conductividad el\u00e9ctrica:<\/h4>\n<p>Tiene cierta conductividad el\u00e9ctrica, pero no tan buena como la del cobre, el aluminio y otros metales. Su conductividad el\u00e9ctrica es de aproximadamente 20% a 30%.<\/p>\n<h2><img decoding=\"async\" class=\"alignnone size-full wp-image-208\" src=\"https:\/\/baolongtaisteel.com\/wp-content\/uploads\/2025\/04\/f28928161080a6d076d7a7cd01a5e2fc_\u55e8\u683c\u5f0f\u538b\u7f29\u526f\u672c_\u7ed3\u679c.webp\" alt=\"\" width=\"1920\" height=\"1200\" srcset=\"https:\/\/baolongtaisteel.com\/wp-content\/uploads\/2025\/04\/f28928161080a6d076d7a7cd01a5e2fc_\u55e8\u683c\u5f0f\u538b\u7f29\u526f\u672c_\u7ed3\u679c.webp 1920w, https:\/\/baolongtaisteel.com\/wp-content\/uploads\/2025\/04\/f28928161080a6d076d7a7cd01a5e2fc_\u55e8\u683c\u5f0f\u538b\u7f29\u526f\u672c_\u7ed3\u679c-600x375.webp 600w, https:\/\/baolongtaisteel.com\/wp-content\/uploads\/2025\/04\/f28928161080a6d076d7a7cd01a5e2fc_\u55e8\u683c\u5f0f\u538b\u7f29\u526f\u672c_\u7ed3\u679c-300x188.webp 300w, https:\/\/baolongtaisteel.com\/wp-content\/uploads\/2025\/04\/f28928161080a6d076d7a7cd01a5e2fc_\u55e8\u683c\u5f0f\u538b\u7f29\u526f\u672c_\u7ed3\u679c-1024x640.webp 1024w, https:\/\/baolongtaisteel.com\/wp-content\/uploads\/2025\/04\/f28928161080a6d076d7a7cd01a5e2fc_\u55e8\u683c\u5f0f\u538b\u7f29\u526f\u672c_\u7ed3\u679c-768x480.webp 768w, https:\/\/baolongtaisteel.com\/wp-content\/uploads\/2025\/04\/f28928161080a6d076d7a7cd01a5e2fc_\u55e8\u683c\u5f0f\u538b\u7f29\u526f\u672c_\u7ed3\u679c-1536x960.webp 1536w\" sizes=\"(max-width: 1920px) 100vw, 1920px\" \/><\/h2>\n<h3>Propiedades qu\u00edmicas<\/h3>\n<h4>Resistencia a la corrosi\u00f3n:<\/h4>\n<p>Esta es una de las propiedades qu\u00edmicas m\u00e1s importantes de las bobinas de acero inoxidable. Gracias a su alto contenido de cromo (Cr), es f\u00e1cil formar una densa pel\u00edcula de \u00f3xido de cromo en la superficie en contacto con el aire. Esta pel\u00edcula de \u00f3xido impide que el metal interno entre en contacto con el aire, el agua y otros medios corrosivos, lo que le confiere una buena resistencia a la corrosi\u00f3n. Cuando el contenido de cromo supera 12%, la resistencia a la corrosi\u00f3n del acero inoxidable mejora significativamente. Algunas bobinas especiales de acero inoxidable, como el acero inoxidable 316, presentan una mejor resistencia a la corrosi\u00f3n por iones cloruro gracias a la adici\u00f3n de elementos de molibdeno (Mo) y son aptas para entornos corrosivos m\u00e1s severos, como los marinos.<\/p>\n<h4>Antioxidaci\u00f3n:<\/h4>\n<p>A temperatura ambiente, las bobinas de acero inoxidable presentan una buena resistencia a la oxidaci\u00f3n. En entornos de alta temperatura, la pel\u00edcula de \u00f3xido en la superficie del acero inoxidable tambi\u00e9n puede desempe\u00f1ar una funci\u00f3n protectora, impidiendo que el metal se oxide a\u00fan m\u00e1s. Sin embargo, a medida que aumenta la temperatura, la capacidad antioxidante var\u00eda, y los diferentes tipos de acero inoxidable tienen diferentes capacidades antioxidantes a altas temperaturas. Por ejemplo, la capa de \u00f3xido del acero inoxidable 304 por debajo de 870 \u00b0C ofrece una buena protecci\u00f3n, pero a temperaturas m\u00e1s altas, la velocidad de oxidaci\u00f3n se acelera.<\/p>\n<h4>Estabilidad qu\u00edmica:<\/h4>\n<p>Las bobinas de acero inoxidable presentan buena estabilidad en medios qu\u00edmicos generales y no reaccionan f\u00e1cilmente con \u00e1cidos, \u00e1lcalis, sales, etc. Sin embargo, en condiciones espec\u00edficas, como entornos con alta concentraci\u00f3n de \u00e1cidos y \u00e1lcalis fuertes, o en presencia de catalizadores espec\u00edficos, el acero inoxidable tambi\u00e9n puede corroerse o experimentar otras reacciones qu\u00edmicas. Por ejemplo, en \u00e1cido sulf\u00farico concentrado, el acero inoxidable puede pasivarse, pero si la concentraci\u00f3n y la temperatura de \u00e1cido sulf\u00farico superan cierto rango, tambi\u00e9n lo corroer\u00e1.<\/p>\n<h4>Magnetismo:<\/h4>\n<p>Algunas bobinas de acero inoxidable son magn\u00e9ticas, como el acero inoxidable ferr\u00edtico y el acero inoxidable martens\u00edtico, mientras que el acero inoxidable austen\u00edtico suele ser no magn\u00e9tico o d\u00e9bilmente magn\u00e9tico. Sin embargo, durante el procesamiento en fr\u00edo, el acero inoxidable austen\u00edtico puede presentar cierto grado de magnetismo.<\/p>\n<h2><\/h2>\n<h2><img decoding=\"async\" class=\"alignnone size-full wp-image-207\" src=\"https:\/\/baolongtaisteel.com\/wp-content\/uploads\/2025\/04\/ed995c1d48f99082d7bd8a74967b394e_\u55e8\u683c\u5f0f\u538b\u7f29\u526f\u672c_\u7ed3\u679c.webp\" alt=\"\" width=\"1918\" height=\"798\" srcset=\"https:\/\/baolongtaisteel.com\/wp-content\/uploads\/2025\/04\/ed995c1d48f99082d7bd8a74967b394e_\u55e8\u683c\u5f0f\u538b\u7f29\u526f\u672c_\u7ed3\u679c.webp 1918w, https:\/\/baolongtaisteel.com\/wp-content\/uploads\/2025\/04\/ed995c1d48f99082d7bd8a74967b394e_\u55e8\u683c\u5f0f\u538b\u7f29\u526f\u672c_\u7ed3\u679c-600x250.webp 600w, https:\/\/baolongtaisteel.com\/wp-content\/uploads\/2025\/04\/ed995c1d48f99082d7bd8a74967b394e_\u55e8\u683c\u5f0f\u538b\u7f29\u526f\u672c_\u7ed3\u679c-300x125.webp 300w, https:\/\/baolongtaisteel.com\/wp-content\/uploads\/2025\/04\/ed995c1d48f99082d7bd8a74967b394e_\u55e8\u683c\u5f0f\u538b\u7f29\u526f\u672c_\u7ed3\u679c-1024x426.webp 1024w, https:\/\/baolongtaisteel.com\/wp-content\/uploads\/2025\/04\/ed995c1d48f99082d7bd8a74967b394e_\u55e8\u683c\u5f0f\u538b\u7f29\u526f\u672c_\u7ed3\u679c-768x320.webp 768w, https:\/\/baolongtaisteel.com\/wp-content\/uploads\/2025\/04\/ed995c1d48f99082d7bd8a74967b394e_\u55e8\u683c\u5f0f\u538b\u7f29\u526f\u672c_\u7ed3\u679c-1536x639.webp 1536w\" sizes=\"(max-width: 1918px) 100vw, 1918px\" \/><\/h2>\n<h2>Solicitud:<\/h2>\n<div>Las bobinas de acero inoxidable se utilizan ampliamente en diversos campos gracias a sus caracter\u00edsticas como resistencia a la corrosi\u00f3n, alta resistencia y excelente acabado superficial. En la decoraci\u00f3n arquitect\u00f3nica, se emplean para fabricar muros cortina, cabinas de ascensor y techos met\u00e1licos, que no solo mejoran la textura del edificio, sino que tambi\u00e9n resisten la erosi\u00f3n del viento y la lluvia. En la fabricaci\u00f3n de electrodom\u00e9sticos, las bobinas de acero inoxidable se utilizan com\u00fanmente en piezas como paneles de refrigeradores, tambores interiores de lavadoras y carcasas de aires acondicionados, que no solo cumplen con los requisitos de higiene, sino que tambi\u00e9n aumentan su durabilidad. En las industrias alimentaria y farmac\u00e9utica, gracias a su limpieza, anoxia y facilidad de desinfecci\u00f3n, se utilizan para fabricar tanques de almacenamiento, equipos de transporte y tuber\u00edas farmac\u00e9uticas. En el sector del transporte, se aplican a sistemas de escape de autom\u00f3viles e interiores de vagones de metro para lograr un equilibrio entre ligereza y resistencia a la corrosi\u00f3n. Adem\u00e1s, tambi\u00e9n se utilizan en la fabricaci\u00f3n de equipos qu\u00edmicos, como revestimientos de reactores y tuber\u00edas de transporte, que resisten medios qu\u00edmicos como \u00e1cidos y \u00e1lcalis y garantizan la seguridad de la producci\u00f3n.<\/div>\n<h1><\/h1>","protected":false},"excerpt":{"rendered":"<h4 class=\"elementor-heading-title elementor-size-default\" style=\"text-align: center; padding-bottom: 30px;\">Bobina de acero inoxidable<\/h4>\n<div>Las bobinas de acero inoxidable son bobinas fabricadas con acero inoxidable como materia prima. Contienen elementos de aleaci\u00f3n como cromo y n\u00edquel. Se forma una densa pel\u00edcula de \u00f3xido en la superficie, lo que les confiere una excelente resistencia a la corrosi\u00f3n y a la oxidaci\u00f3n. Seg\u00fan el material, se dividen en categor\u00edas como austenita y ferrita. Se fabrican mediante laminaci\u00f3n en fr\u00edo o en caliente y presentan diferentes efectos de tratamiento superficial. Ampliamente utilizado en campos como la decoraci\u00f3n arquitect\u00f3nica, la fabricaci\u00f3n de electrodom\u00e9sticos, la alimentaci\u00f3n y la medicina, es un material met\u00e1lico importante con valor tanto pr\u00e1ctico como est\u00e9tico.<\/div>\n<div>\n<hr class=\"dongte456custom-line\" \/>\n<\/div>\n<div style=\"padding-bottom: 5px;\">Categor\u00eda: Bobina de acero inoxidable<\/div>\n<div>Palabra clave: Bobina de acero inoxidable<\/div>\n<div>\n<hr \/>\n<\/div>\n<p><img loading=\"lazy\" decoding=\"async\" class=\"alignnone wp-image-257\" src=\"https:\/\/baolongtaisteel.com\/wp-content\/uploads\/2025\/04\/\u7535\u8bdd\u56fe\u6807.jpg\" alt=\"\" width=\"48\" height=\"50\" \/>\u00a0 WhatsApp:<a href=\"https:\/\/api.whatsapp.com\/send?phone=8613963585512\" target=\"_blank\" rel=\"noopener\">\u00a0+8613963585512 <\/a><\/p>\n<div>\n<hr \/>\n<\/div>\n<p><img loading=\"lazy\" decoding=\"async\" class=\"alignnone wp-image-258\" src=\"https:\/\/baolongtaisteel.com\/wp-content\/uploads\/2025\/04\/\u90ae\u7bb1\u56fe\u6807.jpg\" alt=\"\" width=\"48\" height=\"55\" \/>\u00a0\u00a0Correo electr\u00f3nico : <a href=\"rachel@sdxhjmetal.com\" target=\"_blank\" rel=\"noopener\">\u00a0rachel@sdxhjmetal.com<\/a><\/p>\n<div>\n<hr \/>\n<\/div>\n<h3><\/h3>\n<div class=\"productaddbutton-container\">\n<div class=\"productaddbutton-wrapper\"><a class=\"productaddbutton\" href=\"https:\/\/baolongtaisteel.com\/index.php\/product\/\">Lista de productos<\/a><\/div>\n<div class=\"productaddbutton-wrapper\"><a class=\"productaddbutton\" href=\"#formSectiondongte\">Cont\u00e1ctanos<\/a><\/div>\n<\/div>\n<div><\/div>","protected":false},"featured_media":201,"comment_status":"open","ping_status":"closed","template":"","meta":[],"product_brand":[],"product_cat":[16],"product_tag":[],"class_list":{"0":"post-74","1":"product","2":"type-product","3":"status-publish","4":"has-post-thumbnail","6":"product_cat-stainless-steel","8":"first","9":"instock","10":"shipping-taxable","11":"product-type-simple"},"_links":{"self":[{"href":"https:\/\/baolongtaisteel.com\/es\/wp-json\/wp\/v2\/product\/74","targetHints":{"allow":["GET"]}}],"collection":[{"href":"https:\/\/baolongtaisteel.com\/es\/wp-json\/wp\/v2\/product"}],"about":[{"href":"https:\/\/baolongtaisteel.com\/es\/wp-json\/wp\/v2\/types\/product"}],"replies":[{"embeddable":true,"href":"https:\/\/baolongtaisteel.com\/es\/wp-json\/wp\/v2\/comments?post=74"}],"wp:featuredmedia":[{"embeddable":true,"href":"https:\/\/baolongtaisteel.com\/es\/wp-json\/wp\/v2\/media\/201"}],"wp:attachment":[{"href":"https:\/\/baolongtaisteel.com\/es\/wp-json\/wp\/v2\/media?parent=74"}],"wp:term":[{"taxonomy":"product_brand","embeddable":true,"href":"https:\/\/baolongtaisteel.com\/es\/wp-json\/wp\/v2\/product_brand?post=74"},{"taxonomy":"product_cat","embeddable":true,"href":"https:\/\/baolongtaisteel.com\/es\/wp-json\/wp\/v2\/product_cat?post=74"},{"taxonomy":"product_tag","embeddable":true,"href":"https:\/\/baolongtaisteel.com\/es\/wp-json\/wp\/v2\/product_tag?post=74"}],"curies":[{"name":"wp","href":"https:\/\/api.w.org\/{rel}","templated":true}]}}