{"id":75,"date":"2025-04-25T11:45:40","date_gmt":"2025-04-25T03:45:40","guid":{"rendered":"https:\/\/baolongtaisteel.com\/?post_type=product&#038;p=75"},"modified":"2025-04-25T11:45:40","modified_gmt":"2025-04-25T03:45:40","slug":"tubo-de-acero-inoxidable","status":"publish","type":"product","link":"https:\/\/baolongtaisteel.com\/es\/product\/tubo-de-acero-inoxidable\/","title":{"rendered":"tubo de acero inoxidable"},"content":{"rendered":"<h2>\u00a0\u00a0Tabla de detalles del producto:<\/h2>\n<table class=\"tg\" style=\"border-collapse: collapse; border-spacing: 0;\">\n<thead>\n<tr>\n<th style=\"background-color: #9b9b9b; color: #fff; font-family: Arial, sans-serif; font-size: 14px; font-weight: bold; overflow: hidden; padding: 10px 5px; text-align: left; vertical-align: top; word-break: normal; border: 1px solid black;\"><span style=\"font-weight: 600;\">Nombre del producto<\/span><\/th>\n<th style=\"background-color: #9b9b9b; color: #fff; font-family: Arial, sans-serif; font-size: 14px; font-weight: bold; overflow: hidden; padding: 10px 5px; text-align: left; vertical-align: top; word-break: normal; border: 1px solid black;\"><span style=\"font-weight: 600;\">Tubo de acero inoxidable<\/span><\/th>\n<\/tr>\n<\/thead>\n<tbody>\n<tr>\n<td style=\"background-color: #fff; font-family: Arial, sans-serif; font-size: 14px; overflow: hidden; padding: 10px 5px; text-align: left; vertical-align: top; word-break: normal; border: 1px solid black;\"><span style=\"font-weight: 400; color: var(--md-box-samantha-normal-text-color);\">Tipo de material<\/span><\/td>\n<td style=\"background-color: #fff; font-family: Arial, sans-serif; font-size: 14px; overflow: hidden; padding: 10px 5px; text-align: left; vertical-align: top; word-break: normal; border: 1px solid black;\"><span style=\"font-weight: 400; color: var(--md-box-samantha-normal-text-color);\">Acero inoxidable (tubos cuadrados, tubos rectangulares, tubos redondos)<\/span><\/td>\n<\/tr>\n<tr>\n<td style=\"background-color: #efefef; font-family: Arial, sans-serif; font-size: 14px; overflow: hidden; padding: 10px 5px; text-align: left; vertical-align: top; word-break: normal; border: 1px solid black;\">#efefef<\/td>\n<td style=\"background-color: #efefef; font-family: Arial, sans-serif; font-size: 14px; overflow: hidden; padding: 10px 5px; text-align: left; vertical-align: top; word-break: normal; border: 1px solid black;\"><span style=\"font-weight: 400; color: var(--md-box-samantha-normal-text-color);\">Tubos cuadrados, tubos rectangulares, tubos redondos<\/span><\/td>\n<\/tr>\n<tr>\n<td style=\"background-color: #fff; font-family: Arial, sans-serif; font-size: 14px; overflow: hidden; padding: 10px 5px; text-align: left; vertical-align: top; word-break: normal; border: 1px solid black;\"><span style=\"font-weight: 400; color: var(--md-box-samantha-normal-text-color);\">Espesor<\/span><\/td>\n<td style=\"background-color: #fff; font-family: Arial, sans-serif; font-size: 14px; overflow: hidden; padding: 10px 5px; text-align: left; vertical-align: top; word-break: normal; border: 1px solid black;\"><span style=\"font-weight: 400; color: var(--md-box-samantha-normal-text-color);\">0,5-75 mm (general); 0,16 mm-4,0 mm (para tubos cuadrados\/rectangulares\/redondos de especificaciones espec\u00edficas)<\/span><\/td>\n<\/tr>\n<tr>\n<td style=\"background-color: #efefef; font-family: Arial, sans-serif; font-size: 14px; overflow: hidden; padding: 10px 5px; text-align: left; vertical-align: top; word-break: normal; border: 1px solid black;\"><span style=\"font-weight: 400; color: var(--md-box-samantha-normal-text-color);\">Presupuesto<\/span><\/td>\n<td style=\"background-color: #efefef; font-family: Arial, sans-serif; font-size: 14px; overflow: hidden; padding: 10px 5px; text-align: left; vertical-align: top; word-break: normal; border: 1px solid black;\"><span style=\"font-weight: 400; color: var(--md-box-samantha-normal-text-color);\">\u2013 Tubos redondos: Di\u00e1metro exterior 8mm-680mm<\/span><br \/>\n<span style=\"font-weight: 400; color: var(--md-box-samantha-normal-text-color);\">\u2013 Tubos cuadrados: 10x10mm-300x300mm<\/span><br \/>\n<span style=\"font-weight: 400; color: var(--md-box-samantha-normal-text-color);\">\u2013 Tubos rectangulares: 10x20mm-120x180mm<\/span><\/td>\n<\/tr>\n<tr>\n<td style=\"background-color: #fff; font-family: Arial, sans-serif; font-size: 14px; overflow: hidden; padding: 10px 5px; text-align: left; vertical-align: top; word-break: normal; border: 1px solid black;\"><span style=\"font-weight: 400; color: var(--md-box-samantha-normal-text-color);\">Tratamiento de superficies<\/span><\/td>\n<td style=\"background-color: #fff; font-family: Arial, sans-serif; font-size: 14px; overflow: hidden; padding: 10px 5px; text-align: left; vertical-align: top; word-break: normal; border: 1px solid black;\"><span style=\"font-weight: 400; color: var(--md-box-samantha-normal-text-color);\">Pulido, recocido, decapado, acabado brillante.<\/span><\/td>\n<\/tr>\n<tr>\n<td style=\"background-color: #efefef; font-family: Arial, sans-serif; font-size: 14px; overflow: hidden; padding: 10px 5px; text-align: left; vertical-align: top; word-break: normal; border: 1px solid black;\"><span style=\"font-weight: 400; color: var(--md-box-samantha-normal-text-color);\">Proceso de producci\u00f3n<\/span><\/td>\n<td style=\"background-color: #efefef; font-family: Arial, sans-serif; font-size: 14px; overflow: hidden; padding: 10px 5px; text-align: left; vertical-align: top; word-break: normal; border: 1px solid black;\"><span style=\"font-weight: 400; color: var(--md-box-samantha-normal-text-color);\">Laminaci\u00f3n en fr\u00edo \/ Laminaci\u00f3n en caliente<\/span><\/td>\n<\/tr>\n<tr>\n<td style=\"background-color: #fff; font-family: Arial, sans-serif; font-size: 14px; overflow: hidden; padding: 10px 5px; text-align: left; vertical-align: top; word-break: normal; border: 1px solid black;\"><span style=\"font-weight: 400; color: var(--md-box-samantha-normal-text-color);\">Grados de acero<\/span><\/td>\n<td style=\"background-color: #fff; font-family: Arial, sans-serif; font-size: 14px; overflow: hidden; padding: 10px 5px; text-align: left; vertical-align: top; word-break: normal; border: 1px solid black;\"><span style=\"font-weight: 400; color: var(--md-box-samantha-normal-text-color);\">201, 202, 304, 304L, 304N, 309S, 310S, 316, 316L, 316N, 316Ti, 317, 317L, 321, 347, 347H<\/span><\/td>\n<\/tr>\n<tr>\n<td style=\"background-color: #efefef; font-family: Arial, sans-serif; font-size: 14px; overflow: hidden; padding: 10px 5px; text-align: left; vertical-align: top; word-break: normal; border: 1px solid black;\"><span style=\"font-weight: 400; color: var(--md-box-samantha-normal-text-color);\">Est\u00e1ndares de ejecuci\u00f3n<\/span><\/td>\n<td style=\"background-color: #efefef; font-family: Arial, sans-serif; font-size: 14px; overflow: hidden; padding: 10px 5px; text-align: left; vertical-align: top; word-break: normal; border: 1px solid black;\"><span style=\"font-weight: 400; color: var(--md-box-samantha-normal-text-color);\">ASTM A213, A312, A269, A778, A789; DIN 17456, 17457, 17459; JIS G3459, G3463; GOST 9941; EN 10216; BS 3605; ES 13296<\/span><\/td>\n<\/tr>\n<tr>\n<td style=\"background-color: #fff; font-family: Arial, sans-serif; font-size: 14px; overflow: hidden; padding: 10px 5px; text-align: left; vertical-align: top; word-break: normal; border: 1px solid black;\"><span style=\"font-weight: 400; color: var(--md-box-samantha-normal-text-color);\">Tolerancia<\/span><\/td>\n<td style=\"background-color: #fff; font-family: Arial, sans-serif; font-size: 14px; overflow: hidden; padding: 10px 5px; text-align: left; vertical-align: top; word-break: normal; border: 1px solid black;\"><span style=\"font-weight: 400; color: var(--md-box-samantha-normal-text-color);\">\u2013 Di\u00e1metro exterior: \u00b10,5 mm<\/span><br \/>\n<span style=\"font-weight: 400; color: var(--md-box-samantha-normal-text-color);\">\u2013 Espesor: \u00b10,05 mm<\/span><br \/>\n<span style=\"font-weight: 400; color: var(--md-box-samantha-normal-text-color);\">\u2013 Longitud: \u00b15 mm<\/span><\/td>\n<\/tr>\n<tr>\n<td style=\"background-color: #efefef; font-family: Arial, sans-serif; font-size: 14px; overflow: hidden; padding: 10px 5px; text-align: left; vertical-align: top; word-break: normal; border: 1px solid black;\"><span style=\"font-weight: 400; color: var(--md-box-samantha-normal-text-color);\">Elementos de prueba<\/span><\/td>\n<td style=\"background-color: #efefef; font-family: Arial, sans-serif; font-size: 14px; overflow: hidden; padding: 10px 5px; text-align: left; vertical-align: top; word-break: normal; border: 1px solid black;\"><span style=\"font-weight: 400; color: var(--md-box-samantha-normal-text-color);\">Prueba de aplanamiento, prueba de expansi\u00f3n, prueba de presi\u00f3n hidrost\u00e1tica, prueba de corrosi\u00f3n intergranular, prueba de tratamiento t\u00e9rmico<\/span><\/td>\n<\/tr>\n<tr>\n<td style=\"background-color: #fff; font-family: Arial, sans-serif; font-size: 14px; overflow: hidden; padding: 10px 5px; text-align: left; vertical-align: top; word-break: normal; border: 1px solid black;\"><span style=\"font-weight: 400; color: var(--md-box-samantha-normal-text-color);\">Embalaje<\/span><\/td>\n<td style=\"background-color: #fff; font-family: Arial, sans-serif; font-size: 14px; overflow: hidden; padding: 10px 5px; text-align: left; vertical-align: top; word-break: normal; border: 1px solid black;\"><span style=\"font-weight: 400; color: var(--md-box-samantha-normal-text-color);\">Embalaje de exportaci\u00f3n est\u00e1ndar<\/span><\/td>\n<\/tr>\n<tr>\n<td style=\"background-color: #efefef; font-family: Arial, sans-serif; font-size: 14px; overflow: hidden; padding: 10px 5px; text-align: left; vertical-align: top; word-break: normal; border: 1px solid black;\"><span style=\"font-weight: 400; color: var(--md-box-samantha-normal-text-color);\">M\u00e9todos de pago<\/span><\/td>\n<td style=\"background-color: #efefef; font-family: Arial, sans-serif; font-size: 14px; overflow: hidden; padding: 10px 5px; text-align: left; vertical-align: top; word-break: normal; border: 1px solid black;\"><span style=\"font-weight: 400; color: var(--md-box-samantha-normal-text-color);\">Transferencia telegr\u00e1fica (T\/T), carta de cr\u00e9dito (L\/C), Western Union<\/span><\/td>\n<\/tr>\n<tr>\n<td style=\"background-color: #fff; font-family: Arial, sans-serif; font-size: 14px; overflow: hidden; padding: 10px 5px; text-align: left; vertical-align: top; word-break: normal; border: 1px solid black;\"><span style=\"font-weight: 400; color: var(--md-box-samantha-normal-text-color);\">El tiempo de entrega<\/span><\/td>\n<td style=\"background-color: #fff; font-family: Arial, sans-serif; font-size: 14px; overflow: hidden; padding: 10px 5px; text-align: left; vertical-align: top; word-break: normal; border: 1px solid black;\"><span style=\"font-weight: 400; color: var(--md-box-samantha-normal-text-color);\">10 d\u00edas h\u00e1biles a partir de la recepci\u00f3n del dep\u00f3sito<\/span><\/td>\n<\/tr>\n<tr>\n<td style=\"background-color: #efefef; font-family: Arial, sans-serif; font-size: 14px; overflow: hidden; padding: 10px 5px; text-align: left; vertical-align: top; word-break: normal; border: 1px solid black;\"><span style=\"font-weight: 400; color: var(--md-box-samantha-normal-text-color);\">\u00c1reas de aplicaci\u00f3n<\/span><\/td>\n<td style=\"background-color: #efefef; font-family: Arial, sans-serif; font-size: 14px; overflow: hidden; padding: 10px 5px; text-align: left; vertical-align: top; word-break: normal; border: 1px solid black;\"><span style=\"font-weight: 400; color: var(--md-box-samantha-normal-text-color);\">Decoraci\u00f3n, construcci\u00f3n, tapicer\u00eda, sistemas de suministro de agua, pasamanos, barandillas, escaleras, puertas, ventanas, balcones, cercas, bancos, muebles, etc.<\/span><\/td>\n<\/tr>\n<tr>\n<td style=\"background-color: #fff; font-family: Arial, sans-serif; font-size: 14px; overflow: hidden; padding: 10px 5px; text-align: left; vertical-align: top; word-break: normal; border: 1px solid black;\"><span style=\"font-weight: 400; color: var(--md-box-samantha-normal-text-color);\">Servicios de procesamiento<\/span><\/td>\n<td style=\"background-color: #fff; font-family: Arial, sans-serif; font-size: 14px; overflow: hidden; padding: 10px 5px; text-align: left; vertical-align: top; word-break: normal; border: 1px solid black;\"><span style=\"font-weight: 400; color: var(--md-box-samantha-normal-text-color);\">Procesamiento personalizado, corte longitudinal (Kaiping), corte, procesamiento de patrones.<\/span><\/td>\n<\/tr>\n<\/tbody>\n<\/table>\n<h2><img fetchpriority=\"high\" decoding=\"async\" class=\"alignnone size-full wp-image-175\" src=\"https:\/\/baolongtaisteel.com\/wp-content\/uploads\/2025\/04\/c5992c241ebe9ec6c716c905912e1d02_\u55e8\u683c\u5f0f\u538b\u7f29\u526f\u672c_\u7ed3\u679c.webp\" alt=\"\" width=\"1920\" height=\"1200\" srcset=\"https:\/\/baolongtaisteel.com\/wp-content\/uploads\/2025\/04\/c5992c241ebe9ec6c716c905912e1d02_\u55e8\u683c\u5f0f\u538b\u7f29\u526f\u672c_\u7ed3\u679c.webp 1920w, https:\/\/baolongtaisteel.com\/wp-content\/uploads\/2025\/04\/c5992c241ebe9ec6c716c905912e1d02_\u55e8\u683c\u5f0f\u538b\u7f29\u526f\u672c_\u7ed3\u679c-600x375.webp 600w, https:\/\/baolongtaisteel.com\/wp-content\/uploads\/2025\/04\/c5992c241ebe9ec6c716c905912e1d02_\u55e8\u683c\u5f0f\u538b\u7f29\u526f\u672c_\u7ed3\u679c-300x188.webp 300w, https:\/\/baolongtaisteel.com\/wp-content\/uploads\/2025\/04\/c5992c241ebe9ec6c716c905912e1d02_\u55e8\u683c\u5f0f\u538b\u7f29\u526f\u672c_\u7ed3\u679c-1024x640.webp 1024w, https:\/\/baolongtaisteel.com\/wp-content\/uploads\/2025\/04\/c5992c241ebe9ec6c716c905912e1d02_\u55e8\u683c\u5f0f\u538b\u7f29\u526f\u672c_\u7ed3\u679c-768x480.webp 768w, https:\/\/baolongtaisteel.com\/wp-content\/uploads\/2025\/04\/c5992c241ebe9ec6c716c905912e1d02_\u55e8\u683c\u5f0f\u538b\u7f29\u526f\u672c_\u7ed3\u679c-1536x960.webp 1536w\" sizes=\"(max-width: 1920px) 100vw, 1920px\" \/><\/h2>\n<h2>\u00a0Propiedades f\u00edsicas y propiedades qu\u00edmicas:<\/h2>\n<h3>Propiedades f\u00edsicas<\/h3>\n<h4>Densidad:<\/h4>\n<p>La densidad de las tuber\u00edas de acero inoxidable var\u00eda ligeramente seg\u00fan el tipo de acero, generalmente entre 7,75 y 8,05 g\/cm\u00b3. Por ejemplo, la densidad del acero inoxidable 304 es de aproximadamente 7,93 g\/cm\u00b3, y la del acero inoxidable 316, de aproximadamente 7,98 g\/cm\u00b3.<\/p>\n<h4>Punto de fusi\u00f3n:<\/h4>\n<p>Generalmente, se encuentra entre 1398 y 1454 \u00b0C, y las diferentes composiciones de aleaci\u00f3n dan lugar a diferentes puntos de fusi\u00f3n. Por ejemplo, el punto de fusi\u00f3n del acero inoxidable 304 es de aproximadamente 1400 a 1450 \u00b0C, mientras que el del acero inoxidable 310S tiene un punto de fusi\u00f3n relativamente m\u00e1s alto, de aproximadamente 1470 a 1530 \u00b0C, debido a su alto contenido de cromo y n\u00edquel.<br \/>\nCoeficiente de expansi\u00f3n t\u00e9rmica: Con los cambios de temperatura, las tuber\u00edas de acero inoxidable se expanden y contraen. En general, su coeficiente de expansi\u00f3n t\u00e9rmica se encuentra entre (10-20) \u00d7 10\u207b\u2076\/\u2103. Por ejemplo, el coeficiente de expansi\u00f3n t\u00e9rmica del acero inoxidable 304 a 20-100 \u2103 es de aproximadamente 17,3 \u00d7 10\u207b\u2076\/\u2103.<\/p>\n<h4>Conductividad t\u00e9rmica:<\/h4>\n<p>El acero inoxidable tiene una conductividad t\u00e9rmica baja, generalmente entre 10 y 30 W\/(m\u00b7K). Por ejemplo, el acero inoxidable 304 tiene una conductividad t\u00e9rmica de aproximadamente 16,2 W\/(m\u00b7K), mucho menor que la de metales como el cobre (aproximadamente 386 W\/(m\u00b7K)) y el aluminio (aproximadamente 203 W\/(m\u00b7K)).<\/p>\n<h4>Conductividad el\u00e9ctrica:<\/h4>\n<p>La conductividad el\u00e9ctrica de las tuber\u00edas de acero inoxidable es relativamente baja, y suele estar entre (1,3 y 1,6) \u00d7 10\u2076 S\/m. La conductividad el\u00e9ctrica del acero inoxidable 304 es de aproximadamente 1,4 \u00d7 10\u2076 S\/m, inferior a la de los metales puros.<\/p>\n<h2><img decoding=\"async\" class=\"alignnone size-full wp-image-176\" src=\"https:\/\/baolongtaisteel.com\/wp-content\/uploads\/2025\/04\/f2b99ffb306b47c8624224de30dab122_\u55e8\u683c\u5f0f\u538b\u7f29\u526f\u672c_\u7ed3\u679c.webp\" alt=\"\" width=\"1920\" height=\"1200\" srcset=\"https:\/\/baolongtaisteel.com\/wp-content\/uploads\/2025\/04\/f2b99ffb306b47c8624224de30dab122_\u55e8\u683c\u5f0f\u538b\u7f29\u526f\u672c_\u7ed3\u679c.webp 1920w, https:\/\/baolongtaisteel.com\/wp-content\/uploads\/2025\/04\/f2b99ffb306b47c8624224de30dab122_\u55e8\u683c\u5f0f\u538b\u7f29\u526f\u672c_\u7ed3\u679c-600x375.webp 600w, https:\/\/baolongtaisteel.com\/wp-content\/uploads\/2025\/04\/f2b99ffb306b47c8624224de30dab122_\u55e8\u683c\u5f0f\u538b\u7f29\u526f\u672c_\u7ed3\u679c-300x188.webp 300w, https:\/\/baolongtaisteel.com\/wp-content\/uploads\/2025\/04\/f2b99ffb306b47c8624224de30dab122_\u55e8\u683c\u5f0f\u538b\u7f29\u526f\u672c_\u7ed3\u679c-1024x640.webp 1024w, https:\/\/baolongtaisteel.com\/wp-content\/uploads\/2025\/04\/f2b99ffb306b47c8624224de30dab122_\u55e8\u683c\u5f0f\u538b\u7f29\u526f\u672c_\u7ed3\u679c-768x480.webp 768w, https:\/\/baolongtaisteel.com\/wp-content\/uploads\/2025\/04\/f2b99ffb306b47c8624224de30dab122_\u55e8\u683c\u5f0f\u538b\u7f29\u526f\u672c_\u7ed3\u679c-1536x960.webp 1536w\" sizes=\"(max-width: 1920px) 100vw, 1920px\" \/><\/h2>\n<h3>Propiedades qu\u00edmicas<\/h3>\n<h4>Resistencia a la corrosi\u00f3n:<\/h4>\n<p>Esta es una de las propiedades qu\u00edmicas m\u00e1s importantes de las tuber\u00edas de acero inoxidable. El acero inoxidable contiene elementos de aleaci\u00f3n como el cromo y el n\u00edquel, que reaccionan con el ox\u00edgeno del aire para formar una densa pel\u00edcula de \u00f3xido en la superficie (el componente principal es Cr\u2082O\u2083). Esta pel\u00edcula de \u00f3xido impide que el metal interno reaccione qu\u00edmicamente con sustancias externas, lo que le confiere una buena resistencia a la corrosi\u00f3n. Por ejemplo, el acero inoxidable 304 presenta buena resistencia a la corrosi\u00f3n en la atm\u00f3sfera, el agua y algunas soluciones \u00e1cidas y alcalinas d\u00e9biles; el acero inoxidable 316 presenta una mejor resistencia a la corrosi\u00f3n por iones cloruro gracias a la adici\u00f3n de molibdeno, y se utiliza a menudo en entornos marinos o en contacto con medios con iones cloruro.<\/p>\n<h4>Antioxidaci\u00f3n:<\/h4>\n<p>A altas temperaturas, las tuber\u00edas de acero inoxidable mantienen buenas propiedades antioxidantes. La presencia de cromo permite que el acero inoxidable forme una pel\u00edcula de \u00f3xido estable a altas temperaturas, lo que previene una mayor oxidaci\u00f3n. Aceros inoxidables como el 309S y el 310S tienen un alto contenido de cromo y n\u00edquel, se pueden utilizar durante mucho tiempo en entornos de alta temperatura, poseen buenas propiedades antioxidantes y son aptos para tubos de hornos de alta temperatura, elementos calefactores, etc.<\/p>\n<h4>Estabilidad qu\u00edmica:<\/h4>\n<p>Las tuber\u00edas de acero inoxidable son relativamente estables en entornos qu\u00edmicos generales y no reaccionan violentamente con facilidad con sustancias qu\u00edmicas comunes. Sin embargo, en ciertas condiciones, como \u00e1cidos oxidantes fuertes (como el \u00e1cido n\u00edtrico y el \u00e1cido sulf\u00farico concentrados), altas temperaturas y soluciones alcalinas de alta concentraci\u00f3n, el acero inoxidable tambi\u00e9n puede corroerse o reaccionar qu\u00edmicamente. No obstante, ajustando la composici\u00f3n y el proceso de tratamiento superficial del acero inoxidable, se puede mejorar su estabilidad en entornos qu\u00edmicos espec\u00edficos.<\/p>\n<h2><img decoding=\"async\" class=\"alignnone size-full wp-image-174\" src=\"https:\/\/baolongtaisteel.com\/wp-content\/uploads\/2025\/04\/50052a7b56664b66a832b52bddb9a4cc_\u55e8\u683c\u5f0f\u538b\u7f29\u526f\u672c_\u7ed3\u679c.webp\" alt=\"\" width=\"1920\" height=\"1200\" srcset=\"https:\/\/baolongtaisteel.com\/wp-content\/uploads\/2025\/04\/50052a7b56664b66a832b52bddb9a4cc_\u55e8\u683c\u5f0f\u538b\u7f29\u526f\u672c_\u7ed3\u679c.webp 1920w, https:\/\/baolongtaisteel.com\/wp-content\/uploads\/2025\/04\/50052a7b56664b66a832b52bddb9a4cc_\u55e8\u683c\u5f0f\u538b\u7f29\u526f\u672c_\u7ed3\u679c-600x375.webp 600w, https:\/\/baolongtaisteel.com\/wp-content\/uploads\/2025\/04\/50052a7b56664b66a832b52bddb9a4cc_\u55e8\u683c\u5f0f\u538b\u7f29\u526f\u672c_\u7ed3\u679c-300x188.webp 300w, https:\/\/baolongtaisteel.com\/wp-content\/uploads\/2025\/04\/50052a7b56664b66a832b52bddb9a4cc_\u55e8\u683c\u5f0f\u538b\u7f29\u526f\u672c_\u7ed3\u679c-1024x640.webp 1024w, https:\/\/baolongtaisteel.com\/wp-content\/uploads\/2025\/04\/50052a7b56664b66a832b52bddb9a4cc_\u55e8\u683c\u5f0f\u538b\u7f29\u526f\u672c_\u7ed3\u679c-768x480.webp 768w, https:\/\/baolongtaisteel.com\/wp-content\/uploads\/2025\/04\/50052a7b56664b66a832b52bddb9a4cc_\u55e8\u683c\u5f0f\u538b\u7f29\u526f\u672c_\u7ed3\u679c-1536x960.webp 1536w\" sizes=\"(max-width: 1920px) 100vw, 1920px\" \/><\/h2>\n<h2>Solicitud:<\/h2>\n<p>Las tuber\u00edas de acero inoxidable se utilizan ampliamente en diversos campos gracias a su excelente resistencia a la corrosi\u00f3n, robustez y est\u00e9tica. En la decoraci\u00f3n arquitect\u00f3nica, se emplean a menudo en pasamanos, barandillas, marcos de puertas y ventanas, y en la decoraci\u00f3n de muros cortina. No solo son duraderas, sino que tambi\u00e9n pueden mejorar la apariencia del edificio. Las industrias alimentaria y farmac\u00e9utica aprovechan sus caracter\u00edsticas higi\u00e9nicas, no t\u00f3xicas y de f\u00e1cil limpieza para fabricar equipos de procesamiento de alimentos, tuber\u00edas farmac\u00e9uticas y contenedores de almacenamiento, garantizando as\u00ed un proceso de producci\u00f3n seguro y libre de contaminaci\u00f3n. En cuanto a suministros de cocina y ba\u00f1o, las tuber\u00edas y grifos de agua de acero inoxidable son la primera opci\u00f3n para las instalaciones de agua dom\u00e9sticas gracias a su resistencia a la corrosi\u00f3n y larga vida \u00fatil. En el sector industrial, se utilizan tipos especiales de tuber\u00edas de acero inoxidable, como el 316, en tuber\u00edas qu\u00edmicas y equipos de extracci\u00f3n de petr\u00f3leo, que soportan \u00e1cidos y \u00e1lcalis fuertes, as\u00ed como entornos de alta temperatura y alta presi\u00f3n. En el transporte, las tuber\u00edas de acero inoxidable se utilizan para fabricar sistemas de escape de autom\u00f3viles y estructuras de vagones de metro, logrando un equilibrio entre ligereza y alta resistencia.<\/p>","protected":false},"excerpt":{"rendered":"<h4 class=\"elementor-heading-title elementor-size-default\" style=\"text-align: center; padding-bottom: 30px;\">tubo de acero inoxidable<\/h4>\n<div>La tuber\u00eda de acero inoxidable es una tuber\u00eda hecha de acero inoxidable que contiene elementos de aleaci\u00f3n como cromo y n\u00edquel, y forma una densa pel\u00edcula de \u00f3xido en la superficie, lo que le confiere una excelente resistencia a la corrosi\u00f3n y a la oxidaci\u00f3n. Sus propiedades f\u00edsicas son estables y posee buena resistencia y tenacidad. Gracias a estas caracter\u00edsticas, se utiliza ampliamente en decoraci\u00f3n arquitect\u00f3nica, industria alimentaria y m\u00e9dica, fabricaci\u00f3n industrial y otros campos, siendo un material indispensable para la industria y la vida moderna.<\/div>\n<div>\n<hr class=\"dongte456custom-line\" \/>\n<\/div>\n<div style=\"padding-bottom: 5px;\">Categor\u00eda: tuber\u00eda de acero inoxidable<\/div>\n<div>Palabra clave: tuber\u00eda de acero inoxidable<\/div>\n<div>\n<hr \/>\n<\/div>\n<p><img loading=\"lazy\" decoding=\"async\" class=\"alignnone wp-image-257\" src=\"https:\/\/baolongtaisteel.com\/wp-content\/uploads\/2025\/04\/\u7535\u8bdd\u56fe\u6807.jpg\" alt=\"\" width=\"48\" height=\"50\" \/>\u00a0 WhatsApp:<a href=\"https:\/\/api.whatsapp.com\/send?phone=8613963585512\" target=\"_blank\" rel=\"noopener\">\u00a0+8613963585512 <\/a><\/p>\n<div>\n<hr \/>\n<\/div>\n<p><img loading=\"lazy\" decoding=\"async\" class=\"alignnone wp-image-258\" src=\"https:\/\/baolongtaisteel.com\/wp-content\/uploads\/2025\/04\/\u90ae\u7bb1\u56fe\u6807.jpg\" alt=\"\" width=\"48\" height=\"55\" \/>\u00a0\u00a0Correo electr\u00f3nico : <a href=\"rachel@sdxhjmetal.com\" target=\"_blank\" rel=\"noopener\">\u00a0rachel@sdxhjmetal.com<\/a><\/p>\n<div>\n<hr \/>\n<\/div>\n<h3><\/h3>\n<div class=\"productaddbutton-container\">\n<div class=\"productaddbutton-wrapper\"><a class=\"productaddbutton\" href=\"https:\/\/baolongtaisteel.com\/index.php\/product\/\">Lista de productos<\/a><\/div>\n<div class=\"productaddbutton-wrapper\"><a class=\"productaddbutton\" href=\"#formSectiondongte\">Cont\u00e1ctanos<\/a><\/div>\n<\/div>\n<div><\/div>","protected":false},"featured_media":192,"comment_status":"open","ping_status":"closed","template":"","meta":[],"product_brand":[],"product_cat":[16],"product_tag":[],"class_list":{"0":"post-75","1":"product","2":"type-product","3":"status-publish","4":"has-post-thumbnail","6":"product_cat-stainless-steel","8":"first","9":"instock","10":"shipping-taxable","11":"product-type-simple"},"_links":{"self":[{"href":"https:\/\/baolongtaisteel.com\/es\/wp-json\/wp\/v2\/product\/75","targetHints":{"allow":["GET"]}}],"collection":[{"href":"https:\/\/baolongtaisteel.com\/es\/wp-json\/wp\/v2\/product"}],"about":[{"href":"https:\/\/baolongtaisteel.com\/es\/wp-json\/wp\/v2\/types\/product"}],"replies":[{"embeddable":true,"href":"https:\/\/baolongtaisteel.com\/es\/wp-json\/wp\/v2\/comments?post=75"}],"wp:featuredmedia":[{"embeddable":true,"href":"https:\/\/baolongtaisteel.com\/es\/wp-json\/wp\/v2\/media\/192"}],"wp:attachment":[{"href":"https:\/\/baolongtaisteel.com\/es\/wp-json\/wp\/v2\/media?parent=75"}],"wp:term":[{"taxonomy":"product_brand","embeddable":true,"href":"https:\/\/baolongtaisteel.com\/es\/wp-json\/wp\/v2\/product_brand?post=75"},{"taxonomy":"product_cat","embeddable":true,"href":"https:\/\/baolongtaisteel.com\/es\/wp-json\/wp\/v2\/product_cat?post=75"},{"taxonomy":"product_tag","embeddable":true,"href":"https:\/\/baolongtaisteel.com\/es\/wp-json\/wp\/v2\/product_tag?post=75"}],"curies":[{"name":"wp","href":"https:\/\/api.w.org\/{rel}","templated":true}]}}