{"id":77,"date":"2025-04-25T16:58:43","date_gmt":"2025-04-25T08:58:43","guid":{"rendered":"https:\/\/baolongtaisteel.com\/?post_type=product&#038;p=77"},"modified":"2025-04-25T16:58:43","modified_gmt":"2025-04-25T08:58:43","slug":"barra-de-acero-inoxidable","status":"publish","type":"product","link":"https:\/\/baolongtaisteel.com\/es\/product\/barra-de-acero-inoxidable\/","title":{"rendered":"barra de acero inoxidable"},"content":{"rendered":"<h2 style=\"text-align: left;\">\u00a0\u00a0Tabla de detalles del producto:<\/h2>\n<table class=\"tg\" style=\"border-collapse: collapse; border-spacing: 0;\">\n<thead>\n<tr>\n<th style=\"background-color: #9b9b9b; color: #ffffff; font-family: Arial, sans-serif; font-size: 14px; font-weight: bold; overflow: hidden; padding: 10px 5px; vertical-align: top; word-break: normal; border: 1px solid black; text-align: center;\"><span style=\"font-weight: 600;\">Elementos<\/span><\/th>\n<th style=\"background-color: #9b9b9b; color: #fff; font-family: Arial, sans-serif; font-size: 14px; font-weight: bold; overflow: hidden; padding: 10px 5px; text-align: left; vertical-align: top; word-break: normal; border: 1px solid black;\"><span style=\"font-weight: 600;\">Detalles<\/span><\/th>\n<\/tr>\n<\/thead>\n<tbody>\n<tr>\n<td style=\"background-color: #ffffff; font-family: Arial, sans-serif; font-size: 14px; overflow: hidden; padding: 10px 5px; vertical-align: top; word-break: normal; border: 1px solid black; text-align: center;\"><span style=\"font-weight: 400; color: var(--md-box-samantha-normal-text-color);\">Fabricaci\u00f3n de maquinaria<\/span><\/td>\n<td style=\"background-color: #ffffff; font-family: Arial, sans-serif; font-size: 14px; overflow: hidden; padding: 10px 5px; text-align: left; vertical-align: top; word-break: normal; border: 1px solid black;\"><span style=\"font-weight: 400; color: var(--md-box-samantha-normal-text-color);\">Se utiliza para fabricar piezas mec\u00e1nicas como ejes, engranajes, pernos y tuercas.<\/span><\/td>\n<\/tr>\n<tr>\n<td style=\"background-color: #efefef; font-family: Arial, sans-serif; font-size: 14px; overflow: hidden; padding: 10px 5px; vertical-align: top; word-break: normal; border: 1px solid black; text-align: center;\"><span style=\"font-weight: 400; color: var(--md-box-samantha-normal-text-color);\">Dispositivos m\u00e9dicos<\/span><\/td>\n<td style=\"background-color: #efefef; font-family: Arial, sans-serif; font-size: 14px; overflow: hidden; padding: 10px 5px; text-align: left; vertical-align: top; word-break: normal; border: 1px solid black;\"><span style=\"font-weight: 400; color: var(--md-box-samantha-normal-text-color);\">Se utiliza para fabricar equipos e instrumentos m\u00e9dicos como bistur\u00edes, instrumentos quir\u00fargicos e implantes.<\/span><\/td>\n<\/tr>\n<tr>\n<td style=\"background-color: #ffffff; font-family: Arial, sans-serif; font-size: 14px; overflow: hidden; padding: 10px 5px; vertical-align: top; word-break: normal; border: 1px solid black; text-align: center;\"><span style=\"font-weight: 400; color: var(--md-box-samantha-normal-text-color);\">Decoraci\u00f3n arquitect\u00f3nica<\/span><\/td>\n<td style=\"background-color: #ffffff; font-family: Arial, sans-serif; font-size: 14px; overflow: hidden; padding: 10px 5px; text-align: left; vertical-align: top; word-break: normal; border: 1px solid black;\"><span style=\"font-weight: 400; color: var(--md-box-samantha-normal-text-color);\">Se utiliza para proyectos de decoraci\u00f3n arquitect\u00f3nica como barandillas, pasamanos, esculturas y puertas y ventanas.<\/span><\/td>\n<\/tr>\n<tr>\n<td style=\"background-color: #efefef; font-family: Arial, sans-serif; font-size: 14px; overflow: hidden; padding: 10px 5px; vertical-align: top; word-break: normal; border: 1px solid black; text-align: center;\"><span style=\"font-weight: 400; color: var(--md-box-samantha-normal-text-color);\">Procesamiento de alimentos<\/span><\/td>\n<td style=\"background-color: #efefef; font-family: Arial, sans-serif; font-size: 14px; overflow: hidden; padding: 10px 5px; text-align: left; vertical-align: top; word-break: normal; border: 1px solid black;\"><span style=\"font-weight: 400; color: var(--md-box-samantha-normal-text-color);\">Se utiliza para producir maquinaria de alimentos, contenedores, tuber\u00edas, etc., cumpliendo con los est\u00e1ndares de higiene alimentaria.<\/span><\/td>\n<\/tr>\n<tr>\n<td style=\"background-color: #ffffff; font-family: Arial, sans-serif; font-size: 14px; overflow: hidden; padding: 10px 5px; vertical-align: top; word-break: normal; border: 1px solid black; text-align: center;\"><span style=\"font-weight: 400; color: var(--md-box-samantha-normal-text-color);\">Equipo qu\u00edmico<\/span><\/td>\n<td style=\"background-color: #ffffff; font-family: Arial, sans-serif; font-size: 14px; overflow: hidden; padding: 10px 5px; text-align: left; vertical-align: top; word-break: normal; border: 1px solid black;\"><span style=\"font-weight: 400; color: var(--md-box-samantha-normal-text-color);\">Se utiliza para fabricar componentes de equipos qu\u00edmicos como calderas de reacci\u00f3n, tuber\u00edas y v\u00e1lvulas.<\/span><\/td>\n<\/tr>\n<tr>\n<td style=\"background-color: #efefef; font-family: Arial, sans-serif; font-size: 14px; overflow: hidden; padding: 10px 5px; vertical-align: top; word-break: normal; border: 1px solid black; text-align: center;\"><span style=\"font-weight: 400; color: var(--md-box-samantha-normal-text-color);\">Electr\u00f3nica y electrodom\u00e9sticos<\/span><\/td>\n<td style=\"background-color: #efefef; font-family: Arial, sans-serif; font-size: 14px; overflow: hidden; padding: 10px 5px; text-align: left; vertical-align: top; word-break: normal; border: 1px solid black;\"><span style=\"font-weight: 400; color: var(--md-box-samantha-normal-text-color);\">Se utiliza para fabricar carcasas, conectores, componentes de disipaci\u00f3n de calor, etc. de dispositivos electr\u00f3nicos.<\/span><\/td>\n<\/tr>\n<tr>\n<td style=\"background-color: #ffffff; font-family: Arial, sans-serif; font-size: 14px; font-weight: bold; overflow: hidden; padding: 10px 5px; vertical-align: top; word-break: normal; border: 1px solid black; text-align: center;\"><span style=\"font-weight: 600; color: var(--md-box-samantha-deep-text-color);\">Est\u00e1ndares de calidad<\/span><\/td>\n<td style=\"background-color: #ffffff; font-family: Arial, sans-serif; font-size: 14px; overflow: hidden; padding: 10px 5px; text-align: left; vertical-align: top; word-break: normal; border: 1px solid black;\"><span style=\"font-weight: 400; color: var(--md-box-samantha-normal-text-color);\">De acuerdo con las normas nacionales e internacionales pertinentes, como GB\/T 1220, ASTM A276, JIS G4303, etc. Se pueden proporcionar informes de materiales y certificados de calidad.<\/span><\/td>\n<\/tr>\n<tr>\n<td style=\"background-color: #efefef; font-family: Arial, sans-serif; font-size: 14px; font-weight: bold; overflow: hidden; padding: 10px 5px; vertical-align: top; word-break: normal; border: 1px solid black; text-align: center;\"><span style=\"font-weight: 600; color: var(--md-box-samantha-deep-text-color);\">M\u00e9todo de embalaje<\/span><\/td>\n<td style=\"background-color: #efefef; font-family: Arial, sans-serif; font-size: 14px; overflow: hidden; padding: 10px 5px; text-align: left; vertical-align: top; word-break: normal; border: 1px solid black;\"><span style=\"font-weight: 400; color: var(--md-box-samantha-normal-text-color);\">Embalaje de pel\u00edcula de pl\u00e1stico, embalaje de bolsas tejidas, embalaje de caja de madera, etc. para evitar da\u00f1os durante el transporte y el almacenamiento.<\/span><\/td>\n<\/tr>\n<tr>\n<td style=\"background-color: #ffffff; font-family: Arial, sans-serif; font-size: 14px; font-weight: bold; overflow: hidden; padding: 10px 5px; vertical-align: top; word-break: normal; border: 1px solid black; text-align: center;\"><span style=\"font-weight: 600; color: var(--md-box-samantha-deep-text-color);\">Precio<\/span><\/td>\n<td style=\"background-color: #ffffff; font-family: Arial, sans-serif; font-size: 14px; overflow: hidden; padding: 10px 5px; text-align: left; vertical-align: top; word-break: normal; border: 1px solid black;\"><span style=\"font-weight: 400; color: var(--md-box-samantha-normal-text-color);\">Sujeto a factores como el material, las especificaciones, la cantidad y las condiciones del mercado. Consulte con el departamento de ventas para obtener precios espec\u00edficos.<\/span><\/td>\n<\/tr>\n<tr>\n<td style=\"background-color: #efefef; font-family: Arial, sans-serif; font-size: 14px; font-weight: bold; overflow: hidden; padding: 10px 5px; vertical-align: top; word-break: normal; border: 1px solid black; text-align: center;\"><span style=\"font-weight: 600; color: var(--md-box-samantha-deep-text-color);\">El tiempo de entrega<\/span><\/td>\n<td style=\"background-color: #efefef; font-family: Arial, sans-serif; font-size: 14px; overflow: hidden; padding: 10px 5px; text-align: left; vertical-align: top; word-break: normal; border: 1px solid black;\"><span style=\"font-weight: 400; color: var(--md-box-samantha-normal-text-color);\">De 3 a 7 d\u00edas para productos con especificaciones regulares y de 10 a 20 d\u00edas para productos personalizados (el tiempo espec\u00edfico se determina seg\u00fan la situaci\u00f3n real del pedido).<\/span><\/td>\n<\/tr>\n<tr>\n<td style=\"background-color: #ffffff; font-family: Arial, sans-serif; font-size: 14px; font-weight: bold; overflow: hidden; padding: 10px 5px; vertical-align: top; word-break: normal; border: 1px solid black; text-align: center;\"><span style=\"font-weight: 600; color: var(--md-box-samantha-deep-text-color);\">M\u00e9todo de pago<\/span><\/td>\n<td style=\"background-color: #ffffff; font-family: Arial, sans-serif; font-size: 14px; overflow: hidden; padding: 10px 5px; text-align: left; vertical-align: top; word-break: normal; border: 1px solid black;\"><span style=\"font-weight: 400; color: var(--md-box-samantha-normal-text-color);\">T\/T (Transferencia Telegr\u00e1fica), L\/C (Carta de Cr\u00e9dito), etc. El m\u00e9todo de pago espec\u00edfico se puede negociar y determinar.<\/span><\/td>\n<\/tr>\n<tr>\n<td style=\"background-color: #efefef; font-family: Arial, sans-serif; font-size: 14px; font-weight: bold; overflow: hidden; padding: 10px 5px; vertical-align: top; word-break: normal; border: 1px solid black; text-align: center;\"><span style=\"font-weight: 600; color: var(--md-box-samantha-deep-text-color);\">Servicio posventa<\/span><\/td>\n<td style=\"background-color: #efefef; font-family: Arial, sans-serif; font-size: 14px; overflow: hidden; padding: 10px 5px; text-align: left; vertical-align: top; word-break: normal; border: 1px solid black;\"><span style=\"font-weight: 400; color: var(--md-box-samantha-normal-text-color);\">Brindamos soporte t\u00e9cnico y soluciones a problemas de calidad. Los productos pueden devolverse o cambiarse en caso de problemas de calidad.<\/span><\/td>\n<\/tr>\n<\/tbody>\n<\/table>\n<p>&nbsp;<\/p>\n<h2 style=\"text-align: left;\"><img fetchpriority=\"high\" decoding=\"async\" class=\"alignnone size-full wp-image-247\" src=\"https:\/\/baolongtaisteel.com\/wp-content\/uploads\/2025\/04\/\u68d22.jpg\" alt=\"\" width=\"1920\" height=\"1200\" srcset=\"https:\/\/baolongtaisteel.com\/wp-content\/uploads\/2025\/04\/\u68d22.jpg 1920w, https:\/\/baolongtaisteel.com\/wp-content\/uploads\/2025\/04\/\u68d22-600x375.jpg 600w, https:\/\/baolongtaisteel.com\/wp-content\/uploads\/2025\/04\/\u68d22-300x188.jpg 300w, https:\/\/baolongtaisteel.com\/wp-content\/uploads\/2025\/04\/\u68d22-1024x640.jpg 1024w, https:\/\/baolongtaisteel.com\/wp-content\/uploads\/2025\/04\/\u68d22-768x480.jpg 768w, https:\/\/baolongtaisteel.com\/wp-content\/uploads\/2025\/04\/\u68d22-1536x960.jpg 1536w\" sizes=\"(max-width: 1920px) 100vw, 1920px\" \/><\/h2>\n<h2>Propiedades f\u00edsicas y qu\u00edmicas:<\/h2>\n<h3>Propiedades f\u00edsicas<\/h3>\n<h4>Apariencia:<\/h4>\n<p>Suele presentar un color blanco plateado met\u00e1lico, con una superficie lisa y un alto brillo. Se pueden obtener diferentes efectos superficiales mediante distintos tratamientos, como el pulido espejo, el cepillado, etc.<\/p>\n<h4>Densidad:<\/h4>\n<p>La densidad suele estar entre 7,93 y 8,00 g\/cm\u00b3. Por ejemplo, la densidad de la barra de acero inoxidable 304, com\u00fanmente utilizada, es de aproximadamente 7,93 g\/cm\u00b3, y la de la barra de acero inoxidable 316 es de aproximadamente 7,98 g\/cm\u00b3, ligeramente superior a la del acero al carbono com\u00fan.<\/p>\n<h4>Punto de fusi\u00f3n:<\/h4>\n<p>El punto de fusi\u00f3n es relativamente alto, generalmente entre 1398 y 1454 \u00b0C. Por ejemplo, el punto de fusi\u00f3n del acero inoxidable 304 es de aproximadamente 1400 a 1450 \u00b0C, lo que le confiere una buena estabilidad en entornos de alta temperatura.<\/p>\n<h4>Coeficiente de expansi\u00f3n t\u00e9rmica:<\/h4>\n<p>El coeficiente de expansi\u00f3n t\u00e9rmica es relativamente bajo. En el rango de temperatura ambiente a 100 \u00b0C, el coeficiente de expansi\u00f3n t\u00e9rmica del acero inoxidable 304 es de aproximadamente 17,2 \u00d7 10\u207b\u2076\/\u2103. Esta caracter\u00edstica le permite mantener una buena estabilidad dimensional en entornos con grandes cambios de temperatura.<\/p>\n<h4>Conductividad t\u00e9rmica:<\/h4>\n<p>La conductividad t\u00e9rmica es pobre y su coeficiente de conductividad t\u00e9rmica es de aproximadamente 16 \u2013 27 W\/(m\u30fbK), que es mucho m\u00e1s bajo que el del cobre, aluminio y otros metales, por lo que tiene cierto rendimiento de aislamiento t\u00e9rmico.<\/p>\n<h4>Conductividad el\u00e9ctrica:<\/h4>\n<p>Tiene cierta conductividad el\u00e9ctrica, pero es relativamente baja. La conductividad del acero inoxidable 304 es de aproximadamente 1,4 \u00d7 10\u2076 S\/m, que equivale tan solo a un 41 TP3T de la conductividad del cobre.<\/p>\n<h2 style=\"text-align: left;\"><img decoding=\"async\" class=\"alignnone size-full wp-image-246\" src=\"https:\/\/baolongtaisteel.com\/wp-content\/uploads\/2025\/04\/\u68d21.jpg\" alt=\"\" width=\"1920\" height=\"1200\" srcset=\"https:\/\/baolongtaisteel.com\/wp-content\/uploads\/2025\/04\/\u68d21.jpg 1920w, https:\/\/baolongtaisteel.com\/wp-content\/uploads\/2025\/04\/\u68d21-600x375.jpg 600w, https:\/\/baolongtaisteel.com\/wp-content\/uploads\/2025\/04\/\u68d21-300x188.jpg 300w, https:\/\/baolongtaisteel.com\/wp-content\/uploads\/2025\/04\/\u68d21-1024x640.jpg 1024w, https:\/\/baolongtaisteel.com\/wp-content\/uploads\/2025\/04\/\u68d21-768x480.jpg 768w, https:\/\/baolongtaisteel.com\/wp-content\/uploads\/2025\/04\/\u68d21-1536x960.jpg 1536w\" sizes=\"(max-width: 1920px) 100vw, 1920px\" \/><\/h2>\n<h3>Propiedades qu\u00edmicas<\/h3>\n<h4>Resistencia a la corrosi\u00f3n:<\/h4>\n<p>Esta es una de las propiedades qu\u00edmicas m\u00e1s importantes de las barras de acero inoxidable. Gracias a la formaci\u00f3n de una densa pel\u00edcula de pasivaci\u00f3n en su superficie, esta pel\u00edcula impide el contacto del ox\u00edgeno, el agua, etc., con la matriz met\u00e1lica, previniendo as\u00ed eficazmente la corrosi\u00f3n. Por ejemplo, el acero inoxidable 304 presenta una buena resistencia a la corrosi\u00f3n en entornos como la atm\u00f3sfera, el agua, \u00e1cidos y \u00e1lcalis d\u00e9biles; el acero inoxidable 316 contiene molibdeno, que es m\u00e1s resistente a la corrosi\u00f3n por iones cloruro y se utiliza a menudo en entornos marinos o qu\u00edmicos expuestos a iones cloruro.<\/p>\n<h4>Antioxidaci\u00f3n:<\/h4>\n<p>Las barras de acero inoxidable ofrecen buena resistencia a la oxidaci\u00f3n tanto a temperatura ambiente como a temperaturas m\u00e1s altas. Por ejemplo, las barras de acero inoxidable 310S pueden soportar altas temperaturas en entornos de alta temperatura sin oxidarse f\u00e1cilmente, y pueden utilizarse en tubos de hornos de alta temperatura y en otras ocasiones.<\/p>\n<h4>Estabilidad qu\u00edmica:<\/h4>\n<p>En medios qu\u00edmicos generales, las varillas de acero inoxidable presentan una alta estabilidad qu\u00edmica y no reaccionan f\u00e1cilmente con sustancias qu\u00edmicas comunes. Sin embargo, en algunos medios altamente corrosivos, como el \u00e1cido n\u00edtrico concentrado, el \u00e1cido fluorh\u00eddrico, etc., la resistencia a la corrosi\u00f3n de las varillas de acero inoxidable puede verse afectada.<\/p>\n<h4>Pasivaci\u00f3n:<\/h4>\n<p>Tras la exposici\u00f3n al aire o tras el tratamiento de pasivaci\u00f3n, la varilla de acero inoxidable forma una pel\u00edcula de pasivaci\u00f3n en su superficie. Esta pel\u00edcula puede mejorar la resistencia a la corrosi\u00f3n y a la oxidaci\u00f3n del acero inoxidable. El tratamiento de pasivaci\u00f3n suele consistir en sumergir la varilla de acero inoxidable en una soluci\u00f3n que contiene un oxidante, como \u00e1cido n\u00edtrico, dicromato de potasio, etc., para promover la formaci\u00f3n y reparaci\u00f3n de la pel\u00edcula de pasivaci\u00f3n.<\/p>\n<h2 style=\"text-align: left;\"><img decoding=\"async\" class=\"alignnone size-full wp-image-248\" src=\"https:\/\/baolongtaisteel.com\/wp-content\/uploads\/2025\/04\/\u68d23.jpg\" alt=\"\" width=\"1920\" height=\"1200\" srcset=\"https:\/\/baolongtaisteel.com\/wp-content\/uploads\/2025\/04\/\u68d23.jpg 1920w, https:\/\/baolongtaisteel.com\/wp-content\/uploads\/2025\/04\/\u68d23-600x375.jpg 600w, https:\/\/baolongtaisteel.com\/wp-content\/uploads\/2025\/04\/\u68d23-300x188.jpg 300w, https:\/\/baolongtaisteel.com\/wp-content\/uploads\/2025\/04\/\u68d23-1024x640.jpg 1024w, https:\/\/baolongtaisteel.com\/wp-content\/uploads\/2025\/04\/\u68d23-768x480.jpg 768w, https:\/\/baolongtaisteel.com\/wp-content\/uploads\/2025\/04\/\u68d23-1536x960.jpg 1536w\" sizes=\"(max-width: 1920px) 100vw, 1920px\" \/><\/h2>\n<h2>Solicitud:<\/h2>\n<p>Las barras de acero inoxidable se utilizan ampliamente en diversos campos gracias a su excelente resistencia a la corrosi\u00f3n, alta resistencia y buen rendimiento de procesamiento. En el sector de dispositivos m\u00e9dicos, se emplean para fabricar bistur\u00edes, implantes, etc., y su esterilidad y biocompatibilidad garantizan la seguridad. En la industria de la decoraci\u00f3n de edificios, se emplean a menudo para crear barandillas, pasamanos y esculturas art\u00edsticas, que son est\u00e9ticamente atractivas y duraderas. En la fabricaci\u00f3n mec\u00e1nica, se pueden procesar en componentes clave como ejes y engranajes para garantizar el funcionamiento estable de los equipos. En la industria alimentaria, la maquinaria y los contenedores de alimentos se fabrican para cumplir con los est\u00e1ndares de higiene. Adem\u00e1s, en los sectores de equipos qu\u00edmicos, electrodom\u00e9sticos, etc., las barras de acero inoxidable tambi\u00e9n son indispensables. Se utilizan para fabricar reactores, v\u00e1lvulas, carcasas de equipos electr\u00f3nicos, etc., y se adaptan a entornos de trabajo complejos.<\/p>","protected":false},"excerpt":{"rendered":"<h4 class=\"elementor-heading-title elementor-size-default\" style=\"text-align: center; padding-bottom: 30px;\">barra de acero inoxidable<\/h4>\n<div>Las barras de acero inoxidable son aceros compuestos principalmente por elementos de aleaci\u00f3n como el cromo y el n\u00edquel. Se fabrican mediante procesos como el laminado en caliente y el estirado en fr\u00edo. Los grados m\u00e1s comunes incluyen 304, 316, etc. Presentan alta resistencia, resistencia a la corrosi\u00f3n y a la oxidaci\u00f3n, y se adaptan a entornos complejos. Tras su procesamiento, pueden presentar diversos efectos superficiales. Se utilizan ampliamente en campos como la medicina, la arquitectura y la maquinaria. Es un material esencial para la industria y la vida moderna.<\/div>\n<div>\n<hr class=\"dongte456custom-line\" \/>\n<\/div>\n<div style=\"padding-bottom: 5px;\">Categor\u00eda: Barra de acero inoxidable<\/div>\n<div>Palabra clave: Barra de acero inoxidable<\/div>\n<div>\n<hr \/>\n<\/div>\n<p><img loading=\"lazy\" decoding=\"async\" class=\"alignnone wp-image-257\" src=\"https:\/\/baolongtaisteel.com\/wp-content\/uploads\/2025\/04\/\u7535\u8bdd\u56fe\u6807.jpg\" alt=\"\" width=\"48\" height=\"50\" \/>\u00a0 WhatsApp:<a href=\"https:\/\/api.whatsapp.com\/send?phone=8613963585512\" target=\"_blank\" rel=\"noopener\">\u00a0+8613963585512 <\/a><\/p>\n<div>\n<hr \/>\n<\/div>\n<p><img loading=\"lazy\" decoding=\"async\" class=\"alignnone wp-image-258\" src=\"https:\/\/baolongtaisteel.com\/wp-content\/uploads\/2025\/04\/\u90ae\u7bb1\u56fe\u6807.jpg\" alt=\"\" width=\"48\" height=\"55\" \/>\u00a0\u00a0Correo electr\u00f3nico : <a href=\"rachel@sdxhjmetal.com\" target=\"_blank\" rel=\"noopener\">\u00a0rachel@sdxhjmetal.com<\/a><\/p>\n<div>\n<hr \/>\n<\/div>\n<h3><\/h3>\n<div class=\"productaddbutton-container\">\n<div class=\"productaddbutton-wrapper\"><a class=\"productaddbutton\" href=\"https:\/\/baolongtaisteel.com\/index.php\/product\/\">Lista de productos<\/a><\/div>\n<div class=\"productaddbutton-wrapper\"><a class=\"productaddbutton\" href=\"#formSectiondongte\">Cont\u00e1ctanos<\/a><\/div>\n<\/div>\n<div><\/div>","protected":false},"featured_media":250,"comment_status":"open","ping_status":"closed","template":"","meta":[],"product_brand":[],"product_cat":[16],"product_tag":[],"class_list":{"0":"post-77","1":"product","2":"type-product","3":"status-publish","4":"has-post-thumbnail","6":"product_cat-stainless-steel","8":"first","9":"instock","10":"shipping-taxable","11":"product-type-simple"},"_links":{"self":[{"href":"https:\/\/baolongtaisteel.com\/es\/wp-json\/wp\/v2\/product\/77","targetHints":{"allow":["GET"]}}],"collection":[{"href":"https:\/\/baolongtaisteel.com\/es\/wp-json\/wp\/v2\/product"}],"about":[{"href":"https:\/\/baolongtaisteel.com\/es\/wp-json\/wp\/v2\/types\/product"}],"replies":[{"embeddable":true,"href":"https:\/\/baolongtaisteel.com\/es\/wp-json\/wp\/v2\/comments?post=77"}],"wp:featuredmedia":[{"embeddable":true,"href":"https:\/\/baolongtaisteel.com\/es\/wp-json\/wp\/v2\/media\/250"}],"wp:attachment":[{"href":"https:\/\/baolongtaisteel.com\/es\/wp-json\/wp\/v2\/media?parent=77"}],"wp:term":[{"taxonomy":"product_brand","embeddable":true,"href":"https:\/\/baolongtaisteel.com\/es\/wp-json\/wp\/v2\/product_brand?post=77"},{"taxonomy":"product_cat","embeddable":true,"href":"https:\/\/baolongtaisteel.com\/es\/wp-json\/wp\/v2\/product_cat?post=77"},{"taxonomy":"product_tag","embeddable":true,"href":"https:\/\/baolongtaisteel.com\/es\/wp-json\/wp\/v2\/product_tag?post=77"}],"curies":[{"name":"wp","href":"https:\/\/api.w.org\/{rel}","templated":true}]}}