{"id":81,"date":"2025-04-27T14:07:35","date_gmt":"2025-04-27T06:07:35","guid":{"rendered":"https:\/\/baolongtaisteel.com\/?post_type=product&#038;p=81"},"modified":"2025-04-27T14:19:30","modified_gmt":"2025-04-27T06:19:30","slug":"malla-de-alambre-de-acero-inoxidable","status":"publish","type":"product","link":"https:\/\/baolongtaisteel.com\/es\/product\/malla-de-alambre-de-acero-inoxidable\/","title":{"rendered":"malla de alambre de acero inoxidable"},"content":{"rendered":"<h2 data-spm-anchor-id=\"a2ty_o01.29997173.0.i37.1a70c921wtUcQY\">Propiedades f\u00edsicas y qu\u00edmicas:<\/h2>\n<table class=\"tg\" style=\"border-collapse: collapse; border-spacing: 0;\">\n<thead>\n<tr>\n<th style=\"background-color: #9b9b9b; color: #ffffff; font-family: Arial, sans-serif; font-size: 14px; font-weight: bold; overflow: hidden; padding: 10px 5px; text-align: center; vertical-align: middle; word-break: normal; border: 1px solid #000000;\"><span style=\"font-weight: 600;\">Art\u00edculo<\/span><\/th>\n<th style=\"background-color: #9b9b9b; color: #ffffff; font-family: Arial, sans-serif; font-size: 14px; font-weight: bold; overflow: hidden; padding: 10px 5px; text-align: left; vertical-align: middle; word-break: normal; border: 1px solid #000000;\"><span style=\"font-weight: 600;\">Detalles<\/span><\/th>\n<\/tr>\n<\/thead>\n<tbody>\n<tr>\n<td style=\"background-color: #fff; font-family: Arial, sans-serif; font-size: 14px; overflow: hidden; padding: 10px 5px; text-align: center; vertical-align: middle; word-break: normal; border: 1px solid #000000;\"><span style=\"font-weight: 400; color: var(--md-box-samantha-normal-text-color);\">Modelo NO.<\/span><\/td>\n<td style=\"background-color: #fff; font-family: Arial, sans-serif; font-size: 14px; overflow: hidden; padding: 10px 5px; text-align: left; vertical-align: middle; word-break: normal; border: 1px solid #000000;\"><span style=\"font-weight: 400; color: var(--md-box-samantha-normal-text-color);\">SS304, SS316<\/span><\/td>\n<\/tr>\n<tr>\n<td style=\"background-color: #efefef; font-family: Arial, sans-serif; font-size: 14px; overflow: hidden; padding: 10px 5px; text-align: center; vertical-align: middle; word-break: normal; border: 1px solid #000000;\"><span style=\"font-weight: 400; color: var(--md-box-samantha-normal-text-color);\">Solicitud<\/span><\/td>\n<td style=\"background-color: #efefef; font-family: Arial, sans-serif; font-size: 14px; overflow: hidden; padding: 10px 5px; text-align: left; vertical-align: middle; word-break: normal; border: 1px solid #000000;\"><span style=\"font-weight: 400; color: var(--md-box-samantha-normal-text-color);\">Filtro, malla de alambre para construcci\u00f3n, malla protectora, malla decorativa, malla de alambre para barbacoa, cortina de ventana<\/span><\/td>\n<\/tr>\n<tr>\n<td style=\"background-color: #fff; font-family: Arial, sans-serif; font-size: 14px; overflow: hidden; padding: 10px 5px; text-align: center; vertical-align: middle; word-break: normal; border: 1px solid #000000;\"><span style=\"font-weight: 400; color: var(--md-box-samantha-normal-text-color);\">Tipo<\/span><\/td>\n<td style=\"background-color: #fff; font-family: Arial, sans-serif; font-size: 14px; overflow: hidden; padding: 10px 5px; text-align: left; vertical-align: middle; word-break: normal; border: 1px solid #000000;\"><span style=\"font-weight: 400; color: var(--md-box-samantha-normal-text-color);\">Malla de alambre lisa de acero inoxidable<\/span><\/td>\n<\/tr>\n<tr>\n<td style=\"background-color: #efefef; font-family: Arial, sans-serif; font-size: 14px; overflow: hidden; padding: 10px 5px; text-align: center; vertical-align: middle; word-break: normal; border: 1px solid #000000;\"><span style=\"font-weight: 400; color: var(--md-box-samantha-normal-text-color);\">Tipo de material<\/span><\/td>\n<td style=\"background-color: #efefef; font-family: Arial, sans-serif; font-size: 14px; overflow: hidden; padding: 10px 5px; text-align: left; vertical-align: middle; word-break: normal; border: 1px solid #000000;\"><span style=\"font-weight: 400; color: var(--md-box-samantha-normal-text-color);\">Alambre de acero inoxidable<\/span><\/td>\n<\/tr>\n<tr>\n<td style=\"background-color: #fff; font-family: Arial, sans-serif; font-size: 14px; overflow: hidden; padding: 10px 5px; text-align: center; vertical-align: middle; word-break: normal; border: 1px solid #000000;\"><span style=\"font-weight: 400; color: var(--md-box-samantha-normal-text-color);\">T\u00e9cnica de tejido<\/span><\/td>\n<td style=\"background-color: #fff; font-family: Arial, sans-serif; font-size: 14px; overflow: hidden; padding: 10px 5px; text-align: left; vertical-align: middle; word-break: normal; border: 1px solid #000000;\"><span style=\"font-weight: 400; color: var(--md-box-samantha-normal-text-color);\">Tejido liso<\/span><\/td>\n<\/tr>\n<tr>\n<td style=\"background-color: #efefef; font-family: Arial, sans-serif; font-size: 14px; overflow: hidden; padding: 10px 5px; text-align: center; vertical-align: middle; word-break: normal; border: 1px solid #000000;\"><span style=\"font-weight: 400; color: var(--md-box-samantha-normal-text-color);\">Ancho de la malla de alambre<\/span><\/td>\n<td style=\"background-color: #efefef; font-family: Arial, sans-serif; font-size: 14px; overflow: hidden; padding: 10px 5px; text-align: left; vertical-align: middle; word-break: normal; border: 1px solid #000000;\"><span style=\"font-weight: 400; color: var(--md-box-samantha-normal-text-color);\">0,5 m, 1 m, 1,2 m, 1,5 m, 2 m<\/span><\/td>\n<\/tr>\n<tr>\n<td style=\"background-color: #fff; font-family: Arial, sans-serif; font-size: 14px; overflow: hidden; padding: 10px 5px; text-align: center; vertical-align: middle; word-break: normal; border: 1px solid #000000;\"><span style=\"font-weight: 400; color: var(--md-box-samantha-normal-text-color);\">T\u00e9cnica<\/span><\/td>\n<td style=\"background-color: #fff; font-family: Arial, sans-serif; font-size: 14px; overflow: hidden; padding: 10px 5px; text-align: left; vertical-align: middle; word-break: normal; border: 1px solid #000000;\"><span style=\"font-weight: 400; color: var(--md-box-samantha-normal-text-color);\">Tejido<\/span><\/td>\n<\/tr>\n<tr>\n<td style=\"background-color: #efefef; font-family: Arial, sans-serif; font-size: 14px; overflow: hidden; padding: 10px 5px; text-align: center; vertical-align: middle; word-break: normal; border: 1px solid #000000;\"><span style=\"font-weight: 400; color: var(--md-box-samantha-normal-text-color);\">Contenido de n\u00edquel<\/span><\/td>\n<td style=\"background-color: #efefef; font-family: Arial, sans-serif; font-size: 14px; overflow: hidden; padding: 10px 5px; text-align: left; vertical-align: middle; word-break: normal; border: 1px solid #000000;\"><span style=\"font-weight: 400; color: var(--md-box-samantha-normal-text-color);\">8%<\/span><\/td>\n<\/tr>\n<tr>\n<td style=\"background-color: #fff; font-family: Arial, sans-serif; font-size: 14px; overflow: hidden; padding: 10px 5px; text-align: center; vertical-align: middle; word-break: normal; border: 1px solid #000000;\"><span style=\"font-weight: 400; color: var(--md-box-samantha-normal-text-color);\">Proceso de dar un t\u00edtulo<\/span><\/td>\n<td style=\"background-color: #fff; font-family: Arial, sans-serif; font-size: 14px; overflow: hidden; padding: 10px 5px; text-align: left; vertical-align: middle; word-break: normal; border: 1px solid #000000;\"><span style=\"font-weight: 400; color: var(--md-box-samantha-normal-text-color);\">ISO9001<\/span><\/td>\n<\/tr>\n<tr>\n<td style=\"background-color: #efefef; font-family: Arial, sans-serif; font-size: 14px; overflow: hidden; padding: 10px 5px; text-align: center; vertical-align: middle; word-break: normal; border: 1px solid #000000;\"><span style=\"font-weight: 400; color: var(--md-box-samantha-normal-text-color);\">Paquete de transporte<\/span><\/td>\n<td style=\"background-color: #efefef; font-family: Arial, sans-serif; font-size: 14px; overflow: hidden; padding: 10px 5px; text-align: left; vertical-align: middle; word-break: normal; border: 1px solid #000000;\"><span style=\"font-weight: 400; color: var(--md-box-samantha-normal-text-color);\">Caja de cart\u00f3n o madera<\/span><\/td>\n<\/tr>\n<tr>\n<td style=\"background-color: #fff; font-family: Arial, sans-serif; font-size: 14px; overflow: hidden; padding: 10px 5px; text-align: center; vertical-align: middle; word-break: normal; border: 1px solid #000000;\"><span style=\"font-weight: 400; color: var(--md-box-samantha-normal-text-color);\">Especificaci\u00f3n<\/span><\/td>\n<td style=\"background-color: #fff; font-family: Arial, sans-serif; font-size: 14px; overflow: hidden; padding: 10px 5px; text-align: left; vertical-align: middle; word-break: normal; border: 1px solid #000000;\"><span style=\"font-weight: 400; color: var(--md-box-samantha-normal-text-color);\">2 mallas, 4 mallas, 8 mallas, 50 mallas, 100 mallas, 325 mallas<\/span><\/td>\n<\/tr>\n<tr>\n<td style=\"background-color: #efefef; font-family: Arial, sans-serif; font-size: 14px; overflow: hidden; padding: 10px 5px; text-align: center; vertical-align: middle; word-break: normal; border: 1px solid #000000;\"><span style=\"font-weight: 400; color: var(--md-box-samantha-normal-text-color);\">Lugar de origen<\/span><\/td>\n<td style=\"background-color: #efefef; font-family: Arial, sans-serif; font-size: 14px; overflow: hidden; padding: 10px 5px; text-align: left; vertical-align: middle; word-break: normal; border: 1px solid #000000;\"><span style=\"font-weight: 400; color: var(--md-box-samantha-normal-text-color);\">Porcelana<\/span><\/td>\n<\/tr>\n<tr>\n<td style=\"background-color: #fff; font-family: Arial, sans-serif; font-size: 14px; overflow: hidden; padding: 10px 5px; text-align: center; vertical-align: middle; word-break: normal; border: 1px solid #000000;\"><span style=\"font-weight: 400; color: var(--md-box-samantha-normal-text-color);\">Capacidad de producci\u00f3n<\/span><\/td>\n<td style=\"background-color: #fff; font-family: Arial, sans-serif; font-size: 14px; overflow: hidden; padding: 10px 5px; text-align: left; vertical-align: middle; word-break: normal; border: 1px solid #000000;\"><span style=\"font-weight: 400; color: var(--md-box-samantha-normal-text-color);\">5000 metros cuadrados por a\u00f1o<\/span><\/td>\n<\/tr>\n<tr>\n<td style=\"background-color: #efefef; font-family: Arial, sans-serif; font-size: 14px; overflow: hidden; padding: 10px 5px; text-align: center; vertical-align: middle; word-break: normal; border: 1px solid #000000;\"><span style=\"font-weight: 400; color: var(--md-box-samantha-normal-text-color);\">Embalaje y entrega<\/span><\/td>\n<td style=\"background-color: #efefef; font-family: Arial, sans-serif; font-size: 14px; overflow: hidden; padding: 10px 5px; text-align: left; vertical-align: middle; word-break: normal; border: 1px solid #000000;\"><span style=\"font-weight: 400; color: var(--md-box-samantha-normal-text-color);\">Tama\u00f1o del paquete: 10,00 cm x 10,00 cm x 10,00 cm<\/span><br \/>\n<span style=\"font-weight: 400; color: var(--md-box-samantha-normal-text-color);\">Peso bruto del paquete: 1.000 kg<\/span><\/td>\n<\/tr>\n<\/tbody>\n<\/table>\n<h2><\/h2>\n<h2><img fetchpriority=\"high\" decoding=\"async\" class=\"alignnone size-full wp-image-278\" src=\"https:\/\/baolongtaisteel.com\/wp-content\/uploads\/2025\/04\/\u7f513_\u55e8\u683c\u5f0f\u538b\u7f29\u526f\u672c_\u7ed3\u679c.webp\" alt=\"\" width=\"1920\" height=\"1200\" srcset=\"https:\/\/baolongtaisteel.com\/wp-content\/uploads\/2025\/04\/\u7f513_\u55e8\u683c\u5f0f\u538b\u7f29\u526f\u672c_\u7ed3\u679c.webp 1920w, https:\/\/baolongtaisteel.com\/wp-content\/uploads\/2025\/04\/\u7f513_\u55e8\u683c\u5f0f\u538b\u7f29\u526f\u672c_\u7ed3\u679c-600x375.webp 600w, https:\/\/baolongtaisteel.com\/wp-content\/uploads\/2025\/04\/\u7f513_\u55e8\u683c\u5f0f\u538b\u7f29\u526f\u672c_\u7ed3\u679c-300x188.webp 300w, https:\/\/baolongtaisteel.com\/wp-content\/uploads\/2025\/04\/\u7f513_\u55e8\u683c\u5f0f\u538b\u7f29\u526f\u672c_\u7ed3\u679c-1024x640.webp 1024w, https:\/\/baolongtaisteel.com\/wp-content\/uploads\/2025\/04\/\u7f513_\u55e8\u683c\u5f0f\u538b\u7f29\u526f\u672c_\u7ed3\u679c-768x480.webp 768w, https:\/\/baolongtaisteel.com\/wp-content\/uploads\/2025\/04\/\u7f513_\u55e8\u683c\u5f0f\u538b\u7f29\u526f\u672c_\u7ed3\u679c-1536x960.webp 1536w\" sizes=\"(max-width: 1920px) 100vw, 1920px\" \/><\/h2>\n<h2>Propiedades f\u00edsicas<\/h2>\n<h4 data-spm-anchor-id=\"a2ty_o01.29997173.0.i37.1a70c921wtUcQY\">Apariencia:<\/h4>\n<p>Suele presentar un color blanco plateado met\u00e1lico, con una superficie lisa y un alto brillo. Se pueden obtener diferentes efectos superficiales mediante distintos m\u00e9todos de tejido o tratamientos superficiales, como el tejido liso, el tejido de sarga o el pulido espejo, entre otros.<\/p>\n<h4>Densidad:<\/h4>\n<p>La densidad suele estar entre 7,93 y 8,00 g\/cm\u00b3. Por ejemplo, la densidad de la malla de alambre de acero inoxidable fabricada con el acero inoxidable 304, com\u00fanmente utilizado, es de aproximadamente 7,93 g\/cm\u00b3, y la de la malla de alambre de acero inoxidable 316 es de aproximadamente 7,98 g\/cm\u00b3, ligeramente superior a la del acero al carbono com\u00fan.<\/p>\n<h4>Punto de fusi\u00f3n:<\/h4>\n<p>El punto de fusi\u00f3n es relativamente alto, generalmente entre 1398 y 1454 \u00b0C. Por ejemplo, el punto de fusi\u00f3n de la malla de alambre de acero inoxidable 304 es de aproximadamente 1400 a 1450 \u00b0C, lo que le confiere una buena estabilidad en entornos de alta temperatura.<\/p>\n<h4>Coeficiente de expansi\u00f3n t\u00e9rmica:<\/h4>\n<p>El coeficiente de expansi\u00f3n t\u00e9rmica es relativamente bajo. En el rango de temperatura ambiente a 100 \u00b0C, el coeficiente de expansi\u00f3n t\u00e9rmica de la malla de alambre de acero inoxidable 304 es de aproximadamente 17,2 \u00d7 10\u207b\u2076\/\u2103. Esta caracter\u00edstica le permite mantener una buena estabilidad dimensional en entornos con grandes cambios de temperatura.<\/p>\n<h4>Conductividad t\u00e9rmica:<\/h4>\n<p>La conductividad t\u00e9rmica es pobre y su coeficiente de conductividad t\u00e9rmica es de aproximadamente 16 \u2013 27 W\/(m\u30fbK), que es mucho m\u00e1s bajo que el del cobre, el aluminio y otros metales, por lo que tiene cierto rendimiento de aislamiento t\u00e9rmico.<\/p>\n<h4>Conductividad el\u00e9ctrica:<\/h4>\n<p>Tiene cierta conductividad el\u00e9ctrica, pero es relativamente baja. La conductividad de la malla de alambre de acero inoxidable 304 es de aproximadamente 1,4 \u00d7 10\u2076 S\/m, lo que equivale a tan solo 41 TP3T de la conductividad del cobre.<\/p>\n<h2><\/h2>\n<h3>Propiedades qu\u00edmicas<\/h3>\n<h4>Resistencia a la corrosi\u00f3n:<\/h4>\n<p>Esta es una de las propiedades qu\u00edmicas m\u00e1s importantes de la malla de alambre de acero inoxidable. Gracias a la formaci\u00f3n de una densa pel\u00edcula de pasivaci\u00f3n en su superficie, esta pel\u00edcula impide el contacto del ox\u00edgeno, el agua, etc., con la matriz met\u00e1lica, previniendo as\u00ed eficazmente la corrosi\u00f3n. Por ejemplo, la malla de alambre de acero inoxidable 304 presenta una buena resistencia a la corrosi\u00f3n en entornos como la atm\u00f3sfera, el agua y \u00e1cidos y \u00e1lcalis d\u00e9biles; la malla de alambre de acero inoxidable 316 contiene molibdeno, que es m\u00e1s resistente a la corrosi\u00f3n por iones cloruro y se utiliza a menudo en entornos marinos o qu\u00edmicos expuestos a iones cloruro.<\/p>\n<h4>Antioxidaci\u00f3n:<\/h4>\n<p>La malla de alambre de acero inoxidable ofrece buena resistencia a la oxidaci\u00f3n tanto a temperatura ambiente como a temperaturas m\u00e1s altas. Por ejemplo, la malla de alambre de acero inoxidable 310S puede soportar altas temperaturas en entornos de alta temperatura sin oxidarse f\u00e1cilmente y puede utilizarse en sistemas de filtraci\u00f3n de alta temperatura y en otras ocasiones.<\/p>\n<h4>Estabilidad qu\u00edmica:<\/h4>\n<p>En medios qu\u00edmicos generales, la malla de alambre de acero inoxidable presenta una alta estabilidad qu\u00edmica y no reacciona f\u00e1cilmente con sustancias qu\u00edmicas comunes. Sin embargo, en ciertos medios altamente corrosivos, como el \u00e1cido n\u00edtrico concentrado, el \u00e1cido fluorh\u00eddrico, etc., la resistencia a la corrosi\u00f3n de la malla de alambre de acero inoxidable puede verse afectada.<\/p>\n<h4>Pasivaci\u00f3n:<\/h4>\n<p>Tras la exposici\u00f3n al aire o el tratamiento de pasivaci\u00f3n de la malla de alambre de acero inoxidable, se forma una pel\u00edcula de pasivaci\u00f3n en su superficie. Esta pel\u00edcula puede mejorar la resistencia a la corrosi\u00f3n y a la oxidaci\u00f3n del acero inoxidable. El tratamiento de pasivaci\u00f3n suele consistir en sumergir la malla de alambre de acero inoxidable en una soluci\u00f3n que contiene un oxidante, como \u00e1cido n\u00edtrico, dicromato de potasio, etc., para promover la formaci\u00f3n y reparaci\u00f3n de la pel\u00edcula de pasivaci\u00f3n.<\/p>\n<h2><img decoding=\"async\" class=\"alignnone size-full wp-image-280\" src=\"https:\/\/baolongtaisteel.com\/wp-content\/uploads\/2025\/04\/\u7f512_\u55e8\u683c\u5f0f\u538b\u7f29\u526f\u672c_\u7ed3\u679c.webp\" alt=\"\" width=\"1920\" height=\"1200\" srcset=\"https:\/\/baolongtaisteel.com\/wp-content\/uploads\/2025\/04\/\u7f512_\u55e8\u683c\u5f0f\u538b\u7f29\u526f\u672c_\u7ed3\u679c.webp 1920w, https:\/\/baolongtaisteel.com\/wp-content\/uploads\/2025\/04\/\u7f512_\u55e8\u683c\u5f0f\u538b\u7f29\u526f\u672c_\u7ed3\u679c-600x375.webp 600w, https:\/\/baolongtaisteel.com\/wp-content\/uploads\/2025\/04\/\u7f512_\u55e8\u683c\u5f0f\u538b\u7f29\u526f\u672c_\u7ed3\u679c-300x188.webp 300w, https:\/\/baolongtaisteel.com\/wp-content\/uploads\/2025\/04\/\u7f512_\u55e8\u683c\u5f0f\u538b\u7f29\u526f\u672c_\u7ed3\u679c-1024x640.webp 1024w, https:\/\/baolongtaisteel.com\/wp-content\/uploads\/2025\/04\/\u7f512_\u55e8\u683c\u5f0f\u538b\u7f29\u526f\u672c_\u7ed3\u679c-768x480.webp 768w, https:\/\/baolongtaisteel.com\/wp-content\/uploads\/2025\/04\/\u7f512_\u55e8\u683c\u5f0f\u538b\u7f29\u526f\u672c_\u7ed3\u679c-1536x960.webp 1536w\" sizes=\"(max-width: 1920px) 100vw, 1920px\" \/><\/h2>\n<h2><\/h2>\n<h2>Solicitud:<\/h2>\n<p data-spm-anchor-id=\"a2ty_o01.29997173.0.i36.1a70c921wtUcQY\">La malla de alambre de acero inoxidable se utiliza ampliamente en diversos campos gracias a su excelente resistencia a la corrosi\u00f3n, alta resistencia y buen rendimiento de procesamiento. En el campo de la filtraci\u00f3n, se utiliza para fabricar filtros para l\u00edquidos, gases y s\u00f3lidos, garantizando una separaci\u00f3n eficiente y durabilidad. En la industria de la decoraci\u00f3n de edificios, se utiliza a menudo para tabiques, vallas y paneles decorativos art\u00edsticos, combinando belleza y funcionalidad. En la fabricaci\u00f3n mec\u00e1nica, se puede utilizar como pantallas protectoras, cintas transportadoras o componentes estructurales para garantizar el funcionamiento estable de los equipos. En la industria alimentaria, la malla de alambre de acero inoxidable se utiliza para fabricar tamices, cintas transportadoras y rejillas de secado, cumpliendo con estrictas normas de higiene. Adem\u00e1s, en los campos de equipos qu\u00edmicos, electrodom\u00e9sticos, etc., la malla de alambre de acero inoxidable tambi\u00e9n es indispensable. Se utiliza para fabricar reactores, carcasas de filtros, materiales de blindaje electromagn\u00e9tico, etc., y se adapta a entornos de trabajo complejos.<\/p>","protected":false},"excerpt":{"rendered":"<h4 class=\"elementor-heading-title elementor-size-default\" style=\"text-align: center; padding-bottom: 30px;\">malla de alambre de acero inoxidable<\/h4>\n<div>La malla de alambre de acero inoxidable se teje o se suelda con alambres de acero inoxidable y se caracteriza por su resistencia a la corrosi\u00f3n, resistencia a altas temperaturas, alta resistencia y f\u00e1cil procesamiento. Su superficie es lisa, con un brillo met\u00e1lico blanco plateado, y puede lograr diversos efectos mediante diferentes procesos de tejido (como tejido liso, sarga) o tratamiento superficial. Se utiliza ampliamente en las industrias de filtraci\u00f3n, protecci\u00f3n, decoraci\u00f3n arquitect\u00f3nica, procesamiento de alimentos y qu\u00edmica, cumpliendo con los requisitos de separaci\u00f3n eficiente, durabilidad e higiene, y adapt\u00e1ndose a diversos entornos complejos. Es un material industrial multifuncional.<\/div>\n<div>\n<hr class=\"dongte456custom-line\" \/>\n<\/div>\n<div style=\"padding-bottom: 5px;\">Categor\u00eda: Malla de alambre de acero inoxidable<\/div>\n<div>Palabra clave: Malla de alambre de acero inoxidable<\/div>\n<div>\n<hr \/>\n<\/div>\n<p><img decoding=\"async\" class=\"alignnone wp-image-257\" src=\"https:\/\/baolongtaisteel.com\/wp-content\/uploads\/2025\/04\/\u7535\u8bdd\u56fe\u6807.jpg\" alt=\"\" width=\"48\" height=\"50\" \/>\u00a0 WhatsApp:<a href=\"https:\/\/api.whatsapp.com\/send?phone=8613963585512\" target=\"_blank\" rel=\"noopener\">\u00a0+8613963585512 <\/a><\/p>\n<div>\n<hr \/>\n<\/div>\n<p><img loading=\"lazy\" decoding=\"async\" class=\"alignnone wp-image-258\" src=\"https:\/\/baolongtaisteel.com\/wp-content\/uploads\/2025\/04\/\u90ae\u7bb1\u56fe\u6807.jpg\" alt=\"\" width=\"48\" height=\"55\" \/>\u00a0\u00a0Correo electr\u00f3nico : <a href=\"rachel@sdxhjmetal.com\" target=\"_blank\" rel=\"noopener\">\u00a0rachel@sdxhjmetal.com<\/a><\/p>\n<div>\n<hr \/>\n<\/div>\n<h3><\/h3>\n<div class=\"productaddbutton-container\">\n<div class=\"productaddbutton-wrapper\"><a class=\"productaddbutton\" href=\"https:\/\/baolongtaisteel.com\/index.php\/product\/\">Lista de productos<\/a><\/div>\n<div class=\"productaddbutton-wrapper\"><a class=\"productaddbutton\" href=\"#formSectiondongte\">Cont\u00e1ctanos<\/a><\/div>\n<\/div>\n<div><\/div>","protected":false},"featured_media":281,"comment_status":"open","ping_status":"closed","template":"","meta":[],"product_brand":[],"product_cat":[16],"product_tag":[],"class_list":{"0":"post-81","1":"product","2":"type-product","3":"status-publish","4":"has-post-thumbnail","6":"product_cat-stainless-steel","8":"first","9":"instock","10":"shipping-taxable","11":"product-type-simple"},"_links":{"self":[{"href":"https:\/\/baolongtaisteel.com\/es\/wp-json\/wp\/v2\/product\/81","targetHints":{"allow":["GET"]}}],"collection":[{"href":"https:\/\/baolongtaisteel.com\/es\/wp-json\/wp\/v2\/product"}],"about":[{"href":"https:\/\/baolongtaisteel.com\/es\/wp-json\/wp\/v2\/types\/product"}],"replies":[{"embeddable":true,"href":"https:\/\/baolongtaisteel.com\/es\/wp-json\/wp\/v2\/comments?post=81"}],"wp:featuredmedia":[{"embeddable":true,"href":"https:\/\/baolongtaisteel.com\/es\/wp-json\/wp\/v2\/media\/281"}],"wp:attachment":[{"href":"https:\/\/baolongtaisteel.com\/es\/wp-json\/wp\/v2\/media?parent=81"}],"wp:term":[{"taxonomy":"product_brand","embeddable":true,"href":"https:\/\/baolongtaisteel.com\/es\/wp-json\/wp\/v2\/product_brand?post=81"},{"taxonomy":"product_cat","embeddable":true,"href":"https:\/\/baolongtaisteel.com\/es\/wp-json\/wp\/v2\/product_cat?post=81"},{"taxonomy":"product_tag","embeddable":true,"href":"https:\/\/baolongtaisteel.com\/es\/wp-json\/wp\/v2\/product_tag?post=81"}],"curies":[{"name":"wp","href":"https:\/\/api.w.org\/{rel}","templated":true}]}}