{"id":88,"date":"2025-04-27T16:45:24","date_gmt":"2025-04-27T08:45:24","guid":{"rendered":"https:\/\/baolongtaisteel.com\/?post_type=product&#038;p=88"},"modified":"2025-05-08T10:10:36","modified_gmt":"2025-05-08T02:10:36","slug":"angulo-de-acero-al-carbono","status":"publish","type":"product","link":"https:\/\/baolongtaisteel.com\/es\/product\/angulo-de-acero-al-carbono\/","title":{"rendered":"\u00c1ngulo de acero al carbono"},"content":{"rendered":"<h2>\u00a0 Tabla de detalles del producto:<\/h2>\n<table class=\"tg\" style=\"border-collapse: collapse; border-spacing: 0;\">\n<thead>\n<tr>\n<th style=\"background-color: #9b9b9b; color: #ffffff; font-family: Arial, sans-serif; font-size: 14px; font-weight: bold; overflow: hidden; padding: 10px 5px; text-align: center; vertical-align: middle; word-break: normal; border: 1px solid black;\"><span style=\"font-weight: 600;\">Art\u00edculo<\/span><\/th>\n<th style=\"background-color: #9b9b9b; color: #ffffff; font-family: Arial, sans-serif; font-size: 14px; font-weight: bold; overflow: hidden; padding: 10px 5px; text-align: left; vertical-align: middle; word-break: normal; border: 1px solid black;\"><span style=\"font-weight: 600;\">Detalles<\/span><\/th>\n<\/tr>\n<\/thead>\n<tbody>\n<tr>\n<td style=\"background-color: #fff; font-family: Arial, sans-serif; font-size: 14px; overflow: hidden; padding: 10px 5px; text-align: center; vertical-align: middle; word-break: normal; border: 1px solid black;\"><span style=\"font-weight: 400; color: var(--md-box-samantha-normal-text-color);\">Aleaci\u00f3n<\/span><\/td>\n<td style=\"background-color: #fff; font-family: Arial, sans-serif; font-size: 14px; overflow: hidden; padding: 10px 5px; text-align: left; vertical-align: middle; word-break: normal; border: 1px solid black;\"><span style=\"font-weight: 400; color: var(--md-box-samantha-normal-text-color);\">Sin aleaci\u00f3n<\/span><\/td>\n<\/tr>\n<tr>\n<td style=\"background-color: #efefef; font-family: Arial, sans-serif; font-size: 14px; overflow: hidden; padding: 10px 5px; text-align: center; vertical-align: middle; word-break: normal; border: 1px solid black;\"><span style=\"font-weight: 400; color: var(--md-box-samantha-normal-text-color);\">Proceso de dar un t\u00edtulo<\/span><\/td>\n<td style=\"background-color: #efefef; font-family: Arial, sans-serif; font-size: 14px; overflow: hidden; padding: 10px 5px; text-align: left; vertical-align: middle; word-break: normal; border: 1px solid black;\"><span style=\"font-weight: 400; color: var(--md-box-samantha-normal-text-color);\">Certificaci\u00f3n SGS<\/span><\/td>\n<\/tr>\n<tr>\n<td style=\"background-color: #fff; font-family: Arial, sans-serif; font-size: 14px; overflow: hidden; padding: 10px 5px; text-align: center; vertical-align: middle; word-break: normal; border: 1px solid black;\"><span style=\"font-weight: 400; color: var(--md-box-samantha-normal-text-color);\">T\u00e9cnica<\/span><\/td>\n<td style=\"background-color: #fff; font-family: Arial, sans-serif; font-size: 14px; overflow: hidden; padding: 10px 5px; text-align: left; vertical-align: middle; word-break: normal; border: 1px solid black;\"><span style=\"font-weight: 400; color: var(--md-box-samantha-normal-text-color);\">Laminado en caliente<\/span><\/td>\n<\/tr>\n<tr>\n<td style=\"background-color: #efefef; font-family: Arial, sans-serif; font-size: 14px; overflow: hidden; padding: 10px 5px; text-align: center; vertical-align: middle; word-break: normal; border: 1px solid black;\"><span style=\"font-weight: 400; color: var(--md-box-samantha-normal-text-color);\">Tipo<\/span><\/td>\n<td style=\"background-color: #efefef; font-family: Arial, sans-serif; font-size: 14px; overflow: hidden; padding: 10px 5px; text-align: left; vertical-align: middle; word-break: normal; border: 1px solid black;\"><span style=\"font-weight: 400; color: var(--md-box-samantha-normal-text-color);\">Igual<\/span><\/td>\n<\/tr>\n<tr>\n<td style=\"background-color: #fff; font-family: Arial, sans-serif; font-size: 14px; overflow: hidden; padding: 10px 5px; text-align: center; vertical-align: middle; word-break: normal; border: 1px solid black;\"><span style=\"font-weight: 400; color: var(--md-box-samantha-normal-text-color);\">Est\u00e1ndar<\/span><\/td>\n<td style=\"background-color: #fff; font-family: Arial, sans-serif; font-size: 14px; overflow: hidden; padding: 10px 5px; text-align: left; vertical-align: middle; word-break: normal; border: 1px solid black;\"><span style=\"font-weight: 400; color: var(--md-box-samantha-normal-text-color);\">Norma Nacional China (GB), Norma de la Sociedad Estadounidense para Pruebas y Materiales (ASTM), Norma Industrial Japonesa (JIS), Norma del Instituto Estadounidense del Hierro y el Acero (AISI), Norma Industrial Alemana (DIN), Norma Brit\u00e1nica (BS)<\/span><\/td>\n<\/tr>\n<tr>\n<td style=\"background-color: #efefef; font-family: Arial, sans-serif; font-size: 14px; overflow: hidden; padding: 10px 5px; text-align: center; vertical-align: middle; word-break: normal; border: 1px solid black;\"><span style=\"font-weight: 400; color: var(--md-box-samantha-normal-text-color);\">Nombre del producto<\/span><\/td>\n<td style=\"background-color: #efefef; font-family: Arial, sans-serif; font-size: 14px; overflow: hidden; padding: 10px 5px; text-align: left; vertical-align: middle; word-break: normal; border: 1px solid black;\"><span style=\"font-weight: 400; color: var(--md-box-samantha-normal-text-color);\">Barra angular de acero<\/span><\/td>\n<\/tr>\n<tr>\n<td style=\"background-color: #fff; font-family: Arial, sans-serif; font-size: 14px; overflow: hidden; padding: 10px 5px; text-align: center; vertical-align: middle; word-break: normal; border: 1px solid black;\"><span style=\"font-weight: 400; color: var(--md-box-samantha-normal-text-color);\">Longitud<\/span><\/td>\n<td style=\"background-color: #fff; font-family: Arial, sans-serif; font-size: 14px; overflow: hidden; padding: 10px 5px; text-align: left; vertical-align: middle; word-break: normal; border: 1px solid black;\"><span style=\"font-weight: 400; color: var(--md-box-samantha-normal-text-color);\">6m-12m<\/span><\/td>\n<\/tr>\n<tr>\n<td style=\"background-color: #efefef; font-family: Arial, sans-serif; font-size: 14px; overflow: hidden; padding: 10px 5px; text-align: center; vertical-align: middle; word-break: normal; border: 1px solid black;\"><span style=\"font-weight: 400; color: var(--md-box-samantha-normal-text-color);\">Tolerancia<\/span><\/td>\n<td style=\"background-color: #efefef; font-family: Arial, sans-serif; font-size: 14px; overflow: hidden; padding: 10px 5px; text-align: left; vertical-align: middle; word-break: normal; border: 1px solid black;\"><span style=\"font-weight: 400; color: var(--md-box-samantha-normal-text-color);\">\u00b11%<\/span><\/td>\n<\/tr>\n<tr>\n<td style=\"background-color: #fff; font-family: Arial, sans-serif; font-size: 14px; overflow: hidden; padding: 10px 5px; text-align: center; vertical-align: middle; word-break: normal; border: 1px solid black;\"><span style=\"font-weight: 400; color: var(--md-box-samantha-normal-text-color);\">Servicio de procesamiento<\/span><\/td>\n<td style=\"background-color: #fff; font-family: Arial, sans-serif; font-size: 14px; overflow: hidden; padding: 10px 5px; text-align: left; vertical-align: middle; word-break: normal; border: 1px solid black;\"><span style=\"font-weight: 400; color: var(--md-box-samantha-normal-text-color);\">Doblado, soldadura, desbobinado, punzonado, corte<\/span><\/td>\n<\/tr>\n<tr>\n<td style=\"background-color: #efefef; font-family: Arial, sans-serif; font-size: 14px; overflow: hidden; padding: 10px 5px; text-align: center; vertical-align: middle; word-break: normal; border: 1px solid black;\"><span style=\"font-weight: 400; color: var(--md-box-samantha-normal-text-color);\">El tiempo de entrega<\/span><\/td>\n<td style=\"background-color: #efefef; font-family: Arial, sans-serif; font-size: 14px; overflow: hidden; padding: 10px 5px; text-align: left; vertical-align: middle; word-break: normal; border: 1px solid black;\"><span style=\"font-weight: 400; color: var(--md-box-samantha-normal-text-color);\">8-14 d\u00edas<\/span><\/td>\n<\/tr>\n<tr>\n<td style=\"background-color: #fff; font-family: Arial, sans-serif; font-size: 14px; overflow: hidden; padding: 10px 5px; text-align: center; vertical-align: middle; word-break: normal; border: 1px solid black;\"><span style=\"font-weight: 400; color: var(--md-box-samantha-normal-text-color);\">Calificaci\u00f3n<\/span><\/td>\n<td style=\"background-color: #fff; font-family: Arial, sans-serif; font-size: 14px; overflow: hidden; padding: 10px 5px; text-align: left; vertical-align: middle; word-break: normal; border: 1px solid black;\"><span style=\"font-weight: 400; color: var(--md-box-samantha-normal-text-color);\">Serie SS400-SS540<\/span><\/td>\n<\/tr>\n<tr>\n<td style=\"background-color: #efefef; font-family: Arial, sans-serif; font-size: 14px; overflow: hidden; padding: 10px 5px; text-align: center; vertical-align: middle; word-break: normal; border: 1px solid black;\"><span style=\"font-weight: 400; color: var(--md-box-samantha-normal-text-color);\">Cantidad m\u00ednima de pedido (MOQ)<\/span><\/td>\n<td style=\"background-color: #efefef; font-family: Arial, sans-serif; font-size: 14px; overflow: hidden; padding: 10px 5px; text-align: left; vertical-align: middle; word-break: normal; border: 1px solid black;\"><span style=\"font-weight: 400; color: var(--md-box-samantha-normal-text-color);\">5 toneladas<\/span><\/td>\n<\/tr>\n<tr>\n<td style=\"background-color: #fff; font-family: Arial, sans-serif; font-size: 14px; overflow: hidden; padding: 10px 5px; text-align: center; vertical-align: middle; word-break: normal; border: 1px solid black;\"><span style=\"font-weight: 400; color: var(--md-box-samantha-normal-text-color);\">Paquete de transporte<\/span><\/td>\n<td style=\"background-color: #fff; font-family: Arial, sans-serif; font-size: 14px; overflow: hidden; padding: 10px 5px; text-align: left; vertical-align: middle; word-break: normal; border: 1px solid black;\"><span style=\"font-weight: 400; color: var(--md-box-samantha-normal-text-color);\">Embalaje marino est\u00e1ndar<\/span><\/td>\n<\/tr>\n<tr>\n<td style=\"background-color: #efefef; font-family: Arial, sans-serif; font-size: 14px; overflow: hidden; padding: 10px 5px; text-align: center; vertical-align: middle; word-break: normal; border: 1px solid black;\"><span style=\"font-weight: 400; color: var(--md-box-samantha-normal-text-color);\">Especificaci\u00f3n<\/span><\/td>\n<td style=\"background-color: #efefef; font-family: Arial, sans-serif; font-size: 14px; overflow: hidden; padding: 10px 5px; text-align: left; vertical-align: middle; word-break: normal; border: 1px solid black;\"><span style=\"font-weight: 400; color: var(--md-box-samantha-normal-text-color);\">Personalizado<\/span><\/td>\n<\/tr>\n<tr>\n<td style=\"background-color: #fff; font-family: Arial, sans-serif; font-size: 14px; overflow: hidden; padding: 10px 5px; text-align: center; vertical-align: middle; word-break: normal; border: 1px solid black;\"><span style=\"font-weight: 400; color: var(--md-box-samantha-normal-text-color);\">Lugar de origen<\/span><\/td>\n<td style=\"background-color: #fff; font-family: Arial, sans-serif; font-size: 14px; overflow: hidden; padding: 10px 5px; text-align: left; vertical-align: middle; word-break: normal; border: 1px solid black;\"><span style=\"font-weight: 400; color: var(--md-box-samantha-normal-text-color);\">Porcelana<\/span><\/td>\n<\/tr>\n<tr>\n<td style=\"background-color: #efefef; font-family: Arial, sans-serif; font-size: 14px; overflow: hidden; padding: 10px 5px; text-align: center; vertical-align: middle; word-break: normal; border: 1px solid black;\"><span style=\"font-weight: 400; color: var(--md-box-samantha-normal-text-color);\">Capacidad de producci\u00f3n<\/span><\/td>\n<td style=\"background-color: #efefef; font-family: Arial, sans-serif; font-size: 14px; overflow: hidden; padding: 10px 5px; text-align: left; vertical-align: middle; word-break: normal; border: 1px solid black;\"><span style=\"font-weight: 400; color: var(--md-box-samantha-normal-text-color);\">1000 toneladas por mes<\/span><\/td>\n<\/tr>\n<\/tbody>\n<\/table>\n<h2><img fetchpriority=\"high\" decoding=\"async\" class=\"alignnone size-full wp-image-400\" src=\"https:\/\/baolongtaisteel.com\/wp-content\/uploads\/2025\/04\/4c3b91e5c2e5ad500fad10384d4084ca_\u55e8\u683c\u5f0f\u538b\u7f29\u526f\u672c_\u7ed3\u679c.webp\" alt=\"\" width=\"1920\" height=\"1200\" srcset=\"https:\/\/baolongtaisteel.com\/wp-content\/uploads\/2025\/04\/4c3b91e5c2e5ad500fad10384d4084ca_\u55e8\u683c\u5f0f\u538b\u7f29\u526f\u672c_\u7ed3\u679c.webp 1920w, https:\/\/baolongtaisteel.com\/wp-content\/uploads\/2025\/04\/4c3b91e5c2e5ad500fad10384d4084ca_\u55e8\u683c\u5f0f\u538b\u7f29\u526f\u672c_\u7ed3\u679c-600x375.webp 600w, https:\/\/baolongtaisteel.com\/wp-content\/uploads\/2025\/04\/4c3b91e5c2e5ad500fad10384d4084ca_\u55e8\u683c\u5f0f\u538b\u7f29\u526f\u672c_\u7ed3\u679c-300x188.webp 300w, https:\/\/baolongtaisteel.com\/wp-content\/uploads\/2025\/04\/4c3b91e5c2e5ad500fad10384d4084ca_\u55e8\u683c\u5f0f\u538b\u7f29\u526f\u672c_\u7ed3\u679c-1024x640.webp 1024w, https:\/\/baolongtaisteel.com\/wp-content\/uploads\/2025\/04\/4c3b91e5c2e5ad500fad10384d4084ca_\u55e8\u683c\u5f0f\u538b\u7f29\u526f\u672c_\u7ed3\u679c-768x480.webp 768w, https:\/\/baolongtaisteel.com\/wp-content\/uploads\/2025\/04\/4c3b91e5c2e5ad500fad10384d4084ca_\u55e8\u683c\u5f0f\u538b\u7f29\u526f\u672c_\u7ed3\u679c-1536x960.webp 1536w\" sizes=\"(max-width: 1920px) 100vw, 1920px\" \/><\/h2>\n<h2><strong data-spm-anchor-id=\"a2ty_o01.29997173.0.i84.1a70c921wtUcQY\">Propiedades f\u00edsicas y qu\u00edmicas:<\/strong><\/h2>\n<h3><strong>Propiedades f\u00edsicas<\/strong><\/h3>\n<p><strong>Apariencia:<\/strong><\/p>\n<p>El acero angular de acero al carbono suele presentar un color gris met\u00e1lico, con una superficie que puede ser lisa o ligeramente rugosa seg\u00fan el proceso de fabricaci\u00f3n. Se pueden aplicar diferentes tratamientos superficiales, como pintura, galvanizado o recubrimiento en polvo, para mejorar su apariencia y resistencia a la corrosi\u00f3n.<\/p>\n<p><strong>Densidad:<\/strong><\/p>\n<p>La densidad del acero angular de acero al carbono suele rondar los 7,85 g\/cm\u00b3, ligeramente inferior a la del acero inoxidable, pero superior a la de muchos otros materiales de construcci\u00f3n. Por ejemplo, el acero al carbono Q235, un grado de uso com\u00fan, tiene una densidad de aproximadamente 7,85 g\/cm\u00b3.<\/p>\n<p><strong>Punto de fusi\u00f3n:<\/strong><\/p>\n<p>El punto de fusi\u00f3n del acero angular de acero al carbono es relativamente alto, generalmente entre 1425 y 1540 \u00b0C. Esto lo hace adecuado para aplicaciones en entornos donde se requiere estabilidad estructural a temperaturas elevadas.<\/p>\n<p><strong>Coeficiente de expansi\u00f3n t\u00e9rmica:<\/strong><\/p>\n<p>El coeficiente de expansi\u00f3n t\u00e9rmica es moderado. En el rango de temperatura ambiente a 100 \u00b0C, el coeficiente de expansi\u00f3n t\u00e9rmica del acero al carbono es de aproximadamente 11,7 \u00d7 10\u207b\u2076\/\u2103. Esta propiedad garantiza una buena estabilidad dimensional en condiciones de temperatura variables.<\/p>\n<p><strong>Conductividad t\u00e9rmica:<\/strong><\/p>\n<p>El acero al carbono presenta una conductividad t\u00e9rmica relativamente buena en comparaci\u00f3n con el acero inoxidable, con un coeficiente de conductividad t\u00e9rmica de aproximadamente 50-60 W\/(m\u00b7K). Esto lo hace adecuado para aplicaciones que requieren transferencia de calor.<\/p>\n<p><strong>Conductividad el\u00e9ctrica:<\/strong><\/p>\n<p>El acero al carbono tiene una conductividad el\u00e9ctrica moderada, pero no se utiliza principalmente en aplicaciones el\u00e9ctricas. Su conductividad es significativamente menor que la del cobre, pero suficiente para aplicaciones de puesta a tierra o estructurales.<\/p>\n<div class=\"my-2\">\n<h2><img decoding=\"async\" class=\"alignnone size-full wp-image-398\" src=\"https:\/\/baolongtaisteel.com\/wp-content\/uploads\/2025\/04\/1751cdb427aacbfb6365f020a91b082c_\u55e8\u683c\u5f0f\u538b\u7f29\u526f\u672c_\u7ed3\u679c.webp\" alt=\"\" width=\"1920\" height=\"1200\" srcset=\"https:\/\/baolongtaisteel.com\/wp-content\/uploads\/2025\/04\/1751cdb427aacbfb6365f020a91b082c_\u55e8\u683c\u5f0f\u538b\u7f29\u526f\u672c_\u7ed3\u679c.webp 1920w, https:\/\/baolongtaisteel.com\/wp-content\/uploads\/2025\/04\/1751cdb427aacbfb6365f020a91b082c_\u55e8\u683c\u5f0f\u538b\u7f29\u526f\u672c_\u7ed3\u679c-600x375.webp 600w, https:\/\/baolongtaisteel.com\/wp-content\/uploads\/2025\/04\/1751cdb427aacbfb6365f020a91b082c_\u55e8\u683c\u5f0f\u538b\u7f29\u526f\u672c_\u7ed3\u679c-300x188.webp 300w, https:\/\/baolongtaisteel.com\/wp-content\/uploads\/2025\/04\/1751cdb427aacbfb6365f020a91b082c_\u55e8\u683c\u5f0f\u538b\u7f29\u526f\u672c_\u7ed3\u679c-1024x640.webp 1024w, https:\/\/baolongtaisteel.com\/wp-content\/uploads\/2025\/04\/1751cdb427aacbfb6365f020a91b082c_\u55e8\u683c\u5f0f\u538b\u7f29\u526f\u672c_\u7ed3\u679c-768x480.webp 768w, https:\/\/baolongtaisteel.com\/wp-content\/uploads\/2025\/04\/1751cdb427aacbfb6365f020a91b082c_\u55e8\u683c\u5f0f\u538b\u7f29\u526f\u672c_\u7ed3\u679c-1536x960.webp 1536w\" sizes=\"(max-width: 1920px) 100vw, 1920px\" \/><\/h2>\n<\/div>\n<h3><strong>Propiedades qu\u00edmicas<\/strong><\/h3>\n<p><strong>Resistencia a la corrosi\u00f3n:<\/strong><\/p>\n<p>El acero angular de acero al carbono tiene una resistencia a la corrosi\u00f3n limitada en comparaci\u00f3n con el acero inoxidable. Sin recubrimientos protectores, es propenso a oxidarse al exponerse a la humedad o a ambientes corrosivos. Sin embargo, tratamientos como el galvanizado o la pintura pueden mejorar significativamente su resistencia a la corrosi\u00f3n. Por ejemplo, el acero al carbono galvanizado por inmersi\u00f3n en caliente se utiliza ampliamente en estructuras exteriores debido a su mayor durabilidad.<\/p>\n<h4><strong>Antioxidaci\u00f3n:<\/strong><\/h4>\n<p>El acero al carbono presenta una resistencia moderada a la oxidaci\u00f3n a temperatura ambiente, pero a temperaturas m\u00e1s altas es susceptible a la oxidaci\u00f3n. Se pueden a\u00f1adir elementos de aleaci\u00f3n como el cromo o el molibdeno para mejorar su resistencia a la oxidaci\u00f3n en aplicaciones de alta temperatura.<\/p>\n<h4><strong>Estabilidad qu\u00edmica:<\/strong><\/h4>\n<p>En entornos qu\u00edmicos generales, el acero angular de acero al carbono presenta una estabilidad qu\u00edmica moderada. Puede reaccionar con \u00e1cidos fuertes, \u00e1lcalis u otros productos qu\u00edmicos agresivos, lo que provoca corrosi\u00f3n. Con frecuencia se aplican recubrimientos protectores para mitigar estos efectos en entornos hostiles.<\/p>\n<p><strong>Pasivaci\u00f3n:<\/strong><\/p>\n<p>A diferencia del acero inoxidable, el acero al carbono no forma de forma natural una pel\u00edcula de pasivaci\u00f3n. En su lugar, se utilizan tratamientos superficiales como el galvanizado, la pintura o la aplicaci\u00f3n de recubrimientos protectores para prevenir la corrosi\u00f3n. Estos tratamientos crean una barrera entre la superficie del acero y el medio ambiente, prolongando as\u00ed su vida \u00fatil.<\/p>\n<h2><img decoding=\"async\" class=\"alignnone size-full wp-image-399\" src=\"https:\/\/baolongtaisteel.com\/wp-content\/uploads\/2025\/04\/c6542fa54356e930e6d6141d19321c1f-2_\u55e8\u683c\u5f0f\u538b\u7f29\u526f\u672c_\u7ed3\u679c.webp\" alt=\"\" width=\"1920\" height=\"1200\" srcset=\"https:\/\/baolongtaisteel.com\/wp-content\/uploads\/2025\/04\/c6542fa54356e930e6d6141d19321c1f-2_\u55e8\u683c\u5f0f\u538b\u7f29\u526f\u672c_\u7ed3\u679c.webp 1920w, https:\/\/baolongtaisteel.com\/wp-content\/uploads\/2025\/04\/c6542fa54356e930e6d6141d19321c1f-2_\u55e8\u683c\u5f0f\u538b\u7f29\u526f\u672c_\u7ed3\u679c-600x375.webp 600w, https:\/\/baolongtaisteel.com\/wp-content\/uploads\/2025\/04\/c6542fa54356e930e6d6141d19321c1f-2_\u55e8\u683c\u5f0f\u538b\u7f29\u526f\u672c_\u7ed3\u679c-300x188.webp 300w, https:\/\/baolongtaisteel.com\/wp-content\/uploads\/2025\/04\/c6542fa54356e930e6d6141d19321c1f-2_\u55e8\u683c\u5f0f\u538b\u7f29\u526f\u672c_\u7ed3\u679c-1024x640.webp 1024w, https:\/\/baolongtaisteel.com\/wp-content\/uploads\/2025\/04\/c6542fa54356e930e6d6141d19321c1f-2_\u55e8\u683c\u5f0f\u538b\u7f29\u526f\u672c_\u7ed3\u679c-768x480.webp 768w, https:\/\/baolongtaisteel.com\/wp-content\/uploads\/2025\/04\/c6542fa54356e930e6d6141d19321c1f-2_\u55e8\u683c\u5f0f\u538b\u7f29\u526f\u672c_\u7ed3\u679c-1536x960.webp 1536w\" sizes=\"(max-width: 1920px) 100vw, 1920px\" \/><\/h2>\n<h2><strong>Solicitud:<\/strong><\/h2>\n<p data-spm-anchor-id=\"a2ty_o01.29997173.0.i83.1a70c921wtUcQY\">El acero angular de acero al carbono se utiliza ampliamente en diversas industrias debido a su excelente resistencia, asequibilidad y facilidad de fabricaci\u00f3n. En la construcci\u00f3n, se utiliza com\u00fanmente para estructuras, vigas de soporte y refuerzos en edificios y puentes. En aplicaciones industriales, es un componente clave en estructuras de maquinaria, soportes de equipos y sistemas de transporte. Tambi\u00e9n se utiliza en proyectos de infraestructura, como v\u00edas f\u00e9rreas, torres de transmisi\u00f3n y tuber\u00edas. Adem\u00e1s, en el sector manufacturero, el acero angular de acero al carbono se utiliza para producir herramientas, componentes automotrices y estanter\u00edas de almacenamiento. A pesar de su susceptibilidad a la corrosi\u00f3n, un tratamiento superficial adecuado garantiza su rendimiento a largo plazo en entornos exigentes.<\/p>\n<p>&nbsp;<\/p>","protected":false},"excerpt":{"rendered":"<h4 class=\"elementor-heading-title elementor-size-default\" style=\"text-align: center; padding-bottom: 30px;\">\u00c1ngulo de acero al carbono<\/h4>\n<div>El acero angular de acero al carbono es un material met\u00e1lico estructural con una secci\u00f3n transversal en forma de L, fabricado a partir de acero al carbono. Presenta alta resistencia, buena tenacidad y un precio asequible, pero presenta una resistencia a la corrosi\u00f3n limitada a menos que se trate con recubrimientos como galvanizado o pintura. Ampliamente utilizado en construcci\u00f3n, infraestructura y aplicaciones industriales, es un componente clave en estructuras, soportes y maquinaria. Sus excelentes propiedades mec\u00e1nicas y facilidad de fabricaci\u00f3n lo hacen ideal para estructuras portantes, garantizando durabilidad y estabilidad en diversos entornos.<\/div>\n<div>\n<hr class=\"dongte456custom-line\" \/>\n<\/div>\n<div style=\"padding-bottom: 5px;\">Categor\u00eda: \u00c1ngulos de acero al carbono<\/div>\n<div>Palabra clave: \u00c1ngulo de acero al carbono<\/div>\n<div>\n<hr \/>\n<\/div>\n<p><img loading=\"lazy\" decoding=\"async\" class=\"alignnone wp-image-257\" src=\"https:\/\/baolongtaisteel.com\/wp-content\/uploads\/2025\/04\/\u7535\u8bdd\u56fe\u6807.jpg\" alt=\"\" width=\"48\" height=\"50\" \/>\u00a0 WhatsApp:<a href=\"https:\/\/api.whatsapp.com\/send?phone=8613963585512\" target=\"_blank\" rel=\"noopener\">\u00a0+8613963585512 <\/a><\/p>\n<div>\n<hr \/>\n<\/div>\n<p><img loading=\"lazy\" decoding=\"async\" class=\"alignnone wp-image-258\" src=\"https:\/\/baolongtaisteel.com\/wp-content\/uploads\/2025\/04\/\u90ae\u7bb1\u56fe\u6807.jpg\" alt=\"\" width=\"48\" height=\"55\" \/>\u00a0\u00a0Correo electr\u00f3nico : <a href=\"rachel@sdxhjmetal.com\" target=\"_blank\" rel=\"noopener\">\u00a0rachel@sdxhjmetal.com<\/a><\/p>\n<div>\n<hr \/>\n<\/div>\n<h3><\/h3>\n<div class=\"productaddbutton-container\">\n<div class=\"productaddbutton-wrapper\"><a class=\"productaddbutton\" href=\"https:\/\/baolongtaisteel.com\/index.php\/product\/\">Lista de productos<\/a><\/div>\n<div class=\"productaddbutton-wrapper\"><a class=\"productaddbutton\" href=\"#formSectiondongte\">Cont\u00e1ctanos<\/a><\/div>\n<\/div>\n<div><\/div>","protected":false},"featured_media":1110,"comment_status":"open","ping_status":"closed","template":"","meta":[],"product_brand":[],"product_cat":[17],"product_tag":[],"class_list":{"0":"post-88","1":"product","2":"type-product","3":"status-publish","4":"has-post-thumbnail","6":"product_cat-carbon-steel","8":"first","9":"instock","10":"shipping-taxable","11":"product-type-simple"},"_links":{"self":[{"href":"https:\/\/baolongtaisteel.com\/es\/wp-json\/wp\/v2\/product\/88","targetHints":{"allow":["GET"]}}],"collection":[{"href":"https:\/\/baolongtaisteel.com\/es\/wp-json\/wp\/v2\/product"}],"about":[{"href":"https:\/\/baolongtaisteel.com\/es\/wp-json\/wp\/v2\/types\/product"}],"replies":[{"embeddable":true,"href":"https:\/\/baolongtaisteel.com\/es\/wp-json\/wp\/v2\/comments?post=88"}],"wp:featuredmedia":[{"embeddable":true,"href":"https:\/\/baolongtaisteel.com\/es\/wp-json\/wp\/v2\/media\/1110"}],"wp:attachment":[{"href":"https:\/\/baolongtaisteel.com\/es\/wp-json\/wp\/v2\/media?parent=88"}],"wp:term":[{"taxonomy":"product_brand","embeddable":true,"href":"https:\/\/baolongtaisteel.com\/es\/wp-json\/wp\/v2\/product_brand?post=88"},{"taxonomy":"product_cat","embeddable":true,"href":"https:\/\/baolongtaisteel.com\/es\/wp-json\/wp\/v2\/product_cat?post=88"},{"taxonomy":"product_tag","embeddable":true,"href":"https:\/\/baolongtaisteel.com\/es\/wp-json\/wp\/v2\/product_tag?post=88"}],"curies":[{"name":"wp","href":"https:\/\/api.w.org\/{rel}","templated":true}]}}