{"id":98,"date":"2025-04-24T09:35:43","date_gmt":"2025-04-24T01:35:43","guid":{"rendered":"https:\/\/baolongtaisteel.com\/?post_type=product&#038;p=98"},"modified":"2025-04-28T14:45:33","modified_gmt":"2025-04-28T06:45:33","slug":"bobina-de-laton","status":"publish","type":"product","link":"https:\/\/baolongtaisteel.com\/es\/product\/bobina-de-laton\/","title":{"rendered":"Bobina de lat\u00f3n"},"content":{"rendered":"<h2 data-spm-anchor-id=\"a2ty_o01.29997173.0.i4.1a70c921yaavsG\">\u00a0\u00a0Tabla de detalles del producto:<\/h2>\n<table class=\"tg\" style=\"border-collapse: collapse; border-spacing: 0;\">\n<thead>\n<tr>\n<th style=\"background-color: #9b9b9b; color: #ffffff; font-family: Arial, sans-serif; font-size: 14px; font-weight: bold; overflow: hidden; padding: 10px 5px; text-align: center; vertical-align: middle; word-break: normal; border: 1px solid #000000;\"><span style=\"font-weight: 600;\">Art\u00edculo<\/span><\/th>\n<th style=\"background-color: #9b9b9b; color: #ffffff; font-family: Arial, sans-serif; font-size: 14px; font-weight: bold; overflow: hidden; padding: 10px 5px; text-align: left; vertical-align: middle; word-break: normal; border: 1px solid #000000;\"><span style=\"font-weight: 600;\">Detalles<\/span><\/th>\n<\/tr>\n<\/thead>\n<tbody>\n<tr>\n<td style=\"background-color: #fff; font-family: Arial, sans-serif; font-size: 14px; overflow: hidden; padding: 10px 5px; text-align: center; vertical-align: middle; word-break: normal; border: 1px solid #000000;\"><span style=\"font-weight: 400; color: var(--md-box-samantha-normal-text-color);\">Producto<\/span><\/td>\n<td style=\"background-color: #fff; font-family: Arial, sans-serif; font-size: 14px; overflow: hidden; padding: 10px 5px; text-align: left; vertical-align: middle; word-break: normal; border: 1px solid #000000;\"><span style=\"font-weight: 400; color: var(--md-box-samantha-normal-text-color);\">Bobina de lat\u00f3n \/ tira de lat\u00f3n<\/span><\/td>\n<\/tr>\n<tr>\n<td style=\"background-color: #efefef; font-family: Arial, sans-serif; font-size: 14px; overflow: hidden; padding: 10px 5px; text-align: center; vertical-align: middle; word-break: normal; border: 1px solid #000000;\"><span style=\"font-weight: 400; color: var(--md-box-samantha-normal-text-color);\">Est\u00e1ndar<\/span><\/td>\n<td style=\"background-color: #efefef; font-family: Arial, sans-serif; font-size: 14px; overflow: hidden; padding: 10px 5px; text-align: left; vertical-align: middle; word-break: normal; border: 1px solid #000000;\"><span style=\"font-weight: 400; color: var(--md-box-samantha-normal-text-color);\">Normas ASTM B152M, GB\/T2040-2008, ASTM B36, ASTM B194, ASTM B888, ASTM B19, ASTM B122, etc.<\/span><\/td>\n<\/tr>\n<tr>\n<td style=\"background-color: #fff; font-family: Arial, sans-serif; font-size: 14px; overflow: hidden; padding: 10px 5px; text-align: center; vertical-align: middle; word-break: normal; border: 1px solid #000000;\"><span style=\"font-weight: 400; color: var(--md-box-samantha-normal-text-color);\">Material<\/span><\/td>\n<td style=\"background-color: #fff; font-family: Arial, sans-serif; font-size: 14px; overflow: hidden; padding: 10px 5px; text-align: left; vertical-align: middle; word-break: normal; border: 1px solid #000000;\"><span style=\"font-weight: 400; color: var(--md-box-samantha-normal-text-color);\">C21000, C22000, C22600, C23000, C24000, C26000, C26130, C26800, C27000, C27200, C27400, C28000, H59, H62, H80, CuZn40, CuZn37, CuZn39, C61400, etc.<\/span><\/td>\n<\/tr>\n<tr>\n<td style=\"background-color: #efefef; font-family: Arial, sans-serif; font-size: 14px; overflow: hidden; padding: 10px 5px; text-align: center; vertical-align: middle; word-break: normal; border: 1px solid #000000;\"><span style=\"font-weight: 400; color: var(--md-box-samantha-normal-text-color);\">Espesor<\/span><\/td>\n<td style=\"background-color: #efefef; font-family: Arial, sans-serif; font-size: 14px; overflow: hidden; padding: 10px 5px; text-align: left; vertical-align: middle; word-break: normal; border: 1px solid #000000;\"><span style=\"font-weight: 400; color: var(--md-box-samantha-normal-text-color);\">0,1-20 mm<\/span><\/td>\n<\/tr>\n<tr>\n<td style=\"background-color: #fff; font-family: Arial, sans-serif; font-size: 14px; overflow: hidden; padding: 10px 5px; text-align: center; vertical-align: middle; word-break: normal; border: 1px solid #000000;\"><span style=\"font-weight: 400; color: var(--md-box-samantha-normal-text-color);\">Ancho<\/span><\/td>\n<td style=\"background-color: #fff; font-family: Arial, sans-serif; font-size: 14px; overflow: hidden; padding: 10px 5px; text-align: left; vertical-align: middle; word-break: normal; border: 1px solid #000000;\"><span style=\"font-weight: 400; color: var(--md-box-samantha-normal-text-color);\">1-1500 mm<\/span><\/td>\n<\/tr>\n<tr>\n<td style=\"background-color: #efefef; font-family: Arial, sans-serif; font-size: 14px; overflow: hidden; padding: 10px 5px; text-align: center; vertical-align: middle; word-break: normal; border: 1px solid #000000;\"><span style=\"font-weight: 400; color: var(--md-box-samantha-normal-text-color);\">Superficie<\/span><\/td>\n<td style=\"background-color: #efefef; font-family: Arial, sans-serif; font-size: 14px; overflow: hidden; padding: 10px 5px; text-align: left; vertical-align: middle; word-break: normal; border: 1px solid #000000;\"><span style=\"font-weight: 400; color: var(--md-box-samantha-normal-text-color);\">Acabado laminado, acabado brillante, acabado espejo, acabado cepillado, acabado fino, acabado arenado, acabado antiguo, acabado cuadriculado, etc.<\/span><\/td>\n<\/tr>\n<tr>\n<td style=\"background-color: #fff; font-family: Arial, sans-serif; font-size: 14px; overflow: hidden; padding: 10px 5px; text-align: center; vertical-align: middle; word-break: normal; border: 1px solid #000000;\"><span style=\"font-weight: 400; color: var(--md-box-samantha-normal-text-color);\">T\u00e9rmino de precio<\/span><\/td>\n<td style=\"background-color: #fff; font-family: Arial, sans-serif; font-size: 14px; overflow: hidden; padding: 10px 5px; text-align: left; vertical-align: middle; word-break: normal; border: 1px solid #000000;\"><span style=\"font-weight: 400; color: var(--md-box-samantha-normal-text-color);\">Ex-Work, FOB, CNF, CFR, CIF, FCA, DDP, DDU, etc.<\/span><\/td>\n<\/tr>\n<tr>\n<td style=\"background-color: #efefef; font-family: Arial, sans-serif; font-size: 14px; overflow: hidden; padding: 10px 5px; text-align: center; vertical-align: middle; word-break: normal; border: 1px solid #000000;\"><span style=\"font-weight: 400; color: var(--md-box-samantha-normal-text-color);\">Plazo de pago<\/span><\/td>\n<td style=\"background-color: #efefef; font-family: Arial, sans-serif; font-size: 14px; overflow: hidden; padding: 10px 5px; text-align: left; vertical-align: middle; word-break: normal; border: 1px solid #000000;\"><span style=\"font-weight: 400; color: var(--md-box-samantha-normal-text-color);\">TT, L\/C, Western Union<\/span><\/td>\n<\/tr>\n<tr>\n<td style=\"background-color: #fff; font-family: Arial, sans-serif; font-size: 14px; overflow: hidden; padding: 10px 5px; text-align: center; vertical-align: middle; word-break: normal; border: 1px solid #000000;\"><span style=\"font-weight: 400; color: var(--md-box-samantha-normal-text-color);\">Paquete<\/span><\/td>\n<td style=\"background-color: #fff; font-family: Arial, sans-serif; font-size: 14px; overflow: hidden; padding: 10px 5px; text-align: left; vertical-align: middle; word-break: normal; border: 1px solid #000000;\"><span style=\"font-weight: 400; color: var(--md-box-samantha-normal-text-color);\">Paquete de exportaci\u00f3n est\u00e1ndar, adecuado para todo tipo de transporte o seg\u00fan sea necesario.<\/span><\/td>\n<\/tr>\n<tr>\n<td style=\"background-color: #efefef; font-family: Arial, sans-serif; font-size: 14px; overflow: hidden; padding: 10px 5px; text-align: center; vertical-align: middle; word-break: normal; border: 1px solid #000000;\"><span style=\"font-weight: 400; color: var(--md-box-samantha-normal-text-color);\">Tama\u00f1o del contenedor<\/span><\/td>\n<td style=\"background-color: #efefef; font-family: Arial, sans-serif; font-size: 14px; overflow: hidden; padding: 10px 5px; text-align: left; vertical-align: middle; word-break: normal; border: 1px solid #000000;\"><span style=\"font-weight: 400; color: var(--md-box-samantha-normal-text-color);\">GP de 20 pies: 5898 mm (largo) x 2352 mm (ancho) x 2393 mm (alto)<\/span><br \/>\n<span style=\"font-weight: 400; color: var(--md-box-samantha-normal-text-color);\">GP de 40 pies: 12032 mm (largo) x 2352 mm (ancho) x 2393 mm (alto)<\/span><br \/>\n<span style=\"font-weight: 400; color: var(--md-box-samantha-normal-text-color);\">40 pies HC: 12032 mm (largo) x 2352 mm (ancho) x 2698 mm (alto)<\/span><\/td>\n<\/tr>\n<tr>\n<td style=\"background-color: #fff; font-family: Arial, sans-serif; font-size: 14px; overflow: hidden; padding: 10px 5px; text-align: center; vertical-align: middle; word-break: normal; border: 1px solid #000000;\"><span style=\"font-weight: 400; color: var(--md-box-samantha-normal-text-color);\">Solicitud<\/span><\/td>\n<td style=\"background-color: #fff; font-family: Arial, sans-serif; font-size: 14px; overflow: hidden; padding: 10px 5px; text-align: left; vertical-align: middle; word-break: normal; border: 1px solid #000000;\"><span style=\"font-weight: 400; color: var(--md-box-samantha-normal-text-color);\">La bobina de lat\u00f3n presenta alta resistencia a la corrosi\u00f3n y buena plasticidad. Es f\u00e1cil de procesar en fr\u00edo y en caliente, y es f\u00e1cil de soldar, forjar y esta\u00f1ar. No presenta tendencia a la corrosi\u00f3n bajo tensi\u00f3n.<\/span><\/td>\n<\/tr>\n<\/tbody>\n<\/table>\n<h2 data-spm-anchor-id=\"a2ty_o01.29997173.0.i4.1a70c921yaavsG\"><img fetchpriority=\"high\" decoding=\"async\" class=\"alignnone size-full wp-image-451\" src=\"https:\/\/baolongtaisteel.com\/wp-content\/uploads\/2025\/04\/00a21eb578f656f2fd6d3924820701a3_\u55e8\u683c\u5f0f\u538b\u7f29\u526f\u672c_\u7ed3\u679c.webp\" alt=\"\" width=\"1920\" height=\"1200\" srcset=\"https:\/\/baolongtaisteel.com\/wp-content\/uploads\/2025\/04\/00a21eb578f656f2fd6d3924820701a3_\u55e8\u683c\u5f0f\u538b\u7f29\u526f\u672c_\u7ed3\u679c.webp 1920w, https:\/\/baolongtaisteel.com\/wp-content\/uploads\/2025\/04\/00a21eb578f656f2fd6d3924820701a3_\u55e8\u683c\u5f0f\u538b\u7f29\u526f\u672c_\u7ed3\u679c-600x375.webp 600w, https:\/\/baolongtaisteel.com\/wp-content\/uploads\/2025\/04\/00a21eb578f656f2fd6d3924820701a3_\u55e8\u683c\u5f0f\u538b\u7f29\u526f\u672c_\u7ed3\u679c-300x188.webp 300w, https:\/\/baolongtaisteel.com\/wp-content\/uploads\/2025\/04\/00a21eb578f656f2fd6d3924820701a3_\u55e8\u683c\u5f0f\u538b\u7f29\u526f\u672c_\u7ed3\u679c-1024x640.webp 1024w, https:\/\/baolongtaisteel.com\/wp-content\/uploads\/2025\/04\/00a21eb578f656f2fd6d3924820701a3_\u55e8\u683c\u5f0f\u538b\u7f29\u526f\u672c_\u7ed3\u679c-768x480.webp 768w, https:\/\/baolongtaisteel.com\/wp-content\/uploads\/2025\/04\/00a21eb578f656f2fd6d3924820701a3_\u55e8\u683c\u5f0f\u538b\u7f29\u526f\u672c_\u7ed3\u679c-1536x960.webp 1536w\" sizes=\"(max-width: 1920px) 100vw, 1920px\" \/><\/h2>\n<h2><strong data-spm-anchor-id=\"a2ty_o01.29997173.0.i17.1a70c921yaavsG\">Propiedades f\u00edsicas y qu\u00edmicas:<\/strong><\/h2>\n<h3><strong>Propiedades f\u00edsicas<\/strong><\/h3>\n<h4><strong>Apariencia:<\/strong><\/h4>\n<p>Suele presentar un color met\u00e1lico amarillo dorado, con una superficie lisa y un brillo intenso. Se pueden obtener diferentes efectos superficiales mediante distintos tratamientos, como el pulido, el cepillado o la galvanoplastia, lo que mejora su est\u00e9tica y su resistencia a la corrosi\u00f3n.<\/p>\n<p><strong>Densidad:<\/strong><\/p>\n<p>La densidad del lat\u00f3n suele estar entre 8,4 y 8,7 g\/cm\u00b3, dependiendo de su composici\u00f3n espec\u00edfica (p. ej., la proporci\u00f3n de cobre y zinc). Por ejemplo, el lat\u00f3n com\u00fan con mayor contenido de cobre tiene una densidad cercana a los 8,5 g\/cm\u00b3, lo que lo hace ligeramente m\u00e1s denso que el acero inoxidable.<\/p>\n<p><strong>Punto de fusi\u00f3n:<\/strong><\/p>\n<p>El punto de fusi\u00f3n del lat\u00f3n var\u00eda seg\u00fan su composici\u00f3n, pero suele estar entre 880 \u00b0C y 950 \u00b0C. Este punto de fusi\u00f3n relativamente m\u00e1s bajo, en comparaci\u00f3n con el del acero inoxidable, facilita su procesamiento y fundici\u00f3n en diversas formas, como bobinas.<\/p>\n<h2 data-spm-anchor-id=\"a2ty_o01.29997173.0.i4.1a70c921yaavsG\"><img decoding=\"async\" class=\"wp-image-453 alignleft\" src=\"https:\/\/baolongtaisteel.com\/wp-content\/uploads\/2025\/04\/500a27eaa746f4608bb862b54f08aa1e_\u55e8\u683c\u5f0f\u538b\u7f29\u526f\u672c_\u7ed3\u679c.webp\" alt=\"\" width=\"390\" height=\"286\" srcset=\"https:\/\/baolongtaisteel.com\/wp-content\/uploads\/2025\/04\/500a27eaa746f4608bb862b54f08aa1e_\u55e8\u683c\u5f0f\u538b\u7f29\u526f\u672c_\u7ed3\u679c.webp 1920w, https:\/\/baolongtaisteel.com\/wp-content\/uploads\/2025\/04\/500a27eaa746f4608bb862b54f08aa1e_\u55e8\u683c\u5f0f\u538b\u7f29\u526f\u672c_\u7ed3\u679c-600x440.webp 600w, https:\/\/baolongtaisteel.com\/wp-content\/uploads\/2025\/04\/500a27eaa746f4608bb862b54f08aa1e_\u55e8\u683c\u5f0f\u538b\u7f29\u526f\u672c_\u7ed3\u679c-300x220.webp 300w, https:\/\/baolongtaisteel.com\/wp-content\/uploads\/2025\/04\/500a27eaa746f4608bb862b54f08aa1e_\u55e8\u683c\u5f0f\u538b\u7f29\u526f\u672c_\u7ed3\u679c-1024x751.webp 1024w, https:\/\/baolongtaisteel.com\/wp-content\/uploads\/2025\/04\/500a27eaa746f4608bb862b54f08aa1e_\u55e8\u683c\u5f0f\u538b\u7f29\u526f\u672c_\u7ed3\u679c-768x563.webp 768w, https:\/\/baolongtaisteel.com\/wp-content\/uploads\/2025\/04\/500a27eaa746f4608bb862b54f08aa1e_\u55e8\u683c\u5f0f\u538b\u7f29\u526f\u672c_\u7ed3\u679c-1536x1126.webp 1536w\" sizes=\"(max-width: 390px) 100vw, 390px\" \/><\/h2>\n<p><strong>Coeficiente de expansi\u00f3n t\u00e9rmica:<\/strong><\/p>\n<p>El coeficiente de expansi\u00f3n t\u00e9rmica del lat\u00f3n es moderado, de aproximadamente 19-22 \u00d7 10\u207b\u2076\/\u00b0C, en un rango de temperatura ambiente a 100 \u00b0C. Esta caracter\u00edstica garantiza una buena estabilidad dimensional en entornos con fluctuaciones de temperatura.<\/p>\n<p><strong>Conductividad t\u00e9rmica:<\/strong><\/p>\n<p>El lat\u00f3n presenta una excelente conductividad t\u00e9rmica, con un coeficiente de aproximadamente 109-125 W\/(m\u00b7K), significativamente superior al del acero inoxidable. Esta propiedad lo convierte en un material ideal para intercambiadores de calor y otras aplicaciones que requieren una transferencia de calor eficiente.<\/p>\n<p><strong>Conductividad el\u00e9ctrica:<\/strong><\/p>\n<p>El lat\u00f3n tiene buena conductividad el\u00e9ctrica, aunque es inferior a la del cobre puro. Su conductividad el\u00e9ctrica suele oscilar entre 25% y 40% con respecto a la del cobre puro, dependiendo de su composici\u00f3n. Esto lo hace adecuado para componentes y conectores el\u00e9ctricos.<\/p>\n<p><strong>Propiedades qu\u00edmicas<\/strong><br \/>\n<strong>Resistencia a la corrosi\u00f3n:<\/strong><\/p>\n<p>Las bobinas de lat\u00f3n presentan una buena resistencia a la corrosi\u00f3n, especialmente en ambientes atmosf\u00e9ricos y de agua dulce. Una capa de \u00f3xido formada naturalmente en su superficie las protege de una mayor oxidaci\u00f3n. Sin embargo, en presencia de amon\u00edaco, ciertos \u00e1cidos o ambientes con alta humedad, pueden producirse grietas por corrosi\u00f3n bajo tensi\u00f3n. La adici\u00f3n de elementos como aluminio o esta\u00f1o mejora su resistencia a la corrosi\u00f3n, especialmente en ambientes marinos.<\/p>\n<p><strong>Antioxidaci\u00f3n:<\/strong><\/p>\n<p>El lat\u00f3n presenta una resistencia moderada a la oxidaci\u00f3n tanto a temperatura ambiente como a altas temperaturas. Las aleaciones con mayor contenido de cobre presentan una mayor resistencia a la oxidaci\u00f3n, lo que las hace adecuadas para aplicaciones con temperaturas moderadamente altas.<\/p>\n<p><strong>Estabilidad qu\u00edmica:<\/strong><\/p>\n<p>En medios qu\u00edmicos generales, el lat\u00f3n muestra buena estabilidad y no reacciona f\u00e1cilmente con \u00e1cidos o \u00e1lcalis d\u00e9biles. Sin embargo, en entornos altamente corrosivos, como la exposici\u00f3n al \u00e1cido clorh\u00eddrico, \u00e1cido n\u00edtrico o compuestos de amonio, la resistencia a la corrosi\u00f3n del lat\u00f3n puede verse comprometida.<\/p>\n<p><strong>Pasivaci\u00f3n:<\/strong><\/p>\n<p>A diferencia del acero inoxidable, el lat\u00f3n no forma una pel\u00edcula pasiva de la misma manera. Sin embargo, tratamientos superficiales como la galvanoplastia o el lacado pueden mejorar su resistencia a la corrosi\u00f3n y durabilidad al crear una barrera protectora contra los factores ambientales.<\/p>\n<h2 data-spm-anchor-id=\"a2ty_o01.29997173.0.i4.1a70c921yaavsG\"><img decoding=\"async\" class=\"alignnone size-full wp-image-452\" src=\"https:\/\/baolongtaisteel.com\/wp-content\/uploads\/2025\/04\/5cb18f022aff244f7b5ea07a481e8cfb_\u55e8\u683c\u5f0f\u538b\u7f29\u526f\u672c_\u7ed3\u679c.webp\" alt=\"\" width=\"1920\" height=\"1200\" srcset=\"https:\/\/baolongtaisteel.com\/wp-content\/uploads\/2025\/04\/5cb18f022aff244f7b5ea07a481e8cfb_\u55e8\u683c\u5f0f\u538b\u7f29\u526f\u672c_\u7ed3\u679c.webp 1920w, https:\/\/baolongtaisteel.com\/wp-content\/uploads\/2025\/04\/5cb18f022aff244f7b5ea07a481e8cfb_\u55e8\u683c\u5f0f\u538b\u7f29\u526f\u672c_\u7ed3\u679c-600x375.webp 600w, https:\/\/baolongtaisteel.com\/wp-content\/uploads\/2025\/04\/5cb18f022aff244f7b5ea07a481e8cfb_\u55e8\u683c\u5f0f\u538b\u7f29\u526f\u672c_\u7ed3\u679c-300x188.webp 300w, https:\/\/baolongtaisteel.com\/wp-content\/uploads\/2025\/04\/5cb18f022aff244f7b5ea07a481e8cfb_\u55e8\u683c\u5f0f\u538b\u7f29\u526f\u672c_\u7ed3\u679c-1024x640.webp 1024w, https:\/\/baolongtaisteel.com\/wp-content\/uploads\/2025\/04\/5cb18f022aff244f7b5ea07a481e8cfb_\u55e8\u683c\u5f0f\u538b\u7f29\u526f\u672c_\u7ed3\u679c-768x480.webp 768w, https:\/\/baolongtaisteel.com\/wp-content\/uploads\/2025\/04\/5cb18f022aff244f7b5ea07a481e8cfb_\u55e8\u683c\u5f0f\u538b\u7f29\u526f\u672c_\u7ed3\u679c-1536x960.webp 1536w\" sizes=\"(max-width: 1920px) 100vw, 1920px\" \/><\/h2>\n<h2><strong>Solicitud:<\/strong><\/h2>\n<p data-spm-anchor-id=\"a2ty_o01.29997173.0.i18.1a70c921yaavsG\">Las bobinas de lat\u00f3n se utilizan ampliamente en diversos campos gracias a su excelente combinaci\u00f3n de propiedades, como resistencia a la corrosi\u00f3n, alta resistencia y facilidad de fabricaci\u00f3n. En la industria de la plomer\u00eda, se emplean para fabricar tuber\u00edas, accesorios y v\u00e1lvulas, garantizando un funcionamiento sin fugas. En la industria electr\u00f3nica, se emplean para conectores, terminales y componentes el\u00e9ctricos gracias a su buena conductividad el\u00e9ctrica. En la industria de la decoraci\u00f3n de edificios, se emplean a menudo para art\u00edculos decorativos, manijas de puertas y barandillas, combinando belleza y durabilidad. En la fabricaci\u00f3n mec\u00e1nica, las bobinas de lat\u00f3n se procesan para fabricar engranajes, rodamientos y otras piezas de precisi\u00f3n, garantizando el funcionamiento estable de los equipos. Adem\u00e1s, en el sector de los instrumentos musicales, radiadores de autom\u00f3viles e intercambiadores de calor, las bobinas de lat\u00f3n son indispensables gracias a sus excelentes propiedades t\u00e9rmicas y ac\u00fasticas.<\/p>","protected":false},"excerpt":{"rendered":"<h4 class=\"elementor-heading-title elementor-size-default\" style=\"text-align: center; padding-bottom: 30px;\">Bobina de lat\u00f3n<\/h4>\n<div>La bobina de lat\u00f3n es un producto met\u00e1lico fabricado con una aleaci\u00f3n de cobre y zinc, conocido por su aspecto dorado, excelente resistencia a la corrosi\u00f3n y buena conductividad t\u00e9rmica\/el\u00e9ctrica. Se utiliza ampliamente en plomer\u00eda, electr\u00f3nica, automoci\u00f3n y aplicaciones decorativas gracias a su durabilidad, maleabilidad y atractivo est\u00e9tico. Las bobinas de lat\u00f3n est\u00e1n disponibles en diversas composiciones, como lat\u00f3n est\u00e1ndar o aleaciones especiales con elementos a\u00f1adidos como aluminio o esta\u00f1o, para mejorar propiedades espec\u00edficas como la resistencia o la resistencia marina. Los tratamientos superficiales pueden mejorar a\u00fan m\u00e1s su rendimiento y apariencia, haci\u00e9ndolos vers\u00e1tiles para usos industriales y art\u00edsticos.<\/div>\n<div>\n<hr class=\"dongte456custom-line\" \/>\n<\/div>\n<div style=\"padding-bottom: 5px;\">Categor\u00eda: Bobina de lat\u00f3n<\/div>\n<div>Palabra clave: Bobina de lat\u00f3n<\/div>\n<div>\n<hr \/>\n<\/div>\n<p><img loading=\"lazy\" decoding=\"async\" class=\"alignnone wp-image-257\" src=\"https:\/\/baolongtaisteel.com\/wp-content\/uploads\/2025\/04\/\u7535\u8bdd\u56fe\u6807.jpg\" alt=\"\" width=\"48\" height=\"50\" \/>\u00a0 WhatsApp:<a href=\"https:\/\/api.whatsapp.com\/send?phone=8613963585512\" target=\"_blank\" rel=\"noopener\">\u00a0+8613963585512 <\/a><\/p>\n<div>\n<hr \/>\n<\/div>\n<p><img loading=\"lazy\" decoding=\"async\" class=\"alignnone wp-image-258\" src=\"https:\/\/baolongtaisteel.com\/wp-content\/uploads\/2025\/04\/\u90ae\u7bb1\u56fe\u6807.jpg\" alt=\"\" width=\"48\" height=\"55\" \/>\u00a0\u00a0Correo electr\u00f3nico : <a href=\"rachel@sdxhjmetal.com\" target=\"_blank\" rel=\"noopener\">\u00a0rachel@sdxhjmetal.com<\/a><\/p>\n<div>\n<hr \/>\n<\/div>\n<h3><\/h3>\n<div class=\"productaddbutton-container\">\n<div class=\"productaddbutton-wrapper\"><a class=\"productaddbutton\" href=\"https:\/\/baolongtaisteel.com\/index.php\/product\/\">Lista de productos<\/a><\/div>\n<div class=\"productaddbutton-wrapper\"><a class=\"productaddbutton\" href=\"#formSectiondongte\">Cont\u00e1ctanos<\/a><\/div>\n<\/div>\n<div><\/div>","protected":false},"featured_media":525,"comment_status":"open","ping_status":"closed","template":"","meta":[],"product_brand":[],"product_cat":[20],"product_tag":[],"class_list":{"0":"post-98","1":"product","2":"type-product","3":"status-publish","4":"has-post-thumbnail","6":"product_cat-copper","8":"first","9":"instock","10":"shipping-taxable","11":"product-type-simple"},"_links":{"self":[{"href":"https:\/\/baolongtaisteel.com\/es\/wp-json\/wp\/v2\/product\/98","targetHints":{"allow":["GET"]}}],"collection":[{"href":"https:\/\/baolongtaisteel.com\/es\/wp-json\/wp\/v2\/product"}],"about":[{"href":"https:\/\/baolongtaisteel.com\/es\/wp-json\/wp\/v2\/types\/product"}],"replies":[{"embeddable":true,"href":"https:\/\/baolongtaisteel.com\/es\/wp-json\/wp\/v2\/comments?post=98"}],"wp:featuredmedia":[{"embeddable":true,"href":"https:\/\/baolongtaisteel.com\/es\/wp-json\/wp\/v2\/media\/525"}],"wp:attachment":[{"href":"https:\/\/baolongtaisteel.com\/es\/wp-json\/wp\/v2\/media?parent=98"}],"wp:term":[{"taxonomy":"product_brand","embeddable":true,"href":"https:\/\/baolongtaisteel.com\/es\/wp-json\/wp\/v2\/product_brand?post=98"},{"taxonomy":"product_cat","embeddable":true,"href":"https:\/\/baolongtaisteel.com\/es\/wp-json\/wp\/v2\/product_cat?post=98"},{"taxonomy":"product_tag","embeddable":true,"href":"https:\/\/baolongtaisteel.com\/es\/wp-json\/wp\/v2\/product_tag?post=98"}],"curies":[{"name":"wp","href":"https:\/\/api.w.org\/{rel}","templated":true}]}}