{"id":102,"date":"2025-04-28T11:35:34","date_gmt":"2025-04-28T03:35:34","guid":{"rendered":"https:\/\/baolongtaisteel.com\/?post_type=product&#038;p=102"},"modified":"2025-04-28T13:20:55","modified_gmt":"2025-04-28T05:20:55","slug":"plaque-daluminium","status":"publish","type":"product","link":"https:\/\/baolongtaisteel.com\/fr\/product\/plaque-daluminium\/","title":{"rendered":"plaque d&#039;aluminium"},"content":{"rendered":"<h2>\u00a0\u00a0Tableau des d\u00e9tails du produit :<\/h2>\n<table class=\"tg\" style=\"border-collapse: collapse; border-spacing: 0;\">\n<thead>\n<tr>\n<th style=\"background-color: #9b9b9b; color: #ffffff; font-family: Arial, sans-serif; font-size: 14px; font-weight: bold; overflow: hidden; padding: 10px 5px; text-align: center; vertical-align: middle; word-break: normal; border: 1px solid black;\"><span style=\"font-weight: 600;\">Article<\/span><\/th>\n<th style=\"background-color: #9b9b9b; color: #ffffff; font-family: Arial, sans-serif; font-size: 14px; font-weight: bold; overflow: hidden; padding: 10px 5px; text-align: left; vertical-align: middle; word-break: normal; border: 1px solid black;\"><span style=\"font-weight: 600;\">D\u00e9tails<\/span><\/th>\n<\/tr>\n<\/thead>\n<tbody>\n<tr>\n<td style=\"background-color: #fff; font-family: Arial, sans-serif; font-size: 14px; overflow: hidden; padding: 10px 5px; text-align: center; vertical-align: middle; word-break: normal; border: 1px solid black;\"><span style=\"font-weight: 400; color: var(--md-box-samantha-normal-text-color);\">\u00c9chantillons<\/span><\/td>\n<td style=\"background-color: #fff; font-family: Arial, sans-serif; font-size: 14px; overflow: hidden; padding: 10px 5px; text-align: left; vertical-align: middle; word-break: normal; border: 1px solid black;\"><span style=\"font-weight: 400; color: var(--md-box-samantha-normal-text-color);\">Disponible<\/span><\/td>\n<\/tr>\n<tr>\n<td style=\"background-color: #efefef; font-family: Arial, sans-serif; font-size: 14px; overflow: hidden; padding: 10px 5px; text-align: center; vertical-align: middle; word-break: normal; border: 1px solid black;\"><span style=\"font-weight: 400; color: var(--md-box-samantha-normal-text-color);\">Forme<\/span><\/td>\n<td style=\"background-color: #efefef; font-family: Arial, sans-serif; font-size: 14px; overflow: hidden; padding: 10px 5px; text-align: left; vertical-align: middle; word-break: normal; border: 1px solid black;\"><span style=\"font-weight: 400; color: var(--md-box-samantha-normal-text-color);\">Plaque<\/span><\/td>\n<\/tr>\n<tr>\n<td style=\"background-color: #fff; font-family: Arial, sans-serif; font-size: 14px; overflow: hidden; padding: 10px 5px; text-align: center; vertical-align: middle; word-break: normal; border: 1px solid black;\"><span style=\"font-weight: 400; color: var(--md-box-samantha-normal-text-color);\">Couleur<\/span><\/td>\n<td style=\"background-color: #fff; font-family: Arial, sans-serif; font-size: 14px; overflow: hidden; padding: 10px 5px; text-align: left; vertical-align: middle; word-break: normal; border: 1px solid black;\"><span style=\"font-weight: 400; color: var(--md-box-samantha-normal-text-color);\">Argent<\/span><\/td>\n<\/tr>\n<tr>\n<td style=\"background-color: #efefef; font-family: Arial, sans-serif; font-size: 14px; overflow: hidden; padding: 10px 5px; text-align: center; vertical-align: middle; word-break: normal; border: 1px solid black;\"><span style=\"font-weight: 400; color: var(--md-box-samantha-normal-text-color);\">Application<\/span><\/td>\n<td style=\"background-color: #efefef; font-family: Arial, sans-serif; font-size: 14px; overflow: hidden; padding: 10px 5px; text-align: left; vertical-align: middle; word-break: normal; border: 1px solid black;\"><span style=\"font-weight: 400; color: var(--md-box-samantha-normal-text-color);\">Outils de transport, portes et fen\u00eatres, d\u00e9corations, b\u00e2timent et construction<\/span><\/td>\n<\/tr>\n<tr>\n<td style=\"background-color: #fff; font-family: Arial, sans-serif; font-size: 14px; overflow: hidden; padding: 10px 5px; text-align: center; vertical-align: middle; word-break: normal; border: 1px solid black;\"><span style=\"font-weight: 400; color: var(--md-box-samantha-normal-text-color);\">Certification<\/span><\/td>\n<td style=\"background-color: #fff; font-family: Arial, sans-serif; font-size: 14px; overflow: hidden; padding: 10px 5px; text-align: left; vertical-align: middle; word-break: normal; border: 1px solid black;\"><span style=\"font-weight: 400; color: var(--md-box-samantha-normal-text-color);\">ISO9001, ASTM, GB, EN<\/span><\/td>\n<\/tr>\n<tr>\n<td style=\"background-color: #efefef; font-family: Arial, sans-serif; font-size: 14px; overflow: hidden; padding: 10px 5px; text-align: center; vertical-align: middle; word-break: normal; border: 1px solid black;\"><span style=\"font-weight: 400; color: var(--md-box-samantha-normal-text-color);\">Grade<\/span><\/td>\n<td style=\"background-color: #efefef; font-family: Arial, sans-serif; font-size: 14px; overflow: hidden; padding: 10px 5px; text-align: left; vertical-align: middle; word-break: normal; border: 1px solid black;\"><span style=\"font-weight: 400; color: var(--md-box-samantha-normal-text-color);\">S\u00e9rie 5000<\/span><\/td>\n<\/tr>\n<tr>\n<td style=\"background-color: #fff; font-family: Arial, sans-serif; font-size: 14px; overflow: hidden; padding: 10px 5px; text-align: center; vertical-align: middle; word-break: normal; border: 1px solid black;\"><span style=\"font-weight: 400; color: var(--md-box-samantha-normal-text-color);\">Caract\u00e8re<\/span><\/td>\n<td style=\"background-color: #fff; font-family: Arial, sans-serif; font-size: 14px; overflow: hidden; padding: 10px 5px; text-align: left; vertical-align: middle; word-break: normal; border: 1px solid black;\"><span style=\"font-weight: 400; color: var(--md-box-samantha-normal-text-color);\">O \u2013 H112<\/span><\/td>\n<\/tr>\n<tr>\n<td style=\"background-color: #efefef; font-family: Arial, sans-serif; font-size: 14px; overflow: hidden; padding: 10px 5px; text-align: center; vertical-align: middle; word-break: normal; border: 1px solid black;\"><span style=\"font-weight: 400; color: var(--md-box-samantha-normal-text-color);\">Traitement de surface<\/span><\/td>\n<td style=\"background-color: #efefef; font-family: Arial, sans-serif; font-size: 14px; overflow: hidden; padding: 10px 5px; text-align: left; vertical-align: middle; word-break: normal; border: 1px solid black;\"><span style=\"font-weight: 400; color: var(--md-box-samantha-normal-text-color);\">Brillant<\/span><\/td>\n<\/tr>\n<tr>\n<td style=\"background-color: #fff; font-family: Arial, sans-serif; font-size: 14px; overflow: hidden; padding: 10px 5px; text-align: center; vertical-align: middle; word-break: normal; border: 1px solid black;\"><span style=\"font-weight: 400; color: var(--md-box-samantha-normal-text-color);\">Alliage<\/span><\/td>\n<td style=\"background-color: #fff; font-family: Arial, sans-serif; font-size: 14px; overflow: hidden; padding: 10px 5px; text-align: left; vertical-align: middle; word-break: normal; border: 1px solid black;\"><span style=\"font-weight: 400; color: var(--md-box-samantha-normal-text-color);\">Alliage<\/span><\/td>\n<\/tr>\n<tr>\n<td style=\"background-color: #efefef; font-family: Arial, sans-serif; font-size: 14px; overflow: hidden; padding: 10px 5px; text-align: center; vertical-align: middle; word-break: normal; border: 1px solid black;\"><span style=\"font-weight: 400; color: var(--md-box-samantha-normal-text-color);\">Technique<\/span><\/td>\n<td style=\"background-color: #efefef; font-family: Arial, sans-serif; font-size: 14px; overflow: hidden; padding: 10px 5px; text-align: left; vertical-align: middle; word-break: normal; border: 1px solid black;\"><span style=\"font-weight: 400; color: var(--md-box-samantha-normal-text-color);\">laminage \u00e0 chaud<\/span><\/td>\n<\/tr>\n<tr>\n<td style=\"background-color: #fff; font-family: Arial, sans-serif; font-size: 14px; overflow: hidden; padding: 10px 5px; text-align: center; vertical-align: middle; word-break: normal; border: 1px solid black;\"><span style=\"font-weight: 400; color: var(--md-box-samantha-normal-text-color);\">Forfait transport<\/span><\/td>\n<td style=\"background-color: #fff; font-family: Arial, sans-serif; font-size: 14px; overflow: hidden; padding: 10px 5px; text-align: left; vertical-align: middle; word-break: normal; border: 1px solid black;\"><span style=\"font-weight: 400; color: var(--md-box-samantha-normal-text-color);\">Forfait standard ou selon les besoins<\/span><\/td>\n<\/tr>\n<tr>\n<td style=\"background-color: #efefef; font-family: Arial, sans-serif; font-size: 14px; overflow: hidden; padding: 10px 5px; text-align: center; vertical-align: middle; word-break: normal; border: 1px solid black;\"><span style=\"font-weight: 400; color: var(--md-box-samantha-normal-text-color);\">Origine<\/span><\/td>\n<td style=\"background-color: #efefef; font-family: Arial, sans-serif; font-size: 14px; overflow: hidden; padding: 10px 5px; text-align: left; vertical-align: middle; word-break: normal; border: 1px solid black;\"><span style=\"font-weight: 400; color: var(--md-box-samantha-normal-text-color);\">Chine<\/span><\/td>\n<\/tr>\n<tr>\n<td style=\"background-color: #fff; font-family: Arial, sans-serif; font-size: 14px; overflow: hidden; padding: 10px 5px; text-align: center; vertical-align: middle; word-break: normal; border: 1px solid black;\"><span style=\"font-weight: 400; color: var(--md-box-samantha-normal-text-color);\">Capacit\u00e9 de production<\/span><\/td>\n<td style=\"background-color: #fff; font-family: Arial, sans-serif; font-size: 14px; overflow: hidden; padding: 10px 5px; text-align: left; vertical-align: middle; word-break: normal; border: 1px solid black;\"><span style=\"font-weight: 400; color: var(--md-box-samantha-normal-text-color);\">3000 tonnes par mois<\/span><\/td>\n<\/tr>\n<\/tbody>\n<\/table>\n<h2><img fetchpriority=\"high\" decoding=\"async\" class=\"alignnone size-full wp-image-437\" src=\"https:\/\/baolongtaisteel.com\/wp-content\/uploads\/2025\/04\/947292071217aa3d16407fb5285b78c6_\u55e8\u683c\u5f0f\u538b\u7f29\u526f\u672c_\u7ed3\u679c.webp\" alt=\"\" width=\"1920\" height=\"1200\" srcset=\"https:\/\/baolongtaisteel.com\/wp-content\/uploads\/2025\/04\/947292071217aa3d16407fb5285b78c6_\u55e8\u683c\u5f0f\u538b\u7f29\u526f\u672c_\u7ed3\u679c.webp 1920w, https:\/\/baolongtaisteel.com\/wp-content\/uploads\/2025\/04\/947292071217aa3d16407fb5285b78c6_\u55e8\u683c\u5f0f\u538b\u7f29\u526f\u672c_\u7ed3\u679c-600x375.webp 600w, https:\/\/baolongtaisteel.com\/wp-content\/uploads\/2025\/04\/947292071217aa3d16407fb5285b78c6_\u55e8\u683c\u5f0f\u538b\u7f29\u526f\u672c_\u7ed3\u679c-300x188.webp 300w, https:\/\/baolongtaisteel.com\/wp-content\/uploads\/2025\/04\/947292071217aa3d16407fb5285b78c6_\u55e8\u683c\u5f0f\u538b\u7f29\u526f\u672c_\u7ed3\u679c-1024x640.webp 1024w, https:\/\/baolongtaisteel.com\/wp-content\/uploads\/2025\/04\/947292071217aa3d16407fb5285b78c6_\u55e8\u683c\u5f0f\u538b\u7f29\u526f\u672c_\u7ed3\u679c-768x480.webp 768w, https:\/\/baolongtaisteel.com\/wp-content\/uploads\/2025\/04\/947292071217aa3d16407fb5285b78c6_\u55e8\u683c\u5f0f\u538b\u7f29\u526f\u672c_\u7ed3\u679c-1536x960.webp 1536w\" sizes=\"(max-width: 1920px) 100vw, 1920px\" \/><\/h2>\n<h2><strong data-spm-anchor-id=\"a2ty_o01.29997173.0.i52.1a70c921yaavsG\">Propri\u00e9t\u00e9s physiques et chimiques :<\/strong><\/h2>\n<h3><strong>Propri\u00e9t\u00e9s physiques<\/strong><\/h3>\n<h4><strong>Apparence:<\/strong><\/h4>\n<p>Il pr\u00e9sente g\u00e9n\u00e9ralement une couleur m\u00e9tallique blanc argent\u00e9, avec une surface lisse et brillante. Diff\u00e9rents effets de surface peuvent \u00eatre obtenus gr\u00e2ce \u00e0 diff\u00e9rents proc\u00e9d\u00e9s de traitement, tels que le polissage miroir, le brossage, l&#039;anodisation, etc. Les plaques d&#039;aluminium sont l\u00e9g\u00e8res et esth\u00e9tiques, ce qui les rend tr\u00e8s pris\u00e9es pour les applications d\u00e9coratives et industrielles.<\/p>\n<p><strong>Densit\u00e9:<\/strong><\/p>\n<p>La densit\u00e9 des plaques d&#039;aluminium est relativement faible, g\u00e9n\u00e9ralement autour de 2,7 g\/cm\u00b3. Par exemple, la densit\u00e9 des plaques d&#039;aluminium pur est d&#039;environ 2,7 g\/cm\u00b3, ce qui est nettement inf\u00e9rieur \u00e0 celui de l&#039;acier inoxydable ou d&#039;autres m\u00e9taux, ce qui en fait un mat\u00e9riau id\u00e9al pour les applications structurelles l\u00e9g\u00e8res.<\/p>\n<p><strong>Point de fusion:<\/strong><\/p>\n<p>Le point de fusion est mod\u00e9r\u00e9, g\u00e9n\u00e9ralement autour de 660 \u00b0C. Par exemple, le point de fusion de l&#039;aluminium pur est d&#039;environ 660 \u00b0C, ce qui lui permet de rester stable dans des environnements \u00e0 temp\u00e9rature moyennement \u00e9lev\u00e9e, mais limite son utilisation dans des conditions de chaleur extr\u00eame.<\/p>\n<p><strong>Coefficient de dilatation thermique :<\/strong><\/p>\n<p>Le coefficient de dilatation thermique est relativement \u00e9lev\u00e9. Entre la temp\u00e9rature ambiante et 100 \u00b0C, le coefficient de dilatation thermique de l&#039;aluminium est d&#039;environ 23,6 \u00d7 10\u207b\u2076\/\u2103. Cette caract\u00e9ristique n\u00e9cessite de prendre en compte les variations dimensionnelles dans les environnements soumis \u00e0 d&#039;importantes fluctuations de temp\u00e9rature.<\/p>\n<p><strong>Conductivit\u00e9 thermique :<\/strong><\/p>\n<p>La conductivit\u00e9 thermique est excellente, avec un coefficient d&#039;environ 205 \u00e0 250 W\/(m\u00b7K), bien sup\u00e9rieur \u00e0 celui de l&#039;acier inoxydable et comparable \u00e0 celui d&#039;autres m\u00e9taux comme le cuivre. Les plaques d&#039;aluminium sont donc particuli\u00e8rement adapt\u00e9es aux applications de transfert thermique.<\/p>\n<p><strong>Conductivit\u00e9 \u00e9lectrique :<\/strong><\/p>\n<p>L&#039;aluminium pr\u00e9sente une bonne conductivit\u00e9 \u00e9lectrique, d&#039;environ 3,77 \u00d7 10\u2077 S\/m, soit environ 601 TP3T de celle du cuivre. Cette propri\u00e9t\u00e9 rend les plaques d&#039;aluminium largement utilis\u00e9es dans les applications \u00e9lectriques et \u00e9lectroniques.<\/p>\n<h2><img decoding=\"async\" class=\"alignnone size-full wp-image-439\" src=\"https:\/\/baolongtaisteel.com\/wp-content\/uploads\/2025\/04\/5963081d044a5009e4f2073f32b3403c_\u55e8\u683c\u5f0f\u538b\u7f29\u526f\u672c_\u7ed3\u679c.webp\" alt=\"\" width=\"1920\" height=\"1200\" srcset=\"https:\/\/baolongtaisteel.com\/wp-content\/uploads\/2025\/04\/5963081d044a5009e4f2073f32b3403c_\u55e8\u683c\u5f0f\u538b\u7f29\u526f\u672c_\u7ed3\u679c.webp 1920w, https:\/\/baolongtaisteel.com\/wp-content\/uploads\/2025\/04\/5963081d044a5009e4f2073f32b3403c_\u55e8\u683c\u5f0f\u538b\u7f29\u526f\u672c_\u7ed3\u679c-600x375.webp 600w, https:\/\/baolongtaisteel.com\/wp-content\/uploads\/2025\/04\/5963081d044a5009e4f2073f32b3403c_\u55e8\u683c\u5f0f\u538b\u7f29\u526f\u672c_\u7ed3\u679c-300x188.webp 300w, https:\/\/baolongtaisteel.com\/wp-content\/uploads\/2025\/04\/5963081d044a5009e4f2073f32b3403c_\u55e8\u683c\u5f0f\u538b\u7f29\u526f\u672c_\u7ed3\u679c-1024x640.webp 1024w, https:\/\/baolongtaisteel.com\/wp-content\/uploads\/2025\/04\/5963081d044a5009e4f2073f32b3403c_\u55e8\u683c\u5f0f\u538b\u7f29\u526f\u672c_\u7ed3\u679c-768x480.webp 768w, https:\/\/baolongtaisteel.com\/wp-content\/uploads\/2025\/04\/5963081d044a5009e4f2073f32b3403c_\u55e8\u683c\u5f0f\u538b\u7f29\u526f\u672c_\u7ed3\u679c-1536x960.webp 1536w\" sizes=\"(max-width: 1920px) 100vw, 1920px\" \/><\/h2>\n<h2><strong>Propri\u00e9t\u00e9s chimiques<\/strong><\/h2>\n<p><strong>R\u00e9sistance \u00e0 la corrosion :<\/strong><\/p>\n<p>Il s&#039;agit de l&#039;une des propri\u00e9t\u00e9s chimiques les plus importantes des plaques d&#039;aluminium. Un film d&#039;oxyde dense se forme naturellement \u00e0 sa surface, emp\u00eachant l&#039;oxyg\u00e8ne, l&#039;eau et d&#039;autres agents corrosifs d&#039;entrer en contact avec la matrice m\u00e9tallique, pr\u00e9venant ainsi efficacement la corrosion. Par exemple, les plaques d&#039;aluminium pr\u00e9sentent une bonne r\u00e9sistance \u00e0 la corrosion dans les environnements atmosph\u00e9riques et aquatiques, mais peuvent n\u00e9cessiter une protection suppl\u00e9mentaire en milieu tr\u00e8s acide ou alcalin.<\/p>\n<div class=\"my-2\"><\/div>\n<h4><strong>Antioxydation :<\/strong><\/h4>\n<p>Les plaques d&#039;aluminium pr\u00e9sentent une bonne r\u00e9sistance \u00e0 l&#039;oxydation gr\u00e2ce \u00e0 la formation d&#039;une couche d&#039;oxyde protectrice \u00e0 leur surface. Cependant, \u00e0 tr\u00e8s haute temp\u00e9rature, l&#039;aluminium peut s&#039;oxyder plus rapidement\u00a0; son utilisation dans des environnements \u00e0 chaleur extr\u00eame doit donc \u00eatre soigneusement \u00e9valu\u00e9e.<\/p>\n<p><strong>Stabilit\u00e9 chimique :<\/strong><\/p>\n<p>Dans les milieux chimiques courants, les plaques d&#039;aluminium pr\u00e9sentent une stabilit\u00e9 chimique mod\u00e9r\u00e9e et r\u00e9sistent \u00e0 de nombreux produits chimiques courants. Cependant, dans des environnements fortement acides ou alcalins (tels que l&#039;acide chlorhydrique ou l&#039;hydroxyde de sodium), elles peuvent se corroder.<\/p>\n<p><strong>Passivation:<\/strong><\/p>\n<p>Bien que l&#039;aluminium forme naturellement une couche d&#039;oxyde, des traitements suppl\u00e9mentaires, comme l&#039;anodisation, peuvent am\u00e9liorer sa r\u00e9sistance \u00e0 la corrosion et sa durabilit\u00e9. L&#039;anodisation consiste \u00e0 immerger la plaque d&#039;aluminium dans une solution \u00e9lectrolytique et \u00e0 appliquer un courant \u00e9lectrique pour \u00e9paissir la couche d&#039;oxyde, am\u00e9liorant ainsi ses performances en environnements difficiles.<\/p>\n<div class=\"my-2\">\n<h2><img decoding=\"async\" class=\"alignnone size-full wp-image-438\" src=\"https:\/\/baolongtaisteel.com\/wp-content\/uploads\/2025\/04\/4bc15f371671782ac15a990d7715d00c_\u55e8\u683c\u5f0f\u538b\u7f29\u526f\u672c_\u7ed3\u679c.webp\" alt=\"\" width=\"1920\" height=\"1200\" srcset=\"https:\/\/baolongtaisteel.com\/wp-content\/uploads\/2025\/04\/4bc15f371671782ac15a990d7715d00c_\u55e8\u683c\u5f0f\u538b\u7f29\u526f\u672c_\u7ed3\u679c.webp 1920w, https:\/\/baolongtaisteel.com\/wp-content\/uploads\/2025\/04\/4bc15f371671782ac15a990d7715d00c_\u55e8\u683c\u5f0f\u538b\u7f29\u526f\u672c_\u7ed3\u679c-600x375.webp 600w, https:\/\/baolongtaisteel.com\/wp-content\/uploads\/2025\/04\/4bc15f371671782ac15a990d7715d00c_\u55e8\u683c\u5f0f\u538b\u7f29\u526f\u672c_\u7ed3\u679c-300x188.webp 300w, https:\/\/baolongtaisteel.com\/wp-content\/uploads\/2025\/04\/4bc15f371671782ac15a990d7715d00c_\u55e8\u683c\u5f0f\u538b\u7f29\u526f\u672c_\u7ed3\u679c-1024x640.webp 1024w, https:\/\/baolongtaisteel.com\/wp-content\/uploads\/2025\/04\/4bc15f371671782ac15a990d7715d00c_\u55e8\u683c\u5f0f\u538b\u7f29\u526f\u672c_\u7ed3\u679c-768x480.webp 768w, https:\/\/baolongtaisteel.com\/wp-content\/uploads\/2025\/04\/4bc15f371671782ac15a990d7715d00c_\u55e8\u683c\u5f0f\u538b\u7f29\u526f\u672c_\u7ed3\u679c-1536x960.webp 1536w\" sizes=\"(max-width: 1920px) 100vw, 1920px\" \/><\/h2>\n<\/div>\n<h2><strong>Application:<\/strong><\/h2>\n<p data-spm-anchor-id=\"a2ty_o01.29997173.0.i51.1a70c921yaavsG\">Les plaques d&#039;aluminium sont largement utilis\u00e9es dans de nombreux domaines en raison de leur l\u00e9g\u00e8ret\u00e9, de leur excellente r\u00e9sistance \u00e0 la corrosion et de leurs excellentes performances de mise en \u0153uvre. Dans le secteur de la construction, elles servent \u00e0 la fabrication de toitures, de panneaux muraux, de ch\u00e2ssis de fen\u00eatres et d&#039;\u00e9l\u00e9ments d\u00e9coratifs, alliant esth\u00e9tique et durabilit\u00e9. Dans le secteur des transports, les plaques d&#039;aluminium sont essentielles \u00e0 la fabrication de composants a\u00e9ronautiques, de carrosseries automobiles et de wagons de chemin de fer, r\u00e9duisant ainsi le poids et am\u00e9liorant le rendement \u00e9nerg\u00e9tique. Dans l&#039;industrie \u00e9lectronique, elles sont utilis\u00e9es pour les dissipateurs thermiques, les bo\u00eetiers et les composants conducteurs gr\u00e2ce \u00e0 leur conductivit\u00e9 thermique et \u00e9lectrique. Enfin, dans l&#039;emballage, les plaques d&#039;aluminium sont utilis\u00e9es pour produire des canettes, des feuilles et des contenants, r\u00e9pondant aux normes d&#039;hygi\u00e8ne et de conservation. Leur polyvalence rend les plaques d&#039;aluminium indispensables dans divers secteurs, s&#039;adaptant parfaitement aux environnements de travail complexes.<\/p>","protected":false},"excerpt":{"rendered":"<h4 class=\"elementor-heading-title elementor-size-default\" style=\"text-align: center; padding-bottom: 30px;\">plaque d&#039;aluminium<\/h4>\n<div>La t\u00f4le d&#039;aluminium est une t\u00f4le m\u00e9tallique dont le mat\u00e9riau principal est l&#039;aluminium. L\u00e9g\u00e8re, r\u00e9sistante \u00e0 la corrosion et dot\u00e9e d&#039;une excellente conductivit\u00e9 thermique et \u00e9lectrique, elle pr\u00e9sente une surface lisse et peut \u00eatre d\u00e9cor\u00e9e de diff\u00e9rentes mani\u00e8res, notamment par anodisation et tr\u00e9filage. \u00c0 la fois esth\u00e9tique et pratique, elle est largement utilis\u00e9e dans la d\u00e9coration architecturale (murs-rideaux et toitures), les transports (automobiles et pi\u00e8ces d&#039;avion), les appareils \u00e9lectroniques (dissipateurs thermiques et bo\u00eetiers) et l&#039;emballage (feuilles et canettes d&#039;aluminium). Facile \u00e0 usiner, \u00e9cologique et recyclable, la t\u00f4le d&#039;aluminium est un mat\u00e9riau indispensable et essentiel dans l&#039;industrie et la vie quotidienne modernes.<\/div>\n<div>\n<hr class=\"dongte456custom-line\" \/>\n<\/div>\n<div style=\"padding-bottom: 5px;\">Cat\u00e9gorie : Plaque d&#039;aluminium<\/div>\n<div>Mot cl\u00e9 : Plaque d&#039;aluminium<\/div>\n<div>\n<hr \/>\n<\/div>\n<p><img loading=\"lazy\" decoding=\"async\" class=\"alignnone wp-image-257\" src=\"https:\/\/baolongtaisteel.com\/wp-content\/uploads\/2025\/04\/\u7535\u8bdd\u56fe\u6807.jpg\" alt=\"\" width=\"48\" height=\"50\" \/>\u00a0 WhatsApp :<a href=\"https:\/\/api.whatsapp.com\/send?phone=8613963585512\" target=\"_blank\" rel=\"noopener\">\u00a0+8613963585512 <\/a><\/p>\n<div>\n<hr \/>\n<\/div>\n<p><img loading=\"lazy\" decoding=\"async\" class=\"alignnone wp-image-258\" src=\"https:\/\/baolongtaisteel.com\/wp-content\/uploads\/2025\/04\/\u90ae\u7bb1\u56fe\u6807.jpg\" alt=\"\" width=\"48\" height=\"55\" \/>\u00a0\u00a0E-mail : <a href=\"rachel@sdxhjmetal.com\" target=\"_blank\" rel=\"noopener\">\u00a0rachel@sdxhjmetal.com<\/a><\/p>\n<div>\n<hr \/>\n<\/div>\n<h3><\/h3>\n<div class=\"productaddbutton-container\">\n<div class=\"productaddbutton-wrapper\"><a class=\"productaddbutton\" href=\"https:\/\/baolongtaisteel.com\/index.php\/product\/\">Liste des produits<\/a><\/div>\n<div class=\"productaddbutton-wrapper\"><a class=\"productaddbutton\" href=\"#formSectiondongte\">Contactez-nous<\/a><\/div>\n<\/div>\n<div><\/div>","protected":false},"featured_media":496,"comment_status":"open","ping_status":"closed","template":"","meta":[],"product_brand":[],"product_cat":[21],"product_tag":[],"class_list":{"0":"post-102","1":"product","2":"type-product","3":"status-publish","4":"has-post-thumbnail","6":"product_cat-aluminum","8":"first","9":"instock","10":"shipping-taxable","11":"product-type-simple"},"_links":{"self":[{"href":"https:\/\/baolongtaisteel.com\/fr\/wp-json\/wp\/v2\/product\/102","targetHints":{"allow":["GET"]}}],"collection":[{"href":"https:\/\/baolongtaisteel.com\/fr\/wp-json\/wp\/v2\/product"}],"about":[{"href":"https:\/\/baolongtaisteel.com\/fr\/wp-json\/wp\/v2\/types\/product"}],"replies":[{"embeddable":true,"href":"https:\/\/baolongtaisteel.com\/fr\/wp-json\/wp\/v2\/comments?post=102"}],"wp:featuredmedia":[{"embeddable":true,"href":"https:\/\/baolongtaisteel.com\/fr\/wp-json\/wp\/v2\/media\/496"}],"wp:attachment":[{"href":"https:\/\/baolongtaisteel.com\/fr\/wp-json\/wp\/v2\/media?parent=102"}],"wp:term":[{"taxonomy":"product_brand","embeddable":true,"href":"https:\/\/baolongtaisteel.com\/fr\/wp-json\/wp\/v2\/product_brand?post=102"},{"taxonomy":"product_cat","embeddable":true,"href":"https:\/\/baolongtaisteel.com\/fr\/wp-json\/wp\/v2\/product_cat?post=102"},{"taxonomy":"product_tag","embeddable":true,"href":"https:\/\/baolongtaisteel.com\/fr\/wp-json\/wp\/v2\/product_tag?post=102"}],"curies":[{"name":"wp","href":"https:\/\/api.w.org\/{rel}","templated":true}]}}