{"id":109,"date":"2025-04-24T14:16:09","date_gmt":"2025-04-24T06:16:09","guid":{"rendered":"https:\/\/baolongtaisteel.com\/?post_type=product&#038;p=109"},"modified":"2025-04-25T11:24:30","modified_gmt":"2025-04-25T03:24:30","slug":"plaque-en-acier-inoxydable-316l","status":"publish","type":"product","link":"https:\/\/baolongtaisteel.com\/fr\/product\/plaque-en-acier-inoxydable-316l\/","title":{"rendered":"Plaque en acier inoxydable 316L"},"content":{"rendered":"<h2>\u00a0\u00a0Tableau des d\u00e9tails du produit :<\/h2>\n<table class=\"tg\" style=\"border-collapse: collapse; border-spacing: 0;\">\n<thead>\n<tr>\n<th style=\"background-color: #9b9b9b; color: #ffffff; font-family: Arial, sans-serif; font-size: 14px; font-weight: bold; overflow: hidden; padding: 10px 5px; text-align: center; vertical-align: middle; word-break: normal; border: 1px solid black;\"><span style=\"font-weight: 600;\">Article<\/span><\/th>\n<th style=\"background-color: #9b9b9b; color: #ffffff; font-family: Arial, sans-serif; font-size: 14px; font-weight: bold; overflow: hidden; padding: 10px 5px; text-align: left; vertical-align: middle; word-break: normal; border: 1px solid black;\"><span style=\"font-weight: 600;\">D\u00e9tails<\/span><\/th>\n<\/tr>\n<\/thead>\n<tbody>\n<tr>\n<td style=\"background-color: #fff; font-family: Arial, sans-serif; font-size: 14px; overflow: hidden; padding: 10px 5px; text-align: center; vertical-align: middle; word-break: normal; border: 1px solid black;\"><span style=\"font-weight: 400; color: var(--md-box-samantha-normal-text-color);\">Nom du produit<\/span><\/td>\n<td style=\"background-color: #fff; font-family: Arial, sans-serif; font-size: 14px; overflow: hidden; padding: 10px 5px; text-align: left; vertical-align: middle; word-break: normal; border: 1px solid black;\"><span style=\"font-weight: 400; color: var(--md-box-samantha-normal-text-color);\">T\u00f4le d&#039;acier inoxydable 316L<\/span><\/td>\n<\/tr>\n<tr>\n<td style=\"background-color: #efefef; font-family: Arial, sans-serif; font-size: 14px; overflow: hidden; padding: 10px 5px; text-align: center; vertical-align: middle; word-break: normal; border: 1px solid black;\"><span style=\"font-weight: 400; color: var(--md-box-samantha-normal-text-color);\">Longueur<\/span><\/td>\n<td style=\"background-color: #efefef; font-family: Arial, sans-serif; font-size: 14px; overflow: hidden; padding: 10px 5px; text-align: left; vertical-align: middle; word-break: normal; border: 1px solid black;\"><span style=\"font-weight: 400; color: var(--md-box-samantha-normal-text-color);\">Selon les besoins<\/span><\/td>\n<\/tr>\n<tr>\n<td style=\"background-color: #fff; font-family: Arial, sans-serif; font-size: 14px; overflow: hidden; padding: 10px 5px; text-align: center; vertical-align: middle; word-break: normal; border: 1px solid black;\"><span style=\"font-weight: 400; color: var(--md-box-samantha-normal-text-color);\">Largeur<\/span><\/td>\n<td style=\"background-color: #fff; font-family: Arial, sans-serif; font-size: 14px; overflow: hidden; padding: 10px 5px; text-align: left; vertical-align: middle; word-break: normal; border: 1px solid black;\"><span style=\"font-weight: 400; color: var(--md-box-samantha-normal-text-color);\">3 mm \u2013 2\u00a0500 mm ou selon les besoins<\/span><\/td>\n<\/tr>\n<tr>\n<td style=\"background-color: #efefef; font-family: Arial, sans-serif; font-size: 14px; overflow: hidden; padding: 10px 5px; text-align: center; vertical-align: middle; word-break: normal; border: 1px solid black;\"><span style=\"font-weight: 400; color: var(--md-box-samantha-normal-text-color);\">\u00c9paisseur<\/span><\/td>\n<td style=\"background-color: #efefef; font-family: Arial, sans-serif; font-size: 14px; overflow: hidden; padding: 10px 5px; text-align: left; vertical-align: middle; word-break: normal; border: 1px solid black;\"><span style=\"font-weight: 400; color: var(--md-box-samantha-normal-text-color);\">0,3 mm \u2013 300 mm ou selon les besoins<\/span><\/td>\n<\/tr>\n<tr>\n<td style=\"background-color: #fff; font-family: Arial, sans-serif; font-size: 14px; overflow: hidden; padding: 10px 5px; text-align: center; vertical-align: middle; word-break: normal; border: 1px solid black;\"><span style=\"font-weight: 400; color: var(--md-box-samantha-normal-text-color);\">Standard<\/span><\/td>\n<td style=\"background-color: #fff; font-family: Arial, sans-serif; font-size: 14px; overflow: hidden; padding: 10px 5px; text-align: left; vertical-align: middle; word-break: normal; border: 1px solid black;\"><span style=\"font-weight: 400; color: var(--md-box-samantha-normal-text-color);\">AISI, ASTM, DIN, JIS, GB, JIS, SUS, EN, etc.<\/span><\/td>\n<\/tr>\n<tr>\n<td style=\"background-color: #efefef; font-family: Arial, sans-serif; font-size: 14px; overflow: hidden; padding: 10px 5px; text-align: center; vertical-align: middle; word-break: normal; border: 1px solid black;\"><span style=\"font-weight: 400; color: var(--md-box-samantha-normal-text-color);\">Technique<\/span><\/td>\n<td style=\"background-color: #efefef; font-family: Arial, sans-serif; font-size: 14px; overflow: hidden; padding: 10px 5px; text-align: left; vertical-align: middle; word-break: normal; border: 1px solid black;\"><span style=\"font-weight: 400; color: var(--md-box-samantha-normal-text-color);\">lamin\u00e9 \u00e0 chaud<\/span><\/td>\n<\/tr>\n<tr>\n<td style=\"background-color: #fff; font-family: Arial, sans-serif; font-size: 14px; overflow: hidden; padding: 10px 5px; text-align: center; vertical-align: middle; word-break: normal; border: 1px solid black;\"><span style=\"font-weight: 400; color: var(--md-box-samantha-normal-text-color);\">Surface<\/span><\/td>\n<td style=\"background-color: #fff; font-family: Arial, sans-serif; font-size: 14px; overflow: hidden; padding: 10px 5px; text-align: left; vertical-align: middle; word-break: normal; border: 1px solid black;\"><span style=\"font-weight: 400; color: var(--md-box-samantha-normal-text-color);\">N\u00b0 1 ou selon les exigences du client<\/span><\/td>\n<\/tr>\n<tr>\n<td style=\"background-color: #efefef; font-family: Arial, sans-serif; font-size: 14px; overflow: hidden; padding: 10px 5px; text-align: center; vertical-align: middle; word-break: normal; border: 1px solid black;\"><span style=\"font-weight: 400; color: var(--md-box-samantha-normal-text-color);\">Mat\u00e9riel<\/span><\/td>\n<td style=\"background-color: #efefef; font-family: Arial, sans-serif; font-size: 14px; overflow: hidden; padding: 10px 5px; text-align: left; vertical-align: middle; word-break: normal; border: 1px solid black;\"><span style=\"font-weight: 400; color: var(--md-box-samantha-normal-text-color);\">201, 202, 301, 302, 303, 304, 304L, 304H, 310S, 316, 316L, 317L, 321, 310S, 309S, 410, 410S, 420, 430, 431, 440A, 904L<\/span><\/td>\n<\/tr>\n<tr>\n<td style=\"background-color: #fff; font-family: Arial, sans-serif; font-size: 14px; overflow: hidden; padding: 10px 5px; text-align: center; vertical-align: middle; word-break: normal; border: 1px solid black;\"><span style=\"font-weight: 400; color: var(--md-box-samantha-normal-text-color);\">Application<\/span><\/td>\n<td style=\"background-color: #fff; font-family: Arial, sans-serif; font-size: 14px; overflow: hidden; padding: 10px 5px; text-align: left; vertical-align: middle; word-break: normal; border: 1px solid black;\"><span style=\"font-weight: 400; color: var(--md-box-samantha-normal-text-color);\">Il est largement utilis\u00e9 dans les applications \u00e0 haute temp\u00e9rature, les dispositifs m\u00e9dicaux, les mat\u00e9riaux de construction, la chimie, l&#039;industrie agroalimentaire, l&#039;agriculture et les composants navals. Il s&#039;applique \u00e9galement aux emballages alimentaires et de boissons, aux ustensiles de cuisine, aux trains, aux avions, aux bandes transporteuses, aux v\u00e9hicules, aux boulons, aux \u00e9crous, aux ressorts et aux \u00e9crans.<\/span><\/td>\n<\/tr>\n<tr>\n<td style=\"background-color: #efefef; font-family: Arial, sans-serif; font-size: 14px; overflow: hidden; padding: 10px 5px; text-align: center; vertical-align: middle; word-break: normal; border: 1px solid black;\"><span style=\"font-weight: 400; color: var(--md-box-samantha-normal-text-color);\">Quantit\u00e9 minimale de commande<\/span><\/td>\n<td style=\"background-color: #efefef; font-family: Arial, sans-serif; font-size: 14px; overflow: hidden; padding: 10px 5px; text-align: left; vertical-align: middle; word-break: normal; border: 1px solid black;\"><span style=\"font-weight: 400; color: var(--md-box-samantha-normal-text-color);\">1 tonne. Les commandes d&#039;\u00e9chantillons sont accept\u00e9es.<\/span><\/td>\n<\/tr>\n<tr>\n<td style=\"background-color: #fff; font-family: Arial, sans-serif; font-size: 14px; overflow: hidden; padding: 10px 5px; text-align: center; vertical-align: middle; word-break: normal; border: 1px solid black;\"><span style=\"font-weight: 400; color: var(--md-box-samantha-normal-text-color);\">Emballage d&#039;exportation<\/span><\/td>\n<td style=\"background-color: #fff; font-family: Arial, sans-serif; font-size: 14px; overflow: hidden; padding: 10px 5px; text-align: left; vertical-align: middle; word-break: normal; border: 1px solid black;\"><span style=\"font-weight: 400; color: var(--md-box-samantha-normal-text-color);\">Emball\u00e9 dans du papier imperm\u00e9able et des bandes d&#039;acier. Emballage maritime standard pour l&#039;exportation. Convient \u00e0 tous types de transport, selon les besoins.<\/span><\/td>\n<\/tr>\n<tr>\n<td style=\"background-color: #efefef; font-family: Arial, sans-serif; font-size: 14px; overflow: hidden; padding: 10px 5px; text-align: center; vertical-align: middle; word-break: normal; border: 1px solid black;\"><span style=\"font-weight: 400; color: var(--md-box-samantha-normal-text-color);\">Emballage<\/span><\/td>\n<td style=\"background-color: #efefef; font-family: Arial, sans-serif; font-size: 14px; overflow: hidden; padding: 10px 5px; text-align: left; vertical-align: middle; word-break: normal; border: 1px solid black;\"><span style=\"font-weight: 400; color: var(--md-box-samantha-normal-text-color);\">Emballage d&#039;exportation standard pour t\u00f4les en acier inoxydable :<\/span><br \/>\n<span style=\"font-weight: 400; color: var(--md-box-samantha-normal-text-color);\">1. Polissage de surface<\/span><br \/>\n<span style=\"font-weight: 400; color: var(--md-box-samantha-normal-text-color);\">2. Forfait group\u00e9<\/span><br \/>\n<span style=\"font-weight: 400; color: var(--md-box-samantha-normal-text-color);\">3. Caisse en bois, emballage sur palette en bois<\/span><br \/>\n<span style=\"font-weight: 400; color: var(--md-box-samantha-normal-text-color);\">4. Conteneur ou vrac<\/span><br \/>\n<span style=\"font-weight: 400; color: var(--md-box-samantha-normal-text-color);\">5. Emballage sp\u00e9cial selon la demande du client<\/span><\/td>\n<\/tr>\n<\/tbody>\n<\/table>\n<p>&nbsp;<\/p>\n<h2><img fetchpriority=\"high\" decoding=\"async\" class=\"alignnone size-full wp-image-157\" src=\"https:\/\/baolongtaisteel.com\/wp-content\/uploads\/2025\/04\/\u4e0d\u9508\u94a2\u677f-8_\u55e8\u683c\u5f0f\u538b\u7f29\u526f\u672c_\u7ed3\u679c-1.webp\" alt=\"\" width=\"1920\" height=\"1200\" srcset=\"https:\/\/baolongtaisteel.com\/wp-content\/uploads\/2025\/04\/\u4e0d\u9508\u94a2\u677f-8_\u55e8\u683c\u5f0f\u538b\u7f29\u526f\u672c_\u7ed3\u679c-1.webp 1920w, https:\/\/baolongtaisteel.com\/wp-content\/uploads\/2025\/04\/\u4e0d\u9508\u94a2\u677f-8_\u55e8\u683c\u5f0f\u538b\u7f29\u526f\u672c_\u7ed3\u679c-1-600x375.webp 600w, https:\/\/baolongtaisteel.com\/wp-content\/uploads\/2025\/04\/\u4e0d\u9508\u94a2\u677f-8_\u55e8\u683c\u5f0f\u538b\u7f29\u526f\u672c_\u7ed3\u679c-1-300x188.webp 300w, https:\/\/baolongtaisteel.com\/wp-content\/uploads\/2025\/04\/\u4e0d\u9508\u94a2\u677f-8_\u55e8\u683c\u5f0f\u538b\u7f29\u526f\u672c_\u7ed3\u679c-1-1024x640.webp 1024w, https:\/\/baolongtaisteel.com\/wp-content\/uploads\/2025\/04\/\u4e0d\u9508\u94a2\u677f-8_\u55e8\u683c\u5f0f\u538b\u7f29\u526f\u672c_\u7ed3\u679c-1-768x480.webp 768w, https:\/\/baolongtaisteel.com\/wp-content\/uploads\/2025\/04\/\u4e0d\u9508\u94a2\u677f-8_\u55e8\u683c\u5f0f\u538b\u7f29\u526f\u672c_\u7ed3\u679c-1-1536x960.webp 1536w\" sizes=\"(max-width: 1920px) 100vw, 1920px\" \/><\/h2>\n<h2><strong data-spm-anchor-id=\"a2ty_o01.29997173.0.i89.1a70c921yaavsG\">Propri\u00e9t\u00e9s physiques et chimiques :<\/strong><\/h2>\n<h3><strong>Propri\u00e9t\u00e9s physiques<\/strong><\/h3>\n<p><strong>Apparence:<\/strong><\/p>\n<p>Il pr\u00e9sente g\u00e9n\u00e9ralement une couleur m\u00e9tallique blanc argent\u00e9, avec une surface lisse et brillante. Diff\u00e9rents traitements de surface, tels que le polissage miroir et le brossage, permettent d&#039;obtenir diff\u00e9rents effets de surface. Les plaques en acier inoxydable 316L sont largement utilis\u00e9es dans les applications o\u00f9 l&#039;esth\u00e9tique et la r\u00e9sistance \u00e0 la corrosion sont primordiales.<\/p>\n<p><strong>Densit\u00e9:<\/strong><\/p>\n<p>La densit\u00e9 est g\u00e9n\u00e9ralement d&#039;environ 7,98 g\/cm\u00b3. Par exemple, la densit\u00e9 de la plaque d&#039;acier inoxydable 316L est l\u00e9g\u00e8rement sup\u00e9rieure \u00e0 celle de l&#039;acier au carbone ordinaire, ce qui la rend id\u00e9ale pour les applications structurelles exigeantes.<\/p>\n<p><strong>Point de fusion:<\/strong><\/p>\n<p>Le point de fusion est relativement \u00e9lev\u00e9, g\u00e9n\u00e9ralement compris entre 1\u00a0398 et 1\u00a0454 \u00b0C. Par exemple, l&#039;acier inoxydable 316L a un point de fusion d&#039;environ 1\u00a0400 \u00e0 1\u00a0450 \u00b0C, ce qui lui conf\u00e8re une bonne stabilit\u00e9 dans les environnements \u00e0 haute temp\u00e9rature.<\/p>\n<p><strong>Coefficient de dilatation thermique :<\/strong><\/p>\n<p>Le coefficient de dilatation thermique est relativement faible. Entre la temp\u00e9rature ambiante et 100 \u00b0C, le coefficient de dilatation thermique de l&#039;acier inoxydable 316L est d&#039;environ 17,2 \u00d7 10\u207b\u2076\/\u00b0C. Cette caract\u00e9ristique lui permet de conserver une bonne stabilit\u00e9 dimensionnelle dans des environnements soumis \u00e0 d&#039;importantes variations de temp\u00e9rature.<\/p>\n<p><strong>Conductivit\u00e9 thermique :<\/strong><\/p>\n<p>La conductivit\u00e9 thermique est faible et son coefficient de conductivit\u00e9 thermique est d&#039;environ 16 \u00e0 27 W\/(m\u30fbK), ce qui est bien inf\u00e9rieur \u00e0 celui du cuivre, de l&#039;aluminium et d&#039;autres m\u00e9taux, il pr\u00e9sente donc certaines performances d&#039;isolation thermique.<\/p>\n<p><strong>Conductivit\u00e9 \u00e9lectrique :<\/strong><\/p>\n<p>Il poss\u00e8de une certaine conductivit\u00e9 \u00e9lectrique, mais celle-ci est relativement faible. La conductivit\u00e9 de l&#039;acier inoxydable 316L est d&#039;environ 1,4 \u00d7 10\u2076 S\/m, soit environ 41 TP3T de celle du cuivre.<\/p>\n<h2><img decoding=\"async\" class=\"alignnone size-full wp-image-158\" src=\"https:\/\/baolongtaisteel.com\/wp-content\/uploads\/2025\/04\/\u4e0d\u9508\u94a2\u677f-9_\u55e8\u683c\u5f0f\u538b\u7f29\u526f\u672c_\u7ed3\u679c-1.webp\" alt=\"\" width=\"1920\" height=\"1200\" srcset=\"https:\/\/baolongtaisteel.com\/wp-content\/uploads\/2025\/04\/\u4e0d\u9508\u94a2\u677f-9_\u55e8\u683c\u5f0f\u538b\u7f29\u526f\u672c_\u7ed3\u679c-1.webp 1920w, https:\/\/baolongtaisteel.com\/wp-content\/uploads\/2025\/04\/\u4e0d\u9508\u94a2\u677f-9_\u55e8\u683c\u5f0f\u538b\u7f29\u526f\u672c_\u7ed3\u679c-1-600x375.webp 600w, https:\/\/baolongtaisteel.com\/wp-content\/uploads\/2025\/04\/\u4e0d\u9508\u94a2\u677f-9_\u55e8\u683c\u5f0f\u538b\u7f29\u526f\u672c_\u7ed3\u679c-1-300x188.webp 300w, https:\/\/baolongtaisteel.com\/wp-content\/uploads\/2025\/04\/\u4e0d\u9508\u94a2\u677f-9_\u55e8\u683c\u5f0f\u538b\u7f29\u526f\u672c_\u7ed3\u679c-1-1024x640.webp 1024w, https:\/\/baolongtaisteel.com\/wp-content\/uploads\/2025\/04\/\u4e0d\u9508\u94a2\u677f-9_\u55e8\u683c\u5f0f\u538b\u7f29\u526f\u672c_\u7ed3\u679c-1-768x480.webp 768w, https:\/\/baolongtaisteel.com\/wp-content\/uploads\/2025\/04\/\u4e0d\u9508\u94a2\u677f-9_\u55e8\u683c\u5f0f\u538b\u7f29\u526f\u672c_\u7ed3\u679c-1-1536x960.webp 1536w\" sizes=\"(max-width: 1920px) 100vw, 1920px\" \/><\/h2>\n<h2><strong>Propri\u00e9t\u00e9s chimiques<\/strong><\/h2>\n<p><strong>R\u00e9sistance \u00e0 la corrosion :<\/strong><\/p>\n<p>Il s&#039;agit de l&#039;une des propri\u00e9t\u00e9s chimiques les plus importantes des plaques d&#039;acier inoxydable 316L. Gr\u00e2ce \u00e0 la formation d&#039;un film de passivation dense \u00e0 sa surface, ce film emp\u00eache l&#039;oxyg\u00e8ne, l&#039;eau, etc., d&#039;entrer en contact avec la matrice m\u00e9tallique, pr\u00e9venant ainsi efficacement la corrosion. Par exemple, l&#039;acier inoxydable 316L pr\u00e9sente une excellente r\u00e9sistance \u00e0 la corrosion dans des environnements tels que l&#039;atmosph\u00e8re, l&#039;eau, les acides faibles et les bases\u00a0; il contient \u00e9galement du molybd\u00e8ne, ce qui le rend tr\u00e8s r\u00e9sistant \u00e0 la corrosion par les ions chlorure. Il est souvent utilis\u00e9 en milieu marin ou dans les environnements chimiques expos\u00e9s aux ions chlorure.<\/p>\n<p><strong>Antioxydation :<\/strong><\/p>\n<p>Les plaques en acier inoxydable 316L pr\u00e9sentent une bonne r\u00e9sistance \u00e0 l&#039;oxydation, tant \u00e0 temp\u00e9rature ambiante qu&#039;\u00e0 des temp\u00e9ratures plus \u00e9lev\u00e9es. Par exemple, elles supportent des temp\u00e9ratures \u00e9lev\u00e9es dans des environnements exigeants sans s&#039;oxyder facilement et conviennent parfaitement aux composants de fours haute temp\u00e9rature et \u00e0 d&#039;autres applications.<\/p>\n<p><strong>Stabilit\u00e9 chimique :<\/strong><\/p>\n<p>En milieu chimique g\u00e9n\u00e9ral, les plaques en acier inoxydable 316L pr\u00e9sentent une grande stabilit\u00e9 chimique et ne sont pas sujettes aux r\u00e9actions chimiques avec les produits chimiques courants. Cependant, dans certains milieux fortement corrosifs, tels que l&#039;acide nitrique concentr\u00e9 et l&#039;acide fluorhydrique, la r\u00e9sistance \u00e0 la corrosion de l&#039;acier inoxydable 316L peut \u00eatre affect\u00e9e.<\/p>\n<p><strong>Passivation:<\/strong><\/p>\n<p>Apr\u00e8s exposition \u00e0 l&#039;air libre ou passivation, une couche de passivation se forme \u00e0 la surface de la plaque d&#039;acier inoxydable 316L. Cette couche am\u00e9liore la r\u00e9sistance \u00e0 la corrosion et \u00e0 l&#039;oxydation du mat\u00e9riau. Le traitement de passivation consiste g\u00e9n\u00e9ralement \u00e0 immerger la plaque d&#039;acier inoxydable dans une solution contenant un oxydant, tel que l&#039;acide nitrique ou le bichromate de potassium, afin de favoriser la formation et la r\u00e9paration de cette couche.<\/p>\n<h2><img decoding=\"async\" class=\"alignnone size-full wp-image-159\" src=\"https:\/\/baolongtaisteel.com\/wp-content\/uploads\/2025\/04\/\u4e0d\u9508\u94a2\u677f-1_\u55e8\u683c\u5f0f\u538b\u7f29\u526f\u672c_\u7ed3\u679c.webp\" alt=\"\" width=\"1920\" height=\"1200\" srcset=\"https:\/\/baolongtaisteel.com\/wp-content\/uploads\/2025\/04\/\u4e0d\u9508\u94a2\u677f-1_\u55e8\u683c\u5f0f\u538b\u7f29\u526f\u672c_\u7ed3\u679c.webp 1920w, https:\/\/baolongtaisteel.com\/wp-content\/uploads\/2025\/04\/\u4e0d\u9508\u94a2\u677f-1_\u55e8\u683c\u5f0f\u538b\u7f29\u526f\u672c_\u7ed3\u679c-600x375.webp 600w, https:\/\/baolongtaisteel.com\/wp-content\/uploads\/2025\/04\/\u4e0d\u9508\u94a2\u677f-1_\u55e8\u683c\u5f0f\u538b\u7f29\u526f\u672c_\u7ed3\u679c-300x188.webp 300w, https:\/\/baolongtaisteel.com\/wp-content\/uploads\/2025\/04\/\u4e0d\u9508\u94a2\u677f-1_\u55e8\u683c\u5f0f\u538b\u7f29\u526f\u672c_\u7ed3\u679c-1024x640.webp 1024w, https:\/\/baolongtaisteel.com\/wp-content\/uploads\/2025\/04\/\u4e0d\u9508\u94a2\u677f-1_\u55e8\u683c\u5f0f\u538b\u7f29\u526f\u672c_\u7ed3\u679c-768x480.webp 768w, https:\/\/baolongtaisteel.com\/wp-content\/uploads\/2025\/04\/\u4e0d\u9508\u94a2\u677f-1_\u55e8\u683c\u5f0f\u538b\u7f29\u526f\u672c_\u7ed3\u679c-1536x960.webp 1536w\" sizes=\"(max-width: 1920px) 100vw, 1920px\" \/><\/h2>\n<h2><strong>Application:<\/strong><\/h2>\n<p data-spm-anchor-id=\"a2ty_o01.29997173.0.i88.1a70c921yaavsG\">Les plaques d&#039;acier inoxydable 316L sont largement utilis\u00e9es dans de nombreux domaines gr\u00e2ce \u00e0 leur excellente r\u00e9sistance \u00e0 la corrosion, leur grande r\u00e9sistance et leurs excellentes performances de mise en \u0153uvre. Dans le domaine m\u00e9dical, elles sont utilis\u00e9es pour la fabrication d&#039;instruments chirurgicaux, d&#039;implants, etc., garantissant st\u00e9rilit\u00e9 et biocompatibilit\u00e9. Dans le b\u00e2timent et la d\u00e9coration, elles sont souvent utilis\u00e9es pour cr\u00e9er des garde-corps, des mains courantes et des sculptures artistiques, alliant esth\u00e9tique et durabilit\u00e9. En fabrication m\u00e9canique, elles sont transform\u00e9es en composants cl\u00e9s tels que des pi\u00e8ces structurelles et des engrenages pour garantir la stabilit\u00e9 des \u00e9quipements. Dans l&#039;industrie agroalimentaire, elles sont utilis\u00e9es pour la fabrication de machines et de contenants alimentaires r\u00e9pondant \u00e0 des normes d&#039;hygi\u00e8ne strictes. De plus, dans des secteurs tels que les \u00e9quipements chimiques et les appareils \u00e9lectroniques, les plaques d&#039;acier inoxydable 316L sont indispensables. Elles sont utilis\u00e9es pour la fabrication de r\u00e9acteurs, de vannes, de bo\u00eetiers d&#039;\u00e9quipements \u00e9lectroniques, etc., et s&#039;adaptent parfaitement aux environnements de travail complexes.<\/p>","protected":false},"excerpt":{"rendered":"<h4 class=\"elementor-heading-title elementor-size-default\" style=\"text-align: center; padding-bottom: 30px;\">Plaque en acier inoxydable 316L<\/h4>\n<div>La plaque d&#039;acier inoxydable 316L est un acier inoxydable \u00e0 faible teneur en carbone et hautement r\u00e9sistant \u00e0 la corrosion, offrant une excellente r\u00e9sistance \u00e0 la corrosion par les ions chlorure et adapt\u00e9e aux environnements difficiles. Sa densit\u00e9 est d&#039;environ 7,98 g\/cm\u00b3, son point de fusion est compris entre 1398 et 1454 \u00b0C et elle pr\u00e9sente une bonne r\u00e9sistance \u00e0 l&#039;oxydation \u00e0 haute temp\u00e9rature et une bonne r\u00e9sistance m\u00e9canique. Sa surface lisse permet des traitements vari\u00e9s tels que le polissage et le tr\u00e9filage. Largement utilis\u00e9 dans les \u00e9quipements chimiques, l&#039;ing\u00e9nierie navale, les \u00e9quipements m\u00e9dicaux, l&#039;agroalimentaire et d&#039;autres secteurs, il r\u00e9pond aux exigences de haute r\u00e9sistance, de normes d&#039;hygi\u00e8ne strictes et d&#039;environnements complexes. C&#039;est un mat\u00e9riau important dans l&#039;industrie et la construction.<\/div>\n<div>\n<hr class=\"dongte456custom-line\" \/>\n<\/div>\n<div style=\"padding-bottom: 5px;\">Cat\u00e9gorie : Plaque en acier inoxydable 316L<\/div>\n<div>Mot cl\u00e9 : plaque en acier inoxydable 316L<\/div>\n<div>\n<hr \/>\n<\/div>\n<p><img loading=\"lazy\" decoding=\"async\" class=\"alignnone wp-image-257\" src=\"https:\/\/baolongtaisteel.com\/wp-content\/uploads\/2025\/04\/\u7535\u8bdd\u56fe\u6807.jpg\" alt=\"\" width=\"48\" height=\"50\" \/>\u00a0 WhatsApp :<a href=\"https:\/\/api.whatsapp.com\/send?phone=8613963585512\" target=\"_blank\" rel=\"noopener\">\u00a0+8613963585512 <\/a><\/p>\n<div>\n<hr \/>\n<\/div>\n<p><img loading=\"lazy\" decoding=\"async\" class=\"alignnone wp-image-258\" src=\"https:\/\/baolongtaisteel.com\/wp-content\/uploads\/2025\/04\/\u90ae\u7bb1\u56fe\u6807.jpg\" alt=\"\" width=\"48\" height=\"55\" \/>\u00a0\u00a0E-mail : <a href=\"rachel@sdxhjmetal.com\" target=\"_blank\" rel=\"noopener\">\u00a0rachel@sdxhjmetal.com<\/a><\/p>\n<div>\n<hr \/>\n<\/div>\n<h3><\/h3>\n<div class=\"productaddbutton-container\">\n<div class=\"productaddbutton-wrapper\"><a class=\"productaddbutton\" href=\"https:\/\/baolongtaisteel.com\/index.php\/product\/\">Liste des produits<\/a><\/div>\n<div class=\"productaddbutton-wrapper\"><a class=\"productaddbutton\" href=\"#formSectiondongte\">Contactez-nous<\/a><\/div>\n<\/div>\n<div><\/div>","protected":false},"featured_media":166,"comment_status":"open","ping_status":"closed","template":"","meta":[],"product_brand":[],"product_cat":[16],"product_tag":[],"class_list":{"0":"post-109","1":"product","2":"type-product","3":"status-publish","4":"has-post-thumbnail","6":"product_cat-stainless-steel","8":"first","9":"instock","10":"shipping-taxable","11":"product-type-simple"},"_links":{"self":[{"href":"https:\/\/baolongtaisteel.com\/fr\/wp-json\/wp\/v2\/product\/109","targetHints":{"allow":["GET"]}}],"collection":[{"href":"https:\/\/baolongtaisteel.com\/fr\/wp-json\/wp\/v2\/product"}],"about":[{"href":"https:\/\/baolongtaisteel.com\/fr\/wp-json\/wp\/v2\/types\/product"}],"replies":[{"embeddable":true,"href":"https:\/\/baolongtaisteel.com\/fr\/wp-json\/wp\/v2\/comments?post=109"}],"wp:featuredmedia":[{"embeddable":true,"href":"https:\/\/baolongtaisteel.com\/fr\/wp-json\/wp\/v2\/media\/166"}],"wp:attachment":[{"href":"https:\/\/baolongtaisteel.com\/fr\/wp-json\/wp\/v2\/media?parent=109"}],"wp:term":[{"taxonomy":"product_brand","embeddable":true,"href":"https:\/\/baolongtaisteel.com\/fr\/wp-json\/wp\/v2\/product_brand?post=109"},{"taxonomy":"product_cat","embeddable":true,"href":"https:\/\/baolongtaisteel.com\/fr\/wp-json\/wp\/v2\/product_cat?post=109"},{"taxonomy":"product_tag","embeddable":true,"href":"https:\/\/baolongtaisteel.com\/fr\/wp-json\/wp\/v2\/product_tag?post=109"}],"curies":[{"name":"wp","href":"https:\/\/api.w.org\/{rel}","templated":true}]}}