{"id":112,"date":"2025-04-25T11:51:46","date_gmt":"2025-04-25T03:51:46","guid":{"rendered":"https:\/\/baolongtaisteel.com\/?post_type=product&#038;p=112"},"modified":"2025-04-25T13:33:50","modified_gmt":"2025-04-25T05:33:50","slug":"bobine-en-acier-inoxydable-304","status":"publish","type":"product","link":"https:\/\/baolongtaisteel.com\/fr\/product\/bobine-en-acier-inoxydable-304\/","title":{"rendered":"Bobine en acier inoxydable 304"},"content":{"rendered":"<h2>Tableau des d\u00e9tails du produit :<\/h2>\n<table class=\"tg\" style=\"border-collapse: collapse; border-spacing: 0;\">\n<thead>\n<tr>\n<th style=\"background-color: #9b9b9b; color: #ffffff; font-family: Arial, sans-serif; font-size: 14px; font-weight: bold; overflow: hidden; padding: 10px 5px; text-align: center; vertical-align: middle; word-break: normal; border: 1px solid black;\"><span style=\"font-weight: 600;\">Article<\/span><\/th>\n<th style=\"background-color: #9b9b9b; color: #ffffff; font-family: Arial, sans-serif; font-size: 14px; font-weight: bold; overflow: hidden; padding: 10px 5px; text-align: left; vertical-align: middle; word-break: normal; border: 1px solid black;\"><span style=\"font-weight: 600;\">D\u00e9tails<\/span><\/th>\n<\/tr>\n<\/thead>\n<tbody>\n<tr>\n<td style=\"background-color: #fff; font-family: Arial, sans-serif; font-size: 14px; overflow: hidden; padding: 10px 5px; text-align: center; vertical-align: middle; word-break: normal; border: 1px solid black;\"><span style=\"font-weight: 400; color: var(--md-box-samantha-normal-text-color);\">Mod\u00e8le N\u00b0<\/span><\/td>\n<td style=\"background-color: #fff; font-family: Arial, sans-serif; font-size: 14px; overflow: hidden; padding: 10px 5px; text-align: left; vertical-align: middle; word-break: normal; border: 1px solid black;\"><span style=\"font-weight: 400; color: var(--md-box-samantha-normal-text-color);\">201, 304, 316, 321, 309S, 310S, 430<\/span><\/td>\n<\/tr>\n<tr>\n<td style=\"background-color: #efefef; font-family: Arial, sans-serif; font-size: 14px; overflow: hidden; padding: 10px 5px; text-align: center; vertical-align: middle; word-break: normal; border: 1px solid black;\"><span style=\"font-weight: 400; color: var(--md-box-samantha-normal-text-color);\">Grade<\/span><\/td>\n<td style=\"background-color: #efefef; font-family: Arial, sans-serif; font-size: 14px; overflow: hidden; padding: 10px 5px; text-align: left; vertical-align: middle; word-break: normal; border: 1px solid black;\"><span style=\"font-weight: 400; color: var(--md-box-samantha-normal-text-color);\">S\u00e9rie 300<\/span><\/td>\n<\/tr>\n<tr>\n<td style=\"background-color: #fff; font-family: Arial, sans-serif; font-size: 14px; overflow: hidden; padding: 10px 5px; text-align: center; vertical-align: middle; word-break: normal; border: 1px solid black;\"><span style=\"font-weight: 400; color: var(--md-box-samantha-normal-text-color);\">Certification<\/span><\/td>\n<td style=\"background-color: #fff; font-family: Arial, sans-serif; font-size: 14px; overflow: hidden; padding: 10px 5px; text-align: left; vertical-align: middle; word-break: normal; border: 1px solid black;\"><span style=\"font-weight: 400; color: var(--md-box-samantha-normal-text-color);\">ISO, RoHS, IBR, AISI, ASTM, GB, EN, DIN, JIS<\/span><\/td>\n<\/tr>\n<tr>\n<td style=\"background-color: #efefef; font-family: Arial, sans-serif; font-size: 14px; overflow: hidden; padding: 10px 5px; text-align: center; vertical-align: middle; word-break: normal; border: 1px solid black;\"><span style=\"font-weight: 400; color: var(--md-box-samantha-normal-text-color);\">Forme<\/span><\/td>\n<td style=\"background-color: #efefef; font-family: Arial, sans-serif; font-size: 14px; overflow: hidden; padding: 10px 5px; text-align: left; vertical-align: middle; word-break: normal; border: 1px solid black;\"><span style=\"font-weight: 400; color: var(--md-box-samantha-normal-text-color);\">Plat<\/span><\/td>\n<\/tr>\n<tr>\n<td style=\"background-color: #fff; font-family: Arial, sans-serif; font-size: 14px; overflow: hidden; padding: 10px 5px; text-align: center; vertical-align: middle; word-break: normal; border: 1px solid black;\"><span style=\"font-weight: 400; color: var(--md-box-samantha-normal-text-color);\">Technique<\/span><\/td>\n<td style=\"background-color: #fff; font-family: Arial, sans-serif; font-size: 14px; overflow: hidden; padding: 10px 5px; text-align: left; vertical-align: middle; word-break: normal; border: 1px solid black;\"><span style=\"font-weight: 400; color: var(--md-box-samantha-normal-text-color);\">lamin\u00e9 \u00e0 froid<\/span><\/td>\n<\/tr>\n<tr>\n<td style=\"background-color: #efefef; font-family: Arial, sans-serif; font-size: 14px; overflow: hidden; padding: 10px 5px; text-align: center; vertical-align: middle; word-break: normal; border: 1px solid black;\"><span style=\"font-weight: 400; color: var(--md-box-samantha-normal-text-color);\">Nom du produit<\/span><\/td>\n<td style=\"background-color: #efefef; font-family: Arial, sans-serif; font-size: 14px; overflow: hidden; padding: 10px 5px; text-align: left; vertical-align: middle; word-break: normal; border: 1px solid black;\"><span style=\"font-weight: 400; color: var(--md-box-samantha-normal-text-color);\">Bobine en acier inoxydable<\/span><\/td>\n<\/tr>\n<tr>\n<td style=\"background-color: #fff; font-family: Arial, sans-serif; font-size: 14px; overflow: hidden; padding: 10px 5px; text-align: center; vertical-align: middle; word-break: normal; border: 1px solid black;\"><span style=\"font-weight: 400; color: var(--md-box-samantha-normal-text-color);\">Surface<\/span><\/td>\n<td style=\"background-color: #fff; font-family: Arial, sans-serif; font-size: 14px; overflow: hidden; padding: 10px 5px; text-align: left; vertical-align: middle; word-break: normal; border: 1px solid black;\"><span style=\"font-weight: 400; color: var(--md-box-samantha-normal-text-color);\">N\u00b0 1, Ba, 2B, N\u00b0 4, Hl, Sb, en relief<\/span><\/td>\n<\/tr>\n<tr>\n<td style=\"background-color: #efefef; font-family: Arial, sans-serif; font-size: 14px; overflow: hidden; padding: 10px 5px; text-align: center; vertical-align: middle; word-break: normal; border: 1px solid black;\"><span style=\"font-weight: 400; color: var(--md-box-samantha-normal-text-color);\">Emballage d&#039;exportation<\/span><\/td>\n<td style=\"background-color: #efefef; font-family: Arial, sans-serif; font-size: 14px; overflow: hidden; padding: 10px 5px; text-align: left; vertical-align: middle; word-break: normal; border: 1px solid black;\"><span style=\"font-weight: 400; color: var(--md-box-samantha-normal-text-color);\">Emballage maritime standard<\/span><\/td>\n<\/tr>\n<tr>\n<td style=\"background-color: #fff; font-family: Arial, sans-serif; font-size: 14px; overflow: hidden; padding: 10px 5px; text-align: center; vertical-align: middle; word-break: normal; border: 1px solid black;\"><span style=\"font-weight: 400; color: var(--md-box-samantha-normal-text-color);\">Sp\u00e9cifications personnalis\u00e9es<\/span><\/td>\n<td style=\"background-color: #fff; font-family: Arial, sans-serif; font-size: 14px; overflow: hidden; padding: 10px 5px; text-align: left; vertical-align: middle; word-break: normal; border: 1px solid black;\"><span style=\"font-weight: 400; color: var(--md-box-samantha-normal-text-color);\">Selon les exigences du client<\/span><\/td>\n<\/tr>\n<tr>\n<td style=\"background-color: #efefef; font-family: Arial, sans-serif; font-size: 14px; overflow: hidden; padding: 10px 5px; text-align: center; vertical-align: middle; word-break: normal; border: 1px solid black;\"><span style=\"font-weight: 400; color: var(--md-box-samantha-normal-text-color);\">\u00c9chantillon<\/span><\/td>\n<td style=\"background-color: #efefef; font-family: Arial, sans-serif; font-size: 14px; overflow: hidden; padding: 10px 5px; text-align: left; vertical-align: middle; word-break: normal; border: 1px solid black;\"><span style=\"font-weight: 400; color: var(--md-box-samantha-normal-text-color);\">Disponible<\/span><\/td>\n<\/tr>\n<tr>\n<td style=\"background-color: #fff; font-family: Arial, sans-serif; font-size: 14px; overflow: hidden; padding: 10px 5px; text-align: center; vertical-align: middle; word-break: normal; border: 1px solid black;\"><span style=\"font-weight: 400; color: var(--md-box-samantha-normal-text-color);\">D\u00e9lai de livraison<\/span><\/td>\n<td style=\"background-color: #fff; font-family: Arial, sans-serif; font-size: 14px; overflow: hidden; padding: 10px 5px; text-align: left; vertical-align: middle; word-break: normal; border: 1px solid black;\"><span style=\"font-weight: 400; color: var(--md-box-samantha-normal-text-color);\">7 \u00e0 15 jours<\/span><\/td>\n<\/tr>\n<tr>\n<td style=\"background-color: #efefef; font-family: Arial, sans-serif; font-size: 14px; overflow: hidden; padding: 10px 5px; text-align: center; vertical-align: middle; word-break: normal; border: 1px solid black;\"><span style=\"font-weight: 400; color: var(--md-box-samantha-normal-text-color);\">Emballage de transport<\/span><\/td>\n<td style=\"background-color: #efefef; font-family: Arial, sans-serif; font-size: 14px; overflow: hidden; padding: 10px 5px; text-align: left; vertical-align: middle; word-break: normal; border: 1px solid black;\"><span style=\"font-weight: 400; color: var(--md-box-samantha-normal-text-color);\">Emballage maritime standard<\/span><\/td>\n<\/tr>\n<tr>\n<td style=\"background-color: #fff; font-family: Arial, sans-serif; font-size: 14px; overflow: hidden; padding: 10px 5px; text-align: center; vertical-align: middle; word-break: normal; border: 1px solid black;\"><span style=\"font-weight: 400; color: var(--md-box-samantha-normal-text-color);\">Sp\u00e9cification<\/span><\/td>\n<td style=\"background-color: #fff; font-family: Arial, sans-serif; font-size: 14px; overflow: hidden; padding: 10px 5px; text-align: left; vertical-align: middle; word-break: normal; border: 1px solid black;\"><span style=\"font-weight: 400; color: var(--md-box-samantha-normal-text-color);\">Personnalis\u00e9<\/span><\/td>\n<\/tr>\n<tr>\n<td style=\"background-color: #efefef; font-family: Arial, sans-serif; font-size: 14px; overflow: hidden; padding: 10px 5px; text-align: center; vertical-align: middle; word-break: normal; border: 1px solid black;\"><span style=\"font-weight: 400; color: var(--md-box-samantha-normal-text-color);\">Origine<\/span><\/td>\n<td style=\"background-color: #efefef; font-family: Arial, sans-serif; font-size: 14px; overflow: hidden; padding: 10px 5px; text-align: left; vertical-align: middle; word-break: normal; border: 1px solid black;\"><span style=\"font-weight: 400; color: var(--md-box-samantha-normal-text-color);\">Chine<\/span><\/td>\n<\/tr>\n<tr>\n<td style=\"background-color: #fff; font-family: Arial, sans-serif; font-size: 14px; overflow: hidden; padding: 10px 5px; text-align: center; vertical-align: middle; word-break: normal; border: 1px solid black;\"><span style=\"font-weight: 400; color: var(--md-box-samantha-normal-text-color);\">Capacit\u00e9 de production<\/span><\/td>\n<td style=\"background-color: #fff; font-family: Arial, sans-serif; font-size: 14px; overflow: hidden; padding: 10px 5px; text-align: left; vertical-align: middle; word-break: normal; border: 1px solid black;\"><span style=\"font-weight: 400; color: var(--md-box-samantha-normal-text-color);\">100 000 tonnes par mois<\/span><\/td>\n<\/tr>\n<\/tbody>\n<\/table>\n<p>&nbsp;<\/p>\n<h2><strong>\u00a0\u00a0<img fetchpriority=\"high\" decoding=\"async\" class=\"alignnone size-full wp-image-212\" src=\"https:\/\/baolongtaisteel.com\/wp-content\/uploads\/2025\/04\/542bc58cfa39cb28e94e0004ed5bd45d_\u55e8\u683c\u5f0f\u538b\u7f29\u526f\u672c_\u7ed3\u679c.webp\" alt=\"\" width=\"1920\" height=\"1200\" srcset=\"https:\/\/baolongtaisteel.com\/wp-content\/uploads\/2025\/04\/542bc58cfa39cb28e94e0004ed5bd45d_\u55e8\u683c\u5f0f\u538b\u7f29\u526f\u672c_\u7ed3\u679c.webp 1920w, https:\/\/baolongtaisteel.com\/wp-content\/uploads\/2025\/04\/542bc58cfa39cb28e94e0004ed5bd45d_\u55e8\u683c\u5f0f\u538b\u7f29\u526f\u672c_\u7ed3\u679c-600x375.webp 600w, https:\/\/baolongtaisteel.com\/wp-content\/uploads\/2025\/04\/542bc58cfa39cb28e94e0004ed5bd45d_\u55e8\u683c\u5f0f\u538b\u7f29\u526f\u672c_\u7ed3\u679c-300x188.webp 300w, https:\/\/baolongtaisteel.com\/wp-content\/uploads\/2025\/04\/542bc58cfa39cb28e94e0004ed5bd45d_\u55e8\u683c\u5f0f\u538b\u7f29\u526f\u672c_\u7ed3\u679c-1024x640.webp 1024w, https:\/\/baolongtaisteel.com\/wp-content\/uploads\/2025\/04\/542bc58cfa39cb28e94e0004ed5bd45d_\u55e8\u683c\u5f0f\u538b\u7f29\u526f\u672c_\u7ed3\u679c-768x480.webp 768w, https:\/\/baolongtaisteel.com\/wp-content\/uploads\/2025\/04\/542bc58cfa39cb28e94e0004ed5bd45d_\u55e8\u683c\u5f0f\u538b\u7f29\u526f\u672c_\u7ed3\u679c-1536x960.webp 1536w\" sizes=\"(max-width: 1920px) 100vw, 1920px\" \/>Propri\u00e9t\u00e9s physiques et chimiques :<\/strong><\/h2>\n<h4><strong>Propri\u00e9t\u00e9s physiques<\/strong><\/h4>\n<p><strong>Apparence:<\/strong><\/p>\n<p>Il pr\u00e9sente g\u00e9n\u00e9ralement une couleur m\u00e9tallique blanc argent\u00e9, avec une surface lisse et brillante. Diff\u00e9rents traitements de surface, tels que le polissage miroir, le brossage, etc., permettent d&#039;obtenir diff\u00e9rents effets de surface. Les bobines d&#039;acier inoxydable 304 sont souvent utilis\u00e9es dans des applications o\u00f9 leur esth\u00e9tique et leur r\u00e9sistance \u00e0 la corrosion sont tr\u00e8s appr\u00e9ci\u00e9es.<\/p>\n<p><strong>Densit\u00e9:<\/strong><\/p>\n<p>La densit\u00e9 est g\u00e9n\u00e9ralement d&#039;environ 7,93 g\/cm\u00b3, ce qui est l\u00e9g\u00e8rement sup\u00e9rieur \u00e0 celle de l&#039;acier au carbone ordinaire. Les bobines d&#039;acier inoxydable 304 conviennent donc parfaitement aux applications structurelles l\u00e9g\u00e8res et robustes.<\/p>\n<p><strong>Point de fusion:<\/strong><\/p>\n<p>Le point de fusion est relativement \u00e9lev\u00e9, g\u00e9n\u00e9ralement autour de 1400-1450 \u00b0C. Cette caract\u00e9ristique garantit aux bobines en acier inoxydable 304 une excellente stabilit\u00e9 dans les environnements \u00e0 haute temp\u00e9rature.<\/p>\n<p><strong>Coefficient de dilatation thermique :<\/strong><\/p>\n<p>Le coefficient de dilatation thermique est relativement faible. Entre la temp\u00e9rature ambiante et 100 \u00b0C, le coefficient de dilatation thermique de l&#039;acier inoxydable 304 est d&#039;environ 17,2 \u00d7 10\u207b\u2076\/\u00b0C. Cette caract\u00e9ristique permet aux bobines d&#039;acier inoxydable 304 de conserver une bonne stabilit\u00e9 dimensionnelle dans des environnements soumis \u00e0 d&#039;importantes variations de temp\u00e9rature.<\/p>\n<p><strong>Conductivit\u00e9 thermique :<\/strong><\/p>\n<p>La conductivit\u00e9 thermique est faible, avec un coefficient d&#039;environ 16 \u00e0 27 W\/(m\u00b7K), bien inf\u00e9rieur \u00e0 celui du cuivre, de l&#039;aluminium et d&#039;autres m\u00e9taux. Par cons\u00e9quent, les bobines en acier inoxydable 304 pr\u00e9sentent des propri\u00e9t\u00e9s d&#039;isolation thermique particuli\u00e8res.<\/p>\n<p><strong>Conductivit\u00e9 \u00e9lectrique :<\/strong><\/p>\n<p>Il poss\u00e8de une certaine conductivit\u00e9 \u00e9lectrique, mais celle-ci est relativement faible. La conductivit\u00e9 de l&#039;acier inoxydable 304 est d&#039;environ 1,4 \u00d7 10\u2076 S\/m, soit environ 41 TP3T de celle du cuivre.<\/p>\n<h2><strong><img decoding=\"async\" class=\"alignnone size-full wp-image-211\" src=\"https:\/\/baolongtaisteel.com\/wp-content\/uploads\/2025\/04\/99b469998067fb696525d755c6f35361_\u55e8\u683c\u5f0f\u538b\u7f29\u526f\u672c_\u7ed3\u679c.webp\" alt=\"\" width=\"1920\" height=\"1200\" srcset=\"https:\/\/baolongtaisteel.com\/wp-content\/uploads\/2025\/04\/99b469998067fb696525d755c6f35361_\u55e8\u683c\u5f0f\u538b\u7f29\u526f\u672c_\u7ed3\u679c.webp 1920w, https:\/\/baolongtaisteel.com\/wp-content\/uploads\/2025\/04\/99b469998067fb696525d755c6f35361_\u55e8\u683c\u5f0f\u538b\u7f29\u526f\u672c_\u7ed3\u679c-600x375.webp 600w, https:\/\/baolongtaisteel.com\/wp-content\/uploads\/2025\/04\/99b469998067fb696525d755c6f35361_\u55e8\u683c\u5f0f\u538b\u7f29\u526f\u672c_\u7ed3\u679c-300x188.webp 300w, https:\/\/baolongtaisteel.com\/wp-content\/uploads\/2025\/04\/99b469998067fb696525d755c6f35361_\u55e8\u683c\u5f0f\u538b\u7f29\u526f\u672c_\u7ed3\u679c-1024x640.webp 1024w, https:\/\/baolongtaisteel.com\/wp-content\/uploads\/2025\/04\/99b469998067fb696525d755c6f35361_\u55e8\u683c\u5f0f\u538b\u7f29\u526f\u672c_\u7ed3\u679c-768x480.webp 768w, https:\/\/baolongtaisteel.com\/wp-content\/uploads\/2025\/04\/99b469998067fb696525d755c6f35361_\u55e8\u683c\u5f0f\u538b\u7f29\u526f\u672c_\u7ed3\u679c-1536x960.webp 1536w\" sizes=\"(max-width: 1920px) 100vw, 1920px\" \/><\/strong><\/h2>\n<h2><strong>Propri\u00e9t\u00e9s chimiques<\/strong><\/h2>\n<p><strong>R\u00e9sistance \u00e0 la corrosion :<\/strong><\/p>\n<p>Il s&#039;agit de l&#039;une des propri\u00e9t\u00e9s chimiques les plus importantes des bobines d&#039;acier inoxydable 304. Un film de passivation dense se forme \u00e0 sa surface, emp\u00eachant l&#039;oxyg\u00e8ne, l&#039;eau et d&#039;autres agents corrosifs d&#039;entrer en contact avec la matrice m\u00e9tallique, pr\u00e9venant ainsi efficacement la corrosion. Par exemple, l&#039;acier inoxydable 304 pr\u00e9sente une excellente r\u00e9sistance \u00e0 la corrosion dans des environnements tels que l&#039;atmosph\u00e8re, l&#039;eau et les acides et bases faibles. Il est largement utilis\u00e9 dans les applications exigeant une r\u00e9sistance \u00e0 la rouille et aux dommages chimiques.<\/p>\n<p><strong>Antioxydation :<\/strong><\/p>\n<p>Les bobines en acier inoxydable 304 pr\u00e9sentent une bonne r\u00e9sistance \u00e0 l&#039;oxydation, tant \u00e0 temp\u00e9rature ambiante qu&#039;\u00e0 des temp\u00e9ratures plus \u00e9lev\u00e9es. Elles conviennent donc parfaitement aux environnements expos\u00e9s \u00e0 la chaleur ou \u00e0 des conditions difficiles, sans d\u00e9gradation significative.<\/p>\n<p><strong>Stabilit\u00e9 chimique :<\/strong><\/p>\n<p>En milieu chimique g\u00e9n\u00e9ral, les serpentins en acier inoxydable 304 pr\u00e9sentent une grande stabilit\u00e9 chimique et ne r\u00e9agissent pas avec les produits chimiques courants. Cependant, dans certains milieux fortement corrosifs, tels que l&#039;acide nitrique concentr\u00e9 ou l&#039;acide fluorhydrique, la r\u00e9sistance \u00e0 la corrosion de l&#039;acier inoxydable 304 peut \u00eatre affect\u00e9e.<\/p>\n<p><strong>Passivation:<\/strong><\/p>\n<p>Apr\u00e8s exposition \u00e0 l&#039;air ou traitement de passivation, un film de passivation se forme \u00e0 la surface des bobines d&#039;acier inoxydable 304. Ce film am\u00e9liore la r\u00e9sistance \u00e0 la corrosion et \u00e0 l&#039;oxydation du mat\u00e9riau. Le traitement de passivation consiste g\u00e9n\u00e9ralement \u00e0 immerger la bobine d&#039;acier inoxydable dans une solution contenant un oxydant, tel que l&#039;acide nitrique ou le bichromate de potassium, afin de favoriser la formation et la r\u00e9paration du film de passivation.<\/p>\n<h2><strong><img decoding=\"async\" class=\"alignnone size-full wp-image-210\" src=\"https:\/\/baolongtaisteel.com\/wp-content\/uploads\/2025\/04\/5d3337bb3b87753c145819f18be4bd44_\u55e8\u683c\u5f0f\u538b\u7f29\u526f\u672c_\u7ed3\u679c.webp\" alt=\"\" width=\"1920\" height=\"1200\" srcset=\"https:\/\/baolongtaisteel.com\/wp-content\/uploads\/2025\/04\/5d3337bb3b87753c145819f18be4bd44_\u55e8\u683c\u5f0f\u538b\u7f29\u526f\u672c_\u7ed3\u679c.webp 1920w, https:\/\/baolongtaisteel.com\/wp-content\/uploads\/2025\/04\/5d3337bb3b87753c145819f18be4bd44_\u55e8\u683c\u5f0f\u538b\u7f29\u526f\u672c_\u7ed3\u679c-600x375.webp 600w, https:\/\/baolongtaisteel.com\/wp-content\/uploads\/2025\/04\/5d3337bb3b87753c145819f18be4bd44_\u55e8\u683c\u5f0f\u538b\u7f29\u526f\u672c_\u7ed3\u679c-300x188.webp 300w, https:\/\/baolongtaisteel.com\/wp-content\/uploads\/2025\/04\/5d3337bb3b87753c145819f18be4bd44_\u55e8\u683c\u5f0f\u538b\u7f29\u526f\u672c_\u7ed3\u679c-1024x640.webp 1024w, https:\/\/baolongtaisteel.com\/wp-content\/uploads\/2025\/04\/5d3337bb3b87753c145819f18be4bd44_\u55e8\u683c\u5f0f\u538b\u7f29\u526f\u672c_\u7ed3\u679c-768x480.webp 768w, https:\/\/baolongtaisteel.com\/wp-content\/uploads\/2025\/04\/5d3337bb3b87753c145819f18be4bd44_\u55e8\u683c\u5f0f\u538b\u7f29\u526f\u672c_\u7ed3\u679c-1536x960.webp 1536w\" sizes=\"(max-width: 1920px) 100vw, 1920px\" \/><\/strong><\/h2>\n<h2><strong>Application:<\/strong><\/h2>\n<p data-spm-anchor-id=\"a2ty_o01.29997173.0.i111.1a70c921yaavsG\">Les bobines d&#039;acier inoxydable 304 sont largement utilis\u00e9es dans de nombreux domaines gr\u00e2ce \u00e0 leur excellente r\u00e9sistance \u00e0 la corrosion, leur grande solidit\u00e9 et leurs excellentes performances de mise en \u0153uvre. Dans l&#039;industrie agroalimentaire, elles sont utilis\u00e9es pour la fabrication de machines, de conteneurs et de syst\u00e8mes de convoyage, r\u00e9pondant \u00e0 des normes d&#039;hygi\u00e8ne strictes. Dans le b\u00e2timent et la construction, elles sont utilis\u00e9es pour les toitures, les rev\u00eatements muraux et la d\u00e9coration gr\u00e2ce \u00e0 leur esth\u00e9tique et leur durabilit\u00e9. Dans l&#039;industrie automobile, elles sont utilis\u00e9es pour produire des composants n\u00e9cessitant une r\u00e9sistance \u00e0 la corrosion et aux temp\u00e9ratures \u00e9lev\u00e9es. De plus, dans les secteurs des \u00e9quipements chimiques, de l&#039;\u00e9lectronique et de l&#039;\u00e9lectrom\u00e9nager, les bobines d&#039;acier inoxydable 304 sont indispensables. Elles sont utilis\u00e9es pour la fabrication de r\u00e9acteurs, de vannes, de bo\u00eetiers d&#039;appareils \u00e9lectroniques, etc., s&#039;adaptant parfaitement aux environnements de travail complexes.<\/p>\n<p>&nbsp;<\/p>","protected":false},"excerpt":{"rendered":"<h4 class=\"elementor-heading-title elementor-size-default\" style=\"text-align: center; padding-bottom: 30px;\">Bobine en acier inoxydable 304<\/h4>\n<div>L&#039;acier inoxydable 304 est un mat\u00e9riau haute performance largement utilis\u00e9, offrant une excellente r\u00e9sistance \u00e0 la corrosion et aux hautes temp\u00e9ratures, ainsi que de bonnes performances de mise en \u0153uvre. Sa surface lisse et son \u00e9clat m\u00e9tallique blanc argent\u00e9 permettent d&#039;obtenir des effets vari\u00e9s gr\u00e2ce au polissage, au tr\u00e9filage et \u00e0 d&#039;autres proc\u00e9d\u00e9s. Sa densit\u00e9 est d&#039;environ 7,93 g\/cm\u00b3, son point de fusion atteint 1400-1450 \u00b0C et il pr\u00e9sente une bonne r\u00e9sistance \u00e0 l&#039;oxydation et une bonne stabilit\u00e9 chimique. L&#039;acier inoxydable 304 est largement utilis\u00e9 dans les \u00e9quipements agroalimentaires, la d\u00e9coration int\u00e9rieure, les conteneurs chimiques et les appareils \u00e9lectroniques, r\u00e9pondant \u00e0 des normes d&#039;hygi\u00e8ne strictes et \u00e0 des exigences environnementales complexes. Il constitue un mat\u00e9riau de choix dans les secteurs industriel et civil.<\/div>\n<div>\n<hr class=\"dongte456custom-line\" \/>\n<\/div>\n<div style=\"padding-bottom: 5px;\">Cat\u00e9gorie : bobine en acier inoxydable 304<\/div>\n<div>Mot cl\u00e9 : bobine en acier inoxydable 304<\/div>\n<div>\n<hr \/>\n<\/div>\n<p><img loading=\"lazy\" decoding=\"async\" class=\"alignnone wp-image-257\" src=\"https:\/\/baolongtaisteel.com\/wp-content\/uploads\/2025\/04\/\u7535\u8bdd\u56fe\u6807.jpg\" alt=\"\" width=\"48\" height=\"50\" \/>\u00a0 WhatsApp :<a href=\"https:\/\/api.whatsapp.com\/send?phone=8613963585512\" target=\"_blank\" rel=\"noopener\">\u00a0+8613963585512 <\/a><\/p>\n<div>\n<hr \/>\n<\/div>\n<p><img loading=\"lazy\" decoding=\"async\" class=\"alignnone wp-image-258\" src=\"https:\/\/baolongtaisteel.com\/wp-content\/uploads\/2025\/04\/\u90ae\u7bb1\u56fe\u6807.jpg\" alt=\"\" width=\"48\" height=\"55\" \/>\u00a0\u00a0E-mail : <a href=\"rachel@sdxhjmetal.com\" target=\"_blank\" rel=\"noopener\">\u00a0rachel@sdxhjmetal.com<\/a><\/p>\n<div>\n<hr \/>\n<\/div>\n<h3><\/h3>\n<div class=\"productaddbutton-container\">\n<div class=\"productaddbutton-wrapper\"><a class=\"productaddbutton\" href=\"https:\/\/baolongtaisteel.com\/index.php\/product\/\">Liste des produits<\/a><\/div>\n<div class=\"productaddbutton-wrapper\"><a class=\"productaddbutton\" href=\"#formSectiondongte\">Contactez-nous<\/a><\/div>\n<\/div>\n<div><\/div>","protected":false},"featured_media":195,"comment_status":"open","ping_status":"closed","template":"","meta":[],"product_brand":[],"product_cat":[16],"product_tag":[],"class_list":{"0":"post-112","1":"product","2":"type-product","3":"status-publish","4":"has-post-thumbnail","6":"product_cat-stainless-steel","8":"first","9":"instock","10":"shipping-taxable","11":"product-type-simple"},"_links":{"self":[{"href":"https:\/\/baolongtaisteel.com\/fr\/wp-json\/wp\/v2\/product\/112","targetHints":{"allow":["GET"]}}],"collection":[{"href":"https:\/\/baolongtaisteel.com\/fr\/wp-json\/wp\/v2\/product"}],"about":[{"href":"https:\/\/baolongtaisteel.com\/fr\/wp-json\/wp\/v2\/types\/product"}],"replies":[{"embeddable":true,"href":"https:\/\/baolongtaisteel.com\/fr\/wp-json\/wp\/v2\/comments?post=112"}],"wp:featuredmedia":[{"embeddable":true,"href":"https:\/\/baolongtaisteel.com\/fr\/wp-json\/wp\/v2\/media\/195"}],"wp:attachment":[{"href":"https:\/\/baolongtaisteel.com\/fr\/wp-json\/wp\/v2\/media?parent=112"}],"wp:term":[{"taxonomy":"product_brand","embeddable":true,"href":"https:\/\/baolongtaisteel.com\/fr\/wp-json\/wp\/v2\/product_brand?post=112"},{"taxonomy":"product_cat","embeddable":true,"href":"https:\/\/baolongtaisteel.com\/fr\/wp-json\/wp\/v2\/product_cat?post=112"},{"taxonomy":"product_tag","embeddable":true,"href":"https:\/\/baolongtaisteel.com\/fr\/wp-json\/wp\/v2\/product_tag?post=112"}],"curies":[{"name":"wp","href":"https:\/\/api.w.org\/{rel}","templated":true}]}}