{"id":113,"date":"2025-04-24T14:51:59","date_gmt":"2025-04-24T06:51:59","guid":{"rendered":"https:\/\/baolongtaisteel.com\/?post_type=product&#038;p=113"},"modified":"2025-04-25T13:37:31","modified_gmt":"2025-04-25T05:37:31","slug":"bobine-en-acier-inoxydable-316l","status":"publish","type":"product","link":"https:\/\/baolongtaisteel.com\/fr\/product\/bobine-en-acier-inoxydable-316l\/","title":{"rendered":"Bobine en acier inoxydable 316L"},"content":{"rendered":"<h2>\u00a0 Tableau des d\u00e9tails du produit :<\/h2>\n<table class=\"tg\" style=\"border-collapse: collapse; border-spacing: 0;\">\n<thead>\n<tr>\n<th style=\"background-color: #9b9b9b; color: #ffffff; font-family: Arial, sans-serif; font-size: 14px; font-weight: bold; overflow: hidden; padding: 10px 5px; text-align: center; vertical-align: middle; word-break: normal; border: 1px solid black;\"><span style=\"font-weight: 600;\">Article<\/span><\/th>\n<th style=\"background-color: #9b9b9b; color: #ffffff; font-family: Arial, sans-serif; font-size: 14px; font-weight: bold; overflow: hidden; padding: 10px 5px; text-align: left; vertical-align: middle; word-break: normal; border: 1px solid black;\"><span style=\"font-weight: 600;\">D\u00e9tails<\/span><\/th>\n<\/tr>\n<\/thead>\n<tbody>\n<tr>\n<td style=\"background-color: #fff; font-family: Arial, sans-serif; font-size: 14px; overflow: hidden; padding: 10px 5px; text-align: center; vertical-align: middle; word-break: normal; border: 1px solid black;\"><span style=\"font-weight: 400; color: var(--md-box-samantha-normal-text-color);\">Mod\u00e8le N\u00b0<\/span><\/td>\n<td style=\"background-color: #fff; font-family: Arial, sans-serif; font-size: 14px; overflow: hidden; padding: 10px 5px; text-align: left; vertical-align: middle; word-break: normal; border: 1px solid black;\"><span style=\"font-weight: 400; color: var(--md-box-samantha-normal-text-color);\">201, 304, 316, 321, 309S, 310S, 430<\/span><\/td>\n<\/tr>\n<tr>\n<td style=\"background-color: #efefef; font-family: Arial, sans-serif; font-size: 14px; overflow: hidden; padding: 10px 5px; text-align: center; vertical-align: middle; word-break: normal; border: 1px solid black;\"><span style=\"font-weight: 400; color: var(--md-box-samantha-normal-text-color);\">Grade<\/span><\/td>\n<td style=\"background-color: #efefef; font-family: Arial, sans-serif; font-size: 14px; overflow: hidden; padding: 10px 5px; text-align: left; vertical-align: middle; word-break: normal; border: 1px solid black;\"><span style=\"font-weight: 400; color: var(--md-box-samantha-normal-text-color);\">S\u00e9rie 300<\/span><\/td>\n<\/tr>\n<tr>\n<td style=\"background-color: #fff; font-family: Arial, sans-serif; font-size: 14px; overflow: hidden; padding: 10px 5px; text-align: center; vertical-align: middle; word-break: normal; border: 1px solid black;\"><span style=\"font-weight: 400; color: var(--md-box-samantha-normal-text-color);\">Certification<\/span><\/td>\n<td style=\"background-color: #fff; font-family: Arial, sans-serif; font-size: 14px; overflow: hidden; padding: 10px 5px; text-align: left; vertical-align: middle; word-break: normal; border: 1px solid black;\"><span style=\"font-weight: 400; color: var(--md-box-samantha-normal-text-color);\">ISO, RoHS, IBR, AISI, ASTM, GB, EN, DIN, JIS<\/span><\/td>\n<\/tr>\n<tr>\n<td style=\"background-color: #efefef; font-family: Arial, sans-serif; font-size: 14px; overflow: hidden; padding: 10px 5px; text-align: center; vertical-align: middle; word-break: normal; border: 1px solid black;\"><span style=\"font-weight: 400; color: var(--md-box-samantha-normal-text-color);\">Forme<\/span><\/td>\n<td style=\"background-color: #efefef; font-family: Arial, sans-serif; font-size: 14px; overflow: hidden; padding: 10px 5px; text-align: left; vertical-align: middle; word-break: normal; border: 1px solid black;\"><span style=\"font-weight: 400; color: var(--md-box-samantha-normal-text-color);\">Plat<\/span><\/td>\n<\/tr>\n<tr>\n<td style=\"background-color: #fff; font-family: Arial, sans-serif; font-size: 14px; overflow: hidden; padding: 10px 5px; text-align: center; vertical-align: middle; word-break: normal; border: 1px solid black;\"><span style=\"font-weight: 400; color: var(--md-box-samantha-normal-text-color);\">Technique<\/span><\/td>\n<td style=\"background-color: #fff; font-family: Arial, sans-serif; font-size: 14px; overflow: hidden; padding: 10px 5px; text-align: left; vertical-align: middle; word-break: normal; border: 1px solid black;\"><span style=\"font-weight: 400; color: var(--md-box-samantha-normal-text-color);\">lamin\u00e9 \u00e0 froid<\/span><\/td>\n<\/tr>\n<tr>\n<td style=\"background-color: #efefef; font-family: Arial, sans-serif; font-size: 14px; overflow: hidden; padding: 10px 5px; text-align: center; vertical-align: middle; word-break: normal; border: 1px solid black;\"><span style=\"font-weight: 400; color: var(--md-box-samantha-normal-text-color);\">Nom du produit<\/span><\/td>\n<td style=\"background-color: #efefef; font-family: Arial, sans-serif; font-size: 14px; overflow: hidden; padding: 10px 5px; text-align: left; vertical-align: middle; word-break: normal; border: 1px solid black;\"><span style=\"font-weight: 400; color: var(--md-box-samantha-normal-text-color);\">Bobine en acier inoxydable<\/span><\/td>\n<\/tr>\n<tr>\n<td style=\"background-color: #fff; font-family: Arial, sans-serif; font-size: 14px; overflow: hidden; padding: 10px 5px; text-align: center; vertical-align: middle; word-break: normal; border: 1px solid black;\"><span style=\"font-weight: 400; color: var(--md-box-samantha-normal-text-color);\">Surface<\/span><\/td>\n<td style=\"background-color: #fff; font-family: Arial, sans-serif; font-size: 14px; overflow: hidden; padding: 10px 5px; text-align: left; vertical-align: middle; word-break: normal; border: 1px solid black;\"><span style=\"font-weight: 400; color: var(--md-box-samantha-normal-text-color);\">N\u00b0 1, Ba, 2B, N\u00b0 4, Hl, Sb, en relief<\/span><\/td>\n<\/tr>\n<tr>\n<td style=\"background-color: #efefef; font-family: Arial, sans-serif; font-size: 14px; overflow: hidden; padding: 10px 5px; text-align: center; vertical-align: middle; word-break: normal; border: 1px solid black;\"><span style=\"font-weight: 400; color: var(--md-box-samantha-normal-text-color);\">Emballage d&#039;exportation<\/span><\/td>\n<td style=\"background-color: #efefef; font-family: Arial, sans-serif; font-size: 14px; overflow: hidden; padding: 10px 5px; text-align: left; vertical-align: middle; word-break: normal; border: 1px solid black;\"><span style=\"font-weight: 400; color: var(--md-box-samantha-normal-text-color);\">Emballage maritime standard<\/span><\/td>\n<\/tr>\n<tr>\n<td style=\"background-color: #fff; font-family: Arial, sans-serif; font-size: 14px; overflow: hidden; padding: 10px 5px; text-align: center; vertical-align: middle; word-break: normal; border: 1px solid black;\"><span style=\"font-weight: 400; color: var(--md-box-samantha-normal-text-color);\">Sp\u00e9cifications personnalis\u00e9es<\/span><\/td>\n<td style=\"background-color: #fff; font-family: Arial, sans-serif; font-size: 14px; overflow: hidden; padding: 10px 5px; text-align: left; vertical-align: middle; word-break: normal; border: 1px solid black;\"><span style=\"font-weight: 400; color: var(--md-box-samantha-normal-text-color);\">Selon les exigences du client<\/span><\/td>\n<\/tr>\n<tr>\n<td style=\"background-color: #efefef; font-family: Arial, sans-serif; font-size: 14px; overflow: hidden; padding: 10px 5px; text-align: center; vertical-align: middle; word-break: normal; border: 1px solid black;\"><span style=\"font-weight: 400; color: var(--md-box-samantha-normal-text-color);\">\u00c9chantillon<\/span><\/td>\n<td style=\"background-color: #efefef; font-family: Arial, sans-serif; font-size: 14px; overflow: hidden; padding: 10px 5px; text-align: left; vertical-align: middle; word-break: normal; border: 1px solid black;\"><span style=\"font-weight: 400; color: var(--md-box-samantha-normal-text-color);\">Disponible<\/span><\/td>\n<\/tr>\n<tr>\n<td style=\"background-color: #fff; font-family: Arial, sans-serif; font-size: 14px; overflow: hidden; padding: 10px 5px; text-align: center; vertical-align: middle; word-break: normal; border: 1px solid black;\"><span style=\"font-weight: 400; color: var(--md-box-samantha-normal-text-color);\">D\u00e9lai de livraison<\/span><\/td>\n<td style=\"background-color: #fff; font-family: Arial, sans-serif; font-size: 14px; overflow: hidden; padding: 10px 5px; text-align: left; vertical-align: middle; word-break: normal; border: 1px solid black;\"><span style=\"font-weight: 400; color: var(--md-box-samantha-normal-text-color);\">7 \u00e0 15 jours<\/span><\/td>\n<\/tr>\n<tr>\n<td style=\"background-color: #efefef; font-family: Arial, sans-serif; font-size: 14px; overflow: hidden; padding: 10px 5px; text-align: center; vertical-align: middle; word-break: normal; border: 1px solid black;\"><span style=\"font-weight: 400; color: var(--md-box-samantha-normal-text-color);\">Emballage de transport<\/span><\/td>\n<td style=\"background-color: #efefef; font-family: Arial, sans-serif; font-size: 14px; overflow: hidden; padding: 10px 5px; text-align: left; vertical-align: middle; word-break: normal; border: 1px solid black;\"><span style=\"font-weight: 400; color: var(--md-box-samantha-normal-text-color);\">Emballage maritime standard<\/span><\/td>\n<\/tr>\n<tr>\n<td style=\"background-color: #fff; font-family: Arial, sans-serif; font-size: 14px; overflow: hidden; padding: 10px 5px; text-align: center; vertical-align: middle; word-break: normal; border: 1px solid black;\"><span style=\"font-weight: 400; color: var(--md-box-samantha-normal-text-color);\">Sp\u00e9cification<\/span><\/td>\n<td style=\"background-color: #fff; font-family: Arial, sans-serif; font-size: 14px; overflow: hidden; padding: 10px 5px; text-align: left; vertical-align: middle; word-break: normal; border: 1px solid black;\"><span style=\"font-weight: 400; color: var(--md-box-samantha-normal-text-color);\">Personnalis\u00e9<\/span><\/td>\n<\/tr>\n<tr>\n<td style=\"background-color: #efefef; font-family: Arial, sans-serif; font-size: 14px; overflow: hidden; padding: 10px 5px; text-align: center; vertical-align: middle; word-break: normal; border: 1px solid black;\"><span style=\"font-weight: 400; color: var(--md-box-samantha-normal-text-color);\">Origine<\/span><\/td>\n<td style=\"background-color: #efefef; font-family: Arial, sans-serif; font-size: 14px; overflow: hidden; padding: 10px 5px; text-align: left; vertical-align: middle; word-break: normal; border: 1px solid black;\"><span style=\"font-weight: 400; color: var(--md-box-samantha-normal-text-color);\">Chine<\/span><\/td>\n<\/tr>\n<tr>\n<td style=\"background-color: #fff; font-family: Arial, sans-serif; font-size: 14px; overflow: hidden; padding: 10px 5px; text-align: center; vertical-align: middle; word-break: normal; border: 1px solid black;\"><span style=\"font-weight: 400; color: var(--md-box-samantha-normal-text-color);\">Capacit\u00e9 de production<\/span><\/td>\n<td style=\"background-color: #fff; font-family: Arial, sans-serif; font-size: 14px; overflow: hidden; padding: 10px 5px; text-align: left; vertical-align: middle; word-break: normal; border: 1px solid black;\"><span style=\"font-weight: 400; color: var(--md-box-samantha-normal-text-color);\">100 000 tonnes par mois<\/span><\/td>\n<\/tr>\n<\/tbody>\n<\/table>\n<p>&nbsp;<\/p>\n<h2><img fetchpriority=\"high\" decoding=\"async\" class=\"alignnone size-full wp-image-215\" src=\"https:\/\/baolongtaisteel.com\/wp-content\/uploads\/2025\/04\/d0187cd1ce4a459bb3acc30bc94fa202_\u55e8\u683c\u5f0f\u538b\u7f29\u526f\u672c_\u7ed3\u679c.webp\" alt=\"\" width=\"1918\" height=\"798\" srcset=\"https:\/\/baolongtaisteel.com\/wp-content\/uploads\/2025\/04\/d0187cd1ce4a459bb3acc30bc94fa202_\u55e8\u683c\u5f0f\u538b\u7f29\u526f\u672c_\u7ed3\u679c.webp 1918w, https:\/\/baolongtaisteel.com\/wp-content\/uploads\/2025\/04\/d0187cd1ce4a459bb3acc30bc94fa202_\u55e8\u683c\u5f0f\u538b\u7f29\u526f\u672c_\u7ed3\u679c-600x250.webp 600w, https:\/\/baolongtaisteel.com\/wp-content\/uploads\/2025\/04\/d0187cd1ce4a459bb3acc30bc94fa202_\u55e8\u683c\u5f0f\u538b\u7f29\u526f\u672c_\u7ed3\u679c-300x125.webp 300w, https:\/\/baolongtaisteel.com\/wp-content\/uploads\/2025\/04\/d0187cd1ce4a459bb3acc30bc94fa202_\u55e8\u683c\u5f0f\u538b\u7f29\u526f\u672c_\u7ed3\u679c-1024x426.webp 1024w, https:\/\/baolongtaisteel.com\/wp-content\/uploads\/2025\/04\/d0187cd1ce4a459bb3acc30bc94fa202_\u55e8\u683c\u5f0f\u538b\u7f29\u526f\u672c_\u7ed3\u679c-768x320.webp 768w, https:\/\/baolongtaisteel.com\/wp-content\/uploads\/2025\/04\/d0187cd1ce4a459bb3acc30bc94fa202_\u55e8\u683c\u5f0f\u538b\u7f29\u526f\u672c_\u7ed3\u679c-1536x639.webp 1536w\" sizes=\"(max-width: 1918px) 100vw, 1918px\" \/><\/h2>\n<h2 data-spm-anchor-id=\"a2ty_o01.29997173.0.i118.1a70c921yaavsG\"><strong>Propri\u00e9t\u00e9s physiques et chimiques :<\/strong><\/h2>\n<h3 data-spm-anchor-id=\"a2ty_o01.29997173.0.i118.1a70c921yaavsG\"><strong>Propri\u00e9t\u00e9s physiques<\/strong><\/h3>\n<p data-spm-anchor-id=\"a2ty_o01.29997173.0.i118.1a70c921yaavsG\"><strong>Apparence:<\/strong><\/p>\n<p>Il pr\u00e9sente g\u00e9n\u00e9ralement une couleur m\u00e9tallique blanc argent\u00e9, avec une surface lisse et brillante. Diff\u00e9rents effets de surface peuvent \u00eatre obtenus gr\u00e2ce \u00e0 diff\u00e9rents proc\u00e9d\u00e9s de traitement, tels que le polissage miroir, le brossage, etc. Les bobines d&#039;acier inoxydable 316L sont souvent utilis\u00e9es dans les applications o\u00f9 l&#039;esth\u00e9tique, la r\u00e9sistance \u00e0 la corrosion et l&#039;hygi\u00e8ne sont essentielles.<\/p>\n<p><strong>Densit\u00e9:<\/strong><\/p>\n<p>La densit\u00e9 est g\u00e9n\u00e9ralement d&#039;environ 7,98 g\/cm\u00b3. Par exemple, la densit\u00e9 d&#039;une bobine d&#039;acier inoxydable 316L est d&#039;environ 7,98 g\/cm\u00b3, ce qui est l\u00e9g\u00e8rement sup\u00e9rieur \u00e0 celui de l&#039;acier au carbone ordinaire et comparable \u00e0 celui d&#039;autres aciers inoxydables aust\u00e9nitiques comme le 304.<\/p>\n<p><strong>Point de fusion:<\/strong><\/p>\n<p>Le point de fusion est relativement \u00e9lev\u00e9, g\u00e9n\u00e9ralement compris entre 1\u00a0375 et 1\u00a0450 \u00b0C. Par exemple, l&#039;acier inoxydable 316L a un point de fusion d&#039;environ 1\u00a0399 \u00e0 1\u00a0440 \u00b0C, ce qui le rend adapt\u00e9 \u00e0 une utilisation dans des environnements \u00e0 haute temp\u00e9rature tout en pr\u00e9servant sa stabilit\u00e9.<\/p>\n<p><strong>Coefficient de dilatation thermique :<\/strong><\/p>\n<p>Le coefficient de dilatation thermique est relativement faible. Entre la temp\u00e9rature ambiante et 100 \u00b0C, le coefficient de dilatation thermique de l&#039;acier inoxydable 316L est d&#039;environ 15,9 \u00d7 10\u207b\u2076\/\u00b0C. Cette caract\u00e9ristique lui permet de conserver une bonne stabilit\u00e9 dimensionnelle, m\u00eame dans des environnements soumis \u00e0 d&#039;importantes variations de temp\u00e9rature.<\/p>\n<p><strong>Conductivit\u00e9 thermique :<\/strong><\/p>\n<p>Sa faible conductivit\u00e9 thermique est d&#039;environ 16,2 W\/(m\u00b7K), un coefficient bien inf\u00e9rieur \u00e0 celui du cuivre, de l&#039;aluminium et d&#039;autres m\u00e9taux. Cette propri\u00e9t\u00e9 lui conf\u00e8re des propri\u00e9t\u00e9s d&#039;isolation thermique exceptionnelles, le rendant ainsi adapt\u00e9 \u00e0 des applications industrielles sp\u00e9cifiques.<\/p>\n<p><strong>Conductivit\u00e9 \u00e9lectrique :<\/strong><\/p>\n<p>Il poss\u00e8de une certaine conductivit\u00e9 \u00e9lectrique, mais celle-ci est relativement faible. La conductivit\u00e9 de l&#039;acier inoxydable 316L est d&#039;environ 1,3 \u00d7 10\u2076 S\/m, soit seulement environ 3,81 TP3T de celle du cuivre. Cela limite son utilisation dans les applications \u00e0 haute conductivit\u00e9, mais garantit son ad\u00e9quation aux environnements r\u00e9sistants \u00e0 la corrosion.<\/p>\n<h2><img decoding=\"async\" class=\"alignnone size-full wp-image-213\" src=\"https:\/\/baolongtaisteel.com\/wp-content\/uploads\/2025\/04\/b595455fafbf260a8dedbc5fdc7ee51c_\u55e8\u683c\u5f0f\u538b\u7f29\u526f\u672c_\u7ed3\u679c.webp\" alt=\"\" width=\"1918\" height=\"798\" srcset=\"https:\/\/baolongtaisteel.com\/wp-content\/uploads\/2025\/04\/b595455fafbf260a8dedbc5fdc7ee51c_\u55e8\u683c\u5f0f\u538b\u7f29\u526f\u672c_\u7ed3\u679c.webp 1918w, https:\/\/baolongtaisteel.com\/wp-content\/uploads\/2025\/04\/b595455fafbf260a8dedbc5fdc7ee51c_\u55e8\u683c\u5f0f\u538b\u7f29\u526f\u672c_\u7ed3\u679c-600x250.webp 600w, https:\/\/baolongtaisteel.com\/wp-content\/uploads\/2025\/04\/b595455fafbf260a8dedbc5fdc7ee51c_\u55e8\u683c\u5f0f\u538b\u7f29\u526f\u672c_\u7ed3\u679c-300x125.webp 300w, https:\/\/baolongtaisteel.com\/wp-content\/uploads\/2025\/04\/b595455fafbf260a8dedbc5fdc7ee51c_\u55e8\u683c\u5f0f\u538b\u7f29\u526f\u672c_\u7ed3\u679c-1024x426.webp 1024w, https:\/\/baolongtaisteel.com\/wp-content\/uploads\/2025\/04\/b595455fafbf260a8dedbc5fdc7ee51c_\u55e8\u683c\u5f0f\u538b\u7f29\u526f\u672c_\u7ed3\u679c-768x320.webp 768w, https:\/\/baolongtaisteel.com\/wp-content\/uploads\/2025\/04\/b595455fafbf260a8dedbc5fdc7ee51c_\u55e8\u683c\u5f0f\u538b\u7f29\u526f\u672c_\u7ed3\u679c-1536x639.webp 1536w\" sizes=\"(max-width: 1918px) 100vw, 1918px\" \/><\/h2>\n<h3><strong>Propri\u00e9t\u00e9s chimiques<\/strong><\/h3>\n<p><strong>R\u00e9sistance \u00e0 la corrosion :<\/strong><\/p>\n<p>Il s&#039;agit de l&#039;une des propri\u00e9t\u00e9s chimiques les plus importantes des bobines en acier inoxydable 316L. Gr\u00e2ce \u00e0 sa faible teneur en carbone (moins de 0,03%), il forme un film de passivation dense \u00e0 sa surface, emp\u00eachant l&#039;oxyg\u00e8ne, l&#039;eau et d&#039;autres agents corrosifs d&#039;entrer en contact avec la matrice m\u00e9tallique. Il pr\u00e9sente une excellente r\u00e9sistance \u00e0 la corrosion par piq\u00fbres et caverneuse, notamment dans les environnements riches en chlorures. Par exemple, l&#039;acier inoxydable 316L est tr\u00e8s r\u00e9sistant \u00e0 la corrosion en milieu marin, dans les usines de traitement chimique et dans les zones expos\u00e9es aux chlorures.<\/p>\n<p><strong>Antioxydation :<\/strong><\/p>\n<p>Les serpentins en acier inoxydable 316L pr\u00e9sentent une bonne r\u00e9sistance \u00e0 l&#039;oxydation, tant \u00e0 temp\u00e9rature ambiante qu&#039;\u00e0 haute temp\u00e9rature. Ils supportent une exposition prolong\u00e9e \u00e0 des temp\u00e9ratures \u00e9lev\u00e9es sans oxydation significative, ce qui les rend adapt\u00e9s aux applications dans les \u00e9changeurs de chaleur, les composants de fours et les syst\u00e8mes d&#039;\u00e9chappement.<\/p>\n<p><strong>Stabilit\u00e9 chimique :<\/strong><\/p>\n<p>En milieu chimique g\u00e9n\u00e9ral, les serpentins en acier inoxydable 316L pr\u00e9sentent une grande stabilit\u00e9 chimique et ne r\u00e9agissent pas facilement avec les produits chimiques courants. Cependant, dans certains milieux fortement corrosifs, tels que l&#039;acide chlorhydrique ou l&#039;acide sulfurique \u00e0 fortes concentrations, leur r\u00e9sistance \u00e0 la corrosion peut \u00eatre compromise. Un choix judicieux de la nuance de mat\u00e9riau est essentiel pour ces environnements.<\/p>\n<p><strong>Passivation:<\/strong><\/p>\n<p>Apr\u00e8s exposition \u00e0 l&#039;air ou apr\u00e8s un traitement de passivation, un film de passivation dense se forme \u00e0 la surface des bobines en acier inoxydable 316L. Ce film de passivation am\u00e9liore la r\u00e9sistance \u00e0 la corrosion et \u00e0 l&#039;oxydation. Le traitement de passivation consiste g\u00e9n\u00e9ralement \u00e0 immerger la bobine en acier inoxydable dans une solution contenant un oxydant, tel que l&#039;acide nitrique ou l&#039;acide citrique, afin de favoriser la formation et la r\u00e9paration de la couche protectrice.<\/p>\n<h2><img decoding=\"async\" class=\"alignnone size-full wp-image-214\" src=\"https:\/\/baolongtaisteel.com\/wp-content\/uploads\/2025\/04\/bce43220172ffa3885c6d1015add1ec4_\u55e8\u683c\u5f0f\u538b\u7f29\u526f\u672c_\u7ed3\u679c.webp\" alt=\"\" width=\"1918\" height=\"798\" srcset=\"https:\/\/baolongtaisteel.com\/wp-content\/uploads\/2025\/04\/bce43220172ffa3885c6d1015add1ec4_\u55e8\u683c\u5f0f\u538b\u7f29\u526f\u672c_\u7ed3\u679c.webp 1918w, https:\/\/baolongtaisteel.com\/wp-content\/uploads\/2025\/04\/bce43220172ffa3885c6d1015add1ec4_\u55e8\u683c\u5f0f\u538b\u7f29\u526f\u672c_\u7ed3\u679c-600x250.webp 600w, https:\/\/baolongtaisteel.com\/wp-content\/uploads\/2025\/04\/bce43220172ffa3885c6d1015add1ec4_\u55e8\u683c\u5f0f\u538b\u7f29\u526f\u672c_\u7ed3\u679c-300x125.webp 300w, https:\/\/baolongtaisteel.com\/wp-content\/uploads\/2025\/04\/bce43220172ffa3885c6d1015add1ec4_\u55e8\u683c\u5f0f\u538b\u7f29\u526f\u672c_\u7ed3\u679c-1024x426.webp 1024w, https:\/\/baolongtaisteel.com\/wp-content\/uploads\/2025\/04\/bce43220172ffa3885c6d1015add1ec4_\u55e8\u683c\u5f0f\u538b\u7f29\u526f\u672c_\u7ed3\u679c-768x320.webp 768w, https:\/\/baolongtaisteel.com\/wp-content\/uploads\/2025\/04\/bce43220172ffa3885c6d1015add1ec4_\u55e8\u683c\u5f0f\u538b\u7f29\u526f\u672c_\u7ed3\u679c-1536x639.webp 1536w\" sizes=\"(max-width: 1918px) 100vw, 1918px\" \/><\/h2>\n<h2><strong>Application:<\/strong><\/h2>\n<p data-spm-anchor-id=\"a2ty_o01.29997173.0.i117.1a70c921yaavsG\">Les bobines en acier inoxydable 316L sont largement utilis\u00e9es dans de nombreux domaines gr\u00e2ce \u00e0 leur excellente r\u00e9sistance \u00e0 la corrosion, leur grande r\u00e9sistance et leur bonne formabilit\u00e9. Dans l&#039;industrie m\u00e9dicale, elles sont utilis\u00e9es pour la fabrication d&#039;instruments chirurgicaux, d&#039;implants et d&#039;\u00e9quipements pharmaceutiques, garantissant ainsi leur biocompatibilit\u00e9 et leur st\u00e9rilit\u00e9. Dans l&#039;industrie agroalimentaire, elles sont utilis\u00e9es pour produire des surfaces hygi\u00e9niques, des r\u00e9servoirs de stockage et des syst\u00e8mes de convoyage, r\u00e9pondant \u00e0 des normes d&#039;hygi\u00e8ne strictes. En milieu marin, elles sont utilis\u00e9es pour la construction navale, les plateformes offshore et les usines de dessalement d&#039;eau de mer gr\u00e2ce \u00e0 leur r\u00e9sistance \u00e0 la corrosion induite par les chlorures. De plus, dans les industries chimique et p\u00e9trochimique, les bobines en acier inoxydable 316L sont indispensables \u00e0 la fabrication de r\u00e9acteurs, d&#039;\u00e9changeurs de chaleur, de vannes et de pipelines. Leur capacit\u00e9 d&#039;adaptation \u00e0 des conditions de travail complexes en fait un choix privil\u00e9gi\u00e9 dans de nombreux secteurs.<\/p>","protected":false},"excerpt":{"rendered":"<h4 class=\"elementor-heading-title elementor-size-default\" style=\"text-align: center; padding-bottom: 30px;\">Bobine en acier inoxydable 316L<\/h4>\n<div>L&#039;acier inoxydable 316L est un acier inoxydable aust\u00e9nitique \u00e0 faible teneur en carbone offrant une excellente r\u00e9sistance \u00e0 la corrosion, aux hautes temp\u00e9ratures et \u00e0 l&#039;\u00e9rosion par les chlorures. Sa surface lisse peut \u00eatre polie ou bross\u00e9e selon les besoins, ce qui lui conf\u00e8re esth\u00e9tique et hygi\u00e8ne. Largement utilis\u00e9 dans l&#039;industrie chimique, la construction navale, l&#039;agroalimentaire, les \u00e9quipements m\u00e9dicaux et d&#039;autres secteurs, il est particuli\u00e8rement adapt\u00e9 aux environnements hautement corrosifs. Sa faible teneur en carbone (inf\u00e9rieure \u00e0 0,031 TP3T) am\u00e9liore les performances de soudage et la r\u00e9sistance \u00e0 la corrosion intergranulaire, ce qui en fait un choix id\u00e9al pour les environnements industriels difficiles.<\/div>\n<div>\n<hr class=\"dongte456custom-line\" \/>\n<\/div>\n<div style=\"padding-bottom: 5px;\">Cat\u00e9gorie : Bobine en acier inoxydable 316L<\/div>\n<div>Mot cl\u00e9 : bobine en acier inoxydable 316L<\/div>\n<div>\n<hr \/>\n<\/div>\n<p><img loading=\"lazy\" decoding=\"async\" class=\"alignnone wp-image-257\" src=\"https:\/\/baolongtaisteel.com\/wp-content\/uploads\/2025\/04\/\u7535\u8bdd\u56fe\u6807.jpg\" alt=\"\" width=\"48\" height=\"50\" \/>\u00a0 WhatsApp :<a href=\"https:\/\/api.whatsapp.com\/send?phone=8613963585512\" target=\"_blank\" rel=\"noopener\">\u00a0+8613963585512 <\/a><\/p>\n<div>\n<hr \/>\n<\/div>\n<p><img loading=\"lazy\" decoding=\"async\" class=\"alignnone wp-image-258\" src=\"https:\/\/baolongtaisteel.com\/wp-content\/uploads\/2025\/04\/\u90ae\u7bb1\u56fe\u6807.jpg\" alt=\"\" width=\"48\" height=\"55\" \/>\u00a0\u00a0E-mail : <a href=\"rachel@sdxhjmetal.com\" target=\"_blank\" rel=\"noopener\">\u00a0rachel@sdxhjmetal.com<\/a><\/p>\n<div>\n<hr \/>\n<\/div>\n<h3><\/h3>\n<div class=\"productaddbutton-container\">\n<div class=\"productaddbutton-wrapper\"><a class=\"productaddbutton\" href=\"https:\/\/baolongtaisteel.com\/index.php\/product\/\">Liste des produits<\/a><\/div>\n<div class=\"productaddbutton-wrapper\"><a class=\"productaddbutton\" href=\"#formSectiondongte\">Contactez-nous<\/a><\/div>\n<\/div>\n<div><\/div>","protected":false},"featured_media":204,"comment_status":"open","ping_status":"closed","template":"","meta":[],"product_brand":[],"product_cat":[16],"product_tag":[],"class_list":{"0":"post-113","1":"product","2":"type-product","3":"status-publish","4":"has-post-thumbnail","6":"product_cat-stainless-steel","8":"first","9":"instock","10":"shipping-taxable","11":"product-type-simple"},"_links":{"self":[{"href":"https:\/\/baolongtaisteel.com\/fr\/wp-json\/wp\/v2\/product\/113","targetHints":{"allow":["GET"]}}],"collection":[{"href":"https:\/\/baolongtaisteel.com\/fr\/wp-json\/wp\/v2\/product"}],"about":[{"href":"https:\/\/baolongtaisteel.com\/fr\/wp-json\/wp\/v2\/types\/product"}],"replies":[{"embeddable":true,"href":"https:\/\/baolongtaisteel.com\/fr\/wp-json\/wp\/v2\/comments?post=113"}],"wp:featuredmedia":[{"embeddable":true,"href":"https:\/\/baolongtaisteel.com\/fr\/wp-json\/wp\/v2\/media\/204"}],"wp:attachment":[{"href":"https:\/\/baolongtaisteel.com\/fr\/wp-json\/wp\/v2\/media?parent=113"}],"wp:term":[{"taxonomy":"product_brand","embeddable":true,"href":"https:\/\/baolongtaisteel.com\/fr\/wp-json\/wp\/v2\/product_brand?post=113"},{"taxonomy":"product_cat","embeddable":true,"href":"https:\/\/baolongtaisteel.com\/fr\/wp-json\/wp\/v2\/product_cat?post=113"},{"taxonomy":"product_tag","embeddable":true,"href":"https:\/\/baolongtaisteel.com\/fr\/wp-json\/wp\/v2\/product_tag?post=113"}],"curies":[{"name":"wp","href":"https:\/\/api.w.org\/{rel}","templated":true}]}}