{"id":119,"date":"2025-04-27T15:04:58","date_gmt":"2025-04-27T07:04:58","guid":{"rendered":"https:\/\/baolongtaisteel.com\/?post_type=product&#038;p=119"},"modified":"2025-04-27T15:20:09","modified_gmt":"2025-04-27T07:20:09","slug":"tube-en-acier-au-carbone-astm-a106","status":"publish","type":"product","link":"https:\/\/baolongtaisteel.com\/fr\/product\/tube-en-acier-au-carbone-astm-a106\/","title":{"rendered":"Tube en acier au carbone ASTM A106"},"content":{"rendered":"<h2 data-spm-anchor-id=\"a2ty_o01.29997173.0.i153.1a70c921yaavsG\">Tableau des d\u00e9tails du produit :<\/h2>\n<table class=\"tg\" style=\"border-collapse: collapse; border-spacing: 0;\">\n<thead>\n<tr>\n<th style=\"background-color: #9b9b9b; color: #ffffff; font-family: Arial, sans-serif; font-size: 14px; font-weight: bold; overflow: hidden; padding: 10px 5px; text-align: center; vertical-align: middle; word-break: normal; border: 1px solid black;\"><span style=\"font-weight: 600;\">Article<\/span><\/th>\n<th style=\"background-color: #9b9b9b; color: #ffffff; font-family: Arial, sans-serif; font-size: 14px; font-weight: bold; overflow: hidden; padding: 10px 5px; text-align: left; vertical-align: middle; word-break: normal; border: 1px solid black;\"><span style=\"font-weight: 600;\">D\u00e9tails<\/span><\/th>\n<\/tr>\n<\/thead>\n<tbody>\n<tr>\n<td style=\"background-color: #fff; font-family: Arial, sans-serif; font-size: 14px; overflow: hidden; padding: 10px 5px; text-align: center; vertical-align: middle; word-break: normal; border: 1px solid black;\"><span style=\"font-weight: 400; color: var(--md-box-samantha-normal-text-color);\">Mod\u00e8le N\u00b0<\/span><\/td>\n<td style=\"background-color: #fff; font-family: Arial, sans-serif; font-size: 14px; overflow: hidden; padding: 10px 5px; text-align: left; vertical-align: middle; word-break: normal; border: 1px solid black;\"><span style=\"font-weight: 400; color: var(--md-box-samantha-normal-text-color);\">Tube en acier au carbone sans soudure ASTM A106 Gr. B<\/span><\/td>\n<\/tr>\n<tr>\n<td style=\"background-color: #efefef; font-family: Arial, sans-serif; font-size: 14px; overflow: hidden; padding: 10px 5px; text-align: center; vertical-align: middle; word-break: normal; border: 1px solid black;\"><span style=\"font-weight: 400; color: var(--md-box-samantha-normal-text-color);\">Longueur du tuyau<\/span><\/td>\n<td style=\"background-color: #efefef; font-family: Arial, sans-serif; font-size: 14px; overflow: hidden; padding: 10px 5px; text-align: left; vertical-align: middle; word-break: normal; border: 1px solid black;\"><span style=\"font-weight: 400; color: var(--md-box-samantha-normal-text-color);\">1 \u00e0 12 m ou selon les besoins<\/span><\/td>\n<\/tr>\n<tr>\n<td style=\"background-color: #fff; font-family: Arial, sans-serif; font-size: 14px; overflow: hidden; padding: 10px 5px; text-align: center; vertical-align: middle; word-break: normal; border: 1px solid black;\"><span style=\"font-weight: 400; color: var(--md-box-samantha-normal-text-color);\">Finition de surface<\/span><\/td>\n<td style=\"background-color: #fff; font-family: Arial, sans-serif; font-size: 14px; overflow: hidden; padding: 10px 5px; text-align: left; vertical-align: middle; word-break: normal; border: 1px solid black;\"><span style=\"font-weight: 400; color: var(--md-box-samantha-normal-text-color);\">Noir ou peint<\/span><\/td>\n<\/tr>\n<tr>\n<td style=\"background-color: #efefef; font-family: Arial, sans-serif; font-size: 14px; overflow: hidden; padding: 10px 5px; text-align: center; vertical-align: middle; word-break: normal; border: 1px solid black;\"><span style=\"font-weight: 400; color: var(--md-box-samantha-normal-text-color);\">Nom du produit<\/span><\/td>\n<td style=\"background-color: #efefef; font-family: Arial, sans-serif; font-size: 14px; overflow: hidden; padding: 10px 5px; text-align: left; vertical-align: middle; word-break: normal; border: 1px solid black;\"><span style=\"font-weight: 400; color: var(--md-box-samantha-normal-text-color);\">Tubes en acier au carbone sans soudure<\/span><\/td>\n<\/tr>\n<tr>\n<td style=\"background-color: #fff; font-family: Arial, sans-serif; font-size: 14px; overflow: hidden; padding: 10px 5px; text-align: center; vertical-align: middle; word-break: normal; border: 1px solid black;\"><span style=\"font-weight: 400; color: var(--md-box-samantha-normal-text-color);\">Qualit\u00e9 du mat\u00e9riau<\/span><\/td>\n<td style=\"background-color: #fff; font-family: Arial, sans-serif; font-size: 14px; overflow: hidden; padding: 10px 5px; text-align: left; vertical-align: middle; word-break: normal; border: 1px solid black;\"><span style=\"font-weight: 400; color: var(--md-box-samantha-normal-text-color);\">ASTM A106 Grb<\/span><\/td>\n<\/tr>\n<tr>\n<td style=\"background-color: #efefef; font-family: Arial, sans-serif; font-size: 14px; overflow: hidden; padding: 10px 5px; text-align: center; vertical-align: middle; word-break: normal; border: 1px solid black;\"><span style=\"font-weight: 400; color: var(--md-box-samantha-normal-text-color);\">Taper<\/span><\/td>\n<td style=\"background-color: #efefef; font-family: Arial, sans-serif; font-size: 14px; overflow: hidden; padding: 10px 5px; text-align: left; vertical-align: middle; word-break: normal; border: 1px solid black;\"><span style=\"font-weight: 400; color: var(--md-box-samantha-normal-text-color);\">lamin\u00e9 \u00e0 chaud<\/span><\/td>\n<\/tr>\n<tr>\n<td style=\"background-color: #fff; font-family: Arial, sans-serif; font-size: 14px; overflow: hidden; padding: 10px 5px; text-align: center; vertical-align: middle; word-break: normal; border: 1px solid black;\"><span style=\"font-weight: 400; color: var(--md-box-samantha-normal-text-color);\">Fin<\/span><\/td>\n<td style=\"background-color: #fff; font-family: Arial, sans-serif; font-size: 14px; overflow: hidden; padding: 10px 5px; text-align: left; vertical-align: middle; word-break: normal; border: 1px solid black;\"><span style=\"font-weight: 400; color: var(--md-box-samantha-normal-text-color);\">Plaine, biseaut\u00e9e, carr\u00e9e<\/span><\/td>\n<\/tr>\n<tr>\n<td style=\"background-color: #efefef; font-family: Arial, sans-serif; font-size: 14px; overflow: hidden; padding: 10px 5px; text-align: center; vertical-align: middle; word-break: normal; border: 1px solid black;\"><span style=\"font-weight: 400; color: var(--md-box-samantha-normal-text-color);\">Surface<\/span><\/td>\n<td style=\"background-color: #efefef; font-family: Arial, sans-serif; font-size: 14px; overflow: hidden; padding: 10px 5px; text-align: left; vertical-align: middle; word-break: normal; border: 1px solid black;\"><span style=\"font-weight: 400; color: var(--md-box-samantha-normal-text-color);\">Noir, brillant, galvanis\u00e9, peint<\/span><\/td>\n<\/tr>\n<tr>\n<td style=\"background-color: #fff; font-family: Arial, sans-serif; font-size: 14px; overflow: hidden; padding: 10px 5px; text-align: center; vertical-align: middle; word-break: normal; border: 1px solid black;\"><span style=\"font-weight: 400; color: var(--md-box-samantha-normal-text-color);\">D\u00e9lai de livraison<\/span><\/td>\n<td style=\"background-color: #fff; font-family: Arial, sans-serif; font-size: 14px; overflow: hidden; padding: 10px 5px; text-align: left; vertical-align: middle; word-break: normal; border: 1px solid black;\"><span style=\"font-weight: 400; color: var(--md-box-samantha-normal-text-color);\">15 \u00e0 21 jours<\/span><\/td>\n<\/tr>\n<tr>\n<td style=\"background-color: #efefef; font-family: Arial, sans-serif; font-size: 14px; overflow: hidden; padding: 10px 5px; text-align: center; vertical-align: middle; word-break: normal; border: 1px solid black;\"><span style=\"font-weight: 400; color: var(--md-box-samantha-normal-text-color);\">Longueur<\/span><\/td>\n<td style=\"background-color: #efefef; font-family: Arial, sans-serif; font-size: 14px; overflow: hidden; padding: 10px 5px; text-align: left; vertical-align: middle; word-break: normal; border: 1px solid black;\"><span style=\"font-weight: 400; color: var(--md-box-samantha-normal-text-color);\">6 m<\/span><\/td>\n<\/tr>\n<tr>\n<td style=\"background-color: #fff; font-family: Arial, sans-serif; font-size: 14px; overflow: hidden; padding: 10px 5px; text-align: center; vertical-align: middle; word-break: normal; border: 1px solid black;\"><span style=\"font-weight: 400; color: var(--md-box-samantha-normal-text-color);\">Mat\u00e9riel<\/span><\/td>\n<td style=\"background-color: #fff; font-family: Arial, sans-serif; font-size: 14px; overflow: hidden; padding: 10px 5px; text-align: left; vertical-align: middle; word-break: normal; border: 1px solid black;\"><span style=\"font-weight: 400; color: var(--md-box-samantha-normal-text-color);\">10#, 20#, 45#, 16mn<\/span><\/td>\n<\/tr>\n<tr>\n<td style=\"background-color: #efefef; font-family: Arial, sans-serif; font-size: 14px; overflow: hidden; padding: 10px 5px; text-align: center; vertical-align: middle; word-break: normal; border: 1px solid black;\"><span style=\"font-weight: 400; color: var(--md-box-samantha-normal-text-color);\">Technologie<\/span><\/td>\n<td style=\"background-color: #efefef; font-family: Arial, sans-serif; font-size: 14px; overflow: hidden; padding: 10px 5px; text-align: left; vertical-align: middle; word-break: normal; border: 1px solid black;\"><span style=\"font-weight: 400; color: var(--md-box-samantha-normal-text-color);\">lamin\u00e9 \u00e0 chaud sans soudure<\/span><\/td>\n<\/tr>\n<tr>\n<td style=\"background-color: #fff; font-family: Arial, sans-serif; font-size: 14px; overflow: hidden; padding: 10px 5px; text-align: center; vertical-align: middle; word-break: normal; border: 1px solid black;\"><span style=\"font-weight: 400; color: var(--md-box-samantha-normal-text-color);\">\u00c9paisseur de paroi<\/span><\/td>\n<td style=\"background-color: #fff; font-family: Arial, sans-serif; font-size: 14px; overflow: hidden; padding: 10px 5px; text-align: left; vertical-align: middle; word-break: normal; border: 1px solid black;\"><span style=\"font-weight: 400; color: var(--md-box-samantha-normal-text-color);\">6 mm \u2013 70 mm<\/span><\/td>\n<\/tr>\n<tr>\n<td style=\"background-color: #efefef; font-family: Arial, sans-serif; font-size: 14px; overflow: hidden; padding: 10px 5px; text-align: center; vertical-align: middle; word-break: normal; border: 1px solid black;\"><span style=\"font-weight: 400; color: var(--md-box-samantha-normal-text-color);\">Forfait transport<\/span><\/td>\n<td style=\"background-color: #efefef; font-family: Arial, sans-serif; font-size: 14px; overflow: hidden; padding: 10px 5px; text-align: left; vertical-align: middle; word-break: normal; border: 1px solid black;\"><span style=\"font-weight: 400; color: var(--md-box-samantha-normal-text-color);\">Forfait navigable standard<\/span><\/td>\n<\/tr>\n<tr>\n<td style=\"background-color: #fff; font-family: Arial, sans-serif; font-size: 14px; overflow: hidden; padding: 10px 5px; text-align: center; vertical-align: middle; word-break: normal; border: 1px solid black;\"><span style=\"font-weight: 400; color: var(--md-box-samantha-normal-text-color);\">Sp\u00e9cification<\/span><\/td>\n<td style=\"background-color: #fff; font-family: Arial, sans-serif; font-size: 14px; overflow: hidden; padding: 10px 5px; text-align: left; vertical-align: middle; word-break: normal; border: 1px solid black;\"><span style=\"font-weight: 400; color: var(--md-box-samantha-normal-text-color);\">DN40 \u2013 500<\/span><\/td>\n<\/tr>\n<tr>\n<td style=\"background-color: #efefef; font-family: Arial, sans-serif; font-size: 14px; overflow: hidden; padding: 10px 5px; text-align: center; vertical-align: middle; word-break: normal; border: 1px solid black;\"><span style=\"font-weight: 400; color: var(--md-box-samantha-normal-text-color);\">Origine<\/span><\/td>\n<td style=\"background-color: #efefef; font-family: Arial, sans-serif; font-size: 14px; overflow: hidden; padding: 10px 5px; text-align: left; vertical-align: middle; word-break: normal; border: 1px solid black;\"><span style=\"font-weight: 400; color: var(--md-box-samantha-normal-text-color);\">Chine<\/span><\/td>\n<\/tr>\n<tr>\n<td style=\"background-color: #fff; font-family: Arial, sans-serif; font-size: 14px; overflow: hidden; padding: 10px 5px; text-align: center; vertical-align: middle; word-break: normal; border: 1px solid black;\"><span style=\"font-weight: 400; color: var(--md-box-samantha-normal-text-color);\">Capacit\u00e9 de production<\/span><\/td>\n<td style=\"background-color: #fff; font-family: Arial, sans-serif; font-size: 14px; overflow: hidden; padding: 10px 5px; text-align: left; vertical-align: middle; word-break: normal; border: 1px solid black;\"><span style=\"font-weight: 400; color: var(--md-box-samantha-normal-text-color);\">50 000 tonnes par an<\/span><\/td>\n<\/tr>\n<\/tbody>\n<\/table>\n<h2><strong><img fetchpriority=\"high\" decoding=\"async\" class=\"alignnone size-full wp-image-308\" src=\"https:\/\/baolongtaisteel.com\/wp-content\/uploads\/2025\/04\/171c0756c04f400fdfe4c1a90eb5960c_\u55e8\u683c\u5f0f\u538b\u7f29\u526f\u672c_\u7ed3\u679c.webp\" alt=\"\" width=\"1917\" height=\"706\" srcset=\"https:\/\/baolongtaisteel.com\/wp-content\/uploads\/2025\/04\/171c0756c04f400fdfe4c1a90eb5960c_\u55e8\u683c\u5f0f\u538b\u7f29\u526f\u672c_\u7ed3\u679c.webp 1917w, https:\/\/baolongtaisteel.com\/wp-content\/uploads\/2025\/04\/171c0756c04f400fdfe4c1a90eb5960c_\u55e8\u683c\u5f0f\u538b\u7f29\u526f\u672c_\u7ed3\u679c-600x221.webp 600w, https:\/\/baolongtaisteel.com\/wp-content\/uploads\/2025\/04\/171c0756c04f400fdfe4c1a90eb5960c_\u55e8\u683c\u5f0f\u538b\u7f29\u526f\u672c_\u7ed3\u679c-300x110.webp 300w, https:\/\/baolongtaisteel.com\/wp-content\/uploads\/2025\/04\/171c0756c04f400fdfe4c1a90eb5960c_\u55e8\u683c\u5f0f\u538b\u7f29\u526f\u672c_\u7ed3\u679c-1024x377.webp 1024w, https:\/\/baolongtaisteel.com\/wp-content\/uploads\/2025\/04\/171c0756c04f400fdfe4c1a90eb5960c_\u55e8\u683c\u5f0f\u538b\u7f29\u526f\u672c_\u7ed3\u679c-768x283.webp 768w, https:\/\/baolongtaisteel.com\/wp-content\/uploads\/2025\/04\/171c0756c04f400fdfe4c1a90eb5960c_\u55e8\u683c\u5f0f\u538b\u7f29\u526f\u672c_\u7ed3\u679c-1536x566.webp 1536w\" sizes=\"(max-width: 1917px) 100vw, 1917px\" \/> \u00a0Propri\u00e9t\u00e9s physiques et chimiques :<\/strong><\/h2>\n<h3><strong>Propri\u00e9t\u00e9s physiques<\/strong><\/h3>\n<h4><strong>Apparence:<\/strong><\/h4>\n<p>Les tubes en acier au carbone ASTM A106 pr\u00e9sentent g\u00e9n\u00e9ralement un aspect gris m\u00e9tallique ou noir, avec une finition de surface lisse. La surface peut \u00eatre trait\u00e9e de diff\u00e9rentes mani\u00e8res, comme la galvanisation, la peinture ou le rev\u00eatement, pour am\u00e9liorer la r\u00e9sistance \u00e0 la corrosion et l&#039;esth\u00e9tique.<\/p>\n<p><strong>Densit\u00e9:<\/strong><\/p>\n<p>La densit\u00e9 de l&#039;acier au carbone ASTM A106 est d&#039;environ 7,85 g\/cm\u00b3, soit l\u00e9g\u00e8rement sup\u00e9rieure \u00e0 celle de l&#039;acier inoxydable. Cela en fait un mat\u00e9riau dense et robuste, adapt\u00e9 aux applications haute pression.<\/p>\n<p><strong>Point de fusion:<\/strong><\/p>\n<p>Le point de fusion de l&#039;acier au carbone est relativement \u00e9lev\u00e9, g\u00e9n\u00e9ralement compris entre 1\u00a0425 et 1\u00a0540 \u00b0C. Ce point de fusion \u00e9lev\u00e9 garantit l&#039;int\u00e9grit\u00e9 structurelle des tubes ASTM A106 dans les environnements \u00e0 haute temp\u00e9rature, ce qui les rend id\u00e9aux pour une utilisation dans les centrales \u00e9lectriques et les raffineries.<\/p>\n<h2><strong><img decoding=\"async\" class=\"wp-image-303 alignleft\" src=\"https:\/\/baolongtaisteel.com\/wp-content\/uploads\/2025\/04\/1\u9875\u9762\u7f29\u7565\u56fe_0006_\u56fe\u5c42-1_\u55e8\u683c\u5f0f\u538b\u7f29\u526f\u672c_\u7ed3\u679c.webp\" alt=\"\" width=\"669\" height=\"446\" srcset=\"https:\/\/baolongtaisteel.com\/wp-content\/uploads\/2025\/04\/1\u9875\u9762\u7f29\u7565\u56fe_0006_\u56fe\u5c42-1_\u55e8\u683c\u5f0f\u538b\u7f29\u526f\u672c_\u7ed3\u679c.webp 1920w, https:\/\/baolongtaisteel.com\/wp-content\/uploads\/2025\/04\/1\u9875\u9762\u7f29\u7565\u56fe_0006_\u56fe\u5c42-1_\u55e8\u683c\u5f0f\u538b\u7f29\u526f\u672c_\u7ed3\u679c-600x400.webp 600w, https:\/\/baolongtaisteel.com\/wp-content\/uploads\/2025\/04\/1\u9875\u9762\u7f29\u7565\u56fe_0006_\u56fe\u5c42-1_\u55e8\u683c\u5f0f\u538b\u7f29\u526f\u672c_\u7ed3\u679c-300x200.webp 300w, https:\/\/baolongtaisteel.com\/wp-content\/uploads\/2025\/04\/1\u9875\u9762\u7f29\u7565\u56fe_0006_\u56fe\u5c42-1_\u55e8\u683c\u5f0f\u538b\u7f29\u526f\u672c_\u7ed3\u679c-1024x683.webp 1024w, https:\/\/baolongtaisteel.com\/wp-content\/uploads\/2025\/04\/1\u9875\u9762\u7f29\u7565\u56fe_0006_\u56fe\u5c42-1_\u55e8\u683c\u5f0f\u538b\u7f29\u526f\u672c_\u7ed3\u679c-768x512.webp 768w, https:\/\/baolongtaisteel.com\/wp-content\/uploads\/2025\/04\/1\u9875\u9762\u7f29\u7565\u56fe_0006_\u56fe\u5c42-1_\u55e8\u683c\u5f0f\u538b\u7f29\u526f\u672c_\u7ed3\u679c-1536x1024.webp 1536w\" sizes=\"(max-width: 669px) 100vw, 669px\" \/><\/strong><\/h2>\n<p><strong>Coefficient de dilatation thermique :<\/strong><\/p>\n<p>Le coefficient de dilatation thermique de l&#039;acier au carbone ASTM A106 est d&#039;environ 12 \u00d7 10\u207b\u2076\/\u2103 \u00e0 temp\u00e9rature ambiante. Cette valeur relativement faible permet au tube de conserver sa stabilit\u00e9 dimensionnelle m\u00eame en cas de variations de temp\u00e9rature importantes.<\/p>\n<p><strong>Conductivit\u00e9 thermique :<\/strong><\/p>\n<p>L&#039;acier au carbone pr\u00e9sente une conductivit\u00e9 thermique mod\u00e9r\u00e9e, avec un coefficient d&#039;environ 50-55 W\/(m\u00b7K). Ce coefficient est sup\u00e9rieur \u00e0 celui de l&#039;acier inoxydable, mais inf\u00e9rieur \u00e0 celui de m\u00e9taux comme le cuivre ou l&#039;aluminium, ce qui le rend adapt\u00e9 aux applications de transfert thermique tout en offrant des propri\u00e9t\u00e9s isolantes.<\/p>\n<p><strong>Conductivit\u00e9 \u00e9lectrique :<\/strong><\/p>\n<p>L&#039;acier au carbone ASTM A106 pr\u00e9sente une conductivit\u00e9 \u00e9lectrique relativement faible par rapport \u00e0 des m\u00e9taux comme le cuivre. Sa conductivit\u00e9 est d&#039;environ 1,0 \u00d7 10\u2076 S\/m, soit environ 21 TP3T de celle du cuivre.<\/p>\n<h3><strong>Propri\u00e9t\u00e9s chimiques<\/strong><\/h3>\n<p><strong>R\u00e9sistance \u00e0 la corrosion :<\/strong><\/p>\n<p>Les tubes en acier au carbone ASTM A106 pr\u00e9sentent une r\u00e9sistance mod\u00e9r\u00e9e \u00e0 la corrosion gr\u00e2ce \u00e0 leur teneur en carbone. Cependant, ils sont sujets \u00e0 la rouille en milieu humide ou corrosif, \u00e0 moins d&#039;\u00eatre correctement rev\u00eatus ou galvanis\u00e9s. Pour une r\u00e9sistance accrue \u00e0 la corrosion, des traitements suppl\u00e9mentaires tels que des rev\u00eatements \u00e9poxy ou des rev\u00eatements ext\u00e9rieurs peuvent \u00eatre appliqu\u00e9s.<\/p>\n<p><strong>Antioxydation :<\/strong><\/p>\n<p>\u00c0 haute temp\u00e9rature, les tubes ASTM A106 pr\u00e9sentent une bonne r\u00e9sistance \u00e0 l&#039;oxydation, notamment lorsqu&#039;ils sont utilis\u00e9s dans des environnements contr\u00f4l\u00e9s comme les chaudi\u00e8res ou les \u00e9changeurs de chaleur. Le mat\u00e9riau peut supporter une exposition prolong\u00e9e \u00e0 des temp\u00e9ratures \u00e9lev\u00e9es sans d\u00e9gradation significative.<\/p>\n<p><strong>Stabilit\u00e9 chimique :<\/strong><\/p>\n<p>Les tubes en acier au carbone ASTM A106 pr\u00e9sentent une grande stabilit\u00e9 chimique dans les milieux courants tels que l&#039;eau, la vapeur et les produits chimiques doux. Cependant, ils peuvent r\u00e9agir avec des acides forts, des alcalis ou des agents corrosifs, ce qui peut entra\u00eener des piq\u00fbres ou des fissures de corrosion sous contrainte. Un choix judicieux de rev\u00eatements est essentiel pour les environnements chimiques agressifs.<\/p>\n<p><strong>Passivation:<\/strong><\/p>\n<p>Contrairement \u00e0 l&#039;acier inoxydable, l&#039;acier au carbone ASTM A106 ne forme pas naturellement de couche d&#039;oxyde passive. Pour am\u00e9liorer sa r\u00e9sistance \u00e0 la corrosion, des traitements de surface tels que la galvanisation, la peinture ou l&#039;application de rev\u00eatements protecteurs sont couramment utilis\u00e9s. Ces traitements permettent d&#039;\u00e9viter le contact direct entre l&#039;acier et les \u00e9l\u00e9ments corrosifs.<\/p>\n<h2><strong><img decoding=\"async\" class=\"alignnone size-full wp-image-309\" src=\"https:\/\/baolongtaisteel.com\/wp-content\/uploads\/2025\/04\/a6bcd433ee19e5846a4caf8c40b0925b_\u55e8\u683c\u5f0f\u538b\u7f29\u526f\u672c_\u7ed3\u679c.webp\" alt=\"\" width=\"1920\" height=\"1444\" srcset=\"https:\/\/baolongtaisteel.com\/wp-content\/uploads\/2025\/04\/a6bcd433ee19e5846a4caf8c40b0925b_\u55e8\u683c\u5f0f\u538b\u7f29\u526f\u672c_\u7ed3\u679c.webp 1920w, https:\/\/baolongtaisteel.com\/wp-content\/uploads\/2025\/04\/a6bcd433ee19e5846a4caf8c40b0925b_\u55e8\u683c\u5f0f\u538b\u7f29\u526f\u672c_\u7ed3\u679c-600x451.webp 600w, https:\/\/baolongtaisteel.com\/wp-content\/uploads\/2025\/04\/a6bcd433ee19e5846a4caf8c40b0925b_\u55e8\u683c\u5f0f\u538b\u7f29\u526f\u672c_\u7ed3\u679c-300x226.webp 300w, https:\/\/baolongtaisteel.com\/wp-content\/uploads\/2025\/04\/a6bcd433ee19e5846a4caf8c40b0925b_\u55e8\u683c\u5f0f\u538b\u7f29\u526f\u672c_\u7ed3\u679c-1024x770.webp 1024w, https:\/\/baolongtaisteel.com\/wp-content\/uploads\/2025\/04\/a6bcd433ee19e5846a4caf8c40b0925b_\u55e8\u683c\u5f0f\u538b\u7f29\u526f\u672c_\u7ed3\u679c-768x578.webp 768w, https:\/\/baolongtaisteel.com\/wp-content\/uploads\/2025\/04\/a6bcd433ee19e5846a4caf8c40b0925b_\u55e8\u683c\u5f0f\u538b\u7f29\u526f\u672c_\u7ed3\u679c-1536x1155.webp 1536w\" sizes=\"(max-width: 1920px) 100vw, 1920px\" \/><\/strong><\/h2>\n<h2><strong>Application:<\/strong><\/h2>\n<p data-spm-anchor-id=\"a2ty_o01.29997173.0.i152.1a70c921yaavsG\">Les tubes en acier au carbone ASTM A106 sont largement utilis\u00e9s dans les industries exigeant une r\u00e9sistance et une durabilit\u00e9 \u00e9lev\u00e9es. Dans le secteur p\u00e9trolier et gazier, ils sont utilis\u00e9s pour le transport de fluides et de gaz sous haute pression et haute temp\u00e9rature. Dans la production d&#039;\u00e9lectricit\u00e9, ils sont utilis\u00e9s dans les chaudi\u00e8res, les surchauffeurs et les conduites de vapeur gr\u00e2ce \u00e0 leur r\u00e9sistance aux chaleurs extr\u00eames. Dans la construction, ils servent de composants structurels et de canalisations pour les r\u00e9seaux d&#039;eau et d&#039;assainissement. Ils sont \u00e9galement utilis\u00e9s dans les usines de traitement chimique, les raffineries et les usines de fabrication, o\u00f9 la fiabilit\u00e9 des performances dans des environnements exigeants est essentielle.<\/p>\n<h2><\/h2>\n<h2><\/h2>","protected":false},"excerpt":{"rendered":"<h4 class=\"elementor-heading-title elementor-size-default\" style=\"text-align: center; padding-bottom: 30px;\">Tube en acier au carbone ASTM A106<\/h4>\n<div>Le tube en acier au carbone ASTM A106 est un tube en acier sans soudure, largement utilis\u00e9 pour le transport de fluides et les applications structurelles dans des environnements \u00e0 haute temp\u00e9rature et haute pression. Il est fabriqu\u00e9 en acier au carbone, un mat\u00e9riau tr\u00e8s r\u00e9sistant, facile \u00e0 usiner et r\u00e9sistant \u00e0 la chaleur, ce qui le rend id\u00e9al pour les industries du p\u00e9trole, du gaz naturel, de la chimie et de l&#039;\u00e9nergie. Parmi les sp\u00e9cifications courantes, on trouve la nuance Gr.B, qui r\u00e9siste \u00e0 des conditions de temp\u00e9rature et de pression extr\u00eames. Sa r\u00e9sistance \u00e0 la corrosion peut \u00eatre am\u00e9lior\u00e9e par galvanisation ou rev\u00eatement. C&#039;est un choix fiable pour les syst\u00e8mes de canalisations industrielles et r\u00e9pond \u00e0 des exigences techniques \u00e9lev\u00e9es.<\/div>\n<div>\n<hr class=\"dongte456custom-line\" \/>\n<\/div>\n<div style=\"padding-bottom: 5px;\">Cat\u00e9gorie\u00a0: Tube en acier au carbone ASTM A106<\/div>\n<div>Mot cl\u00e9 : Tube en acier au carbone ASTM A106<\/div>\n<div>\n<hr \/>\n<\/div>\n<p><img loading=\"lazy\" decoding=\"async\" class=\"alignnone wp-image-257\" src=\"https:\/\/baolongtaisteel.com\/wp-content\/uploads\/2025\/04\/\u7535\u8bdd\u56fe\u6807.jpg\" alt=\"\" width=\"48\" height=\"50\" \/>\u00a0 WhatsApp :<a href=\"https:\/\/api.whatsapp.com\/send?phone=8613963585512\" target=\"_blank\" rel=\"noopener\">\u00a0+8613963585512 <\/a><\/p>\n<div>\n<hr \/>\n<\/div>\n<p><img loading=\"lazy\" decoding=\"async\" class=\"alignnone wp-image-258\" src=\"https:\/\/baolongtaisteel.com\/wp-content\/uploads\/2025\/04\/\u90ae\u7bb1\u56fe\u6807.jpg\" alt=\"\" width=\"48\" height=\"55\" \/>\u00a0\u00a0E-mail : <a href=\"rachel@sdxhjmetal.com\" target=\"_blank\" rel=\"noopener\">\u00a0rachel@sdxhjmetal.com<\/a><\/p>\n<div>\n<hr \/>\n<\/div>\n<h3><\/h3>\n<div class=\"productaddbutton-container\">\n<div class=\"productaddbutton-wrapper\"><a class=\"productaddbutton\" href=\"https:\/\/baolongtaisteel.com\/index.php\/product\/\">Liste des produits<\/a><\/div>\n<div class=\"productaddbutton-wrapper\"><a class=\"productaddbutton\" href=\"#formSectiondongte\">Contactez-nous<\/a><\/div>\n<\/div>\n<div><\/div>","protected":false},"featured_media":300,"comment_status":"open","ping_status":"closed","template":"","meta":[],"product_brand":[],"product_cat":[17],"product_tag":[],"class_list":{"0":"post-119","1":"product","2":"type-product","3":"status-publish","4":"has-post-thumbnail","6":"product_cat-carbon-steel","8":"first","9":"instock","10":"shipping-taxable","11":"product-type-simple"},"_links":{"self":[{"href":"https:\/\/baolongtaisteel.com\/fr\/wp-json\/wp\/v2\/product\/119","targetHints":{"allow":["GET"]}}],"collection":[{"href":"https:\/\/baolongtaisteel.com\/fr\/wp-json\/wp\/v2\/product"}],"about":[{"href":"https:\/\/baolongtaisteel.com\/fr\/wp-json\/wp\/v2\/types\/product"}],"replies":[{"embeddable":true,"href":"https:\/\/baolongtaisteel.com\/fr\/wp-json\/wp\/v2\/comments?post=119"}],"wp:featuredmedia":[{"embeddable":true,"href":"https:\/\/baolongtaisteel.com\/fr\/wp-json\/wp\/v2\/media\/300"}],"wp:attachment":[{"href":"https:\/\/baolongtaisteel.com\/fr\/wp-json\/wp\/v2\/media?parent=119"}],"wp:term":[{"taxonomy":"product_brand","embeddable":true,"href":"https:\/\/baolongtaisteel.com\/fr\/wp-json\/wp\/v2\/product_brand?post=119"},{"taxonomy":"product_cat","embeddable":true,"href":"https:\/\/baolongtaisteel.com\/fr\/wp-json\/wp\/v2\/product_cat?post=119"},{"taxonomy":"product_tag","embeddable":true,"href":"https:\/\/baolongtaisteel.com\/fr\/wp-json\/wp\/v2\/product_tag?post=119"}],"curies":[{"name":"wp","href":"https:\/\/api.w.org\/{rel}","templated":true}]}}