{"id":128,"date":"2025-04-27T17:57:34","date_gmt":"2025-04-27T09:57:34","guid":{"rendered":"https:\/\/baolongtaisteel.com\/?post_type=product&#038;p=128"},"modified":"2025-04-28T11:56:03","modified_gmt":"2025-04-28T03:56:03","slug":"tole-dacier-galvanisee-dx52dz","status":"publish","type":"product","link":"https:\/\/baolongtaisteel.com\/fr\/product\/tole-dacier-galvanisee-dx52dz\/","title":{"rendered":"T\u00f4le d&#039;acier galvanis\u00e9e DX52D+Z"},"content":{"rendered":"<h2>\u00a0Tableau des d\u00e9tails du produit :<\/h2>\n<table class=\"tg\" style=\"border-collapse: collapse; border-spacing: 0;\">\n<thead>\n<tr>\n<th style=\"background-color: #9b9b9b; color: #ffffff; font-family: Arial, sans-serif; font-size: 14px; font-weight: bold; overflow: hidden; padding: 10px 5px; text-align: center; vertical-align: middle; word-break: normal; border: 1px solid #000000;\"><span style=\"font-weight: 600;\">Article<\/span><\/th>\n<th style=\"background-color: #9b9b9b; color: #ffffff; font-family: Arial, sans-serif; font-size: 14px; font-weight: bold; overflow: hidden; padding: 10px 5px; text-align: left; vertical-align: middle; word-break: normal; border: 1px solid #000000;\"><span style=\"font-weight: 600;\">D\u00e9tails<\/span><\/th>\n<\/tr>\n<\/thead>\n<tbody>\n<tr>\n<td style=\"background-color: #fff; font-family: Arial, sans-serif; font-size: 14px; overflow: hidden; padding: 10px 5px; text-align: center; vertical-align: middle; word-break: normal; border: 1px solid #000000;\"><span style=\"font-weight: 400; color: var(--md-box-samantha-normal-text-color);\">Mod\u00e8le N\u00b0<\/span><\/td>\n<td style=\"background-color: #fff; font-family: Arial, sans-serif; font-size: 14px; overflow: hidden; padding: 10px 5px; text-align: left; vertical-align: middle; word-break: normal; border: 1px solid #000000;\"><span style=\"font-weight: 400; color: var(--md-box-samantha-normal-text-color);\">A653 Dx51d 26 28 30 Gauge Q235<\/span><\/td>\n<\/tr>\n<tr>\n<td style=\"background-color: #efefef; font-family: Arial, sans-serif; font-size: 14px; overflow: hidden; padding: 10px 5px; text-align: center; vertical-align: middle; word-break: normal; border: 1px solid #000000;\"><span style=\"font-weight: 400; color: var(--md-box-samantha-normal-text-color);\">Taper<\/span><\/td>\n<td style=\"background-color: #efefef; font-family: Arial, sans-serif; font-size: 14px; overflow: hidden; padding: 10px 5px; text-align: left; vertical-align: middle; word-break: normal; border: 1px solid #000000;\"><span style=\"font-weight: 400; color: var(--md-box-samantha-normal-text-color);\">plaque d&#039;acier<\/span><\/td>\n<\/tr>\n<tr>\n<td style=\"background-color: #fff; font-family: Arial, sans-serif; font-size: 14px; overflow: hidden; padding: 10px 5px; text-align: center; vertical-align: middle; word-break: normal; border: 1px solid #000000;\"><span style=\"font-weight: 400; color: var(--md-box-samantha-normal-text-color);\">Standard<\/span><\/td>\n<td style=\"background-color: #fff; font-family: Arial, sans-serif; font-size: 14px; overflow: hidden; padding: 10px 5px; text-align: left; vertical-align: middle; word-break: normal; border: 1px solid #000000;\"><span style=\"font-weight: 400; color: var(--md-box-samantha-normal-text-color);\">ASTM, AISI, GB, JIS, DIN<\/span><\/td>\n<\/tr>\n<tr>\n<td style=\"background-color: #efefef; font-family: Arial, sans-serif; font-size: 14px; overflow: hidden; padding: 10px 5px; text-align: center; vertical-align: middle; word-break: normal; border: 1px solid #000000;\"><span style=\"font-weight: 400; color: var(--md-box-samantha-normal-text-color);\">Certification<\/span><\/td>\n<td style=\"background-color: #efefef; font-family: Arial, sans-serif; font-size: 14px; overflow: hidden; padding: 10px 5px; text-align: left; vertical-align: middle; word-break: normal; border: 1px solid #000000;\"><span style=\"font-weight: 400; color: var(--md-box-samantha-normal-text-color);\">ISO<\/span><\/td>\n<\/tr>\n<tr>\n<td style=\"background-color: #fff; font-family: Arial, sans-serif; font-size: 14px; overflow: hidden; padding: 10px 5px; text-align: center; vertical-align: middle; word-break: normal; border: 1px solid #000000;\"><span style=\"font-weight: 400; color: var(--md-box-samantha-normal-text-color);\">Traitement de surface<\/span><\/td>\n<td style=\"background-color: #fff; font-family: Arial, sans-serif; font-size: 14px; overflow: hidden; padding: 10px 5px; text-align: left; vertical-align: middle; word-break: normal; border: 1px solid #000000;\"><span style=\"font-weight: 400; color: var(--md-box-samantha-normal-text-color);\">Galvanis\u00e9<\/span><\/td>\n<\/tr>\n<tr>\n<td style=\"background-color: #efefef; font-family: Arial, sans-serif; font-size: 14px; overflow: hidden; padding: 10px 5px; text-align: center; vertical-align: middle; word-break: normal; border: 1px solid #000000;\"><span style=\"font-weight: 400; color: var(--md-box-samantha-normal-text-color);\">Technique<\/span><\/td>\n<td style=\"background-color: #efefef; font-family: Arial, sans-serif; font-size: 14px; overflow: hidden; padding: 10px 5px; text-align: left; vertical-align: middle; word-break: normal; border: 1px solid #000000;\"><span style=\"font-weight: 400; color: var(--md-box-samantha-normal-text-color);\">lamin\u00e9 \u00e0 froid<\/span><\/td>\n<\/tr>\n<tr>\n<td style=\"background-color: #fff; font-family: Arial, sans-serif; font-size: 14px; overflow: hidden; padding: 10px 5px; text-align: center; vertical-align: middle; word-break: normal; border: 1px solid #000000;\"><span style=\"font-weight: 400; color: var(--md-box-samantha-normal-text-color);\">Application<\/span><\/td>\n<td style=\"background-color: #fff; font-family: Arial, sans-serif; font-size: 14px; overflow: hidden; padding: 10px 5px; text-align: left; vertical-align: middle; word-break: normal; border: 1px solid #000000;\"><span style=\"font-weight: 400; color: var(--md-box-samantha-normal-text-color);\">Moules et matrices, plaques de navire, plaques de chaudi\u00e8re, plaques de conteneur<\/span><\/td>\n<\/tr>\n<tr>\n<td style=\"background-color: #efefef; font-family: Arial, sans-serif; font-size: 14px; overflow: hidden; padding: 10px 5px; text-align: center; vertical-align: middle; word-break: normal; border: 1px solid #000000;\"><span style=\"font-weight: 400; color: var(--md-box-samantha-normal-text-color);\">Usage sp\u00e9cial<\/span><\/td>\n<td style=\"background-color: #efefef; font-family: Arial, sans-serif; font-size: 14px; overflow: hidden; padding: 10px 5px; text-align: left; vertical-align: middle; word-break: normal; border: 1px solid #000000;\"><span style=\"font-weight: 400; color: var(--md-box-samantha-normal-text-color);\">Outils de coupe, outils de mesure, fraises en acier ordinaire, t\u00f4les d&#039;acier haute r\u00e9sistance, acier r\u00e9sistant \u00e0 l&#039;usure<\/span><\/td>\n<\/tr>\n<tr>\n<td style=\"background-color: #fff; font-family: Arial, sans-serif; font-size: 14px; overflow: hidden; padding: 10px 5px; text-align: center; vertical-align: middle; word-break: normal; border: 1px solid #000000;\"><span style=\"font-weight: 400; color: var(--md-box-samantha-normal-text-color);\">Action<\/span><\/td>\n<td style=\"background-color: #fff; font-family: Arial, sans-serif; font-size: 14px; overflow: hidden; padding: 10px 5px; text-align: left; vertical-align: middle; word-break: normal; border: 1px solid #000000;\"><span style=\"font-weight: 400; color: var(--md-box-samantha-normal-text-color);\">En stock<\/span><\/td>\n<\/tr>\n<tr>\n<td style=\"background-color: #efefef; font-family: Arial, sans-serif; font-size: 14px; overflow: hidden; padding: 10px 5px; text-align: center; vertical-align: middle; word-break: normal; border: 1px solid #000000;\"><span style=\"font-weight: 400; color: var(--md-box-samantha-normal-text-color);\">Nom du produit<\/span><\/td>\n<td style=\"background-color: #efefef; font-family: Arial, sans-serif; font-size: 14px; overflow: hidden; padding: 10px 5px; text-align: left; vertical-align: middle; word-break: normal; border: 1px solid #000000;\"><span style=\"font-weight: 400; color: var(--md-box-samantha-normal-text-color);\">t\u00f4le d&#039;acier galvanis\u00e9e<\/span><\/td>\n<\/tr>\n<tr>\n<td style=\"background-color: #fff; font-family: Arial, sans-serif; font-size: 14px; overflow: hidden; padding: 10px 5px; text-align: center; vertical-align: middle; word-break: normal; border: 1px solid #000000;\"><span style=\"font-weight: 400; color: var(--md-box-samantha-normal-text-color);\">Surface<\/span><\/td>\n<td style=\"background-color: #fff; font-family: Arial, sans-serif; font-size: 14px; overflow: hidden; padding: 10px 5px; text-align: left; vertical-align: middle; word-break: normal; border: 1px solid #000000;\"><span style=\"font-weight: 400; color: var(--md-box-samantha-normal-text-color);\">Chrom\u00e9\/Non chromat\u00e9, Huil\u00e9\/Non huil\u00e9, Skin PAS<\/span><\/td>\n<\/tr>\n<tr>\n<td style=\"background-color: #efefef; font-family: Arial, sans-serif; font-size: 14px; overflow: hidden; padding: 10px 5px; text-align: center; vertical-align: middle; word-break: normal; border: 1px solid #000000;\"><span style=\"font-weight: 400; color: var(--md-box-samantha-normal-text-color);\">Rev\u00eatement de zinc<\/span><\/td>\n<td style=\"background-color: #efefef; font-family: Arial, sans-serif; font-size: 14px; overflow: hidden; padding: 10px 5px; text-align: left; vertical-align: middle; word-break: normal; border: 1px solid #000000;\"><span style=\"font-weight: 400; color: var(--md-box-samantha-normal-text-color);\">30-600G\/M\u00b2<\/span><\/td>\n<\/tr>\n<tr>\n<td style=\"background-color: #fff; font-family: Arial, sans-serif; font-size: 14px; overflow: hidden; padding: 10px 5px; text-align: center; vertical-align: middle; word-break: normal; border: 1px solid #000000;\"><span style=\"font-weight: 400; color: var(--md-box-samantha-normal-text-color);\">Duret\u00e9<\/span><\/td>\n<td style=\"background-color: #fff; font-family: Arial, sans-serif; font-size: 14px; overflow: hidden; padding: 10px 5px; text-align: left; vertical-align: middle; word-break: normal; border: 1px solid #000000;\"><span style=\"font-weight: 400; color: var(--md-box-samantha-normal-text-color);\">Doux, dur, moyennement dur, tr\u00e8s dur<\/span><\/td>\n<\/tr>\n<tr>\n<td style=\"background-color: #efefef; font-family: Arial, sans-serif; font-size: 14px; overflow: hidden; padding: 10px 5px; text-align: center; vertical-align: middle; word-break: normal; border: 1px solid #000000;\"><span style=\"font-weight: 400; color: var(--md-box-samantha-normal-text-color);\">D\u00e9tails de livraison<\/span><\/td>\n<td style=\"background-color: #efefef; font-family: Arial, sans-serif; font-size: 14px; overflow: hidden; padding: 10px 5px; text-align: left; vertical-align: middle; word-break: normal; border: 1px solid #000000;\"><span style=\"font-weight: 400; color: var(--md-box-samantha-normal-text-color);\">15 \u00e0 60 jours apr\u00e8s r\u00e9ception de la LC ou du T\/T<\/span><\/td>\n<\/tr>\n<tr>\n<td style=\"background-color: #fff; font-family: Arial, sans-serif; font-size: 14px; overflow: hidden; padding: 10px 5px; text-align: center; vertical-align: middle; word-break: normal; border: 1px solid #000000;\"><span style=\"font-weight: 400; color: var(--md-box-samantha-normal-text-color);\">Longueur<\/span><\/td>\n<td style=\"background-color: #fff; font-family: Arial, sans-serif; font-size: 14px; overflow: hidden; padding: 10px 5px; text-align: left; vertical-align: middle; word-break: normal; border: 1px solid #000000;\"><span style=\"font-weight: 400; color: var(--md-box-samantha-normal-text-color);\">1000\/1219\/1250 mm ou personnalis\u00e9<\/span><\/td>\n<\/tr>\n<tr>\n<td style=\"background-color: #efefef; font-family: Arial, sans-serif; font-size: 14px; overflow: hidden; padding: 10px 5px; text-align: center; vertical-align: middle; word-break: normal; border: 1px solid #000000;\"><span style=\"font-weight: 400; color: var(--md-box-samantha-normal-text-color);\">Largeur<\/span><\/td>\n<td style=\"background-color: #efefef; font-family: Arial, sans-serif; font-size: 14px; overflow: hidden; padding: 10px 5px; text-align: left; vertical-align: middle; word-break: normal; border: 1px solid #000000;\"><span style=\"font-weight: 400; color: var(--md-box-samantha-normal-text-color);\">1000\/1219\/1250 mm ou personnalis\u00e9<\/span><\/td>\n<\/tr>\n<tr>\n<td style=\"background-color: #fff; font-family: Arial, sans-serif; font-size: 14px; overflow: hidden; padding: 10px 5px; text-align: center; vertical-align: middle; word-break: normal; border: 1px solid #000000;\"><span style=\"font-weight: 400; color: var(--md-box-samantha-normal-text-color);\">\u00c9paisseur<\/span><\/td>\n<td style=\"background-color: #fff; font-family: Arial, sans-serif; font-size: 14px; overflow: hidden; padding: 10px 5px; text-align: left; vertical-align: middle; word-break: normal; border: 1px solid #000000;\"><span style=\"font-weight: 400; color: var(--md-box-samantha-normal-text-color);\">0,12-6 mm<\/span><\/td>\n<\/tr>\n<tr>\n<td style=\"background-color: #efefef; font-family: Arial, sans-serif; font-size: 14px; overflow: hidden; padding: 10px 5px; text-align: center; vertical-align: middle; word-break: normal; border: 1px solid #000000;\"><span style=\"font-weight: 400; color: var(--md-box-samantha-normal-text-color);\">Forfait transport<\/span><\/td>\n<td style=\"background-color: #efefef; font-family: Arial, sans-serif; font-size: 14px; overflow: hidden; padding: 10px 5px; text-align: left; vertical-align: middle; word-break: normal; border: 1px solid #000000;\"><span style=\"font-weight: 400; color: var(--md-box-samantha-normal-text-color);\">Emballage standard<\/span><\/td>\n<\/tr>\n<tr>\n<td style=\"background-color: #fff; font-family: Arial, sans-serif; font-size: 14px; overflow: hidden; padding: 10px 5px; text-align: center; vertical-align: middle; word-break: normal; border: 1px solid #000000;\"><span style=\"font-weight: 400; color: var(--md-box-samantha-normal-text-color);\">Sp\u00e9cification<\/span><\/td>\n<td style=\"background-color: #fff; font-family: Arial, sans-serif; font-size: 14px; overflow: hidden; padding: 10px 5px; text-align: left; vertical-align: middle; word-break: normal; border: 1px solid #000000;\"><span style=\"font-weight: 400; color: var(--md-box-samantha-normal-text-color);\">Selon les besoins<\/span><\/td>\n<\/tr>\n<tr>\n<td style=\"background-color: #efefef; font-family: Arial, sans-serif; font-size: 14px; overflow: hidden; padding: 10px 5px; text-align: center; vertical-align: middle; word-break: normal; border: 1px solid #000000;\"><span style=\"font-weight: 400; color: var(--md-box-samantha-normal-text-color);\">Origine<\/span><\/td>\n<td style=\"background-color: #efefef; font-family: Arial, sans-serif; font-size: 14px; overflow: hidden; padding: 10px 5px; text-align: left; vertical-align: middle; word-break: normal; border: 1px solid #000000;\"><span style=\"font-weight: 400; color: var(--md-box-samantha-normal-text-color);\">Chine<\/span><\/td>\n<\/tr>\n<\/tbody>\n<\/table>\n<h2><img fetchpriority=\"high\" decoding=\"async\" class=\"alignnone size-full wp-image-415\" src=\"https:\/\/baolongtaisteel.com\/wp-content\/uploads\/2025\/04\/\u677f4_\u55e8\u683c\u5f0f\u538b\u7f29\u526f\u672c_\u7ed3\u679c.webp\" alt=\"\" width=\"1920\" height=\"1200\" srcset=\"https:\/\/baolongtaisteel.com\/wp-content\/uploads\/2025\/04\/\u677f4_\u55e8\u683c\u5f0f\u538b\u7f29\u526f\u672c_\u7ed3\u679c.webp 1920w, https:\/\/baolongtaisteel.com\/wp-content\/uploads\/2025\/04\/\u677f4_\u55e8\u683c\u5f0f\u538b\u7f29\u526f\u672c_\u7ed3\u679c-600x375.webp 600w, https:\/\/baolongtaisteel.com\/wp-content\/uploads\/2025\/04\/\u677f4_\u55e8\u683c\u5f0f\u538b\u7f29\u526f\u672c_\u7ed3\u679c-300x188.webp 300w, https:\/\/baolongtaisteel.com\/wp-content\/uploads\/2025\/04\/\u677f4_\u55e8\u683c\u5f0f\u538b\u7f29\u526f\u672c_\u7ed3\u679c-1024x640.webp 1024w, https:\/\/baolongtaisteel.com\/wp-content\/uploads\/2025\/04\/\u677f4_\u55e8\u683c\u5f0f\u538b\u7f29\u526f\u672c_\u7ed3\u679c-768x480.webp 768w, https:\/\/baolongtaisteel.com\/wp-content\/uploads\/2025\/04\/\u677f4_\u55e8\u683c\u5f0f\u538b\u7f29\u526f\u672c_\u7ed3\u679c-1536x960.webp 1536w\" sizes=\"(max-width: 1920px) 100vw, 1920px\" \/><\/h2>\n<h2><strong>Propri\u00e9t\u00e9s physiques et chimiques<\/strong><\/h2>\n<h3><strong>Propri\u00e9t\u00e9s physiques<\/strong><\/h3>\n<p><strong>Apparence:<\/strong><br \/>\nIl pr\u00e9sente g\u00e9n\u00e9ralement une couleur m\u00e9tallique gris argent\u00e9 avec une surface lisse et uniforme gr\u00e2ce au rev\u00eatement en zinc. La couche galvanis\u00e9e offre une excellente r\u00e9sistance \u00e0 la corrosion et un aspect brillant et r\u00e9fl\u00e9chissant. Diff\u00e9rents finis de surface, tels que mat ou brillant, peuvent \u00eatre obtenus gr\u00e2ce \u00e0 des proc\u00e9d\u00e9s de production sp\u00e9cifiques.<\/p>\n<p><strong>Densit\u00e9:<\/strong><br \/>\nLa densit\u00e9 de la t\u00f4le d&#039;acier galvanis\u00e9e DX52D+Z est d&#039;environ <strong>7,85 g\/cm\u00b3 <\/strong>, similaire \u00e0 l&#039;acier au carbone ordinaire. Le rev\u00eatement de zinc suppl\u00e9mentaire augmente l\u00e9g\u00e8rement le poids total, mais ne modifie pas significativement la densit\u00e9.<\/p>\n<p><strong>Point de fusion:<\/strong><br \/>\nLe point de fusion de l&#039;acier de base est d&#039;environ <strong>1370-1510\u00b0C <\/strong>, selon la composition de l&#039;alliage. Cependant, le rev\u00eatement de zinc fond \u00e0 une temp\u00e9rature beaucoup plus basse (<strong>419,5 \u00b0C <\/strong>), qui doivent \u00eatre pris en compte lors d&#039;applications \u00e0 haute temp\u00e9rature.<\/p>\n<p><strong>Coefficient de dilatation thermique :<\/strong><br \/>\nLe coefficient de dilatation thermique est relativement faible, autour de <strong>11-13 \u00d7 10\u207b\u2076\/\u00b0C <\/strong>\u00e0 temp\u00e9rature ambiante. Cela garantit une bonne stabilit\u00e9 dimensionnelle dans des environnements \u00e0 temp\u00e9ratures fluctuantes.<\/p>\n<p><strong>Conductivit\u00e9 thermique :<\/strong><br \/>\nLa conductivit\u00e9 thermique est mod\u00e9r\u00e9e, environ <strong>50-60 W\/(m\u00b7K) <\/strong>pour le substrat en acier, tandis que le rev\u00eatement en zinc pr\u00e9sente une conductivit\u00e9 thermique l\u00e9g\u00e8rement inf\u00e9rieure. Cette combinaison le rend adapt\u00e9 aux applications n\u00e9cessitant une dissipation thermique.<\/p>\n<p><strong>Conductivit\u00e9 \u00e9lectrique :<\/strong><br \/>\nLa conductivit\u00e9 \u00e9lectrique est relativement faible par rapport aux m\u00e9taux purs comme le cuivre, g\u00e9n\u00e9ralement autour de <strong>10% de la conductivit\u00e9 du cuivre <\/strong>Il ne convient pas aux applications \u00e9lectriques \u00e0 courant \u00e9lev\u00e9.<\/p>\n<h3><strong>Propri\u00e9t\u00e9s chimiques<\/strong><\/h3>\n<p><strong>R\u00e9sistance \u00e0 la corrosion :<\/strong><br \/>\nLe rev\u00eatement de zinc offre une excellente r\u00e9sistance \u00e0 la corrosion en formant une barri\u00e8re protectrice \u00e0 la surface de l&#039;acier. La couche de zinc se sacrifie pour emp\u00eacher la rouille de l&#039;acier sous-jacent gr\u00e2ce \u00e0 un processus appel\u00e9 protection cathodique. Le DX52D+Z est particuli\u00e8rement efficace en ext\u00e9rieur et en environnements humides, ce qui le rend id\u00e9al pour les applications de toiture, de bardage et de structure.<\/p>\n<p><strong>Antioxydation :<\/strong><br \/>\n\u00c0 haute temp\u00e9rature, le rev\u00eatement de zinc s&#039;oxyde pour former une couche stable d&#039;oxyde de zinc, ce qui am\u00e9liore encore la r\u00e9sistance \u00e0 la corrosion. Cependant, une exposition prolong\u00e9e \u00e0 des temp\u00e9ratures sup\u00e9rieures \u00e0 <strong>200\u00b0C <\/strong>peut provoquer le d\u00e9collement ou la d\u00e9gradation de la couche de zinc, r\u00e9duisant ainsi ses propri\u00e9t\u00e9s protectrices.<\/p>\n<p><strong>Stabilit\u00e9 chimique :<\/strong><br \/>\nLe rev\u00eatement de zinc est tr\u00e8s r\u00e9sistant aux acides faibles, aux alcalis et \u00e0 la corrosion atmosph\u00e9rique. Cependant, dans des environnements fortement acides ou alcalins (par exemple, acide chlorhydrique, acide sulfurique), la couche de zinc peut se dissoudre, compromettant ainsi la protection de l&#039;acier.<\/p>\n<h4><strong>Passivation:<\/strong><\/h4>\n<p>Le rev\u00eatement de zinc forme naturellement une fine couche de passivation lorsqu&#039;il est expos\u00e9 \u00e0 l&#039;air, am\u00e9liorant ainsi sa r\u00e9sistance \u00e0 la corrosion. Des traitements compl\u00e9mentaires, comme la passivation au chromate, peuvent encore am\u00e9liorer la durabilit\u00e9 et la long\u00e9vit\u00e9 de la couche de zinc.<\/p>\n<h2><img decoding=\"async\" class=\"alignnone size-full wp-image-414\" src=\"https:\/\/baolongtaisteel.com\/wp-content\/uploads\/2025\/04\/\u677f9_\u55e8\u683c\u5f0f\u538b\u7f29\u526f\u672c_\u7ed3\u679c.webp\" alt=\"\" width=\"1920\" height=\"1200\" srcset=\"https:\/\/baolongtaisteel.com\/wp-content\/uploads\/2025\/04\/\u677f9_\u55e8\u683c\u5f0f\u538b\u7f29\u526f\u672c_\u7ed3\u679c.webp 1920w, https:\/\/baolongtaisteel.com\/wp-content\/uploads\/2025\/04\/\u677f9_\u55e8\u683c\u5f0f\u538b\u7f29\u526f\u672c_\u7ed3\u679c-600x375.webp 600w, https:\/\/baolongtaisteel.com\/wp-content\/uploads\/2025\/04\/\u677f9_\u55e8\u683c\u5f0f\u538b\u7f29\u526f\u672c_\u7ed3\u679c-300x188.webp 300w, https:\/\/baolongtaisteel.com\/wp-content\/uploads\/2025\/04\/\u677f9_\u55e8\u683c\u5f0f\u538b\u7f29\u526f\u672c_\u7ed3\u679c-1024x640.webp 1024w, https:\/\/baolongtaisteel.com\/wp-content\/uploads\/2025\/04\/\u677f9_\u55e8\u683c\u5f0f\u538b\u7f29\u526f\u672c_\u7ed3\u679c-768x480.webp 768w, https:\/\/baolongtaisteel.com\/wp-content\/uploads\/2025\/04\/\u677f9_\u55e8\u683c\u5f0f\u538b\u7f29\u526f\u672c_\u7ed3\u679c-1536x960.webp 1536w\" sizes=\"(max-width: 1920px) 100vw, 1920px\" \/><\/h2>\n<h2><strong>Application<\/strong><\/h2>\n<p>Les t\u00f4les d&#039;acier galvanis\u00e9es DX52D+Z sont largement utilis\u00e9es dans diverses industries en raison de leur excellente r\u00e9sistance \u00e0 la corrosion, de leur formabilit\u00e9 et de leur rentabilit\u00e9.<\/p>\n<ul>\n<li>Dans le <strong>industrie de la construction <\/strong>, ils sont utilis\u00e9s pour la toiture, le rev\u00eatement mural et les composants structurels en raison de leur durabilit\u00e9 et de leur r\u00e9sistance aux intemp\u00e9ries.<\/li>\n<li>Dans le <strong>industrie automobile <\/strong>, ils sont utilis\u00e9s pour la fabrication de carrosseries et de pi\u00e8ces automobiles, o\u00f9 la r\u00e9sistance \u00e0 la corrosion est essentielle.<\/li>\n<li>Dans le <strong>industrie de l&#039;\u00e9lectrom\u00e9nager <\/strong>, ils sont utilis\u00e9s pour produire des appareils \u00e9lectrom\u00e9nagers tels que des r\u00e9frig\u00e9rateurs, des machines \u00e0 laver et des fours, garantissant ainsi long\u00e9vit\u00e9 et attrait esth\u00e9tique.<\/li>\n<li data-spm-anchor-id=\"a2ty_o01.29997173.0.i252.1a7032bfdFwH6F\">Dans <strong>applications agricoles et industrielles <\/strong>, ils sont utilis\u00e9s pour les r\u00e9servoirs de stockage, les silos et les \u00e9quipements expos\u00e9s \u00e0 des environnements difficiles.<\/li>\n<\/ul>\n<p>&nbsp;<\/p>","protected":false},"excerpt":{"rendered":"<h4 class=\"elementor-heading-title elementor-size-default\" style=\"text-align: center; padding-bottom: 30px;\">T\u00f4le d&#039;acier galvanis\u00e9e DX52D+Z<\/h4>\n<div>La t\u00f4le d&#039;acier galvanis\u00e9e DX52D+Z est un acier de construction \u00e0 haute r\u00e9sistance et tr\u00e8s r\u00e9sistant \u00e0 la corrosion, largement utilis\u00e9 dans les secteurs de la construction, de l&#039;automobile et de l&#039;\u00e9lectrom\u00e9nager. Sa base est un acier bas carbone lamin\u00e9 \u00e0 froid, dont la surface est rev\u00eatue d&#039;une couche de zinc, offrant une excellente protection contre la rouille et une excellente r\u00e9sistance aux intemp\u00e9ries. Ce produit pr\u00e9sente de bonnes aptitudes au formage et au soudage et convient \u00e0 des applications telles que l&#039;emboutissage et le pliage. Gr\u00e2ce \u00e0 l&#039;optimisation de l&#039;\u00e9paisseur de la couche de zinc et du traitement de surface, le DX52D+Z est performant dans les environnements complexes et constitue un mat\u00e9riau fonctionnel indispensable dans l&#039;industrie moderne.<\/div>\n<div>\n<hr class=\"dongte456custom-line\" \/>\n<\/div>\n<div style=\"padding-bottom: 5px;\">Cat\u00e9gorie : T\u00f4le d&#039;acier galvanis\u00e9e DX52D+Z<\/div>\n<div>Mot cl\u00e9 : t\u00f4le d&#039;acier galvanis\u00e9e DX52D+Z<\/div>\n<div>\n<hr \/>\n<\/div>\n<p><img decoding=\"async\" class=\"alignnone wp-image-257\" src=\"https:\/\/baolongtaisteel.com\/wp-content\/uploads\/2025\/04\/\u7535\u8bdd\u56fe\u6807.jpg\" alt=\"\" width=\"48\" height=\"50\" \/>\u00a0 WhatsApp :<a href=\"https:\/\/api.whatsapp.com\/send?phone=8613963585512\" target=\"_blank\" rel=\"noopener\">\u00a0+8613963585512 <\/a><\/p>\n<div>\n<hr \/>\n<\/div>\n<p><img loading=\"lazy\" decoding=\"async\" class=\"alignnone wp-image-258\" src=\"https:\/\/baolongtaisteel.com\/wp-content\/uploads\/2025\/04\/\u90ae\u7bb1\u56fe\u6807.jpg\" alt=\"\" width=\"48\" height=\"55\" \/>\u00a0\u00a0E-mail : <a href=\"rachel@sdxhjmetal.com\" target=\"_blank\" rel=\"noopener\">\u00a0rachel@sdxhjmetal.com<\/a><\/p>\n<div>\n<hr \/>\n<\/div>\n<h3><\/h3>\n<div class=\"productaddbutton-container\">\n<div class=\"productaddbutton-wrapper\"><a class=\"productaddbutton\" href=\"https:\/\/baolongtaisteel.com\/index.php\/product\/\">Liste des produits<\/a><\/div>\n<div class=\"productaddbutton-wrapper\"><a class=\"productaddbutton\" href=\"#formSectiondongte\">Contactez-nous<\/a><\/div>\n<\/div>\n<div><\/div>","protected":false},"featured_media":471,"comment_status":"open","ping_status":"closed","template":"","meta":[],"product_brand":[],"product_cat":[18],"product_tag":[],"class_list":{"0":"post-128","1":"product","2":"type-product","3":"status-publish","4":"has-post-thumbnail","6":"product_cat-galvanized-steel","8":"first","9":"instock","10":"shipping-taxable","11":"product-type-simple"},"_links":{"self":[{"href":"https:\/\/baolongtaisteel.com\/fr\/wp-json\/wp\/v2\/product\/128","targetHints":{"allow":["GET"]}}],"collection":[{"href":"https:\/\/baolongtaisteel.com\/fr\/wp-json\/wp\/v2\/product"}],"about":[{"href":"https:\/\/baolongtaisteel.com\/fr\/wp-json\/wp\/v2\/types\/product"}],"replies":[{"embeddable":true,"href":"https:\/\/baolongtaisteel.com\/fr\/wp-json\/wp\/v2\/comments?post=128"}],"wp:featuredmedia":[{"embeddable":true,"href":"https:\/\/baolongtaisteel.com\/fr\/wp-json\/wp\/v2\/media\/471"}],"wp:attachment":[{"href":"https:\/\/baolongtaisteel.com\/fr\/wp-json\/wp\/v2\/media?parent=128"}],"wp:term":[{"taxonomy":"product_brand","embeddable":true,"href":"https:\/\/baolongtaisteel.com\/fr\/wp-json\/wp\/v2\/product_brand?post=128"},{"taxonomy":"product_cat","embeddable":true,"href":"https:\/\/baolongtaisteel.com\/fr\/wp-json\/wp\/v2\/product_cat?post=128"},{"taxonomy":"product_tag","embeddable":true,"href":"https:\/\/baolongtaisteel.com\/fr\/wp-json\/wp\/v2\/product_tag?post=128"}],"curies":[{"name":"wp","href":"https:\/\/api.w.org\/{rel}","templated":true}]}}