{"id":74,"date":"2025-04-25T11:54:32","date_gmt":"2025-04-25T03:54:32","guid":{"rendered":"https:\/\/baolongtaisteel.com\/?post_type=product&#038;p=74"},"modified":"2025-04-25T13:32:12","modified_gmt":"2025-04-25T05:32:12","slug":"bobine-en-acier-inoxydable","status":"publish","type":"product","link":"https:\/\/baolongtaisteel.com\/fr\/product\/bobine-en-acier-inoxydable\/","title":{"rendered":"Bobine en acier inoxydable"},"content":{"rendered":"<h2>\u00a0\u00a0Tableau des d\u00e9tails du produit :<\/h2>\n<table class=\"tg\" style=\"border-collapse: collapse; border-spacing: 0;\">\n<thead>\n<tr>\n<th style=\"background-color: #9b9b9b; color: #fff; font-family: Arial, sans-serif; font-size: 14px; font-weight: bold; overflow: hidden; padding: 10px 5px; text-align: center; vertical-align: top; word-break: normal; border: 1px solid black;\"><span style=\"font-weight: 600;\">Article<\/span><\/th>\n<th style=\"background-color: #9b9b9b; color: #fff; font-family: Arial, sans-serif; font-size: 14px; font-weight: bold; overflow: hidden; padding: 10px 5px; text-align: left; vertical-align: top; word-break: normal; border: 1px solid black;\"><span style=\"font-weight: 600;\">D\u00e9tails<\/span><\/th>\n<\/tr>\n<\/thead>\n<tbody>\n<tr>\n<td style=\"background-color: #fff; font-family: Arial, sans-serif; font-size: 14px; overflow: hidden; padding: 10px 5px; text-align: center; vertical-align: top; word-break: normal; border: 1px solid black;\"><span style=\"font-weight: 400; color: var(--md-box-samantha-normal-text-color);\">Nom du produit<\/span><\/td>\n<td style=\"background-color: #fff; font-family: Arial, sans-serif; font-size: 14px; overflow: hidden; padding: 10px 5px; text-align: left; vertical-align: top; word-break: normal; border: 1px solid black;\"><span style=\"font-weight: 400; color: var(--md-box-samantha-normal-text-color);\">Bobine en acier inoxydable<\/span><\/td>\n<\/tr>\n<tr>\n<td style=\"background-color: #efefef; font-family: Arial, sans-serif; font-size: 14px; overflow: hidden; padding: 10px 5px; text-align: center; vertical-align: top; word-break: normal; border: 1px solid black;\"><span style=\"font-weight: 400; color: var(--md-box-samantha-normal-text-color);\">Types de mat\u00e9riaux<\/span><\/td>\n<td style=\"background-color: #efefef; font-family: Arial, sans-serif; font-size: 14px; overflow: hidden; padding: 10px 5px; text-align: left; vertical-align: top; word-break: normal; border: 1px solid black;\"><span style=\"font-weight: 400; color: var(--md-box-samantha-normal-text-color);\">Aciers inoxydables aust\u00e9nitiques (tels que 304, 304L, 316, 316L), aciers inoxydables ferritiques (tels que 430), aciers inoxydables martensitiques (tels que 410), aciers inoxydables duplex (tels que 2205)<\/span><\/td>\n<\/tr>\n<tr>\n<td style=\"background-color: #fff; font-family: Arial, sans-serif; font-size: 14px; overflow: hidden; padding: 10px 5px; text-align: center; vertical-align: top; word-break: normal; border: 1px solid black;\"><span style=\"font-weight: 400; color: var(--md-box-samantha-normal-text-color);\">Caract\u00e9ristiques<\/span><\/td>\n<td style=\"background-color: #fff; font-family: Arial, sans-serif; font-size: 14px; overflow: hidden; padding: 10px 5px; text-align: left; vertical-align: top; word-break: normal; border: 1px solid black;\"><span style=\"font-weight: 400; color: var(--md-box-samantha-normal-text-color);\">\u2013 \u00c9paisseur : 0,1 mm \u2013 12 mm<\/span><br \/>\n<span style=\"font-weight: 400; color: var(--md-box-samantha-normal-text-color);\">\u2013 Largeur : 600 mm \u2013 2000 mm<\/span><br \/>\n<span style=\"font-weight: 400; color: var(--md-box-samantha-normal-text-color);\">\u2013 Diam\u00e8tre int\u00e9rieur : 508 mm (conventionnel), 610 mm<\/span><br \/>\n<span style=\"font-weight: 400; color: var(--md-box-samantha-normal-text-color);\">\u2013 Diam\u00e8tre ext\u00e9rieur : D\u00e9termin\u00e9 par le poids et l\u2019\u00e9paisseur de la bobine, g\u00e9n\u00e9ralement \u2264 2500 mm<\/span><\/td>\n<\/tr>\n<tr>\n<td style=\"background-color: #efefef; font-family: Arial, sans-serif; font-size: 14px; overflow: hidden; padding: 10px 5px; text-align: center; vertical-align: top; word-break: normal; border: 1px solid black;\"><span style=\"font-weight: 400; color: var(--md-box-samantha-normal-text-color);\">Traitements de surface<\/span><\/td>\n<td style=\"background-color: #efefef; font-family: Arial, sans-serif; font-size: 14px; overflow: hidden; padding: 10px 5px; text-align: left; vertical-align: top; word-break: normal; border: 1px solid black;\"><span style=\"font-weight: 400; color: var(--md-box-samantha-normal-text-color);\">Surface 2B (lamin\u00e9 \u00e0 froid brillant), surface BA (recuit brillant), n\u00b0 4 (finition satin\u00e9e), HL (finition capillaire), polissage miroir ; traitement de passivation, rev\u00eatement d&#039;huile pour la pr\u00e9vention de la rouille<\/span><\/td>\n<\/tr>\n<tr>\n<td style=\"background-color: #fff; font-family: Arial, sans-serif; font-size: 14px; overflow: hidden; padding: 10px 5px; text-align: center; vertical-align: top; word-break: normal; border: 1px solid black;\"><span style=\"font-weight: 400; color: var(--md-box-samantha-normal-text-color);\">Normes<\/span><\/td>\n<td style=\"background-color: #fff; font-family: Arial, sans-serif; font-size: 14px; overflow: hidden; padding: 10px 5px; text-align: left; vertical-align: top; word-break: normal; border: 1px solid black;\"><span style=\"font-weight: 400; color: var(--md-box-samantha-normal-text-color);\">ASTM A240, ASTM A666, GB\/T 3280, JIS G4305, DIN 17456, EN 10088-2<\/span><\/td>\n<\/tr>\n<tr>\n<td style=\"background-color: #efefef; font-family: Arial, sans-serif; font-size: 14px; overflow: hidden; padding: 10px 5px; text-align: center; vertical-align: top; word-break: normal; border: 1px solid black;\"><span style=\"font-weight: 400; color: var(--md-box-samantha-normal-text-color);\">Propri\u00e9t\u00e9s m\u00e9caniques<\/span><\/td>\n<td style=\"background-color: #efefef; font-family: Arial, sans-serif; font-size: 14px; overflow: hidden; padding: 10px 5px; text-align: left; vertical-align: top; word-break: normal; border: 1px solid black;\"><span style=\"font-weight: 400; color: var(--md-box-samantha-normal-text-color);\">\u2013 R\u00e9sistance \u00e0 la traction : 520 \u2013 1450 MPa (varie selon la nuance d\u2019acier)<\/span><br \/>\n<span style=\"font-weight: 400; color: var(--md-box-samantha-normal-text-color);\">\u2013 Limite d\u2019\u00e9lasticit\u00e9 : 205 \u2013 1035 MPa<\/span><br \/>\n<span style=\"font-weight: 400; color: var(--md-box-samantha-normal-text-color);\">\u2013 Allongement : \u2265 35% (pour certaines nuances d\u2019acier)<\/span><\/td>\n<\/tr>\n<tr>\n<td style=\"background-color: #fff; font-family: Arial, sans-serif; font-size: 14px; overflow: hidden; padding: 10px 5px; text-align: center; vertical-align: top; word-break: normal; border: 1px solid black;\"><span style=\"font-weight: 400; color: var(--md-box-samantha-normal-text-color);\">R\u00e9sistance \u00e0 la corrosion<\/span><\/td>\n<td style=\"background-color: #fff; font-family: Arial, sans-serif; font-size: 14px; overflow: hidden; padding: 10px 5px; text-align: left; vertical-align: top; word-break: normal; border: 1px solid black;\"><span style=\"font-weight: 400; color: var(--md-box-samantha-normal-text-color);\">Teneur en chrome \u2265 12%, formant un film dense d&#039;oxyde de Cr\u2082O\u2083 sur la surface, r\u00e9sistant \u00e0 la corrosion atmosph\u00e9rique, hydrique et acide-base faible\u00a0; les nuances d&#039;acier contenant du molybd\u00e8ne (comme le 316L) pr\u00e9sentent une r\u00e9sistance exceptionnelle \u00e0 la corrosion par les ions chlorure.<\/span><\/td>\n<\/tr>\n<tr>\n<td style=\"background-color: #efefef; font-family: Arial, sans-serif; font-size: 14px; overflow: hidden; padding: 10px 5px; text-align: center; vertical-align: top; word-break: normal; border: 1px solid black;\"><span style=\"font-weight: 400; color: var(--md-box-samantha-normal-text-color);\">Applications typiques<\/span><\/td>\n<td style=\"background-color: #efefef; font-family: Arial, sans-serif; font-size: 14px; overflow: hidden; padding: 10px 5px; text-align: left; vertical-align: top; word-break: normal; border: 1px solid black;\"><span style=\"font-weight: 400; color: var(--md-box-samantha-normal-text-color);\">\u2013 D\u00e9coration architecturale : Panneaux de murs-rideaux, plafonds, panneaux d\u2019ascenseur<\/span><br \/>\n<span style=\"font-weight: 400; color: var(--md-box-samantha-normal-text-color);\">\u2013 Fabrication d\u2019appareils \u00e9lectrom\u00e9nagers : Panneaux de r\u00e9frig\u00e9rateurs, tambours int\u00e9rieurs de machines \u00e0 laver, bo\u00eetiers de climatiseurs<\/span><br \/>\n<span style=\"font-weight: 400; color: var(--md-box-samantha-normal-text-color);\">\u2013 \u00c9quipements alimentaires : Cuves de stockage, bandes transporteuses<\/span><br \/>\n<span style=\"font-weight: 400; color: var(--md-box-samantha-normal-text-color);\">\u2013 Industrie chimique : Rev\u00eatements de r\u00e9acteurs, tuyauteries<\/span><br \/>\n<span style=\"font-weight: 400; color: var(--md-box-samantha-normal-text-color);\">\u2013 Fabrication automobile : Syst\u00e8mes d\u2019\u00e9chappement, pi\u00e8ces structurelles de carrosserie<\/span><\/td>\n<\/tr>\n<tr>\n<td style=\"background-color: #fff; font-family: Arial, sans-serif; font-size: 14px; overflow: hidden; padding: 10px 5px; text-align: center; vertical-align: top; word-break: normal; border: 1px solid black;\"><span style=\"font-weight: 400; color: var(--md-box-samantha-normal-text-color);\">Techniques de traitement<\/span><\/td>\n<td style=\"background-color: #fff; font-family: Arial, sans-serif; font-size: 14px; overflow: hidden; padding: 10px 5px; text-align: left; vertical-align: top; word-break: normal; border: 1px solid black;\"><span style=\"font-weight: 400; color: var(--md-box-samantha-normal-text-color);\">Laminage \u00e0 froid (haute pr\u00e9cision, sp\u00e9cifications fines), Laminage \u00e0 chaud (sp\u00e9cifications \u00e9paisses, faible co\u00fbt), Refendage (largeur personnalis\u00e9e), D\u00e9coupe \u00e0 longueur (d\u00e9coupe en plaques plates), Traitement de formage (emboutissage, pliage)<\/span><\/td>\n<\/tr>\n<tr>\n<td style=\"background-color: #efefef; font-family: Arial, sans-serif; font-size: 14px; overflow: hidden; padding: 10px 5px; text-align: center; vertical-align: top; word-break: normal; border: 1px solid black;\"><span style=\"font-weight: 400; color: var(--md-box-samantha-normal-text-color);\">Conditionnement<\/span><\/td>\n<td style=\"background-color: #efefef; font-family: Arial, sans-serif; font-size: 14px; overflow: hidden; padding: 10px 5px; text-align: left; vertical-align: top; word-break: normal; border: 1px solid black;\"><span style=\"font-weight: 400; color: var(--md-box-samantha-normal-text-color);\">Emball\u00e9 avec du papier r\u00e9sistant \u00e0 l&#039;humidit\u00e9 + film plastique, et prot\u00e9g\u00e9 par des protections d&#039;angle en acier sur les bords ; Emballage horizontal ou vertical, adapt\u00e9 au transport maritime et terrestre<\/span><\/td>\n<\/tr>\n<tr>\n<td style=\"background-color: #fff; font-family: Arial, sans-serif; font-size: 14px; overflow: hidden; padding: 10px 5px; text-align: center; vertical-align: top; word-break: normal; border: 1px solid black;\"><span style=\"font-weight: 400; color: var(--md-box-samantha-normal-text-color);\">D\u00e9lai de livraison<\/span><\/td>\n<td style=\"background-color: #fff; font-family: Arial, sans-serif; font-size: 14px; overflow: hidden; padding: 10px 5px; text-align: left; vertical-align: top; word-break: normal; border: 1px solid black;\"><span style=\"font-weight: 400; color: var(--md-box-samantha-normal-text-color);\">Sp\u00e9cifications r\u00e9guli\u00e8res\u00a0: 5 \u00e0 10\u00a0jours ouvrables\u00a0; Sp\u00e9cifications personnalis\u00e9es\u00a0: 15 \u00e0 30\u00a0jours ouvrables<\/span><\/td>\n<\/tr>\n<tr>\n<td style=\"background-color: #efefef; font-family: Arial, sans-serif; font-size: 14px; overflow: hidden; padding: 10px 5px; text-align: center; vertical-align: top; word-break: normal; border: 1px solid black;\"><span style=\"font-weight: 400; color: var(--md-box-samantha-normal-text-color);\">Certifications de qualit\u00e9<\/span><\/td>\n<td style=\"background-color: #efefef; font-family: Arial, sans-serif; font-size: 14px; overflow: hidden; padding: 10px 5px; text-align: left; vertical-align: top; word-break: normal; border: 1px solid black;\"><span style=\"font-weight: 400; color: var(--md-box-samantha-normal-text-color);\">Certification du syst\u00e8me de gestion de la qualit\u00e9 ISO 9001, rapport d&#039;inspection SGS, certification environnementale RoHS<\/span><\/td>\n<\/tr>\n<\/tbody>\n<\/table>\n<h2>Physique p<\/h2>\n<h2><img fetchpriority=\"high\" decoding=\"async\" class=\"alignnone size-full wp-image-209\" src=\"https:\/\/baolongtaisteel.com\/wp-content\/uploads\/2025\/04\/1bca4a722b9d51f680d18b9fd1bf4ce1_\u55e8\u683c\u5f0f\u538b\u7f29\u526f\u672c_\u7ed3\u679c.webp\" alt=\"\" width=\"1920\" height=\"1200\" srcset=\"https:\/\/baolongtaisteel.com\/wp-content\/uploads\/2025\/04\/1bca4a722b9d51f680d18b9fd1bf4ce1_\u55e8\u683c\u5f0f\u538b\u7f29\u526f\u672c_\u7ed3\u679c.webp 1920w, https:\/\/baolongtaisteel.com\/wp-content\/uploads\/2025\/04\/1bca4a722b9d51f680d18b9fd1bf4ce1_\u55e8\u683c\u5f0f\u538b\u7f29\u526f\u672c_\u7ed3\u679c-600x375.webp 600w, https:\/\/baolongtaisteel.com\/wp-content\/uploads\/2025\/04\/1bca4a722b9d51f680d18b9fd1bf4ce1_\u55e8\u683c\u5f0f\u538b\u7f29\u526f\u672c_\u7ed3\u679c-300x188.webp 300w, https:\/\/baolongtaisteel.com\/wp-content\/uploads\/2025\/04\/1bca4a722b9d51f680d18b9fd1bf4ce1_\u55e8\u683c\u5f0f\u538b\u7f29\u526f\u672c_\u7ed3\u679c-1024x640.webp 1024w, https:\/\/baolongtaisteel.com\/wp-content\/uploads\/2025\/04\/1bca4a722b9d51f680d18b9fd1bf4ce1_\u55e8\u683c\u5f0f\u538b\u7f29\u526f\u672c_\u7ed3\u679c-768x480.webp 768w, https:\/\/baolongtaisteel.com\/wp-content\/uploads\/2025\/04\/1bca4a722b9d51f680d18b9fd1bf4ce1_\u55e8\u683c\u5f0f\u538b\u7f29\u526f\u672c_\u7ed3\u679c-1536x960.webp 1536w\" sizes=\"(max-width: 1920px) 100vw, 1920px\" \/><\/h2>\n<h2>propri\u00e9t\u00e9s et propri\u00e9t\u00e9s chimiques :<\/h2>\n<h3>Propri\u00e9t\u00e9s physiques<\/h3>\n<h4>Apparence:<\/h4>\n<p>Pr\u00e9sente g\u00e9n\u00e9ralement un \u00e9clat m\u00e9tallique et une surface lisse. Son aspect varie selon les diff\u00e9rents proc\u00e9d\u00e9s de traitement de surface, tels que la surface 2B, la surface BA, la surface d\u00e9polie, la surface miroir, etc.<\/p>\n<h4>Densit\u00e9:<\/h4>\n<p>Elle varie l\u00e9g\u00e8rement en raison de la composition sp\u00e9cifique de l&#039;acier inoxydable, g\u00e9n\u00e9ralement entre 7,93 et 8,03 g\/cm3, par exemple, la densit\u00e9 de l&#039;acier inoxydable 304 est d&#039;environ 7,93 g\/cm3 et la densit\u00e9 de l&#039;acier inoxydable 316 est d&#039;environ 7,98 g\/cm3.<br \/>\nPoint de fusion : Le point de fusion des bobines d&#039;acier inoxydable est relativement \u00e9lev\u00e9, g\u00e9n\u00e9ralement autour de 1398-1454\u2103, et les points de fusion des diff\u00e9rents types d&#039;acier inoxydable varient.<\/p>\n<h4>Coefficient de dilatation thermique :<\/h4>\n<p>Dans la plage de temp\u00e9rature ambiante \u00e0 100\u2103, le coefficient de dilatation lin\u00e9aire moyen est d&#039;environ 16,0-18,5\u00d710\u207b\u2076\/\u2103, et le coefficient de dilatation thermique augmentera l\u00e9g\u00e8rement avec l&#039;augmentation de la temp\u00e9rature.<\/p>\n<h4>Conductivit\u00e9 thermique :<\/h4>\n<p>La conductivit\u00e9 thermique est relativement faible et se situe entre 16,3 et 21,5 W\/(m\u00b7K), ce qui ne repr\u00e9sente qu&#039;environ 1\/3 de l&#039;acier au carbone.<\/p>\n<h4>Conductivit\u00e9 \u00e9lectrique :<\/h4>\n<p>Il poss\u00e8de une certaine conductivit\u00e9 \u00e9lectrique, mais inf\u00e9rieure \u00e0 celle du cuivre, de l&#039;aluminium et d&#039;autres m\u00e9taux. Sa conductivit\u00e9 \u00e9lectrique est d&#039;environ 20% \u00e0 30% pour le cuivre.<\/p>\n<h2><img decoding=\"async\" class=\"alignnone size-full wp-image-208\" src=\"https:\/\/baolongtaisteel.com\/wp-content\/uploads\/2025\/04\/f28928161080a6d076d7a7cd01a5e2fc_\u55e8\u683c\u5f0f\u538b\u7f29\u526f\u672c_\u7ed3\u679c.webp\" alt=\"\" width=\"1920\" height=\"1200\" srcset=\"https:\/\/baolongtaisteel.com\/wp-content\/uploads\/2025\/04\/f28928161080a6d076d7a7cd01a5e2fc_\u55e8\u683c\u5f0f\u538b\u7f29\u526f\u672c_\u7ed3\u679c.webp 1920w, https:\/\/baolongtaisteel.com\/wp-content\/uploads\/2025\/04\/f28928161080a6d076d7a7cd01a5e2fc_\u55e8\u683c\u5f0f\u538b\u7f29\u526f\u672c_\u7ed3\u679c-600x375.webp 600w, https:\/\/baolongtaisteel.com\/wp-content\/uploads\/2025\/04\/f28928161080a6d076d7a7cd01a5e2fc_\u55e8\u683c\u5f0f\u538b\u7f29\u526f\u672c_\u7ed3\u679c-300x188.webp 300w, https:\/\/baolongtaisteel.com\/wp-content\/uploads\/2025\/04\/f28928161080a6d076d7a7cd01a5e2fc_\u55e8\u683c\u5f0f\u538b\u7f29\u526f\u672c_\u7ed3\u679c-1024x640.webp 1024w, https:\/\/baolongtaisteel.com\/wp-content\/uploads\/2025\/04\/f28928161080a6d076d7a7cd01a5e2fc_\u55e8\u683c\u5f0f\u538b\u7f29\u526f\u672c_\u7ed3\u679c-768x480.webp 768w, https:\/\/baolongtaisteel.com\/wp-content\/uploads\/2025\/04\/f28928161080a6d076d7a7cd01a5e2fc_\u55e8\u683c\u5f0f\u538b\u7f29\u526f\u672c_\u7ed3\u679c-1536x960.webp 1536w\" sizes=\"(max-width: 1920px) 100vw, 1920px\" \/><\/h2>\n<h3>Propri\u00e9t\u00e9s chimiques<\/h3>\n<h4>R\u00e9sistance \u00e0 la corrosion :<\/h4>\n<p>Il s&#039;agit de l&#039;une des propri\u00e9t\u00e9s chimiques les plus importantes des bobines en acier inoxydable. Gr\u00e2ce \u00e0 sa teneur \u00e9lev\u00e9e en chrome (Cr), il se forme facilement un film dense d&#039;oxyde de chrome \u00e0 la surface, \u00e0 l&#039;air libre. Ce film d&#039;oxyde emp\u00eache le m\u00e9tal interne de se mettre en contact avec l&#039;air, l&#039;eau et d&#039;autres milieux corrosifs, offrant ainsi une bonne r\u00e9sistance \u00e0 la corrosion. Lorsque la teneur en chrome d\u00e9passe 12%, la r\u00e9sistance \u00e0 la corrosion de l&#039;acier inoxydable est consid\u00e9rablement am\u00e9lior\u00e9e. Certaines bobines sp\u00e9ciales en acier inoxydable, comme l&#039;acier inoxydable 316, offrent une meilleure r\u00e9sistance \u00e0 la corrosion par les ions chlorure gr\u00e2ce \u00e0 l&#039;ajout de molybd\u00e8ne (Mo) et conviennent \u00e0 des environnements corrosifs plus s\u00e9v\u00e8res, comme les environnements marins.<\/p>\n<h4>Antioxydation :<\/h4>\n<p>\u00c0 temp\u00e9rature ambiante, les bobines en acier inoxydable pr\u00e9sentent une bonne r\u00e9sistance \u00e0 l&#039;oxydation. Dans les environnements \u00e0 haute temp\u00e9rature, le film d&#039;oxyde \u00e0 la surface de l&#039;acier inoxydable peut \u00e9galement jouer un r\u00f4le protecteur, emp\u00eachant le m\u00e9tal de s&#039;oxyder davantage. Cependant, avec l&#039;augmentation de la temp\u00e9rature, les performances antioxydantes varient, et les diff\u00e9rents types d&#039;acier inoxydable pr\u00e9sentent des capacit\u00e9s antioxydantes diff\u00e9rentes \u00e0 haute temp\u00e9rature. Par exemple, la couche d&#039;oxyde de l&#039;acier inoxydable 304 offre une bonne protection en dessous de 870 \u00b0C, mais \u00e0 des temp\u00e9ratures plus \u00e9lev\u00e9es, la vitesse d&#039;oxydation s&#039;acc\u00e9l\u00e8re.<\/p>\n<h4>Stabilit\u00e9 chimique :<\/h4>\n<p>Les bobines en acier inoxydable pr\u00e9sentent une bonne stabilit\u00e9 dans les milieux chimiques courants et ne r\u00e9agissent pas facilement avec les acides, les bases, les sels, etc. Cependant, dans certaines conditions sp\u00e9cifiques, comme des environnements fortement acides et alcalins, ou en pr\u00e9sence de catalyseurs sp\u00e9cifiques, l&#039;acier inoxydable peut \u00e9galement se corroder ou provoquer d&#039;autres r\u00e9actions chimiques. Par exemple, dans l&#039;acide sulfurique concentr\u00e9, l&#039;acier inoxydable peut \u00eatre passiv\u00e9, mais si la concentration et la temp\u00e9rature d&#039;acide sulfurique d\u00e9passent une certaine plage, il se corrode \u00e9galement.<\/p>\n<h4>Magn\u00e9tisme:<\/h4>\n<p>Certaines bobines en acier inoxydable sont magn\u00e9tiques, comme l&#039;acier inoxydable ferritique et l&#039;acier inoxydable martensitique, tandis que l&#039;acier inoxydable aust\u00e9nitique est g\u00e9n\u00e9ralement amagn\u00e9tique ou faiblement magn\u00e9tique. Cependant, lors de la transformation \u00e0 froid, l&#039;acier inoxydable aust\u00e9nitique peut produire un certain degr\u00e9 de magn\u00e9tisme.<\/p>\n<h2><\/h2>\n<h2><img decoding=\"async\" class=\"alignnone size-full wp-image-207\" src=\"https:\/\/baolongtaisteel.com\/wp-content\/uploads\/2025\/04\/ed995c1d48f99082d7bd8a74967b394e_\u55e8\u683c\u5f0f\u538b\u7f29\u526f\u672c_\u7ed3\u679c.webp\" alt=\"\" width=\"1918\" height=\"798\" srcset=\"https:\/\/baolongtaisteel.com\/wp-content\/uploads\/2025\/04\/ed995c1d48f99082d7bd8a74967b394e_\u55e8\u683c\u5f0f\u538b\u7f29\u526f\u672c_\u7ed3\u679c.webp 1918w, https:\/\/baolongtaisteel.com\/wp-content\/uploads\/2025\/04\/ed995c1d48f99082d7bd8a74967b394e_\u55e8\u683c\u5f0f\u538b\u7f29\u526f\u672c_\u7ed3\u679c-600x250.webp 600w, https:\/\/baolongtaisteel.com\/wp-content\/uploads\/2025\/04\/ed995c1d48f99082d7bd8a74967b394e_\u55e8\u683c\u5f0f\u538b\u7f29\u526f\u672c_\u7ed3\u679c-300x125.webp 300w, https:\/\/baolongtaisteel.com\/wp-content\/uploads\/2025\/04\/ed995c1d48f99082d7bd8a74967b394e_\u55e8\u683c\u5f0f\u538b\u7f29\u526f\u672c_\u7ed3\u679c-1024x426.webp 1024w, https:\/\/baolongtaisteel.com\/wp-content\/uploads\/2025\/04\/ed995c1d48f99082d7bd8a74967b394e_\u55e8\u683c\u5f0f\u538b\u7f29\u526f\u672c_\u7ed3\u679c-768x320.webp 768w, https:\/\/baolongtaisteel.com\/wp-content\/uploads\/2025\/04\/ed995c1d48f99082d7bd8a74967b394e_\u55e8\u683c\u5f0f\u538b\u7f29\u526f\u672c_\u7ed3\u679c-1536x639.webp 1536w\" sizes=\"(max-width: 1918px) 100vw, 1918px\" \/><\/h2>\n<h2>Application:<\/h2>\n<div>Les bobines d&#039;acier inoxydable sont largement utilis\u00e9es dans de nombreux domaines gr\u00e2ce \u00e0 leurs caract\u00e9ristiques telles que la r\u00e9sistance \u00e0 la corrosion, la haute r\u00e9sistance et l&#039;esth\u00e9tique de leur surface. En d\u00e9coration architecturale, elles sont utilis\u00e9es pour la fabrication de murs-rideaux, de cabines d&#039;ascenseur et de plafonds m\u00e9talliques, ce qui non seulement rehausse l&#039;aspect des b\u00e2timents, mais r\u00e9siste \u00e9galement \u00e0 l&#039;\u00e9rosion due au vent et \u00e0 la pluie. Dans la fabrication d&#039;appareils \u00e9lectrom\u00e9nagers, les bobines d&#039;acier inoxydable sont couramment utilis\u00e9es pour des pi\u00e8ces telles que les panneaux de r\u00e9frig\u00e9rateurs, les tambours int\u00e9rieurs de machines \u00e0 laver et les bo\u00eetiers de climatiseurs, r\u00e9pondant ainsi aux exigences d&#039;hygi\u00e8ne tout en am\u00e9liorant leur durabilit\u00e9. Dans les industries agroalimentaire et pharmaceutique, gr\u00e2ce \u00e0 leur propret\u00e9, leur non-toxicit\u00e9 et leur facilit\u00e9 de d\u00e9sinfection, elles sont utilis\u00e9es pour la fabrication de r\u00e9servoirs de stockage, d&#039;\u00e9quipements de transport et de canalisations pharmaceutiques. Dans le secteur des transports, elles sont utilis\u00e9es pour les syst\u00e8mes d&#039;\u00e9chappement des automobiles et les int\u00e9rieurs de rames de m\u00e9tro afin d&#039;obtenir un \u00e9quilibre entre l\u00e9g\u00e8ret\u00e9 et r\u00e9sistance \u00e0 la corrosion. Elles sont \u00e9galement utilis\u00e9es dans la fabrication d&#039;\u00e9quipements chimiques, tels que les rev\u00eatements de r\u00e9acteurs et les canalisations de transport, qui r\u00e9sistent aux agents chimiques tels que les acides et les bases, garantissant ainsi la s\u00e9curit\u00e9 de la production.<\/div>\n<h1><\/h1>","protected":false},"excerpt":{"rendered":"<h4 class=\"elementor-heading-title elementor-size-default\" style=\"text-align: center; padding-bottom: 30px;\">Bobine en acier inoxydable<\/h4>\n<div>Les bobines d&#039;acier inoxydable sont fabriqu\u00e9es \u00e0 partir d&#039;acier inoxydable. Elles contiennent des \u00e9l\u00e9ments d&#039;alliage tels que le chrome et le nickel. Une couche d&#039;oxyde dense se forme \u00e0 la surface, lui conf\u00e9rant une excellente r\u00e9sistance \u00e0 la corrosion et \u00e0 l&#039;oxydation. Selon le mat\u00e9riau, elles sont class\u00e9es en aust\u00e9nite et en ferrite. Elles sont obtenues par laminage \u00e0 froid ou \u00e0 chaud et pr\u00e9sentent diff\u00e9rents traitements de surface. Largement utilis\u00e9 dans des domaines tels que la d\u00e9coration architecturale, la fabrication d&#039;appareils \u00e9lectrom\u00e9nagers, l&#039;agroalimentaire et la m\u00e9decine, c&#039;est un mat\u00e9riau m\u00e9tallique important, \u00e0 la fois pratique et esth\u00e9tique.<\/div>\n<div>\n<hr class=\"dongte456custom-line\" \/>\n<\/div>\n<div style=\"padding-bottom: 5px;\">Cat\u00e9gorie : Bobine en acier inoxydable<\/div>\n<div>Mot cl\u00e9 : Bobine en acier inoxydable<\/div>\n<div>\n<hr \/>\n<\/div>\n<p><img loading=\"lazy\" decoding=\"async\" class=\"alignnone wp-image-257\" src=\"https:\/\/baolongtaisteel.com\/wp-content\/uploads\/2025\/04\/\u7535\u8bdd\u56fe\u6807.jpg\" alt=\"\" width=\"48\" height=\"50\" \/>\u00a0 WhatsApp :<a href=\"https:\/\/api.whatsapp.com\/send?phone=8613963585512\" target=\"_blank\" rel=\"noopener\">\u00a0+8613963585512 <\/a><\/p>\n<div>\n<hr \/>\n<\/div>\n<p><img loading=\"lazy\" decoding=\"async\" class=\"alignnone wp-image-258\" src=\"https:\/\/baolongtaisteel.com\/wp-content\/uploads\/2025\/04\/\u90ae\u7bb1\u56fe\u6807.jpg\" alt=\"\" width=\"48\" height=\"55\" \/>\u00a0\u00a0E-mail : <a href=\"rachel@sdxhjmetal.com\" target=\"_blank\" rel=\"noopener\">\u00a0rachel@sdxhjmetal.com<\/a><\/p>\n<div>\n<hr \/>\n<\/div>\n<h3><\/h3>\n<div class=\"productaddbutton-container\">\n<div class=\"productaddbutton-wrapper\"><a class=\"productaddbutton\" href=\"https:\/\/baolongtaisteel.com\/index.php\/product\/\">Liste des produits<\/a><\/div>\n<div class=\"productaddbutton-wrapper\"><a class=\"productaddbutton\" href=\"#formSectiondongte\">Contactez-nous<\/a><\/div>\n<\/div>\n<div><\/div>","protected":false},"featured_media":201,"comment_status":"open","ping_status":"closed","template":"","meta":[],"product_brand":[],"product_cat":[16],"product_tag":[],"class_list":{"0":"post-74","1":"product","2":"type-product","3":"status-publish","4":"has-post-thumbnail","6":"product_cat-stainless-steel","8":"first","9":"instock","10":"shipping-taxable","11":"product-type-simple"},"_links":{"self":[{"href":"https:\/\/baolongtaisteel.com\/fr\/wp-json\/wp\/v2\/product\/74","targetHints":{"allow":["GET"]}}],"collection":[{"href":"https:\/\/baolongtaisteel.com\/fr\/wp-json\/wp\/v2\/product"}],"about":[{"href":"https:\/\/baolongtaisteel.com\/fr\/wp-json\/wp\/v2\/types\/product"}],"replies":[{"embeddable":true,"href":"https:\/\/baolongtaisteel.com\/fr\/wp-json\/wp\/v2\/comments?post=74"}],"wp:featuredmedia":[{"embeddable":true,"href":"https:\/\/baolongtaisteel.com\/fr\/wp-json\/wp\/v2\/media\/201"}],"wp:attachment":[{"href":"https:\/\/baolongtaisteel.com\/fr\/wp-json\/wp\/v2\/media?parent=74"}],"wp:term":[{"taxonomy":"product_brand","embeddable":true,"href":"https:\/\/baolongtaisteel.com\/fr\/wp-json\/wp\/v2\/product_brand?post=74"},{"taxonomy":"product_cat","embeddable":true,"href":"https:\/\/baolongtaisteel.com\/fr\/wp-json\/wp\/v2\/product_cat?post=74"},{"taxonomy":"product_tag","embeddable":true,"href":"https:\/\/baolongtaisteel.com\/fr\/wp-json\/wp\/v2\/product_tag?post=74"}],"curies":[{"name":"wp","href":"https:\/\/api.w.org\/{rel}","templated":true}]}}