{"id":77,"date":"2025-04-25T16:58:43","date_gmt":"2025-04-25T08:58:43","guid":{"rendered":"https:\/\/baolongtaisteel.com\/?post_type=product&#038;p=77"},"modified":"2025-04-25T16:58:43","modified_gmt":"2025-04-25T08:58:43","slug":"barre-en-acier-inoxydable","status":"publish","type":"product","link":"https:\/\/baolongtaisteel.com\/fr\/product\/barre-en-acier-inoxydable\/","title":{"rendered":"Barre en acier inoxydable"},"content":{"rendered":"<h2 style=\"text-align: left;\">\u00a0\u00a0Tableau des d\u00e9tails du produit :<\/h2>\n<table class=\"tg\" style=\"border-collapse: collapse; border-spacing: 0;\">\n<thead>\n<tr>\n<th style=\"background-color: #9b9b9b; color: #ffffff; font-family: Arial, sans-serif; font-size: 14px; font-weight: bold; overflow: hidden; padding: 10px 5px; vertical-align: top; word-break: normal; border: 1px solid black; text-align: center;\"><span style=\"font-weight: 600;\">Articles<\/span><\/th>\n<th style=\"background-color: #9b9b9b; color: #fff; font-family: Arial, sans-serif; font-size: 14px; font-weight: bold; overflow: hidden; padding: 10px 5px; text-align: left; vertical-align: top; word-break: normal; border: 1px solid black;\"><span style=\"font-weight: 600;\">D\u00e9tails<\/span><\/th>\n<\/tr>\n<\/thead>\n<tbody>\n<tr>\n<td style=\"background-color: #ffffff; font-family: Arial, sans-serif; font-size: 14px; overflow: hidden; padding: 10px 5px; vertical-align: top; word-break: normal; border: 1px solid black; text-align: center;\"><span style=\"font-weight: 400; color: var(--md-box-samantha-normal-text-color);\">Fabrication de machines<\/span><\/td>\n<td style=\"background-color: #ffffff; font-family: Arial, sans-serif; font-size: 14px; overflow: hidden; padding: 10px 5px; text-align: left; vertical-align: top; word-break: normal; border: 1px solid black;\"><span style=\"font-weight: 400; color: var(--md-box-samantha-normal-text-color);\">Utilis\u00e9 pour fabriquer des pi\u00e8ces m\u00e9caniques telles que des arbres, des engrenages, des boulons et des \u00e9crous.<\/span><\/td>\n<\/tr>\n<tr>\n<td style=\"background-color: #efefef; font-family: Arial, sans-serif; font-size: 14px; overflow: hidden; padding: 10px 5px; vertical-align: top; word-break: normal; border: 1px solid black; text-align: center;\"><span style=\"font-weight: 400; color: var(--md-box-samantha-normal-text-color);\">Dispositifs m\u00e9dicaux<\/span><\/td>\n<td style=\"background-color: #efefef; font-family: Arial, sans-serif; font-size: 14px; overflow: hidden; padding: 10px 5px; text-align: left; vertical-align: top; word-break: normal; border: 1px solid black;\"><span style=\"font-weight: 400; color: var(--md-box-samantha-normal-text-color);\">Utilis\u00e9 pour fabriquer des \u00e9quipements et instruments m\u00e9dicaux tels que des scalpels, des instruments chirurgicaux et des implants.<\/span><\/td>\n<\/tr>\n<tr>\n<td style=\"background-color: #ffffff; font-family: Arial, sans-serif; font-size: 14px; overflow: hidden; padding: 10px 5px; vertical-align: top; word-break: normal; border: 1px solid black; text-align: center;\"><span style=\"font-weight: 400; color: var(--md-box-samantha-normal-text-color);\">D\u00e9coration architecturale<\/span><\/td>\n<td style=\"background-color: #ffffff; font-family: Arial, sans-serif; font-size: 14px; overflow: hidden; padding: 10px 5px; text-align: left; vertical-align: top; word-break: normal; border: 1px solid black;\"><span style=\"font-weight: 400; color: var(--md-box-samantha-normal-text-color);\">Utilis\u00e9 pour les projets de d\u00e9coration architecturale tels que les balustrades, les mains courantes, les sculptures, les portes et les fen\u00eatres.<\/span><\/td>\n<\/tr>\n<tr>\n<td style=\"background-color: #efefef; font-family: Arial, sans-serif; font-size: 14px; overflow: hidden; padding: 10px 5px; vertical-align: top; word-break: normal; border: 1px solid black; text-align: center;\"><span style=\"font-weight: 400; color: var(--md-box-samantha-normal-text-color);\">Transformation des aliments<\/span><\/td>\n<td style=\"background-color: #efefef; font-family: Arial, sans-serif; font-size: 14px; overflow: hidden; padding: 10px 5px; text-align: left; vertical-align: top; word-break: normal; border: 1px solid black;\"><span style=\"font-weight: 400; color: var(--md-box-samantha-normal-text-color);\">Utilis\u00e9 pour produire des machines alimentaires, des conteneurs, des pipelines, etc., r\u00e9pondant aux normes d&#039;hygi\u00e8ne alimentaire.<\/span><\/td>\n<\/tr>\n<tr>\n<td style=\"background-color: #ffffff; font-family: Arial, sans-serif; font-size: 14px; overflow: hidden; padding: 10px 5px; vertical-align: top; word-break: normal; border: 1px solid black; text-align: center;\"><span style=\"font-weight: 400; color: var(--md-box-samantha-normal-text-color);\">\u00c9quipement chimique<\/span><\/td>\n<td style=\"background-color: #ffffff; font-family: Arial, sans-serif; font-size: 14px; overflow: hidden; padding: 10px 5px; text-align: left; vertical-align: top; word-break: normal; border: 1px solid black;\"><span style=\"font-weight: 400; color: var(--md-box-samantha-normal-text-color);\">Utilis\u00e9 pour fabriquer des composants d&#039;\u00e9quipements chimiques tels que des bouilloires de r\u00e9action, des pipelines et des vannes.<\/span><\/td>\n<\/tr>\n<tr>\n<td style=\"background-color: #efefef; font-family: Arial, sans-serif; font-size: 14px; overflow: hidden; padding: 10px 5px; vertical-align: top; word-break: normal; border: 1px solid black; text-align: center;\"><span style=\"font-weight: 400; color: var(--md-box-samantha-normal-text-color);\">\u00c9lectronique et appareils \u00e9lectriques<\/span><\/td>\n<td style=\"background-color: #efefef; font-family: Arial, sans-serif; font-size: 14px; overflow: hidden; padding: 10px 5px; text-align: left; vertical-align: top; word-break: normal; border: 1px solid black;\"><span style=\"font-weight: 400; color: var(--md-box-samantha-normal-text-color);\">Utilis\u00e9 pour fabriquer les coques, les connecteurs, les composants de dissipation thermique, etc. des appareils \u00e9lectroniques.<\/span><\/td>\n<\/tr>\n<tr>\n<td style=\"background-color: #ffffff; font-family: Arial, sans-serif; font-size: 14px; font-weight: bold; overflow: hidden; padding: 10px 5px; vertical-align: top; word-break: normal; border: 1px solid black; text-align: center;\"><span style=\"font-weight: 600; color: var(--md-box-samantha-deep-text-color);\">Normes de qualit\u00e9<\/span><\/td>\n<td style=\"background-color: #ffffff; font-family: Arial, sans-serif; font-size: 14px; overflow: hidden; padding: 10px 5px; text-align: left; vertical-align: top; word-break: normal; border: 1px solid black;\"><span style=\"font-weight: 400; color: var(--md-box-samantha-normal-text-color);\">Conform\u00e9ment aux normes nationales et internationales pertinentes telles que GB\/T 1220, ASTM A276, JIS G4303, etc. Des rapports sur les mat\u00e9riaux et des certificats de qualit\u00e9 peuvent \u00eatre fournis.<\/span><\/td>\n<\/tr>\n<tr>\n<td style=\"background-color: #efefef; font-family: Arial, sans-serif; font-size: 14px; font-weight: bold; overflow: hidden; padding: 10px 5px; vertical-align: top; word-break: normal; border: 1px solid black; text-align: center;\"><span style=\"font-weight: 600; color: var(--md-box-samantha-deep-text-color);\">M\u00e9thode d&#039;emballage<\/span><\/td>\n<td style=\"background-color: #efefef; font-family: Arial, sans-serif; font-size: 14px; overflow: hidden; padding: 10px 5px; text-align: left; vertical-align: top; word-break: normal; border: 1px solid black;\"><span style=\"font-weight: 400; color: var(--md-box-samantha-normal-text-color);\">Emballage en film plastique, emballage en sac tiss\u00e9, emballage en bo\u00eete en bois, etc. pour \u00e9viter les dommages pendant le transport et le stockage.<\/span><\/td>\n<\/tr>\n<tr>\n<td style=\"background-color: #ffffff; font-family: Arial, sans-serif; font-size: 14px; font-weight: bold; overflow: hidden; padding: 10px 5px; vertical-align: top; word-break: normal; border: 1px solid black; text-align: center;\"><span style=\"font-weight: 600; color: var(--md-box-samantha-deep-text-color);\">Prix<\/span><\/td>\n<td style=\"background-color: #ffffff; font-family: Arial, sans-serif; font-size: 14px; overflow: hidden; padding: 10px 5px; text-align: left; vertical-align: top; word-break: normal; border: 1px solid black;\"><span style=\"font-weight: 400; color: var(--md-box-samantha-normal-text-color);\">Sous r\u00e9serve de facteurs tels que le mat\u00e9riau, les sp\u00e9cifications, la quantit\u00e9 et les conditions du march\u00e9. Veuillez consulter le service commercial pour conna\u00eetre les tarifs sp\u00e9cifiques.<\/span><\/td>\n<\/tr>\n<tr>\n<td style=\"background-color: #efefef; font-family: Arial, sans-serif; font-size: 14px; font-weight: bold; overflow: hidden; padding: 10px 5px; vertical-align: top; word-break: normal; border: 1px solid black; text-align: center;\"><span style=\"font-weight: 600; color: var(--md-box-samantha-deep-text-color);\">D\u00e9lai de livraison<\/span><\/td>\n<td style=\"background-color: #efefef; font-family: Arial, sans-serif; font-size: 14px; overflow: hidden; padding: 10px 5px; text-align: left; vertical-align: top; word-break: normal; border: 1px solid black;\"><span style=\"font-weight: 400; color: var(--md-box-samantha-normal-text-color);\">3 \u00e0 7 jours pour les produits de sp\u00e9cifications r\u00e9guli\u00e8res et 10 \u00e0 20 jours pour les produits personnalis\u00e9s (le d\u00e9lai sp\u00e9cifique est d\u00e9termin\u00e9 en fonction de la situation r\u00e9elle de la commande).<\/span><\/td>\n<\/tr>\n<tr>\n<td style=\"background-color: #ffffff; font-family: Arial, sans-serif; font-size: 14px; font-weight: bold; overflow: hidden; padding: 10px 5px; vertical-align: top; word-break: normal; border: 1px solid black; text-align: center;\"><span style=\"font-weight: 600; color: var(--md-box-samantha-deep-text-color);\">Mode de paiement<\/span><\/td>\n<td style=\"background-color: #ffffff; font-family: Arial, sans-serif; font-size: 14px; overflow: hidden; padding: 10px 5px; text-align: left; vertical-align: top; word-break: normal; border: 1px solid black;\"><span style=\"font-weight: 400; color: var(--md-box-samantha-normal-text-color);\">T\/T (virement t\u00e9l\u00e9graphique), L\/C (lettre de cr\u00e9dit), etc. Le mode de paiement sp\u00e9cifique peut \u00eatre n\u00e9goci\u00e9 et d\u00e9termin\u00e9.<\/span><\/td>\n<\/tr>\n<tr>\n<td style=\"background-color: #efefef; font-family: Arial, sans-serif; font-size: 14px; font-weight: bold; overflow: hidden; padding: 10px 5px; vertical-align: top; word-break: normal; border: 1px solid black; text-align: center;\"><span style=\"font-weight: 600; color: var(--md-box-samantha-deep-text-color);\">Service apr\u00e8s-vente<\/span><\/td>\n<td style=\"background-color: #efefef; font-family: Arial, sans-serif; font-size: 14px; overflow: hidden; padding: 10px 5px; text-align: left; vertical-align: top; word-break: normal; border: 1px solid black;\"><span style=\"font-weight: 400; color: var(--md-box-samantha-normal-text-color);\">Nous fournissons un support technique et des solutions aux probl\u00e8mes de qualit\u00e9. Les produits peuvent \u00eatre retourn\u00e9s ou \u00e9chang\u00e9s en cas de probl\u00e8me de qualit\u00e9.<\/span><\/td>\n<\/tr>\n<\/tbody>\n<\/table>\n<p>&nbsp;<\/p>\n<h2 style=\"text-align: left;\"><img fetchpriority=\"high\" decoding=\"async\" class=\"alignnone size-full wp-image-247\" src=\"https:\/\/baolongtaisteel.com\/wp-content\/uploads\/2025\/04\/\u68d22.jpg\" alt=\"\" width=\"1920\" height=\"1200\" srcset=\"https:\/\/baolongtaisteel.com\/wp-content\/uploads\/2025\/04\/\u68d22.jpg 1920w, https:\/\/baolongtaisteel.com\/wp-content\/uploads\/2025\/04\/\u68d22-600x375.jpg 600w, https:\/\/baolongtaisteel.com\/wp-content\/uploads\/2025\/04\/\u68d22-300x188.jpg 300w, https:\/\/baolongtaisteel.com\/wp-content\/uploads\/2025\/04\/\u68d22-1024x640.jpg 1024w, https:\/\/baolongtaisteel.com\/wp-content\/uploads\/2025\/04\/\u68d22-768x480.jpg 768w, https:\/\/baolongtaisteel.com\/wp-content\/uploads\/2025\/04\/\u68d22-1536x960.jpg 1536w\" sizes=\"(max-width: 1920px) 100vw, 1920px\" \/><\/h2>\n<h2>Propri\u00e9t\u00e9s physiques et chimiques :<\/h2>\n<h3>Propri\u00e9t\u00e9s physiques<\/h3>\n<h4>Apparence:<\/h4>\n<p>Il pr\u00e9sente g\u00e9n\u00e9ralement une couleur m\u00e9tallique blanc argent\u00e9, avec une surface lisse et brillante. Diff\u00e9rents effets de surface peuvent \u00eatre obtenus gr\u00e2ce \u00e0 diff\u00e9rents proc\u00e9d\u00e9s de traitement, tels que le polissage miroir, le brossage, etc.<\/p>\n<h4>Densit\u00e9:<\/h4>\n<p>La densit\u00e9 est g\u00e9n\u00e9ralement comprise entre 7,93 et 8,00 g\/cm\u00b3. Par exemple, la densit\u00e9 de l&#039;acier inoxydable 304, couramment utilis\u00e9, est d&#039;environ 7,93 g\/cm\u00b3, et celle de l&#039;acier inoxydable 316 d&#039;environ 7,98 g\/cm\u00b3, ce qui est l\u00e9g\u00e8rement sup\u00e9rieur \u00e0 celui de l&#039;acier au carbone ordinaire.<\/p>\n<h4>Point de fusion:<\/h4>\n<p>Le point de fusion est relativement \u00e9lev\u00e9, g\u00e9n\u00e9ralement compris entre 1\u00a0398 et 1\u00a0454 \u00b0C. Par exemple, le point de fusion de l&#039;acier inoxydable 304 est d&#039;environ 1\u00a0400 \u00e0 1\u00a0450 \u00b0C, ce qui lui conf\u00e8re une bonne stabilit\u00e9 dans les environnements \u00e0 haute temp\u00e9rature.<\/p>\n<h4>Coefficient de dilatation thermique :<\/h4>\n<p>Le coefficient de dilatation thermique est relativement faible. Entre la temp\u00e9rature ambiante et 100 \u00b0C, le coefficient de dilatation thermique de l&#039;acier inoxydable 304 est d&#039;environ 17,2 \u00d7 10\u207b\u2076\/\u00b0C. Cette caract\u00e9ristique lui permet de conserver une bonne stabilit\u00e9 dimensionnelle dans un environnement soumis \u00e0 de fortes variations de temp\u00e9rature.<\/p>\n<h4>Conductivit\u00e9 thermique :<\/h4>\n<p>La conductivit\u00e9 thermique est faible et son coefficient de conductivit\u00e9 thermique est d&#039;environ 16 \u00e0 27 W\/(m\u30fbK), ce qui est bien inf\u00e9rieur \u00e0 celui du cuivre, de l&#039;aluminium et d&#039;autres m\u00e9taux, il pr\u00e9sente donc certaines performances d&#039;isolation thermique.<\/p>\n<h4>Conductivit\u00e9 \u00e9lectrique :<\/h4>\n<p>Il poss\u00e8de une certaine conductivit\u00e9 \u00e9lectrique, mais celle-ci est relativement faible. La conductivit\u00e9 de l&#039;acier inoxydable 304 est d&#039;environ 1,4 \u00d7 10\u2076 S\/m, soit environ 41 TP3T de celle du cuivre.<\/p>\n<h2 style=\"text-align: left;\"><img decoding=\"async\" class=\"alignnone size-full wp-image-246\" src=\"https:\/\/baolongtaisteel.com\/wp-content\/uploads\/2025\/04\/\u68d21.jpg\" alt=\"\" width=\"1920\" height=\"1200\" srcset=\"https:\/\/baolongtaisteel.com\/wp-content\/uploads\/2025\/04\/\u68d21.jpg 1920w, https:\/\/baolongtaisteel.com\/wp-content\/uploads\/2025\/04\/\u68d21-600x375.jpg 600w, https:\/\/baolongtaisteel.com\/wp-content\/uploads\/2025\/04\/\u68d21-300x188.jpg 300w, https:\/\/baolongtaisteel.com\/wp-content\/uploads\/2025\/04\/\u68d21-1024x640.jpg 1024w, https:\/\/baolongtaisteel.com\/wp-content\/uploads\/2025\/04\/\u68d21-768x480.jpg 768w, https:\/\/baolongtaisteel.com\/wp-content\/uploads\/2025\/04\/\u68d21-1536x960.jpg 1536w\" sizes=\"(max-width: 1920px) 100vw, 1920px\" \/><\/h2>\n<h3>Propri\u00e9t\u00e9s chimiques<\/h3>\n<h4>R\u00e9sistance \u00e0 la corrosion :<\/h4>\n<p>Il s&#039;agit de l&#039;une des propri\u00e9t\u00e9s chimiques les plus importantes des barres d&#039;acier inoxydable. Gr\u00e2ce \u00e0 la formation d&#039;un film de passivation dense \u00e0 sa surface, ce film emp\u00eache l&#039;oxyg\u00e8ne, l&#039;eau, etc., d&#039;entrer en contact avec la matrice m\u00e9tallique, pr\u00e9venant ainsi efficacement la corrosion. Par exemple, l&#039;acier inoxydable 304 pr\u00e9sente une bonne r\u00e9sistance \u00e0 la corrosion dans des environnements tels que l&#039;atmosph\u00e8re, l&#039;eau et les acides et bases faibles\u00a0; l&#039;acier inoxydable 316 contient du molybd\u00e8ne, plus r\u00e9sistant \u00e0 la corrosion par les ions chlorure et souvent utilis\u00e9 en milieu marin ou chimique expos\u00e9 aux ions chlorure.<\/p>\n<h4>Antioxydation :<\/h4>\n<p>Les barres d&#039;acier inoxydable pr\u00e9sentent une bonne r\u00e9sistance \u00e0 l&#039;oxydation, tant \u00e0 temp\u00e9rature ambiante qu&#039;\u00e0 des temp\u00e9ratures plus \u00e9lev\u00e9es. Par exemple, les tiges d&#039;acier inoxydable 310S peuvent supporter des temp\u00e9ratures \u00e9lev\u00e9es dans des environnements \u00e0 haute temp\u00e9rature sans s&#039;oxyder facilement et peuvent \u00eatre utilis\u00e9es dans les tubes de fours \u00e0 haute temp\u00e9rature, entre autres.<\/p>\n<h4>Stabilit\u00e9 chimique :<\/h4>\n<p>En milieu chimique g\u00e9n\u00e9ral, les tiges en acier inoxydable pr\u00e9sentent une grande stabilit\u00e9 chimique et ne r\u00e9agissent pas facilement avec les produits chimiques courants. Cependant, dans certains milieux fortement corrosifs, tels que l&#039;acide nitrique concentr\u00e9 et l&#039;acide fluorhydrique, leur r\u00e9sistance \u00e0 la corrosion peut \u00eatre affect\u00e9e.<\/p>\n<h4>Passivation:<\/h4>\n<p>Apr\u00e8s exposition \u00e0 l&#039;air libre ou apr\u00e8s un traitement de passivation, un film de passivation se forme \u00e0 la surface de la tige en acier inoxydable. Ce film am\u00e9liore la r\u00e9sistance \u00e0 la corrosion et \u00e0 l&#039;oxydation de l&#039;acier inoxydable. Le traitement de passivation consiste g\u00e9n\u00e9ralement \u00e0 immerger la tige en acier inoxydable dans une solution contenant un oxydant, tel que l&#039;acide nitrique ou le bichromate de potassium, afin de favoriser la formation et la r\u00e9paration du film de passivation.<\/p>\n<h2 style=\"text-align: left;\"><img decoding=\"async\" class=\"alignnone size-full wp-image-248\" src=\"https:\/\/baolongtaisteel.com\/wp-content\/uploads\/2025\/04\/\u68d23.jpg\" alt=\"\" width=\"1920\" height=\"1200\" srcset=\"https:\/\/baolongtaisteel.com\/wp-content\/uploads\/2025\/04\/\u68d23.jpg 1920w, https:\/\/baolongtaisteel.com\/wp-content\/uploads\/2025\/04\/\u68d23-600x375.jpg 600w, https:\/\/baolongtaisteel.com\/wp-content\/uploads\/2025\/04\/\u68d23-300x188.jpg 300w, https:\/\/baolongtaisteel.com\/wp-content\/uploads\/2025\/04\/\u68d23-1024x640.jpg 1024w, https:\/\/baolongtaisteel.com\/wp-content\/uploads\/2025\/04\/\u68d23-768x480.jpg 768w, https:\/\/baolongtaisteel.com\/wp-content\/uploads\/2025\/04\/\u68d23-1536x960.jpg 1536w\" sizes=\"(max-width: 1920px) 100vw, 1920px\" \/><\/h2>\n<h2>Application:<\/h2>\n<p>Les barres en acier inoxydable sont largement utilis\u00e9es dans de nombreux domaines gr\u00e2ce \u00e0 leur excellente r\u00e9sistance \u00e0 la corrosion, leur grande r\u00e9sistance et leurs excellentes performances de mise en \u0153uvre. Dans le domaine des dispositifs m\u00e9dicaux, elles sont utilis\u00e9es pour la fabrication de scalpels, d&#039;implants, etc. Leur st\u00e9rilit\u00e9 et leur biocompatibilit\u00e9 garantissent la s\u00e9curit\u00e9. Dans l&#039;industrie de la d\u00e9coration, elles sont souvent utilis\u00e9es pour cr\u00e9er des garde-corps, des mains courantes et des sculptures artistiques, \u00e0 la fois esth\u00e9tiques et durables. En fabrication m\u00e9canique, elles peuvent \u00eatre transform\u00e9es en composants cl\u00e9s tels que des arbres et des engrenages pour garantir la stabilit\u00e9 des \u00e9quipements. Dans l&#039;industrie agroalimentaire, les machines et les contenants alimentaires sont fabriqu\u00e9s conform\u00e9ment aux normes d&#039;hygi\u00e8ne. De plus, dans les secteurs des \u00e9quipements chimiques et \u00e9lectroniques, les barres en acier inoxydable sont \u00e9galement indispensables. Elles sont utilis\u00e9es pour la fabrication de r\u00e9acteurs, de vannes, de bo\u00eetiers d&#039;\u00e9quipements \u00e9lectroniques, etc., et s&#039;adaptent \u00e0 des environnements de travail complexes.<\/p>","protected":false},"excerpt":{"rendered":"<h4 class=\"elementor-heading-title elementor-size-default\" style=\"text-align: center; padding-bottom: 30px;\">Barre en acier inoxydable<\/h4>\n<div>Les barres d&#039;acier inoxydable sont des aciers principalement compos\u00e9s d&#039;\u00e9l\u00e9ments d&#039;alliage tels que le chrome et le nickel. Elles sont fabriqu\u00e9es par des proc\u00e9d\u00e9s tels que le laminage \u00e0 chaud et l&#039;\u00e9tirage \u00e0 froid. Les nuances courantes incluent le 304, le 316, etc. Elles offrent une r\u00e9sistance \u00e9lev\u00e9e \u00e0 la corrosion et \u00e0 l&#039;oxydation, et s&#039;adaptent \u00e0 des environnements complexes. Apr\u00e8s traitement, elles peuvent pr\u00e9senter divers effets de surface. Elles sont largement utilis\u00e9es dans des domaines tels que la m\u00e9decine, l&#039;architecture et l&#039;ing\u00e9nierie. C&#039;est un mat\u00e9riau essentiel \u00e0 l&#039;industrie et \u00e0 la vie modernes.<\/div>\n<div>\n<hr class=\"dongte456custom-line\" \/>\n<\/div>\n<div style=\"padding-bottom: 5px;\">Cat\u00e9gorie : Barre en acier inoxydable<\/div>\n<div>Mot cl\u00e9 : Barre en acier inoxydable<\/div>\n<div>\n<hr \/>\n<\/div>\n<p><img loading=\"lazy\" decoding=\"async\" class=\"alignnone wp-image-257\" src=\"https:\/\/baolongtaisteel.com\/wp-content\/uploads\/2025\/04\/\u7535\u8bdd\u56fe\u6807.jpg\" alt=\"\" width=\"48\" height=\"50\" \/>\u00a0 WhatsApp :<a href=\"https:\/\/api.whatsapp.com\/send?phone=8613963585512\" target=\"_blank\" rel=\"noopener\">\u00a0+8613963585512 <\/a><\/p>\n<div>\n<hr \/>\n<\/div>\n<p><img loading=\"lazy\" decoding=\"async\" class=\"alignnone wp-image-258\" src=\"https:\/\/baolongtaisteel.com\/wp-content\/uploads\/2025\/04\/\u90ae\u7bb1\u56fe\u6807.jpg\" alt=\"\" width=\"48\" height=\"55\" \/>\u00a0\u00a0E-mail : <a href=\"rachel@sdxhjmetal.com\" target=\"_blank\" rel=\"noopener\">\u00a0rachel@sdxhjmetal.com<\/a><\/p>\n<div>\n<hr \/>\n<\/div>\n<h3><\/h3>\n<div class=\"productaddbutton-container\">\n<div class=\"productaddbutton-wrapper\"><a class=\"productaddbutton\" href=\"https:\/\/baolongtaisteel.com\/index.php\/product\/\">Liste des produits<\/a><\/div>\n<div class=\"productaddbutton-wrapper\"><a class=\"productaddbutton\" href=\"#formSectiondongte\">Contactez-nous<\/a><\/div>\n<\/div>\n<div><\/div>","protected":false},"featured_media":250,"comment_status":"open","ping_status":"closed","template":"","meta":[],"product_brand":[],"product_cat":[16],"product_tag":[],"class_list":{"0":"post-77","1":"product","2":"type-product","3":"status-publish","4":"has-post-thumbnail","6":"product_cat-stainless-steel","8":"first","9":"instock","10":"shipping-taxable","11":"product-type-simple"},"_links":{"self":[{"href":"https:\/\/baolongtaisteel.com\/fr\/wp-json\/wp\/v2\/product\/77","targetHints":{"allow":["GET"]}}],"collection":[{"href":"https:\/\/baolongtaisteel.com\/fr\/wp-json\/wp\/v2\/product"}],"about":[{"href":"https:\/\/baolongtaisteel.com\/fr\/wp-json\/wp\/v2\/types\/product"}],"replies":[{"embeddable":true,"href":"https:\/\/baolongtaisteel.com\/fr\/wp-json\/wp\/v2\/comments?post=77"}],"wp:featuredmedia":[{"embeddable":true,"href":"https:\/\/baolongtaisteel.com\/fr\/wp-json\/wp\/v2\/media\/250"}],"wp:attachment":[{"href":"https:\/\/baolongtaisteel.com\/fr\/wp-json\/wp\/v2\/media?parent=77"}],"wp:term":[{"taxonomy":"product_brand","embeddable":true,"href":"https:\/\/baolongtaisteel.com\/fr\/wp-json\/wp\/v2\/product_brand?post=77"},{"taxonomy":"product_cat","embeddable":true,"href":"https:\/\/baolongtaisteel.com\/fr\/wp-json\/wp\/v2\/product_cat?post=77"},{"taxonomy":"product_tag","embeddable":true,"href":"https:\/\/baolongtaisteel.com\/fr\/wp-json\/wp\/v2\/product_tag?post=77"}],"curies":[{"name":"wp","href":"https:\/\/api.w.org\/{rel}","templated":true}]}}