{"id":78,"date":"2025-04-27T13:47:51","date_gmt":"2025-04-27T05:47:51","guid":{"rendered":"https:\/\/baolongtaisteel.com\/?post_type=product&#038;p=78"},"modified":"2025-04-27T13:47:51","modified_gmt":"2025-04-27T05:47:51","slug":"corniere-en-acier-inoxydable","status":"publish","type":"product","link":"https:\/\/baolongtaisteel.com\/fr\/product\/corniere-en-acier-inoxydable\/","title":{"rendered":"corni\u00e8re en acier inoxydable"},"content":{"rendered":"<h2>\u00a0 Tableau des d\u00e9tails du produit :<\/h2>\n<table class=\"tg\" style=\"border-collapse: collapse; border-spacing: 0;\">\n<thead>\n<tr>\n<th style=\"background-color: #9b9b9b; color: #ffffff; font-family: Arial, sans-serif; font-size: 14px; font-weight: bold; overflow: hidden; padding: 10px 5px; text-align: center; vertical-align: middle; word-break: normal; border: 1px solid black;\"><span style=\"font-weight: 600;\">Article<\/span><\/th>\n<th style=\"background-color: #9b9b9b; color: #ffffff; font-family: Arial, sans-serif; font-size: 14px; font-weight: bold; overflow: hidden; padding: 10px 5px; text-align: left; vertical-align: middle; word-break: normal; border: 1px solid black;\"><span style=\"font-weight: 600;\">D\u00e9tails<\/span><\/th>\n<\/tr>\n<\/thead>\n<tbody>\n<tr>\n<td style=\"background-color: #fff; font-family: Arial, sans-serif; font-size: 14px; overflow: hidden; padding: 10px 5px; text-align: center; vertical-align: middle; word-break: normal; border: 1px solid black;\"><span style=\"font-weight: 400; color: var(--md-box-samantha-normal-text-color);\">Grade<\/span><\/td>\n<td style=\"background-color: #fff; font-family: Arial, sans-serif; font-size: 14px; overflow: hidden; padding: 10px 5px; text-align: left; vertical-align: middle; word-break: normal; border: 1px solid black;\"><span style=\"font-weight: 400; color: var(--md-box-samantha-normal-text-color);\">S\u00e9rie 300<\/span><\/td>\n<\/tr>\n<tr>\n<td style=\"background-color: #efefef; font-family: Arial, sans-serif; font-size: 14px; overflow: hidden; padding: 10px 5px; text-align: center; vertical-align: middle; word-break: normal; border: 1px solid black;\"><span style=\"font-weight: 400; color: var(--md-box-samantha-normal-text-color);\">Certification<\/span><\/td>\n<td style=\"background-color: #efefef; font-family: Arial, sans-serif; font-size: 14px; overflow: hidden; padding: 10px 5px; text-align: left; vertical-align: middle; word-break: normal; border: 1px solid black;\"><span style=\"font-weight: 400; color: var(--md-box-samantha-normal-text-color);\">ISO, RoHS<\/span><\/td>\n<\/tr>\n<tr>\n<td style=\"background-color: #fff; font-family: Arial, sans-serif; font-size: 14px; overflow: hidden; padding: 10px 5px; text-align: center; vertical-align: middle; word-break: normal; border: 1px solid black;\"><span style=\"font-weight: 400; color: var(--md-box-samantha-normal-text-color);\">Forme<\/span><\/td>\n<td style=\"background-color: #fff; font-family: Arial, sans-serif; font-size: 14px; overflow: hidden; padding: 10px 5px; text-align: left; vertical-align: middle; word-break: normal; border: 1px solid black;\"><span style=\"font-weight: 400; color: var(--md-box-samantha-normal-text-color);\">Standard<\/span><\/td>\n<\/tr>\n<tr>\n<td style=\"background-color: #efefef; font-family: Arial, sans-serif; font-size: 14px; overflow: hidden; padding: 10px 5px; text-align: center; vertical-align: middle; word-break: normal; border: 1px solid black;\"><span style=\"font-weight: 400; color: var(--md-box-samantha-normal-text-color);\">Technique<\/span><\/td>\n<td style=\"background-color: #efefef; font-family: Arial, sans-serif; font-size: 14px; overflow: hidden; padding: 10px 5px; text-align: left; vertical-align: middle; word-break: normal; border: 1px solid black;\"><span style=\"font-weight: 400; color: var(--md-box-samantha-normal-text-color);\">lamin\u00e9 \u00e0 froid<\/span><\/td>\n<\/tr>\n<tr>\n<td style=\"background-color: #fff; font-family: Arial, sans-serif; font-size: 14px; overflow: hidden; padding: 10px 5px; text-align: center; vertical-align: middle; word-break: normal; border: 1px solid black;\"><span style=\"font-weight: 400; color: var(--md-box-samantha-normal-text-color);\">Traitement de surface<\/span><\/td>\n<td style=\"background-color: #fff; font-family: Arial, sans-serif; font-size: 14px; overflow: hidden; padding: 10px 5px; text-align: left; vertical-align: middle; word-break: normal; border: 1px solid black;\"><span style=\"font-weight: 400; color: var(--md-box-samantha-normal-text-color);\">Brillant<\/span><\/td>\n<\/tr>\n<tr>\n<td style=\"background-color: #efefef; font-family: Arial, sans-serif; font-size: 14px; overflow: hidden; padding: 10px 5px; text-align: center; vertical-align: middle; word-break: normal; border: 1px solid black;\"><span style=\"font-weight: 400; color: var(--md-box-samantha-normal-text-color);\">Nom de l&#039;article<\/span><\/td>\n<td style=\"background-color: #efefef; font-family: Arial, sans-serif; font-size: 14px; overflow: hidden; padding: 10px 5px; text-align: left; vertical-align: middle; word-break: normal; border: 1px solid black;\"><span style=\"font-weight: 400; color: var(--md-box-samantha-normal-text-color);\">Profil\u00e9 en acier<\/span><\/td>\n<\/tr>\n<tr>\n<td style=\"background-color: #fff; font-family: Arial, sans-serif; font-size: 14px; overflow: hidden; padding: 10px 5px; text-align: center; vertical-align: middle; word-break: normal; border: 1px solid black;\"><span style=\"font-weight: 400; color: var(--md-box-samantha-normal-text-color);\">Longueur<\/span><\/td>\n<td style=\"background-color: #fff; font-family: Arial, sans-serif; font-size: 14px; overflow: hidden; padding: 10px 5px; text-align: left; vertical-align: middle; word-break: normal; border: 1px solid black;\"><span style=\"font-weight: 400; color: var(--md-box-samantha-normal-text-color);\">Personnalisable<\/span><\/td>\n<\/tr>\n<tr>\n<td style=\"background-color: #efefef; font-family: Arial, sans-serif; font-size: 14px; overflow: hidden; padding: 10px 5px; text-align: center; vertical-align: middle; word-break: normal; border: 1px solid black;\"><span style=\"font-weight: 400; color: var(--md-box-samantha-normal-text-color);\">Service de traitement<\/span><\/td>\n<td style=\"background-color: #efefef; font-family: Arial, sans-serif; font-size: 14px; overflow: hidden; padding: 10px 5px; text-align: left; vertical-align: middle; word-break: normal; border: 1px solid black;\"><span style=\"font-weight: 400; color: var(--md-box-samantha-normal-text-color);\">Rainurage, quadrillage, peinture, huilage, d\u00e9coupe, per\u00e7age de trous<\/span><\/td>\n<\/tr>\n<tr>\n<td style=\"background-color: #fff; font-family: Arial, sans-serif; font-size: 14px; overflow: hidden; padding: 10px 5px; text-align: center; vertical-align: middle; word-break: normal; border: 1px solid black;\"><span style=\"font-weight: 400; color: var(--md-box-samantha-normal-text-color);\">Certificat<\/span><\/td>\n<td style=\"background-color: #fff; font-family: Arial, sans-serif; font-size: 14px; overflow: hidden; padding: 10px 5px; text-align: left; vertical-align: middle; word-break: normal; border: 1px solid black;\"><span style=\"font-weight: 400; color: var(--md-box-samantha-normal-text-color);\">ISO, CE<\/span><\/td>\n<\/tr>\n<tr>\n<td style=\"background-color: #efefef; font-family: Arial, sans-serif; font-size: 14px; overflow: hidden; padding: 10px 5px; text-align: center; vertical-align: middle; word-break: normal; border: 1px solid black;\"><span style=\"font-weight: 400; color: var(--md-box-samantha-normal-text-color);\">Forfait transport<\/span><\/td>\n<td style=\"background-color: #efefef; font-family: Arial, sans-serif; font-size: 14px; overflow: hidden; padding: 10px 5px; text-align: left; vertical-align: middle; word-break: normal; border: 1px solid black;\"><span style=\"font-weight: 400; color: var(--md-box-samantha-normal-text-color);\">Emballage conforme aux normes de s\u00e9curit\u00e9 d&#039;exportation<\/span><\/td>\n<\/tr>\n<tr>\n<td style=\"background-color: #fff; font-family: Arial, sans-serif; font-size: 14px; overflow: hidden; padding: 10px 5px; text-align: center; vertical-align: middle; word-break: normal; border: 1px solid black;\"><span style=\"font-weight: 400; color: var(--md-box-samantha-normal-text-color);\">Sp\u00e9cification<\/span><\/td>\n<td style=\"background-color: #fff; font-family: Arial, sans-serif; font-size: 14px; overflow: hidden; padding: 10px 5px; text-align: left; vertical-align: middle; word-break: normal; border: 1px solid black;\"><span style=\"font-weight: 400; color: var(--md-box-samantha-normal-text-color);\">Standard<\/span><\/td>\n<\/tr>\n<tr>\n<td style=\"background-color: #efefef; font-family: Arial, sans-serif; font-size: 14px; overflow: hidden; padding: 10px 5px; text-align: center; vertical-align: middle; word-break: normal; border: 1px solid black;\"><span style=\"font-weight: 400; color: var(--md-box-samantha-normal-text-color);\">Origine<\/span><\/td>\n<td style=\"background-color: #efefef; font-family: Arial, sans-serif; font-size: 14px; overflow: hidden; padding: 10px 5px; text-align: left; vertical-align: middle; word-break: normal; border: 1px solid black;\"><span style=\"font-weight: 400; color: var(--md-box-samantha-normal-text-color);\">Chine<\/span><\/td>\n<\/tr>\n<tr>\n<td style=\"background-color: #fff; font-family: Arial, sans-serif; font-size: 14px; overflow: hidden; padding: 10px 5px; text-align: center; vertical-align: middle; word-break: normal; border: 1px solid black;\"><span style=\"font-weight: 400; color: var(--md-box-samantha-normal-text-color);\">Capacit\u00e9 de production<\/span><\/td>\n<td style=\"background-color: #fff; font-family: Arial, sans-serif; font-size: 14px; overflow: hidden; padding: 10px 5px; text-align: left; vertical-align: middle; word-break: normal; border: 1px solid black;\"><span style=\"font-weight: 400; color: var(--md-box-samantha-normal-text-color);\">10 000 tonnes par an<\/span><\/td>\n<\/tr>\n<\/tbody>\n<\/table>\n<h2><img fetchpriority=\"high\" decoding=\"async\" class=\"alignnone size-full wp-image-253\" src=\"https:\/\/baolongtaisteel.com\/wp-content\/uploads\/2025\/04\/\u4e0d\u9508\u94a2\u89d2\u94a22_\u55e8\u683c\u5f0f\u538b\u7f29\u526f\u672c_\u7ed3\u679c.webp\" alt=\"\" width=\"1920\" height=\"1200\" srcset=\"https:\/\/baolongtaisteel.com\/wp-content\/uploads\/2025\/04\/\u4e0d\u9508\u94a2\u89d2\u94a22_\u55e8\u683c\u5f0f\u538b\u7f29\u526f\u672c_\u7ed3\u679c.webp 1920w, https:\/\/baolongtaisteel.com\/wp-content\/uploads\/2025\/04\/\u4e0d\u9508\u94a2\u89d2\u94a22_\u55e8\u683c\u5f0f\u538b\u7f29\u526f\u672c_\u7ed3\u679c-600x375.webp 600w, https:\/\/baolongtaisteel.com\/wp-content\/uploads\/2025\/04\/\u4e0d\u9508\u94a2\u89d2\u94a22_\u55e8\u683c\u5f0f\u538b\u7f29\u526f\u672c_\u7ed3\u679c-300x188.webp 300w, https:\/\/baolongtaisteel.com\/wp-content\/uploads\/2025\/04\/\u4e0d\u9508\u94a2\u89d2\u94a22_\u55e8\u683c\u5f0f\u538b\u7f29\u526f\u672c_\u7ed3\u679c-1024x640.webp 1024w, https:\/\/baolongtaisteel.com\/wp-content\/uploads\/2025\/04\/\u4e0d\u9508\u94a2\u89d2\u94a22_\u55e8\u683c\u5f0f\u538b\u7f29\u526f\u672c_\u7ed3\u679c-768x480.webp 768w, https:\/\/baolongtaisteel.com\/wp-content\/uploads\/2025\/04\/\u4e0d\u9508\u94a2\u89d2\u94a22_\u55e8\u683c\u5f0f\u538b\u7f29\u526f\u672c_\u7ed3\u679c-1536x960.webp 1536w\" sizes=\"(max-width: 1920px) 100vw, 1920px\" \/><\/h2>\n<h2>Propri\u00e9t\u00e9s physiques et chimiques :<\/h2>\n<h3>Propri\u00e9t\u00e9s physiques<\/h3>\n<h4>Apparence:<\/h4>\n<p>Il pr\u00e9sente g\u00e9n\u00e9ralement une couleur m\u00e9tallique blanc argent\u00e9, avec une surface lisse et brillante. Diff\u00e9rents effets de surface peuvent \u00eatre obtenus gr\u00e2ce \u00e0 diff\u00e9rents proc\u00e9d\u00e9s de traitement, tels que le polissage miroir, le brossage, etc. Les corni\u00e8res en acier inoxydable sont souvent utilis\u00e9es dans les applications structurelles o\u00f9 leur esth\u00e9tique et leur r\u00e9sistance \u00e0 la corrosion sont tr\u00e8s appr\u00e9ci\u00e9es.<\/p>\n<h4>Densit\u00e9:<\/h4>\n<p>La densit\u00e9 est g\u00e9n\u00e9ralement comprise entre 7,93 et 8,00 g\/cm\u00b3. Par exemple, la densit\u00e9 de la corni\u00e8re en acier inoxydable 304, couramment utilis\u00e9e, est d&#039;environ 7,93 g\/cm\u00b3, et celle de la corni\u00e8re en acier inoxydable 316 est d&#039;environ 7,98 g\/cm\u00b3, ce qui est l\u00e9g\u00e8rement sup\u00e9rieur \u00e0 celui de l&#039;acier au carbone ordinaire.<\/p>\n<h4>Point de fusion:<\/h4>\n<p>Le point de fusion est relativement \u00e9lev\u00e9, g\u00e9n\u00e9ralement compris entre 1\u00a0398 et 1\u00a0454 \u00b0C. Par exemple, le point de fusion de l&#039;acier inoxydable 304 est d&#039;environ 1\u00a0400 \u00e0 1\u00a0450 \u00b0C, ce qui lui conf\u00e8re une bonne stabilit\u00e9 dans les environnements \u00e0 haute temp\u00e9rature.<\/p>\n<h4>Coefficient de dilatation thermique :<\/h4>\n<p>Le coefficient de dilatation thermique est relativement faible. Entre la temp\u00e9rature ambiante et 100 \u00b0C, le coefficient de dilatation thermique de l&#039;acier inoxydable 304 est d&#039;environ 17,2 \u00d7 10\u207b\u2076\/\u00b0C. Cette caract\u00e9ristique permet aux corni\u00e8res en acier inoxydable de conserver une bonne stabilit\u00e9 dimensionnelle dans un environnement soumis \u00e0 de fortes variations de temp\u00e9rature.<\/p>\n<h4>Conductivit\u00e9 thermique :<\/h4>\n<p>La conductivit\u00e9 thermique est faible et son coefficient de conductivit\u00e9 thermique est d&#039;environ 16 \u00e0 27 W\/(m\u30fbK), ce qui est bien inf\u00e9rieur \u00e0 celui du cuivre, de l&#039;aluminium et d&#039;autres m\u00e9taux, il pr\u00e9sente donc certaines performances d&#039;isolation thermique.<\/p>\n<h4>Conductivit\u00e9 \u00e9lectrique :<\/h4>\n<p>Il poss\u00e8de une certaine conductivit\u00e9 \u00e9lectrique, mais celle-ci est relativement faible. La conductivit\u00e9 de l&#039;acier inoxydable 304 est d&#039;environ 1,4 \u00d7 10\u2076 S\/m, soit environ 41 TP3T de celle du cuivre.<\/p>\n<h2><img decoding=\"async\" class=\"alignnone size-full wp-image-254\" src=\"https:\/\/baolongtaisteel.com\/wp-content\/uploads\/2025\/04\/\u4e0d\u9508\u94a2\u89d2\u94a23_\u55e8\u683c\u5f0f\u538b\u7f29\u526f\u672c_\u7ed3\u679c.webp\" alt=\"\" width=\"1920\" height=\"1200\" srcset=\"https:\/\/baolongtaisteel.com\/wp-content\/uploads\/2025\/04\/\u4e0d\u9508\u94a2\u89d2\u94a23_\u55e8\u683c\u5f0f\u538b\u7f29\u526f\u672c_\u7ed3\u679c.webp 1920w, https:\/\/baolongtaisteel.com\/wp-content\/uploads\/2025\/04\/\u4e0d\u9508\u94a2\u89d2\u94a23_\u55e8\u683c\u5f0f\u538b\u7f29\u526f\u672c_\u7ed3\u679c-600x375.webp 600w, https:\/\/baolongtaisteel.com\/wp-content\/uploads\/2025\/04\/\u4e0d\u9508\u94a2\u89d2\u94a23_\u55e8\u683c\u5f0f\u538b\u7f29\u526f\u672c_\u7ed3\u679c-300x188.webp 300w, https:\/\/baolongtaisteel.com\/wp-content\/uploads\/2025\/04\/\u4e0d\u9508\u94a2\u89d2\u94a23_\u55e8\u683c\u5f0f\u538b\u7f29\u526f\u672c_\u7ed3\u679c-1024x640.webp 1024w, https:\/\/baolongtaisteel.com\/wp-content\/uploads\/2025\/04\/\u4e0d\u9508\u94a2\u89d2\u94a23_\u55e8\u683c\u5f0f\u538b\u7f29\u526f\u672c_\u7ed3\u679c-768x480.webp 768w, https:\/\/baolongtaisteel.com\/wp-content\/uploads\/2025\/04\/\u4e0d\u9508\u94a2\u89d2\u94a23_\u55e8\u683c\u5f0f\u538b\u7f29\u526f\u672c_\u7ed3\u679c-1536x960.webp 1536w\" sizes=\"(max-width: 1920px) 100vw, 1920px\" \/><\/h2>\n<h3>Propri\u00e9t\u00e9s chimiques<\/h3>\n<h4>R\u00e9sistance \u00e0 la corrosion :<\/h4>\n<p>Il s&#039;agit de l&#039;une des propri\u00e9t\u00e9s chimiques les plus importantes des corni\u00e8res en acier inoxydable. Gr\u00e2ce \u00e0 la formation d&#039;un film de passivation dense \u00e0 sa surface, ce film emp\u00eache l&#039;oxyg\u00e8ne, l&#039;eau, etc., d&#039;entrer en contact avec la matrice m\u00e9tallique, pr\u00e9venant ainsi efficacement la corrosion. Par exemple, les corni\u00e8res en acier inoxydable 304 pr\u00e9sentent une bonne r\u00e9sistance \u00e0 la corrosion dans des environnements tels que l&#039;atmosph\u00e8re, l&#039;eau et les acides et bases faibles\u00a0; les corni\u00e8res en acier inoxydable 316 contiennent du molybd\u00e8ne, plus r\u00e9sistant \u00e0 la corrosion par les ions chlorure et sont souvent utilis\u00e9es en milieu marin ou chimique expos\u00e9 aux ions chlorure.<\/p>\n<h4>Antioxydation :<\/h4>\n<p>Les corni\u00e8res en acier inoxydable pr\u00e9sentent une bonne r\u00e9sistance \u00e0 l&#039;oxydation, aussi bien \u00e0 temp\u00e9rature ambiante qu&#039;\u00e0 des temp\u00e9ratures plus \u00e9lev\u00e9es. Par exemple, les corni\u00e8res en acier inoxydable 310S peuvent supporter des temp\u00e9ratures \u00e9lev\u00e9es dans des environnements \u00e0 haute temp\u00e9rature sans s&#039;oxyder facilement, et peuvent \u00eatre utilis\u00e9es dans les structures de fours \u00e0 haute temp\u00e9rature, entre autres.<\/p>\n<h4>Stabilit\u00e9 chimique :<\/h4>\n<p>En milieu chimique g\u00e9n\u00e9ral, les corni\u00e8res en acier inoxydable pr\u00e9sentent une grande stabilit\u00e9 chimique et ne r\u00e9agissent pas facilement avec les produits chimiques courants. Cependant, dans certains milieux fortement corrosifs, tels que l&#039;acide nitrique concentr\u00e9 et l&#039;acide fluorhydrique, leur r\u00e9sistance \u00e0 la corrosion peut \u00eatre affect\u00e9e.<\/p>\n<h4>Passivation:<\/h4>\n<p>Apr\u00e8s exposition \u00e0 l&#039;air libre ou apr\u00e8s un traitement de passivation, un film de passivation se forme \u00e0 la surface de la corni\u00e8re en acier inoxydable. Ce film am\u00e9liore la r\u00e9sistance \u00e0 la corrosion et \u00e0 l&#039;oxydation de l&#039;acier inoxydable. Le traitement de passivation consiste g\u00e9n\u00e9ralement \u00e0 immerger la corni\u00e8re en acier inoxydable dans une solution contenant un oxydant, tel que l&#039;acide nitrique ou le bichromate de potassium, afin de favoriser la formation et la r\u00e9paration du film de passivation.<\/p>\n<h2><img decoding=\"async\" class=\"alignnone size-full wp-image-255\" src=\"https:\/\/baolongtaisteel.com\/wp-content\/uploads\/2025\/04\/\u4e0d\u9508\u94a2\u89d2\u94a21_\u55e8\u683c\u5f0f\u538b\u7f29\u526f\u672c_\u7ed3\u679c.webp\" alt=\"\" width=\"1920\" height=\"1200\" srcset=\"https:\/\/baolongtaisteel.com\/wp-content\/uploads\/2025\/04\/\u4e0d\u9508\u94a2\u89d2\u94a21_\u55e8\u683c\u5f0f\u538b\u7f29\u526f\u672c_\u7ed3\u679c.webp 1920w, https:\/\/baolongtaisteel.com\/wp-content\/uploads\/2025\/04\/\u4e0d\u9508\u94a2\u89d2\u94a21_\u55e8\u683c\u5f0f\u538b\u7f29\u526f\u672c_\u7ed3\u679c-600x375.webp 600w, https:\/\/baolongtaisteel.com\/wp-content\/uploads\/2025\/04\/\u4e0d\u9508\u94a2\u89d2\u94a21_\u55e8\u683c\u5f0f\u538b\u7f29\u526f\u672c_\u7ed3\u679c-300x188.webp 300w, https:\/\/baolongtaisteel.com\/wp-content\/uploads\/2025\/04\/\u4e0d\u9508\u94a2\u89d2\u94a21_\u55e8\u683c\u5f0f\u538b\u7f29\u526f\u672c_\u7ed3\u679c-1024x640.webp 1024w, https:\/\/baolongtaisteel.com\/wp-content\/uploads\/2025\/04\/\u4e0d\u9508\u94a2\u89d2\u94a21_\u55e8\u683c\u5f0f\u538b\u7f29\u526f\u672c_\u7ed3\u679c-768x480.webp 768w, https:\/\/baolongtaisteel.com\/wp-content\/uploads\/2025\/04\/\u4e0d\u9508\u94a2\u89d2\u94a21_\u55e8\u683c\u5f0f\u538b\u7f29\u526f\u672c_\u7ed3\u679c-1536x960.webp 1536w\" sizes=\"(max-width: 1920px) 100vw, 1920px\" \/><\/h2>\n<h2>Application:<\/h2>\n<p>Les corni\u00e8res en acier inoxydable sont largement utilis\u00e9es dans de nombreux domaines gr\u00e2ce \u00e0 leur excellente r\u00e9sistance \u00e0 la corrosion, leur grande r\u00e9sistance et leurs excellentes performances de mise en \u0153uvre. Dans le secteur de la construction, elles servent \u00e0 la fabrication de supports, de cadres et de renforts structurels, garantissant durabilit\u00e9 et esth\u00e9tique. En d\u00e9coration, elles sont souvent utilis\u00e9es pour les encadrements de fen\u00eatres et de portes, les rampes et les sculptures artistiques, alliant esth\u00e9tique et long\u00e9vit\u00e9. En fabrication m\u00e9canique, elles peuvent servir de composants structurels pour les ch\u00e2ssis d&#039;\u00e9quipements, les bases de machines et les syst\u00e8mes de support afin d&#039;assurer la stabilit\u00e9 du fonctionnement des machines. Dans l&#039;industrie agroalimentaire, les corni\u00e8res en acier inoxydable sont utilis\u00e9es pour la construction de ch\u00e2ssis d&#039;\u00e9quipements, de syst\u00e8mes de convoyage et de rayonnages de stockage, r\u00e9pondant ainsi \u00e0 des normes d&#039;hygi\u00e8ne strictes. De plus, dans les secteurs des \u00e9quipements chimiques et de l&#039;\u00e9lectronique, les corni\u00e8res en acier inoxydable sont \u00e9galement indispensables. Elles sont utilis\u00e9es pour la fabrication de supports structurels pour r\u00e9acteurs, de cadres de vannes et de bo\u00eetiers pour \u00e9quipements \u00e9lectroniques, s&#039;adaptant parfaitement aux environnements de travail complexes.<\/p>","protected":false},"excerpt":{"rendered":"<h4 class=\"elementor-heading-title elementor-size-default\" style=\"text-align: center; padding-bottom: 30px;\">corni\u00e8re en acier inoxydable<\/h4>\n<div>La corni\u00e8re en acier inoxydable est un profil\u00e9 m\u00e9tallique de section en L. Fabriqu\u00e9e en acier inoxydable, elle pr\u00e9sente une excellente r\u00e9sistance \u00e0 la corrosion, une grande r\u00e9sistance et de bonnes performances d&#039;usinage. Sa surface lisse peut \u00eatre polie, bross\u00e9e ou trait\u00e9e selon les besoins. Elle est esth\u00e9tique et durable. Largement utilis\u00e9e dans les structures de b\u00e2timent, les \u00e9quipements m\u00e9caniques, les installations chimiques et l&#039;industrie agroalimentaire, elle est particuli\u00e8rement adapt\u00e9e aux environnements humides ou corrosifs. Elle offre des performances stables et durables et constitue un mat\u00e9riau essentiel dans les secteurs de l&#039;industrie et de la construction.<\/div>\n<div>\n<hr class=\"dongte456custom-line\" \/>\n<\/div>\n<div style=\"padding-bottom: 5px;\">Cat\u00e9gorie : corni\u00e8res en acier inoxydable<\/div>\n<div>Mot cl\u00e9 : corni\u00e8re en acier inoxydable<\/div>\n<div>\n<hr \/>\n<\/div>\n<p><img loading=\"lazy\" decoding=\"async\" class=\"alignnone wp-image-257\" src=\"https:\/\/baolongtaisteel.com\/wp-content\/uploads\/2025\/04\/\u7535\u8bdd\u56fe\u6807.jpg\" alt=\"\" width=\"48\" height=\"50\" \/>\u00a0 WhatsApp :<a href=\"https:\/\/api.whatsapp.com\/send?phone=8613963585512\" target=\"_blank\" rel=\"noopener\">\u00a0+8613963585512 <\/a><\/p>\n<div>\n<hr \/>\n<\/div>\n<p><img loading=\"lazy\" decoding=\"async\" class=\"alignnone wp-image-258\" src=\"https:\/\/baolongtaisteel.com\/wp-content\/uploads\/2025\/04\/\u90ae\u7bb1\u56fe\u6807.jpg\" alt=\"\" width=\"48\" height=\"55\" \/>\u00a0\u00a0E-mail : <a href=\"rachel@sdxhjmetal.com\" target=\"_blank\" rel=\"noopener\">\u00a0rachel@sdxhjmetal.com<\/a><\/p>\n<div>\n<hr \/>\n<\/div>\n<h3><\/h3>\n<div class=\"productaddbutton-container\">\n<div class=\"productaddbutton-wrapper\"><a class=\"productaddbutton\" href=\"https:\/\/baolongtaisteel.com\/index.php\/product\/\">Liste des produits<\/a><\/div>\n<div class=\"productaddbutton-wrapper\"><a class=\"productaddbutton\" href=\"#formSectiondongte\">Contactez-nous<\/a><\/div>\n<\/div>\n<div><\/div>","protected":false},"featured_media":256,"comment_status":"open","ping_status":"closed","template":"","meta":[],"product_brand":[],"product_cat":[16],"product_tag":[],"class_list":{"0":"post-78","1":"product","2":"type-product","3":"status-publish","4":"has-post-thumbnail","6":"product_cat-stainless-steel","8":"first","9":"instock","10":"shipping-taxable","11":"product-type-simple"},"_links":{"self":[{"href":"https:\/\/baolongtaisteel.com\/fr\/wp-json\/wp\/v2\/product\/78","targetHints":{"allow":["GET"]}}],"collection":[{"href":"https:\/\/baolongtaisteel.com\/fr\/wp-json\/wp\/v2\/product"}],"about":[{"href":"https:\/\/baolongtaisteel.com\/fr\/wp-json\/wp\/v2\/types\/product"}],"replies":[{"embeddable":true,"href":"https:\/\/baolongtaisteel.com\/fr\/wp-json\/wp\/v2\/comments?post=78"}],"wp:featuredmedia":[{"embeddable":true,"href":"https:\/\/baolongtaisteel.com\/fr\/wp-json\/wp\/v2\/media\/256"}],"wp:attachment":[{"href":"https:\/\/baolongtaisteel.com\/fr\/wp-json\/wp\/v2\/media?parent=78"}],"wp:term":[{"taxonomy":"product_brand","embeddable":true,"href":"https:\/\/baolongtaisteel.com\/fr\/wp-json\/wp\/v2\/product_brand?post=78"},{"taxonomy":"product_cat","embeddable":true,"href":"https:\/\/baolongtaisteel.com\/fr\/wp-json\/wp\/v2\/product_cat?post=78"},{"taxonomy":"product_tag","embeddable":true,"href":"https:\/\/baolongtaisteel.com\/fr\/wp-json\/wp\/v2\/product_tag?post=78"}],"curies":[{"name":"wp","href":"https:\/\/api.w.org\/{rel}","templated":true}]}}