{"id":100,"date":"2025-04-28T11:40:43","date_gmt":"2025-04-28T03:40:43","guid":{"rendered":"https:\/\/baolongtaisteel.com\/?post_type=product&#038;p=100"},"modified":"2025-04-28T14:42:33","modified_gmt":"2025-04-28T06:42:33","slug":"placa-de-cobre","status":"publish","type":"product","link":"https:\/\/baolongtaisteel.com\/pt\/product\/placa-de-cobre\/","title":{"rendered":"Placa de cobre"},"content":{"rendered":"<h2>\u00a0 Tabela de detalhes do produto:<\/h2>\n<table class=\"tg\" style=\"border-collapse: collapse; border-spacing: 0;\">\n<thead>\n<tr>\n<th style=\"background-color: #9b9b9b; color: #ffffff; font-family: Arial, sans-serif; font-size: 14px; font-weight: bold; overflow: hidden; padding: 10px 5px; text-align: center; vertical-align: middle; word-break: normal; border: 1px solid black;\"><span style=\"font-weight: 600;\">Item<\/span><\/th>\n<th style=\"background-color: #9b9b9b; color: #ffffff; font-family: Arial, sans-serif; font-size: 14px; font-weight: bold; overflow: hidden; padding: 10px 5px; text-align: left; vertical-align: middle; word-break: normal; border: 1px solid black;\"><span style=\"font-weight: 600;\">Detalhes<\/span><\/th>\n<\/tr>\n<\/thead>\n<tbody>\n<tr>\n<td style=\"background-color: #fff; font-family: Arial, sans-serif; font-size: 14px; overflow: hidden; padding: 10px 5px; text-align: center; vertical-align: middle; word-break: normal; border: 1px solid black;\"><span style=\"font-weight: 400; color: var(--md-box-samantha-normal-text-color);\">Forma<\/span><\/td>\n<td style=\"background-color: #fff; font-family: Arial, sans-serif; font-size: 14px; overflow: hidden; padding: 10px 5px; text-align: left; vertical-align: middle; word-break: normal; border: 1px solid black;\"><span style=\"font-weight: 400; color: var(--md-box-samantha-normal-text-color);\">Placa<\/span><\/td>\n<\/tr>\n<tr>\n<td style=\"background-color: #efefef; font-family: Arial, sans-serif; font-size: 14px; overflow: hidden; padding: 10px 5px; text-align: center; vertical-align: middle; word-break: normal; border: 1px solid black;\"><span style=\"font-weight: 400; color: var(--md-box-samantha-normal-text-color);\">Liga<\/span><\/td>\n<td style=\"background-color: #efefef; font-family: Arial, sans-serif; font-size: 14px; overflow: hidden; padding: 10px 5px; text-align: left; vertical-align: middle; word-break: normal; border: 1px solid black;\"><span style=\"font-weight: 400; color: var(--md-box-samantha-normal-text-color);\">Sem liga<\/span><\/td>\n<\/tr>\n<tr>\n<td style=\"background-color: #fff; font-family: Arial, sans-serif; font-size: 14px; overflow: hidden; padding: 10px 5px; text-align: center; vertical-align: middle; word-break: normal; border: 1px solid black;\"><span style=\"font-weight: 400; color: var(--md-box-samantha-normal-text-color);\">Cor<\/span><\/td>\n<td style=\"background-color: #fff; font-family: Arial, sans-serif; font-size: 14px; overflow: hidden; padding: 10px 5px; text-align: left; vertical-align: middle; word-break: normal; border: 1px solid black;\"><span style=\"font-weight: 400; color: var(--md-box-samantha-normal-text-color);\">Roxo<\/span><\/td>\n<\/tr>\n<tr>\n<td style=\"background-color: #efefef; font-family: Arial, sans-serif; font-size: 14px; overflow: hidden; padding: 10px 5px; text-align: center; vertical-align: middle; word-break: normal; border: 1px solid black;\"><span style=\"font-weight: 400; color: var(--md-box-samantha-normal-text-color);\">Padr\u00e3o<\/span><\/td>\n<td style=\"background-color: #efefef; font-family: Arial, sans-serif; font-size: 14px; overflow: hidden; padding: 10px 5px; text-align: left; vertical-align: middle; word-break: normal; border: 1px solid black;\"><span style=\"font-weight: 400; color: var(--md-box-samantha-normal-text-color);\">BS (British Standard)<\/span><\/td>\n<\/tr>\n<tr>\n<td style=\"background-color: #fff; font-family: Arial, sans-serif; font-size: 14px; overflow: hidden; padding: 10px 5px; text-align: center; vertical-align: middle; word-break: normal; border: 1px solid black;\"><span style=\"font-weight: 400; color: var(--md-box-samantha-normal-text-color);\">Pacote de transporte<\/span><\/td>\n<td style=\"background-color: #fff; font-family: Arial, sans-serif; font-size: 14px; overflow: hidden; padding: 10px 5px; text-align: left; vertical-align: middle; word-break: normal; border: 1px solid black;\"><span style=\"font-weight: 400; color: var(--md-box-samantha-normal-text-color);\">Embalagem padr\u00e3o para navegar<\/span><\/td>\n<\/tr>\n<tr>\n<td style=\"background-color: #efefef; font-family: Arial, sans-serif; font-size: 14px; overflow: hidden; padding: 10px 5px; text-align: center; vertical-align: middle; word-break: normal; border: 1px solid black;\"><span style=\"font-weight: 400; color: var(--md-box-samantha-normal-text-color);\">Especifica\u00e7\u00e3o<\/span><\/td>\n<td style=\"background-color: #efefef; font-family: Arial, sans-serif; font-size: 14px; overflow: hidden; padding: 10px 5px; text-align: left; vertical-align: middle; word-break: normal; border: 1px solid black;\"><span style=\"font-weight: 400; color: var(--md-box-samantha-normal-text-color);\">Personaliz\u00e1vel<\/span><\/td>\n<\/tr>\n<tr>\n<td style=\"background-color: #fff; font-family: Arial, sans-serif; font-size: 14px; overflow: hidden; padding: 10px 5px; text-align: center; vertical-align: middle; word-break: normal; border: 1px solid black;\"><span style=\"font-weight: 400; color: var(--md-box-samantha-normal-text-color);\">Origem<\/span><\/td>\n<td style=\"background-color: #fff; font-family: Arial, sans-serif; font-size: 14px; overflow: hidden; padding: 10px 5px; text-align: left; vertical-align: middle; word-break: normal; border: 1px solid black;\"><span style=\"font-weight: 400; color: var(--md-box-samantha-normal-text-color);\">China<\/span><\/td>\n<\/tr>\n<\/tbody>\n<\/table>\n<h2><img fetchpriority=\"high\" decoding=\"async\" class=\"alignnone size-full wp-image-443\" src=\"https:\/\/baolongtaisteel.com\/wp-content\/uploads\/2025\/04\/d79513f7d1dbf6d5a672c8eb9c9eef25_\u55e8\u683c\u5f0f\u538b\u7f29\u526f\u672c_\u7ed3\u679c.webp\" alt=\"\" width=\"1920\" height=\"1200\" srcset=\"https:\/\/baolongtaisteel.com\/wp-content\/uploads\/2025\/04\/d79513f7d1dbf6d5a672c8eb9c9eef25_\u55e8\u683c\u5f0f\u538b\u7f29\u526f\u672c_\u7ed3\u679c.webp 1920w, https:\/\/baolongtaisteel.com\/wp-content\/uploads\/2025\/04\/d79513f7d1dbf6d5a672c8eb9c9eef25_\u55e8\u683c\u5f0f\u538b\u7f29\u526f\u672c_\u7ed3\u679c-600x375.webp 600w, https:\/\/baolongtaisteel.com\/wp-content\/uploads\/2025\/04\/d79513f7d1dbf6d5a672c8eb9c9eef25_\u55e8\u683c\u5f0f\u538b\u7f29\u526f\u672c_\u7ed3\u679c-300x188.webp 300w, https:\/\/baolongtaisteel.com\/wp-content\/uploads\/2025\/04\/d79513f7d1dbf6d5a672c8eb9c9eef25_\u55e8\u683c\u5f0f\u538b\u7f29\u526f\u672c_\u7ed3\u679c-1024x640.webp 1024w, https:\/\/baolongtaisteel.com\/wp-content\/uploads\/2025\/04\/d79513f7d1dbf6d5a672c8eb9c9eef25_\u55e8\u683c\u5f0f\u538b\u7f29\u526f\u672c_\u7ed3\u679c-768x480.webp 768w, https:\/\/baolongtaisteel.com\/wp-content\/uploads\/2025\/04\/d79513f7d1dbf6d5a672c8eb9c9eef25_\u55e8\u683c\u5f0f\u538b\u7f29\u526f\u672c_\u7ed3\u679c-1536x960.webp 1536w\" sizes=\"(max-width: 1920px) 100vw, 1920px\" \/><\/h2>\n<h2><strong data-spm-anchor-id=\"a2ty_o01.29997173.0.i36.1a70c921yaavsG\">Propriedades f\u00edsicas e qu\u00edmicas:<\/strong><\/h2>\n<h3><strong>Propriedades f\u00edsicas<\/strong><\/h3>\n<h4><strong>Apar\u00eancia:<\/strong><\/h4>\n<p>Geralmente apresenta uma cor met\u00e1lica marrom-avermelhada, com superf\u00edcie lisa e alto brilho. Diferentes efeitos superficiais podem ser obtidos por meio de diferentes processos de tratamento de superf\u00edcie, como polimento espelhado, escova\u00e7\u00e3o, etc. Placas de cobre s\u00e3o frequentemente utilizadas em aplica\u00e7\u00f5es onde seu apelo est\u00e9tico e excelente condutividade s\u00e3o altamente valorizados.<\/p>\n<p><strong>Densidade:<\/strong><\/p>\n<p>A densidade \u00e9 relativamente alta, geralmente em torno de 8,96 g\/cm\u00b3. Por exemplo, a densidade de placas de cobre puro \u00e9 de cerca de 8,96 g\/cm\u00b3, significativamente maior do que a do a\u00e7o inoxid\u00e1vel ou do alum\u00ednio.<\/p>\n<p><strong>Ponto de fus\u00e3o:<\/strong><\/p>\n<p>O ponto de fus\u00e3o \u00e9 relativamente alto, geralmente em torno de 1083\u00b0C. Isso torna as placas de cobre adequadas para uso em ambientes de alta temperatura, mantendo a estabilidade.<\/p>\n<p><strong>Coeficiente de expans\u00e3o t\u00e9rmica:<\/strong><\/p>\n<p>O coeficiente de expans\u00e3o t\u00e9rmica \u00e9 moderado. Na faixa de temperatura ambiente at\u00e9 100\u00b0C, o coeficiente de expans\u00e3o t\u00e9rmica do cobre \u00e9 de cerca de 16,5\u00d710\u207b\u2076\/\u00b0C. Essa caracter\u00edstica permite que ele mantenha a estabilidade dimensional em ambientes com varia\u00e7\u00f5es significativas de temperatura.<\/p>\n<p><strong>Condutividade t\u00e9rmica:<\/strong><\/p>\n<p>A condutividade t\u00e9rmica \u00e9 excelente, com um coeficiente de condutividade t\u00e9rmica de cerca de 385 W\/(m\u00b2\u00b7K), muito superior ao do a\u00e7o inoxid\u00e1vel e da maioria dos outros metais. Isso torna as placas de cobre ideais para aplica\u00e7\u00f5es de transfer\u00eancia de calor.<\/p>\n<p><strong>Condutividade el\u00e9trica:<\/strong><\/p>\n<p>As placas de cobre possuem excelente condutividade el\u00e9trica, com uma condutividade de cerca de 5,96\u00d710\u2077 S\/m, que est\u00e1 entre as mais altas entre todos os metais. Essa propriedade as torna indispens\u00e1veis em aplica\u00e7\u00f5es el\u00e9tricas e eletr\u00f4nicas.<\/p>\n<h2><img decoding=\"async\" class=\"alignnone size-full wp-image-444\" src=\"https:\/\/baolongtaisteel.com\/wp-content\/uploads\/2025\/04\/85454cc9e595557367d69e72bdd82928_\u55e8\u683c\u5f0f\u538b\u7f29\u526f\u672c_\u7ed3\u679c.webp\" alt=\"\" width=\"1919\" height=\"639\" srcset=\"https:\/\/baolongtaisteel.com\/wp-content\/uploads\/2025\/04\/85454cc9e595557367d69e72bdd82928_\u55e8\u683c\u5f0f\u538b\u7f29\u526f\u672c_\u7ed3\u679c.webp 1919w, https:\/\/baolongtaisteel.com\/wp-content\/uploads\/2025\/04\/85454cc9e595557367d69e72bdd82928_\u55e8\u683c\u5f0f\u538b\u7f29\u526f\u672c_\u7ed3\u679c-600x200.webp 600w, https:\/\/baolongtaisteel.com\/wp-content\/uploads\/2025\/04\/85454cc9e595557367d69e72bdd82928_\u55e8\u683c\u5f0f\u538b\u7f29\u526f\u672c_\u7ed3\u679c-300x100.webp 300w, https:\/\/baolongtaisteel.com\/wp-content\/uploads\/2025\/04\/85454cc9e595557367d69e72bdd82928_\u55e8\u683c\u5f0f\u538b\u7f29\u526f\u672c_\u7ed3\u679c-1024x341.webp 1024w, https:\/\/baolongtaisteel.com\/wp-content\/uploads\/2025\/04\/85454cc9e595557367d69e72bdd82928_\u55e8\u683c\u5f0f\u538b\u7f29\u526f\u672c_\u7ed3\u679c-768x256.webp 768w, https:\/\/baolongtaisteel.com\/wp-content\/uploads\/2025\/04\/85454cc9e595557367d69e72bdd82928_\u55e8\u683c\u5f0f\u538b\u7f29\u526f\u672c_\u7ed3\u679c-1536x511.webp 1536w\" sizes=\"(max-width: 1919px) 100vw, 1919px\" \/><\/h2>\n<p><strong>Propriedades qu\u00edmicas<\/strong><\/p>\n<p><strong>Resist\u00eancia \u00e0 corros\u00e3o:<\/strong><\/p>\n<p>As placas de cobre apresentam boa resist\u00eancia \u00e0 corros\u00e3o devido \u00e0 forma\u00e7\u00e3o de uma camada protetora de \u00f3xido em sua superf\u00edcie. Essa camada de \u00f3xido previne oxida\u00e7\u00e3o e corros\u00e3o adicionais em ambientes atmosf\u00e9ricos e aqu\u00e1ticos. No entanto, em ambientes \u00e1cidos ou amoniacais, o cobre pode corroer mais facilmente.<\/p>\n<p><strong>Antioxida\u00e7\u00e3o:<\/strong><\/p>\n<p>O cobre apresenta resist\u00eancia moderada \u00e0 oxida\u00e7\u00e3o \u00e0 temperatura ambiente, formando uma camada de \u00f3xido est\u00e1vel (\u00f3xido cuproso ou \u00f3xido c\u00faprico) ao longo do tempo. Em altas temperaturas, o cobre oxida mais facilmente, por isso \u00e9 frequentemente ligado a outros metais para melhorar sua resist\u00eancia \u00e0 oxida\u00e7\u00e3o.<\/p>\n<p><strong>Estabilidade qu\u00edmica:<\/strong><\/p>\n<p>Em meios qu\u00edmicos gerais, as placas de cobre apresentam boa estabilidade qu\u00edmica, mas podem reagir com \u00e1cidos fortes (como \u00e1cido n\u00edtrico ou \u00e1cido sulf\u00farico) ou \u00e1lcalis. Em ambientes espec\u00edficos, como exposi\u00e7\u00e3o a am\u00f4nia ou compostos de enxofre, a resist\u00eancia \u00e0 corros\u00e3o do cobre pode ser comprometida.<\/p>\n<p><strong>Passiva\u00e7\u00e3o:<\/strong><\/p>\n<p>Embora o cobre n\u00e3o forme naturalmente uma pel\u00edcula de passiva\u00e7\u00e3o como o a\u00e7o inoxid\u00e1vel, ele desenvolve uma p\u00e1tina protetora ao longo do tempo quando exposto ao ar. Essa p\u00e1tina aumenta sua resist\u00eancia \u00e0 corros\u00e3o e \u00e0 degrada\u00e7\u00e3o ambiental. Tratamentos artificiais de passiva\u00e7\u00e3o, como a aplica\u00e7\u00e3o de revestimentos protetores, podem aumentar ainda mais sua durabilidade.<\/p>\n<h2><img decoding=\"async\" class=\"alignnone size-full wp-image-445\" src=\"https:\/\/baolongtaisteel.com\/wp-content\/uploads\/2025\/04\/b82b50d72becf716cde4b0e3da706631_\u55e8\u683c\u5f0f\u538b\u7f29\u526f\u672c_\u7ed3\u679c.webp\" alt=\"\" width=\"1920\" height=\"1200\" srcset=\"https:\/\/baolongtaisteel.com\/wp-content\/uploads\/2025\/04\/b82b50d72becf716cde4b0e3da706631_\u55e8\u683c\u5f0f\u538b\u7f29\u526f\u672c_\u7ed3\u679c.webp 1920w, https:\/\/baolongtaisteel.com\/wp-content\/uploads\/2025\/04\/b82b50d72becf716cde4b0e3da706631_\u55e8\u683c\u5f0f\u538b\u7f29\u526f\u672c_\u7ed3\u679c-600x375.webp 600w, https:\/\/baolongtaisteel.com\/wp-content\/uploads\/2025\/04\/b82b50d72becf716cde4b0e3da706631_\u55e8\u683c\u5f0f\u538b\u7f29\u526f\u672c_\u7ed3\u679c-300x188.webp 300w, https:\/\/baolongtaisteel.com\/wp-content\/uploads\/2025\/04\/b82b50d72becf716cde4b0e3da706631_\u55e8\u683c\u5f0f\u538b\u7f29\u526f\u672c_\u7ed3\u679c-1024x640.webp 1024w, https:\/\/baolongtaisteel.com\/wp-content\/uploads\/2025\/04\/b82b50d72becf716cde4b0e3da706631_\u55e8\u683c\u5f0f\u538b\u7f29\u526f\u672c_\u7ed3\u679c-768x480.webp 768w, https:\/\/baolongtaisteel.com\/wp-content\/uploads\/2025\/04\/b82b50d72becf716cde4b0e3da706631_\u55e8\u683c\u5f0f\u538b\u7f29\u526f\u672c_\u7ed3\u679c-1536x960.webp 1536w\" sizes=\"(max-width: 1920px) 100vw, 1920px\" \/><\/h2>\n<h2><strong>Aplicativo:<\/strong><\/h2>\n<p data-spm-anchor-id=\"a2ty_o01.29997173.0.i35.1a70c921yaavsG\">Placas de cobre s\u00e3o amplamente utilizadas em diversos setores devido \u00e0 sua excelente condutividade el\u00e9trica e t\u00e9rmica, resist\u00eancia \u00e0 corros\u00e3o e apelo est\u00e9tico. Nas ind\u00fastrias el\u00e9trica e eletr\u00f4nica, s\u00e3o utilizadas na fabrica\u00e7\u00e3o de barramentos, placas de circuito e conectores, garantindo uma transfer\u00eancia eficiente de energia. Na arquitetura, placas de cobre s\u00e3o utilizadas em telhados, revestimentos e elementos decorativos devido \u00e0 sua durabilidade e apar\u00eancia atraente. Na engenharia mec\u00e2nica, s\u00e3o utilizadas em trocadores de calor, juntas e rolamentos. Na ind\u00fastria de processamento de alimentos, placas de cobre s\u00e3o utilizadas em equipamentos espec\u00edficos que exigem propriedades higi\u00eanicas e antimicrobianas. Al\u00e9m disso, em \u00e1reas como equipamentos qu\u00edmicos, esculturas art\u00edsticas e aplica\u00e7\u00f5es mar\u00edtimas, as placas de cobre s\u00e3o indispens\u00e1veis devido \u00e0 sua capacidade de adapta\u00e7\u00e3o a diversos ambientes de trabalho.<\/p>","protected":false},"excerpt":{"rendered":"<h4 class=\"elementor-heading-title elementor-size-default\" style=\"text-align: center; padding-bottom: 30px;\">Placa de cobre<\/h4>\n<div>A chapa de cobre \u00e9 um tipo de chapa met\u00e1lica feita de cobre puro ou liga de cobre, com excelente condutividade el\u00e9trica, condutividade t\u00e9rmica e resist\u00eancia \u00e0 corros\u00e3o. Sua superf\u00edcie \u00e9 geralmente marrom-avermelhada, e diferentes efeitos decorativos podem ser obtidos por meio de processos como polimento e trefila\u00e7\u00e3o. A chapa de cobre \u00e9 amplamente utilizada na ind\u00fastria el\u00e9trica (como barramentos, placas de circuito), decora\u00e7\u00e3o arquitet\u00f4nica (como telhados e paredes), equipamentos mec\u00e2nicos (como trocadores de calor) e produ\u00e7\u00e3o art\u00edstica. Seu bom desempenho de processamento e propriedades antibacterianas tamb\u00e9m a tornam popular nas \u00e1reas de processamento de alimentos e medicina. A chapa de cobre combina funcionalidade e est\u00e9tica, sendo um material indispens\u00e1vel e importante na ind\u00fastria e constru\u00e7\u00e3o modernas.<\/div>\n<div>\n<hr class=\"dongte456custom-line\" \/>\n<\/div>\n<div style=\"padding-bottom: 5px;\">Categoria: Placa de cobre<\/div>\n<div>Palavra-chave: Placa de cobre<\/div>\n<div>\n<hr \/>\n<\/div>\n<p><img loading=\"lazy\" decoding=\"async\" class=\"alignnone wp-image-257\" src=\"https:\/\/baolongtaisteel.com\/wp-content\/uploads\/2025\/04\/\u7535\u8bdd\u56fe\u6807.jpg\" alt=\"\" width=\"48\" height=\"50\" \/>\u00a0 Whatsapp:<a href=\"https:\/\/api.whatsapp.com\/send?phone=8613963585512\" target=\"_blank\" rel=\"noopener\">\u00a0+8613963585512 <\/a><\/p>\n<div>\n<hr \/>\n<\/div>\n<p><img loading=\"lazy\" decoding=\"async\" class=\"alignnone wp-image-258\" src=\"https:\/\/baolongtaisteel.com\/wp-content\/uploads\/2025\/04\/\u90ae\u7bb1\u56fe\u6807.jpg\" alt=\"\" width=\"48\" height=\"55\" \/>\u00a0\u00a0E-mail : <a href=\"rachel@sdxhjmetal.com\" target=\"_blank\" rel=\"noopener\">\u00a0rachel@sdxhjmetal.com<\/a><\/p>\n<div>\n<hr \/>\n<\/div>\n<h3><\/h3>\n<div class=\"productaddbutton-container\">\n<div class=\"productaddbutton-wrapper\"><a class=\"productaddbutton\" href=\"https:\/\/baolongtaisteel.com\/index.php\/product\/\">Lista de produtos<\/a><\/div>\n<div class=\"productaddbutton-wrapper\"><a class=\"productaddbutton\" href=\"#formSectiondongte\">Contate-nos<\/a><\/div>\n<\/div>\n<div><\/div>","protected":false},"featured_media":516,"comment_status":"open","ping_status":"closed","template":"","meta":[],"product_brand":[],"product_cat":[20],"product_tag":[],"class_list":{"0":"post-100","1":"product","2":"type-product","3":"status-publish","4":"has-post-thumbnail","6":"product_cat-copper","8":"first","9":"instock","10":"shipping-taxable","11":"product-type-simple"},"_links":{"self":[{"href":"https:\/\/baolongtaisteel.com\/pt\/wp-json\/wp\/v2\/product\/100","targetHints":{"allow":["GET"]}}],"collection":[{"href":"https:\/\/baolongtaisteel.com\/pt\/wp-json\/wp\/v2\/product"}],"about":[{"href":"https:\/\/baolongtaisteel.com\/pt\/wp-json\/wp\/v2\/types\/product"}],"replies":[{"embeddable":true,"href":"https:\/\/baolongtaisteel.com\/pt\/wp-json\/wp\/v2\/comments?post=100"}],"wp:featuredmedia":[{"embeddable":true,"href":"https:\/\/baolongtaisteel.com\/pt\/wp-json\/wp\/v2\/media\/516"}],"wp:attachment":[{"href":"https:\/\/baolongtaisteel.com\/pt\/wp-json\/wp\/v2\/media?parent=100"}],"wp:term":[{"taxonomy":"product_brand","embeddable":true,"href":"https:\/\/baolongtaisteel.com\/pt\/wp-json\/wp\/v2\/product_brand?post=100"},{"taxonomy":"product_cat","embeddable":true,"href":"https:\/\/baolongtaisteel.com\/pt\/wp-json\/wp\/v2\/product_cat?post=100"},{"taxonomy":"product_tag","embeddable":true,"href":"https:\/\/baolongtaisteel.com\/pt\/wp-json\/wp\/v2\/product_tag?post=100"}],"curies":[{"name":"wp","href":"https:\/\/api.w.org\/{rel}","templated":true}]}}