{"id":101,"date":"2025-04-24T10:37:45","date_gmt":"2025-04-24T02:37:45","guid":{"rendered":"https:\/\/baolongtaisteel.com\/?post_type=product&#038;p=101"},"modified":"2025-04-28T14:44:15","modified_gmt":"2025-04-28T06:44:15","slug":"bobina-de-cobre","status":"publish","type":"product","link":"https:\/\/baolongtaisteel.com\/pt\/product\/bobina-de-cobre\/","title":{"rendered":"Bobina de cobre"},"content":{"rendered":"<h2>Tabela de detalhes do produto:<\/h2>\n<table class=\"tg\" style=\"border-collapse: collapse; border-spacing: 0;\">\n<thead>\n<tr>\n<th style=\"background-color: #9b9b9b; color: #ffffff; font-family: Arial, sans-serif; font-size: 14px; font-weight: bold; overflow: hidden; padding: 10px 5px; text-align: center; vertical-align: middle; word-break: normal; border: 1px solid black;\"><span style=\"font-weight: 600;\">Item<\/span><\/th>\n<th style=\"background-color: #9b9b9b; color: #ffffff; font-family: Arial, sans-serif; font-size: 14px; font-weight: bold; overflow: hidden; padding: 10px 5px; text-align: left; vertical-align: middle; word-break: normal; border: 1px solid black;\"><span style=\"font-weight: 600;\">Detalhes<\/span><\/th>\n<\/tr>\n<\/thead>\n<tbody>\n<tr>\n<td style=\"background-color: #fff; font-family: Arial, sans-serif; font-size: 14px; overflow: hidden; padding: 10px 5px; text-align: center; vertical-align: middle; word-break: normal; border: 1px solid black;\"><span style=\"font-weight: 400; color: var(--md-box-samantha-normal-text-color);\">Modelo N\u00ba.<\/span><\/td>\n<td style=\"background-color: #fff; font-family: Arial, sans-serif; font-size: 14px; overflow: hidden; padding: 10px 5px; text-align: left; vertical-align: middle; word-break: normal; border: 1px solid black;\"><span style=\"font-weight: 400; color: var(--md-box-samantha-normal-text-color);\">T1, T2, T3, TU1, TU2, C11000, C11100, C10200, C12200<\/span><\/td>\n<\/tr>\n<tr>\n<td style=\"background-color: #efefef; font-family: Arial, sans-serif; font-size: 14px; overflow: hidden; padding: 10px 5px; text-align: center; vertical-align: middle; word-break: normal; border: 1px solid black;\"><span style=\"font-weight: 400; color: var(--md-box-samantha-normal-text-color);\">Forma<\/span><\/td>\n<td style=\"background-color: #efefef; font-family: Arial, sans-serif; font-size: 14px; overflow: hidden; padding: 10px 5px; text-align: left; vertical-align: middle; word-break: normal; border: 1px solid black;\"><span style=\"font-weight: 400; color: var(--md-box-samantha-normal-text-color);\">Bobina<\/span><\/td>\n<\/tr>\n<tr>\n<td style=\"background-color: #fff; font-family: Arial, sans-serif; font-size: 14px; overflow: hidden; padding: 10px 5px; text-align: center; vertical-align: middle; word-break: normal; border: 1px solid black;\"><span style=\"font-weight: 400; color: var(--md-box-samantha-normal-text-color);\">Tratamento de superf\u00edcie<\/span><\/td>\n<td style=\"background-color: #fff; font-family: Arial, sans-serif; font-size: 14px; overflow: hidden; padding: 10px 5px; text-align: left; vertical-align: middle; word-break: normal; border: 1px solid black;\"><span style=\"font-weight: 400; color: var(--md-box-samantha-normal-text-color);\">Tratamento de Oxida\u00e7\u00e3o<\/span><\/td>\n<\/tr>\n<tr>\n<td style=\"background-color: #efefef; font-family: Arial, sans-serif; font-size: 14px; overflow: hidden; padding: 10px 5px; text-align: center; vertical-align: middle; word-break: normal; border: 1px solid black;\"><span style=\"font-weight: 400; color: var(--md-box-samantha-normal-text-color);\">Nome<\/span><\/td>\n<td style=\"background-color: #efefef; font-family: Arial, sans-serif; font-size: 14px; overflow: hidden; padding: 10px 5px; text-align: left; vertical-align: middle; word-break: normal; border: 1px solid black;\"><span style=\"font-weight: 400; color: var(--md-box-samantha-normal-text-color);\">Folha\/Placa\/Bobina de Cobre<\/span><\/td>\n<\/tr>\n<tr>\n<td style=\"background-color: #fff; font-family: Arial, sans-serif; font-size: 14px; overflow: hidden; padding: 10px 5px; text-align: center; vertical-align: middle; word-break: normal; border: 1px solid black;\"><span style=\"font-weight: 400; color: var(--md-box-samantha-normal-text-color);\">Cobre puro<\/span><\/td>\n<td style=\"background-color: #fff; font-family: Arial, sans-serif; font-size: 14px; overflow: hidden; padding: 10px 5px; text-align: left; vertical-align: middle; word-break: normal; border: 1px solid black;\"><span style=\"font-weight: 400; color: var(--md-box-samantha-normal-text-color);\">T1, T2, T3, C11000, C11100, C11300, C11400, C11500, C1100<\/span><\/td>\n<\/tr>\n<tr>\n<td style=\"background-color: #efefef; font-family: Arial, sans-serif; font-size: 14px; overflow: hidden; padding: 10px 5px; text-align: center; vertical-align: middle; word-break: normal; border: 1px solid black;\"><span style=\"font-weight: 400; color: var(--md-box-samantha-normal-text-color);\">Cobre sem oxig\u00eanio<\/span><\/td>\n<td style=\"background-color: #efefef; font-family: Arial, sans-serif; font-size: 14px; overflow: hidden; padding: 10px 5px; text-align: left; vertical-align: middle; word-break: normal; border: 1px solid black;\"><span style=\"font-weight: 400; color: var(--md-box-samantha-normal-text-color);\">Tu1, Tu2, C10200, C1020<\/span><\/td>\n<\/tr>\n<tr>\n<td style=\"background-color: #fff; font-family: Arial, sans-serif; font-size: 14px; overflow: hidden; padding: 10px 5px; text-align: center; vertical-align: middle; word-break: normal; border: 1px solid black;\"><span style=\"font-weight: 400; color: var(--md-box-samantha-normal-text-color);\">Lat\u00e3o<\/span><\/td>\n<td style=\"background-color: #fff; font-family: Arial, sans-serif; font-size: 14px; overflow: hidden; padding: 10px 5px; text-align: left; vertical-align: middle; word-break: normal; border: 1px solid black;\"><span style=\"font-weight: 400; color: var(--md-box-samantha-normal-text-color);\">C21000, C22000, C23000, C24000, C26000, C26000, C27000 (As informa\u00e7\u00f5es ap\u00f3s C aqui est\u00e3o incompletas)<\/span><\/td>\n<\/tr>\n<tr>\n<td style=\"background-color: #efefef; font-family: Arial, sans-serif; font-size: 14px; overflow: hidden; padding: 10px 5px; text-align: center; vertical-align: middle; word-break: normal; border: 1px solid black;\"><span style=\"font-weight: 400; color: var(--md-box-samantha-normal-text-color);\">Grossura<\/span><\/td>\n<td style=\"background-color: #efefef; font-family: Arial, sans-serif; font-size: 14px; overflow: hidden; padding: 10px 5px; text-align: left; vertical-align: middle; word-break: normal; border: 1px solid black;\"><span style=\"font-weight: 400; color: var(--md-box-samantha-normal-text-color);\">Laminado a frio: 0,2 mm \u2013 15 mm. Laminado a quente: 4 \u2013 50 mm. Personaliz\u00e1vel.<\/span><\/td>\n<\/tr>\n<tr>\n<td style=\"background-color: #fff; font-family: Arial, sans-serif; font-size: 14px; overflow: hidden; padding: 10px 5px; text-align: center; vertical-align: middle; word-break: normal; border: 1px solid black;\"><span style=\"font-weight: 400; color: var(--md-box-samantha-normal-text-color);\">Largura<\/span><\/td>\n<td style=\"background-color: #fff; font-family: Arial, sans-serif; font-size: 14px; overflow: hidden; padding: 10px 5px; text-align: left; vertical-align: middle; word-break: normal; border: 1px solid black;\"><span style=\"font-weight: 400; color: var(--md-box-samantha-normal-text-color);\">10 \u2013 2500 mm, personaliz\u00e1vel.<\/span><\/td>\n<\/tr>\n<tr>\n<td style=\"background-color: #efefef; font-family: Arial, sans-serif; font-size: 14px; overflow: hidden; padding: 10px 5px; text-align: center; vertical-align: middle; word-break: normal; border: 1px solid black;\"><span style=\"font-weight: 400; color: var(--md-box-samantha-normal-text-color);\">Comprimento<\/span><\/td>\n<td style=\"background-color: #efefef; font-family: Arial, sans-serif; font-size: 14px; overflow: hidden; padding: 10px 5px; text-align: left; vertical-align: middle; word-break: normal; border: 1px solid black;\"><span style=\"font-weight: 400; color: var(--md-box-samantha-normal-text-color);\">1000 \u2013 6000 mm, personaliz\u00e1vel.<\/span><\/td>\n<\/tr>\n<tr>\n<td style=\"background-color: #fff; font-family: Arial, sans-serif; font-size: 14px; overflow: hidden; padding: 10px 5px; text-align: center; vertical-align: middle; word-break: normal; border: 1px solid black;\"><span style=\"font-weight: 400; color: var(--md-box-samantha-normal-text-color);\">M\u00e9todo de fabrica\u00e7\u00e3o<\/span><\/td>\n<td style=\"background-color: #fff; font-family: Arial, sans-serif; font-size: 14px; overflow: hidden; padding: 10px 5px; text-align: left; vertical-align: middle; word-break: normal; border: 1px solid black;\"><span style=\"font-weight: 400; color: var(--md-box-samantha-normal-text-color);\">Laminados a frio, laminados a quente<\/span><\/td>\n<\/tr>\n<tr>\n<td style=\"background-color: #efefef; font-family: Arial, sans-serif; font-size: 14px; overflow: hidden; padding: 10px 5px; text-align: center; vertical-align: middle; word-break: normal; border: 1px solid black;\"><span style=\"font-weight: 400; color: var(--md-box-samantha-normal-text-color);\">Superf\u00edcie<\/span><\/td>\n<td style=\"background-color: #efefef; font-family: Arial, sans-serif; font-size: 14px; overflow: hidden; padding: 10px 5px; text-align: left; vertical-align: middle; word-break: normal; border: 1px solid black;\"><span style=\"font-weight: 400; color: var(--md-box-samantha-normal-text-color);\">Polido brilhante<\/span><\/td>\n<\/tr>\n<tr>\n<td style=\"background-color: #fff; font-family: Arial, sans-serif; font-size: 14px; overflow: hidden; padding: 10px 5px; text-align: center; vertical-align: middle; word-break: normal; border: 1px solid black;\"><span style=\"font-weight: 400; color: var(--md-box-samantha-normal-text-color);\">Servi\u00e7o de Processamento<\/span><\/td>\n<td style=\"background-color: #fff; font-family: Arial, sans-serif; font-size: 14px; overflow: hidden; padding: 10px 5px; text-align: left; vertical-align: middle; word-break: normal; border: 1px solid black;\"><span style=\"font-weight: 400; color: var(--md-box-samantha-normal-text-color);\">Dobramento, soldagem, desbobinamento, corte, puncionamento<\/span><\/td>\n<\/tr>\n<tr>\n<td style=\"background-color: #efefef; font-family: Arial, sans-serif; font-size: 14px; overflow: hidden; padding: 10px 5px; text-align: center; vertical-align: middle; word-break: normal; border: 1px solid black;\"><span style=\"font-weight: 400; color: var(--md-box-samantha-normal-text-color);\">Prazo de entrega<\/span><\/td>\n<td style=\"background-color: #efefef; font-family: Arial, sans-serif; font-size: 14px; overflow: hidden; padding: 10px 5px; text-align: left; vertical-align: middle; word-break: normal; border: 1px solid black;\"><span style=\"font-weight: 400; color: var(--md-box-samantha-normal-text-color);\">Em estoque: 1 a 3 dias, Fora de estoque: 10 a 15 dias<\/span><\/td>\n<\/tr>\n<tr>\n<td style=\"background-color: #fff; font-family: Arial, sans-serif; font-size: 14px; overflow: hidden; padding: 10px 5px; text-align: center; vertical-align: middle; word-break: normal; border: 1px solid black;\"><span style=\"font-weight: 400; color: var(--md-box-samantha-normal-text-color);\">Amostra gr\u00e1tis<\/span><\/td>\n<td style=\"background-color: #fff; font-family: Arial, sans-serif; font-size: 14px; overflow: hidden; padding: 10px 5px; text-align: left; vertical-align: middle; word-break: normal; border: 1px solid black;\"><span style=\"font-weight: 400; color: var(--md-box-samantha-normal-text-color);\">Dispon\u00edvel<\/span><\/td>\n<\/tr>\n<tr>\n<td style=\"background-color: #efefef; font-family: Arial, sans-serif; font-size: 14px; overflow: hidden; padding: 10px 5px; text-align: center; vertical-align: middle; word-break: normal; border: 1px solid black;\"><span style=\"font-weight: 400; color: var(--md-box-samantha-normal-text-color);\">Tipo<\/span><\/td>\n<td style=\"background-color: #efefef; font-family: Arial, sans-serif; font-size: 14px; overflow: hidden; padding: 10px 5px; text-align: left; vertical-align: middle; word-break: normal; border: 1px solid black;\"><span style=\"font-weight: 400; color: var(--md-box-samantha-normal-text-color);\">Tiras de cobre<\/span><\/td>\n<\/tr>\n<tr>\n<td style=\"background-color: #fff; font-family: Arial, sans-serif; font-size: 14px; overflow: hidden; padding: 10px 5px; text-align: center; vertical-align: middle; word-break: normal; border: 1px solid black;\"><span style=\"font-weight: 400; color: var(--md-box-samantha-normal-text-color);\">Aplicativo<\/span><\/td>\n<td style=\"background-color: #fff; font-family: Arial, sans-serif; font-size: 14px; overflow: hidden; padding: 10px 5px; text-align: left; vertical-align: middle; word-break: normal; border: 1px solid black;\"><span style=\"font-weight: 400; color: var(--md-box-samantha-normal-text-color);\">Aquecedor de \u00e1gua, ar condicionado ou relacionado a \u00f3leo (O original \u201cAquecedor de \u00e1gua, ar condicionado ou \u00f3leo C\u201d cont\u00e9m informa\u00e7\u00f5es incompletas)<\/span><\/td>\n<\/tr>\n<tr>\n<td style=\"background-color: #efefef; font-family: Arial, sans-serif; font-size: 14px; overflow: hidden; padding: 10px 5px; text-align: center; vertical-align: middle; word-break: normal; border: 1px solid black;\"><span style=\"font-weight: 400; color: var(--md-box-samantha-normal-text-color);\">Pacote de transporte<\/span><\/td>\n<td style=\"background-color: #efefef; font-family: Arial, sans-serif; font-size: 14px; overflow: hidden; padding: 10px 5px; text-align: left; vertical-align: middle; word-break: normal; border: 1px solid black;\"><span style=\"font-weight: 400; color: var(--md-box-samantha-normal-text-color);\">Embalagem naveg\u00e1vel com palete de madeira<\/span><\/td>\n<\/tr>\n<tr>\n<td style=\"background-color: #fff; font-family: Arial, sans-serif; font-size: 14px; overflow: hidden; padding: 10px 5px; text-align: center; vertical-align: middle; word-break: normal; border: 1px solid black;\"><span style=\"font-weight: 400; color: var(--md-box-samantha-normal-text-color);\">Especifica\u00e7\u00e3o<\/span><\/td>\n<td style=\"background-color: #fff; font-family: Arial, sans-serif; font-size: 14px; overflow: hidden; padding: 10px 5px; text-align: left; vertical-align: middle; word-break: normal; border: 1px solid black;\"><span style=\"font-weight: 400; color: var(--md-box-samantha-normal-text-color);\">10 \u2013 1500 mm, personaliz\u00e1vel.<\/span><\/td>\n<\/tr>\n<tr>\n<td style=\"background-color: #efefef; font-family: Arial, sans-serif; font-size: 14px; overflow: hidden; padding: 10px 5px; text-align: center; vertical-align: middle; word-break: normal; border: 1px solid black;\"><span style=\"font-weight: 400; color: var(--md-box-samantha-normal-text-color);\">Origem<\/span><\/td>\n<td style=\"background-color: #efefef; font-family: Arial, sans-serif; font-size: 14px; overflow: hidden; padding: 10px 5px; text-align: left; vertical-align: middle; word-break: normal; border: 1px solid black;\"><span style=\"font-weight: 400; color: var(--md-box-samantha-normal-text-color);\">China<\/span><\/td>\n<\/tr>\n<tr>\n<td style=\"background-color: #fff; font-family: Arial, sans-serif; font-size: 14px; overflow: hidden; padding: 10px 5px; text-align: center; vertical-align: middle; word-break: normal; border: 1px solid black;\"><span style=\"font-weight: 400; color: var(--md-box-samantha-normal-text-color);\">Capacidade de produ\u00e7\u00e3o<\/span><\/td>\n<td style=\"background-color: #fff; font-family: Arial, sans-serif; font-size: 14px; overflow: hidden; padding: 10px 5px; text-align: left; vertical-align: middle; word-break: normal; border: 1px solid black;\"><span style=\"font-weight: 400; color: var(--md-box-samantha-normal-text-color);\">1000 toneladas\/m\u00eas<\/span><\/td>\n<\/tr>\n<\/tbody>\n<\/table>\n<h2><strong>Propriedades f\u00edsicas e qu\u00edmicas:<\/strong><\/h2>\n<h3><strong>Propriedades f\u00edsicas<\/strong><\/h3>\n<h4><strong data-spm-anchor-id=\"a2ty_o01.29997173.0.i44.1a70c921yaavsG\">Apar\u00eancia:<\/strong><\/h4>\n<p>As bobinas de cobre geralmente apresentam uma cor met\u00e1lica marrom-avermelhada com uma superf\u00edcie lisa e brilhante. Diferentes efeitos de superf\u00edcie podem ser obtidos por meio de diversos processos de tratamento, como polimento, laqueamento ou oxida\u00e7\u00e3o, para criar um acabamento antigo.<\/p>\n<p><strong>Densidade:<\/strong><\/p>\n<p>A densidade do cobre \u00e9 de aproximadamente 8,96 g\/cm\u00b3, significativamente maior que a do a\u00e7o inoxid\u00e1vel. Essa alta densidade contribui para sua excelente rela\u00e7\u00e3o peso-resist\u00eancia.<\/p>\n<p><strong>Ponto de fus\u00e3o:<\/strong><\/p>\n<p>O ponto de fus\u00e3o do cobre \u00e9 relativamente alto, em torno de 1083 \u00b0C. Isso lhe permite manter a estabilidade em ambientes de alta temperatura, tornando-o adequado para aplica\u00e7\u00f5es que envolvem exposi\u00e7\u00e3o ao calor.<\/p>\n<p><strong>Coeficiente de expans\u00e3o t\u00e9rmica:<\/strong><\/p>\n<p>O cobre possui um coeficiente de expans\u00e3o t\u00e9rmica moderado, de aproximadamente 16,5\u00d710\u207b\u2076\/\u00b0C \u00e0 temperatura ambiente. Essa propriedade garante altera\u00e7\u00f5es dimensionais m\u00ednimas quando exposto a temperaturas vari\u00e1veis, proporcionando boa estabilidade estrutural.<\/p>\n<p><strong>Condutividade t\u00e9rmica:<\/strong><\/p>\n<p>O cobre apresenta excelente condutividade t\u00e9rmica, com um coeficiente de aproximadamente 401 W\/(m\u00b7K). Isso o torna um dos melhores condutores de calor entre os metais, ideal para trocadores de calor, sistemas de resfriamento e outras aplica\u00e7\u00f5es t\u00e9rmicas.<\/p>\n<p><strong>Condutividade el\u00e9trica:<\/strong><\/p>\n<p>O cobre \u00e9 conhecido por sua condutividade el\u00e9trica superior, de aproximadamente 5,96\u00d710\u2077 S\/m, perdendo apenas para a prata. Essa propriedade o torna indispens\u00e1vel em fia\u00e7\u00f5es el\u00e9tricas, transformadores e outros componentes eletr\u00f4nicos.<\/p>\n<h3><strong>Propriedades qu\u00edmicas<\/strong><\/h3>\n<p><strong>Resist\u00eancia \u00e0 corros\u00e3o:<\/strong><\/p>\n<p>O cobre possui boa resist\u00eancia \u00e0 corros\u00e3o devido \u00e0 forma\u00e7\u00e3o de uma camada protetora de \u00f3xido em sua superf\u00edcie. Essa camada previne oxida\u00e7\u00e3o e degrada\u00e7\u00e3o adicionais, permitindo que ele resista \u00e0 exposi\u00e7\u00e3o a condi\u00e7\u00f5es atmosf\u00e9ricas, \u00e1gua e certos produtos qu\u00edmicos. No entanto, em ambientes altamente \u00e1cidos ou amoniacais, sua resist\u00eancia \u00e0 corros\u00e3o pode ser comprometida.<\/p>\n<p><strong>Antioxida\u00e7\u00e3o:<\/strong><\/p>\n<p>O cobre forma uma camada de \u00f3xido est\u00e1vel (\u00f3xido c\u00faprico ou \u00f3xido cuproso) quando exposto ao ar, protegendo o metal subjacente de oxida\u00e7\u00e3o adicional. Essa propriedade garante sua longevidade mesmo em ambientes externos ou de alta temperatura.<\/p>\n<p><strong>Estabilidade qu\u00edmica:<\/strong><\/p>\n<p>Em geral, o cobre demonstra alta estabilidade qu\u00edmica e n\u00e3o reage prontamente com produtos qu\u00edmicos comuns. No entanto, pode corroer na presen\u00e7a de \u00e1cidos fortes (por exemplo, \u00e1cido sulf\u00farico) ou \u00e1lcalis, bem como em ambientes que contenham \u00edons de am\u00f4nia ou cloreto.<\/p>\n<p><strong>Passiva\u00e7\u00e3o:<\/strong><\/p>\n<p>Ao contr\u00e1rio do a\u00e7o inoxid\u00e1vel, o cobre n\u00e3o depende de tratamentos de passiva\u00e7\u00e3o. Em vez disso, sua camada de \u00f3xido natural oferece prote\u00e7\u00e3o suficiente contra a corros\u00e3o. Em aplica\u00e7\u00f5es espec\u00edficas, revestimentos ou lacas adicionais podem ser aplicados para aumentar sua durabilidade.<\/p>\n<h2><strong>Aplicativo:<\/strong><\/h2>\n<p data-spm-anchor-id=\"a2ty_o01.29997173.0.i43.1a70c921yaavsG\">Bobinas de cobre s\u00e3o amplamente utilizadas em diversos setores devido \u00e0 sua excepcional condutividade t\u00e9rmica e el\u00e9trica, resist\u00eancia \u00e0 corros\u00e3o e conformabilidade. Na ind\u00fastria el\u00e9trica, s\u00e3o utilizadas na fabrica\u00e7\u00e3o de fios, transformadores e motores, garantindo a transmiss\u00e3o eficiente de energia. Em sistemas de climatiza\u00e7\u00e3o (HVAC), as bobinas de cobre s\u00e3o empregadas em trocadores de calor, condensadores e evaporadores devido ao seu excelente desempenho t\u00e9rmico. Na constru\u00e7\u00e3o civil, s\u00e3o utilizadas em encanamentos, telhados e elementos decorativos, combinando funcionalidade com apelo est\u00e9tico. Al\u00e9m disso, nas ind\u00fastrias automotiva e eletr\u00f4nica, as bobinas de cobre s\u00e3o parte integrante de componentes como radiadores, eletro\u00edm\u00e3s e placas de circuito, adaptando-se perfeitamente a complexos requisitos de engenharia.<\/p>","protected":false},"excerpt":{"rendered":"<h4 class=\"elementor-heading-title elementor-size-default\" style=\"text-align: center; padding-bottom: 30px;\">Bobina de cobre<\/h4>\n<div>A bobina de cobre \u00e9 um material met\u00e1lico em forma de espiral ou disco, feito de cobre de alta pureza, com excelente condutividade el\u00e9trica, condutividade t\u00e9rmica e resist\u00eancia \u00e0 corros\u00e3o. Sua superf\u00edcie \u00e9 geralmente marrom-avermelhada, lisa e brilhante, e pode ser tratada com diferentes processos para obter uma variedade de apar\u00eancias. A bobina de cobre \u00e9 amplamente utilizada nos setores el\u00e9trico, de refrigera\u00e7\u00e3o, HVAC, constru\u00e7\u00e3o civil e automotivo, como fios, trocadores de calor, condensadores e sistemas de tubula\u00e7\u00e3o. Com boa ductilidade, estabilidade e propriedades antioxidantes, a bobina de cobre tem bom desempenho em ambientes de alta temperatura ou \u00famidos, sendo um material indispens\u00e1vel e importante nos setores industrial e civil.<\/div>\n<div>\n<hr class=\"dongte456custom-line\" \/>\n<\/div>\n<div style=\"padding-bottom: 5px;\">Categoria: Bobina de cobre<\/div>\n<div>Palavra-chave: Bobina de cobre<\/div>\n<div>\n<hr \/>\n<\/div>\n<p><img decoding=\"async\" class=\"alignnone wp-image-257\" src=\"https:\/\/baolongtaisteel.com\/wp-content\/uploads\/2025\/04\/\u7535\u8bdd\u56fe\u6807.jpg\" alt=\"\" width=\"48\" height=\"50\" \/>\u00a0 Whatsapp:<a href=\"https:\/\/api.whatsapp.com\/send?phone=8613963585512\" target=\"_blank\" rel=\"noopener\">\u00a0+8613963585512 <\/a><\/p>\n<div>\n<hr \/>\n<\/div>\n<p><img decoding=\"async\" class=\"alignnone wp-image-258\" src=\"https:\/\/baolongtaisteel.com\/wp-content\/uploads\/2025\/04\/\u90ae\u7bb1\u56fe\u6807.jpg\" alt=\"\" width=\"48\" height=\"55\" \/>\u00a0\u00a0E-mail : <a href=\"rachel@sdxhjmetal.com\" target=\"_blank\" rel=\"noopener\">\u00a0rachel@sdxhjmetal.com<\/a><\/p>\n<div>\n<hr \/>\n<\/div>\n<h3><\/h3>\n<div class=\"productaddbutton-container\">\n<div class=\"productaddbutton-wrapper\"><a class=\"productaddbutton\" href=\"https:\/\/baolongtaisteel.com\/index.php\/product\/\">Lista de produtos<\/a><\/div>\n<div class=\"productaddbutton-wrapper\"><a class=\"productaddbutton\" href=\"#formSectiondongte\">Contate-nos<\/a><\/div>\n<\/div>\n<div><\/div>","protected":false},"featured_media":520,"comment_status":"open","ping_status":"closed","template":"","meta":[],"product_brand":[],"product_cat":[20],"product_tag":[],"class_list":{"0":"post-101","1":"product","2":"type-product","3":"status-publish","4":"has-post-thumbnail","6":"product_cat-copper","8":"first","9":"instock","10":"shipping-taxable","11":"product-type-simple"},"_links":{"self":[{"href":"https:\/\/baolongtaisteel.com\/pt\/wp-json\/wp\/v2\/product\/101","targetHints":{"allow":["GET"]}}],"collection":[{"href":"https:\/\/baolongtaisteel.com\/pt\/wp-json\/wp\/v2\/product"}],"about":[{"href":"https:\/\/baolongtaisteel.com\/pt\/wp-json\/wp\/v2\/types\/product"}],"replies":[{"embeddable":true,"href":"https:\/\/baolongtaisteel.com\/pt\/wp-json\/wp\/v2\/comments?post=101"}],"wp:featuredmedia":[{"embeddable":true,"href":"https:\/\/baolongtaisteel.com\/pt\/wp-json\/wp\/v2\/media\/520"}],"wp:attachment":[{"href":"https:\/\/baolongtaisteel.com\/pt\/wp-json\/wp\/v2\/media?parent=101"}],"wp:term":[{"taxonomy":"product_brand","embeddable":true,"href":"https:\/\/baolongtaisteel.com\/pt\/wp-json\/wp\/v2\/product_brand?post=101"},{"taxonomy":"product_cat","embeddable":true,"href":"https:\/\/baolongtaisteel.com\/pt\/wp-json\/wp\/v2\/product_cat?post=101"},{"taxonomy":"product_tag","embeddable":true,"href":"https:\/\/baolongtaisteel.com\/pt\/wp-json\/wp\/v2\/product_tag?post=101"}],"curies":[{"name":"wp","href":"https:\/\/api.w.org\/{rel}","templated":true}]}}