{"id":108,"date":"2025-04-25T11:23:20","date_gmt":"2025-04-25T03:23:20","guid":{"rendered":"https:\/\/baolongtaisteel.com\/?post_type=product&#038;p=108"},"modified":"2025-04-25T11:23:20","modified_gmt":"2025-04-25T03:23:20","slug":"placa-de-aco-inoxidavel-304","status":"publish","type":"product","link":"https:\/\/baolongtaisteel.com\/pt\/product\/placa-de-aco-inoxidavel-304\/","title":{"rendered":"Placa de a\u00e7o inoxid\u00e1vel 304"},"content":{"rendered":"<h2>Tabela de detalhes do produto:<\/h2>\n<table class=\"tg\" style=\"border-collapse: collapse; border-spacing: 0;\">\n<thead>\n<tr>\n<th style=\"background-color: #9b9b9b; color: #ffffff; font-family: Arial, sans-serif; font-size: 14px; font-weight: bold; overflow: hidden; padding: 10px 5px; text-align: center; vertical-align: middle; word-break: normal; border: 1px solid black;\"><span style=\"font-weight: 600;\">Item<\/span><\/th>\n<th style=\"background-color: #9b9b9b; color: #ffffff; font-family: Arial, sans-serif; font-size: 14px; font-weight: bold; overflow: hidden; padding: 10px 5px; text-align: left; vertical-align: middle; word-break: normal; border: 1px solid black;\"><span style=\"font-weight: 600;\">Detalhes<\/span><\/th>\n<\/tr>\n<\/thead>\n<tbody>\n<tr>\n<td style=\"background-color: #fff; font-family: Arial, sans-serif; font-size: 14px; overflow: hidden; padding: 10px 5px; text-align: center; vertical-align: middle; word-break: normal; border: 1px solid black;\"><span style=\"font-weight: 400; color: var(--md-box-samantha-normal-text-color);\">Nome do produto<\/span><\/td>\n<td style=\"background-color: #fff; font-family: Arial, sans-serif; font-size: 14px; overflow: hidden; padding: 10px 5px; text-align: left; vertical-align: middle; word-break: normal; border: 1px solid black;\"><span style=\"font-weight: 400; color: var(--md-box-samantha-normal-text-color);\">Chapa de a\u00e7o inoxid\u00e1vel 304<\/span><\/td>\n<\/tr>\n<tr>\n<td style=\"background-color: #efefef; font-family: Arial, sans-serif; font-size: 14px; overflow: hidden; padding: 10px 5px; text-align: center; vertical-align: middle; word-break: normal; border: 1px solid black;\"><span style=\"font-weight: 400; color: var(--md-box-samantha-normal-text-color);\">Comprimento<\/span><\/td>\n<td style=\"background-color: #efefef; font-family: Arial, sans-serif; font-size: 14px; overflow: hidden; padding: 10px 5px; text-align: left; vertical-align: middle; word-break: normal; border: 1px solid black;\"><span style=\"font-weight: 400; color: var(--md-box-samantha-normal-text-color);\">Conforme necess\u00e1rio<\/span><\/td>\n<\/tr>\n<tr>\n<td style=\"background-color: #fff; font-family: Arial, sans-serif; font-size: 14px; overflow: hidden; padding: 10px 5px; text-align: center; vertical-align: middle; word-break: normal; border: 1px solid black;\"><span style=\"font-weight: 400; color: var(--md-box-samantha-normal-text-color);\">Largura<\/span><\/td>\n<td style=\"background-color: #fff; font-family: Arial, sans-serif; font-size: 14px; overflow: hidden; padding: 10px 5px; text-align: left; vertical-align: middle; word-break: normal; border: 1px solid black;\"><span style=\"font-weight: 400; color: var(--md-box-samantha-normal-text-color);\">3 mm \u2013 2500 mm ou conforme necess\u00e1rio<\/span><\/td>\n<\/tr>\n<tr>\n<td style=\"background-color: #efefef; font-family: Arial, sans-serif; font-size: 14px; overflow: hidden; padding: 10px 5px; text-align: center; vertical-align: middle; word-break: normal; border: 1px solid black;\"><span style=\"font-weight: 400; color: var(--md-box-samantha-normal-text-color);\">Grossura<\/span><\/td>\n<td style=\"background-color: #efefef; font-family: Arial, sans-serif; font-size: 14px; overflow: hidden; padding: 10px 5px; text-align: left; vertical-align: middle; word-break: normal; border: 1px solid black;\"><span style=\"font-weight: 400; color: var(--md-box-samantha-normal-text-color);\">0,3 mm \u2013 300 mm ou conforme necess\u00e1rio<\/span><\/td>\n<\/tr>\n<tr>\n<td style=\"background-color: #fff; font-family: Arial, sans-serif; font-size: 14px; overflow: hidden; padding: 10px 5px; text-align: center; vertical-align: middle; word-break: normal; border: 1px solid black;\"><span style=\"font-weight: 400; color: var(--md-box-samantha-normal-text-color);\">Padr\u00e3o<\/span><\/td>\n<td style=\"background-color: #fff; font-family: Arial, sans-serif; font-size: 14px; overflow: hidden; padding: 10px 5px; text-align: left; vertical-align: middle; word-break: normal; border: 1px solid black;\"><span style=\"font-weight: 400; color: var(--md-box-samantha-normal-text-color);\">AISI, ASTM, RU\u00cdDO, JIS, GB, JIS, SUS, EN, etc.<\/span><\/td>\n<\/tr>\n<tr>\n<td style=\"background-color: #efefef; font-family: Arial, sans-serif; font-size: 14px; overflow: hidden; padding: 10px 5px; text-align: center; vertical-align: middle; word-break: normal; border: 1px solid black;\"><span style=\"font-weight: 400; color: var(--md-box-samantha-normal-text-color);\">T\u00e9cnica<\/span><\/td>\n<td style=\"background-color: #efefef; font-family: Arial, sans-serif; font-size: 14px; overflow: hidden; padding: 10px 5px; text-align: left; vertical-align: middle; word-break: normal; border: 1px solid black;\"><span style=\"font-weight: 400; color: var(--md-box-samantha-normal-text-color);\">Laminados a quente<\/span><\/td>\n<\/tr>\n<tr>\n<td style=\"background-color: #fff; font-family: Arial, sans-serif; font-size: 14px; overflow: hidden; padding: 10px 5px; text-align: center; vertical-align: middle; word-break: normal; border: 1px solid black;\"><span style=\"font-weight: 400; color: var(--md-box-samantha-normal-text-color);\">Superf\u00edcie<\/span><\/td>\n<td style=\"background-color: #fff; font-family: Arial, sans-serif; font-size: 14px; overflow: hidden; padding: 10px 5px; text-align: left; vertical-align: middle; word-break: normal; border: 1px solid black;\"><span style=\"font-weight: 400; color: var(--md-box-samantha-normal-text-color);\">N\u00ba 1 ou de acordo com a necessidade do cliente<\/span><\/td>\n<\/tr>\n<tr>\n<td style=\"background-color: #efefef; font-family: Arial, sans-serif; font-size: 14px; overflow: hidden; padding: 10px 5px; text-align: center; vertical-align: middle; word-break: normal; border: 1px solid black;\"><span style=\"font-weight: 400; color: var(--md-box-samantha-normal-text-color);\">Material<\/span><\/td>\n<td style=\"background-color: #efefef; font-family: Arial, sans-serif; font-size: 14px; overflow: hidden; padding: 10px 5px; text-align: left; vertical-align: middle; word-break: normal; border: 1px solid black;\"><span style=\"font-weight: 400; color: var(--md-box-samantha-normal-text-color);\">201, 202, 301, 302, 303, 304, 304L, 304H, 310S, 316, 316L, 317L, 321, 310S, 309S, 410, 410S, 420, 430, 431, 440A, 904L<\/span><\/td>\n<\/tr>\n<tr>\n<td style=\"background-color: #fff; font-family: Arial, sans-serif; font-size: 14px; overflow: hidden; padding: 10px 5px; text-align: center; vertical-align: middle; word-break: normal; border: 1px solid black;\"><span style=\"font-weight: 400; color: var(--md-box-samantha-normal-text-color);\">Aplicativo<\/span><\/td>\n<td style=\"background-color: #fff; font-family: Arial, sans-serif; font-size: 14px; overflow: hidden; padding: 10px 5px; text-align: left; vertical-align: middle; word-break: normal; border: 1px solid black;\"><span style=\"font-weight: 400; color: var(--md-box-samantha-normal-text-color);\">\u00c9 amplamente utilizado em aplica\u00e7\u00f5es de alta temperatura, dispositivos m\u00e9dicos, materiais de constru\u00e7\u00e3o, qu\u00edmica, ind\u00fastria aliment\u00edcia, agricultura e componentes navais. Tamb\u00e9m se aplica a embalagens de alimentos e bebidas, utens\u00edlios de cozinha, trens, aeronaves, correias transportadoras, ve\u00edculos, parafusos, porcas, molas e telas.<\/span><\/td>\n<\/tr>\n<tr>\n<td style=\"background-color: #efefef; font-family: Arial, sans-serif; font-size: 14px; overflow: hidden; padding: 10px 5px; text-align: center; vertical-align: middle; word-break: normal; border: 1px solid black;\"><span style=\"font-weight: 400; color: var(--md-box-samantha-normal-text-color);\">Quantidade m\u00ednima<\/span><\/td>\n<td style=\"background-color: #efefef; font-family: Arial, sans-serif; font-size: 14px; overflow: hidden; padding: 10px 5px; text-align: left; vertical-align: middle; word-break: normal; border: 1px solid black;\"><span style=\"font-weight: 400; color: var(--md-box-samantha-normal-text-color);\">1 tonelada. Aceitamos pedidos de amostra.<\/span><\/td>\n<\/tr>\n<tr>\n<td style=\"background-color: #fff; font-family: Arial, sans-serif; font-size: 14px; overflow: hidden; padding: 10px 5px; text-align: center; vertical-align: middle; word-break: normal; border: 1px solid black;\"><span style=\"font-weight: 400; color: var(--md-box-samantha-normal-text-color);\">Embalagem para exporta\u00e7\u00e3o<\/span><\/td>\n<td style=\"background-color: #fff; font-family: Arial, sans-serif; font-size: 14px; overflow: hidden; padding: 10px 5px; text-align: left; vertical-align: middle; word-break: normal; border: 1px solid black;\"><span style=\"font-weight: 400; color: var(--md-box-samantha-normal-text-color);\">Embalado com papel imperme\u00e1vel e tiras de a\u00e7o. Embalagem padr\u00e3o para exporta\u00e7\u00e3o. Adequado para todos os tipos de transporte ou conforme necess\u00e1rio.<\/span><\/td>\n<\/tr>\n<tr>\n<td style=\"background-color: #efefef; font-family: Arial, sans-serif; font-size: 14px; overflow: hidden; padding: 10px 5px; text-align: center; vertical-align: middle; word-break: normal; border: 1px solid black;\"><span style=\"font-weight: 400; color: var(--md-box-samantha-normal-text-color);\">Embalagem<\/span><\/td>\n<td style=\"background-color: #efefef; font-family: Arial, sans-serif; font-size: 14px; overflow: hidden; padding: 10px 5px; text-align: left; vertical-align: middle; word-break: normal; border: 1px solid black;\"><span style=\"font-weight: 400; color: var(--md-box-samantha-normal-text-color);\">Embalagem padr\u00e3o de exporta\u00e7\u00e3o para chapas de a\u00e7o inoxid\u00e1vel:<\/span><br \/>\n<span style=\"font-weight: 400; color: var(--md-box-samantha-normal-text-color);\">1. Polimento de superf\u00edcie<\/span><br \/>\n<span style=\"font-weight: 400; color: var(--md-box-samantha-normal-text-color);\">2. Pacote de pacote<\/span><br \/>\n<span style=\"font-weight: 400; color: var(--md-box-samantha-normal-text-color);\">3. Caixa de madeira, pacote de paletes de madeira<\/span><br \/>\n<span style=\"font-weight: 400; color: var(--md-box-samantha-normal-text-color);\">4. Recipiente ou granel<\/span><br \/>\n<span style=\"font-weight: 400; color: var(--md-box-samantha-normal-text-color);\">5. Embalagem especial de acordo com a solicita\u00e7\u00e3o do cliente<\/span><\/td>\n<\/tr>\n<\/tbody>\n<\/table>\n<p><img fetchpriority=\"high\" decoding=\"async\" class=\"alignnone size-full wp-image-154\" src=\"https:\/\/baolongtaisteel.com\/wp-content\/uploads\/2025\/04\/\u4e0d\u9508\u94a2\u677f-5_\u55e8\u683c\u5f0f\u538b\u7f29\u526f\u672c_\u7ed3\u679c-1.webp\" alt=\"\" width=\"1920\" height=\"1200\" srcset=\"https:\/\/baolongtaisteel.com\/wp-content\/uploads\/2025\/04\/\u4e0d\u9508\u94a2\u677f-5_\u55e8\u683c\u5f0f\u538b\u7f29\u526f\u672c_\u7ed3\u679c-1.webp 1920w, https:\/\/baolongtaisteel.com\/wp-content\/uploads\/2025\/04\/\u4e0d\u9508\u94a2\u677f-5_\u55e8\u683c\u5f0f\u538b\u7f29\u526f\u672c_\u7ed3\u679c-1-600x375.webp 600w, https:\/\/baolongtaisteel.com\/wp-content\/uploads\/2025\/04\/\u4e0d\u9508\u94a2\u677f-5_\u55e8\u683c\u5f0f\u538b\u7f29\u526f\u672c_\u7ed3\u679c-1-300x188.webp 300w, https:\/\/baolongtaisteel.com\/wp-content\/uploads\/2025\/04\/\u4e0d\u9508\u94a2\u677f-5_\u55e8\u683c\u5f0f\u538b\u7f29\u526f\u672c_\u7ed3\u679c-1-1024x640.webp 1024w, https:\/\/baolongtaisteel.com\/wp-content\/uploads\/2025\/04\/\u4e0d\u9508\u94a2\u677f-5_\u55e8\u683c\u5f0f\u538b\u7f29\u526f\u672c_\u7ed3\u679c-1-768x480.webp 768w, https:\/\/baolongtaisteel.com\/wp-content\/uploads\/2025\/04\/\u4e0d\u9508\u94a2\u677f-5_\u55e8\u683c\u5f0f\u538b\u7f29\u526f\u672c_\u7ed3\u679c-1-1536x960.webp 1536w\" sizes=\"(max-width: 1920px) 100vw, 1920px\" \/><\/p>\n<h2><strong data-spm-anchor-id=\"a2ty_o01.29997173.0.i81.1a70c921yaavsG\">Propriedades f\u00edsicas e qu\u00edmicas:<\/strong><\/h2>\n<h3><strong>Propriedades f\u00edsicas<\/strong><\/h3>\n<h4><strong>Apar\u00eancia:<\/strong><\/h4>\n<p>Geralmente apresenta uma cor met\u00e1lica branco-prateada, com superf\u00edcie lisa e alto brilho. Diferentes efeitos superficiais podem ser obtidos por meio de diferentes processos de tratamento de superf\u00edcie, como polimento espelhado, escova\u00e7\u00e3o, etc. Chapas de a\u00e7o inoxid\u00e1vel 304 s\u00e3o frequentemente utilizadas em aplica\u00e7\u00f5es onde seu apelo est\u00e9tico e resist\u00eancia \u00e0 corros\u00e3o s\u00e3o altamente valorizados.<\/p>\n<p><strong>Densidade:<\/strong><\/p>\n<p>A densidade \u00e9 geralmente de cerca de 7,93 g\/cm\u00b3. Por exemplo, a densidade da chapa de a\u00e7o inoxid\u00e1vel 304 \u00e9 de aproximadamente 7,93 g\/cm\u00b3, ligeiramente superior \u00e0 do a\u00e7o carbono comum.<\/p>\n<p><strong>Ponto de fus\u00e3o:<\/strong><\/p>\n<p>O ponto de fus\u00e3o \u00e9 relativamente alto, geralmente em torno de 1400-1450\u00b0C. Isso lhe confere boa estabilidade em ambientes de alta temperatura.<\/p>\n<p><strong>Coeficiente de expans\u00e3o t\u00e9rmica:<\/strong><\/p>\n<p>O coeficiente de expans\u00e3o t\u00e9rmica \u00e9 relativamente pequeno. Na faixa de temperatura ambiente at\u00e9 100\u00b0C, o coeficiente de expans\u00e3o t\u00e9rmica do a\u00e7o inoxid\u00e1vel 304 \u00e9 de cerca de 17,2\u00d710\u207b\u2076\/\u00b0C. Essa caracter\u00edstica permite que ele mantenha boa estabilidade dimensional em ambientes com grandes varia\u00e7\u00f5es de temperatura.<\/p>\n<p><strong>Condutividade t\u00e9rmica:<\/strong><\/p>\n<p>A condutividade t\u00e9rmica \u00e9 baixa, e seu coeficiente de condutividade t\u00e9rmica \u00e9 de cerca de 16 \u2013 27 W\/(m\u00b2\u00b7K), que \u00e9 muito menor que o do cobre, alum\u00ednio e outros metais, portanto, tem certo desempenho de isolamento t\u00e9rmico.<\/p>\n<p><strong>Condutividade el\u00e9trica:<\/strong><\/p>\n<p>Possui certa condutividade el\u00e9trica, mas \u00e9 relativamente baixa. A condutividade do a\u00e7o inoxid\u00e1vel 304 \u00e9 de cerca de 1,4\u00d710\u2076 S\/m, o que representa apenas cerca de 4% da condutividade do cobre.<\/p>\n<h3><strong><img decoding=\"async\" class=\"alignnone size-full wp-image-155\" src=\"https:\/\/baolongtaisteel.com\/wp-content\/uploads\/2025\/04\/\u4e0d\u9508\u94a2\u677f-6_\u55e8\u683c\u5f0f\u538b\u7f29\u526f\u672c_\u7ed3\u679c-1.webp\" alt=\"\" width=\"1920\" height=\"1200\" srcset=\"https:\/\/baolongtaisteel.com\/wp-content\/uploads\/2025\/04\/\u4e0d\u9508\u94a2\u677f-6_\u55e8\u683c\u5f0f\u538b\u7f29\u526f\u672c_\u7ed3\u679c-1.webp 1920w, https:\/\/baolongtaisteel.com\/wp-content\/uploads\/2025\/04\/\u4e0d\u9508\u94a2\u677f-6_\u55e8\u683c\u5f0f\u538b\u7f29\u526f\u672c_\u7ed3\u679c-1-600x375.webp 600w, https:\/\/baolongtaisteel.com\/wp-content\/uploads\/2025\/04\/\u4e0d\u9508\u94a2\u677f-6_\u55e8\u683c\u5f0f\u538b\u7f29\u526f\u672c_\u7ed3\u679c-1-300x188.webp 300w, https:\/\/baolongtaisteel.com\/wp-content\/uploads\/2025\/04\/\u4e0d\u9508\u94a2\u677f-6_\u55e8\u683c\u5f0f\u538b\u7f29\u526f\u672c_\u7ed3\u679c-1-1024x640.webp 1024w, https:\/\/baolongtaisteel.com\/wp-content\/uploads\/2025\/04\/\u4e0d\u9508\u94a2\u677f-6_\u55e8\u683c\u5f0f\u538b\u7f29\u526f\u672c_\u7ed3\u679c-1-768x480.webp 768w, https:\/\/baolongtaisteel.com\/wp-content\/uploads\/2025\/04\/\u4e0d\u9508\u94a2\u677f-6_\u55e8\u683c\u5f0f\u538b\u7f29\u526f\u672c_\u7ed3\u679c-1-1536x960.webp 1536w\" sizes=\"(max-width: 1920px) 100vw, 1920px\" \/>Propriedades qu\u00edmicas<\/strong><\/h3>\n<p><strong>Resist\u00eancia \u00e0 corros\u00e3o:<\/strong><\/p>\n<p>Esta \u00e9 uma das propriedades qu\u00edmicas mais importantes das chapas de a\u00e7o inoxid\u00e1vel 304. Como uma densa pel\u00edcula de passiva\u00e7\u00e3o pode se formar em sua superf\u00edcie, essa pel\u00edcula impede o contato de oxig\u00eanio, \u00e1gua, etc., com a matriz met\u00e1lica, prevenindo eficazmente a corros\u00e3o. Por exemplo, o a\u00e7o inoxid\u00e1vel 304 apresenta boa resist\u00eancia \u00e0 corros\u00e3o em ambientes como atmosfera, \u00e1gua, \u00e1cidos e \u00e1lcalis fracos. \u00c9 amplamente utilizado em diversos ambientes que exigem resist\u00eancia \u00e0 ferrugem e exposi\u00e7\u00e3o a produtos qu\u00edmicos.<\/p>\n<p><strong>Antioxida\u00e7\u00e3o:<\/strong><\/p>\n<p>As chapas de a\u00e7o inoxid\u00e1vel 304 apresentam boa resist\u00eancia \u00e0 oxida\u00e7\u00e3o tanto em temperatura ambiente quanto em temperaturas mais altas. Por exemplo, elas podem suportar altas temperaturas em ambientes de alta temperatura sem serem facilmente oxidadas e podem ser usadas em aplica\u00e7\u00f5es como trocadores de calor e componentes de fornos.<\/p>\n<p><strong>Estabilidade qu\u00edmica:<\/strong><\/p>\n<p>Em meios qu\u00edmicos gerais, as chapas de a\u00e7o inoxid\u00e1vel 304 apresentam alta estabilidade qu\u00edmica e n\u00e3o reagem facilmente com produtos qu\u00edmicos comuns. No entanto, em alguns meios corrosivos espec\u00edficos, como \u00e1cido n\u00edtrico concentrado, \u00e1cido fluor\u00eddrico, etc., a resist\u00eancia \u00e0 corros\u00e3o das chapas de a\u00e7o inoxid\u00e1vel 304 pode ser afetada.<\/p>\n<p><strong>Passiva\u00e7\u00e3o:<\/strong><\/p>\n<p>Ap\u00f3s a exposi\u00e7\u00e3o da chapa de a\u00e7o inoxid\u00e1vel 304 ao ar ou ap\u00f3s o tratamento de passiva\u00e7\u00e3o, uma pel\u00edcula de passiva\u00e7\u00e3o se formar\u00e1 na superf\u00edcie. Essa pel\u00edcula pode melhorar a resist\u00eancia \u00e0 corros\u00e3o e \u00e0 oxida\u00e7\u00e3o do a\u00e7o inoxid\u00e1vel. O tratamento de passiva\u00e7\u00e3o geralmente envolve a imers\u00e3o da chapa de a\u00e7o inoxid\u00e1vel em uma solu\u00e7\u00e3o contendo um oxidante, como \u00e1cido n\u00edtrico, dicromato de pot\u00e1ssio, etc., para promover a forma\u00e7\u00e3o e o reparo da pel\u00edcula de passiva\u00e7\u00e3o.<\/p>\n<h2><strong><img decoding=\"async\" class=\"alignnone size-full wp-image-156\" src=\"https:\/\/baolongtaisteel.com\/wp-content\/uploads\/2025\/04\/\u4e0d\u9508\u94a2\u677f-7_\u55e8\u683c\u5f0f\u538b\u7f29\u526f\u672c_\u7ed3\u679c-1.webp\" alt=\"\" width=\"1920\" height=\"1200\" srcset=\"https:\/\/baolongtaisteel.com\/wp-content\/uploads\/2025\/04\/\u4e0d\u9508\u94a2\u677f-7_\u55e8\u683c\u5f0f\u538b\u7f29\u526f\u672c_\u7ed3\u679c-1.webp 1920w, https:\/\/baolongtaisteel.com\/wp-content\/uploads\/2025\/04\/\u4e0d\u9508\u94a2\u677f-7_\u55e8\u683c\u5f0f\u538b\u7f29\u526f\u672c_\u7ed3\u679c-1-600x375.webp 600w, https:\/\/baolongtaisteel.com\/wp-content\/uploads\/2025\/04\/\u4e0d\u9508\u94a2\u677f-7_\u55e8\u683c\u5f0f\u538b\u7f29\u526f\u672c_\u7ed3\u679c-1-300x188.webp 300w, https:\/\/baolongtaisteel.com\/wp-content\/uploads\/2025\/04\/\u4e0d\u9508\u94a2\u677f-7_\u55e8\u683c\u5f0f\u538b\u7f29\u526f\u672c_\u7ed3\u679c-1-1024x640.webp 1024w, https:\/\/baolongtaisteel.com\/wp-content\/uploads\/2025\/04\/\u4e0d\u9508\u94a2\u677f-7_\u55e8\u683c\u5f0f\u538b\u7f29\u526f\u672c_\u7ed3\u679c-1-768x480.webp 768w, https:\/\/baolongtaisteel.com\/wp-content\/uploads\/2025\/04\/\u4e0d\u9508\u94a2\u677f-7_\u55e8\u683c\u5f0f\u538b\u7f29\u526f\u672c_\u7ed3\u679c-1-1536x960.webp 1536w\" sizes=\"(max-width: 1920px) 100vw, 1920px\" \/>Aplicativo:<\/strong><\/h2>\n<p data-spm-anchor-id=\"a2ty_o01.29997173.0.i80.1a70c921yaavsG\">As chapas de a\u00e7o inoxid\u00e1vel 304 s\u00e3o amplamente utilizadas em diversos setores devido \u00e0 sua excelente resist\u00eancia \u00e0 corros\u00e3o, alta resist\u00eancia e bom desempenho de processamento. Na \u00e1rea de dispositivos m\u00e9dicos, s\u00e3o utilizadas na fabrica\u00e7\u00e3o de instrumentos cir\u00fargicos, implantes, etc., e sua esterilidade e biocompatibilidade garantem a seguran\u00e7a. Na ind\u00fastria de decora\u00e7\u00e3o de edif\u00edcios, s\u00e3o frequentemente utilizadas em bancadas, pain\u00e9is de parede, corrim\u00e3os e esculturas art\u00edsticas, combinando beleza com durabilidade. Na fabrica\u00e7\u00e3o mec\u00e2nica, podem ser processadas em componentes-chave, como pe\u00e7as de m\u00e1quinas e suportes estruturais, para garantir a opera\u00e7\u00e3o est\u00e1vel dos equipamentos. Na ind\u00fastria de processamento de alimentos, as chapas de a\u00e7o inoxid\u00e1vel 304 s\u00e3o utilizadas na constru\u00e7\u00e3o de m\u00e1quinas, recipientes e superf\u00edcies de trabalho, atendendo a rigorosos padr\u00f5es de higiene. Al\u00e9m disso, nas \u00e1reas de equipamentos qu\u00edmicos, aparelhos eletr\u00f4nicos, etc., as chapas de a\u00e7o inoxid\u00e1vel 304 tamb\u00e9m s\u00e3o indispens\u00e1veis. S\u00e3o utilizadas na fabrica\u00e7\u00e3o de reatores, tanques de armazenamento, inv\u00f3lucros de equipamentos eletr\u00f4nicos, etc., e podem se adaptar a ambientes de trabalho complexos.<\/p>","protected":false},"excerpt":{"rendered":"<h4 class=\"elementor-heading-title elementor-size-default\" style=\"text-align: center; padding-bottom: 30px;\">Placa de a\u00e7o inoxid\u00e1vel 304<\/h4>\n<div>A chapa de a\u00e7o inoxid\u00e1vel 304 \u00e9 um a\u00e7o inoxid\u00e1vel austen\u00edtico amplamente utilizado, com excelente resist\u00eancia \u00e0 corros\u00e3o, alta temperatura e f\u00e1cil processamento. Sua densidade \u00e9 de cerca de 7,93 g\/cm\u00b3, a superf\u00edcie \u00e9 lisa e brilhante, e diferentes efeitos decorativos podem ser obtidos por meio de polimento, trefila\u00e7\u00e3o e outros processos. A chapa de a\u00e7o inoxid\u00e1vel 304 apresenta bom desempenho na atmosfera, \u00e1gua e ambientes \u00e1cidos e alcalinos fracos. \u00c9 adequada para decora\u00e7\u00e3o arquitet\u00f4nica, equipamentos m\u00e9dicos, equipamentos de processamento de alimentos e ind\u00fastria qu\u00edmica. Atende a altos padr\u00f5es de higiene e resist\u00eancia \u00e0 corros\u00e3o, al\u00e9m de possuir caracter\u00edsticas est\u00e9ticas e dur\u00e1veis. \u00c9 um material ideal para os setores industrial e civil.<\/div>\n<div>\n<hr class=\"dongte456custom-line\" \/>\n<\/div>\n<div style=\"padding-bottom: 5px;\">Categoria: chapa de a\u00e7o inoxid\u00e1vel 304<\/div>\n<div>Palavra-chave: chapa de a\u00e7o inoxid\u00e1vel 304<\/div>\n<div>\n<hr \/>\n<\/div>\n<p><img loading=\"lazy\" decoding=\"async\" class=\"alignnone wp-image-257\" src=\"https:\/\/baolongtaisteel.com\/wp-content\/uploads\/2025\/04\/\u7535\u8bdd\u56fe\u6807.jpg\" alt=\"\" width=\"48\" height=\"50\" \/>\u00a0 Whatsapp:<a href=\"https:\/\/api.whatsapp.com\/send?phone=8613963585512\" target=\"_blank\" rel=\"noopener\">\u00a0+8613963585512 <\/a><\/p>\n<div>\n<hr \/>\n<\/div>\n<p><img loading=\"lazy\" decoding=\"async\" class=\"alignnone wp-image-258\" src=\"https:\/\/baolongtaisteel.com\/wp-content\/uploads\/2025\/04\/\u90ae\u7bb1\u56fe\u6807.jpg\" alt=\"\" width=\"48\" height=\"55\" \/>\u00a0\u00a0E-mail : <a href=\"rachel@sdxhjmetal.com\" target=\"_blank\" rel=\"noopener\">\u00a0rachel@sdxhjmetal.com<\/a><\/p>\n<div>\n<hr \/>\n<\/div>\n<h3><\/h3>\n<div class=\"productaddbutton-container\">\n<div class=\"productaddbutton-wrapper\"><a class=\"productaddbutton\" href=\"https:\/\/baolongtaisteel.com\/index.php\/product\/\">Lista de produtos<\/a><\/div>\n<div class=\"productaddbutton-wrapper\"><a class=\"productaddbutton\" href=\"#formSectiondongte\">Contate-nos<\/a><\/div>\n<\/div>\n<div><\/div>","protected":false},"featured_media":165,"comment_status":"open","ping_status":"closed","template":"","meta":[],"product_brand":[],"product_cat":[16],"product_tag":[],"class_list":{"0":"post-108","1":"product","2":"type-product","3":"status-publish","4":"has-post-thumbnail","6":"product_cat-stainless-steel","8":"first","9":"instock","10":"shipping-taxable","11":"product-type-simple"},"_links":{"self":[{"href":"https:\/\/baolongtaisteel.com\/pt\/wp-json\/wp\/v2\/product\/108","targetHints":{"allow":["GET"]}}],"collection":[{"href":"https:\/\/baolongtaisteel.com\/pt\/wp-json\/wp\/v2\/product"}],"about":[{"href":"https:\/\/baolongtaisteel.com\/pt\/wp-json\/wp\/v2\/types\/product"}],"replies":[{"embeddable":true,"href":"https:\/\/baolongtaisteel.com\/pt\/wp-json\/wp\/v2\/comments?post=108"}],"wp:featuredmedia":[{"embeddable":true,"href":"https:\/\/baolongtaisteel.com\/pt\/wp-json\/wp\/v2\/media\/165"}],"wp:attachment":[{"href":"https:\/\/baolongtaisteel.com\/pt\/wp-json\/wp\/v2\/media?parent=108"}],"wp:term":[{"taxonomy":"product_brand","embeddable":true,"href":"https:\/\/baolongtaisteel.com\/pt\/wp-json\/wp\/v2\/product_brand?post=108"},{"taxonomy":"product_cat","embeddable":true,"href":"https:\/\/baolongtaisteel.com\/pt\/wp-json\/wp\/v2\/product_cat?post=108"},{"taxonomy":"product_tag","embeddable":true,"href":"https:\/\/baolongtaisteel.com\/pt\/wp-json\/wp\/v2\/product_tag?post=108"}],"curies":[{"name":"wp","href":"https:\/\/api.w.org\/{rel}","templated":true}]}}