{"id":113,"date":"2025-04-24T14:51:59","date_gmt":"2025-04-24T06:51:59","guid":{"rendered":"https:\/\/baolongtaisteel.com\/?post_type=product&#038;p=113"},"modified":"2025-04-25T13:37:31","modified_gmt":"2025-04-25T05:37:31","slug":"bobina-de-aco-inoxidavel-316l","status":"publish","type":"product","link":"https:\/\/baolongtaisteel.com\/pt\/product\/bobina-de-aco-inoxidavel-316l\/","title":{"rendered":"Bobina de a\u00e7o inoxid\u00e1vel 316L"},"content":{"rendered":"<h2>\u00a0 Tabela de detalhes do produto:<\/h2>\n<table class=\"tg\" style=\"border-collapse: collapse; border-spacing: 0;\">\n<thead>\n<tr>\n<th style=\"background-color: #9b9b9b; color: #ffffff; font-family: Arial, sans-serif; font-size: 14px; font-weight: bold; overflow: hidden; padding: 10px 5px; text-align: center; vertical-align: middle; word-break: normal; border: 1px solid black;\"><span style=\"font-weight: 600;\">Item<\/span><\/th>\n<th style=\"background-color: #9b9b9b; color: #ffffff; font-family: Arial, sans-serif; font-size: 14px; font-weight: bold; overflow: hidden; padding: 10px 5px; text-align: left; vertical-align: middle; word-break: normal; border: 1px solid black;\"><span style=\"font-weight: 600;\">Detalhes<\/span><\/th>\n<\/tr>\n<\/thead>\n<tbody>\n<tr>\n<td style=\"background-color: #fff; font-family: Arial, sans-serif; font-size: 14px; overflow: hidden; padding: 10px 5px; text-align: center; vertical-align: middle; word-break: normal; border: 1px solid black;\"><span style=\"font-weight: 400; color: var(--md-box-samantha-normal-text-color);\">Modelo N\u00ba.<\/span><\/td>\n<td style=\"background-color: #fff; font-family: Arial, sans-serif; font-size: 14px; overflow: hidden; padding: 10px 5px; text-align: left; vertical-align: middle; word-break: normal; border: 1px solid black;\"><span style=\"font-weight: 400; color: var(--md-box-samantha-normal-text-color);\">201, 304, 316, 321, 309S, 310S, 430<\/span><\/td>\n<\/tr>\n<tr>\n<td style=\"background-color: #efefef; font-family: Arial, sans-serif; font-size: 14px; overflow: hidden; padding: 10px 5px; text-align: center; vertical-align: middle; word-break: normal; border: 1px solid black;\"><span style=\"font-weight: 400; color: var(--md-box-samantha-normal-text-color);\">Nota<\/span><\/td>\n<td style=\"background-color: #efefef; font-family: Arial, sans-serif; font-size: 14px; overflow: hidden; padding: 10px 5px; text-align: left; vertical-align: middle; word-break: normal; border: 1px solid black;\"><span style=\"font-weight: 400; color: var(--md-box-samantha-normal-text-color);\">S\u00e9rie 300<\/span><\/td>\n<\/tr>\n<tr>\n<td style=\"background-color: #fff; font-family: Arial, sans-serif; font-size: 14px; overflow: hidden; padding: 10px 5px; text-align: center; vertical-align: middle; word-break: normal; border: 1px solid black;\"><span style=\"font-weight: 400; color: var(--md-box-samantha-normal-text-color);\">Certifica\u00e7\u00e3o<\/span><\/td>\n<td style=\"background-color: #fff; font-family: Arial, sans-serif; font-size: 14px; overflow: hidden; padding: 10px 5px; text-align: left; vertical-align: middle; word-break: normal; border: 1px solid black;\"><span style=\"font-weight: 400; color: var(--md-box-samantha-normal-text-color);\">ISO, RoHS, IBR, AISI, ASTM, GB, EN, DIN, JIS<\/span><\/td>\n<\/tr>\n<tr>\n<td style=\"background-color: #efefef; font-family: Arial, sans-serif; font-size: 14px; overflow: hidden; padding: 10px 5px; text-align: center; vertical-align: middle; word-break: normal; border: 1px solid black;\"><span style=\"font-weight: 400; color: var(--md-box-samantha-normal-text-color);\">Forma<\/span><\/td>\n<td style=\"background-color: #efefef; font-family: Arial, sans-serif; font-size: 14px; overflow: hidden; padding: 10px 5px; text-align: left; vertical-align: middle; word-break: normal; border: 1px solid black;\"><span style=\"font-weight: 400; color: var(--md-box-samantha-normal-text-color);\">Plano<\/span><\/td>\n<\/tr>\n<tr>\n<td style=\"background-color: #fff; font-family: Arial, sans-serif; font-size: 14px; overflow: hidden; padding: 10px 5px; text-align: center; vertical-align: middle; word-break: normal; border: 1px solid black;\"><span style=\"font-weight: 400; color: var(--md-box-samantha-normal-text-color);\">T\u00e9cnica<\/span><\/td>\n<td style=\"background-color: #fff; font-family: Arial, sans-serif; font-size: 14px; overflow: hidden; padding: 10px 5px; text-align: left; vertical-align: middle; word-break: normal; border: 1px solid black;\"><span style=\"font-weight: 400; color: var(--md-box-samantha-normal-text-color);\">Laminado a frio<\/span><\/td>\n<\/tr>\n<tr>\n<td style=\"background-color: #efefef; font-family: Arial, sans-serif; font-size: 14px; overflow: hidden; padding: 10px 5px; text-align: center; vertical-align: middle; word-break: normal; border: 1px solid black;\"><span style=\"font-weight: 400; color: var(--md-box-samantha-normal-text-color);\">Nome do produto<\/span><\/td>\n<td style=\"background-color: #efefef; font-family: Arial, sans-serif; font-size: 14px; overflow: hidden; padding: 10px 5px; text-align: left; vertical-align: middle; word-break: normal; border: 1px solid black;\"><span style=\"font-weight: 400; color: var(--md-box-samantha-normal-text-color);\">Bobina de a\u00e7o inoxid\u00e1vel<\/span><\/td>\n<\/tr>\n<tr>\n<td style=\"background-color: #fff; font-family: Arial, sans-serif; font-size: 14px; overflow: hidden; padding: 10px 5px; text-align: center; vertical-align: middle; word-break: normal; border: 1px solid black;\"><span style=\"font-weight: 400; color: var(--md-box-samantha-normal-text-color);\">Superf\u00edcie<\/span><\/td>\n<td style=\"background-color: #fff; font-family: Arial, sans-serif; font-size: 14px; overflow: hidden; padding: 10px 5px; text-align: left; vertical-align: middle; word-break: normal; border: 1px solid black;\"><span style=\"font-weight: 400; color: var(--md-box-samantha-normal-text-color);\">No.1, Ba, 2B, No.4, Hl, Sb, Em relevo<\/span><\/td>\n<\/tr>\n<tr>\n<td style=\"background-color: #efefef; font-family: Arial, sans-serif; font-size: 14px; overflow: hidden; padding: 10px 5px; text-align: center; vertical-align: middle; word-break: normal; border: 1px solid black;\"><span style=\"font-weight: 400; color: var(--md-box-samantha-normal-text-color);\">Embalagem para exporta\u00e7\u00e3o<\/span><\/td>\n<td style=\"background-color: #efefef; font-family: Arial, sans-serif; font-size: 14px; overflow: hidden; padding: 10px 5px; text-align: left; vertical-align: middle; word-break: normal; border: 1px solid black;\"><span style=\"font-weight: 400; color: var(--md-box-samantha-normal-text-color);\">Embalagem padr\u00e3o para navega\u00e7\u00e3o<\/span><\/td>\n<\/tr>\n<tr>\n<td style=\"background-color: #fff; font-family: Arial, sans-serif; font-size: 14px; overflow: hidden; padding: 10px 5px; text-align: center; vertical-align: middle; word-break: normal; border: 1px solid black;\"><span style=\"font-weight: 400; color: var(--md-box-samantha-normal-text-color);\">Especifica\u00e7\u00f5es personalizadas<\/span><\/td>\n<td style=\"background-color: #fff; font-family: Arial, sans-serif; font-size: 14px; overflow: hidden; padding: 10px 5px; text-align: left; vertical-align: middle; word-break: normal; border: 1px solid black;\"><span style=\"font-weight: 400; color: var(--md-box-samantha-normal-text-color);\">De acordo com os requisitos do cliente<\/span><\/td>\n<\/tr>\n<tr>\n<td style=\"background-color: #efefef; font-family: Arial, sans-serif; font-size: 14px; overflow: hidden; padding: 10px 5px; text-align: center; vertical-align: middle; word-break: normal; border: 1px solid black;\"><span style=\"font-weight: 400; color: var(--md-box-samantha-normal-text-color);\">Amostra<\/span><\/td>\n<td style=\"background-color: #efefef; font-family: Arial, sans-serif; font-size: 14px; overflow: hidden; padding: 10px 5px; text-align: left; vertical-align: middle; word-break: normal; border: 1px solid black;\"><span style=\"font-weight: 400; color: var(--md-box-samantha-normal-text-color);\">Dispon\u00edvel<\/span><\/td>\n<\/tr>\n<tr>\n<td style=\"background-color: #fff; font-family: Arial, sans-serif; font-size: 14px; overflow: hidden; padding: 10px 5px; text-align: center; vertical-align: middle; word-break: normal; border: 1px solid black;\"><span style=\"font-weight: 400; color: var(--md-box-samantha-normal-text-color);\">Prazo de entrega<\/span><\/td>\n<td style=\"background-color: #fff; font-family: Arial, sans-serif; font-size: 14px; overflow: hidden; padding: 10px 5px; text-align: left; vertical-align: middle; word-break: normal; border: 1px solid black;\"><span style=\"font-weight: 400; color: var(--md-box-samantha-normal-text-color);\">7-15 dias<\/span><\/td>\n<\/tr>\n<tr>\n<td style=\"background-color: #efefef; font-family: Arial, sans-serif; font-size: 14px; overflow: hidden; padding: 10px 5px; text-align: center; vertical-align: middle; word-break: normal; border: 1px solid black;\"><span style=\"font-weight: 400; color: var(--md-box-samantha-normal-text-color);\">Embalagem de transporte<\/span><\/td>\n<td style=\"background-color: #efefef; font-family: Arial, sans-serif; font-size: 14px; overflow: hidden; padding: 10px 5px; text-align: left; vertical-align: middle; word-break: normal; border: 1px solid black;\"><span style=\"font-weight: 400; color: var(--md-box-samantha-normal-text-color);\">Embalagem padr\u00e3o para navega\u00e7\u00e3o<\/span><\/td>\n<\/tr>\n<tr>\n<td style=\"background-color: #fff; font-family: Arial, sans-serif; font-size: 14px; overflow: hidden; padding: 10px 5px; text-align: center; vertical-align: middle; word-break: normal; border: 1px solid black;\"><span style=\"font-weight: 400; color: var(--md-box-samantha-normal-text-color);\">Especifica\u00e7\u00e3o<\/span><\/td>\n<td style=\"background-color: #fff; font-family: Arial, sans-serif; font-size: 14px; overflow: hidden; padding: 10px 5px; text-align: left; vertical-align: middle; word-break: normal; border: 1px solid black;\"><span style=\"font-weight: 400; color: var(--md-box-samantha-normal-text-color);\">Personalizado<\/span><\/td>\n<\/tr>\n<tr>\n<td style=\"background-color: #efefef; font-family: Arial, sans-serif; font-size: 14px; overflow: hidden; padding: 10px 5px; text-align: center; vertical-align: middle; word-break: normal; border: 1px solid black;\"><span style=\"font-weight: 400; color: var(--md-box-samantha-normal-text-color);\">Origem<\/span><\/td>\n<td style=\"background-color: #efefef; font-family: Arial, sans-serif; font-size: 14px; overflow: hidden; padding: 10px 5px; text-align: left; vertical-align: middle; word-break: normal; border: 1px solid black;\"><span style=\"font-weight: 400; color: var(--md-box-samantha-normal-text-color);\">China<\/span><\/td>\n<\/tr>\n<tr>\n<td style=\"background-color: #fff; font-family: Arial, sans-serif; font-size: 14px; overflow: hidden; padding: 10px 5px; text-align: center; vertical-align: middle; word-break: normal; border: 1px solid black;\"><span style=\"font-weight: 400; color: var(--md-box-samantha-normal-text-color);\">Capacidade de produ\u00e7\u00e3o<\/span><\/td>\n<td style=\"background-color: #fff; font-family: Arial, sans-serif; font-size: 14px; overflow: hidden; padding: 10px 5px; text-align: left; vertical-align: middle; word-break: normal; border: 1px solid black;\"><span style=\"font-weight: 400; color: var(--md-box-samantha-normal-text-color);\">100000 toneladas por m\u00eas<\/span><\/td>\n<\/tr>\n<\/tbody>\n<\/table>\n<p>&nbsp;<\/p>\n<h2><img fetchpriority=\"high\" decoding=\"async\" class=\"alignnone size-full wp-image-215\" src=\"https:\/\/baolongtaisteel.com\/wp-content\/uploads\/2025\/04\/d0187cd1ce4a459bb3acc30bc94fa202_\u55e8\u683c\u5f0f\u538b\u7f29\u526f\u672c_\u7ed3\u679c.webp\" alt=\"\" width=\"1918\" height=\"798\" srcset=\"https:\/\/baolongtaisteel.com\/wp-content\/uploads\/2025\/04\/d0187cd1ce4a459bb3acc30bc94fa202_\u55e8\u683c\u5f0f\u538b\u7f29\u526f\u672c_\u7ed3\u679c.webp 1918w, https:\/\/baolongtaisteel.com\/wp-content\/uploads\/2025\/04\/d0187cd1ce4a459bb3acc30bc94fa202_\u55e8\u683c\u5f0f\u538b\u7f29\u526f\u672c_\u7ed3\u679c-600x250.webp 600w, https:\/\/baolongtaisteel.com\/wp-content\/uploads\/2025\/04\/d0187cd1ce4a459bb3acc30bc94fa202_\u55e8\u683c\u5f0f\u538b\u7f29\u526f\u672c_\u7ed3\u679c-300x125.webp 300w, https:\/\/baolongtaisteel.com\/wp-content\/uploads\/2025\/04\/d0187cd1ce4a459bb3acc30bc94fa202_\u55e8\u683c\u5f0f\u538b\u7f29\u526f\u672c_\u7ed3\u679c-1024x426.webp 1024w, https:\/\/baolongtaisteel.com\/wp-content\/uploads\/2025\/04\/d0187cd1ce4a459bb3acc30bc94fa202_\u55e8\u683c\u5f0f\u538b\u7f29\u526f\u672c_\u7ed3\u679c-768x320.webp 768w, https:\/\/baolongtaisteel.com\/wp-content\/uploads\/2025\/04\/d0187cd1ce4a459bb3acc30bc94fa202_\u55e8\u683c\u5f0f\u538b\u7f29\u526f\u672c_\u7ed3\u679c-1536x639.webp 1536w\" sizes=\"(max-width: 1918px) 100vw, 1918px\" \/><\/h2>\n<h2 data-spm-anchor-id=\"a2ty_o01.29997173.0.i118.1a70c921yaavsG\"><strong>Propriedades f\u00edsicas e qu\u00edmicas:<\/strong><\/h2>\n<h3 data-spm-anchor-id=\"a2ty_o01.29997173.0.i118.1a70c921yaavsG\"><strong>Propriedades f\u00edsicas<\/strong><\/h3>\n<p data-spm-anchor-id=\"a2ty_o01.29997173.0.i118.1a70c921yaavsG\"><strong>Apar\u00eancia:<\/strong><\/p>\n<p>Geralmente apresenta uma cor met\u00e1lica branco-prateada, com superf\u00edcie lisa e alto brilho. Diferentes efeitos superficiais podem ser obtidos por meio de diferentes processos de tratamento de superf\u00edcie, como polimento espelhado, escova\u00e7\u00e3o, etc. As bobinas de a\u00e7o inoxid\u00e1vel 316L s\u00e3o frequentemente utilizadas em aplica\u00e7\u00f5es onde a est\u00e9tica, a resist\u00eancia \u00e0 corros\u00e3o e a higiene s\u00e3o cruciais.<\/p>\n<p><strong>Densidade:<\/strong><\/p>\n<p>A densidade \u00e9 geralmente em torno de 7,98 g\/cm\u00b3. Por exemplo, a densidade da bobina de a\u00e7o inoxid\u00e1vel 316L \u00e9 de aproximadamente 7,98 g\/cm\u00b3, ligeiramente superior \u00e0 do a\u00e7o carbono comum e compar\u00e1vel a outros a\u00e7os inoxid\u00e1veis austen\u00edticos, como o 304.<\/p>\n<p><strong>Ponto de fus\u00e3o:<\/strong><\/p>\n<p>O ponto de fus\u00e3o \u00e9 relativamente alto, geralmente em torno de 1375-1450\u00b0C. Por exemplo, o ponto de fus\u00e3o do a\u00e7o inoxid\u00e1vel 316L \u00e9 de cerca de 1399-1440\u00b0C, o que o torna adequado para uso em ambientes de alta temperatura, mantendo a estabilidade.<\/p>\n<p><strong>Coeficiente de expans\u00e3o t\u00e9rmica:<\/strong><\/p>\n<p>O coeficiente de expans\u00e3o t\u00e9rmica \u00e9 relativamente pequeno. Na faixa de temperatura ambiente at\u00e9 100\u00b0C, o coeficiente de expans\u00e3o t\u00e9rmica do a\u00e7o inoxid\u00e1vel 316L \u00e9 de cerca de 15,9\u00d710\u207b\u2076\/\u00b0C. Essa caracter\u00edstica permite que ele mantenha boa estabilidade dimensional mesmo em ambientes com flutua\u00e7\u00f5es significativas de temperatura.<\/p>\n<p><strong>Condutividade t\u00e9rmica:<\/strong><\/p>\n<p>A condutividade t\u00e9rmica \u00e9 baixa, com um coeficiente de condutividade t\u00e9rmica de cerca de 16,2 W\/(m\u00b2\u00b7K), muito inferior ao do cobre, alum\u00ednio e outros metais. Essa propriedade lhe confere certas caracter\u00edsticas de isolamento t\u00e9rmico, tornando-o adequado para aplica\u00e7\u00f5es industriais espec\u00edficas.<\/p>\n<p><strong>Condutividade el\u00e9trica:<\/strong><\/p>\n<p>Possui certa condutividade el\u00e9trica, mas \u00e9 relativamente baixa. A condutividade do a\u00e7o inoxid\u00e1vel 316L \u00e9 de cerca de 1,3\u00d710\u2076 S\/m, o que representa apenas cerca de 3,8% da condutividade do cobre. Isso limita seu uso em aplica\u00e7\u00f5es de alta condutividade, mas garante sua adequa\u00e7\u00e3o a ambientes resistentes \u00e0 corros\u00e3o.<\/p>\n<h2><img decoding=\"async\" class=\"alignnone size-full wp-image-213\" src=\"https:\/\/baolongtaisteel.com\/wp-content\/uploads\/2025\/04\/b595455fafbf260a8dedbc5fdc7ee51c_\u55e8\u683c\u5f0f\u538b\u7f29\u526f\u672c_\u7ed3\u679c.webp\" alt=\"\" width=\"1918\" height=\"798\" srcset=\"https:\/\/baolongtaisteel.com\/wp-content\/uploads\/2025\/04\/b595455fafbf260a8dedbc5fdc7ee51c_\u55e8\u683c\u5f0f\u538b\u7f29\u526f\u672c_\u7ed3\u679c.webp 1918w, https:\/\/baolongtaisteel.com\/wp-content\/uploads\/2025\/04\/b595455fafbf260a8dedbc5fdc7ee51c_\u55e8\u683c\u5f0f\u538b\u7f29\u526f\u672c_\u7ed3\u679c-600x250.webp 600w, https:\/\/baolongtaisteel.com\/wp-content\/uploads\/2025\/04\/b595455fafbf260a8dedbc5fdc7ee51c_\u55e8\u683c\u5f0f\u538b\u7f29\u526f\u672c_\u7ed3\u679c-300x125.webp 300w, https:\/\/baolongtaisteel.com\/wp-content\/uploads\/2025\/04\/b595455fafbf260a8dedbc5fdc7ee51c_\u55e8\u683c\u5f0f\u538b\u7f29\u526f\u672c_\u7ed3\u679c-1024x426.webp 1024w, https:\/\/baolongtaisteel.com\/wp-content\/uploads\/2025\/04\/b595455fafbf260a8dedbc5fdc7ee51c_\u55e8\u683c\u5f0f\u538b\u7f29\u526f\u672c_\u7ed3\u679c-768x320.webp 768w, https:\/\/baolongtaisteel.com\/wp-content\/uploads\/2025\/04\/b595455fafbf260a8dedbc5fdc7ee51c_\u55e8\u683c\u5f0f\u538b\u7f29\u526f\u672c_\u7ed3\u679c-1536x639.webp 1536w\" sizes=\"(max-width: 1918px) 100vw, 1918px\" \/><\/h2>\n<h3><strong>Propriedades qu\u00edmicas<\/strong><\/h3>\n<p><strong>Resist\u00eancia \u00e0 corros\u00e3o:<\/strong><\/p>\n<p>Esta \u00e9 uma das propriedades qu\u00edmicas mais importantes das bobinas de a\u00e7o inoxid\u00e1vel 316L. Devido ao seu baixo teor de carbono (inferior a 0,03%), forma uma densa pel\u00edcula de passiva\u00e7\u00e3o em sua superf\u00edcie, que impede o contato de oxig\u00eanio, \u00e1gua e outros agentes corrosivos com a matriz met\u00e1lica. Apresenta excelente resist\u00eancia \u00e0 corros\u00e3o por pites e frestas, particularmente em ambientes ricos em cloreto. Por exemplo, o a\u00e7o inoxid\u00e1vel 316L \u00e9 altamente resistente \u00e0 corros\u00e3o em ambientes marinhos, plantas de processamento qu\u00edmico e \u00e1reas expostas a cloretos.<\/p>\n<p><strong>Antioxida\u00e7\u00e3o:<\/strong><\/p>\n<p>As bobinas de a\u00e7o inoxid\u00e1vel 316L apresentam boa resist\u00eancia \u00e0 oxida\u00e7\u00e3o tanto em temperatura ambiente quanto em altas temperaturas. Elas podem suportar exposi\u00e7\u00e3o prolongada a altas temperaturas sem oxida\u00e7\u00e3o significativa, tornando-as adequadas para aplica\u00e7\u00f5es em trocadores de calor, componentes de fornos e sistemas de exaust\u00e3o.<\/p>\n<p><strong>Estabilidade qu\u00edmica:<\/strong><\/p>\n<p>Em meios qu\u00edmicos gerais, as bobinas de a\u00e7o inoxid\u00e1vel 316L apresentam alta estabilidade qu\u00edmica e n\u00e3o s\u00e3o propensas a reagir com produtos qu\u00edmicos comuns. No entanto, em alguns meios corrosivos espec\u00edficos, como \u00e1cido clor\u00eddrico ou \u00e1cido sulf\u00farico em altas concentra\u00e7\u00f5es, sua resist\u00eancia \u00e0 corros\u00e3o pode ser comprometida. A sele\u00e7\u00e3o adequada do tipo de material \u00e9 essencial para esses ambientes.<\/p>\n<p><strong>Passiva\u00e7\u00e3o:<\/strong><\/p>\n<p>Ap\u00f3s a exposi\u00e7\u00e3o ao ar ou ap\u00f3s o tratamento de passiva\u00e7\u00e3o, forma-se uma densa pel\u00edcula de passiva\u00e7\u00e3o na superf\u00edcie das bobinas de a\u00e7o inoxid\u00e1vel 316L. Essa pel\u00edcula de passiva\u00e7\u00e3o aumenta a resist\u00eancia \u00e0 corros\u00e3o e \u00e0 oxida\u00e7\u00e3o. O tratamento de passiva\u00e7\u00e3o normalmente envolve a imers\u00e3o da bobina de a\u00e7o inoxid\u00e1vel em uma solu\u00e7\u00e3o contendo um oxidante, como \u00e1cido n\u00edtrico ou \u00e1cido c\u00edtrico, para promover a forma\u00e7\u00e3o e o reparo da camada protetora.<\/p>\n<h2><img decoding=\"async\" class=\"alignnone size-full wp-image-214\" src=\"https:\/\/baolongtaisteel.com\/wp-content\/uploads\/2025\/04\/bce43220172ffa3885c6d1015add1ec4_\u55e8\u683c\u5f0f\u538b\u7f29\u526f\u672c_\u7ed3\u679c.webp\" alt=\"\" width=\"1918\" height=\"798\" srcset=\"https:\/\/baolongtaisteel.com\/wp-content\/uploads\/2025\/04\/bce43220172ffa3885c6d1015add1ec4_\u55e8\u683c\u5f0f\u538b\u7f29\u526f\u672c_\u7ed3\u679c.webp 1918w, https:\/\/baolongtaisteel.com\/wp-content\/uploads\/2025\/04\/bce43220172ffa3885c6d1015add1ec4_\u55e8\u683c\u5f0f\u538b\u7f29\u526f\u672c_\u7ed3\u679c-600x250.webp 600w, https:\/\/baolongtaisteel.com\/wp-content\/uploads\/2025\/04\/bce43220172ffa3885c6d1015add1ec4_\u55e8\u683c\u5f0f\u538b\u7f29\u526f\u672c_\u7ed3\u679c-300x125.webp 300w, https:\/\/baolongtaisteel.com\/wp-content\/uploads\/2025\/04\/bce43220172ffa3885c6d1015add1ec4_\u55e8\u683c\u5f0f\u538b\u7f29\u526f\u672c_\u7ed3\u679c-1024x426.webp 1024w, https:\/\/baolongtaisteel.com\/wp-content\/uploads\/2025\/04\/bce43220172ffa3885c6d1015add1ec4_\u55e8\u683c\u5f0f\u538b\u7f29\u526f\u672c_\u7ed3\u679c-768x320.webp 768w, https:\/\/baolongtaisteel.com\/wp-content\/uploads\/2025\/04\/bce43220172ffa3885c6d1015add1ec4_\u55e8\u683c\u5f0f\u538b\u7f29\u526f\u672c_\u7ed3\u679c-1536x639.webp 1536w\" sizes=\"(max-width: 1918px) 100vw, 1918px\" \/><\/h2>\n<h2><strong>Aplicativo:<\/strong><\/h2>\n<p data-spm-anchor-id=\"a2ty_o01.29997173.0.i117.1a70c921yaavsG\">As bobinas de a\u00e7o inoxid\u00e1vel 316L s\u00e3o amplamente utilizadas em diversos setores devido \u00e0 sua excelente resist\u00eancia \u00e0 corros\u00e3o, alta resist\u00eancia mec\u00e2nica e boa conformabilidade. Na ind\u00fastria m\u00e9dica, s\u00e3o utilizadas na fabrica\u00e7\u00e3o de instrumentos cir\u00fargicos, implantes e equipamentos farmac\u00eauticos, garantindo biocompatibilidade e esterilidade. Na ind\u00fastria de processamento de alimentos, s\u00e3o utilizadas na produ\u00e7\u00e3o de superf\u00edcies higi\u00eanicas, tanques de armazenamento e sistemas de transporte, atendendo a rigorosos padr\u00f5es de higiene. Em ambientes mar\u00edtimos, s\u00e3o utilizadas na constru\u00e7\u00e3o naval, plataformas offshore e usinas de dessaliniza\u00e7\u00e3o de \u00e1gua do mar devido \u00e0 sua resist\u00eancia \u00e0 corros\u00e3o induzida por cloreto. Al\u00e9m disso, nas ind\u00fastrias qu\u00edmica e petroqu\u00edmica, as bobinas de a\u00e7o inoxid\u00e1vel 316L s\u00e3o indispens\u00e1veis na fabrica\u00e7\u00e3o de reatores, trocadores de calor, v\u00e1lvulas e tubula\u00e7\u00f5es. Sua capacidade de adapta\u00e7\u00e3o a condi\u00e7\u00f5es de trabalho complexas as torna a escolha preferida em diversos setores.<\/p>","protected":false},"excerpt":{"rendered":"<h4 class=\"elementor-heading-title elementor-size-default\" style=\"text-align: center; padding-bottom: 30px;\">Bobina de a\u00e7o inoxid\u00e1vel 316L<\/h4>\n<div>A bobina de a\u00e7o inoxid\u00e1vel 316L \u00e9 um a\u00e7o inoxid\u00e1vel austen\u00edtico de baixo carbono com excelente resist\u00eancia \u00e0 corros\u00e3o, alta temperatura e eros\u00e3o por cloreto. Sua superf\u00edcie \u00e9 lisa e pode ser polida ou escovada conforme necess\u00e1rio, proporcionando beleza e higiene. \u00c9 amplamente utilizada na ind\u00fastria qu\u00edmica, engenharia naval, processamento de alimentos, equipamentos m\u00e9dicos e outras \u00e1reas, sendo especialmente adequada para uso em ambientes altamente corrosivos. Seu baixo teor de carbono (inferior a 0,03%) melhora o desempenho da soldagem e a resist\u00eancia \u00e0 corros\u00e3o intergranular, tornando-a a escolha ideal para ambientes industriais severos.<\/div>\n<div>\n<hr class=\"dongte456custom-line\" \/>\n<\/div>\n<div style=\"padding-bottom: 5px;\">Categoria: Bobina de a\u00e7o inoxid\u00e1vel 316L<\/div>\n<div>Palavra-chave: bobina de a\u00e7o inoxid\u00e1vel 316L<\/div>\n<div>\n<hr \/>\n<\/div>\n<p><img loading=\"lazy\" decoding=\"async\" class=\"alignnone wp-image-257\" src=\"https:\/\/baolongtaisteel.com\/wp-content\/uploads\/2025\/04\/\u7535\u8bdd\u56fe\u6807.jpg\" alt=\"\" width=\"48\" height=\"50\" \/>\u00a0 Whatsapp:<a href=\"https:\/\/api.whatsapp.com\/send?phone=8613963585512\" target=\"_blank\" rel=\"noopener\">\u00a0+8613963585512 <\/a><\/p>\n<div>\n<hr \/>\n<\/div>\n<p><img loading=\"lazy\" decoding=\"async\" class=\"alignnone wp-image-258\" src=\"https:\/\/baolongtaisteel.com\/wp-content\/uploads\/2025\/04\/\u90ae\u7bb1\u56fe\u6807.jpg\" alt=\"\" width=\"48\" height=\"55\" \/>\u00a0\u00a0E-mail : <a href=\"rachel@sdxhjmetal.com\" target=\"_blank\" rel=\"noopener\">\u00a0rachel@sdxhjmetal.com<\/a><\/p>\n<div>\n<hr \/>\n<\/div>\n<h3><\/h3>\n<div class=\"productaddbutton-container\">\n<div class=\"productaddbutton-wrapper\"><a class=\"productaddbutton\" href=\"https:\/\/baolongtaisteel.com\/index.php\/product\/\">Lista de produtos<\/a><\/div>\n<div class=\"productaddbutton-wrapper\"><a class=\"productaddbutton\" href=\"#formSectiondongte\">Contate-nos<\/a><\/div>\n<\/div>\n<div><\/div>","protected":false},"featured_media":204,"comment_status":"open","ping_status":"closed","template":"","meta":[],"product_brand":[],"product_cat":[16],"product_tag":[],"class_list":{"0":"post-113","1":"product","2":"type-product","3":"status-publish","4":"has-post-thumbnail","6":"product_cat-stainless-steel","8":"first","9":"instock","10":"shipping-taxable","11":"product-type-simple"},"_links":{"self":[{"href":"https:\/\/baolongtaisteel.com\/pt\/wp-json\/wp\/v2\/product\/113","targetHints":{"allow":["GET"]}}],"collection":[{"href":"https:\/\/baolongtaisteel.com\/pt\/wp-json\/wp\/v2\/product"}],"about":[{"href":"https:\/\/baolongtaisteel.com\/pt\/wp-json\/wp\/v2\/types\/product"}],"replies":[{"embeddable":true,"href":"https:\/\/baolongtaisteel.com\/pt\/wp-json\/wp\/v2\/comments?post=113"}],"wp:featuredmedia":[{"embeddable":true,"href":"https:\/\/baolongtaisteel.com\/pt\/wp-json\/wp\/v2\/media\/204"}],"wp:attachment":[{"href":"https:\/\/baolongtaisteel.com\/pt\/wp-json\/wp\/v2\/media?parent=113"}],"wp:term":[{"taxonomy":"product_brand","embeddable":true,"href":"https:\/\/baolongtaisteel.com\/pt\/wp-json\/wp\/v2\/product_brand?post=113"},{"taxonomy":"product_cat","embeddable":true,"href":"https:\/\/baolongtaisteel.com\/pt\/wp-json\/wp\/v2\/product_cat?post=113"},{"taxonomy":"product_tag","embeddable":true,"href":"https:\/\/baolongtaisteel.com\/pt\/wp-json\/wp\/v2\/product_tag?post=113"}],"curies":[{"name":"wp","href":"https:\/\/api.w.org\/{rel}","templated":true}]}}