{"id":114,"date":"2025-04-25T16:08:03","date_gmt":"2025-04-25T08:08:03","guid":{"rendered":"https:\/\/baolongtaisteel.com\/?post_type=product&#038;p=114"},"modified":"2025-04-25T16:08:03","modified_gmt":"2025-04-25T08:08:03","slug":"aco-inoxidavel-aco-plano","status":"publish","type":"product","link":"https:\/\/baolongtaisteel.com\/pt\/product\/aco-inoxidavel-aco-plano\/","title":{"rendered":"A\u00e7o plano de a\u00e7o inoxid\u00e1vel"},"content":{"rendered":"<h2 data-spm-anchor-id=\"a2ty_o01.29997173.0.i130.1a70c921yaavsG\">\u00a0<img fetchpriority=\"high\" decoding=\"async\" class=\"alignnone size-full wp-image-233\" src=\"https:\/\/baolongtaisteel.com\/wp-content\/uploads\/2025\/04\/499563dcac6e597ba757f7becc9bf222_\u55e8\u683c\u5f0f\u538b\u7f29\u526f\u672c_\u7ed3\u679c.webp\" alt=\"\" width=\"1920\" height=\"1200\" srcset=\"https:\/\/baolongtaisteel.com\/wp-content\/uploads\/2025\/04\/499563dcac6e597ba757f7becc9bf222_\u55e8\u683c\u5f0f\u538b\u7f29\u526f\u672c_\u7ed3\u679c.webp 1920w, https:\/\/baolongtaisteel.com\/wp-content\/uploads\/2025\/04\/499563dcac6e597ba757f7becc9bf222_\u55e8\u683c\u5f0f\u538b\u7f29\u526f\u672c_\u7ed3\u679c-600x375.webp 600w, https:\/\/baolongtaisteel.com\/wp-content\/uploads\/2025\/04\/499563dcac6e597ba757f7becc9bf222_\u55e8\u683c\u5f0f\u538b\u7f29\u526f\u672c_\u7ed3\u679c-300x188.webp 300w, https:\/\/baolongtaisteel.com\/wp-content\/uploads\/2025\/04\/499563dcac6e597ba757f7becc9bf222_\u55e8\u683c\u5f0f\u538b\u7f29\u526f\u672c_\u7ed3\u679c-1024x640.webp 1024w, https:\/\/baolongtaisteel.com\/wp-content\/uploads\/2025\/04\/499563dcac6e597ba757f7becc9bf222_\u55e8\u683c\u5f0f\u538b\u7f29\u526f\u672c_\u7ed3\u679c-768x480.webp 768w, https:\/\/baolongtaisteel.com\/wp-content\/uploads\/2025\/04\/499563dcac6e597ba757f7becc9bf222_\u55e8\u683c\u5f0f\u538b\u7f29\u526f\u672c_\u7ed3\u679c-1536x960.webp 1536w\" sizes=\"(max-width: 1920px) 100vw, 1920px\" \/> Tabela de detalhes do produto:<\/h2>\n<table class=\"tg\" style=\"border-collapse: collapse; border-spacing: 0;\">\n<thead>\n<tr>\n<th style=\"background-color: #9b9b9b; color: #ffffff; font-family: Arial, sans-serif; font-size: 14px; font-weight: bold; overflow: hidden; padding: 10px 5px; text-align: left; vertical-align: middle; word-break: normal; border: 1px solid black;\"><span style=\"font-weight: 600;\">Item<\/span><\/th>\n<th style=\"background-color: #9b9b9b; color: #ffffff; font-family: Arial, sans-serif; font-size: 14px; font-weight: bold; overflow: hidden; padding: 10px 5px; text-align: left; vertical-align: middle; word-break: normal; border: 1px solid black;\"><span style=\"font-weight: 600;\">Detalhes<\/span><\/th>\n<\/tr>\n<\/thead>\n<tbody>\n<tr>\n<td style=\"background-color: #fff; font-family: Arial, sans-serif; font-size: 14px; overflow: hidden; padding: 10px 5px; text-align: left; vertical-align: middle; word-break: normal; border: 1px solid black;\"><span style=\"font-weight: 400; color: var(--md-box-samantha-normal-text-color);\">Modelo N\u00ba.<\/span><\/td>\n<td style=\"background-color: #fff; font-family: Arial, sans-serif; font-size: 14px; overflow: hidden; padding: 10px 5px; text-align: left; vertical-align: middle; word-break: normal; border: 1px solid black;\"><span style=\"font-weight: 400; color: var(--md-box-samantha-normal-text-color);\">304, 316, 316L, 201, 410<\/span><\/td>\n<\/tr>\n<tr>\n<td style=\"background-color: #efefef; font-family: Arial, sans-serif; font-size: 14px; overflow: hidden; padding: 10px 5px; text-align: left; vertical-align: middle; word-break: normal; border: 1px solid black;\"><span style=\"font-weight: 400; color: var(--md-box-samantha-normal-text-color);\">Certifica\u00e7\u00e3o<\/span><\/td>\n<td style=\"background-color: #efefef; font-family: Arial, sans-serif; font-size: 14px; overflow: hidden; padding: 10px 5px; text-align: left; vertical-align: middle; word-break: normal; border: 1px solid black;\"><span style=\"font-weight: 400; color: var(--md-box-samantha-normal-text-color);\">ISO, RoHS, ABS<\/span><\/td>\n<\/tr>\n<tr>\n<td style=\"background-color: #fff; font-family: Arial, sans-serif; font-size: 14px; overflow: hidden; padding: 10px 5px; text-align: left; vertical-align: middle; word-break: normal; border: 1px solid black;\"><span style=\"font-weight: 400; color: var(--md-box-samantha-normal-text-color);\">Superf\u00edcie<\/span><\/td>\n<td style=\"background-color: #fff; font-family: Arial, sans-serif; font-size: 14px; overflow: hidden; padding: 10px 5px; text-align: left; vertical-align: middle; word-break: normal; border: 1px solid black;\"><span style=\"font-weight: 400; color: var(--md-box-samantha-normal-text-color);\">2B\/Ba<\/span><\/td>\n<\/tr>\n<tr>\n<td style=\"background-color: #efefef; font-family: Arial, sans-serif; font-size: 14px; overflow: hidden; padding: 10px 5px; text-align: left; vertical-align: middle; word-break: normal; border: 1px solid black;\"><span style=\"font-weight: 400; color: var(--md-box-samantha-normal-text-color);\">Comprimento<\/span><\/td>\n<td style=\"background-color: #efefef; font-family: Arial, sans-serif; font-size: 14px; overflow: hidden; padding: 10px 5px; text-align: left; vertical-align: middle; word-break: normal; border: 1px solid black;\"><span style=\"font-weight: 400; color: var(--md-box-samantha-normal-text-color);\">5-12m<\/span><\/td>\n<\/tr>\n<tr>\n<td style=\"background-color: #fff; font-family: Arial, sans-serif; font-size: 14px; overflow: hidden; padding: 10px 5px; text-align: left; vertical-align: middle; word-break: normal; border: 1px solid black;\"><span style=\"font-weight: 400; color: var(--md-box-samantha-normal-text-color);\">Prazo de entrega<\/span><\/td>\n<td style=\"background-color: #fff; font-family: Arial, sans-serif; font-size: 14px; overflow: hidden; padding: 10px 5px; text-align: left; vertical-align: middle; word-break: normal; border: 1px solid black;\"><span style=\"font-weight: 400; color: var(--md-box-samantha-normal-text-color);\">7 a 10 dias \u00fateis<\/span><\/td>\n<\/tr>\n<tr>\n<td style=\"background-color: #efefef; font-family: Arial, sans-serif; font-size: 14px; overflow: hidden; padding: 10px 5px; text-align: left; vertical-align: middle; word-break: normal; border: 1px solid black;\"><span style=\"font-weight: 400; color: var(--md-box-samantha-normal-text-color);\">Quantidade m\u00ednima<\/span><\/td>\n<td style=\"background-color: #efefef; font-family: Arial, sans-serif; font-size: 14px; overflow: hidden; padding: 10px 5px; text-align: left; vertical-align: middle; word-break: normal; border: 1px solid black;\"><span style=\"font-weight: 400; color: var(--md-box-samantha-normal-text-color);\">1 tonelada<\/span><\/td>\n<\/tr>\n<tr>\n<td style=\"background-color: #fff; font-family: Arial, sans-serif; font-size: 14px; overflow: hidden; padding: 10px 5px; text-align: left; vertical-align: middle; word-break: normal; border: 1px solid black;\"><span style=\"font-weight: 400; color: var(--md-box-samantha-normal-text-color);\">Pacote de transporte<\/span><\/td>\n<td style=\"background-color: #fff; font-family: Arial, sans-serif; font-size: 14px; overflow: hidden; padding: 10px 5px; text-align: left; vertical-align: middle; word-break: normal; border: 1px solid black;\"><span style=\"font-weight: 400; color: var(--md-box-samantha-normal-text-color);\">Embalagem padr\u00e3o para transporte mar\u00edtimo<\/span><\/td>\n<\/tr>\n<tr>\n<td style=\"background-color: #efefef; font-family: Arial, sans-serif; font-size: 14px; overflow: hidden; padding: 10px 5px; text-align: left; vertical-align: middle; word-break: normal; border: 1px solid black;\"><span style=\"font-weight: 400; color: var(--md-box-samantha-normal-text-color);\">Especifica\u00e7\u00e3o<\/span><\/td>\n<td style=\"background-color: #efefef; font-family: Arial, sans-serif; font-size: 14px; overflow: hidden; padding: 10px 5px; text-align: left; vertical-align: middle; word-break: normal; border: 1px solid black;\"><span style=\"font-weight: 400; color: var(--md-box-samantha-normal-text-color);\">Personaliz\u00e1vel<\/span><\/td>\n<\/tr>\n<tr>\n<td style=\"background-color: #fff; font-family: Arial, sans-serif; font-size: 14px; overflow: hidden; padding: 10px 5px; text-align: left; vertical-align: middle; word-break: normal; border: 1px solid black;\"><span style=\"font-weight: 400; color: var(--md-box-samantha-normal-text-color);\">Origem<\/span><\/td>\n<td style=\"background-color: #fff; font-family: Arial, sans-serif; font-size: 14px; overflow: hidden; padding: 10px 5px; text-align: left; vertical-align: middle; word-break: normal; border: 1px solid black;\"><span style=\"font-weight: 400; color: var(--md-box-samantha-normal-text-color);\">China<\/span><\/td>\n<\/tr>\n<tr>\n<td style=\"background-color: #efefef; font-family: Arial, sans-serif; font-size: 14px; overflow: hidden; padding: 10px 5px; text-align: left; vertical-align: middle; word-break: normal; border: 1px solid black;\"><span style=\"font-weight: 400; color: var(--md-box-samantha-normal-text-color);\">Capacidade de produ\u00e7\u00e3o<\/span><\/td>\n<td style=\"background-color: #efefef; font-family: Arial, sans-serif; font-size: 14px; overflow: hidden; padding: 10px 5px; text-align: left; vertical-align: middle; word-break: normal; border: 1px solid black;\"><span style=\"font-weight: 400; color: var(--md-box-samantha-normal-text-color);\">20.000 toneladas por ano<\/span><\/td>\n<\/tr>\n<\/tbody>\n<\/table>\n<h2 data-spm-anchor-id=\"a2ty_o01.29997173.0.i130.1a70c921yaavsG\"><img decoding=\"async\" class=\"alignnone size-full wp-image-232\" src=\"https:\/\/baolongtaisteel.com\/wp-content\/uploads\/2025\/04\/40badda15399ce57d09ec5469bc9d870_\u55e8\u683c\u5f0f\u538b\u7f29\u526f\u672c_\u7ed3\u679c.webp\" alt=\"\" width=\"1920\" height=\"1200\" srcset=\"https:\/\/baolongtaisteel.com\/wp-content\/uploads\/2025\/04\/40badda15399ce57d09ec5469bc9d870_\u55e8\u683c\u5f0f\u538b\u7f29\u526f\u672c_\u7ed3\u679c.webp 1920w, https:\/\/baolongtaisteel.com\/wp-content\/uploads\/2025\/04\/40badda15399ce57d09ec5469bc9d870_\u55e8\u683c\u5f0f\u538b\u7f29\u526f\u672c_\u7ed3\u679c-600x375.webp 600w, https:\/\/baolongtaisteel.com\/wp-content\/uploads\/2025\/04\/40badda15399ce57d09ec5469bc9d870_\u55e8\u683c\u5f0f\u538b\u7f29\u526f\u672c_\u7ed3\u679c-300x188.webp 300w, https:\/\/baolongtaisteel.com\/wp-content\/uploads\/2025\/04\/40badda15399ce57d09ec5469bc9d870_\u55e8\u683c\u5f0f\u538b\u7f29\u526f\u672c_\u7ed3\u679c-1024x640.webp 1024w, https:\/\/baolongtaisteel.com\/wp-content\/uploads\/2025\/04\/40badda15399ce57d09ec5469bc9d870_\u55e8\u683c\u5f0f\u538b\u7f29\u526f\u672c_\u7ed3\u679c-768x480.webp 768w, https:\/\/baolongtaisteel.com\/wp-content\/uploads\/2025\/04\/40badda15399ce57d09ec5469bc9d870_\u55e8\u683c\u5f0f\u538b\u7f29\u526f\u672c_\u7ed3\u679c-1536x960.webp 1536w\" sizes=\"(max-width: 1920px) 100vw, 1920px\" \/><\/h2>\n<h2>Propriedades f\u00edsicas e qu\u00edmicas:<\/h2>\n<h3><strong>Propriedades f\u00edsicas<\/strong><\/h3>\n<p><strong>Apar\u00eancia:<\/strong><\/p>\n<p>Geralmente apresenta uma cor met\u00e1lica branco-prateada, com superf\u00edcie lisa e alto brilho. Diferentes efeitos superficiais podem ser obtidos por meio de diferentes processos de tratamento de superf\u00edcie, como polimento espelhado, escova\u00e7\u00e3o, etc. As barras planas de a\u00e7o inoxid\u00e1vel s\u00e3o amplamente apreciadas por seu apelo est\u00e9tico e resist\u00eancia \u00e0 corros\u00e3o, tornando-as adequadas tanto para aplica\u00e7\u00f5es funcionais quanto decorativas.<\/p>\n<p><strong>Densidade:<\/strong><\/p>\n<p>A densidade geralmente varia entre 7,93 e 8,00 g\/cm\u00b3. Por exemplo, a densidade da barra plana de a\u00e7o inoxid\u00e1vel 304, comumente usada, \u00e9 de cerca de 7,93 g\/cm\u00b3, enquanto a densidade da barra plana de a\u00e7o inoxid\u00e1vel 316 \u00e9 de cerca de 7,98 g\/cm\u00b3, um pouco maior do que a do a\u00e7o carbono comum.<\/p>\n<p><strong>Ponto de fus\u00e3o:<\/strong><\/p>\n<p>O ponto de fus\u00e3o \u00e9 relativamente alto, geralmente em torno de 1398-1454\u00b0C. Por exemplo, o ponto de fus\u00e3o do a\u00e7o inoxid\u00e1vel 304 \u00e9 de cerca de 1400-1450\u00b0C, o que lhe confere boa estabilidade em ambientes de alta temperatura.<\/p>\n<p><strong>Coeficiente de Expans\u00e3o T\u00e9rmica:<\/strong><\/p>\n<p>O coeficiente de expans\u00e3o t\u00e9rmica \u00e9 relativamente pequeno. Na faixa de temperatura ambiente at\u00e9 100\u00b0C, o coeficiente de expans\u00e3o t\u00e9rmica do a\u00e7o inoxid\u00e1vel 304 \u00e9 de cerca de 17,2\u00d710\u207b\u2076\/\u00b0C. Essa caracter\u00edstica permite que ele mantenha boa estabilidade dimensional em ambientes com grandes varia\u00e7\u00f5es de temperatura.<\/p>\n<p><strong>Condutividade t\u00e9rmica:<\/strong><\/p>\n<p>A condutividade t\u00e9rmica \u00e9 baixa, e seu coeficiente de condutividade t\u00e9rmica \u00e9 de cerca de 16 \u2013 27 W\/(m\u00b2\u00b7K), que \u00e9 muito menor que o do cobre, alum\u00ednio e outros metais, portanto, tem certo desempenho de isolamento t\u00e9rmico.<\/p>\n<p><strong>Condutividade el\u00e9trica:<\/strong><\/p>\n<p>Possui certa condutividade el\u00e9trica, mas \u00e9 relativamente baixa. A condutividade do a\u00e7o inoxid\u00e1vel 304 \u00e9 de cerca de 1,4\u00d710\u2076 S\/m, o que representa apenas cerca de 4% da condutividade do cobre.<\/p>\n<h2 data-spm-anchor-id=\"a2ty_o01.29997173.0.i130.1a70c921yaavsG\"><img decoding=\"async\" class=\"alignnone size-full wp-image-234\" src=\"https:\/\/baolongtaisteel.com\/wp-content\/uploads\/2025\/04\/6b945bf5526c01ff9b13f48f86f02e78_\u55e8\u683c\u5f0f\u538b\u7f29\u526f\u672c_\u7ed3\u679c.webp\" alt=\"\" width=\"1920\" height=\"1200\" srcset=\"https:\/\/baolongtaisteel.com\/wp-content\/uploads\/2025\/04\/6b945bf5526c01ff9b13f48f86f02e78_\u55e8\u683c\u5f0f\u538b\u7f29\u526f\u672c_\u7ed3\u679c.webp 1920w, https:\/\/baolongtaisteel.com\/wp-content\/uploads\/2025\/04\/6b945bf5526c01ff9b13f48f86f02e78_\u55e8\u683c\u5f0f\u538b\u7f29\u526f\u672c_\u7ed3\u679c-600x375.webp 600w, https:\/\/baolongtaisteel.com\/wp-content\/uploads\/2025\/04\/6b945bf5526c01ff9b13f48f86f02e78_\u55e8\u683c\u5f0f\u538b\u7f29\u526f\u672c_\u7ed3\u679c-300x188.webp 300w, https:\/\/baolongtaisteel.com\/wp-content\/uploads\/2025\/04\/6b945bf5526c01ff9b13f48f86f02e78_\u55e8\u683c\u5f0f\u538b\u7f29\u526f\u672c_\u7ed3\u679c-1024x640.webp 1024w, https:\/\/baolongtaisteel.com\/wp-content\/uploads\/2025\/04\/6b945bf5526c01ff9b13f48f86f02e78_\u55e8\u683c\u5f0f\u538b\u7f29\u526f\u672c_\u7ed3\u679c-768x480.webp 768w, https:\/\/baolongtaisteel.com\/wp-content\/uploads\/2025\/04\/6b945bf5526c01ff9b13f48f86f02e78_\u55e8\u683c\u5f0f\u538b\u7f29\u526f\u672c_\u7ed3\u679c-1536x960.webp 1536w\" sizes=\"(max-width: 1920px) 100vw, 1920px\" \/><\/h2>\n<h2><strong>Propriedades Qu\u00edmicas<\/strong><\/h2>\n<p><strong>Resist\u00eancia \u00e0 corros\u00e3o:<\/strong><\/p>\n<p>Esta \u00e9 uma das propriedades qu\u00edmicas mais importantes das barras planas de a\u00e7o inoxid\u00e1vel. Como uma densa pel\u00edcula de passiva\u00e7\u00e3o pode se formar em sua superf\u00edcie, essa pel\u00edcula pode impedir que oxig\u00eanio, \u00e1gua, etc., entrem em contato com a matriz met\u00e1lica, prevenindo assim a corros\u00e3o de forma eficaz. Por exemplo, o a\u00e7o inoxid\u00e1vel 304 apresenta boa resist\u00eancia \u00e0 corros\u00e3o em ambientes como atmosfera, \u00e1gua e \u00e1cidos e \u00e1lcalis fracos; o a\u00e7o inoxid\u00e1vel 316 cont\u00e9m molibd\u00eanio, que \u00e9 mais resistente \u00e0 corros\u00e3o por \u00edons cloreto e \u00e9 frequentemente utilizado em ambientes marinhos ou em ambientes qu\u00edmicos expostos a \u00edons cloreto.<\/p>\n<p><strong>Antioxida\u00e7\u00e3o:<\/strong><\/p>\n<p>As barras planas de a\u00e7o inoxid\u00e1vel apresentam boa resist\u00eancia \u00e0 oxida\u00e7\u00e3o tanto em temperatura ambiente quanto em temperaturas mais altas. Por exemplo, as barras planas de a\u00e7o inoxid\u00e1vel 310S podem suportar altas temperaturas em ambientes com altas temperaturas sem oxidar facilmente, podendo ser utilizadas em componentes de fornos de alta temperatura e em outras ocasi\u00f5es.<\/p>\n<p><strong>Estabilidade qu\u00edmica:<\/strong><\/p>\n<p>Em meios qu\u00edmicos gerais, as barras planas de a\u00e7o inoxid\u00e1vel apresentam alta estabilidade qu\u00edmica e n\u00e3o reagem facilmente com produtos qu\u00edmicos comuns. No entanto, em alguns meios corrosivos espec\u00edficos, como \u00e1cido n\u00edtrico concentrado, \u00e1cido fluor\u00eddrico, etc., a resist\u00eancia \u00e0 corros\u00e3o das barras planas de a\u00e7o inoxid\u00e1vel pode ser afetada.<\/p>\n<p><strong>Passiva\u00e7\u00e3o:<\/strong><\/p>\n<p>Ap\u00f3s a barra plana de a\u00e7o inoxid\u00e1vel ser exposta ao ar ou ap\u00f3s o tratamento de passiva\u00e7\u00e3o, uma pel\u00edcula de passiva\u00e7\u00e3o se formar\u00e1 na superf\u00edcie. Essa pel\u00edcula de passiva\u00e7\u00e3o pode melhorar a resist\u00eancia \u00e0 corros\u00e3o e \u00e0 oxida\u00e7\u00e3o do a\u00e7o inoxid\u00e1vel. O tratamento de passiva\u00e7\u00e3o geralmente envolve a imers\u00e3o da barra plana de a\u00e7o inoxid\u00e1vel em uma solu\u00e7\u00e3o contendo um oxidante, como \u00e1cido n\u00edtrico, dicromato de pot\u00e1ssio, etc., para promover a forma\u00e7\u00e3o e o reparo da pel\u00edcula de passiva\u00e7\u00e3o.<\/p>\n<h2><strong>Aplicativo:<\/strong><\/h2>\n<p data-spm-anchor-id=\"a2ty_o01.29997173.0.i129.1a70c921yaavsG\">Barras planas de a\u00e7o inoxid\u00e1vel s\u00e3o amplamente utilizadas em diversos setores devido \u00e0 sua excelente resist\u00eancia \u00e0 corros\u00e3o, alta resist\u00eancia e bom desempenho de processamento. Na \u00e1rea de dispositivos m\u00e9dicos, s\u00e3o utilizadas na fabrica\u00e7\u00e3o de instrumentos cir\u00fargicos, implantes, etc., e sua esterilidade e biocompatibilidade garantem a seguran\u00e7a. Na ind\u00fastria de decora\u00e7\u00e3o de edif\u00edcios, s\u00e3o frequentemente utilizadas na cria\u00e7\u00e3o de grades, corrim\u00e3os, molduras e esculturas art\u00edsticas, combinando beleza com durabilidade. Na fabrica\u00e7\u00e3o mec\u00e2nica, podem ser processadas em componentes-chave, como estruturas de m\u00e1quinas, estruturas de suporte e suportes para garantir a opera\u00e7\u00e3o est\u00e1vel dos equipamentos. Na ind\u00fastria de processamento de alimentos, barras planas de a\u00e7o inoxid\u00e1vel s\u00e3o utilizadas na constru\u00e7\u00e3o de estruturas de m\u00e1quinas, sistemas de transporte e prateleiras de armazenamento, atendendo a rigorosos padr\u00f5es de higiene. Al\u00e9m disso, nas \u00e1reas de equipamentos qu\u00edmicos, aparelhos eletr\u00f4nicos, etc., as barras planas de a\u00e7o inoxid\u00e1vel tamb\u00e9m s\u00e3o indispens\u00e1veis. S\u00e3o utilizadas na fabrica\u00e7\u00e3o de suportes estruturais para reatores, estruturas para v\u00e1lvulas e carca\u00e7as para equipamentos eletr\u00f4nicos, adaptando-se bem a ambientes de trabalho complexos.<\/p>\n<p>&nbsp;<\/p>","protected":false},"excerpt":{"rendered":"<h4 class=\"elementor-heading-title elementor-size-default\" style=\"text-align: center; padding-bottom: 30px;\">A\u00e7o plano de a\u00e7o inoxid\u00e1vel<\/h4>\n<div>Barras planas de a\u00e7o inoxid\u00e1vel s\u00e3o perfis de a\u00e7o inoxid\u00e1vel com se\u00e7\u00e3o transversal retangular. Possuem excelente resist\u00eancia \u00e0 corros\u00e3o, alta resist\u00eancia mec\u00e2nica e bom desempenho de processamento. Sua superf\u00edcie \u00e9 lisa e pode ser processada por polimento, trefila\u00e7\u00e3o, etc., aliando est\u00e9tica e praticidade. S\u00e3o amplamente utilizadas em \u00e1reas como estruturas de edif\u00edcios, equipamentos mec\u00e2nicos, equipamentos qu\u00edmicos, processamento de alimentos e projetos de decora\u00e7\u00e3o, sendo especialmente adequadas para ambientes \u00famidos ou corrosivos. As barras planas de a\u00e7o inoxid\u00e1vel podem ser personalizadas em espessura e largura de acordo com os requisitos para atender \u00e0s diversas necessidades industriais e s\u00e3o um material indispens\u00e1vel e importante na ind\u00fastria moderna e em projetos de constru\u00e7\u00e3o.<\/div>\n<div>\n<hr class=\"dongte456custom-line\" \/>\n<\/div>\n<div style=\"padding-bottom: 5px;\">Categoria: A\u00e7o plano de a\u00e7o inoxid\u00e1vel<\/div>\n<div>Palavra-chave: A\u00e7o plano de a\u00e7o inoxid\u00e1vel<\/div>\n<div>\n<hr \/>\n<\/div>\n<p><img loading=\"lazy\" decoding=\"async\" class=\"alignnone wp-image-257\" src=\"https:\/\/baolongtaisteel.com\/wp-content\/uploads\/2025\/04\/\u7535\u8bdd\u56fe\u6807.jpg\" alt=\"\" width=\"48\" height=\"50\" \/>\u00a0 Whatsapp:<a href=\"https:\/\/api.whatsapp.com\/send?phone=8613963585512\" target=\"_blank\" rel=\"noopener\">\u00a0+8613963585512 <\/a><\/p>\n<div>\n<hr \/>\n<\/div>\n<p><img loading=\"lazy\" decoding=\"async\" class=\"alignnone wp-image-258\" src=\"https:\/\/baolongtaisteel.com\/wp-content\/uploads\/2025\/04\/\u90ae\u7bb1\u56fe\u6807.jpg\" alt=\"\" width=\"48\" height=\"55\" \/>\u00a0\u00a0E-mail : <a href=\"rachel@sdxhjmetal.com\" target=\"_blank\" rel=\"noopener\">\u00a0rachel@sdxhjmetal.com<\/a><\/p>\n<div>\n<hr \/>\n<\/div>\n<h3><\/h3>\n<div class=\"productaddbutton-container\">\n<div class=\"productaddbutton-wrapper\"><a class=\"productaddbutton\" href=\"https:\/\/baolongtaisteel.com\/index.php\/product\/\">Lista de produtos<\/a><\/div>\n<div class=\"productaddbutton-wrapper\"><a class=\"productaddbutton\" href=\"#formSectiondongte\">Contate-nos<\/a><\/div>\n<\/div>\n<div><\/div>","protected":false},"featured_media":235,"comment_status":"open","ping_status":"closed","template":"","meta":[],"product_brand":[],"product_cat":[16],"product_tag":[],"class_list":{"0":"post-114","1":"product","2":"type-product","3":"status-publish","4":"has-post-thumbnail","6":"product_cat-stainless-steel","8":"first","9":"instock","10":"shipping-taxable","11":"product-type-simple"},"_links":{"self":[{"href":"https:\/\/baolongtaisteel.com\/pt\/wp-json\/wp\/v2\/product\/114","targetHints":{"allow":["GET"]}}],"collection":[{"href":"https:\/\/baolongtaisteel.com\/pt\/wp-json\/wp\/v2\/product"}],"about":[{"href":"https:\/\/baolongtaisteel.com\/pt\/wp-json\/wp\/v2\/types\/product"}],"replies":[{"embeddable":true,"href":"https:\/\/baolongtaisteel.com\/pt\/wp-json\/wp\/v2\/comments?post=114"}],"wp:featuredmedia":[{"embeddable":true,"href":"https:\/\/baolongtaisteel.com\/pt\/wp-json\/wp\/v2\/media\/235"}],"wp:attachment":[{"href":"https:\/\/baolongtaisteel.com\/pt\/wp-json\/wp\/v2\/media?parent=114"}],"wp:term":[{"taxonomy":"product_brand","embeddable":true,"href":"https:\/\/baolongtaisteel.com\/pt\/wp-json\/wp\/v2\/product_brand?post=114"},{"taxonomy":"product_cat","embeddable":true,"href":"https:\/\/baolongtaisteel.com\/pt\/wp-json\/wp\/v2\/product_cat?post=114"},{"taxonomy":"product_tag","embeddable":true,"href":"https:\/\/baolongtaisteel.com\/pt\/wp-json\/wp\/v2\/product_tag?post=114"}],"curies":[{"name":"wp","href":"https:\/\/api.w.org\/{rel}","templated":true}]}}