{"id":115,"date":"2025-04-27T16:02:49","date_gmt":"2025-04-27T08:02:49","guid":{"rendered":"https:\/\/baolongtaisteel.com\/?post_type=product&#038;p=115"},"modified":"2025-04-27T16:41:09","modified_gmt":"2025-04-27T08:41:09","slug":"chapa-de-aco-carbono-q235","status":"publish","type":"product","link":"https:\/\/baolongtaisteel.com\/pt\/product\/chapa-de-aco-carbono-q235\/","title":{"rendered":"Placa de a\u00e7o carbono Q235"},"content":{"rendered":"<h2>\u00a0Tabela de detalhes do produto:<\/h2>\n<table class=\"tg\" style=\"border-collapse: collapse; border-spacing: 0;\">\n<thead>\n<tr>\n<th style=\"background-color: #9b9b9b; color: #ffffff; font-family: Arial, sans-serif; font-size: 14px; font-weight: bold; overflow: hidden; padding: 10px 5px; text-align: center; vertical-align: middle; word-break: normal; border: 1px solid #000000;\"><span style=\"font-weight: 600;\">Item<\/span><\/th>\n<th style=\"background-color: #9b9b9b; color: #ffffff; font-family: Arial, sans-serif; font-size: 14px; font-weight: bold; overflow: hidden; padding: 10px 5px; text-align: left; vertical-align: middle; word-break: normal; border: 1px solid #000000;\"><span style=\"font-weight: 600;\">Detalhes<\/span><\/th>\n<\/tr>\n<\/thead>\n<tbody>\n<tr>\n<td style=\"background-color: #fff; font-family: Arial, sans-serif; font-size: 14px; overflow: hidden; padding: 10px 5px; text-align: center; vertical-align: middle; word-break: normal; border: 1px solid #000000;\"><span style=\"font-weight: 400; color: var(--md-box-samantha-normal-text-color);\">Modelo N\u00ba.<\/span><\/td>\n<td style=\"background-color: #fff; font-family: Arial, sans-serif; font-size: 14px; overflow: hidden; padding: 10px 5px; text-align: left; vertical-align: middle; word-break: normal; border: 1px solid #000000;\"><span style=\"font-weight: 400; color: var(--md-box-samantha-normal-text-color);\">ASTM, Q235, Q335, Q355, ASTM A36<\/span><\/td>\n<\/tr>\n<tr>\n<td style=\"background-color: #efefef; font-family: Arial, sans-serif; font-size: 14px; overflow: hidden; padding: 10px 5px; text-align: center; vertical-align: middle; word-break: normal; border: 1px solid #000000;\"><span style=\"font-weight: 400; color: var(--md-box-samantha-normal-text-color);\">Certifica\u00e7\u00e3o<\/span><\/td>\n<td style=\"background-color: #efefef; font-family: Arial, sans-serif; font-size: 14px; overflow: hidden; padding: 10px 5px; text-align: left; vertical-align: middle; word-break: normal; border: 1px solid #000000;\"><span style=\"font-weight: 400; color: var(--md-box-samantha-normal-text-color);\">ISO, RoHS, IBR<\/span><\/td>\n<\/tr>\n<tr>\n<td style=\"background-color: #fff; font-family: Arial, sans-serif; font-size: 14px; overflow: hidden; padding: 10px 5px; text-align: center; vertical-align: middle; word-break: normal; border: 1px solid #000000;\"><span style=\"font-weight: 400; color: var(--md-box-samantha-normal-text-color);\">Tratamento de superf\u00edcie<\/span><\/td>\n<td style=\"background-color: #fff; font-family: Arial, sans-serif; font-size: 14px; overflow: hidden; padding: 10px 5px; text-align: left; vertical-align: middle; word-break: normal; border: 1px solid #000000;\"><span style=\"font-weight: 400; color: var(--md-box-samantha-normal-text-color);\">Blackface<\/span><\/td>\n<\/tr>\n<tr>\n<td style=\"background-color: #efefef; font-family: Arial, sans-serif; font-size: 14px; overflow: hidden; padding: 10px 5px; text-align: center; vertical-align: middle; word-break: normal; border: 1px solid #000000;\"><span style=\"font-weight: 400; color: var(--md-box-samantha-normal-text-color);\">T\u00e9cnica<\/span><\/td>\n<td style=\"background-color: #efefef; font-family: Arial, sans-serif; font-size: 14px; overflow: hidden; padding: 10px 5px; text-align: left; vertical-align: middle; word-break: normal; border: 1px solid #000000;\"><span style=\"font-weight: 400; color: var(--md-box-samantha-normal-text-color);\">Laminados a quente\/laminados a frio<\/span><\/td>\n<\/tr>\n<tr>\n<td style=\"background-color: #fff; font-family: Arial, sans-serif; font-size: 14px; overflow: hidden; padding: 10px 5px; text-align: center; vertical-align: middle; word-break: normal; border: 1px solid #000000;\"><span style=\"font-weight: 400; color: var(--md-box-samantha-normal-text-color);\">Aplicativo<\/span><\/td>\n<td style=\"background-color: #fff; font-family: Arial, sans-serif; font-size: 14px; overflow: hidden; padding: 10px 5px; text-align: left; vertical-align: middle; word-break: normal; border: 1px solid #000000;\"><span style=\"font-weight: 400; color: var(--md-box-samantha-normal-text-color);\">Moldes e Matrizes, Placas para Navios, Placas para Caldeiras, Placas para Cont\u00eaineres, Placas para Flanges<\/span><\/td>\n<\/tr>\n<tr>\n<td style=\"background-color: #efefef; font-family: Arial, sans-serif; font-size: 14px; overflow: hidden; padding: 10px 5px; text-align: center; vertical-align: middle; word-break: normal; border: 1px solid #000000;\"><span style=\"font-weight: 400; color: var(--md-box-samantha-normal-text-color);\">Uso especial<\/span><\/td>\n<td style=\"background-color: #efefef; font-family: Arial, sans-serif; font-size: 14px; overflow: hidden; padding: 10px 5px; text-align: left; vertical-align: middle; word-break: normal; border: 1px solid #000000;\"><span style=\"font-weight: 400; color: var(--md-box-samantha-normal-text-color);\">Ferramentas de Corte, Ferramentas de Medi\u00e7\u00e3o, Cortadores em A\u00e7o Comum, Chapa de A\u00e7o de Alta Resist\u00eancia, A\u00e7o Resistente ao Desgaste, A\u00e7o Sil\u00edcio<\/span><\/td>\n<\/tr>\n<tr>\n<td style=\"background-color: #fff; font-family: Arial, sans-serif; font-size: 14px; overflow: hidden; padding: 10px 5px; text-align: center; vertical-align: middle; word-break: normal; border: 1px solid #000000;\"><span style=\"font-weight: 400; color: var(--md-box-samantha-normal-text-color);\">Status do estoque<\/span><\/td>\n<td style=\"background-color: #fff; font-family: Arial, sans-serif; font-size: 14px; overflow: hidden; padding: 10px 5px; text-align: left; vertical-align: middle; word-break: normal; border: 1px solid #000000;\"><span style=\"font-weight: 400; color: var(--md-box-samantha-normal-text-color);\">Em estoque<\/span><\/td>\n<\/tr>\n<tr>\n<td style=\"background-color: #efefef; font-family: Arial, sans-serif; font-size: 14px; overflow: hidden; padding: 10px 5px; text-align: center; vertical-align: middle; word-break: normal; border: 1px solid #000000;\"><span style=\"font-weight: 400; color: var(--md-box-samantha-normal-text-color);\">Grossura<\/span><\/td>\n<td style=\"background-color: #efefef; font-family: Arial, sans-serif; font-size: 14px; overflow: hidden; padding: 10px 5px; text-align: left; vertical-align: middle; word-break: normal; border: 1px solid #000000;\"><span style=\"font-weight: 400; color: var(--md-box-samantha-normal-text-color);\">0,12 mm \u2013 4 mm ou personalizado<\/span><\/td>\n<\/tr>\n<tr>\n<td style=\"background-color: #fff; font-family: Arial, sans-serif; font-size: 14px; overflow: hidden; padding: 10px 5px; text-align: center; vertical-align: middle; word-break: normal; border: 1px solid #000000;\"><span style=\"font-weight: 400; color: var(--md-box-samantha-normal-text-color);\">Comprimento<\/span><\/td>\n<td style=\"background-color: #fff; font-family: Arial, sans-serif; font-size: 14px; overflow: hidden; padding: 10px 5px; text-align: left; vertical-align: middle; word-break: normal; border: 1px solid #000000;\"><span style=\"font-weight: 400; color: var(--md-box-samantha-normal-text-color);\">1 \u2013 12m ou personalizado<\/span><\/td>\n<\/tr>\n<tr>\n<td style=\"background-color: #efefef; font-family: Arial, sans-serif; font-size: 14px; overflow: hidden; padding: 10px 5px; text-align: center; vertical-align: middle; word-break: normal; border: 1px solid #000000;\"><span style=\"font-weight: 400; color: var(--md-box-samantha-normal-text-color);\">Largura<\/span><\/td>\n<td style=\"background-color: #efefef; font-family: Arial, sans-serif; font-size: 14px; overflow: hidden; padding: 10px 5px; text-align: left; vertical-align: middle; word-break: normal; border: 1px solid #000000;\"><span style=\"font-weight: 400; color: var(--md-box-samantha-normal-text-color);\">600 mm \u2013 1250 mm ou personalizado<\/span><\/td>\n<\/tr>\n<tr>\n<td style=\"background-color: #fff; font-family: Arial, sans-serif; font-size: 14px; overflow: hidden; padding: 10px 5px; text-align: center; vertical-align: middle; word-break: normal; border: 1px solid #000000;\"><span style=\"font-weight: 400; color: var(--md-box-samantha-normal-text-color);\">Liga ou n\u00e3o<\/span><\/td>\n<td style=\"background-color: #fff; font-family: Arial, sans-serif; font-size: 14px; overflow: hidden; padding: 10px 5px; text-align: left; vertical-align: middle; word-break: normal; border: 1px solid #000000;\"><span style=\"font-weight: 400; color: var(--md-box-samantha-normal-text-color);\">Liga<\/span><\/td>\n<\/tr>\n<tr>\n<td style=\"background-color: #efefef; font-family: Arial, sans-serif; font-size: 14px; overflow: hidden; padding: 10px 5px; text-align: center; vertical-align: middle; word-break: normal; border: 1px solid #000000;\"><span style=\"font-weight: 400; color: var(--md-box-samantha-normal-text-color);\">Superf\u00edcie<\/span><\/td>\n<td style=\"background-color: #efefef; font-family: Arial, sans-serif; font-size: 14px; overflow: hidden; padding: 10px 5px; text-align: left; vertical-align: middle; word-break: normal; border: 1px solid #000000;\"><span style=\"font-weight: 400; color: var(--md-box-samantha-normal-text-color);\">Preto ou oleado para evitar ferrugem<\/span><\/td>\n<\/tr>\n<tr>\n<td style=\"background-color: #fff; font-family: Arial, sans-serif; font-size: 14px; overflow: hidden; padding: 10px 5px; text-align: center; vertical-align: middle; word-break: normal; border: 1px solid #000000;\"><span style=\"font-weight: 400; color: var(--md-box-samantha-normal-text-color);\">Termos de negocia\u00e7\u00e3o<\/span><\/td>\n<td style=\"background-color: #fff; font-family: Arial, sans-serif; font-size: 14px; overflow: hidden; padding: 10px 5px; text-align: left; vertical-align: middle; word-break: normal; border: 1px solid #000000;\"><span style=\"font-weight: 400; color: var(--md-box-samantha-normal-text-color);\">EXW, FOB, CIF, CFR<\/span><\/td>\n<\/tr>\n<tr>\n<td style=\"background-color: #efefef; font-family: Arial, sans-serif; font-size: 14px; overflow: hidden; padding: 10px 5px; text-align: center; vertical-align: middle; word-break: normal; border: 1px solid #000000;\"><span style=\"font-weight: 400; color: var(--md-box-samantha-normal-text-color);\">Quantidade m\u00ednima<\/span><\/td>\n<td style=\"background-color: #efefef; font-family: Arial, sans-serif; font-size: 14px; overflow: hidden; padding: 10px 5px; text-align: left; vertical-align: middle; word-break: normal; border: 1px solid #000000;\"><span style=\"font-weight: 400; color: var(--md-box-samantha-normal-text-color);\">5 toneladas<\/span><\/td>\n<\/tr>\n<tr>\n<td style=\"background-color: #fff; font-family: Arial, sans-serif; font-size: 14px; overflow: hidden; padding: 10px 5px; text-align: center; vertical-align: middle; word-break: normal; border: 1px solid #000000;\"><span style=\"font-weight: 400; color: var(--md-box-samantha-normal-text-color);\">Toler\u00e2ncia<\/span><\/td>\n<td style=\"background-color: #fff; font-family: Arial, sans-serif; font-size: 14px; overflow: hidden; padding: 10px 5px; text-align: left; vertical-align: middle; word-break: normal; border: 1px solid #000000;\"><span style=\"font-weight: 400; color: var(--md-box-samantha-normal-text-color);\">\u00b11%<\/span><\/td>\n<\/tr>\n<tr>\n<td style=\"background-color: #efefef; font-family: Arial, sans-serif; font-size: 14px; overflow: hidden; padding: 10px 5px; text-align: center; vertical-align: middle; word-break: normal; border: 1px solid #000000;\"><span style=\"font-weight: 400; color: var(--md-box-samantha-normal-text-color);\">Servi\u00e7o de Processamento<\/span><\/td>\n<td style=\"background-color: #efefef; font-family: Arial, sans-serif; font-size: 14px; overflow: hidden; padding: 10px 5px; text-align: left; vertical-align: middle; word-break: normal; border: 1px solid #000000;\"><span style=\"font-weight: 400; color: var(--md-box-samantha-normal-text-color);\">Dobramento, soldagem, desbobinamento, corte, puncionamento<\/span><\/td>\n<\/tr>\n<tr>\n<td style=\"background-color: #fff; font-family: Arial, sans-serif; font-size: 14px; overflow: hidden; padding: 10px 5px; text-align: center; vertical-align: middle; word-break: normal; border: 1px solid #000000;\"><span style=\"font-weight: 400; color: var(--md-box-samantha-normal-text-color);\">Pacote de transporte<\/span><\/td>\n<td style=\"background-color: #fff; font-family: Arial, sans-serif; font-size: 14px; overflow: hidden; padding: 10px 5px; text-align: left; vertical-align: middle; word-break: normal; border: 1px solid #000000;\"><span style=\"font-weight: 400; color: var(--md-box-samantha-normal-text-color);\">Pacote Naveg\u00e1vel Padr\u00e3o<\/span><\/td>\n<\/tr>\n<tr>\n<td style=\"background-color: #efefef; font-family: Arial, sans-serif; font-size: 14px; overflow: hidden; padding: 10px 5px; text-align: center; vertical-align: middle; word-break: normal; border: 1px solid #000000;\"><span style=\"font-weight: 400; color: var(--md-box-samantha-normal-text-color);\">Especifica\u00e7\u00e3o<\/span><\/td>\n<td style=\"background-color: #efefef; font-family: Arial, sans-serif; font-size: 14px; overflow: hidden; padding: 10px 5px; text-align: left; vertical-align: middle; word-break: normal; border: 1px solid #000000;\"><span style=\"font-weight: 400; color: var(--md-box-samantha-normal-text-color);\">Personalizado<\/span><\/td>\n<\/tr>\n<tr>\n<td style=\"background-color: #fff; font-family: Arial, sans-serif; font-size: 14px; overflow: hidden; padding: 10px 5px; text-align: center; vertical-align: middle; word-break: normal; border: 1px solid #000000;\"><span style=\"font-weight: 400; color: var(--md-box-samantha-normal-text-color);\">Origem<\/span><\/td>\n<td style=\"background-color: #fff; font-family: Arial, sans-serif; font-size: 14px; overflow: hidden; padding: 10px 5px; text-align: left; vertical-align: middle; word-break: normal; border: 1px solid #000000;\"><span style=\"font-weight: 400; color: var(--md-box-samantha-normal-text-color);\">China<\/span><\/td>\n<\/tr>\n<tr>\n<td style=\"background-color: #efefef; font-family: Arial, sans-serif; font-size: 14px; overflow: hidden; padding: 10px 5px; text-align: center; vertical-align: middle; word-break: normal; border: 1px solid #000000;\"><span style=\"font-weight: 400; color: var(--md-box-samantha-normal-text-color);\">Capacidade de produ\u00e7\u00e3o<\/span><\/td>\n<td style=\"background-color: #efefef; font-family: Arial, sans-serif; font-size: 14px; overflow: hidden; padding: 10px 5px; text-align: left; vertical-align: middle; word-break: normal; border: 1px solid #000000;\"><span style=\"font-weight: 400; color: var(--md-box-samantha-normal-text-color);\">5000 toneladas por m\u00eas<\/span><\/td>\n<\/tr>\n<\/tbody>\n<\/table>\n<h2><img fetchpriority=\"high\" decoding=\"async\" class=\"alignnone size-full wp-image-364\" src=\"https:\/\/baolongtaisteel.com\/wp-content\/uploads\/2025\/04\/16fb2e674aeb73f53fd862709b1089b7_\u55e8\u683c\u5f0f\u538b\u7f29\u526f\u672c_\u7ed3\u679c.webp\" alt=\"\" width=\"1920\" height=\"1200\" srcset=\"https:\/\/baolongtaisteel.com\/wp-content\/uploads\/2025\/04\/16fb2e674aeb73f53fd862709b1089b7_\u55e8\u683c\u5f0f\u538b\u7f29\u526f\u672c_\u7ed3\u679c.webp 1920w, https:\/\/baolongtaisteel.com\/wp-content\/uploads\/2025\/04\/16fb2e674aeb73f53fd862709b1089b7_\u55e8\u683c\u5f0f\u538b\u7f29\u526f\u672c_\u7ed3\u679c-600x375.webp 600w, https:\/\/baolongtaisteel.com\/wp-content\/uploads\/2025\/04\/16fb2e674aeb73f53fd862709b1089b7_\u55e8\u683c\u5f0f\u538b\u7f29\u526f\u672c_\u7ed3\u679c-300x188.webp 300w, https:\/\/baolongtaisteel.com\/wp-content\/uploads\/2025\/04\/16fb2e674aeb73f53fd862709b1089b7_\u55e8\u683c\u5f0f\u538b\u7f29\u526f\u672c_\u7ed3\u679c-1024x640.webp 1024w, https:\/\/baolongtaisteel.com\/wp-content\/uploads\/2025\/04\/16fb2e674aeb73f53fd862709b1089b7_\u55e8\u683c\u5f0f\u538b\u7f29\u526f\u672c_\u7ed3\u679c-768x480.webp 768w, https:\/\/baolongtaisteel.com\/wp-content\/uploads\/2025\/04\/16fb2e674aeb73f53fd862709b1089b7_\u55e8\u683c\u5f0f\u538b\u7f29\u526f\u672c_\u7ed3\u679c-1536x960.webp 1536w\" sizes=\"(max-width: 1920px) 100vw, 1920px\" \/><\/h2>\n<h2 data-spm-anchor-id=\"a2ty_o01.29997173.0.i140.1a70c921yaavsG\">Propriedades f\u00edsicas e qu\u00edmicas<\/h2>\n<h3><strong>Propriedades f\u00edsicas<\/strong><\/h3>\n<p><strong>Apar\u00eancia:<\/strong><\/p>\n<p>Geralmente apresenta uma cor cinza met\u00e1lico, com superf\u00edcie lisa ap\u00f3s o processamento. Diferentes tratamentos de superf\u00edcie, como pintura, galvaniza\u00e7\u00e3o ou polimento, podem ser aplicados para obter efeitos est\u00e9ticos ou funcionais espec\u00edficos.<\/p>\n<p><strong>Densidade:<\/strong><\/p>\n<p>A densidade do a\u00e7o carbono Q235 \u00e9 de aproximadamente 7,85 g\/cm\u00b3, um pouco menor que a do a\u00e7o inoxid\u00e1vel, mas ainda garante boa resist\u00eancia e estabilidade estrutural.<\/p>\n<p><strong>Ponto de fus\u00e3o:<\/strong><\/p>\n<p>O ponto de fus\u00e3o do a\u00e7o carbono Q235 \u00e9 em torno de 1495-1520\u00b0C, tornando-o adequado para aplica\u00e7\u00f5es de alta temperatura, mas exigindo prote\u00e7\u00e3o em ambientes extremos para evitar oxida\u00e7\u00e3o.<\/p>\n<p><strong>Coeficiente de expans\u00e3o t\u00e9rmica:<\/strong><\/p>\n<p>O coeficiente de expans\u00e3o t\u00e9rmica \u00e9 moderado, tipicamente em torno de 11,7\u00d710\u207b\u2076\/\u00b0C \u00e0 temperatura ambiente. Essa caracter\u00edstica permite que as chapas de a\u00e7o Q235 mantenham a estabilidade dimensional sob flutua\u00e7\u00f5es normais de temperatura.<\/p>\n<p><strong>Condutividade t\u00e9rmica:<\/strong><\/p>\n<p>O a\u00e7o carbono Q235 possui condutividade t\u00e9rmica relativamente boa, com um coeficiente de cerca de 50-60 W\/(m\u00b7K). Isso o torna adequado para aplica\u00e7\u00f5es que envolvem transfer\u00eancia de calor, como caldeiras ou trocadores de calor.<\/p>\n<p><strong>Condutividade el\u00e9trica:<\/strong><\/p>\n<p>Possui condutividade el\u00e9trica moderada, t\u00edpica do a\u00e7o carbono. A condutividade \u00e9 significativamente menor que a do cobre ou do alum\u00ednio, tornando-o inadequado para aplica\u00e7\u00f5es el\u00e9tricas, mas aceit\u00e1vel para uso estrutural em geral.<\/p>\n<h2><img decoding=\"async\" class=\"alignnone size-full wp-image-363\" src=\"https:\/\/baolongtaisteel.com\/wp-content\/uploads\/2025\/04\/6d286df0c8bfc3c263c877dd7dea4b16_\u55e8\u683c\u5f0f\u538b\u7f29\u526f\u672c_\u7ed3\u679c.webp\" alt=\"\" width=\"1920\" height=\"1200\" srcset=\"https:\/\/baolongtaisteel.com\/wp-content\/uploads\/2025\/04\/6d286df0c8bfc3c263c877dd7dea4b16_\u55e8\u683c\u5f0f\u538b\u7f29\u526f\u672c_\u7ed3\u679c.webp 1920w, https:\/\/baolongtaisteel.com\/wp-content\/uploads\/2025\/04\/6d286df0c8bfc3c263c877dd7dea4b16_\u55e8\u683c\u5f0f\u538b\u7f29\u526f\u672c_\u7ed3\u679c-600x375.webp 600w, https:\/\/baolongtaisteel.com\/wp-content\/uploads\/2025\/04\/6d286df0c8bfc3c263c877dd7dea4b16_\u55e8\u683c\u5f0f\u538b\u7f29\u526f\u672c_\u7ed3\u679c-300x188.webp 300w, https:\/\/baolongtaisteel.com\/wp-content\/uploads\/2025\/04\/6d286df0c8bfc3c263c877dd7dea4b16_\u55e8\u683c\u5f0f\u538b\u7f29\u526f\u672c_\u7ed3\u679c-1024x640.webp 1024w, https:\/\/baolongtaisteel.com\/wp-content\/uploads\/2025\/04\/6d286df0c8bfc3c263c877dd7dea4b16_\u55e8\u683c\u5f0f\u538b\u7f29\u526f\u672c_\u7ed3\u679c-768x480.webp 768w, https:\/\/baolongtaisteel.com\/wp-content\/uploads\/2025\/04\/6d286df0c8bfc3c263c877dd7dea4b16_\u55e8\u683c\u5f0f\u538b\u7f29\u526f\u672c_\u7ed3\u679c-1536x960.webp 1536w\" sizes=\"(max-width: 1920px) 100vw, 1920px\" \/><\/h2>\n<h3><strong>Propriedades qu\u00edmicas<\/strong><\/h3>\n<p><strong>Resist\u00eancia \u00e0 corros\u00e3o:<\/strong><\/p>\n<p>O a\u00e7o carbono Q235 possui resist\u00eancia \u00e0 corros\u00e3o limitada em compara\u00e7\u00e3o ao a\u00e7o inoxid\u00e1vel. \u00c9 propenso \u00e0 ferrugem quando exposto \u00e0 umidade ou a ambientes corrosivos. Tratamentos de superf\u00edcie como pintura, galvaniza\u00e7\u00e3o ou revestimento s\u00e3o frequentemente aplicados para aumentar sua resist\u00eancia \u00e0 corros\u00e3o. Por exemplo, chapas de a\u00e7o Q235 galvanizadas s\u00e3o amplamente utilizadas em estruturas externas para resistir \u00e0 corros\u00e3o atmosf\u00e9rica.<\/p>\n<p><strong>Antioxida\u00e7\u00e3o:<\/strong><\/p>\n<p>\u00c0 temperatura ambiente, o a\u00e7o Q235 apresenta resist\u00eancia moderada \u00e0 oxida\u00e7\u00e3o. No entanto, em temperaturas mais altas, \u00e9 suscet\u00edvel \u00e0 oxida\u00e7\u00e3o, exigindo revestimentos protetores ou elementos de liga para melhorar o desempenho em ambientes de alta temperatura.<\/p>\n<p><strong>Estabilidade qu\u00edmica:<\/strong><\/p>\n<p>Em ambientes qu\u00edmicos gerais, o a\u00e7o carbono Q235 apresenta estabilidade qu\u00edmica moderada. Reage facilmente com \u00e1cidos fortes, como \u00e1cido clor\u00eddrico ou \u00e1cido sulf\u00farico, levando \u00e0 corros\u00e3o. Em ambientes alcalinos ou neutros, apresenta maior estabilidade, mas \u00e9 necess\u00e1ria prote\u00e7\u00e3o adicional para condi\u00e7\u00f5es qu\u00edmicas adversas.<\/p>\n<p><strong>Passiva\u00e7\u00e3o:<\/strong><\/p>\n<p>Ao contr\u00e1rio do a\u00e7o inoxid\u00e1vel, o a\u00e7o carbono Q235 n\u00e3o forma naturalmente uma pel\u00edcula de passiva\u00e7\u00e3o. Para melhorar sua resist\u00eancia \u00e0 corros\u00e3o e \u00e0 oxida\u00e7\u00e3o, tratamentos de superf\u00edcie como galvaniza\u00e7\u00e3o, pintura ou aplica\u00e7\u00e3o de revestimentos anticorrosivos s\u00e3o essenciais. Esses tratamentos atuam como uma barreira para impedir o contato direto entre o a\u00e7o e agentes corrosivos.<\/p>\n<p><strong>Aplicativo:<\/strong><\/p>\n<p data-spm-anchor-id=\"a2ty_o01.29997173.0.i139.1a70c921yaavsG\">As chapas de a\u00e7o carbono Q235 s\u00e3o amplamente utilizadas devido \u00e0s suas excelentes propriedades mec\u00e2nicas, pre\u00e7o acess\u00edvel e facilidade de processamento. Na ind\u00fastria da constru\u00e7\u00e3o civil, s\u00e3o comumente utilizadas em componentes estruturais, como vigas, colunas e barras de refor\u00e7o, garantindo a estabilidade e a durabilidade das edifica\u00e7\u00f5es. Na fabrica\u00e7\u00e3o de m\u00e1quinas, as chapas de a\u00e7o Q235 s\u00e3o processadas em pe\u00e7as como arma\u00e7\u00f5es, bases e suportes, proporcionando desempenho confi\u00e1vel. Na ind\u00fastria automotiva, s\u00e3o utilizadas na fabrica\u00e7\u00e3o de arma\u00e7\u00f5es e chassis de ve\u00edculos devido \u00e0 sua alta rela\u00e7\u00e3o resist\u00eancia-peso. Al\u00e9m disso, nas \u00e1reas de constru\u00e7\u00e3o naval, pontes e vasos de press\u00e3o, as chapas de a\u00e7o Q235 s\u00e3o indispens\u00e1veis. Elas tamb\u00e9m s\u00e3o utilizadas em tanques de armazenamento, dutos e outros equipamentos industriais, onde a rela\u00e7\u00e3o custo-benef\u00edcio e a versatilidade s\u00e3o cruciais. As chapas de a\u00e7o Q235 com tratamento superficial s\u00e3o ideais para estruturas externas, como cercas, port\u00f5es e postes de energia, oferecendo longa vida \u00fatil com manuten\u00e7\u00e3o adequada.<\/p>","protected":false},"excerpt":{"rendered":"<h4 class=\"elementor-heading-title elementor-size-default\" style=\"text-align: center; padding-bottom: 30px;\">Placa de a\u00e7o carbono Q235<\/h4>\n<div>A chapa de a\u00e7o carbono Q235 \u00e9 um a\u00e7o de baixo carbono comum com boa plasticidade, tenacidade e resist\u00eancia, facilitando o processamento e a soldagem. Sua densidade \u00e9 de aproximadamente 7,85 g\/cm\u00b3 e seu ponto de fus\u00e3o varia de 1495 a 1520 \u00b0C. \u00c9 adequada para uma variedade de cen\u00e1rios industriais. Embora sua resist\u00eancia \u00e0 corros\u00e3o seja relativamente baixa, tratamentos de superf\u00edcie como galvaniza\u00e7\u00e3o e pintura podem melhorar significativamente seu desempenho anticorrosivo. \u00c9 amplamente utilizada em \u00e1reas como estruturas de edif\u00edcios, pontes, fabrica\u00e7\u00e3o de ve\u00edculos, equipamentos mec\u00e2nicos e vasos de press\u00e3o. \u00c9 um material de a\u00e7o b\u00e1sico econ\u00f4mico e pr\u00e1tico, adequado para fins gerais de engenharia.<\/div>\n<div>\n<hr class=\"dongte456custom-line\" \/>\n<\/div>\n<div style=\"padding-bottom: 5px;\">Categoria: Chapa de a\u00e7o carbono Q235<\/div>\n<div>Palavra-chave: chapa de a\u00e7o carbono Q235<\/div>\n<div>\n<hr \/>\n<\/div>\n<p><img decoding=\"async\" class=\"alignnone wp-image-257\" src=\"https:\/\/baolongtaisteel.com\/wp-content\/uploads\/2025\/04\/\u7535\u8bdd\u56fe\u6807.jpg\" alt=\"\" width=\"48\" height=\"50\" \/>\u00a0 Whatsapp:<a href=\"https:\/\/api.whatsapp.com\/send?phone=8613963585512\" target=\"_blank\" rel=\"noopener\">\u00a0+8613963585512 <\/a><\/p>\n<div>\n<hr \/>\n<\/div>\n<p><img loading=\"lazy\" decoding=\"async\" class=\"alignnone wp-image-258\" src=\"https:\/\/baolongtaisteel.com\/wp-content\/uploads\/2025\/04\/\u90ae\u7bb1\u56fe\u6807.jpg\" alt=\"\" width=\"48\" height=\"55\" \/>\u00a0\u00a0E-mail : <a href=\"rachel@sdxhjmetal.com\" target=\"_blank\" rel=\"noopener\">\u00a0rachel@sdxhjmetal.com<\/a><\/p>\n<div>\n<hr \/>\n<\/div>\n<h3><\/h3>\n<div class=\"productaddbutton-container\">\n<div class=\"productaddbutton-wrapper\"><a class=\"productaddbutton\" href=\"https:\/\/baolongtaisteel.com\/index.php\/product\/\">Lista de produtos<\/a><\/div>\n<div class=\"productaddbutton-wrapper\"><a class=\"productaddbutton\" href=\"#formSectiondongte\">Contate-nos<\/a><\/div>\n<\/div>\n<div><\/div>","protected":false},"featured_media":348,"comment_status":"open","ping_status":"closed","template":"","meta":[],"product_brand":[],"product_cat":[17],"product_tag":[],"class_list":{"0":"post-115","1":"product","2":"type-product","3":"status-publish","4":"has-post-thumbnail","6":"product_cat-carbon-steel","8":"first","9":"instock","10":"shipping-taxable","11":"product-type-simple"},"_links":{"self":[{"href":"https:\/\/baolongtaisteel.com\/pt\/wp-json\/wp\/v2\/product\/115","targetHints":{"allow":["GET"]}}],"collection":[{"href":"https:\/\/baolongtaisteel.com\/pt\/wp-json\/wp\/v2\/product"}],"about":[{"href":"https:\/\/baolongtaisteel.com\/pt\/wp-json\/wp\/v2\/types\/product"}],"replies":[{"embeddable":true,"href":"https:\/\/baolongtaisteel.com\/pt\/wp-json\/wp\/v2\/comments?post=115"}],"wp:featuredmedia":[{"embeddable":true,"href":"https:\/\/baolongtaisteel.com\/pt\/wp-json\/wp\/v2\/media\/348"}],"wp:attachment":[{"href":"https:\/\/baolongtaisteel.com\/pt\/wp-json\/wp\/v2\/media?parent=115"}],"wp:term":[{"taxonomy":"product_brand","embeddable":true,"href":"https:\/\/baolongtaisteel.com\/pt\/wp-json\/wp\/v2\/product_brand?post=115"},{"taxonomy":"product_cat","embeddable":true,"href":"https:\/\/baolongtaisteel.com\/pt\/wp-json\/wp\/v2\/product_cat?post=115"},{"taxonomy":"product_tag","embeddable":true,"href":"https:\/\/baolongtaisteel.com\/pt\/wp-json\/wp\/v2\/product_tag?post=115"}],"curies":[{"name":"wp","href":"https:\/\/api.w.org\/{rel}","templated":true}]}}