{"id":75,"date":"2025-04-25T11:45:40","date_gmt":"2025-04-25T03:45:40","guid":{"rendered":"https:\/\/baolongtaisteel.com\/?post_type=product&#038;p=75"},"modified":"2025-04-25T11:45:40","modified_gmt":"2025-04-25T03:45:40","slug":"tubo-de-aco-inoxidavel","status":"publish","type":"product","link":"https:\/\/baolongtaisteel.com\/pt\/product\/tubo-de-aco-inoxidavel\/","title":{"rendered":"tubo de a\u00e7o inoxid\u00e1vel"},"content":{"rendered":"<h2>\u00a0\u00a0Tabela de detalhes do produto:<\/h2>\n<table class=\"tg\" style=\"border-collapse: collapse; border-spacing: 0;\">\n<thead>\n<tr>\n<th style=\"background-color: #9b9b9b; color: #fff; font-family: Arial, sans-serif; font-size: 14px; font-weight: bold; overflow: hidden; padding: 10px 5px; text-align: left; vertical-align: top; word-break: normal; border: 1px solid black;\"><span style=\"font-weight: 600;\">Nome do produto<\/span><\/th>\n<th style=\"background-color: #9b9b9b; color: #fff; font-family: Arial, sans-serif; font-size: 14px; font-weight: bold; overflow: hidden; padding: 10px 5px; text-align: left; vertical-align: top; word-break: normal; border: 1px solid black;\"><span style=\"font-weight: 600;\">Tubo de a\u00e7o inoxid\u00e1vel<\/span><\/th>\n<\/tr>\n<\/thead>\n<tbody>\n<tr>\n<td style=\"background-color: #fff; font-family: Arial, sans-serif; font-size: 14px; overflow: hidden; padding: 10px 5px; text-align: left; vertical-align: top; word-break: normal; border: 1px solid black;\"><span style=\"font-weight: 400; color: var(--md-box-samantha-normal-text-color);\">Tipo de material<\/span><\/td>\n<td style=\"background-color: #fff; font-family: Arial, sans-serif; font-size: 14px; overflow: hidden; padding: 10px 5px; text-align: left; vertical-align: top; word-break: normal; border: 1px solid black;\"><span style=\"font-weight: 400; color: var(--md-box-samantha-normal-text-color);\">A\u00e7o inoxid\u00e1vel (tubos quadrados, tubos retangulares, tubos redondos)<\/span><\/td>\n<\/tr>\n<tr>\n<td style=\"background-color: #efefef; font-family: Arial, sans-serif; font-size: 14px; overflow: hidden; padding: 10px 5px; text-align: left; vertical-align: top; word-break: normal; border: 1px solid black;\">#efefef<\/td>\n<td style=\"background-color: #efefef; font-family: Arial, sans-serif; font-size: 14px; overflow: hidden; padding: 10px 5px; text-align: left; vertical-align: top; word-break: normal; border: 1px solid black;\"><span style=\"font-weight: 400; color: var(--md-box-samantha-normal-text-color);\">Tubos quadrados, tubos retangulares, tubos redondos<\/span><\/td>\n<\/tr>\n<tr>\n<td style=\"background-color: #fff; font-family: Arial, sans-serif; font-size: 14px; overflow: hidden; padding: 10px 5px; text-align: left; vertical-align: top; word-break: normal; border: 1px solid black;\"><span style=\"font-weight: 400; color: var(--md-box-samantha-normal-text-color);\">Grossura<\/span><\/td>\n<td style=\"background-color: #fff; font-family: Arial, sans-serif; font-size: 14px; overflow: hidden; padding: 10px 5px; text-align: left; vertical-align: top; word-break: normal; border: 1px solid black;\"><span style=\"font-weight: 400; color: var(--md-box-samantha-normal-text-color);\">0,5-75 mm (geral); 0,16 mm-4,0 mm (para tubos quadrados\/retangulares\/redondos de especifica\u00e7\u00f5es especificadas)<\/span><\/td>\n<\/tr>\n<tr>\n<td style=\"background-color: #efefef; font-family: Arial, sans-serif; font-size: 14px; overflow: hidden; padding: 10px 5px; text-align: left; vertical-align: top; word-break: normal; border: 1px solid black;\"><span style=\"font-weight: 400; color: var(--md-box-samantha-normal-text-color);\">Especifica\u00e7\u00f5es<\/span><\/td>\n<td style=\"background-color: #efefef; font-family: Arial, sans-serif; font-size: 14px; overflow: hidden; padding: 10px 5px; text-align: left; vertical-align: top; word-break: normal; border: 1px solid black;\"><span style=\"font-weight: 400; color: var(--md-box-samantha-normal-text-color);\">\u2013 Tubos redondos: Di\u00e2metro externo 8mm-680mm<\/span><br \/>\n<span style=\"font-weight: 400; color: var(--md-box-samantha-normal-text-color);\">\u2013 Tubos quadrados: 10x10mm-300x300mm<\/span><br \/>\n<span style=\"font-weight: 400; color: var(--md-box-samantha-normal-text-color);\">\u2013 Tubos retangulares: 10x20mm-120x180mm<\/span><\/td>\n<\/tr>\n<tr>\n<td style=\"background-color: #fff; font-family: Arial, sans-serif; font-size: 14px; overflow: hidden; padding: 10px 5px; text-align: left; vertical-align: top; word-break: normal; border: 1px solid black;\"><span style=\"font-weight: 400; color: var(--md-box-samantha-normal-text-color);\">Tratamento de superf\u00edcie<\/span><\/td>\n<td style=\"background-color: #fff; font-family: Arial, sans-serif; font-size: 14px; overflow: hidden; padding: 10px 5px; text-align: left; vertical-align: top; word-break: normal; border: 1px solid black;\"><span style=\"font-weight: 400; color: var(--md-box-samantha-normal-text-color);\">Polimento, recozimento, decapagem, acabamento brilhante<\/span><\/td>\n<\/tr>\n<tr>\n<td style=\"background-color: #efefef; font-family: Arial, sans-serif; font-size: 14px; overflow: hidden; padding: 10px 5px; text-align: left; vertical-align: top; word-break: normal; border: 1px solid black;\"><span style=\"font-weight: 400; color: var(--md-box-samantha-normal-text-color);\">Processo de produ\u00e7\u00e3o<\/span><\/td>\n<td style=\"background-color: #efefef; font-family: Arial, sans-serif; font-size: 14px; overflow: hidden; padding: 10px 5px; text-align: left; vertical-align: top; word-break: normal; border: 1px solid black;\"><span style=\"font-weight: 400; color: var(--md-box-samantha-normal-text-color);\">Lamina\u00e7\u00e3o a frio \/ Lamina\u00e7\u00e3o a quente<\/span><\/td>\n<\/tr>\n<tr>\n<td style=\"background-color: #fff; font-family: Arial, sans-serif; font-size: 14px; overflow: hidden; padding: 10px 5px; text-align: left; vertical-align: top; word-break: normal; border: 1px solid black;\"><span style=\"font-weight: 400; color: var(--md-box-samantha-normal-text-color);\">Graus de a\u00e7o<\/span><\/td>\n<td style=\"background-color: #fff; font-family: Arial, sans-serif; font-size: 14px; overflow: hidden; padding: 10px 5px; text-align: left; vertical-align: top; word-break: normal; border: 1px solid black;\"><span style=\"font-weight: 400; color: var(--md-box-samantha-normal-text-color);\">201, 202, 304, 304L, 304N, 309S, 310S, 316, 316L, 316N, 316Ti, 317, 317L, 321, 347, 347H<\/span><\/td>\n<\/tr>\n<tr>\n<td style=\"background-color: #efefef; font-family: Arial, sans-serif; font-size: 14px; overflow: hidden; padding: 10px 5px; text-align: left; vertical-align: top; word-break: normal; border: 1px solid black;\"><span style=\"font-weight: 400; color: var(--md-box-samantha-normal-text-color);\">Padr\u00f5es de Execu\u00e7\u00e3o<\/span><\/td>\n<td style=\"background-color: #efefef; font-family: Arial, sans-serif; font-size: 14px; overflow: hidden; padding: 10px 5px; text-align: left; vertical-align: top; word-break: normal; border: 1px solid black;\"><span style=\"font-weight: 400; color: var(--md-box-samantha-normal-text-color);\">ASTM A213, A312, A269, A778, A789; DIN 17456, 17457, 17459; JIS G3459, G3463; GOST 9941; EN 10216; BS 3605; GB 13296<\/span><\/td>\n<\/tr>\n<tr>\n<td style=\"background-color: #fff; font-family: Arial, sans-serif; font-size: 14px; overflow: hidden; padding: 10px 5px; text-align: left; vertical-align: top; word-break: normal; border: 1px solid black;\"><span style=\"font-weight: 400; color: var(--md-box-samantha-normal-text-color);\">Toler\u00e2ncia<\/span><\/td>\n<td style=\"background-color: #fff; font-family: Arial, sans-serif; font-size: 14px; overflow: hidden; padding: 10px 5px; text-align: left; vertical-align: top; word-break: normal; border: 1px solid black;\"><span style=\"font-weight: 400; color: var(--md-box-samantha-normal-text-color);\">\u2013 Di\u00e2metro externo: \u00b10,5 mm<\/span><br \/>\n<span style=\"font-weight: 400; color: var(--md-box-samantha-normal-text-color);\">\u2013 Espessura: \u00b10,05 mm<\/span><br \/>\n<span style=\"font-weight: 400; color: var(--md-box-samantha-normal-text-color);\">\u2013 Comprimento: \u00b15mm<\/span><\/td>\n<\/tr>\n<tr>\n<td style=\"background-color: #efefef; font-family: Arial, sans-serif; font-size: 14px; overflow: hidden; padding: 10px 5px; text-align: left; vertical-align: top; word-break: normal; border: 1px solid black;\"><span style=\"font-weight: 400; color: var(--md-box-samantha-normal-text-color);\">Itens de teste<\/span><\/td>\n<td style=\"background-color: #efefef; font-family: Arial, sans-serif; font-size: 14px; overflow: hidden; padding: 10px 5px; text-align: left; vertical-align: top; word-break: normal; border: 1px solid black;\"><span style=\"font-weight: 400; color: var(--md-box-samantha-normal-text-color);\">Teste de achatamento, teste de expans\u00e3o, teste de press\u00e3o hidrost\u00e1tica, teste de corros\u00e3o intergranular, teste de tratamento t\u00e9rmico<\/span><\/td>\n<\/tr>\n<tr>\n<td style=\"background-color: #fff; font-family: Arial, sans-serif; font-size: 14px; overflow: hidden; padding: 10px 5px; text-align: left; vertical-align: top; word-break: normal; border: 1px solid black;\"><span style=\"font-weight: 400; color: var(--md-box-samantha-normal-text-color);\">Embalagem<\/span><\/td>\n<td style=\"background-color: #fff; font-family: Arial, sans-serif; font-size: 14px; overflow: hidden; padding: 10px 5px; text-align: left; vertical-align: top; word-break: normal; border: 1px solid black;\"><span style=\"font-weight: 400; color: var(--md-box-samantha-normal-text-color);\">Embalagem padr\u00e3o para exporta\u00e7\u00e3o<\/span><\/td>\n<\/tr>\n<tr>\n<td style=\"background-color: #efefef; font-family: Arial, sans-serif; font-size: 14px; overflow: hidden; padding: 10px 5px; text-align: left; vertical-align: top; word-break: normal; border: 1px solid black;\"><span style=\"font-weight: 400; color: var(--md-box-samantha-normal-text-color);\">M\u00e9todos de Pagamento<\/span><\/td>\n<td style=\"background-color: #efefef; font-family: Arial, sans-serif; font-size: 14px; overflow: hidden; padding: 10px 5px; text-align: left; vertical-align: top; word-break: normal; border: 1px solid black;\"><span style=\"font-weight: 400; color: var(--md-box-samantha-normal-text-color);\">Transfer\u00eancia Telegr\u00e1fica (T\/T), Carta de Cr\u00e9dito (L\/C), Western Union<\/span><\/td>\n<\/tr>\n<tr>\n<td style=\"background-color: #fff; font-family: Arial, sans-serif; font-size: 14px; overflow: hidden; padding: 10px 5px; text-align: left; vertical-align: top; word-break: normal; border: 1px solid black;\"><span style=\"font-weight: 400; color: var(--md-box-samantha-normal-text-color);\">Prazo de entrega<\/span><\/td>\n<td style=\"background-color: #fff; font-family: Arial, sans-serif; font-size: 14px; overflow: hidden; padding: 10px 5px; text-align: left; vertical-align: top; word-break: normal; border: 1px solid black;\"><span style=\"font-weight: 400; color: var(--md-box-samantha-normal-text-color);\">10 dias \u00fateis ap\u00f3s o recebimento do dep\u00f3sito<\/span><\/td>\n<\/tr>\n<tr>\n<td style=\"background-color: #efefef; font-family: Arial, sans-serif; font-size: 14px; overflow: hidden; padding: 10px 5px; text-align: left; vertical-align: top; word-break: normal; border: 1px solid black;\"><span style=\"font-weight: 400; color: var(--md-box-samantha-normal-text-color);\">\u00c1reas de aplica\u00e7\u00e3o<\/span><\/td>\n<td style=\"background-color: #efefef; font-family: Arial, sans-serif; font-size: 14px; overflow: hidden; padding: 10px 5px; text-align: left; vertical-align: top; word-break: normal; border: 1px solid black;\"><span style=\"font-weight: 400; color: var(--md-box-samantha-normal-text-color);\">Decora\u00e7\u00e3o, constru\u00e7\u00e3o, estofamento, sistemas de abastecimento de \u00e1gua, corrim\u00e3os, grades, escadas, portas, janelas, varandas, cercas, bancos, m\u00f3veis, etc.<\/span><\/td>\n<\/tr>\n<tr>\n<td style=\"background-color: #fff; font-family: Arial, sans-serif; font-size: 14px; overflow: hidden; padding: 10px 5px; text-align: left; vertical-align: top; word-break: normal; border: 1px solid black;\"><span style=\"font-weight: 400; color: var(--md-box-samantha-normal-text-color);\">Servi\u00e7os de Processamento<\/span><\/td>\n<td style=\"background-color: #fff; font-family: Arial, sans-serif; font-size: 14px; overflow: hidden; padding: 10px 5px; text-align: left; vertical-align: top; word-break: normal; border: 1px solid black;\"><span style=\"font-weight: 400; color: var(--md-box-samantha-normal-text-color);\">Processamento personalizado, corte (Kaiping), corte, processamento de padr\u00f5es<\/span><\/td>\n<\/tr>\n<\/tbody>\n<\/table>\n<h2><img fetchpriority=\"high\" decoding=\"async\" class=\"alignnone size-full wp-image-175\" src=\"https:\/\/baolongtaisteel.com\/wp-content\/uploads\/2025\/04\/c5992c241ebe9ec6c716c905912e1d02_\u55e8\u683c\u5f0f\u538b\u7f29\u526f\u672c_\u7ed3\u679c.webp\" alt=\"\" width=\"1920\" height=\"1200\" srcset=\"https:\/\/baolongtaisteel.com\/wp-content\/uploads\/2025\/04\/c5992c241ebe9ec6c716c905912e1d02_\u55e8\u683c\u5f0f\u538b\u7f29\u526f\u672c_\u7ed3\u679c.webp 1920w, https:\/\/baolongtaisteel.com\/wp-content\/uploads\/2025\/04\/c5992c241ebe9ec6c716c905912e1d02_\u55e8\u683c\u5f0f\u538b\u7f29\u526f\u672c_\u7ed3\u679c-600x375.webp 600w, https:\/\/baolongtaisteel.com\/wp-content\/uploads\/2025\/04\/c5992c241ebe9ec6c716c905912e1d02_\u55e8\u683c\u5f0f\u538b\u7f29\u526f\u672c_\u7ed3\u679c-300x188.webp 300w, https:\/\/baolongtaisteel.com\/wp-content\/uploads\/2025\/04\/c5992c241ebe9ec6c716c905912e1d02_\u55e8\u683c\u5f0f\u538b\u7f29\u526f\u672c_\u7ed3\u679c-1024x640.webp 1024w, https:\/\/baolongtaisteel.com\/wp-content\/uploads\/2025\/04\/c5992c241ebe9ec6c716c905912e1d02_\u55e8\u683c\u5f0f\u538b\u7f29\u526f\u672c_\u7ed3\u679c-768x480.webp 768w, https:\/\/baolongtaisteel.com\/wp-content\/uploads\/2025\/04\/c5992c241ebe9ec6c716c905912e1d02_\u55e8\u683c\u5f0f\u538b\u7f29\u526f\u672c_\u7ed3\u679c-1536x960.webp 1536w\" sizes=\"(max-width: 1920px) 100vw, 1920px\" \/><\/h2>\n<h2>\u00a0Propriedades f\u00edsicas e qu\u00edmicas:<\/h2>\n<h3>Propriedades f\u00edsicas<\/h3>\n<h4>Densidade:<\/h4>\n<p>A densidade dos tubos de a\u00e7o inoxid\u00e1vel varia ligeiramente dependendo do tipo de a\u00e7o, geralmente entre 7,75 e 8,05 g\/cm\u00b3. Por exemplo, a densidade do a\u00e7o inoxid\u00e1vel 304 \u00e9 de cerca de 7,93 g\/cm\u00b3, e a densidade do a\u00e7o inoxid\u00e1vel 316 \u00e9 de cerca de 7,98 g\/cm\u00b3.<\/p>\n<h4>Ponto de fus\u00e3o:<\/h4>\n<p>Geralmente em torno de 1398-1454\u00b0C, e diferentes composi\u00e7\u00f5es de ligas causam diferentes pontos de fus\u00e3o. Por exemplo, o ponto de fus\u00e3o do a\u00e7o inoxid\u00e1vel 304 \u00e9 de cerca de 1400-1450\u00b0C, enquanto o a\u00e7o inoxid\u00e1vel 310S tem um ponto de fus\u00e3o relativamente mais alto, de cerca de 1470-1530\u00b0C, devido ao seu alto teor de cromo e n\u00edquel.<br \/>\nCoeficiente de expans\u00e3o t\u00e9rmica: \u00c0 medida que a temperatura muda, os tubos de a\u00e7o inoxid\u00e1vel se expandem e contraem. Em geral, seu coeficiente de expans\u00e3o t\u00e9rmica est\u00e1 entre (10-20) \u00d7 10\u207b\u2076\/\u00b0C. Por exemplo, o coeficiente de expans\u00e3o t\u00e9rmica do a\u00e7o inoxid\u00e1vel 304 a 20-100\u00b0C \u00e9 de cerca de 17,3 \u00d7 10\u207b\u2076\/\u00b0C.<\/p>\n<h4>Condutividade t\u00e9rmica:<\/h4>\n<p>O a\u00e7o inoxid\u00e1vel tem baixa condutividade t\u00e9rmica, geralmente entre 10 e 30 W\/(m\u00b7K). Tomando o a\u00e7o inoxid\u00e1vel 304 como exemplo, sua condutividade t\u00e9rmica \u00e9 de cerca de 16,2 W\/(m\u00b7K), muito menor do que a de metais como cobre (cerca de 386 W\/(m\u00b7K)) e alum\u00ednio (cerca de 203 W\/(m\u00b7K)).<\/p>\n<h4>Condutividade el\u00e9trica:<\/h4>\n<p>A condutividade el\u00e9trica dos tubos de a\u00e7o inoxid\u00e1vel tamb\u00e9m \u00e9 relativamente baixa, geralmente entre (1,3 e 1,6) \u00d7 10\u2076 S\/m. A condutividade el\u00e9trica do a\u00e7o inoxid\u00e1vel 304 \u00e9 de cerca de 1,4 \u00d7 10\u2076 S\/m, inferior \u00e0 dos metais puros.<\/p>\n<h2><img decoding=\"async\" class=\"alignnone size-full wp-image-176\" src=\"https:\/\/baolongtaisteel.com\/wp-content\/uploads\/2025\/04\/f2b99ffb306b47c8624224de30dab122_\u55e8\u683c\u5f0f\u538b\u7f29\u526f\u672c_\u7ed3\u679c.webp\" alt=\"\" width=\"1920\" height=\"1200\" srcset=\"https:\/\/baolongtaisteel.com\/wp-content\/uploads\/2025\/04\/f2b99ffb306b47c8624224de30dab122_\u55e8\u683c\u5f0f\u538b\u7f29\u526f\u672c_\u7ed3\u679c.webp 1920w, https:\/\/baolongtaisteel.com\/wp-content\/uploads\/2025\/04\/f2b99ffb306b47c8624224de30dab122_\u55e8\u683c\u5f0f\u538b\u7f29\u526f\u672c_\u7ed3\u679c-600x375.webp 600w, https:\/\/baolongtaisteel.com\/wp-content\/uploads\/2025\/04\/f2b99ffb306b47c8624224de30dab122_\u55e8\u683c\u5f0f\u538b\u7f29\u526f\u672c_\u7ed3\u679c-300x188.webp 300w, https:\/\/baolongtaisteel.com\/wp-content\/uploads\/2025\/04\/f2b99ffb306b47c8624224de30dab122_\u55e8\u683c\u5f0f\u538b\u7f29\u526f\u672c_\u7ed3\u679c-1024x640.webp 1024w, https:\/\/baolongtaisteel.com\/wp-content\/uploads\/2025\/04\/f2b99ffb306b47c8624224de30dab122_\u55e8\u683c\u5f0f\u538b\u7f29\u526f\u672c_\u7ed3\u679c-768x480.webp 768w, https:\/\/baolongtaisteel.com\/wp-content\/uploads\/2025\/04\/f2b99ffb306b47c8624224de30dab122_\u55e8\u683c\u5f0f\u538b\u7f29\u526f\u672c_\u7ed3\u679c-1536x960.webp 1536w\" sizes=\"(max-width: 1920px) 100vw, 1920px\" \/><\/h2>\n<h3>Propriedades qu\u00edmicas<\/h3>\n<h4>Resist\u00eancia \u00e0 corros\u00e3o:<\/h4>\n<p>Esta \u00e9 uma das propriedades qu\u00edmicas mais significativas dos tubos de a\u00e7o inoxid\u00e1vel. O a\u00e7o inoxid\u00e1vel cont\u00e9m elementos de liga como cromo e n\u00edquel, que reagem com o oxig\u00eanio do ar para formar uma densa pel\u00edcula de \u00f3xido na superf\u00edcie (o principal componente \u00e9 o Cr\u2082O\u2083). Essa pel\u00edcula de \u00f3xido pode impedir que o metal interno reaja quimicamente com subst\u00e2ncias externas, conferindo-lhe boa resist\u00eancia \u00e0 corros\u00e3o. Por exemplo, o a\u00e7o inoxid\u00e1vel 304 apresenta boa resist\u00eancia \u00e0 corros\u00e3o na atmosfera, \u00e1gua e algumas solu\u00e7\u00f5es \u00e1cidas e alcalinas fracas; o a\u00e7o inoxid\u00e1vel 316 apresenta melhor resist\u00eancia \u00e0 corros\u00e3o por \u00edons cloreto devido \u00e0 adi\u00e7\u00e3o de molibd\u00eanio e \u00e9 frequentemente utilizado em ambientes marinhos ou em contato com meios com \u00edons cloreto.<\/p>\n<h4>Antioxida\u00e7\u00e3o:<\/h4>\n<p>Em altas temperaturas, tubos de a\u00e7o inoxid\u00e1vel ainda mant\u00eam boas propriedades antioxidantes. A presen\u00e7a de cromo permite que o a\u00e7o inoxid\u00e1vel forme uma pel\u00edcula de \u00f3xido est\u00e1vel em altas temperaturas, evitando oxida\u00e7\u00e3o adicional. A\u00e7os inoxid\u00e1veis como 309S e 310S possuem alto teor de cromo e n\u00edquel, podem ser usados por longos per\u00edodos em ambientes de alta temperatura, possuem boas propriedades antioxidantes e podem ser usados em tubos de fornos de alta temperatura, elementos de aquecimento, etc.<\/p>\n<h4>Estabilidade qu\u00edmica:<\/h4>\n<p>Tubos de a\u00e7o inoxid\u00e1vel s\u00e3o relativamente est\u00e1veis em ambientes qu\u00edmicos gerais e n\u00e3o reagem violentamente com produtos qu\u00edmicos comuns. No entanto, sob certas condi\u00e7\u00f5es, como \u00e1cidos oxidantes fortes (como \u00e1cido n\u00edtrico e \u00e1cido sulf\u00farico concentrados), altas temperaturas e solu\u00e7\u00f5es alcalinas de alta concentra\u00e7\u00e3o, o a\u00e7o inoxid\u00e1vel tamb\u00e9m pode corroer ou reagir quimicamente. No entanto, ajustando a composi\u00e7\u00e3o e o processo de tratamento de superf\u00edcie do a\u00e7o inoxid\u00e1vel, sua estabilidade em ambientes qu\u00edmicos espec\u00edficos pode ser melhorada.<\/p>\n<h2><img decoding=\"async\" class=\"alignnone size-full wp-image-174\" src=\"https:\/\/baolongtaisteel.com\/wp-content\/uploads\/2025\/04\/50052a7b56664b66a832b52bddb9a4cc_\u55e8\u683c\u5f0f\u538b\u7f29\u526f\u672c_\u7ed3\u679c.webp\" alt=\"\" width=\"1920\" height=\"1200\" srcset=\"https:\/\/baolongtaisteel.com\/wp-content\/uploads\/2025\/04\/50052a7b56664b66a832b52bddb9a4cc_\u55e8\u683c\u5f0f\u538b\u7f29\u526f\u672c_\u7ed3\u679c.webp 1920w, https:\/\/baolongtaisteel.com\/wp-content\/uploads\/2025\/04\/50052a7b56664b66a832b52bddb9a4cc_\u55e8\u683c\u5f0f\u538b\u7f29\u526f\u672c_\u7ed3\u679c-600x375.webp 600w, https:\/\/baolongtaisteel.com\/wp-content\/uploads\/2025\/04\/50052a7b56664b66a832b52bddb9a4cc_\u55e8\u683c\u5f0f\u538b\u7f29\u526f\u672c_\u7ed3\u679c-300x188.webp 300w, https:\/\/baolongtaisteel.com\/wp-content\/uploads\/2025\/04\/50052a7b56664b66a832b52bddb9a4cc_\u55e8\u683c\u5f0f\u538b\u7f29\u526f\u672c_\u7ed3\u679c-1024x640.webp 1024w, https:\/\/baolongtaisteel.com\/wp-content\/uploads\/2025\/04\/50052a7b56664b66a832b52bddb9a4cc_\u55e8\u683c\u5f0f\u538b\u7f29\u526f\u672c_\u7ed3\u679c-768x480.webp 768w, https:\/\/baolongtaisteel.com\/wp-content\/uploads\/2025\/04\/50052a7b56664b66a832b52bddb9a4cc_\u55e8\u683c\u5f0f\u538b\u7f29\u526f\u672c_\u7ed3\u679c-1536x960.webp 1536w\" sizes=\"(max-width: 1920px) 100vw, 1920px\" \/><\/h2>\n<h2>Aplicativo:<\/h2>\n<p>Tubos de a\u00e7o inoxid\u00e1vel s\u00e3o amplamente utilizados em diversos setores devido \u00e0 sua excelente resist\u00eancia \u00e0 corros\u00e3o, resist\u00eancia e est\u00e9tica. Na decora\u00e7\u00e3o arquitet\u00f4nica, s\u00e3o frequentemente utilizados em corrim\u00e3os, grades, batentes de portas e janelas e decora\u00e7\u00f5es de fachadas-cortina. Al\u00e9m de dur\u00e1veis, eles tamb\u00e9m podem melhorar a apar\u00eancia da constru\u00e7\u00e3o. As ind\u00fastrias aliment\u00edcia e farmac\u00eautica utilizam suas caracter\u00edsticas higi\u00eanicas, at\u00f3xicas e f\u00e1ceis de limpar para fabricar equipamentos de processamento de alimentos, tubula\u00e7\u00f5es farmac\u00eauticas e recipientes de armazenamento, garantindo que o processo de produ\u00e7\u00e3o seja seguro e livre de polui\u00e7\u00e3o. Em termos de utens\u00edlios de cozinha e banheiro, tubos e torneiras de a\u00e7o inoxid\u00e1vel s\u00e3o a primeira escolha para instala\u00e7\u00f5es hidr\u00e1ulicas residenciais devido \u00e0 sua resist\u00eancia \u00e0 corros\u00e3o e longa vida \u00fatil. Na ind\u00fastria, tipos especiais de tubos de a\u00e7o inoxid\u00e1vel, como o 316, s\u00e3o utilizados em tubula\u00e7\u00f5es qu\u00edmicas e equipamentos de extra\u00e7\u00e3o de petr\u00f3leo, pois podem suportar \u00e1cidos fortes, \u00e1lcalis fortes e ambientes de alta temperatura e alta press\u00e3o. No setor de transporte, tubos de a\u00e7o inoxid\u00e1vel s\u00e3o utilizados na fabrica\u00e7\u00e3o de sistemas de escapamento de autom\u00f3veis e estruturas de vag\u00f5es de metr\u00f4, buscando um equil\u00edbrio entre leveza e alta resist\u00eancia.<\/p>","protected":false},"excerpt":{"rendered":"<h4 class=\"elementor-heading-title elementor-size-default\" style=\"text-align: center; padding-bottom: 30px;\">tubo de a\u00e7o inoxid\u00e1vel<\/h4>\n<div>Tubos de a\u00e7o inoxid\u00e1vel s\u00e3o tubos feitos de a\u00e7o inoxid\u00e1vel, contendo elementos de liga como cromo e n\u00edquel, e formando uma densa pel\u00edcula de \u00f3xido na superf\u00edcie, que possui excelente resist\u00eancia \u00e0 corros\u00e3o e \u00e0 oxida\u00e7\u00e3o. Suas propriedades f\u00edsicas s\u00e3o est\u00e1veis e apresentam boa resist\u00eancia e tenacidade. Com essas caracter\u00edsticas, \u00e9 amplamente utilizado em decora\u00e7\u00e3o arquitet\u00f4nica, alimentos e medicina, manufatura industrial e outros campos, sendo um material indispens\u00e1vel para a ind\u00fastria e a vida moderna.<\/div>\n<div>\n<hr class=\"dongte456custom-line\" \/>\n<\/div>\n<div style=\"padding-bottom: 5px;\">Categoria: tubo de a\u00e7o inoxid\u00e1vel<\/div>\n<div>Palavra-chave: tubo de a\u00e7o inoxid\u00e1vel<\/div>\n<div>\n<hr \/>\n<\/div>\n<p><img loading=\"lazy\" decoding=\"async\" class=\"alignnone wp-image-257\" src=\"https:\/\/baolongtaisteel.com\/wp-content\/uploads\/2025\/04\/\u7535\u8bdd\u56fe\u6807.jpg\" alt=\"\" width=\"48\" height=\"50\" \/>\u00a0 Whatsapp:<a href=\"https:\/\/api.whatsapp.com\/send?phone=8613963585512\" target=\"_blank\" rel=\"noopener\">\u00a0+8613963585512 <\/a><\/p>\n<div>\n<hr \/>\n<\/div>\n<p><img loading=\"lazy\" decoding=\"async\" class=\"alignnone wp-image-258\" src=\"https:\/\/baolongtaisteel.com\/wp-content\/uploads\/2025\/04\/\u90ae\u7bb1\u56fe\u6807.jpg\" alt=\"\" width=\"48\" height=\"55\" \/>\u00a0\u00a0E-mail : <a href=\"rachel@sdxhjmetal.com\" target=\"_blank\" rel=\"noopener\">\u00a0rachel@sdxhjmetal.com<\/a><\/p>\n<div>\n<hr \/>\n<\/div>\n<h3><\/h3>\n<div class=\"productaddbutton-container\">\n<div class=\"productaddbutton-wrapper\"><a class=\"productaddbutton\" href=\"https:\/\/baolongtaisteel.com\/index.php\/product\/\">Lista de produtos<\/a><\/div>\n<div class=\"productaddbutton-wrapper\"><a class=\"productaddbutton\" href=\"#formSectiondongte\">Contate-nos<\/a><\/div>\n<\/div>\n<div><\/div>","protected":false},"featured_media":192,"comment_status":"open","ping_status":"closed","template":"","meta":[],"product_brand":[],"product_cat":[16],"product_tag":[],"class_list":{"0":"post-75","1":"product","2":"type-product","3":"status-publish","4":"has-post-thumbnail","6":"product_cat-stainless-steel","8":"first","9":"instock","10":"shipping-taxable","11":"product-type-simple"},"_links":{"self":[{"href":"https:\/\/baolongtaisteel.com\/pt\/wp-json\/wp\/v2\/product\/75","targetHints":{"allow":["GET"]}}],"collection":[{"href":"https:\/\/baolongtaisteel.com\/pt\/wp-json\/wp\/v2\/product"}],"about":[{"href":"https:\/\/baolongtaisteel.com\/pt\/wp-json\/wp\/v2\/types\/product"}],"replies":[{"embeddable":true,"href":"https:\/\/baolongtaisteel.com\/pt\/wp-json\/wp\/v2\/comments?post=75"}],"wp:featuredmedia":[{"embeddable":true,"href":"https:\/\/baolongtaisteel.com\/pt\/wp-json\/wp\/v2\/media\/192"}],"wp:attachment":[{"href":"https:\/\/baolongtaisteel.com\/pt\/wp-json\/wp\/v2\/media?parent=75"}],"wp:term":[{"taxonomy":"product_brand","embeddable":true,"href":"https:\/\/baolongtaisteel.com\/pt\/wp-json\/wp\/v2\/product_brand?post=75"},{"taxonomy":"product_cat","embeddable":true,"href":"https:\/\/baolongtaisteel.com\/pt\/wp-json\/wp\/v2\/product_cat?post=75"},{"taxonomy":"product_tag","embeddable":true,"href":"https:\/\/baolongtaisteel.com\/pt\/wp-json\/wp\/v2\/product_tag?post=75"}],"curies":[{"name":"wp","href":"https:\/\/api.w.org\/{rel}","templated":true}]}}