{"id":77,"date":"2025-04-25T16:58:43","date_gmt":"2025-04-25T08:58:43","guid":{"rendered":"https:\/\/baolongtaisteel.com\/?post_type=product&#038;p=77"},"modified":"2025-04-25T16:58:43","modified_gmt":"2025-04-25T08:58:43","slug":"barra-de-aco-inoxidavel","status":"publish","type":"product","link":"https:\/\/baolongtaisteel.com\/pt\/product\/barra-de-aco-inoxidavel\/","title":{"rendered":"Barra de a\u00e7o inoxid\u00e1vel"},"content":{"rendered":"<h2 style=\"text-align: left;\">\u00a0\u00a0Tabela de detalhes do produto:<\/h2>\n<table class=\"tg\" style=\"border-collapse: collapse; border-spacing: 0;\">\n<thead>\n<tr>\n<th style=\"background-color: #9b9b9b; color: #ffffff; font-family: Arial, sans-serif; font-size: 14px; font-weight: bold; overflow: hidden; padding: 10px 5px; vertical-align: top; word-break: normal; border: 1px solid black; text-align: center;\"><span style=\"font-weight: 600;\">Unid<\/span><\/th>\n<th style=\"background-color: #9b9b9b; color: #fff; font-family: Arial, sans-serif; font-size: 14px; font-weight: bold; overflow: hidden; padding: 10px 5px; text-align: left; vertical-align: top; word-break: normal; border: 1px solid black;\"><span style=\"font-weight: 600;\">Detalhes<\/span><\/th>\n<\/tr>\n<\/thead>\n<tbody>\n<tr>\n<td style=\"background-color: #ffffff; font-family: Arial, sans-serif; font-size: 14px; overflow: hidden; padding: 10px 5px; vertical-align: top; word-break: normal; border: 1px solid black; text-align: center;\"><span style=\"font-weight: 400; color: var(--md-box-samantha-normal-text-color);\">Fabrica\u00e7\u00e3o de m\u00e1quinas<\/span><\/td>\n<td style=\"background-color: #ffffff; font-family: Arial, sans-serif; font-size: 14px; overflow: hidden; padding: 10px 5px; text-align: left; vertical-align: top; word-break: normal; border: 1px solid black;\"><span style=\"font-weight: 400; color: var(--md-box-samantha-normal-text-color);\">Usado para fabricar pe\u00e7as mec\u00e2nicas, como eixos, engrenagens, parafusos e porcas.<\/span><\/td>\n<\/tr>\n<tr>\n<td style=\"background-color: #efefef; font-family: Arial, sans-serif; font-size: 14px; overflow: hidden; padding: 10px 5px; vertical-align: top; word-break: normal; border: 1px solid black; text-align: center;\"><span style=\"font-weight: 400; color: var(--md-box-samantha-normal-text-color);\">Dispositivos m\u00e9dicos<\/span><\/td>\n<td style=\"background-color: #efefef; font-family: Arial, sans-serif; font-size: 14px; overflow: hidden; padding: 10px 5px; text-align: left; vertical-align: top; word-break: normal; border: 1px solid black;\"><span style=\"font-weight: 400; color: var(--md-box-samantha-normal-text-color);\">Usado para fazer equipamentos e instrumentos m\u00e9dicos, como bisturis, instrumentos cir\u00fargicos e implantes.<\/span><\/td>\n<\/tr>\n<tr>\n<td style=\"background-color: #ffffff; font-family: Arial, sans-serif; font-size: 14px; overflow: hidden; padding: 10px 5px; vertical-align: top; word-break: normal; border: 1px solid black; text-align: center;\"><span style=\"font-weight: 400; color: var(--md-box-samantha-normal-text-color);\">Decora\u00e7\u00e3o Arquitet\u00f4nica<\/span><\/td>\n<td style=\"background-color: #ffffff; font-family: Arial, sans-serif; font-size: 14px; overflow: hidden; padding: 10px 5px; text-align: left; vertical-align: top; word-break: normal; border: 1px solid black;\"><span style=\"font-weight: 400; color: var(--md-box-samantha-normal-text-color);\">Usado para projetos de decora\u00e7\u00e3o arquitet\u00f4nica, como grades, corrim\u00e3os, esculturas, portas e janelas.<\/span><\/td>\n<\/tr>\n<tr>\n<td style=\"background-color: #efefef; font-family: Arial, sans-serif; font-size: 14px; overflow: hidden; padding: 10px 5px; vertical-align: top; word-break: normal; border: 1px solid black; text-align: center;\"><span style=\"font-weight: 400; color: var(--md-box-samantha-normal-text-color);\">Processamento de alimentos<\/span><\/td>\n<td style=\"background-color: #efefef; font-family: Arial, sans-serif; font-size: 14px; overflow: hidden; padding: 10px 5px; text-align: left; vertical-align: top; word-break: normal; border: 1px solid black;\"><span style=\"font-weight: 400; color: var(--md-box-samantha-normal-text-color);\">Utilizado para produzir m\u00e1quinas aliment\u00edcias, recipientes, tubula\u00e7\u00f5es, etc., atendendo aos padr\u00f5es de higiene alimentar.<\/span><\/td>\n<\/tr>\n<tr>\n<td style=\"background-color: #ffffff; font-family: Arial, sans-serif; font-size: 14px; overflow: hidden; padding: 10px 5px; vertical-align: top; word-break: normal; border: 1px solid black; text-align: center;\"><span style=\"font-weight: 400; color: var(--md-box-samantha-normal-text-color);\">Equipamentos Qu\u00edmicos<\/span><\/td>\n<td style=\"background-color: #ffffff; font-family: Arial, sans-serif; font-size: 14px; overflow: hidden; padding: 10px 5px; text-align: left; vertical-align: top; word-break: normal; border: 1px solid black;\"><span style=\"font-weight: 400; color: var(--md-box-samantha-normal-text-color);\">Usado para fabricar componentes de equipamentos qu\u00edmicos, como caldeiras de rea\u00e7\u00e3o, tubula\u00e7\u00f5es e v\u00e1lvulas.<\/span><\/td>\n<\/tr>\n<tr>\n<td style=\"background-color: #efefef; font-family: Arial, sans-serif; font-size: 14px; overflow: hidden; padding: 10px 5px; vertical-align: top; word-break: normal; border: 1px solid black; text-align: center;\"><span style=\"font-weight: 400; color: var(--md-box-samantha-normal-text-color);\">Eletr\u00f4nicos e Eletrodom\u00e9sticos<\/span><\/td>\n<td style=\"background-color: #efefef; font-family: Arial, sans-serif; font-size: 14px; overflow: hidden; padding: 10px 5px; text-align: left; vertical-align: top; word-break: normal; border: 1px solid black;\"><span style=\"font-weight: 400; color: var(--md-box-samantha-normal-text-color);\">Usado para fazer inv\u00f3lucros, conectores, componentes de dissipa\u00e7\u00e3o de calor, etc. de dispositivos eletr\u00f4nicos.<\/span><\/td>\n<\/tr>\n<tr>\n<td style=\"background-color: #ffffff; font-family: Arial, sans-serif; font-size: 14px; font-weight: bold; overflow: hidden; padding: 10px 5px; vertical-align: top; word-break: normal; border: 1px solid black; text-align: center;\"><span style=\"font-weight: 600; color: var(--md-box-samantha-deep-text-color);\">Padr\u00f5es de Qualidade<\/span><\/td>\n<td style=\"background-color: #ffffff; font-family: Arial, sans-serif; font-size: 14px; overflow: hidden; padding: 10px 5px; text-align: left; vertical-align: top; word-break: normal; border: 1px solid black;\"><span style=\"font-weight: 400; color: var(--md-box-samantha-normal-text-color);\">Em conformidade com normas nacionais e internacionais relevantes, como GB\/T 1220, ASTM A276, JIS G4303, etc. Relat\u00f3rios de materiais e certificados de qualidade podem ser fornecidos.<\/span><\/td>\n<\/tr>\n<tr>\n<td style=\"background-color: #efefef; font-family: Arial, sans-serif; font-size: 14px; font-weight: bold; overflow: hidden; padding: 10px 5px; vertical-align: top; word-break: normal; border: 1px solid black; text-align: center;\"><span style=\"font-weight: 600; color: var(--md-box-samantha-deep-text-color);\">M\u00e9todo de embalagem<\/span><\/td>\n<td style=\"background-color: #efefef; font-family: Arial, sans-serif; font-size: 14px; overflow: hidden; padding: 10px 5px; text-align: left; vertical-align: top; word-break: normal; border: 1px solid black;\"><span style=\"font-weight: 400; color: var(--md-box-samantha-normal-text-color);\">Embalagem de filme pl\u00e1stico, embalagem de saco de tecido, embalagem de caixa de madeira, etc. para evitar danos durante o transporte e armazenamento.<\/span><\/td>\n<\/tr>\n<tr>\n<td style=\"background-color: #ffffff; font-family: Arial, sans-serif; font-size: 14px; font-weight: bold; overflow: hidden; padding: 10px 5px; vertical-align: top; word-break: normal; border: 1px solid black; text-align: center;\"><span style=\"font-weight: 600; color: var(--md-box-samantha-deep-text-color);\">Pre\u00e7o<\/span><\/td>\n<td style=\"background-color: #ffffff; font-family: Arial, sans-serif; font-size: 14px; overflow: hidden; padding: 10px 5px; text-align: left; vertical-align: top; word-break: normal; border: 1px solid black;\"><span style=\"font-weight: 400; color: var(--md-box-samantha-normal-text-color);\">Sujeito a fatores como material, especifica\u00e7\u00f5es, quantidade e condi\u00e7\u00f5es de mercado. Consulte o departamento de vendas para obter pre\u00e7os espec\u00edficos.<\/span><\/td>\n<\/tr>\n<tr>\n<td style=\"background-color: #efefef; font-family: Arial, sans-serif; font-size: 14px; font-weight: bold; overflow: hidden; padding: 10px 5px; vertical-align: top; word-break: normal; border: 1px solid black; text-align: center;\"><span style=\"font-weight: 600; color: var(--md-box-samantha-deep-text-color);\">Prazo de entrega<\/span><\/td>\n<td style=\"background-color: #efefef; font-family: Arial, sans-serif; font-size: 14px; overflow: hidden; padding: 10px 5px; text-align: left; vertical-align: top; word-break: normal; border: 1px solid black;\"><span style=\"font-weight: 400; color: var(--md-box-samantha-normal-text-color);\">3 a 7 dias para produtos de especifica\u00e7\u00e3o regular e 10 a 20 dias para produtos personalizados (o tempo espec\u00edfico \u00e9 determinado de acordo com a situa\u00e7\u00e3o real do pedido).<\/span><\/td>\n<\/tr>\n<tr>\n<td style=\"background-color: #ffffff; font-family: Arial, sans-serif; font-size: 14px; font-weight: bold; overflow: hidden; padding: 10px 5px; vertical-align: top; word-break: normal; border: 1px solid black; text-align: center;\"><span style=\"font-weight: 600; color: var(--md-box-samantha-deep-text-color);\">M\u00e9todo de pagamento<\/span><\/td>\n<td style=\"background-color: #ffffff; font-family: Arial, sans-serif; font-size: 14px; overflow: hidden; padding: 10px 5px; text-align: left; vertical-align: top; word-break: normal; border: 1px solid black;\"><span style=\"font-weight: 400; color: var(--md-box-samantha-normal-text-color);\">T\/T (Transfer\u00eancia Telegr\u00e1fica), L\/C (Carta de Cr\u00e9dito), etc. O m\u00e9todo de pagamento espec\u00edfico pode ser negociado e determinado.<\/span><\/td>\n<\/tr>\n<tr>\n<td style=\"background-color: #efefef; font-family: Arial, sans-serif; font-size: 14px; font-weight: bold; overflow: hidden; padding: 10px 5px; vertical-align: top; word-break: normal; border: 1px solid black; text-align: center;\"><span style=\"font-weight: 600; color: var(--md-box-samantha-deep-text-color);\">Servi\u00e7o p\u00f3s-venda<\/span><\/td>\n<td style=\"background-color: #efefef; font-family: Arial, sans-serif; font-size: 14px; overflow: hidden; padding: 10px 5px; text-align: left; vertical-align: top; word-break: normal; border: 1px solid black;\"><span style=\"font-weight: 400; color: var(--md-box-samantha-normal-text-color);\">Fornecer suporte t\u00e9cnico e solu\u00e7\u00f5es para problemas de qualidade. Os produtos podem ser devolvidos ou trocados em caso de problemas de qualidade.<\/span><\/td>\n<\/tr>\n<\/tbody>\n<\/table>\n<p>&nbsp;<\/p>\n<h2 style=\"text-align: left;\"><img fetchpriority=\"high\" decoding=\"async\" class=\"alignnone size-full wp-image-247\" src=\"https:\/\/baolongtaisteel.com\/wp-content\/uploads\/2025\/04\/\u68d22.jpg\" alt=\"\" width=\"1920\" height=\"1200\" srcset=\"https:\/\/baolongtaisteel.com\/wp-content\/uploads\/2025\/04\/\u68d22.jpg 1920w, https:\/\/baolongtaisteel.com\/wp-content\/uploads\/2025\/04\/\u68d22-600x375.jpg 600w, https:\/\/baolongtaisteel.com\/wp-content\/uploads\/2025\/04\/\u68d22-300x188.jpg 300w, https:\/\/baolongtaisteel.com\/wp-content\/uploads\/2025\/04\/\u68d22-1024x640.jpg 1024w, https:\/\/baolongtaisteel.com\/wp-content\/uploads\/2025\/04\/\u68d22-768x480.jpg 768w, https:\/\/baolongtaisteel.com\/wp-content\/uploads\/2025\/04\/\u68d22-1536x960.jpg 1536w\" sizes=\"(max-width: 1920px) 100vw, 1920px\" \/><\/h2>\n<h2>Propriedades f\u00edsicas e qu\u00edmicas:<\/h2>\n<h3>Propriedades f\u00edsicas<\/h3>\n<h4>Apar\u00eancia:<\/h4>\n<p>Geralmente apresenta uma cor met\u00e1lica branco-prateada, com superf\u00edcie lisa e alto brilho. Diferentes efeitos superficiais podem ser obtidos por meio de diferentes processos de tratamento de superf\u00edcie, como polimento espelhado, escova\u00e7\u00e3o, etc.<\/p>\n<h4>Densidade:<\/h4>\n<p>A densidade geralmente varia entre 7,93 e 8,00 g\/cm\u00b3. Por exemplo, a densidade da barra de a\u00e7o inoxid\u00e1vel 304, comumente usada, \u00e9 de cerca de 7,93 g\/cm\u00b3, enquanto a densidade da barra de a\u00e7o inoxid\u00e1vel 316 \u00e9 de cerca de 7,98 g\/cm\u00b3, um pouco maior do que a do a\u00e7o carbono comum.<\/p>\n<h4>Ponto de fus\u00e3o:<\/h4>\n<p>O ponto de fus\u00e3o \u00e9 relativamente alto, geralmente em torno de 1398-1454\u00b0C. Por exemplo, o ponto de fus\u00e3o do a\u00e7o inoxid\u00e1vel 304 \u00e9 de cerca de 1400-1450\u00b0C, o que lhe confere boa estabilidade em ambientes de alta temperatura.<\/p>\n<h4>Coeficiente de expans\u00e3o t\u00e9rmica:<\/h4>\n<p>O coeficiente de expans\u00e3o t\u00e9rmica \u00e9 relativamente pequeno. Na faixa de temperatura ambiente at\u00e9 100\u00b0C, o coeficiente de expans\u00e3o t\u00e9rmica do a\u00e7o inoxid\u00e1vel 304 \u00e9 de cerca de 17,2\u00d710\u207b\u2076\/\u00b0C. Essa caracter\u00edstica permite que ele mantenha boa estabilidade dimensional em ambientes com grandes varia\u00e7\u00f5es de temperatura.<\/p>\n<h4>Condutividade t\u00e9rmica:<\/h4>\n<p>A condutividade t\u00e9rmica \u00e9 baixa, e seu coeficiente de condutividade t\u00e9rmica \u00e9 de cerca de 16 \u2013 27 W\/(m\u00b2\u00b7K), que \u00e9 muito menor que o do cobre, alum\u00ednio e outros metais, portanto, tem certo desempenho de isolamento t\u00e9rmico.<\/p>\n<h4>Condutividade el\u00e9trica:<\/h4>\n<p>Possui certa condutividade el\u00e9trica, mas \u00e9 relativamente baixa. A condutividade do a\u00e7o inoxid\u00e1vel 304 \u00e9 de cerca de 1,4\u00d710\u2076 S\/m, o que representa apenas cerca de 4% da condutividade do cobre.<\/p>\n<h2 style=\"text-align: left;\"><img decoding=\"async\" class=\"alignnone size-full wp-image-246\" src=\"https:\/\/baolongtaisteel.com\/wp-content\/uploads\/2025\/04\/\u68d21.jpg\" alt=\"\" width=\"1920\" height=\"1200\" srcset=\"https:\/\/baolongtaisteel.com\/wp-content\/uploads\/2025\/04\/\u68d21.jpg 1920w, https:\/\/baolongtaisteel.com\/wp-content\/uploads\/2025\/04\/\u68d21-600x375.jpg 600w, https:\/\/baolongtaisteel.com\/wp-content\/uploads\/2025\/04\/\u68d21-300x188.jpg 300w, https:\/\/baolongtaisteel.com\/wp-content\/uploads\/2025\/04\/\u68d21-1024x640.jpg 1024w, https:\/\/baolongtaisteel.com\/wp-content\/uploads\/2025\/04\/\u68d21-768x480.jpg 768w, https:\/\/baolongtaisteel.com\/wp-content\/uploads\/2025\/04\/\u68d21-1536x960.jpg 1536w\" sizes=\"(max-width: 1920px) 100vw, 1920px\" \/><\/h2>\n<h3>Propriedades qu\u00edmicas<\/h3>\n<h4>Resist\u00eancia \u00e0 corros\u00e3o:<\/h4>\n<p>Esta \u00e9 uma das propriedades qu\u00edmicas mais importantes das barras de a\u00e7o inoxid\u00e1vel. Como uma densa pel\u00edcula de passiva\u00e7\u00e3o pode se formar em sua superf\u00edcie, essa pel\u00edcula pode impedir que oxig\u00eanio, \u00e1gua, etc., entrem em contato com a matriz met\u00e1lica, prevenindo assim a corros\u00e3o de forma eficaz. Por exemplo, o a\u00e7o inoxid\u00e1vel 304 apresenta boa resist\u00eancia \u00e0 corros\u00e3o em ambientes como atmosfera, \u00e1gua e \u00e1cidos e \u00e1lcalis fracos; o a\u00e7o inoxid\u00e1vel 316 cont\u00e9m molibd\u00eanio, que \u00e9 mais resistente \u00e0 corros\u00e3o por \u00edons cloreto e \u00e9 frequentemente utilizado em ambientes marinhos ou em ambientes qu\u00edmicos expostos a \u00edons cloreto.<\/p>\n<h4>Antioxida\u00e7\u00e3o:<\/h4>\n<p>As barras de a\u00e7o inoxid\u00e1vel apresentam boa resist\u00eancia \u00e0 oxida\u00e7\u00e3o tanto em temperatura ambiente quanto em temperaturas mais altas. Por exemplo, as barras de a\u00e7o inoxid\u00e1vel 310S podem suportar altas temperaturas em ambientes com altas temperaturas sem serem facilmente oxidadas, podendo ser utilizadas em tubos de fornos de alta temperatura e em outras ocasi\u00f5es.<\/p>\n<h4>Estabilidade qu\u00edmica:<\/h4>\n<p>Em meios qu\u00edmicos gerais, as barras de a\u00e7o inoxid\u00e1vel apresentam alta estabilidade qu\u00edmica e n\u00e3o reagem quimicamente com produtos qu\u00edmicos comuns. No entanto, em alguns meios corrosivos espec\u00edficos, como \u00e1cido n\u00edtrico concentrado, \u00e1cido fluor\u00eddrico, etc., a resist\u00eancia \u00e0 corros\u00e3o das barras de a\u00e7o inoxid\u00e1vel pode ser afetada.<\/p>\n<h4>Passiva\u00e7\u00e3o:<\/h4>\n<p>Ap\u00f3s a exposi\u00e7\u00e3o da barra de a\u00e7o inoxid\u00e1vel ao ar ou ap\u00f3s o tratamento de passiva\u00e7\u00e3o, uma pel\u00edcula de passiva\u00e7\u00e3o se formar\u00e1 na superf\u00edcie. Essa pel\u00edcula de passiva\u00e7\u00e3o pode melhorar a resist\u00eancia \u00e0 corros\u00e3o e \u00e0 oxida\u00e7\u00e3o do a\u00e7o inoxid\u00e1vel. O tratamento de passiva\u00e7\u00e3o geralmente envolve a imers\u00e3o da barra de a\u00e7o inoxid\u00e1vel em uma solu\u00e7\u00e3o contendo um oxidante, como \u00e1cido n\u00edtrico, dicromato de pot\u00e1ssio, etc., para promover a forma\u00e7\u00e3o e o reparo da pel\u00edcula de passiva\u00e7\u00e3o.<\/p>\n<h2 style=\"text-align: left;\"><img decoding=\"async\" class=\"alignnone size-full wp-image-248\" src=\"https:\/\/baolongtaisteel.com\/wp-content\/uploads\/2025\/04\/\u68d23.jpg\" alt=\"\" width=\"1920\" height=\"1200\" srcset=\"https:\/\/baolongtaisteel.com\/wp-content\/uploads\/2025\/04\/\u68d23.jpg 1920w, https:\/\/baolongtaisteel.com\/wp-content\/uploads\/2025\/04\/\u68d23-600x375.jpg 600w, https:\/\/baolongtaisteel.com\/wp-content\/uploads\/2025\/04\/\u68d23-300x188.jpg 300w, https:\/\/baolongtaisteel.com\/wp-content\/uploads\/2025\/04\/\u68d23-1024x640.jpg 1024w, https:\/\/baolongtaisteel.com\/wp-content\/uploads\/2025\/04\/\u68d23-768x480.jpg 768w, https:\/\/baolongtaisteel.com\/wp-content\/uploads\/2025\/04\/\u68d23-1536x960.jpg 1536w\" sizes=\"(max-width: 1920px) 100vw, 1920px\" \/><\/h2>\n<h2>Aplicativo:<\/h2>\n<p>Barras de a\u00e7o inoxid\u00e1vel s\u00e3o amplamente utilizadas em diversos setores devido \u00e0 sua excelente resist\u00eancia \u00e0 corros\u00e3o, alta resist\u00eancia e bom desempenho de processamento. Na \u00e1rea de dispositivos m\u00e9dicos, s\u00e3o utilizadas na fabrica\u00e7\u00e3o de bisturis, implantes, etc., e sua esterilidade e biocompatibilidade garantem a seguran\u00e7a; na ind\u00fastria de decora\u00e7\u00e3o de edif\u00edcios, s\u00e3o frequentemente utilizadas na cria\u00e7\u00e3o de corrim\u00e3os, corrim\u00e3os e esculturas art\u00edsticas, que s\u00e3o belos e dur\u00e1veis. Na fabrica\u00e7\u00e3o mec\u00e2nica, podem ser processadas em componentes-chave, como eixos e engrenagens, para garantir a opera\u00e7\u00e3o est\u00e1vel dos equipamentos. Na ind\u00fastria de processamento de alimentos, m\u00e1quinas e recipientes para alimentos s\u00e3o fabricados de acordo com os padr\u00f5es de higiene. Al\u00e9m disso, nas \u00e1reas de equipamentos qu\u00edmicos, aparelhos eletr\u00f4nicos, etc., as barras de a\u00e7o inoxid\u00e1vel tamb\u00e9m s\u00e3o indispens\u00e1veis. S\u00e3o utilizadas na fabrica\u00e7\u00e3o de reatores, v\u00e1lvulas, inv\u00f3lucros de equipamentos eletr\u00f4nicos, etc., e podem se adaptar a ambientes de trabalho complexos.<\/p>","protected":false},"excerpt":{"rendered":"<h4 class=\"elementor-heading-title elementor-size-default\" style=\"text-align: center; padding-bottom: 30px;\">Barra de a\u00e7o inoxid\u00e1vel<\/h4>\n<div>Barras de a\u00e7o inoxid\u00e1vel s\u00e3o a\u00e7os compostos principalmente por elementos de liga, como cromo e n\u00edquel. S\u00e3o fabricados por meio de processos como lamina\u00e7\u00e3o a quente e trefila\u00e7\u00e3o a frio. Os graus mais comuns incluem 304, 316, etc. Apresentam alta resist\u00eancia, resist\u00eancia \u00e0 corros\u00e3o e \u00e0 oxida\u00e7\u00e3o, e podem se adaptar a ambientes complexos. Ap\u00f3s o processamento, podem apresentar diversos efeitos superficiais. \u00c9 amplamente utilizado em \u00e1reas como tratamento m\u00e9dico, arquitetura e m\u00e1quinas. \u00c9 um material importante e indispens\u00e1vel \u00e0 ind\u00fastria e \u00e0 vida modernas.<\/div>\n<div>\n<hr class=\"dongte456custom-line\" \/>\n<\/div>\n<div style=\"padding-bottom: 5px;\">Categoria: Barra de a\u00e7o inoxid\u00e1vel<\/div>\n<div>Palavra-chave: Barra de a\u00e7o inoxid\u00e1vel<\/div>\n<div>\n<hr \/>\n<\/div>\n<p><img loading=\"lazy\" decoding=\"async\" class=\"alignnone wp-image-257\" src=\"https:\/\/baolongtaisteel.com\/wp-content\/uploads\/2025\/04\/\u7535\u8bdd\u56fe\u6807.jpg\" alt=\"\" width=\"48\" height=\"50\" \/>\u00a0 Whatsapp:<a href=\"https:\/\/api.whatsapp.com\/send?phone=8613963585512\" target=\"_blank\" rel=\"noopener\">\u00a0+8613963585512 <\/a><\/p>\n<div>\n<hr \/>\n<\/div>\n<p><img loading=\"lazy\" decoding=\"async\" class=\"alignnone wp-image-258\" src=\"https:\/\/baolongtaisteel.com\/wp-content\/uploads\/2025\/04\/\u90ae\u7bb1\u56fe\u6807.jpg\" alt=\"\" width=\"48\" height=\"55\" \/>\u00a0\u00a0E-mail : <a href=\"rachel@sdxhjmetal.com\" target=\"_blank\" rel=\"noopener\">\u00a0rachel@sdxhjmetal.com<\/a><\/p>\n<div>\n<hr \/>\n<\/div>\n<h3><\/h3>\n<div class=\"productaddbutton-container\">\n<div class=\"productaddbutton-wrapper\"><a class=\"productaddbutton\" href=\"https:\/\/baolongtaisteel.com\/index.php\/product\/\">Lista de produtos<\/a><\/div>\n<div class=\"productaddbutton-wrapper\"><a class=\"productaddbutton\" href=\"#formSectiondongte\">Contate-nos<\/a><\/div>\n<\/div>\n<div><\/div>","protected":false},"featured_media":250,"comment_status":"open","ping_status":"closed","template":"","meta":[],"product_brand":[],"product_cat":[16],"product_tag":[],"class_list":{"0":"post-77","1":"product","2":"type-product","3":"status-publish","4":"has-post-thumbnail","6":"product_cat-stainless-steel","8":"first","9":"instock","10":"shipping-taxable","11":"product-type-simple"},"_links":{"self":[{"href":"https:\/\/baolongtaisteel.com\/pt\/wp-json\/wp\/v2\/product\/77","targetHints":{"allow":["GET"]}}],"collection":[{"href":"https:\/\/baolongtaisteel.com\/pt\/wp-json\/wp\/v2\/product"}],"about":[{"href":"https:\/\/baolongtaisteel.com\/pt\/wp-json\/wp\/v2\/types\/product"}],"replies":[{"embeddable":true,"href":"https:\/\/baolongtaisteel.com\/pt\/wp-json\/wp\/v2\/comments?post=77"}],"wp:featuredmedia":[{"embeddable":true,"href":"https:\/\/baolongtaisteel.com\/pt\/wp-json\/wp\/v2\/media\/250"}],"wp:attachment":[{"href":"https:\/\/baolongtaisteel.com\/pt\/wp-json\/wp\/v2\/media?parent=77"}],"wp:term":[{"taxonomy":"product_brand","embeddable":true,"href":"https:\/\/baolongtaisteel.com\/pt\/wp-json\/wp\/v2\/product_brand?post=77"},{"taxonomy":"product_cat","embeddable":true,"href":"https:\/\/baolongtaisteel.com\/pt\/wp-json\/wp\/v2\/product_cat?post=77"},{"taxonomy":"product_tag","embeddable":true,"href":"https:\/\/baolongtaisteel.com\/pt\/wp-json\/wp\/v2\/product_tag?post=77"}],"curies":[{"name":"wp","href":"https:\/\/api.w.org\/{rel}","templated":true}]}}