{"id":81,"date":"2025-04-27T14:07:35","date_gmt":"2025-04-27T06:07:35","guid":{"rendered":"https:\/\/baolongtaisteel.com\/?post_type=product&#038;p=81"},"modified":"2025-04-27T14:19:30","modified_gmt":"2025-04-27T06:19:30","slug":"tela-de-arame-de-aco-inoxidavel","status":"publish","type":"product","link":"https:\/\/baolongtaisteel.com\/pt\/product\/tela-de-arame-de-aco-inoxidavel\/","title":{"rendered":"Tela de arame de a\u00e7o inoxid\u00e1vel"},"content":{"rendered":"<h2 data-spm-anchor-id=\"a2ty_o01.29997173.0.i37.1a70c921wtUcQY\">Propriedades f\u00edsicas e qu\u00edmicas:<\/h2>\n<table class=\"tg\" style=\"border-collapse: collapse; border-spacing: 0;\">\n<thead>\n<tr>\n<th style=\"background-color: #9b9b9b; color: #ffffff; font-family: Arial, sans-serif; font-size: 14px; font-weight: bold; overflow: hidden; padding: 10px 5px; text-align: center; vertical-align: middle; word-break: normal; border: 1px solid #000000;\"><span style=\"font-weight: 600;\">Item<\/span><\/th>\n<th style=\"background-color: #9b9b9b; color: #ffffff; font-family: Arial, sans-serif; font-size: 14px; font-weight: bold; overflow: hidden; padding: 10px 5px; text-align: left; vertical-align: middle; word-break: normal; border: 1px solid #000000;\"><span style=\"font-weight: 600;\">Detalhes<\/span><\/th>\n<\/tr>\n<\/thead>\n<tbody>\n<tr>\n<td style=\"background-color: #fff; font-family: Arial, sans-serif; font-size: 14px; overflow: hidden; padding: 10px 5px; text-align: center; vertical-align: middle; word-break: normal; border: 1px solid #000000;\"><span style=\"font-weight: 400; color: var(--md-box-samantha-normal-text-color);\">Modelo N\u00ba.<\/span><\/td>\n<td style=\"background-color: #fff; font-family: Arial, sans-serif; font-size: 14px; overflow: hidden; padding: 10px 5px; text-align: left; vertical-align: middle; word-break: normal; border: 1px solid #000000;\"><span style=\"font-weight: 400; color: var(--md-box-samantha-normal-text-color);\">SS304, SS316<\/span><\/td>\n<\/tr>\n<tr>\n<td style=\"background-color: #efefef; font-family: Arial, sans-serif; font-size: 14px; overflow: hidden; padding: 10px 5px; text-align: center; vertical-align: middle; word-break: normal; border: 1px solid #000000;\"><span style=\"font-weight: 400; color: var(--md-box-samantha-normal-text-color);\">Aplicativo<\/span><\/td>\n<td style=\"background-color: #efefef; font-family: Arial, sans-serif; font-size: 14px; overflow: hidden; padding: 10px 5px; text-align: left; vertical-align: middle; word-break: normal; border: 1px solid #000000;\"><span style=\"font-weight: 400; color: var(--md-box-samantha-normal-text-color);\">Filtro, Tela de arame para constru\u00e7\u00e3o, Tela de prote\u00e7\u00e3o, Tela decorativa, Tela de arame para churrasco, Cortina de janela<\/span><\/td>\n<\/tr>\n<tr>\n<td style=\"background-color: #fff; font-family: Arial, sans-serif; font-size: 14px; overflow: hidden; padding: 10px 5px; text-align: center; vertical-align: middle; word-break: normal; border: 1px solid #000000;\"><span style=\"font-weight: 400; color: var(--md-box-samantha-normal-text-color);\">Tipo<\/span><\/td>\n<td style=\"background-color: #fff; font-family: Arial, sans-serif; font-size: 14px; overflow: hidden; padding: 10px 5px; text-align: left; vertical-align: middle; word-break: normal; border: 1px solid #000000;\"><span style=\"font-weight: 400; color: var(--md-box-samantha-normal-text-color);\">Tela de arame simples de a\u00e7o inoxid\u00e1vel<\/span><\/td>\n<\/tr>\n<tr>\n<td style=\"background-color: #efefef; font-family: Arial, sans-serif; font-size: 14px; overflow: hidden; padding: 10px 5px; text-align: center; vertical-align: middle; word-break: normal; border: 1px solid #000000;\"><span style=\"font-weight: 400; color: var(--md-box-samantha-normal-text-color);\">Tipo de material<\/span><\/td>\n<td style=\"background-color: #efefef; font-family: Arial, sans-serif; font-size: 14px; overflow: hidden; padding: 10px 5px; text-align: left; vertical-align: middle; word-break: normal; border: 1px solid #000000;\"><span style=\"font-weight: 400; color: var(--md-box-samantha-normal-text-color);\">Fio de a\u00e7o inoxid\u00e1vel<\/span><\/td>\n<\/tr>\n<tr>\n<td style=\"background-color: #fff; font-family: Arial, sans-serif; font-size: 14px; overflow: hidden; padding: 10px 5px; text-align: center; vertical-align: middle; word-break: normal; border: 1px solid #000000;\"><span style=\"font-weight: 400; color: var(--md-box-samantha-normal-text-color);\">T\u00e9cnica de Tecelagem<\/span><\/td>\n<td style=\"background-color: #fff; font-family: Arial, sans-serif; font-size: 14px; overflow: hidden; padding: 10px 5px; text-align: left; vertical-align: middle; word-break: normal; border: 1px solid #000000;\"><span style=\"font-weight: 400; color: var(--md-box-samantha-normal-text-color);\">Ponto de tafet\u00e1<\/span><\/td>\n<\/tr>\n<tr>\n<td style=\"background-color: #efefef; font-family: Arial, sans-serif; font-size: 14px; overflow: hidden; padding: 10px 5px; text-align: center; vertical-align: middle; word-break: normal; border: 1px solid #000000;\"><span style=\"font-weight: 400; color: var(--md-box-samantha-normal-text-color);\">Largura da malha de arame<\/span><\/td>\n<td style=\"background-color: #efefef; font-family: Arial, sans-serif; font-size: 14px; overflow: hidden; padding: 10px 5px; text-align: left; vertical-align: middle; word-break: normal; border: 1px solid #000000;\"><span style=\"font-weight: 400; color: var(--md-box-samantha-normal-text-color);\">0,5 m, 1 m, 1,2 m, 1,5 m, 2 m<\/span><\/td>\n<\/tr>\n<tr>\n<td style=\"background-color: #fff; font-family: Arial, sans-serif; font-size: 14px; overflow: hidden; padding: 10px 5px; text-align: center; vertical-align: middle; word-break: normal; border: 1px solid #000000;\"><span style=\"font-weight: 400; color: var(--md-box-samantha-normal-text-color);\">T\u00e9cnica<\/span><\/td>\n<td style=\"background-color: #fff; font-family: Arial, sans-serif; font-size: 14px; overflow: hidden; padding: 10px 5px; text-align: left; vertical-align: middle; word-break: normal; border: 1px solid #000000;\"><span style=\"font-weight: 400; color: var(--md-box-samantha-normal-text-color);\">Tecido<\/span><\/td>\n<\/tr>\n<tr>\n<td style=\"background-color: #efefef; font-family: Arial, sans-serif; font-size: 14px; overflow: hidden; padding: 10px 5px; text-align: center; vertical-align: middle; word-break: normal; border: 1px solid #000000;\"><span style=\"font-weight: 400; color: var(--md-box-samantha-normal-text-color);\">Teor de n\u00edquel<\/span><\/td>\n<td style=\"background-color: #efefef; font-family: Arial, sans-serif; font-size: 14px; overflow: hidden; padding: 10px 5px; text-align: left; vertical-align: middle; word-break: normal; border: 1px solid #000000;\"><span style=\"font-weight: 400; color: var(--md-box-samantha-normal-text-color);\">8%<\/span><\/td>\n<\/tr>\n<tr>\n<td style=\"background-color: #fff; font-family: Arial, sans-serif; font-size: 14px; overflow: hidden; padding: 10px 5px; text-align: center; vertical-align: middle; word-break: normal; border: 1px solid #000000;\"><span style=\"font-weight: 400; color: var(--md-box-samantha-normal-text-color);\">Certifica\u00e7\u00e3o<\/span><\/td>\n<td style=\"background-color: #fff; font-family: Arial, sans-serif; font-size: 14px; overflow: hidden; padding: 10px 5px; text-align: left; vertical-align: middle; word-break: normal; border: 1px solid #000000;\"><span style=\"font-weight: 400; color: var(--md-box-samantha-normal-text-color);\">ISO9001<\/span><\/td>\n<\/tr>\n<tr>\n<td style=\"background-color: #efefef; font-family: Arial, sans-serif; font-size: 14px; overflow: hidden; padding: 10px 5px; text-align: center; vertical-align: middle; word-break: normal; border: 1px solid #000000;\"><span style=\"font-weight: 400; color: var(--md-box-samantha-normal-text-color);\">Pacote de transporte<\/span><\/td>\n<td style=\"background-color: #efefef; font-family: Arial, sans-serif; font-size: 14px; overflow: hidden; padding: 10px 5px; text-align: left; vertical-align: middle; word-break: normal; border: 1px solid #000000;\"><span style=\"font-weight: 400; color: var(--md-box-samantha-normal-text-color);\">Caixa de papel\u00e3o ou caixa de madeira<\/span><\/td>\n<\/tr>\n<tr>\n<td style=\"background-color: #fff; font-family: Arial, sans-serif; font-size: 14px; overflow: hidden; padding: 10px 5px; text-align: center; vertical-align: middle; word-break: normal; border: 1px solid #000000;\"><span style=\"font-weight: 400; color: var(--md-box-samantha-normal-text-color);\">Especifica\u00e7\u00e3o<\/span><\/td>\n<td style=\"background-color: #fff; font-family: Arial, sans-serif; font-size: 14px; overflow: hidden; padding: 10px 5px; text-align: left; vertical-align: middle; word-break: normal; border: 1px solid #000000;\"><span style=\"font-weight: 400; color: var(--md-box-samantha-normal-text-color);\">2 malhas, 4 malhas, 8 malhas, 50 malhas, 100 malhas, 325 malhas<\/span><\/td>\n<\/tr>\n<tr>\n<td style=\"background-color: #efefef; font-family: Arial, sans-serif; font-size: 14px; overflow: hidden; padding: 10px 5px; text-align: center; vertical-align: middle; word-break: normal; border: 1px solid #000000;\"><span style=\"font-weight: 400; color: var(--md-box-samantha-normal-text-color);\">Lugar de origem<\/span><\/td>\n<td style=\"background-color: #efefef; font-family: Arial, sans-serif; font-size: 14px; overflow: hidden; padding: 10px 5px; text-align: left; vertical-align: middle; word-break: normal; border: 1px solid #000000;\"><span style=\"font-weight: 400; color: var(--md-box-samantha-normal-text-color);\">China<\/span><\/td>\n<\/tr>\n<tr>\n<td style=\"background-color: #fff; font-family: Arial, sans-serif; font-size: 14px; overflow: hidden; padding: 10px 5px; text-align: center; vertical-align: middle; word-break: normal; border: 1px solid #000000;\"><span style=\"font-weight: 400; color: var(--md-box-samantha-normal-text-color);\">Capacidade de produ\u00e7\u00e3o<\/span><\/td>\n<td style=\"background-color: #fff; font-family: Arial, sans-serif; font-size: 14px; overflow: hidden; padding: 10px 5px; text-align: left; vertical-align: middle; word-break: normal; border: 1px solid #000000;\"><span style=\"font-weight: 400; color: var(--md-box-samantha-normal-text-color);\">5000 metros quadrados por ano<\/span><\/td>\n<\/tr>\n<tr>\n<td style=\"background-color: #efefef; font-family: Arial, sans-serif; font-size: 14px; overflow: hidden; padding: 10px 5px; text-align: center; vertical-align: middle; word-break: normal; border: 1px solid #000000;\"><span style=\"font-weight: 400; color: var(--md-box-samantha-normal-text-color);\">Embalagem e entrega<\/span><\/td>\n<td style=\"background-color: #efefef; font-family: Arial, sans-serif; font-size: 14px; overflow: hidden; padding: 10px 5px; text-align: left; vertical-align: middle; word-break: normal; border: 1px solid #000000;\"><span style=\"font-weight: 400; color: var(--md-box-samantha-normal-text-color);\">Tamanho da embalagem: 10,00 cm * 10,00 cm * 10,00 cm<\/span><br \/>\n<span style=\"font-weight: 400; color: var(--md-box-samantha-normal-text-color);\">Peso bruto da embalagem: 1.000 kg<\/span><\/td>\n<\/tr>\n<\/tbody>\n<\/table>\n<h2><\/h2>\n<h2><img fetchpriority=\"high\" decoding=\"async\" class=\"alignnone size-full wp-image-278\" src=\"https:\/\/baolongtaisteel.com\/wp-content\/uploads\/2025\/04\/\u7f513_\u55e8\u683c\u5f0f\u538b\u7f29\u526f\u672c_\u7ed3\u679c.webp\" alt=\"\" width=\"1920\" height=\"1200\" srcset=\"https:\/\/baolongtaisteel.com\/wp-content\/uploads\/2025\/04\/\u7f513_\u55e8\u683c\u5f0f\u538b\u7f29\u526f\u672c_\u7ed3\u679c.webp 1920w, https:\/\/baolongtaisteel.com\/wp-content\/uploads\/2025\/04\/\u7f513_\u55e8\u683c\u5f0f\u538b\u7f29\u526f\u672c_\u7ed3\u679c-600x375.webp 600w, https:\/\/baolongtaisteel.com\/wp-content\/uploads\/2025\/04\/\u7f513_\u55e8\u683c\u5f0f\u538b\u7f29\u526f\u672c_\u7ed3\u679c-300x188.webp 300w, https:\/\/baolongtaisteel.com\/wp-content\/uploads\/2025\/04\/\u7f513_\u55e8\u683c\u5f0f\u538b\u7f29\u526f\u672c_\u7ed3\u679c-1024x640.webp 1024w, https:\/\/baolongtaisteel.com\/wp-content\/uploads\/2025\/04\/\u7f513_\u55e8\u683c\u5f0f\u538b\u7f29\u526f\u672c_\u7ed3\u679c-768x480.webp 768w, https:\/\/baolongtaisteel.com\/wp-content\/uploads\/2025\/04\/\u7f513_\u55e8\u683c\u5f0f\u538b\u7f29\u526f\u672c_\u7ed3\u679c-1536x960.webp 1536w\" sizes=\"(max-width: 1920px) 100vw, 1920px\" \/><\/h2>\n<h2>Propriedades f\u00edsicas<\/h2>\n<h4 data-spm-anchor-id=\"a2ty_o01.29997173.0.i37.1a70c921wtUcQY\">Apar\u00eancia:<\/h4>\n<p>Geralmente apresenta uma cor met\u00e1lica branco-prateada, com superf\u00edcie lisa e alto brilho. Diferentes efeitos de superf\u00edcie podem ser obtidos por meio de diferentes m\u00e9todos de tecelagem ou processos de tratamento de superf\u00edcie, como tecelagem simples, tecelagem em sarja, polimento espelhado, etc.<\/p>\n<h4>Densidade:<\/h4>\n<p>A densidade geralmente varia entre 7,93 e 8,00 g\/cm\u00b3. Por exemplo, a densidade da tela de a\u00e7o inoxid\u00e1vel feita de a\u00e7o inoxid\u00e1vel 304, comumente usado, \u00e9 de cerca de 7,93 g\/cm\u00b3, enquanto a densidade da tela de a\u00e7o inoxid\u00e1vel feita de a\u00e7o inoxid\u00e1vel 316 \u00e9 de cerca de 7,98 g\/cm\u00b3, um pouco maior do que a do a\u00e7o carbono comum.<\/p>\n<h4>Ponto de fus\u00e3o:<\/h4>\n<p>O ponto de fus\u00e3o \u00e9 relativamente alto, geralmente em torno de 1398-1454\u00b0C. Por exemplo, o ponto de fus\u00e3o da tela de a\u00e7o inoxid\u00e1vel 304 \u00e9 de cerca de 1400-1450\u00b0C, o que lhe confere boa estabilidade em ambientes de alta temperatura.<\/p>\n<h4>Coeficiente de expans\u00e3o t\u00e9rmica:<\/h4>\n<p>O coeficiente de expans\u00e3o t\u00e9rmica \u00e9 relativamente pequeno. Na faixa de temperatura ambiente at\u00e9 100\u00b0C, o coeficiente de expans\u00e3o t\u00e9rmica da tela de a\u00e7o inoxid\u00e1vel 304 \u00e9 de cerca de 17,2\u00d710\u207b\u2076\/\u00b0C. Essa caracter\u00edstica permite que ela mantenha boa estabilidade dimensional em ambientes com grandes varia\u00e7\u00f5es de temperatura.<\/p>\n<h4>Condutividade t\u00e9rmica:<\/h4>\n<p>A condutividade t\u00e9rmica \u00e9 baixa, e seu coeficiente de condutividade t\u00e9rmica \u00e9 de cerca de 16 \u2013 27 W\/(m\u00b2\u00b7K), que \u00e9 muito menor que o do cobre, alum\u00ednio e outros metais, portanto, tem certo desempenho de isolamento t\u00e9rmico.<\/p>\n<h4>Condutividade el\u00e9trica:<\/h4>\n<p>Possui certa condutividade el\u00e9trica, mas \u00e9 relativamente baixa. A condutividade da tela de a\u00e7o inoxid\u00e1vel 304 \u00e9 de cerca de 1,4 \u00d7 10\u2076 S\/m, o que representa apenas cerca de 4% da condutividade do cobre.<\/p>\n<h2><\/h2>\n<h3>Propriedades qu\u00edmicas<\/h3>\n<h4>Resist\u00eancia \u00e0 corros\u00e3o:<\/h4>\n<p>Esta \u00e9 uma das propriedades qu\u00edmicas mais importantes da tela met\u00e1lica de a\u00e7o inoxid\u00e1vel. Como uma densa pel\u00edcula de passiva\u00e7\u00e3o pode se formar em sua superf\u00edcie, essa pel\u00edcula impede o contato de oxig\u00eanio, \u00e1gua, etc., com a matriz met\u00e1lica, prevenindo eficazmente a corros\u00e3o. Por exemplo, a tela met\u00e1lica de a\u00e7o inoxid\u00e1vel 304 apresenta boa resist\u00eancia \u00e0 corros\u00e3o em ambientes como atmosfera, \u00e1gua, \u00e1cidos e \u00e1lcalis fracos; a tela met\u00e1lica de a\u00e7o inoxid\u00e1vel 316 cont\u00e9m molibd\u00eanio, que \u00e9 mais resistente \u00e0 corros\u00e3o por \u00edons cloreto e \u00e9 frequentemente utilizada em ambientes marinhos ou em ambientes qu\u00edmicos expostos a \u00edons cloreto.<\/p>\n<h4>Antioxida\u00e7\u00e3o:<\/h4>\n<p>A tela de a\u00e7o inoxid\u00e1vel apresenta boa resist\u00eancia \u00e0 oxida\u00e7\u00e3o tanto em temperatura ambiente quanto em temperaturas mais altas. Por exemplo, a tela de a\u00e7o inoxid\u00e1vel 310S pode suportar altas temperaturas em ambientes de alta temperatura sem ser facilmente oxidada, podendo ser usada em sistemas de filtragem de alta temperatura e em outras ocasi\u00f5es.<\/p>\n<h4>Estabilidade qu\u00edmica:<\/h4>\n<p>Em meios qu\u00edmicos gerais, a tela de a\u00e7o inoxid\u00e1vel apresenta alta estabilidade qu\u00edmica e n\u00e3o reage quimicamente com produtos qu\u00edmicos comuns. No entanto, em alguns meios corrosivos espec\u00edficos, como \u00e1cido n\u00edtrico concentrado, \u00e1cido fluor\u00eddrico, etc., a resist\u00eancia \u00e0 corros\u00e3o da tela de a\u00e7o inoxid\u00e1vel pode ser afetada.<\/p>\n<h4>Passiva\u00e7\u00e3o:<\/h4>\n<p>Ap\u00f3s a tela de a\u00e7o inoxid\u00e1vel ser exposta ao ar ou submetida a um tratamento de passiva\u00e7\u00e3o, uma pel\u00edcula de passiva\u00e7\u00e3o se formar\u00e1 na superf\u00edcie. Essa pel\u00edcula de passiva\u00e7\u00e3o pode melhorar a resist\u00eancia \u00e0 corros\u00e3o e \u00e0 oxida\u00e7\u00e3o do a\u00e7o inoxid\u00e1vel. O tratamento de passiva\u00e7\u00e3o geralmente envolve a imers\u00e3o da tela de a\u00e7o inoxid\u00e1vel em uma solu\u00e7\u00e3o contendo um oxidante, como \u00e1cido n\u00edtrico, dicromato de pot\u00e1ssio, etc., para promover a forma\u00e7\u00e3o e o reparo da pel\u00edcula de passiva\u00e7\u00e3o.<\/p>\n<h2><img decoding=\"async\" class=\"alignnone size-full wp-image-280\" src=\"https:\/\/baolongtaisteel.com\/wp-content\/uploads\/2025\/04\/\u7f512_\u55e8\u683c\u5f0f\u538b\u7f29\u526f\u672c_\u7ed3\u679c.webp\" alt=\"\" width=\"1920\" height=\"1200\" srcset=\"https:\/\/baolongtaisteel.com\/wp-content\/uploads\/2025\/04\/\u7f512_\u55e8\u683c\u5f0f\u538b\u7f29\u526f\u672c_\u7ed3\u679c.webp 1920w, https:\/\/baolongtaisteel.com\/wp-content\/uploads\/2025\/04\/\u7f512_\u55e8\u683c\u5f0f\u538b\u7f29\u526f\u672c_\u7ed3\u679c-600x375.webp 600w, https:\/\/baolongtaisteel.com\/wp-content\/uploads\/2025\/04\/\u7f512_\u55e8\u683c\u5f0f\u538b\u7f29\u526f\u672c_\u7ed3\u679c-300x188.webp 300w, https:\/\/baolongtaisteel.com\/wp-content\/uploads\/2025\/04\/\u7f512_\u55e8\u683c\u5f0f\u538b\u7f29\u526f\u672c_\u7ed3\u679c-1024x640.webp 1024w, https:\/\/baolongtaisteel.com\/wp-content\/uploads\/2025\/04\/\u7f512_\u55e8\u683c\u5f0f\u538b\u7f29\u526f\u672c_\u7ed3\u679c-768x480.webp 768w, https:\/\/baolongtaisteel.com\/wp-content\/uploads\/2025\/04\/\u7f512_\u55e8\u683c\u5f0f\u538b\u7f29\u526f\u672c_\u7ed3\u679c-1536x960.webp 1536w\" sizes=\"(max-width: 1920px) 100vw, 1920px\" \/><\/h2>\n<h2><\/h2>\n<h2>Aplicativo:<\/h2>\n<p data-spm-anchor-id=\"a2ty_o01.29997173.0.i36.1a70c921wtUcQY\">A tela de arame de a\u00e7o inoxid\u00e1vel \u00e9 amplamente utilizada em diversos setores devido \u00e0 sua excelente resist\u00eancia \u00e0 corros\u00e3o, alta resist\u00eancia e bom desempenho de processamento. Na \u00e1rea de filtra\u00e7\u00e3o, \u00e9 utilizada na fabrica\u00e7\u00e3o de filtros para l\u00edquidos, gases e s\u00f3lidos, garantindo separa\u00e7\u00e3o eficiente e durabilidade. Na ind\u00fastria de decora\u00e7\u00e3o de edif\u00edcios, \u00e9 frequentemente utilizada em divis\u00f3rias, cercas e pain\u00e9is decorativos art\u00edsticos, combinando beleza com funcionalidade. Na ind\u00fastria mec\u00e2nica, pode ser utilizada como telas de prote\u00e7\u00e3o, correias transportadoras ou componentes estruturais para garantir a opera\u00e7\u00e3o est\u00e1vel dos equipamentos. Na ind\u00fastria de processamento de alimentos, a tela de arame de a\u00e7o inoxid\u00e1vel \u00e9 utilizada na fabrica\u00e7\u00e3o de peneiras, correias transportadoras e estantes de secagem, atendendo a rigorosos padr\u00f5es de higiene. Al\u00e9m disso, nas \u00e1reas de equipamentos qu\u00edmicos, aparelhos eletr\u00f4nicos, etc., a tela de arame de a\u00e7o inoxid\u00e1vel tamb\u00e9m \u00e9 indispens\u00e1vel. \u00c9 utilizada na fabrica\u00e7\u00e3o de reatores, carca\u00e7as de filtros, materiais de blindagem eletromagn\u00e9tica, etc., e pode se adaptar a ambientes de trabalho complexos.<\/p>","protected":false},"excerpt":{"rendered":"<h4 class=\"elementor-heading-title elementor-size-default\" style=\"text-align: center; padding-bottom: 30px;\">Tela de arame de a\u00e7o inoxid\u00e1vel<\/h4>\n<div>A tela met\u00e1lica de a\u00e7o inoxid\u00e1vel \u00e9 tecida ou soldada a partir de fios de a\u00e7o inoxid\u00e1vel e possui caracter\u00edsticas de resist\u00eancia \u00e0 corros\u00e3o, alta temperatura, alta resist\u00eancia e f\u00e1cil processamento. Sua superf\u00edcie \u00e9 lisa, apresentando um brilho met\u00e1lico branco-prateado, e pode alcan\u00e7ar efeitos diversificados por meio de diferentes processos de tecelagem (como trama simples, sarja) ou tratamento de superf\u00edcie. \u00c9 amplamente utilizada nas ind\u00fastrias de filtra\u00e7\u00e3o, prote\u00e7\u00e3o, decora\u00e7\u00e3o arquitet\u00f4nica, processamento de alimentos e qu\u00edmica, atendendo aos requisitos de separa\u00e7\u00e3o eficiente, durabilidade e higiene, adaptando-se a uma variedade de ambientes complexos. \u00c9 um material industrial multifuncional.<\/div>\n<div>\n<hr class=\"dongte456custom-line\" \/>\n<\/div>\n<div style=\"padding-bottom: 5px;\">Categoria: Tela de arame de a\u00e7o inoxid\u00e1vel<\/div>\n<div>Palavra-chave: Tela de arame de a\u00e7o inoxid\u00e1vel<\/div>\n<div>\n<hr \/>\n<\/div>\n<p><img decoding=\"async\" class=\"alignnone wp-image-257\" src=\"https:\/\/baolongtaisteel.com\/wp-content\/uploads\/2025\/04\/\u7535\u8bdd\u56fe\u6807.jpg\" alt=\"\" width=\"48\" height=\"50\" \/>\u00a0 Whatsapp:<a href=\"https:\/\/api.whatsapp.com\/send?phone=8613963585512\" target=\"_blank\" rel=\"noopener\">\u00a0+8613963585512 <\/a><\/p>\n<div>\n<hr \/>\n<\/div>\n<p><img loading=\"lazy\" decoding=\"async\" class=\"alignnone wp-image-258\" src=\"https:\/\/baolongtaisteel.com\/wp-content\/uploads\/2025\/04\/\u90ae\u7bb1\u56fe\u6807.jpg\" alt=\"\" width=\"48\" height=\"55\" \/>\u00a0\u00a0E-mail : <a href=\"rachel@sdxhjmetal.com\" target=\"_blank\" rel=\"noopener\">\u00a0rachel@sdxhjmetal.com<\/a><\/p>\n<div>\n<hr \/>\n<\/div>\n<h3><\/h3>\n<div class=\"productaddbutton-container\">\n<div class=\"productaddbutton-wrapper\"><a class=\"productaddbutton\" href=\"https:\/\/baolongtaisteel.com\/index.php\/product\/\">Lista de produtos<\/a><\/div>\n<div class=\"productaddbutton-wrapper\"><a class=\"productaddbutton\" href=\"#formSectiondongte\">Contate-nos<\/a><\/div>\n<\/div>\n<div><\/div>","protected":false},"featured_media":281,"comment_status":"open","ping_status":"closed","template":"","meta":[],"product_brand":[],"product_cat":[16],"product_tag":[],"class_list":{"0":"post-81","1":"product","2":"type-product","3":"status-publish","4":"has-post-thumbnail","6":"product_cat-stainless-steel","8":"first","9":"instock","10":"shipping-taxable","11":"product-type-simple"},"_links":{"self":[{"href":"https:\/\/baolongtaisteel.com\/pt\/wp-json\/wp\/v2\/product\/81","targetHints":{"allow":["GET"]}}],"collection":[{"href":"https:\/\/baolongtaisteel.com\/pt\/wp-json\/wp\/v2\/product"}],"about":[{"href":"https:\/\/baolongtaisteel.com\/pt\/wp-json\/wp\/v2\/types\/product"}],"replies":[{"embeddable":true,"href":"https:\/\/baolongtaisteel.com\/pt\/wp-json\/wp\/v2\/comments?post=81"}],"wp:featuredmedia":[{"embeddable":true,"href":"https:\/\/baolongtaisteel.com\/pt\/wp-json\/wp\/v2\/media\/281"}],"wp:attachment":[{"href":"https:\/\/baolongtaisteel.com\/pt\/wp-json\/wp\/v2\/media?parent=81"}],"wp:term":[{"taxonomy":"product_brand","embeddable":true,"href":"https:\/\/baolongtaisteel.com\/pt\/wp-json\/wp\/v2\/product_brand?post=81"},{"taxonomy":"product_cat","embeddable":true,"href":"https:\/\/baolongtaisteel.com\/pt\/wp-json\/wp\/v2\/product_cat?post=81"},{"taxonomy":"product_tag","embeddable":true,"href":"https:\/\/baolongtaisteel.com\/pt\/wp-json\/wp\/v2\/product_tag?post=81"}],"curies":[{"name":"wp","href":"https:\/\/api.w.org\/{rel}","templated":true}]}}