{"id":94,"date":"2025-04-28T11:28:21","date_gmt":"2025-04-28T03:28:21","guid":{"rendered":"https:\/\/baolongtaisteel.com\/?post_type=product&#038;p=94"},"modified":"2025-04-28T11:59:22","modified_gmt":"2025-04-28T03:59:22","slug":"azulejos-revestidos-de-cor","status":"publish","type":"product","link":"https:\/\/baolongtaisteel.com\/pt\/product\/azulejos-revestidos-de-cor\/","title":{"rendered":"Azulejos com revestimento colorido"},"content":{"rendered":"<h2><strong data-spm-anchor-id=\"a2ty_o01.29997173.0.i130.1a70c921wtUcQY\">\u00a0\u00a0 \u00a0Propriedades f\u00edsicas e qu\u00edmicas:<\/strong><\/h2>\n<table class=\"tg\" style=\"border-collapse: collapse; border-spacing: 0;\">\n<thead>\n<tr>\n<th style=\"background-color: #9b9b9b; color: #ffffff; font-family: Arial, sans-serif; font-size: 14px; font-weight: bold; overflow: hidden; padding: 10px 5px; text-align: center; vertical-align: middle; word-break: normal; border: 1px solid black;\"><span style=\"font-weight: 600;\">Categoria<\/span><\/th>\n<th style=\"background-color: #9b9b9b; color: #ffffff; font-family: Arial, sans-serif; font-size: 14px; font-weight: bold; overflow: hidden; padding: 10px 5px; text-align: left; vertical-align: middle; word-break: normal; border: 1px solid black;\"><span style=\"font-weight: 600;\">Detalhes<\/span><\/th>\n<\/tr>\n<\/thead>\n<tbody>\n<tr>\n<td style=\"background-color: #fff; font-family: Arial, sans-serif; font-size: 14px; overflow: hidden; padding: 10px 5px; text-align: center; vertical-align: middle; word-break: normal; border: 1px solid black;\"><span style=\"font-weight: 400; color: var(--md-box-samantha-normal-text-color);\">Modelo N\u00ba.<\/span><\/td>\n<td style=\"background-color: #fff; font-family: Arial, sans-serif; font-size: 14px; overflow: hidden; padding: 10px 5px; text-align: left; vertical-align: middle; word-break: normal; border: 1px solid black;\"><span style=\"font-weight: 400; color: var(--md-box-samantha-normal-text-color);\">cr27<\/span><\/td>\n<\/tr>\n<tr>\n<td style=\"background-color: #efefef; font-family: Arial, sans-serif; font-size: 14px; overflow: hidden; padding: 10px 5px; text-align: center; vertical-align: middle; word-break: normal; border: 1px solid black;\"><span style=\"font-weight: 400; color: var(--md-box-samantha-normal-text-color);\">T\u00e9cnica<\/span><\/td>\n<td style=\"background-color: #efefef; font-family: Arial, sans-serif; font-size: 14px; overflow: hidden; padding: 10px 5px; text-align: left; vertical-align: middle; word-break: normal; border: 1px solid black;\"><span style=\"font-weight: 400; color: var(--md-box-samantha-normal-text-color);\">Laminado a frio<\/span><\/td>\n<\/tr>\n<tr>\n<td style=\"background-color: #fff; font-family: Arial, sans-serif; font-size: 14px; overflow: hidden; padding: 10px 5px; text-align: center; vertical-align: middle; word-break: normal; border: 1px solid black;\"><span style=\"font-weight: 400; color: var(--md-box-samantha-normal-text-color);\">Aplicativo<\/span><\/td>\n<td style=\"background-color: #fff; font-family: Arial, sans-serif; font-size: 14px; overflow: hidden; padding: 10px 5px; text-align: left; vertical-align: middle; word-break: normal; border: 1px solid black;\"><span style=\"font-weight: 400; color: var(--md-box-samantha-normal-text-color);\">Placa de caldeira<\/span><\/td>\n<\/tr>\n<tr>\n<td style=\"background-color: #efefef; font-family: Arial, sans-serif; font-size: 14px; overflow: hidden; padding: 10px 5px; text-align: center; vertical-align: middle; word-break: normal; border: 1px solid black;\"><span style=\"font-weight: 400; color: var(--md-box-samantha-normal-text-color);\">Borda<\/span><\/td>\n<td style=\"background-color: #efefef; font-family: Arial, sans-serif; font-size: 14px; overflow: hidden; padding: 10px 5px; text-align: left; vertical-align: middle; word-break: normal; border: 1px solid black;\"><span style=\"font-weight: 400; color: var(--md-box-samantha-normal-text-color);\">Moinho<\/span><\/td>\n<\/tr>\n<tr>\n<td style=\"background-color: #fff; font-family: Arial, sans-serif; font-size: 14px; overflow: hidden; padding: 10px 5px; text-align: center; vertical-align: middle; word-break: normal; border: 1px solid black;\"><span style=\"font-weight: 400; color: var(--md-box-samantha-normal-text-color);\">Estoque<\/span><\/td>\n<td style=\"background-color: #ffffff; font-family: Arial, sans-serif; font-size: 14px; overflow: hidden; padding: 10px 5px; text-align: left; vertical-align: middle; word-break: normal; border: 1px solid black;\"><span style=\"font-weight: 400; color: var(--md-box-samantha-normal-text-color);\">Em estoque<\/span><\/td>\n<\/tr>\n<tr>\n<td style=\"background-color: #efefef; font-family: Arial, sans-serif; font-size: 14px; overflow: hidden; padding: 10px 5px; text-align: center; vertical-align: middle; word-break: normal; border: 1px solid black;\"><span style=\"font-weight: 400; color: var(--md-box-samantha-normal-text-color);\">Qualidade<\/span><\/td>\n<td style=\"background-color: #efefef; font-family: Arial, sans-serif; font-size: 14px; overflow: hidden; padding: 10px 5px; text-align: left; vertical-align: middle; word-break: normal; border: 1px solid black;\"><span style=\"font-weight: 400; color: var(--md-box-samantha-normal-text-color);\">Boa qualidade<\/span><\/td>\n<\/tr>\n<tr>\n<td style=\"background-color: #fff; font-family: Arial, sans-serif; font-size: 14px; overflow: hidden; padding: 10px 5px; text-align: center; vertical-align: middle; word-break: normal; border: 1px solid black;\"><span style=\"font-weight: 400; color: var(--md-box-samantha-normal-text-color);\">Vantagem de pre\u00e7o<\/span><\/td>\n<td style=\"background-color: #fff; font-family: Arial, sans-serif; font-size: 14px; overflow: hidden; padding: 10px 5px; text-align: left; vertical-align: middle; word-break: normal; border: 1px solid black;\"><span style=\"font-weight: 400; color: var(--md-box-samantha-normal-text-color);\">Pre\u00e7o competitivo<\/span><\/td>\n<\/tr>\n<tr>\n<td style=\"background-color: #efefef; font-family: Arial, sans-serif; font-size: 14px; overflow: hidden; padding: 10px 5px; text-align: center; vertical-align: middle; word-break: normal; border: 1px solid black;\"><span style=\"font-weight: 400; color: var(--md-box-samantha-normal-text-color);\">Largura<\/span><\/td>\n<td style=\"background-color: #efefef; font-family: Arial, sans-serif; font-size: 14px; overflow: hidden; padding: 10px 5px; text-align: left; vertical-align: middle; word-break: normal; border: 1px solid black;\"><span style=\"font-weight: 400; color: var(--md-box-samantha-normal-text-color);\">600 mm \u2013 1250 mm<\/span><\/td>\n<\/tr>\n<tr>\n<td style=\"background-color: #fff; font-family: Arial, sans-serif; font-size: 14px; overflow: hidden; padding: 10px 5px; text-align: center; vertical-align: middle; word-break: normal; border: 1px solid black;\"><span style=\"font-weight: 400; color: var(--md-box-samantha-normal-text-color);\">Prazo de pagamento<\/span><\/td>\n<td style=\"background-color: #fff; font-family: Arial, sans-serif; font-size: 14px; overflow: hidden; padding: 10px 5px; text-align: left; vertical-align: middle; word-break: normal; border: 1px solid black;\"><span style=\"font-weight: 400; color: var(--md-box-samantha-normal-text-color);\">T\/T; Carta de Cr\u00e9dito; Western Union<\/span><\/td>\n<\/tr>\n<tr>\n<td style=\"background-color: #efefef; font-family: Arial, sans-serif; font-size: 14px; overflow: hidden; padding: 10px 5px; text-align: center; vertical-align: middle; word-break: normal; border: 1px solid black;\"><span style=\"font-weight: 400; color: var(--md-box-samantha-normal-text-color);\">Detalhes da embalagem<\/span><\/td>\n<td style=\"background-color: #efefef; font-family: Arial, sans-serif; font-size: 14px; overflow: hidden; padding: 10px 5px; text-align: left; vertical-align: middle; word-break: normal; border: 1px solid black;\"><span style=\"font-weight: 400; color: var(--md-box-samantha-normal-text-color);\">Como padr\u00e3o do cliente<\/span><\/td>\n<\/tr>\n<tr>\n<td style=\"background-color: #fff; font-family: Arial, sans-serif; font-size: 14px; overflow: hidden; padding: 10px 5px; text-align: center; vertical-align: middle; word-break: normal; border: 1px solid black;\"><span style=\"font-weight: 400; color: var(--md-box-samantha-normal-text-color);\">Prazo de entrega<\/span><\/td>\n<td style=\"background-color: #fff; font-family: Arial, sans-serif; font-size: 14px; overflow: hidden; padding: 10px 5px; text-align: left; vertical-align: middle; word-break: normal; border: 1px solid black;\"><span style=\"font-weight: 400; color: var(--md-box-samantha-normal-text-color);\">M\u00e9dia de 30 dias<\/span><\/td>\n<\/tr>\n<tr>\n<td style=\"background-color: #efefef; font-family: Arial, sans-serif; font-size: 14px; overflow: hidden; padding: 10px 5px; text-align: center; vertical-align: middle; word-break: normal; border: 1px solid black;\"><span style=\"font-weight: 400; color: var(--md-box-samantha-normal-text-color);\">Pacote de transporte<\/span><\/td>\n<td style=\"background-color: #efefef; font-family: Arial, sans-serif; font-size: 14px; overflow: hidden; padding: 10px 5px; text-align: left; vertical-align: middle; word-break: normal; border: 1px solid black;\"><span style=\"font-weight: 400; color: var(--md-box-samantha-normal-text-color);\">Pacote, solto, nu ou conforme solicita\u00e7\u00e3o do cliente<\/span><\/td>\n<\/tr>\n<tr>\n<td style=\"background-color: #fff; font-family: Arial, sans-serif; font-size: 14px; overflow: hidden; padding: 10px 5px; text-align: center; vertical-align: middle; word-break: normal; border: 1px solid black;\"><span style=\"font-weight: 400; color: var(--md-box-samantha-normal-text-color);\">Especifica\u00e7\u00e3o<\/span><\/td>\n<td style=\"background-color: #fff; font-family: Arial, sans-serif; font-size: 14px; overflow: hidden; padding: 10px 5px; text-align: left; vertical-align: middle; word-break: normal; border: 1px solid black;\"><span style=\"font-weight: 400; color: var(--md-box-samantha-normal-text-color);\">Espessura: 0,14 mm \u2013 0,6 mm<\/span><\/td>\n<\/tr>\n<tr>\n<td style=\"background-color: #efefef; font-family: Arial, sans-serif; font-size: 14px; overflow: hidden; padding: 10px 5px; text-align: center; vertical-align: middle; word-break: normal; border: 1px solid black;\"><span style=\"font-weight: 400; color: var(--md-box-samantha-normal-text-color);\">Origem<\/span><\/td>\n<td style=\"background-color: #efefef; font-family: Arial, sans-serif; font-size: 14px; overflow: hidden; padding: 10px 5px; text-align: left; vertical-align: middle; word-break: normal; border: 1px solid black;\"><span style=\"font-weight: 400; color: var(--md-box-samantha-normal-text-color);\">China<\/span><\/td>\n<\/tr>\n<tr>\n<td style=\"background-color: #fff; font-family: Arial, sans-serif; font-size: 14px; overflow: hidden; padding: 10px 5px; text-align: center; vertical-align: middle; word-break: normal; border: 1px solid black;\"><span style=\"font-weight: 400; color: var(--md-box-samantha-normal-text-color);\">Capacidade de produ\u00e7\u00e3o<\/span><\/td>\n<td style=\"background-color: #fff; font-family: Arial, sans-serif; font-size: 14px; overflow: hidden; padding: 10px 5px; text-align: left; vertical-align: middle; word-break: normal; border: 1px solid black;\"><span style=\"font-weight: 400; color: var(--md-box-samantha-normal-text-color);\">5000 toneladas\/m\u00eas<\/span><\/td>\n<\/tr>\n<\/tbody>\n<\/table>\n<h2><strong data-spm-anchor-id=\"a2ty_o01.29997173.0.i130.1a70c921wtUcQY\"><img fetchpriority=\"high\" decoding=\"async\" class=\"alignnone size-full wp-image-423\" src=\"https:\/\/baolongtaisteel.com\/wp-content\/uploads\/2025\/04\/\u74e62_\u55e8\u683c\u5f0f\u538b\u7f29\u526f\u672c_\u7ed3\u679c.webp\" alt=\"\" width=\"1920\" height=\"1200\" srcset=\"https:\/\/baolongtaisteel.com\/wp-content\/uploads\/2025\/04\/\u74e62_\u55e8\u683c\u5f0f\u538b\u7f29\u526f\u672c_\u7ed3\u679c.webp 1920w, https:\/\/baolongtaisteel.com\/wp-content\/uploads\/2025\/04\/\u74e62_\u55e8\u683c\u5f0f\u538b\u7f29\u526f\u672c_\u7ed3\u679c-600x375.webp 600w, https:\/\/baolongtaisteel.com\/wp-content\/uploads\/2025\/04\/\u74e62_\u55e8\u683c\u5f0f\u538b\u7f29\u526f\u672c_\u7ed3\u679c-300x188.webp 300w, https:\/\/baolongtaisteel.com\/wp-content\/uploads\/2025\/04\/\u74e62_\u55e8\u683c\u5f0f\u538b\u7f29\u526f\u672c_\u7ed3\u679c-1024x640.webp 1024w, https:\/\/baolongtaisteel.com\/wp-content\/uploads\/2025\/04\/\u74e62_\u55e8\u683c\u5f0f\u538b\u7f29\u526f\u672c_\u7ed3\u679c-768x480.webp 768w, https:\/\/baolongtaisteel.com\/wp-content\/uploads\/2025\/04\/\u74e62_\u55e8\u683c\u5f0f\u538b\u7f29\u526f\u672c_\u7ed3\u679c-1536x960.webp 1536w\" sizes=\"(max-width: 1920px) 100vw, 1920px\" \/><\/strong><\/h2>\n<h2>Propriedades f\u00edsicas<\/h2>\n<h4><strong>Apar\u00eancia:<\/strong><\/h4>\n<p>Os azulejos com revestimento colorido est\u00e3o dispon\u00edveis em uma ampla gama de cores e padr\u00f5es, com superf\u00edcie lisa ou texturizada, dependendo do revestimento e do processo de fabrica\u00e7\u00e3o. A superf\u00edcie \u00e9 tratada com uma camada protetora que aumenta seu brilho, durabilidade e resist\u00eancia a fatores ambientais. Diferentes acabamentos, como fosco, brilhante ou gofrado, podem ser obtidos por meio de diversas t\u00e9cnicas de produ\u00e7\u00e3o.<\/p>\n<h4><strong>Densidade:<\/strong><\/h4>\n<p>A densidade de azulejos com revestimento colorido varia normalmente de 2,5 a 3,5 g\/cm\u00b3, dependendo do material de base (como a\u00e7o ou alum\u00ednio) e da espessura do revestimento. Por exemplo, azulejos feitos de chapas de a\u00e7o galvanizado com revestimento de poli\u00e9ster t\u00eam uma densidade pr\u00f3xima a 3,0 g\/cm\u00b3, o que os torna leves, por\u00e9m resistentes.<\/p>\n<h4><strong>Ponto de fus\u00e3o:<\/strong><\/h4>\n<p>O ponto de fus\u00e3o do material de base (a\u00e7o ou alum\u00ednio) utilizado em azulejos com revestimento colorido \u00e9 relativamente alto, geralmente entre 600 e 1500 \u00b0C. No entanto, o revestimento em si tem uma toler\u00e2ncia t\u00e9rmica menor, tipicamente de at\u00e9 200 a 300 \u00b0C. Isso torna o produto adequado para temperaturas ambientes normais, mas inadequado para exposi\u00e7\u00e3o ao calor extremo.<\/p>\n<h4><strong>Coeficiente de expans\u00e3o t\u00e9rmica:<\/strong><\/h4>\n<p>O coeficiente de expans\u00e3o t\u00e9rmica \u00e9 moderado, dependendo do metal base. Por exemplo, telhas com revestimento colorido \u00e0 base de a\u00e7o t\u00eam um coeficiente de expans\u00e3o t\u00e9rmica de cerca de 11-12\u00d710\u207b\u2076\/\u00b0C. Isso permite que as telhas mantenham a estabilidade dimensional sob condi\u00e7\u00f5es de temperatura vari\u00e1veis, reduzindo o risco de empenamento ou rachaduras.<\/p>\n<h4><strong>Condutividade t\u00e9rmica:<\/strong><\/h4>\n<p>A condutividade t\u00e9rmica dos azulejos com revestimento colorido \u00e9 relativamente baixa, tipicamente em torno de 0,1-0,5 W\/(m\u00b7K), devido \u00e0s propriedades isolantes da camada de revestimento. Isso os torna eficazes no isolamento t\u00e9rmico de edif\u00edcios.<\/p>\n<h4><strong>Condutividade el\u00e9trica:<\/strong><\/h4>\n<p>A condutividade el\u00e9trica dos azulejos com revestimento colorido \u00e9 muito baixa devido \u00e0 natureza n\u00e3o condutiva do revestimento. Essa propriedade os torna adequados para aplica\u00e7\u00f5es que exigem isolamento el\u00e9trico.<\/p>\n<h2><strong data-spm-anchor-id=\"a2ty_o01.29997173.0.i130.1a70c921wtUcQY\"><img decoding=\"async\" class=\"alignnone size-full wp-image-426\" src=\"https:\/\/baolongtaisteel.com\/wp-content\/uploads\/2025\/04\/c271a15ebea8464a7a55615bfd800fc3_\u55e8\u683c\u5f0f\u538b\u7f29\u526f\u672c_\u7ed3\u679c.webp\" alt=\"\" width=\"1920\" height=\"1200\" srcset=\"https:\/\/baolongtaisteel.com\/wp-content\/uploads\/2025\/04\/c271a15ebea8464a7a55615bfd800fc3_\u55e8\u683c\u5f0f\u538b\u7f29\u526f\u672c_\u7ed3\u679c.webp 1920w, https:\/\/baolongtaisteel.com\/wp-content\/uploads\/2025\/04\/c271a15ebea8464a7a55615bfd800fc3_\u55e8\u683c\u5f0f\u538b\u7f29\u526f\u672c_\u7ed3\u679c-600x375.webp 600w, https:\/\/baolongtaisteel.com\/wp-content\/uploads\/2025\/04\/c271a15ebea8464a7a55615bfd800fc3_\u55e8\u683c\u5f0f\u538b\u7f29\u526f\u672c_\u7ed3\u679c-300x188.webp 300w, https:\/\/baolongtaisteel.com\/wp-content\/uploads\/2025\/04\/c271a15ebea8464a7a55615bfd800fc3_\u55e8\u683c\u5f0f\u538b\u7f29\u526f\u672c_\u7ed3\u679c-1024x640.webp 1024w, https:\/\/baolongtaisteel.com\/wp-content\/uploads\/2025\/04\/c271a15ebea8464a7a55615bfd800fc3_\u55e8\u683c\u5f0f\u538b\u7f29\u526f\u672c_\u7ed3\u679c-768x480.webp 768w, https:\/\/baolongtaisteel.com\/wp-content\/uploads\/2025\/04\/c271a15ebea8464a7a55615bfd800fc3_\u55e8\u683c\u5f0f\u538b\u7f29\u526f\u672c_\u7ed3\u679c-1536x960.webp 1536w\" sizes=\"(max-width: 1920px) 100vw, 1920px\" \/><\/strong><\/h2>\n<h3><strong>Propriedades qu\u00edmicas<\/strong><\/h3>\n<h4><strong>Resist\u00eancia \u00e0 corros\u00e3o:<\/strong><\/h4>\n<p>Azulejos com revestimento colorido apresentam excelente resist\u00eancia \u00e0 corros\u00e3o devido ao revestimento protetor aplicado ao metal base. O revestimento atua como uma barreira contra umidade, oxig\u00eanio e agentes corrosivos, prevenindo ferrugem e degrada\u00e7\u00e3o. Por exemplo, azulejos com revestimento de poli\u00e9ster apresentam bom desempenho em ambientes amenos, enquanto aqueles com revestimento de PVDF s\u00e3o altamente resistentes a intemp\u00e9ries e exposi\u00e7\u00e3o a produtos qu\u00edmicos.<\/p>\n<h4><strong>Antioxida\u00e7\u00e3o:<\/strong><\/h4>\n<p>As propriedades antioxidantes dos azulejos com revestimento colorido s\u00e3o potencializadas pelo revestimento protetor, que previne a oxida\u00e7\u00e3o do metal subjacente. Isso garante durabilidade a longo prazo, mesmo em ambientes externos expostos \u00e0 luz solar, chuva e poluentes.<\/p>\n<h4><strong>Estabilidade qu\u00edmica:<\/strong><\/h4>\n<p>Em geral, azulejos com revestimento colorido s\u00e3o quimicamente est\u00e1veis e resistem a rea\u00e7\u00f5es com produtos qu\u00edmicos comuns, como \u00e1cidos, \u00e1lcalis e solventes. No entanto, a exposi\u00e7\u00e3o prolongada a subst\u00e2ncias altamente corrosivas, como \u00e1cidos ou \u00e1lcalis fortes, pode degradar o revestimento ao longo do tempo.<\/p>\n<h4><strong>Passiva\u00e7\u00e3o:<\/strong><\/h4>\n<p>Embora n\u00e3o sejam aplic\u00e1veis da mesma forma que o a\u00e7o inoxid\u00e1vel, os azulejos com revestimento colorido proporcionam prote\u00e7\u00e3o semelhante por meio do processo de revestimento. O revestimento passa por tratamentos de cura e endurecimento para formar uma camada densa e dur\u00e1vel, resistente a danos ambientais. Aditivos especiais no revestimento aumentam sua resist\u00eancia \u00e0 radia\u00e7\u00e3o UV e ao ataque qu\u00edmico.<\/p>\n<h2><strong data-spm-anchor-id=\"a2ty_o01.29997173.0.i130.1a70c921wtUcQY\"><img decoding=\"async\" class=\"alignnone size-full wp-image-427\" src=\"https:\/\/baolongtaisteel.com\/wp-content\/uploads\/2025\/04\/\u74e61_\u55e8\u683c\u5f0f\u538b\u7f29\u526f\u672c_\u7ed3\u679c.webp\" alt=\"\" width=\"1920\" height=\"1200\" srcset=\"https:\/\/baolongtaisteel.com\/wp-content\/uploads\/2025\/04\/\u74e61_\u55e8\u683c\u5f0f\u538b\u7f29\u526f\u672c_\u7ed3\u679c.webp 1920w, https:\/\/baolongtaisteel.com\/wp-content\/uploads\/2025\/04\/\u74e61_\u55e8\u683c\u5f0f\u538b\u7f29\u526f\u672c_\u7ed3\u679c-600x375.webp 600w, https:\/\/baolongtaisteel.com\/wp-content\/uploads\/2025\/04\/\u74e61_\u55e8\u683c\u5f0f\u538b\u7f29\u526f\u672c_\u7ed3\u679c-300x188.webp 300w, https:\/\/baolongtaisteel.com\/wp-content\/uploads\/2025\/04\/\u74e61_\u55e8\u683c\u5f0f\u538b\u7f29\u526f\u672c_\u7ed3\u679c-1024x640.webp 1024w, https:\/\/baolongtaisteel.com\/wp-content\/uploads\/2025\/04\/\u74e61_\u55e8\u683c\u5f0f\u538b\u7f29\u526f\u672c_\u7ed3\u679c-768x480.webp 768w, https:\/\/baolongtaisteel.com\/wp-content\/uploads\/2025\/04\/\u74e61_\u55e8\u683c\u5f0f\u538b\u7f29\u526f\u672c_\u7ed3\u679c-1536x960.webp 1536w\" sizes=\"(max-width: 1920px) 100vw, 1920px\" \/><\/strong><\/h2>\n<h3><strong>Aplicativo:<\/strong><\/h3>\n<p data-spm-anchor-id=\"a2ty_o01.29997173.0.i129.1a70c921wtUcQY\">As telhas coloridas s\u00e3o amplamente utilizadas em diversos setores devido \u00e0 sua durabilidade, apelo est\u00e9tico e versatilidade. Na constru\u00e7\u00e3o civil, s\u00e3o comumente utilizadas em telhados, revestimentos de paredes e fachadas, oferecendo fun\u00e7\u00f5es tanto de impermeabiliza\u00e7\u00e3o quanto decorativas. Em ambientes industriais, s\u00e3o utilizadas em armaz\u00e9ns, f\u00e1bricas e oficinas devido \u00e0 sua resist\u00eancia \u00e0s intemp\u00e9ries e facilidade de manuten\u00e7\u00e3o. Em edif\u00edcios residenciais, oferecem uma solu\u00e7\u00e3o atraente e duradoura para design de interiores e exteriores. Al\u00e9m disso, as telhas coloridas s\u00e3o utilizadas em estruturas agr\u00edcolas, infraestrutura de transporte e sistemas habitacionais modulares, adaptando-se bem a diferentes requisitos ambientais e funcionais.<\/p>\n<h2><strong data-spm-anchor-id=\"a2ty_o01.29997173.0.i130.1a70c921wtUcQY\"><img loading=\"lazy\" decoding=\"async\" class=\"alignnone size-full wp-image-424\" src=\"https:\/\/baolongtaisteel.com\/wp-content\/uploads\/2025\/04\/0c11d521d0282503f6bd58637d0d0a92_\u55e8\u683c\u5f0f\u538b\u7f29\u526f\u672c_\u7ed3\u679c.webp\" alt=\"\" width=\"1920\" height=\"1200\" srcset=\"https:\/\/baolongtaisteel.com\/wp-content\/uploads\/2025\/04\/0c11d521d0282503f6bd58637d0d0a92_\u55e8\u683c\u5f0f\u538b\u7f29\u526f\u672c_\u7ed3\u679c.webp 1920w, https:\/\/baolongtaisteel.com\/wp-content\/uploads\/2025\/04\/0c11d521d0282503f6bd58637d0d0a92_\u55e8\u683c\u5f0f\u538b\u7f29\u526f\u672c_\u7ed3\u679c-600x375.webp 600w, https:\/\/baolongtaisteel.com\/wp-content\/uploads\/2025\/04\/0c11d521d0282503f6bd58637d0d0a92_\u55e8\u683c\u5f0f\u538b\u7f29\u526f\u672c_\u7ed3\u679c-300x188.webp 300w, https:\/\/baolongtaisteel.com\/wp-content\/uploads\/2025\/04\/0c11d521d0282503f6bd58637d0d0a92_\u55e8\u683c\u5f0f\u538b\u7f29\u526f\u672c_\u7ed3\u679c-1024x640.webp 1024w, https:\/\/baolongtaisteel.com\/wp-content\/uploads\/2025\/04\/0c11d521d0282503f6bd58637d0d0a92_\u55e8\u683c\u5f0f\u538b\u7f29\u526f\u672c_\u7ed3\u679c-768x480.webp 768w, https:\/\/baolongtaisteel.com\/wp-content\/uploads\/2025\/04\/0c11d521d0282503f6bd58637d0d0a92_\u55e8\u683c\u5f0f\u538b\u7f29\u526f\u672c_\u7ed3\u679c-1536x960.webp 1536w\" sizes=\"(max-width: 1920px) 100vw, 1920px\" \/><\/strong><\/h2>","protected":false},"excerpt":{"rendered":"<h4 class=\"elementor-heading-title elementor-size-default\" style=\"text-align: center; padding-bottom: 30px;\">Azulejos com revestimento colorido<\/h4>\n<div>As telhas coloridas s\u00e3o um tipo de material de constru\u00e7\u00e3o feito de a\u00e7o galvanizado, a\u00e7o galvanizado ou alum\u00ednio com um revestimento multicamadas (como poli\u00e9ster, fluorcarbono, etc.) na superf\u00edcie. Possuem excelente resist\u00eancia \u00e0 corros\u00e3o, resist\u00eancia ao envelhecimento e propriedades decorativas, al\u00e9m de cores ricas e duradouras, sendo amplamente utilizadas em plantas industriais, armaz\u00e9ns, telhados e paredes residenciais. Seu peso leve e alta resist\u00eancia facilitam a instala\u00e7\u00e3o, al\u00e9m de apresentarem bom isolamento t\u00e9rmico, resist\u00eancia \u00e0 \u00e1gua e \u00e0s intemp\u00e9ries, al\u00e9m de serem adapt\u00e1veis a diversos ambientes complexos. S\u00e3o materiais ecologicamente corretos ideais para constru\u00e7\u00f5es modernas.<\/div>\n<div>\n<hr class=\"dongte456custom-line\" \/>\n<\/div>\n<div style=\"padding-bottom: 5px;\">Categoria: Azulejos com revestimento colorido<\/div>\n<div>Palavra-chave: Azulejos com revestimento colorido<\/div>\n<div>\n<hr \/>\n<\/div>\n<p><img loading=\"lazy\" decoding=\"async\" class=\"alignnone wp-image-257\" src=\"https:\/\/baolongtaisteel.com\/wp-content\/uploads\/2025\/04\/\u7535\u8bdd\u56fe\u6807.jpg\" alt=\"\" width=\"48\" height=\"50\" \/>\u00a0 Whatsapp:<a href=\"https:\/\/api.whatsapp.com\/send?phone=8613963585512\" target=\"_blank\" rel=\"noopener\">\u00a0+8613963585512 <\/a><\/p>\n<div>\n<hr \/>\n<\/div>\n<p><img loading=\"lazy\" decoding=\"async\" class=\"alignnone wp-image-258\" src=\"https:\/\/baolongtaisteel.com\/wp-content\/uploads\/2025\/04\/\u90ae\u7bb1\u56fe\u6807.jpg\" alt=\"\" width=\"48\" height=\"55\" \/>\u00a0\u00a0E-mail : <a href=\"rachel@sdxhjmetal.com\" target=\"_blank\" rel=\"noopener\">\u00a0rachel@sdxhjmetal.com<\/a><\/p>\n<div>\n<hr \/>\n<\/div>\n<h3><\/h3>\n<div class=\"productaddbutton-container\">\n<div class=\"productaddbutton-wrapper\"><a class=\"productaddbutton\" href=\"https:\/\/baolongtaisteel.com\/index.php\/product\/\">Lista de produtos<\/a><\/div>\n<div class=\"productaddbutton-wrapper\"><a class=\"productaddbutton\" href=\"#formSectiondongte\">Contate-nos<\/a><\/div>\n<\/div>\n<div><\/div>","protected":false},"featured_media":487,"comment_status":"open","ping_status":"closed","template":"","meta":[],"product_brand":[],"product_cat":[19],"product_tag":[],"class_list":{"0":"post-94","1":"product","2":"type-product","3":"status-publish","4":"has-post-thumbnail","6":"product_cat-color-coating-series","8":"first","9":"instock","10":"shipping-taxable","11":"product-type-simple"},"_links":{"self":[{"href":"https:\/\/baolongtaisteel.com\/pt\/wp-json\/wp\/v2\/product\/94","targetHints":{"allow":["GET"]}}],"collection":[{"href":"https:\/\/baolongtaisteel.com\/pt\/wp-json\/wp\/v2\/product"}],"about":[{"href":"https:\/\/baolongtaisteel.com\/pt\/wp-json\/wp\/v2\/types\/product"}],"replies":[{"embeddable":true,"href":"https:\/\/baolongtaisteel.com\/pt\/wp-json\/wp\/v2\/comments?post=94"}],"wp:featuredmedia":[{"embeddable":true,"href":"https:\/\/baolongtaisteel.com\/pt\/wp-json\/wp\/v2\/media\/487"}],"wp:attachment":[{"href":"https:\/\/baolongtaisteel.com\/pt\/wp-json\/wp\/v2\/media?parent=94"}],"wp:term":[{"taxonomy":"product_brand","embeddable":true,"href":"https:\/\/baolongtaisteel.com\/pt\/wp-json\/wp\/v2\/product_brand?post=94"},{"taxonomy":"product_cat","embeddable":true,"href":"https:\/\/baolongtaisteel.com\/pt\/wp-json\/wp\/v2\/product_cat?post=94"},{"taxonomy":"product_tag","embeddable":true,"href":"https:\/\/baolongtaisteel.com\/pt\/wp-json\/wp\/v2\/product_tag?post=94"}],"curies":[{"name":"wp","href":"https:\/\/api.w.org\/{rel}","templated":true}]}}