{"id":97,"date":"2025-04-28T11:43:45","date_gmt":"2025-04-28T03:43:45","guid":{"rendered":"https:\/\/baolongtaisteel.com\/?post_type=product&#038;p=97"},"modified":"2025-05-07T16:17:56","modified_gmt":"2025-05-07T08:17:56","slug":"placa-de-latao","status":"publish","type":"product","link":"https:\/\/baolongtaisteel.com\/pt\/product\/placa-de-latao\/","title":{"rendered":"Placa de lat\u00e3o"},"content":{"rendered":"<h2 data-spm-anchor-id=\"a2ty_o01.29997173.0.i4.1a70c921yaavsG\">\u00a0Tabela de detalhes do produto:<\/h2>\n<table class=\"tg\" style=\"border-collapse: collapse; border-spacing: 0;\">\n<thead>\n<tr>\n<th style=\"background-color: #9b9b9b; color: #ffffff; font-family: Arial, sans-serif; font-size: 14px; font-weight: bold; overflow: hidden; padding: 10px 5px; text-align: center; vertical-align: middle; word-break: normal; border: 1px solid black;\"><span style=\"font-weight: 600;\">Item<\/span><\/th>\n<th style=\"background-color: #9b9b9b; color: #ffffff; font-family: Arial, sans-serif; font-size: 14px; font-weight: bold; overflow: hidden; padding: 10px 5px; text-align: left; vertical-align: middle; word-break: normal; border: 1px solid black;\"><span style=\"font-weight: 600;\">Detalhes<\/span><\/th>\n<\/tr>\n<\/thead>\n<tbody>\n<tr>\n<td style=\"background-color: #fff; font-family: Arial, sans-serif; font-size: 14px; overflow: hidden; padding: 10px 5px; text-align: center; vertical-align: middle; word-break: normal; border: 1px solid black;\"><span style=\"font-weight: 400; color: var(--md-box-samantha-normal-text-color);\">Modelo N\u00ba.<\/span><\/td>\n<td style=\"background-color: #fff; font-family: Arial, sans-serif; font-size: 14px; overflow: hidden; padding: 10px 5px; text-align: left; vertical-align: middle; word-break: normal; border: 1px solid black;\"><span style=\"font-weight: 400; color: var(--md-box-samantha-normal-text-color);\">Placa<\/span><\/td>\n<\/tr>\n<tr>\n<td style=\"background-color: #efefef; font-family: Arial, sans-serif; font-size: 14px; overflow: hidden; padding: 10px 5px; text-align: center; vertical-align: middle; word-break: normal; border: 1px solid black;\"><span style=\"font-weight: 400; color: var(--md-box-samantha-normal-text-color);\">Material<\/span><\/td>\n<td style=\"background-color: #efefef; font-family: Arial, sans-serif; font-size: 14px; overflow: hidden; padding: 10px 5px; text-align: left; vertical-align: middle; word-break: normal; border: 1px solid black;\"><span style=\"font-weight: 400; color: var(--md-box-samantha-normal-text-color);\">Lat\u00e3o<\/span><\/td>\n<\/tr>\n<tr>\n<td style=\"background-color: #fff; font-family: Arial, sans-serif; font-size: 14px; overflow: hidden; padding: 10px 5px; text-align: center; vertical-align: middle; word-break: normal; border: 1px solid black;\"><span style=\"font-weight: 400; color: var(--md-box-samantha-normal-text-color);\">Forma<\/span><\/td>\n<td style=\"background-color: #fff; font-family: Arial, sans-serif; font-size: 14px; overflow: hidden; padding: 10px 5px; text-align: left; vertical-align: middle; word-break: normal; border: 1px solid black;\"><span style=\"font-weight: 400; color: var(--md-box-samantha-normal-text-color);\">Placa<\/span><\/td>\n<\/tr>\n<tr>\n<td style=\"background-color: #efefef; font-family: Arial, sans-serif; font-size: 14px; overflow: hidden; padding: 10px 5px; text-align: center; vertical-align: middle; word-break: normal; border: 1px solid black;\"><span style=\"font-weight: 400; color: var(--md-box-samantha-normal-text-color);\">Liga<\/span><\/td>\n<td style=\"background-color: #efefef; font-family: Arial, sans-serif; font-size: 14px; overflow: hidden; padding: 10px 5px; text-align: left; vertical-align: middle; word-break: normal; border: 1px solid black;\"><span style=\"font-weight: 400; color: var(--md-box-samantha-normal-text-color);\">Sem liga<\/span><\/td>\n<\/tr>\n<tr>\n<td style=\"background-color: #fff; font-family: Arial, sans-serif; font-size: 14px; overflow: hidden; padding: 10px 5px; text-align: center; vertical-align: middle; word-break: normal; border: 1px solid black;\"><span style=\"font-weight: 400; color: var(--md-box-samantha-normal-text-color);\">Cor<\/span><\/td>\n<td style=\"background-color: #fff; font-family: Arial, sans-serif; font-size: 14px; overflow: hidden; padding: 10px 5px; text-align: left; vertical-align: middle; word-break: normal; border: 1px solid black;\"><span style=\"font-weight: 400; color: var(--md-box-samantha-normal-text-color);\">Amarelo<\/span><\/td>\n<\/tr>\n<tr>\n<td style=\"background-color: #efefef; font-family: Arial, sans-serif; font-size: 14px; overflow: hidden; padding: 10px 5px; text-align: center; vertical-align: middle; word-break: normal; border: 1px solid black;\"><span style=\"font-weight: 400; color: var(--md-box-samantha-normal-text-color);\">Padr\u00e3o<\/span><\/td>\n<td style=\"background-color: #efefef; font-family: Arial, sans-serif; font-size: 14px; overflow: hidden; padding: 10px 5px; text-align: left; vertical-align: middle; word-break: normal; border: 1px solid black;\"><span style=\"font-weight: 400; color: var(--md-box-samantha-normal-text-color);\">ASTM<\/span><\/td>\n<\/tr>\n<tr>\n<td style=\"background-color: #fff; font-family: Arial, sans-serif; font-size: 14px; overflow: hidden; padding: 10px 5px; text-align: center; vertical-align: middle; word-break: normal; border: 1px solid black;\"><span style=\"font-weight: 400; color: var(--md-box-samantha-normal-text-color);\">Superf\u00edcie<\/span><\/td>\n<td style=\"background-color: #fff; font-family: Arial, sans-serif; font-size: 14px; overflow: hidden; padding: 10px 5px; text-align: left; vertical-align: middle; word-break: normal; border: 1px solid black;\"><span style=\"font-weight: 400; color: var(--md-box-samantha-normal-text-color);\">Brilhante<\/span><\/td>\n<\/tr>\n<tr>\n<td style=\"background-color: #efefef; font-family: Arial, sans-serif; font-size: 14px; overflow: hidden; padding: 10px 5px; text-align: center; vertical-align: middle; word-break: normal; border: 1px solid black;\"><span style=\"font-weight: 400; color: var(--md-box-samantha-normal-text-color);\">Quantidade m\u00ednima<\/span><\/td>\n<td style=\"background-color: #efefef; font-family: Arial, sans-serif; font-size: 14px; overflow: hidden; padding: 10px 5px; text-align: left; vertical-align: middle; word-break: normal; border: 1px solid black;\"><span style=\"font-weight: 400; color: var(--md-box-samantha-normal-text-color);\">100 kg<\/span><\/td>\n<\/tr>\n<tr>\n<td style=\"background-color: #fff; font-family: Arial, sans-serif; font-size: 14px; overflow: hidden; padding: 10px 5px; text-align: center; vertical-align: middle; word-break: normal; border: 1px solid black;\"><span style=\"font-weight: 400; color: var(--md-box-samantha-normal-text-color);\">Certifica\u00e7\u00e3o<\/span><\/td>\n<td style=\"background-color: #fff; font-family: Arial, sans-serif; font-size: 14px; overflow: hidden; padding: 10px 5px; text-align: left; vertical-align: middle; word-break: normal; border: 1px solid black;\"><span style=\"font-weight: 400; color: var(--md-box-samantha-normal-text-color);\">ISO, RoHS, IBR<\/span><\/td>\n<\/tr>\n<tr>\n<td style=\"background-color: #efefef; font-family: Arial, sans-serif; font-size: 14px; overflow: hidden; padding: 10px 5px; text-align: center; vertical-align: middle; word-break: normal; border: 1px solid black;\"><span style=\"font-weight: 400; color: var(--md-box-samantha-normal-text-color);\">Prazo de pre\u00e7o<\/span><\/td>\n<td style=\"background-color: #efefef; font-family: Arial, sans-serif; font-size: 14px; overflow: hidden; padding: 10px 5px; text-align: left; vertical-align: middle; word-break: normal; border: 1px solid black;\"><span style=\"font-weight: 400; color: var(--md-box-samantha-normal-text-color);\">FOB, CIF, Ex-Work, Fca<\/span><\/td>\n<\/tr>\n<tr>\n<td style=\"background-color: #fff; font-family: Arial, sans-serif; font-size: 14px; overflow: hidden; padding: 10px 5px; text-align: center; vertical-align: middle; word-break: normal; border: 1px solid black;\"><span style=\"font-weight: 400; color: var(--md-box-samantha-normal-text-color);\">Nota<\/span><\/td>\n<td style=\"background-color: #fff; font-family: Arial, sans-serif; font-size: 14px; overflow: hidden; padding: 10px 5px; text-align: left; vertical-align: middle; word-break: normal; border: 1px solid black;\"><span style=\"font-weight: 400; color: var(--md-box-samantha-normal-text-color);\">Bronze\/ Cobre\/ Lat\u00e3o<\/span><\/td>\n<\/tr>\n<tr>\n<td style=\"background-color: #efefef; font-family: Arial, sans-serif; font-size: 14px; overflow: hidden; padding: 10px 5px; text-align: center; vertical-align: middle; word-break: normal; border: 1px solid black;\"><span style=\"font-weight: 400; color: var(--md-box-samantha-normal-text-color);\">Servi\u00e7o de Processamento<\/span><\/td>\n<td style=\"background-color: #efefef; font-family: Arial, sans-serif; font-size: 14px; overflow: hidden; padding: 10px 5px; text-align: left; vertical-align: middle; word-break: normal; border: 1px solid black;\"><span style=\"font-weight: 400; color: var(--md-box-samantha-normal-text-color);\">Dobramento, soldagem, corte, puncionamento, desbobinamento<\/span><\/td>\n<\/tr>\n<tr>\n<td style=\"background-color: #fff; font-family: Arial, sans-serif; font-size: 14px; overflow: hidden; padding: 10px 5px; text-align: center; vertical-align: middle; word-break: normal; border: 1px solid black;\"><span style=\"font-weight: 400; color: var(--md-box-samantha-normal-text-color);\">Prazo de entrega<\/span><\/td>\n<td style=\"background-color: #fff; font-family: Arial, sans-serif; font-size: 14px; overflow: hidden; padding: 10px 5px; text-align: left; vertical-align: middle; word-break: normal; border: 1px solid black;\"><span style=\"font-weight: 400; color: var(--md-box-samantha-normal-text-color);\">7-15 dias<\/span><\/td>\n<\/tr>\n<tr>\n<td style=\"background-color: #efefef; font-family: Arial, sans-serif; font-size: 14px; overflow: hidden; padding: 10px 5px; text-align: center; vertical-align: middle; word-break: normal; border: 1px solid black;\"><span style=\"font-weight: 400; color: var(--md-box-samantha-normal-text-color);\">Cu (Min)<\/span><\/td>\n<td style=\"background-color: #efefef; font-family: Arial, sans-serif; font-size: 14px; overflow: hidden; padding: 10px 5px; text-align: left; vertical-align: middle; word-break: normal; border: 1px solid black;\"><span style=\"font-weight: 400; color: var(--md-box-samantha-normal-text-color);\">99.9%<\/span><\/td>\n<\/tr>\n<tr>\n<td style=\"background-color: #fff; font-family: Arial, sans-serif; font-size: 14px; overflow: hidden; padding: 10px 5px; text-align: center; vertical-align: middle; word-break: normal; border: 1px solid black;\"><span style=\"font-weight: 400; color: var(--md-box-samantha-normal-text-color);\">Condutividade<\/span><\/td>\n<td style=\"background-color: #fff; font-family: Arial, sans-serif; font-size: 14px; overflow: hidden; padding: 10px 5px; text-align: left; vertical-align: middle; word-break: normal; border: 1px solid black;\"><span style=\"font-weight: 400; color: var(--md-box-samantha-normal-text-color);\">19%-23% Iacs<\/span><\/td>\n<\/tr>\n<tr>\n<td style=\"background-color: #efefef; font-family: Arial, sans-serif; font-size: 14px; overflow: hidden; padding: 10px 5px; text-align: center; vertical-align: middle; word-break: normal; border: 1px solid black;\"><span style=\"font-weight: 400; color: var(--md-box-samantha-normal-text-color);\">Capacidade de fornecimento<\/span><\/td>\n<td style=\"background-color: #efefef; font-family: Arial, sans-serif; font-size: 14px; overflow: hidden; padding: 10px 5px; text-align: left; vertical-align: middle; word-break: normal; border: 1px solid black;\"><span style=\"font-weight: 400; color: var(--md-box-samantha-normal-text-color);\">1000 toneladas por m\u00eas<\/span><\/td>\n<\/tr>\n<tr>\n<td style=\"background-color: #fff; font-family: Arial, sans-serif; font-size: 14px; overflow: hidden; padding: 10px 5px; text-align: center; vertical-align: middle; word-break: normal; border: 1px solid black;\"><span style=\"font-weight: 400; color: var(--md-box-samantha-normal-text-color);\">Pacote de transporte<\/span><\/td>\n<td style=\"background-color: #fff; font-family: Arial, sans-serif; font-size: 14px; overflow: hidden; padding: 10px 5px; text-align: left; vertical-align: middle; word-break: normal; border: 1px solid black;\"><span style=\"font-weight: 400; color: var(--md-box-samantha-normal-text-color);\">Pacote de Exporta\u00e7\u00e3o Padr\u00e3o<\/span><\/td>\n<\/tr>\n<tr>\n<td style=\"background-color: #efefef; font-family: Arial, sans-serif; font-size: 14px; overflow: hidden; padding: 10px 5px; text-align: center; vertical-align: middle; word-break: normal; border: 1px solid black;\"><span style=\"font-weight: 400; color: var(--md-box-samantha-normal-text-color);\">Especifica\u00e7\u00e3o<\/span><\/td>\n<td style=\"background-color: #efefef; font-family: Arial, sans-serif; font-size: 14px; overflow: hidden; padding: 10px 5px; text-align: left; vertical-align: middle; word-break: normal; border: 1px solid black;\"><span style=\"font-weight: 400; color: var(--md-box-samantha-normal-text-color);\">Conforme solicita\u00e7\u00e3o dos clientes<\/span><\/td>\n<\/tr>\n<tr>\n<td style=\"background-color: #fff; font-family: Arial, sans-serif; font-size: 14px; overflow: hidden; padding: 10px 5px; text-align: center; vertical-align: middle; word-break: normal; border: 1px solid black;\"><span style=\"font-weight: 400; color: var(--md-box-samantha-normal-text-color);\">Origem<\/span><\/td>\n<td style=\"background-color: #fff; font-family: Arial, sans-serif; font-size: 14px; overflow: hidden; padding: 10px 5px; text-align: left; vertical-align: middle; word-break: normal; border: 1px solid black;\"><span style=\"font-weight: 400; color: var(--md-box-samantha-normal-text-color);\">China<\/span><\/td>\n<\/tr>\n<\/tbody>\n<\/table>\n<h2 data-spm-anchor-id=\"a2ty_o01.29997173.0.i4.1a70c921yaavsG\"><img fetchpriority=\"high\" decoding=\"async\" class=\"alignnone size-full wp-image-449\" src=\"https:\/\/baolongtaisteel.com\/wp-content\/uploads\/2025\/04\/0997db6c2ce40a6817dba75026e5841c_\u55e8\u683c\u5f0f\u538b\u7f29\u526f\u672c_\u7ed3\u679c.webp\" alt=\"\" width=\"1920\" height=\"1200\" srcset=\"https:\/\/baolongtaisteel.com\/wp-content\/uploads\/2025\/04\/0997db6c2ce40a6817dba75026e5841c_\u55e8\u683c\u5f0f\u538b\u7f29\u526f\u672c_\u7ed3\u679c.webp 1920w, https:\/\/baolongtaisteel.com\/wp-content\/uploads\/2025\/04\/0997db6c2ce40a6817dba75026e5841c_\u55e8\u683c\u5f0f\u538b\u7f29\u526f\u672c_\u7ed3\u679c-600x375.webp 600w, https:\/\/baolongtaisteel.com\/wp-content\/uploads\/2025\/04\/0997db6c2ce40a6817dba75026e5841c_\u55e8\u683c\u5f0f\u538b\u7f29\u526f\u672c_\u7ed3\u679c-300x188.webp 300w, https:\/\/baolongtaisteel.com\/wp-content\/uploads\/2025\/04\/0997db6c2ce40a6817dba75026e5841c_\u55e8\u683c\u5f0f\u538b\u7f29\u526f\u672c_\u7ed3\u679c-1024x640.webp 1024w, https:\/\/baolongtaisteel.com\/wp-content\/uploads\/2025\/04\/0997db6c2ce40a6817dba75026e5841c_\u55e8\u683c\u5f0f\u538b\u7f29\u526f\u672c_\u7ed3\u679c-768x480.webp 768w, https:\/\/baolongtaisteel.com\/wp-content\/uploads\/2025\/04\/0997db6c2ce40a6817dba75026e5841c_\u55e8\u683c\u5f0f\u538b\u7f29\u526f\u672c_\u7ed3\u679c-1536x960.webp 1536w\" sizes=\"(max-width: 1920px) 100vw, 1920px\" \/><\/h2>\n<h2>\u00a0<strong>Propriedades f\u00edsicas e qu\u00edmicas:<\/strong><\/h2>\n<h3><strong>Propriedades f\u00edsicas<\/strong><\/h3>\n<p><strong>Apar\u00eancia:<\/strong><\/p>\n<p>Geralmente apresenta uma cor met\u00e1lica amarelo-dourada, com superf\u00edcie lisa e brilho intenso. Diferentes efeitos superficiais podem ser obtidos por meio de diversos processos de tratamento de superf\u00edcie, como polimento, escova\u00e7\u00e3o ou at\u00e9 mesmo acabamento envelhecido.<\/p>\n<p><strong>Densidade:<\/strong><\/p>\n<p>A densidade do lat\u00e3o \u00e9 geralmente entre 8,4 e 8,7 g\/cm\u00b3. Por exemplo, a densidade do lat\u00e3o C26000 comumente utilizado (cobre 65%, zinco 35%) \u00e9 de cerca de 8,53 g\/cm\u00b3, sendo superior \u00e0 do a\u00e7o inoxid\u00e1vel e do a\u00e7o carbono.<\/p>\n<p><strong>Ponto de fus\u00e3o:<\/strong><\/p>\n<p>O ponto de fus\u00e3o \u00e9 relativamente mais baixo em compara\u00e7\u00e3o com o a\u00e7o inoxid\u00e1vel, variando tipicamente de 880 a 950 \u00b0C, dependendo da composi\u00e7\u00e3o espec\u00edfica da liga de lat\u00e3o. Isso facilita a fundi\u00e7\u00e3o e o processamento em altas temperaturas.<\/p>\n<p><strong>Coeficiente de expans\u00e3o t\u00e9rmica:<\/strong><\/p>\n<p>O coeficiente de expans\u00e3o t\u00e9rmica \u00e9 moderado. Na faixa de temperatura ambiente at\u00e9 100\u00b0C, o coeficiente de expans\u00e3o t\u00e9rmica do lat\u00e3o \u00e9 de aproximadamente 20\u00d710\u207b\u2076\/\u00b0C. Essa propriedade garante boa estabilidade dimensional em ambientes com flutua\u00e7\u00f5es de temperatura.<\/p>\n<p><strong>Condutividade t\u00e9rmica:<\/strong><\/p>\n<p>O lat\u00e3o possui excelente condutividade t\u00e9rmica, com um coeficiente de condutividade t\u00e9rmica de cerca de 109-125 W\/(m\u00b3\/K). Este coeficiente \u00e9 significativamente superior ao do a\u00e7o inoxid\u00e1vel, tornando-o adequado para trocadores de calor e aplica\u00e7\u00f5es que exigem transfer\u00eancia de calor eficiente.<\/p>\n<p><strong>Condutividade el\u00e9trica:<\/strong><\/p>\n<p>O lat\u00e3o apresenta boa condutividade el\u00e9trica, embora seja inferior \u00e0 do cobre puro. A condutividade el\u00e9trica do lat\u00e3o \u00e9 de aproximadamente 25-30% em rela\u00e7\u00e3o \u00e0 do cobre puro, tornando-o adequado para componentes e conectores el\u00e9tricos.<\/p>\n<h3><strong>Propriedades qu\u00edmicas<\/strong><\/h3>\n<h4><strong>Resist\u00eancia \u00e0 corros\u00e3o:<\/strong><\/h4>\n<p>O lat\u00e3o apresenta boa resist\u00eancia \u00e0 corros\u00e3o, principalmente em ambientes atmosf\u00e9ricos e de \u00e1gua doce. Uma camada protetora de \u00f3xido se forma em sua superf\u00edcie, impedindo a oxida\u00e7\u00e3o. No entanto, na presen\u00e7a de am\u00f4nia, certos \u00e1cidos ou meios altamente corrosivos, o lat\u00e3o pode sofrer corros\u00e3o sob tens\u00e3o ou dezincifica\u00e7\u00e3o. Ligas como a C27200 (lat\u00e3o cartucho) s\u00e3o projetadas especificamente para maior resist\u00eancia \u00e0 corros\u00e3o.<\/p>\n<h4><strong>Antioxida\u00e7\u00e3o:<\/strong><\/h4>\n<p>O lat\u00e3o apresenta resist\u00eancia moderada \u00e0 oxida\u00e7\u00e3o \u00e0 temperatura ambiente, mas pode manchar com o tempo devido \u00e0 exposi\u00e7\u00e3o ao ar e \u00e0 umidade. Em temperaturas elevadas, o lat\u00e3o pode sofrer oxida\u00e7\u00e3o acelerada, limitando seu uso em ambientes de alta temperatura.<\/p>\n<h4><strong>Estabilidade qu\u00edmica:<\/strong><\/h4>\n<p>Em ambientes qu\u00edmicos gerais, o lat\u00e3o apresenta boa estabilidade qu\u00edmica e resiste a rea\u00e7\u00f5es com \u00e1cidos e \u00e1lcalis fracos. No entanto, n\u00e3o \u00e9 resistente a \u00e1cidos fortes (por exemplo, \u00e1cido n\u00edtrico) ou solu\u00e7\u00f5es contendo am\u00f4nia, onde pode corroer ou degradar.<\/p>\n<h4><strong>Passiva\u00e7\u00e3o:<\/strong><\/h4>\n<p>Ao contr\u00e1rio do a\u00e7o inoxid\u00e1vel, o lat\u00e3o n\u00e3o forma uma pel\u00edcula passiva naturalmente. No entanto, pode desenvolver uma p\u00e1tina protetora com o tempo, o que aumenta sua durabilidade e apelo est\u00e9tico. Tratamentos de superf\u00edcie como laqueamento ou galvanoplastia podem melhorar ainda mais sua resist\u00eancia \u00e0 corros\u00e3o e apar\u00eancia.<\/p>\n<h2 data-spm-anchor-id=\"a2ty_o01.29997173.0.i4.1a70c921yaavsG\"><img decoding=\"async\" class=\"alignnone size-full wp-image-450\" src=\"https:\/\/baolongtaisteel.com\/wp-content\/uploads\/2025\/04\/89ad4a07778cf911fd371233b408d49b_\u55e8\u683c\u5f0f\u538b\u7f29\u526f\u672c_\u7ed3\u679c.webp\" alt=\"\" width=\"1920\" height=\"1200\" srcset=\"https:\/\/baolongtaisteel.com\/wp-content\/uploads\/2025\/04\/89ad4a07778cf911fd371233b408d49b_\u55e8\u683c\u5f0f\u538b\u7f29\u526f\u672c_\u7ed3\u679c.webp 1920w, https:\/\/baolongtaisteel.com\/wp-content\/uploads\/2025\/04\/89ad4a07778cf911fd371233b408d49b_\u55e8\u683c\u5f0f\u538b\u7f29\u526f\u672c_\u7ed3\u679c-600x375.webp 600w, https:\/\/baolongtaisteel.com\/wp-content\/uploads\/2025\/04\/89ad4a07778cf911fd371233b408d49b_\u55e8\u683c\u5f0f\u538b\u7f29\u526f\u672c_\u7ed3\u679c-300x188.webp 300w, https:\/\/baolongtaisteel.com\/wp-content\/uploads\/2025\/04\/89ad4a07778cf911fd371233b408d49b_\u55e8\u683c\u5f0f\u538b\u7f29\u526f\u672c_\u7ed3\u679c-1024x640.webp 1024w, https:\/\/baolongtaisteel.com\/wp-content\/uploads\/2025\/04\/89ad4a07778cf911fd371233b408d49b_\u55e8\u683c\u5f0f\u538b\u7f29\u526f\u672c_\u7ed3\u679c-768x480.webp 768w, https:\/\/baolongtaisteel.com\/wp-content\/uploads\/2025\/04\/89ad4a07778cf911fd371233b408d49b_\u55e8\u683c\u5f0f\u538b\u7f29\u526f\u672c_\u7ed3\u679c-1536x960.webp 1536w\" sizes=\"(max-width: 1920px) 100vw, 1920px\" \/><\/h2>\n<h2><strong>Aplicativo:<\/strong><\/h2>\n<p data-spm-anchor-id=\"a2ty_o01.29997173.0.i3.1a70c921yaavsG\">As placas de lat\u00e3o s\u00e3o amplamente utilizadas em diversos setores devido \u00e0 sua excelente usinabilidade, resist\u00eancia \u00e0 corros\u00e3o e apar\u00eancia atraente. Na arquitetura, s\u00e3o utilizadas na cria\u00e7\u00e3o de pain\u00e9is decorativos, ma\u00e7anetas e acess\u00f3rios ornamentais. Na ind\u00fastria hidr\u00e1ulica, as placas de lat\u00e3o s\u00e3o utilizadas na fabrica\u00e7\u00e3o de v\u00e1lvulas, conex\u00f5es e componentes de abastecimento de \u00e1gua devido \u00e0 sua resist\u00eancia \u00e0 corros\u00e3o e propriedades higi\u00eanicas. Na engenharia el\u00e9trica, as placas de lat\u00e3o s\u00e3o utilizadas em conectores, terminais e interruptores devido \u00e0 sua boa condutividade el\u00e9trica. Al\u00e9m disso, nas \u00e1reas de instrumentos musicais, ferragens mar\u00edtimas e componentes automotivos, as placas de lat\u00e3o s\u00e3o indispens\u00e1veis. Tamb\u00e9m s\u00e3o utilizadas na fabrica\u00e7\u00e3o de trocadores de calor, juntas e esculturas art\u00edsticas, adaptando-se bem a diversos ambientes de trabalho.<\/p>","protected":false},"excerpt":{"rendered":"<h4 class=\"elementor-heading-title elementor-size-default\" style=\"text-align: center; padding-bottom: 30px;\">Placa de lat\u00e3o<\/h4>\n<div>A chapa de lat\u00e3o \u00e9 um material de liga com cobre e zinco como principais componentes. Possui um brilho met\u00e1lico dourado, bela apar\u00eancia e forte resist\u00eancia \u00e0 corros\u00e3o. Sua densidade \u00e9 de cerca de 8,4-8,7 g\/cm\u00b3 e seu ponto de fus\u00e3o est\u00e1 entre 880-950 \u00b0C. Possui boa condutividade t\u00e9rmica e el\u00e9trica, al\u00e9m de ser f\u00e1cil de processar e moldar. As chapas de lat\u00e3o s\u00e3o amplamente utilizadas em decora\u00e7\u00e3o arquitet\u00f4nica, conex\u00f5es de tubos, componentes el\u00e9tricos e artesanato. S\u00e3o especialmente adequadas para ocasi\u00f5es que exigem resist\u00eancia \u00e0 corros\u00e3o e excelentes propriedades mec\u00e2nicas. S\u00e3o pr\u00e1ticas e decorativas, sendo materiais importantes nos campos da ind\u00fastria e da arte.<\/div>\n<div>\n<hr class=\"dongte456custom-line\" \/>\n<\/div>\n<div style=\"padding-bottom: 5px;\">Categoria: Placa de lat\u00e3o<\/div>\n<div>Palavra-chave: Placa de lat\u00e3o<\/div>\n<div>\n<hr \/>\n<\/div>\n<p><img decoding=\"async\" class=\"alignnone wp-image-257\" src=\"https:\/\/baolongtaisteel.com\/wp-content\/uploads\/2025\/04\/\u7535\u8bdd\u56fe\u6807.jpg\" alt=\"\" width=\"48\" height=\"50\" \/>\u00a0 Whatsapp:<a href=\"https:\/\/api.whatsapp.com\/send?phone=8613963585512\" target=\"_blank\" rel=\"noopener\">\u00a0+8613963585512 <\/a><\/p>\n<div>\n<hr \/>\n<\/div>\n<p><img loading=\"lazy\" decoding=\"async\" class=\"alignnone wp-image-258\" src=\"https:\/\/baolongtaisteel.com\/wp-content\/uploads\/2025\/04\/\u90ae\u7bb1\u56fe\u6807.jpg\" alt=\"\" width=\"48\" height=\"55\" \/>\u00a0\u00a0E-mail : <a href=\"rachel@sdxhjmetal.com\" target=\"_blank\" rel=\"noopener\">\u00a0rachel@sdxhjmetal.com<\/a><\/p>\n<div>\n<hr \/>\n<\/div>\n<h3><\/h3>\n<div class=\"productaddbutton-container\">\n<div class=\"productaddbutton-wrapper\"><a class=\"productaddbutton\" href=\"https:\/\/baolongtaisteel.com\/product\/\">Lista de produtos<\/a><\/div>\n<div class=\"productaddbutton-wrapper\"><a class=\"productaddbutton\" href=\"#formSectiondongte\">Contate-nos<\/a><\/div>\n<\/div>\n<div><\/div>","protected":false},"featured_media":511,"comment_status":"open","ping_status":"closed","template":"","meta":[],"product_brand":[],"product_cat":[20],"product_tag":[],"class_list":{"0":"post-97","1":"product","2":"type-product","3":"status-publish","4":"has-post-thumbnail","6":"product_cat-copper","8":"first","9":"instock","10":"shipping-taxable","11":"product-type-simple"},"_links":{"self":[{"href":"https:\/\/baolongtaisteel.com\/pt\/wp-json\/wp\/v2\/product\/97","targetHints":{"allow":["GET"]}}],"collection":[{"href":"https:\/\/baolongtaisteel.com\/pt\/wp-json\/wp\/v2\/product"}],"about":[{"href":"https:\/\/baolongtaisteel.com\/pt\/wp-json\/wp\/v2\/types\/product"}],"replies":[{"embeddable":true,"href":"https:\/\/baolongtaisteel.com\/pt\/wp-json\/wp\/v2\/comments?post=97"}],"wp:featuredmedia":[{"embeddable":true,"href":"https:\/\/baolongtaisteel.com\/pt\/wp-json\/wp\/v2\/media\/511"}],"wp:attachment":[{"href":"https:\/\/baolongtaisteel.com\/pt\/wp-json\/wp\/v2\/media?parent=97"}],"wp:term":[{"taxonomy":"product_brand","embeddable":true,"href":"https:\/\/baolongtaisteel.com\/pt\/wp-json\/wp\/v2\/product_brand?post=97"},{"taxonomy":"product_cat","embeddable":true,"href":"https:\/\/baolongtaisteel.com\/pt\/wp-json\/wp\/v2\/product_cat?post=97"},{"taxonomy":"product_tag","embeddable":true,"href":"https:\/\/baolongtaisteel.com\/pt\/wp-json\/wp\/v2\/product_tag?post=97"}],"curies":[{"name":"wp","href":"https:\/\/api.w.org\/{rel}","templated":true}]}}