{"id":98,"date":"2025-04-24T09:35:43","date_gmt":"2025-04-24T01:35:43","guid":{"rendered":"https:\/\/baolongtaisteel.com\/?post_type=product&#038;p=98"},"modified":"2025-04-28T14:45:33","modified_gmt":"2025-04-28T06:45:33","slug":"bobina-de-latao","status":"publish","type":"product","link":"https:\/\/baolongtaisteel.com\/pt\/product\/bobina-de-latao\/","title":{"rendered":"Bobina de lat\u00e3o"},"content":{"rendered":"<h2 data-spm-anchor-id=\"a2ty_o01.29997173.0.i4.1a70c921yaavsG\">\u00a0\u00a0Tabela de detalhes do produto:<\/h2>\n<table class=\"tg\" style=\"border-collapse: collapse; border-spacing: 0;\">\n<thead>\n<tr>\n<th style=\"background-color: #9b9b9b; color: #ffffff; font-family: Arial, sans-serif; font-size: 14px; font-weight: bold; overflow: hidden; padding: 10px 5px; text-align: center; vertical-align: middle; word-break: normal; border: 1px solid #000000;\"><span style=\"font-weight: 600;\">Item<\/span><\/th>\n<th style=\"background-color: #9b9b9b; color: #ffffff; font-family: Arial, sans-serif; font-size: 14px; font-weight: bold; overflow: hidden; padding: 10px 5px; text-align: left; vertical-align: middle; word-break: normal; border: 1px solid #000000;\"><span style=\"font-weight: 600;\">Detalhes<\/span><\/th>\n<\/tr>\n<\/thead>\n<tbody>\n<tr>\n<td style=\"background-color: #fff; font-family: Arial, sans-serif; font-size: 14px; overflow: hidden; padding: 10px 5px; text-align: center; vertical-align: middle; word-break: normal; border: 1px solid #000000;\"><span style=\"font-weight: 400; color: var(--md-box-samantha-normal-text-color);\">Produto<\/span><\/td>\n<td style=\"background-color: #fff; font-family: Arial, sans-serif; font-size: 14px; overflow: hidden; padding: 10px 5px; text-align: left; vertical-align: middle; word-break: normal; border: 1px solid #000000;\"><span style=\"font-weight: 400; color: var(--md-box-samantha-normal-text-color);\">Bobina de lat\u00e3o \/ tira de lat\u00e3o<\/span><\/td>\n<\/tr>\n<tr>\n<td style=\"background-color: #efefef; font-family: Arial, sans-serif; font-size: 14px; overflow: hidden; padding: 10px 5px; text-align: center; vertical-align: middle; word-break: normal; border: 1px solid #000000;\"><span style=\"font-weight: 400; color: var(--md-box-samantha-normal-text-color);\">Padr\u00e3o<\/span><\/td>\n<td style=\"background-color: #efefef; font-family: Arial, sans-serif; font-size: 14px; overflow: hidden; padding: 10px 5px; text-align: left; vertical-align: middle; word-break: normal; border: 1px solid #000000;\"><span style=\"font-weight: 400; color: var(--md-box-samantha-normal-text-color);\">JIS H3250-2006, ASTM B152M, GB\/T2040-2008, ASTM B36, ASTM B194, ASTM B888, ASTM B19, ASTM B122, etc.<\/span><\/td>\n<\/tr>\n<tr>\n<td style=\"background-color: #fff; font-family: Arial, sans-serif; font-size: 14px; overflow: hidden; padding: 10px 5px; text-align: center; vertical-align: middle; word-break: normal; border: 1px solid #000000;\"><span style=\"font-weight: 400; color: var(--md-box-samantha-normal-text-color);\">Material<\/span><\/td>\n<td style=\"background-color: #fff; font-family: Arial, sans-serif; font-size: 14px; overflow: hidden; padding: 10px 5px; text-align: left; vertical-align: middle; word-break: normal; border: 1px solid #000000;\"><span style=\"font-weight: 400; color: var(--md-box-samantha-normal-text-color);\">C21000, C22000, C22600, C23000, C24000, C26000, C26130, C26800, C27000, C27200, C27400, C28000, H59, H62, H80, CuZn40, CuZn37, CuZn39, C61400, etc.<\/span><\/td>\n<\/tr>\n<tr>\n<td style=\"background-color: #efefef; font-family: Arial, sans-serif; font-size: 14px; overflow: hidden; padding: 10px 5px; text-align: center; vertical-align: middle; word-break: normal; border: 1px solid #000000;\"><span style=\"font-weight: 400; color: var(--md-box-samantha-normal-text-color);\">Grossura<\/span><\/td>\n<td style=\"background-color: #efefef; font-family: Arial, sans-serif; font-size: 14px; overflow: hidden; padding: 10px 5px; text-align: left; vertical-align: middle; word-break: normal; border: 1px solid #000000;\"><span style=\"font-weight: 400; color: var(--md-box-samantha-normal-text-color);\">0,1-20 mm<\/span><\/td>\n<\/tr>\n<tr>\n<td style=\"background-color: #fff; font-family: Arial, sans-serif; font-size: 14px; overflow: hidden; padding: 10px 5px; text-align: center; vertical-align: middle; word-break: normal; border: 1px solid #000000;\"><span style=\"font-weight: 400; color: var(--md-box-samantha-normal-text-color);\">Largura<\/span><\/td>\n<td style=\"background-color: #fff; font-family: Arial, sans-serif; font-size: 14px; overflow: hidden; padding: 10px 5px; text-align: left; vertical-align: middle; word-break: normal; border: 1px solid #000000;\"><span style=\"font-weight: 400; color: var(--md-box-samantha-normal-text-color);\">1-1500 mm<\/span><\/td>\n<\/tr>\n<tr>\n<td style=\"background-color: #efefef; font-family: Arial, sans-serif; font-size: 14px; overflow: hidden; padding: 10px 5px; text-align: center; vertical-align: middle; word-break: normal; border: 1px solid #000000;\"><span style=\"font-weight: 400; color: var(--md-box-samantha-normal-text-color);\">Superf\u00edcie<\/span><\/td>\n<td style=\"background-color: #efefef; font-family: Arial, sans-serif; font-size: 14px; overflow: hidden; padding: 10px 5px; text-align: left; vertical-align: middle; word-break: normal; border: 1px solid #000000;\"><span style=\"font-weight: 400; color: var(--md-box-samantha-normal-text-color);\">Acabamento laminado, acabamento brilhante, acabamento espelhado, acabamento escovado, acabamento fino, acabamento jateado, acabamento antigo, acabamento xadrez, etc.<\/span><\/td>\n<\/tr>\n<tr>\n<td style=\"background-color: #fff; font-family: Arial, sans-serif; font-size: 14px; overflow: hidden; padding: 10px 5px; text-align: center; vertical-align: middle; word-break: normal; border: 1px solid #000000;\"><span style=\"font-weight: 400; color: var(--md-box-samantha-normal-text-color);\">Prazo de pre\u00e7o<\/span><\/td>\n<td style=\"background-color: #fff; font-family: Arial, sans-serif; font-size: 14px; overflow: hidden; padding: 10px 5px; text-align: left; vertical-align: middle; word-break: normal; border: 1px solid #000000;\"><span style=\"font-weight: 400; color: var(--md-box-samantha-normal-text-color);\">Ex-Work, FOB, CNF, CFR, CIF, FCA, DDP, DDU, etc.<\/span><\/td>\n<\/tr>\n<tr>\n<td style=\"background-color: #efefef; font-family: Arial, sans-serif; font-size: 14px; overflow: hidden; padding: 10px 5px; text-align: center; vertical-align: middle; word-break: normal; border: 1px solid #000000;\"><span style=\"font-weight: 400; color: var(--md-box-samantha-normal-text-color);\">Prazo de pagamento<\/span><\/td>\n<td style=\"background-color: #efefef; font-family: Arial, sans-serif; font-size: 14px; overflow: hidden; padding: 10px 5px; text-align: left; vertical-align: middle; word-break: normal; border: 1px solid #000000;\"><span style=\"font-weight: 400; color: var(--md-box-samantha-normal-text-color);\">TT, Carta de Cr\u00e9dito, Western Union<\/span><\/td>\n<\/tr>\n<tr>\n<td style=\"background-color: #fff; font-family: Arial, sans-serif; font-size: 14px; overflow: hidden; padding: 10px 5px; text-align: center; vertical-align: middle; word-break: normal; border: 1px solid #000000;\"><span style=\"font-weight: 400; color: var(--md-box-samantha-normal-text-color);\">Pacote<\/span><\/td>\n<td style=\"background-color: #fff; font-family: Arial, sans-serif; font-size: 14px; overflow: hidden; padding: 10px 5px; text-align: left; vertical-align: middle; word-break: normal; border: 1px solid #000000;\"><span style=\"font-weight: 400; color: var(--md-box-samantha-normal-text-color);\">Pacote de exporta\u00e7\u00e3o padr\u00e3o, adequado para todos os tipos de transporte ou conforme necess\u00e1rio.<\/span><\/td>\n<\/tr>\n<tr>\n<td style=\"background-color: #efefef; font-family: Arial, sans-serif; font-size: 14px; overflow: hidden; padding: 10px 5px; text-align: center; vertical-align: middle; word-break: normal; border: 1px solid #000000;\"><span style=\"font-weight: 400; color: var(--md-box-samantha-normal-text-color);\">Tamanho do cont\u00eainer<\/span><\/td>\n<td style=\"background-color: #efefef; font-family: Arial, sans-serif; font-size: 14px; overflow: hidden; padding: 10px 5px; text-align: left; vertical-align: middle; word-break: normal; border: 1px solid #000000;\"><span style=\"font-weight: 400; color: var(--md-box-samantha-normal-text-color);\">GP de 20 p\u00e9s: 5898 mm (comprimento) x 2352 mm (largura) x 2393 mm (altura)<\/span><br \/>\n<span style=\"font-weight: 400; color: var(--md-box-samantha-normal-text-color);\">GP de 40 p\u00e9s: 12032 mm (comprimento) x 2352 mm (largura) x 2393 mm (altura)<\/span><br \/>\n<span style=\"font-weight: 400; color: var(--md-box-samantha-normal-text-color);\">40 p\u00e9s HC: 12032 mm (comprimento) x 2352 mm (largura) x 2698 mm (altura)<\/span><\/td>\n<\/tr>\n<tr>\n<td style=\"background-color: #fff; font-family: Arial, sans-serif; font-size: 14px; overflow: hidden; padding: 10px 5px; text-align: center; vertical-align: middle; word-break: normal; border: 1px solid #000000;\"><span style=\"font-weight: 400; color: var(--md-box-samantha-normal-text-color);\">Aplicativo<\/span><\/td>\n<td style=\"background-color: #fff; font-family: Arial, sans-serif; font-size: 14px; overflow: hidden; padding: 10px 5px; text-align: left; vertical-align: middle; word-break: normal; border: 1px solid #000000;\"><span style=\"font-weight: 400; color: var(--md-box-samantha-normal-text-color);\">A bobina de lat\u00e3o possui alta resist\u00eancia \u00e0 corros\u00e3o e boa plasticidade. \u00c9 f\u00e1cil de processar sob press\u00e3o a frio e a quente, al\u00e9m de ser f\u00e1cil de soldar, forjar e estanhar. N\u00e3o h\u00e1 tend\u00eancia \u00e0 corros\u00e3o sob tens\u00e3o.<\/span><\/td>\n<\/tr>\n<\/tbody>\n<\/table>\n<h2 data-spm-anchor-id=\"a2ty_o01.29997173.0.i4.1a70c921yaavsG\"><img fetchpriority=\"high\" decoding=\"async\" class=\"alignnone size-full wp-image-451\" src=\"https:\/\/baolongtaisteel.com\/wp-content\/uploads\/2025\/04\/00a21eb578f656f2fd6d3924820701a3_\u55e8\u683c\u5f0f\u538b\u7f29\u526f\u672c_\u7ed3\u679c.webp\" alt=\"\" width=\"1920\" height=\"1200\" srcset=\"https:\/\/baolongtaisteel.com\/wp-content\/uploads\/2025\/04\/00a21eb578f656f2fd6d3924820701a3_\u55e8\u683c\u5f0f\u538b\u7f29\u526f\u672c_\u7ed3\u679c.webp 1920w, https:\/\/baolongtaisteel.com\/wp-content\/uploads\/2025\/04\/00a21eb578f656f2fd6d3924820701a3_\u55e8\u683c\u5f0f\u538b\u7f29\u526f\u672c_\u7ed3\u679c-600x375.webp 600w, https:\/\/baolongtaisteel.com\/wp-content\/uploads\/2025\/04\/00a21eb578f656f2fd6d3924820701a3_\u55e8\u683c\u5f0f\u538b\u7f29\u526f\u672c_\u7ed3\u679c-300x188.webp 300w, https:\/\/baolongtaisteel.com\/wp-content\/uploads\/2025\/04\/00a21eb578f656f2fd6d3924820701a3_\u55e8\u683c\u5f0f\u538b\u7f29\u526f\u672c_\u7ed3\u679c-1024x640.webp 1024w, https:\/\/baolongtaisteel.com\/wp-content\/uploads\/2025\/04\/00a21eb578f656f2fd6d3924820701a3_\u55e8\u683c\u5f0f\u538b\u7f29\u526f\u672c_\u7ed3\u679c-768x480.webp 768w, https:\/\/baolongtaisteel.com\/wp-content\/uploads\/2025\/04\/00a21eb578f656f2fd6d3924820701a3_\u55e8\u683c\u5f0f\u538b\u7f29\u526f\u672c_\u7ed3\u679c-1536x960.webp 1536w\" sizes=\"(max-width: 1920px) 100vw, 1920px\" \/><\/h2>\n<h2><strong data-spm-anchor-id=\"a2ty_o01.29997173.0.i17.1a70c921yaavsG\">Propriedades f\u00edsicas e qu\u00edmicas:<\/strong><\/h2>\n<h3><strong>Propriedades f\u00edsicas<\/strong><\/h3>\n<h4><strong>Apar\u00eancia:<\/strong><\/h4>\n<p>Geralmente apresenta uma cor met\u00e1lica amarelo-dourada, com superf\u00edcie lisa e brilho intenso. Diferentes efeitos superficiais podem ser obtidos por meio de diferentes processos de tratamento de superf\u00edcie, como polimento, escova\u00e7\u00e3o ou galvanoplastia, o que aumenta seu apelo est\u00e9tico e sua resist\u00eancia \u00e0 corros\u00e3o.<\/p>\n<p><strong>Densidade:<\/strong><\/p>\n<p>A densidade do lat\u00e3o \u00e9 geralmente entre 8,4 e 8,7 g\/cm\u00b3, dependendo da composi\u00e7\u00e3o espec\u00edfica (por exemplo, a propor\u00e7\u00e3o de cobre para zinco). Por exemplo, o lat\u00e3o comum com maior teor de cobre tem uma densidade mais pr\u00f3xima de 8,5 g\/cm\u00b3, tornando-o ligeiramente mais denso que o a\u00e7o inoxid\u00e1vel.<\/p>\n<p><strong>Ponto de fus\u00e3o:<\/strong><\/p>\n<p>O ponto de fus\u00e3o do lat\u00e3o varia dependendo de sua composi\u00e7\u00e3o, mas normalmente fica entre 880 \u00b0C e 950 \u00b0C. Esse ponto de fus\u00e3o relativamente mais baixo em compara\u00e7\u00e3o ao a\u00e7o inoxid\u00e1vel torna o lat\u00e3o mais f\u00e1cil de processar e moldar em diversos formatos, como bobinas.<\/p>\n<h2 data-spm-anchor-id=\"a2ty_o01.29997173.0.i4.1a70c921yaavsG\"><img decoding=\"async\" class=\"wp-image-453 alignleft\" src=\"https:\/\/baolongtaisteel.com\/wp-content\/uploads\/2025\/04\/500a27eaa746f4608bb862b54f08aa1e_\u55e8\u683c\u5f0f\u538b\u7f29\u526f\u672c_\u7ed3\u679c.webp\" alt=\"\" width=\"390\" height=\"286\" srcset=\"https:\/\/baolongtaisteel.com\/wp-content\/uploads\/2025\/04\/500a27eaa746f4608bb862b54f08aa1e_\u55e8\u683c\u5f0f\u538b\u7f29\u526f\u672c_\u7ed3\u679c.webp 1920w, https:\/\/baolongtaisteel.com\/wp-content\/uploads\/2025\/04\/500a27eaa746f4608bb862b54f08aa1e_\u55e8\u683c\u5f0f\u538b\u7f29\u526f\u672c_\u7ed3\u679c-600x440.webp 600w, https:\/\/baolongtaisteel.com\/wp-content\/uploads\/2025\/04\/500a27eaa746f4608bb862b54f08aa1e_\u55e8\u683c\u5f0f\u538b\u7f29\u526f\u672c_\u7ed3\u679c-300x220.webp 300w, https:\/\/baolongtaisteel.com\/wp-content\/uploads\/2025\/04\/500a27eaa746f4608bb862b54f08aa1e_\u55e8\u683c\u5f0f\u538b\u7f29\u526f\u672c_\u7ed3\u679c-1024x751.webp 1024w, https:\/\/baolongtaisteel.com\/wp-content\/uploads\/2025\/04\/500a27eaa746f4608bb862b54f08aa1e_\u55e8\u683c\u5f0f\u538b\u7f29\u526f\u672c_\u7ed3\u679c-768x563.webp 768w, https:\/\/baolongtaisteel.com\/wp-content\/uploads\/2025\/04\/500a27eaa746f4608bb862b54f08aa1e_\u55e8\u683c\u5f0f\u538b\u7f29\u526f\u672c_\u7ed3\u679c-1536x1126.webp 1536w\" sizes=\"(max-width: 390px) 100vw, 390px\" \/><\/h2>\n<p><strong>Coeficiente de expans\u00e3o t\u00e9rmica:<\/strong><\/p>\n<p>O coeficiente de expans\u00e3o t\u00e9rmica do lat\u00e3o \u00e9 moderado, aproximadamente 19-22 \u00d7 10\u207b\u2076\/\u00b0C na faixa de temperatura ambiente a 100\u00b0C. Essa caracter\u00edstica garante boa estabilidade dimensional em ambientes com temperaturas flutuantes.<\/p>\n<p><strong>Condutividade t\u00e9rmica:<\/strong><\/p>\n<p>O lat\u00e3o apresenta excelente condutividade t\u00e9rmica, com um coeficiente de cerca de 109-125 W\/(m\u00b7K), significativamente superior ao do a\u00e7o inoxid\u00e1vel. Essa propriedade torna o lat\u00e3o um material ideal para trocadores de calor e outras aplica\u00e7\u00f5es que exigem transfer\u00eancia de calor eficiente.<\/p>\n<p><strong>Condutividade el\u00e9trica:<\/strong><\/p>\n<p>O lat\u00e3o possui boa condutividade el\u00e9trica, embora seja inferior \u00e0 do cobre puro. A condutividade el\u00e9trica do lat\u00e3o varia tipicamente de 25% a 40% da do cobre puro, dependendo de sua composi\u00e7\u00e3o. Isso o torna adequado para componentes e conectores el\u00e9tricos.<\/p>\n<p><strong>Propriedades qu\u00edmicas<\/strong><br \/>\n<strong>Resist\u00eancia \u00e0 corros\u00e3o:<\/strong><\/p>\n<p>A bobina de lat\u00e3o apresenta boa resist\u00eancia \u00e0 corros\u00e3o, especialmente em ambientes atmosf\u00e9ricos e de \u00e1gua doce. Uma camada de \u00f3xido formada naturalmente em sua superf\u00edcie a protege de oxida\u00e7\u00e3o adicional. No entanto, na presen\u00e7a de am\u00f4nia, certos \u00e1cidos ou ambientes com alta umidade, podem ocorrer fissuras por corros\u00e3o sob tens\u00e3o. A adi\u00e7\u00e3o de elementos como alum\u00ednio ou estanho melhora sua resist\u00eancia \u00e0 corros\u00e3o, especialmente em ambientes marinhos.<\/p>\n<p><strong>Antioxida\u00e7\u00e3o:<\/strong><\/p>\n<p>O lat\u00e3o apresenta resist\u00eancia moderada \u00e0 oxida\u00e7\u00e3o em temperatura ambiente e em altas temperaturas. Ligas com maior teor de cobre apresentam melhor resist\u00eancia \u00e0 oxida\u00e7\u00e3o, tornando-as adequadas para uso em aplica\u00e7\u00f5es de temperatura moderadamente alta.<\/p>\n<p><strong>Estabilidade qu\u00edmica:<\/strong><\/p>\n<p>Em meios qu\u00edmicos gerais, o lat\u00e3o demonstra boa estabilidade e n\u00e3o reage facilmente com \u00e1cidos ou \u00e1lcalis fracos. No entanto, em ambientes fortemente corrosivos, como exposi\u00e7\u00e3o a \u00e1cido clor\u00eddrico, \u00e1cido n\u00edtrico ou compostos de am\u00f4nio, a resist\u00eancia \u00e0 corros\u00e3o do lat\u00e3o pode ser comprometida.<\/p>\n<p><strong>Passiva\u00e7\u00e3o:<\/strong><\/p>\n<p>Ao contr\u00e1rio do a\u00e7o inoxid\u00e1vel, o lat\u00e3o n\u00e3o forma uma pel\u00edcula passiva da mesma forma. No entanto, tratamentos de superf\u00edcie como galvanoplastia ou laquea\u00e7\u00e3o podem aumentar sua resist\u00eancia \u00e0 corros\u00e3o e durabilidade, criando uma barreira protetora contra fatores ambientais.<\/p>\n<h2 data-spm-anchor-id=\"a2ty_o01.29997173.0.i4.1a70c921yaavsG\"><img decoding=\"async\" class=\"alignnone size-full wp-image-452\" src=\"https:\/\/baolongtaisteel.com\/wp-content\/uploads\/2025\/04\/5cb18f022aff244f7b5ea07a481e8cfb_\u55e8\u683c\u5f0f\u538b\u7f29\u526f\u672c_\u7ed3\u679c.webp\" alt=\"\" width=\"1920\" height=\"1200\" srcset=\"https:\/\/baolongtaisteel.com\/wp-content\/uploads\/2025\/04\/5cb18f022aff244f7b5ea07a481e8cfb_\u55e8\u683c\u5f0f\u538b\u7f29\u526f\u672c_\u7ed3\u679c.webp 1920w, https:\/\/baolongtaisteel.com\/wp-content\/uploads\/2025\/04\/5cb18f022aff244f7b5ea07a481e8cfb_\u55e8\u683c\u5f0f\u538b\u7f29\u526f\u672c_\u7ed3\u679c-600x375.webp 600w, https:\/\/baolongtaisteel.com\/wp-content\/uploads\/2025\/04\/5cb18f022aff244f7b5ea07a481e8cfb_\u55e8\u683c\u5f0f\u538b\u7f29\u526f\u672c_\u7ed3\u679c-300x188.webp 300w, https:\/\/baolongtaisteel.com\/wp-content\/uploads\/2025\/04\/5cb18f022aff244f7b5ea07a481e8cfb_\u55e8\u683c\u5f0f\u538b\u7f29\u526f\u672c_\u7ed3\u679c-1024x640.webp 1024w, https:\/\/baolongtaisteel.com\/wp-content\/uploads\/2025\/04\/5cb18f022aff244f7b5ea07a481e8cfb_\u55e8\u683c\u5f0f\u538b\u7f29\u526f\u672c_\u7ed3\u679c-768x480.webp 768w, https:\/\/baolongtaisteel.com\/wp-content\/uploads\/2025\/04\/5cb18f022aff244f7b5ea07a481e8cfb_\u55e8\u683c\u5f0f\u538b\u7f29\u526f\u672c_\u7ed3\u679c-1536x960.webp 1536w\" sizes=\"(max-width: 1920px) 100vw, 1920px\" \/><\/h2>\n<h2><strong>Aplicativo:<\/strong><\/h2>\n<p data-spm-anchor-id=\"a2ty_o01.29997173.0.i18.1a70c921yaavsG\">As bobinas de lat\u00e3o s\u00e3o amplamente utilizadas em diversos setores devido \u00e0 sua excelente combina\u00e7\u00e3o de propriedades, incluindo resist\u00eancia \u00e0 corros\u00e3o, alta resist\u00eancia e facilidade de fabrica\u00e7\u00e3o. Na ind\u00fastria de encanamento, s\u00e3o utilizadas na fabrica\u00e7\u00e3o de tubos, conex\u00f5es e v\u00e1lvulas, garantindo um desempenho sem vazamentos. Na ind\u00fastria eletr\u00f4nica, as bobinas de lat\u00e3o s\u00e3o utilizadas em conectores, terminais e componentes el\u00e9tricos devido \u00e0 sua boa condutividade el\u00e9trica. Na ind\u00fastria de decora\u00e7\u00e3o de edif\u00edcios, s\u00e3o frequentemente utilizadas em itens decorativos, ma\u00e7anetas e corrim\u00e3os, combinando beleza com durabilidade. Na ind\u00fastria mec\u00e2nica, as bobinas de lat\u00e3o s\u00e3o processadas em engrenagens, rolamentos e outras pe\u00e7as de precis\u00e3o, garantindo a opera\u00e7\u00e3o est\u00e1vel dos equipamentos. Al\u00e9m disso, nas \u00e1reas de instrumentos musicais, radiadores automotivos e trocadores de calor, as bobinas de lat\u00e3o s\u00e3o indispens\u00e1veis devido \u00e0s suas propriedades t\u00e9rmicas e ac\u00fasticas superiores.<\/p>","protected":false},"excerpt":{"rendered":"<h4 class=\"elementor-heading-title elementor-size-default\" style=\"text-align: center; padding-bottom: 30px;\">Bobina de lat\u00e3o<\/h4>\n<div>A bobina de lat\u00e3o \u00e9 um produto met\u00e1lico feito de liga de cobre-zinco, conhecido por sua apar\u00eancia dourada, excelente resist\u00eancia \u00e0 corros\u00e3o e boa condutividade t\u00e9rmica\/el\u00e9trica. \u00c9 amplamente utilizada em aplica\u00e7\u00f5es hidr\u00e1ulicas, eletr\u00f4nicas, automotivas e decorativas devido \u00e0 sua durabilidade, maleabilidade e apelo est\u00e9tico. As bobinas de lat\u00e3o est\u00e3o dispon\u00edveis em diversas composi\u00e7\u00f5es, como lat\u00e3o padr\u00e3o ou ligas especiais com elementos adicionados como alum\u00ednio ou estanho, para aprimorar propriedades espec\u00edficas, como resist\u00eancia mec\u00e2nica ou resist\u00eancia mar\u00edtima. Tratamentos de superf\u00edcie podem melhorar ainda mais seu desempenho e apar\u00eancia, tornando-as vers\u00e1teis para usos industriais e art\u00edsticos.<\/div>\n<div>\n<hr class=\"dongte456custom-line\" \/>\n<\/div>\n<div style=\"padding-bottom: 5px;\">Categoria: Bobina de lat\u00e3o<\/div>\n<div>Palavra-chave: Bobina de lat\u00e3o<\/div>\n<div>\n<hr \/>\n<\/div>\n<p><img loading=\"lazy\" decoding=\"async\" class=\"alignnone wp-image-257\" src=\"https:\/\/baolongtaisteel.com\/wp-content\/uploads\/2025\/04\/\u7535\u8bdd\u56fe\u6807.jpg\" alt=\"\" width=\"48\" height=\"50\" \/>\u00a0 Whatsapp:<a href=\"https:\/\/api.whatsapp.com\/send?phone=8613963585512\" target=\"_blank\" rel=\"noopener\">\u00a0+8613963585512 <\/a><\/p>\n<div>\n<hr \/>\n<\/div>\n<p><img loading=\"lazy\" decoding=\"async\" class=\"alignnone wp-image-258\" src=\"https:\/\/baolongtaisteel.com\/wp-content\/uploads\/2025\/04\/\u90ae\u7bb1\u56fe\u6807.jpg\" alt=\"\" width=\"48\" height=\"55\" \/>\u00a0\u00a0E-mail : <a href=\"rachel@sdxhjmetal.com\" target=\"_blank\" rel=\"noopener\">\u00a0rachel@sdxhjmetal.com<\/a><\/p>\n<div>\n<hr \/>\n<\/div>\n<h3><\/h3>\n<div class=\"productaddbutton-container\">\n<div class=\"productaddbutton-wrapper\"><a class=\"productaddbutton\" href=\"https:\/\/baolongtaisteel.com\/index.php\/product\/\">Lista de produtos<\/a><\/div>\n<div class=\"productaddbutton-wrapper\"><a class=\"productaddbutton\" href=\"#formSectiondongte\">Contate-nos<\/a><\/div>\n<\/div>\n<div><\/div>","protected":false},"featured_media":525,"comment_status":"open","ping_status":"closed","template":"","meta":[],"product_brand":[],"product_cat":[20],"product_tag":[],"class_list":{"0":"post-98","1":"product","2":"type-product","3":"status-publish","4":"has-post-thumbnail","6":"product_cat-copper","8":"first","9":"instock","10":"shipping-taxable","11":"product-type-simple"},"_links":{"self":[{"href":"https:\/\/baolongtaisteel.com\/pt\/wp-json\/wp\/v2\/product\/98","targetHints":{"allow":["GET"]}}],"collection":[{"href":"https:\/\/baolongtaisteel.com\/pt\/wp-json\/wp\/v2\/product"}],"about":[{"href":"https:\/\/baolongtaisteel.com\/pt\/wp-json\/wp\/v2\/types\/product"}],"replies":[{"embeddable":true,"href":"https:\/\/baolongtaisteel.com\/pt\/wp-json\/wp\/v2\/comments?post=98"}],"wp:featuredmedia":[{"embeddable":true,"href":"https:\/\/baolongtaisteel.com\/pt\/wp-json\/wp\/v2\/media\/525"}],"wp:attachment":[{"href":"https:\/\/baolongtaisteel.com\/pt\/wp-json\/wp\/v2\/media?parent=98"}],"wp:term":[{"taxonomy":"product_brand","embeddable":true,"href":"https:\/\/baolongtaisteel.com\/pt\/wp-json\/wp\/v2\/product_brand?post=98"},{"taxonomy":"product_cat","embeddable":true,"href":"https:\/\/baolongtaisteel.com\/pt\/wp-json\/wp\/v2\/product_cat?post=98"},{"taxonomy":"product_tag","embeddable":true,"href":"https:\/\/baolongtaisteel.com\/pt\/wp-json\/wp\/v2\/product_tag?post=98"}],"curies":[{"name":"wp","href":"https:\/\/api.w.org\/{rel}","templated":true}]}}